{"id":1090,"date":"2017-04-13T11:20:12","date_gmt":"2017-04-13T11:20:12","guid":{"rendered":"https:\/\/wisperbikes.com\/de\/?page_id=1090"},"modified":"2024-04-12T11:57:40","modified_gmt":"2024-04-12T11:57:40","slug":"interest-free-ebike-finance","status":"publish","type":"page","link":"https:\/\/wisperbikes.com\/de\/interest-free-ebike-finance\/","title":{"rendered":"Interest Free Electric Bike Finance"},"content":{"rendered":"\t\t<div data-elementor-type=\"wp-page\" data-elementor-id=\"1090\" class=\"elementor elementor-1090\" data-elementor-post-type=\"page\">\n\t\t\t\t\t\t\t\t\t<section class=\"elementor-section elementor-top-section elementor-element elementor-element-9caf7f4 elementor-section-full_width elementor-section-stretched elementor-section-height-default elementor-section-height-default\" data-id=\"9caf7f4\" data-element_type=\"section\" data-settings=\"{&quot;stretch_section&quot;:&quot;section-stretched&quot;}\">\n\t\t\t\t\t\t<div class=\"elementor-container elementor-column-gap-default\">\n\t\t\t\t\t<div class=\"elementor-column elementor-col-100 elementor-top-column elementor-element elementor-element-0ee1011\" data-id=\"0ee1011\" data-element_type=\"column\">\n\t\t\t<div class=\"elementor-widget-wrap elementor-element-populated\">\n\t\t\t\t\t\t\t\t<section class=\"elementor-section elementor-inner-section elementor-element elementor-element-7da603b elementor-section-boxed elementor-section-height-default elementor-section-height-default\" data-id=\"7da603b\" data-element_type=\"section\">\n\t\t\t\t\t\t<div class=\"elementor-container elementor-column-gap-default\">\n\t\t\t\t\t<div class=\"elementor-column elementor-col-100 elementor-inner-column elementor-element elementor-element-6b0f232\" data-id=\"6b0f232\" data-element_type=\"column\">\n\t\t\t<div class=\"elementor-widget-wrap elementor-element-populated\">\n\t\t\t\t\t\t\t\t<div class=\"elementor-element elementor-element-da7fc8a elementor-widget elementor-widget-image\" data-id=\"da7fc8a\" data-element_type=\"widget\" data-widget_type=\"image.default\">\n\t\t\t\t<div class=\"elementor-widget-container\">\n\t\t\t\t\t\t\t\t\t\t\t\t\t\t\t<img decoding=\"async\" width=\"300\" height=\"127\" src=\"https:\/\/wisperbikes.com\/de\/wp-content\/uploads\/2022\/09\/v12logo.svg\" class=\"attachment-full size-full wp-image-37016\" alt=\"v12 Electric Bike Finance\" loading=\"lazy\" \/>\t\t\t\t\t\t\t\t\t\t\t\t\t\t\t<\/div>\n\t\t\t\t<\/div>\n\t\t\t\t<div class=\"elementor-element elementor-element-24661d6 elementor-widget elementor-widget-heading\" data-id=\"24661d6\" data-element_type=\"widget\" data-widget_type=\"heading.default\">\n\t\t\t\t<div class=\"elementor-widget-container\">\n\t\t\t<h1 class=\"elementor-heading-title elementor-size-large\">Zinsfreie Finanzierung f\u00fcr E-Bikes ist f\u00fcr alle Wisper E-Bikes verf\u00fcgbar<\/h1>\t\t<\/div>\n\t\t\t\t<\/div>\n\t\t\t\t<div class=\"elementor-element elementor-element-c8ca37b elementor-widget elementor-widget-text-editor\" data-id=\"c8ca37b\" data-element_type=\"widget\" data-widget_type=\"text-editor.default\">\n\t\t\t\t<div class=\"elementor-widget-container\">\n\t\t\t\t\t\t\t<p>Verteilen Sie die Kosten f\u00fcr Ihr Wisper-Fahrrad auf zw\u00f6lf Monate mit der zinsfreien E-Bike-Finanzierung von V12<\/p><p>Durch V12 Finance bieten wir eine einfache und unkomplizierte M\u00f6glichkeit, die Kosten f\u00fcr Ihr Wisper-Fahrrad auf bis zu zw\u00f6lf Monate* zu verteilen. Sie entscheiden, welche Anzahlung Sie leisten m\u00f6chten &#8211; mindestens 25% sind erforderlich &#8211; und w\u00e4hlen dann aus, ob Sie den Restbetrag \u00fcber sechs, zehn oder zw\u00f6lf Monate zahlen m\u00f6chten. So haben Sie die vollst\u00e4ndige Kontrolle \u00fcber Ihre Zahlungen.<\/p><p>Sobald Sie Ihr Wisper-Fahrrad ausgew\u00e4hlt haben, f\u00fcllen Sie die V12 Retail Finance Zahlungsoption an unserer Kasse aus, um sich zu bewerben. F\u00fcllen Sie das Formular selbst aus oder bitten Sie Ihren \u00f6rtlichen Wisper-H\u00e4ndler um Unterst\u00fctzung. Vergessen Sie bitte nicht, den Namen Ihres ausgew\u00e4hlten Wisper-H\u00e4ndlers in das Feld &#8222;Notizen&#8220; einzutragen. Wenn Sie keinen bevorzugten H\u00e4ndler haben, werden wir einen H\u00e4ndler finden, der so nah wie m\u00f6glich an Ihrem Wohnort ist. Nachdem Sie die Bewerbung ausgef\u00fcllt haben, erhalten Sie innerhalb weniger Minuten eine Best\u00e4tigung und Ihr Fahrrad wird innerhalb von f\u00fcnf Werktagen bei Ihrem Wisper-H\u00e4ndler sein. Sie bereiten Ihr Fahrrad vor und vereinbaren mit Ihnen die Lieferung oder Abholung.<\/p><p>Wir betreiben ein &#8222;Click and Collect&#8220; -Schema f\u00fcr alle K\u00e4ufe. Wenn Sie eine Bestellung aufgeben, werden wir den besten \u00f6rtlichen H\u00e4ndler arrangieren, um sich um Sie und Ihr neues Fahrrad zu k\u00fcmmern.<\/p><p>*Bis zu 12 Monate 0% APR zinsfreie E-Bike-Finanzierung verf\u00fcgbar mit einer Mindestanzahlung von 25%, vorbehaltlich Status, es gelten Bedingungen und Konditionen.<\/p>\t\t\t\t\t\t<\/div>\n\t\t\t\t<\/div>\n\t\t\t\t<div class=\"elementor-element elementor-element-315a318 elementor-widget elementor-widget-spacer\" data-id=\"315a318\" data-element_type=\"widget\" data-widget_type=\"spacer.default\">\n\t\t\t\t<div class=\"elementor-widget-container\">\n\t\t\t\t\t<div class=\"elementor-spacer\">\n\t\t\t<div class=\"elementor-spacer-inner\"><\/div>\n\t\t<\/div>\n\t\t\t\t<\/div>\n\t\t\t\t<\/div>\n\t\t\t\t<div class=\"elementor-element elementor-element-3d3c0bc elementor-widget elementor-widget-heading\" data-id=\"3d3c0bc\" data-element_type=\"widget\" data-widget_type=\"heading.default\">\n\t\t\t\t<div class=\"elementor-widget-container\">\n\t\t\t<h3 class=\"elementor-heading-title elementor-size-large\">W\u00e4hlen Sie einfach Ihr neues Wisper E-Bike aus und beantragen Sie die Finanzierung an der Kasse.<\/h3>\t\t<\/div>\n\t\t\t\t<\/div>\n\t\t\t\t\t<\/div>\n\t\t<\/div>\n\t\t\t\t\t\t\t<\/div>\n\t\t<\/section>\n\t\t\t\t<section class=\"elementor-section elementor-inner-section elementor-element elementor-element-01b34c0 elementor-section-boxed elementor-section-height-default elementor-section-height-default\" data-id=\"01b34c0\" data-element_type=\"section\">\n\t\t\t\t\t\t<div class=\"elementor-container elementor-column-gap-default\">\n\t\t\t\t\t<div class=\"elementor-column elementor-col-20 elementor-inner-column elementor-element elementor-element-8769ca1\" data-id=\"8769ca1\" data-element_type=\"column\">\n\t\t\t<div class=\"elementor-widget-wrap elementor-element-populated\">\n\t\t\t\t\t\t\t\t<div class=\"elementor-element elementor-element-a05000d elementor-widget elementor-widget-image\" data-id=\"a05000d\" data-element_type=\"widget\" data-widget_type=\"image.default\">\n\t\t\t\t<div class=\"elementor-widget-container\">\n\t\t\t\t\t\t\t\t\t\t\t\t\t\t\t<img decoding=\"async\" width=\"300\" height=\"300\" src=\"https:\/\/wisperbikes.com\/de\/wp-content\/uploads\/2022\/09\/600x600_Blue_806-1-300x300-1.jpg\" class=\"attachment-large size-large wp-image-35352\" alt=\"Blue Wisper Folding eBike\" loading=\"lazy\" srcset=\"https:\/\/wisperbikes.com\/de\/wp-content\/uploads\/2022\/09\/600x600_Blue_806-1-300x300-1.jpg 300w, https:\/\/wisperbikes.com\/de\/wp-content\/uploads\/2022\/09\/600x600_Blue_806-1-300x300-1-200x200.jpg 200w\" sizes=\"(max-width: 300px) 100vw, 300px\" \/>\t\t\t\t\t\t\t\t\t\t\t\t\t\t\t<\/div>\n\t\t\t\t<\/div>\n\t\t\t\t<div class=\"elementor-element elementor-element-2053516 elementor-widget elementor-widget-text-editor\" data-id=\"2053516\" data-element_type=\"widget\" data-widget_type=\"text-editor.default\">\n\t\t\t\t<div class=\"elementor-widget-container\">\n\t\t\t\t\t\t\t<strong><a href=\"https:\/\/wisperbikes.com\/de\/shop\/e-bikes\/folding-ebikes\/wisper-806-folding-electric-bike-2020\/\">Folding Electric Bikes<\/a><\/strong>\t\t\t\t\t\t<\/div>\n\t\t\t\t<\/div>\n\t\t\t\t\t<\/div>\n\t\t<\/div>\n\t\t\t\t<div class=\"elementor-column elementor-col-20 elementor-inner-column elementor-element elementor-element-2fcdb2f\" data-id=\"2fcdb2f\" data-element_type=\"column\">\n\t\t\t<div class=\"elementor-widget-wrap elementor-element-populated\">\n\t\t\t\t\t\t\t\t<div class=\"elementor-element elementor-element-4136466 elementor-widget elementor-widget-image\" data-id=\"4136466\" data-element_type=\"widget\" data-widget_type=\"image.default\">\n\t\t\t\t<div class=\"elementor-widget-container\">\n\t\t\t\t\t\t\t\t\t\t\t\t\t\t\t<img decoding=\"async\" width=\"300\" height=\"300\" src=\"https:\/\/wisperbikes.com\/de\/wp-content\/uploads\/2022\/09\/2020_705-24-Red-1-300x300-1.jpg\" class=\"attachment-large size-large wp-image-35354\" alt=\"Red Wisper E-bike\" loading=\"lazy\" srcset=\"https:\/\/wisperbikes.com\/de\/wp-content\/uploads\/2022\/09\/2020_705-24-Red-1-300x300-1.jpg 300w, https:\/\/wisperbikes.com\/de\/wp-content\/uploads\/2022\/09\/2020_705-24-Red-1-300x300-1-200x200.jpg 200w\" sizes=\"(max-width: 300px) 100vw, 300px\" \/>\t\t\t\t\t\t\t\t\t\t\t\t\t\t\t<\/div>\n\t\t\t\t<\/div>\n\t\t\t\t<div class=\"elementor-element elementor-element-21ec787 elementor-widget elementor-widget-text-editor\" data-id=\"21ec787\" data-element_type=\"widget\" data-widget_type=\"text-editor.default\">\n\t\t\t\t<div class=\"elementor-widget-container\">\n\t\t\t\t\t\t\t<p><strong><a href=\"https:\/\/wisperbikes.com\/de\/shop\/e-bikes\/step-through-ebikes\/wisper-705-24-step-through-electric-bike\/\">Low-Step Electric Bikes<\/a><\/strong><\/p>\t\t\t\t\t\t<\/div>\n\t\t\t\t<\/div>\n\t\t\t\t\t<\/div>\n\t\t<\/div>\n\t\t\t\t<div class=\"elementor-column elementor-col-20 elementor-inner-column elementor-element elementor-element-d674351\" data-id=\"d674351\" data-element_type=\"column\">\n\t\t\t<div class=\"elementor-widget-wrap elementor-element-populated\">\n\t\t\t\t\t\t\t\t<div class=\"elementor-element elementor-element-ee8fb6e elementor-widget elementor-widget-image\" data-id=\"ee8fb6e\" data-element_type=\"widget\" data-widget_type=\"image.default\">\n\t\t\t\t<div class=\"elementor-widget-container\">\n\t\t\t\t\t\t\t\t\t\t\t\t\t\t\t<img decoding=\"async\" width=\"300\" height=\"300\" src=\"https:\/\/wisperbikes.com\/de\/wp-content\/uploads\/2022\/09\/705_2019_blue_600x600-600x600-1-300x300-1.jpg\" class=\"attachment-large size-large wp-image-35355\" alt=\"Blue Wisper Ebike\" loading=\"lazy\" srcset=\"https:\/\/wisperbikes.com\/de\/wp-content\/uploads\/2022\/09\/705_2019_blue_600x600-600x600-1-300x300-1.jpg 300w, https:\/\/wisperbikes.com\/de\/wp-content\/uploads\/2022\/09\/705_2019_blue_600x600-600x600-1-300x300-1-200x200.jpg 200w\" sizes=\"(max-width: 300px) 100vw, 300px\" \/>\t\t\t\t\t\t\t\t\t\t\t\t\t\t\t<\/div>\n\t\t\t\t<\/div>\n\t\t\t\t<div class=\"elementor-element elementor-element-444dcd7 elementor-widget elementor-widget-text-editor\" data-id=\"444dcd7\" data-element_type=\"widget\" data-widget_type=\"text-editor.default\">\n\t\t\t\t<div class=\"elementor-widget-container\">\n\t\t\t\t\t\t\t<p><strong><a href=\"https:\/\/wisperbikes.com\/de\/product-category\/e-bikes\/step-through-ebikes\/\">Step-Through eBikes<\/a><\/strong><\/p>\t\t\t\t\t\t<\/div>\n\t\t\t\t<\/div>\n\t\t\t\t\t<\/div>\n\t\t<\/div>\n\t\t\t\t<div class=\"elementor-column elementor-col-20 elementor-inner-column elementor-element elementor-element-762117d\" data-id=\"762117d\" data-element_type=\"column\">\n\t\t\t<div class=\"elementor-widget-wrap elementor-element-populated\">\n\t\t\t\t\t\t\t\t<div class=\"elementor-element elementor-element-2f77d18 elementor-widget elementor-widget-image\" data-id=\"2f77d18\" data-element_type=\"widget\" data-widget_type=\"image.default\">\n\t\t\t\t<div class=\"elementor-widget-container\">\n\t\t\t\t\t\t\t\t\t\t\t\t\t\t\t<img decoding=\"async\" width=\"300\" height=\"300\" src=\"https:\/\/wisperbikes.com\/de\/wp-content\/uploads\/2022\/09\/600x600_905_Black_2019-300x300-1.jpg\" class=\"attachment-large size-large wp-image-35356\" alt=\"905 Black Wisper eBike\" loading=\"lazy\" srcset=\"https:\/\/wisperbikes.com\/de\/wp-content\/uploads\/2022\/09\/600x600_905_Black_2019-300x300-1.jpg 300w, https:\/\/wisperbikes.com\/de\/wp-content\/uploads\/2022\/09\/600x600_905_Black_2019-300x300-1-200x200.jpg 200w\" sizes=\"(max-width: 300px) 100vw, 300px\" \/>\t\t\t\t\t\t\t\t\t\t\t\t\t\t\t<\/div>\n\t\t\t\t<\/div>\n\t\t\t\t<div class=\"elementor-element elementor-element-f5f2625 elementor-widget elementor-widget-text-editor\" data-id=\"f5f2625\" data-element_type=\"widget\" data-widget_type=\"text-editor.default\">\n\t\t\t\t<div class=\"elementor-widget-container\">\n\t\t\t\t\t\t\t<p><strong><a href=\"https:\/\/wisperbikes.com\/de\/product-category\/e-bikes\/crossbar-ebikes\/\">Touring Electric Bikes<\/a><\/strong><\/p>\t\t\t\t\t\t<\/div>\n\t\t\t\t<\/div>\n\t\t\t\t\t<\/div>\n\t\t<\/div>\n\t\t\t\t<div class=\"elementor-column elementor-col-20 elementor-inner-column elementor-element elementor-element-e5b9dfd\" data-id=\"e5b9dfd\" data-element_type=\"column\">\n\t\t\t<div class=\"elementor-widget-wrap elementor-element-populated\">\n\t\t\t\t\t\t\t\t<div class=\"elementor-element elementor-element-1bbe755 elementor-widget elementor-widget-image\" data-id=\"1bbe755\" data-element_type=\"widget\" data-widget_type=\"image.default\">\n\t\t\t\t<div class=\"elementor-widget-container\">\n\t\t\t\t\t\t\t\t\t\t\t\t\t\t\t<img decoding=\"async\" width=\"300\" height=\"300\" src=\"https:\/\/wisperbikes.com\/de\/wp-content\/uploads\/2022\/09\/MHcb-300x300-1.jpg\" class=\"attachment-large size-large wp-image-35357\" alt=\"Wisper Ebike\" loading=\"lazy\" srcset=\"https:\/\/wisperbikes.com\/de\/wp-content\/uploads\/2022\/09\/MHcb-300x300-1.jpg 300w, https:\/\/wisperbikes.com\/de\/wp-content\/uploads\/2022\/09\/MHcb-300x300-1-200x200.jpg 200w\" sizes=\"(max-width: 300px) 100vw, 300px\" \/>\t\t\t\t\t\t\t\t\t\t\t\t\t\t\t<\/div>\n\t\t\t\t<\/div>\n\t\t\t\t<div class=\"elementor-element elementor-element-3c3d377 elementor-widget elementor-widget-text-editor\" data-id=\"3c3d377\" data-element_type=\"widget\" data-widget_type=\"text-editor.default\">\n\t\t\t\t<div class=\"elementor-widget-container\">\n\t\t\t\t\t\t\t<p><strong><a href=\"https:\/\/wisperbikes.com\/de\/product-category\/e-bikes\/wayfarer\/\">Adventure &amp; E-Mountain Bikess<\/a><\/strong><\/p>\t\t\t\t\t\t<\/div>\n\t\t\t\t<\/div>\n\t\t\t\t\t<\/div>\n\t\t<\/div>\n\t\t\t\t\t\t\t<\/div>\n\t\t<\/section>\n\t\t\t\t\t<\/div>\n\t\t<\/div>\n\t\t\t\t\t\t\t<\/div>\n\t\t<\/section>\n\t\t\t\t\t\t\t<\/div>\n\t\t","protected":false},"excerpt":{"rendered":"<p>Zinsfreie Finanzierung f\u00fcr E-Bikes ist f\u00fcr alle Wisper E-Bikes verf\u00fcgbar Verteilen Sie die Kosten f\u00fcr Ihr Wisper-Fahrrad auf zw\u00f6lf Monate mit der zinsfreien E-Bike-Finanzierung von V12 Durch V12 Finance bieten wir eine einfache und unkomplizierte M\u00f6glichkeit, die Kosten f\u00fcr Ihr Wisper-Fahrrad auf bis zu zw\u00f6lf Monate* zu verteilen. Sie entscheiden, welche Anzahlung Sie leisten m\u00f6chten&hellip;<\/p>\n","protected":false},"author":279,"featured_media":650,"parent":0,"menu_order":0,"comment_status":"closed","ping_status":"closed","template":"","meta":[],"acf":[],"yoast_head":"<!-- This site is optimized with the Yoast SEO plugin v20.11 - https:\/\/yoast.com\/wordpress\/plugins\/seo\/ -->\n<title>Interessenfreies Elektrofahrradfinanzierung Wisper Elektrofahrr\u00e4der<\/title>\n<meta name=\"description\" content=\"Verbreiten Sie die Kosten f\u00fcr den Kauf Ihres Wisper -Ebikes \u00fcber zw\u00f6lf Monate mit zinslosen kostenlosen Elektrofahrradfinanzierung.\" \/>\n<meta name=\"robots\" content=\"index, follow, max-snippet:-1, max-image-preview:large, max-video-preview:-1\" \/>\n<link rel=\"canonical\" href=\"https:\/\/wisperbikes.com\/de\/interest-free-ebike-finance\/\" \/>\n<meta property=\"og:locale\" content=\"de_DE\" \/>\n<meta property=\"og:type\" content=\"article\" \/>\n<meta property=\"og:title\" content=\"Interessenfreies Elektrofahrradfinanzierung Wisper Elektrofahrr\u00e4der\" \/>\n<meta property=\"og:description\" content=\"Verbreiten Sie die Kosten f\u00fcr den Kauf Ihres Wisper -Ebikes \u00fcber zw\u00f6lf Monate mit zinslosen kostenlosen Elektrofahrradfinanzierung.\" \/>\n<meta property=\"og:url\" content=\"https:\/\/wisperbikes.com\/de\/interest-free-ebike-finance\/\" \/>\n<meta property=\"og:site_name\" content=\"Wisper Bikes\" \/>\n<meta property=\"article:publisher\" content=\"https:\/\/www.facebook.com\/Amps.Bike\/\" \/>\n<meta property=\"article:modified_time\" content=\"2024-04-12T11:57:40+00:00\" \/>\n<meta property=\"og:image\" content=\"https:\/\/wisperbikes.com\/de\/wp-content\/uploads\/2017\/04\/v12-finance-logo.jpg\" \/>\n\t<meta property=\"og:image:width\" content=\"224\" \/>\n\t<meta property=\"og:image:height\" content=\"99\" \/>\n\t<meta property=\"og:image:type\" content=\"image\/jpeg\" \/>\n<meta name=\"twitter:card\" content=\"summary_large_image\" \/>\n<meta name=\"twitter:site\" content=\"@wisperebikes\" \/>\n<meta name=\"twitter:label1\" content=\"Gesch\u00e4tzte Lesezeit\" \/>\n\t<meta name=\"twitter:data1\" content=\"3\u00a0Minuten\" \/>\n<script type=\"application\/ld+json\" class=\"yoast-schema-graph\">{\"@context\":\"https:\/\/schema.org\",\"@graph\":[{\"@type\":\"Article\",\"@id\":\"https:\/\/wisperbikes.com\/de\/interest-free-ebike-finance\/#article\",\"isPartOf\":{\"@id\":\"https:\/\/wisperbikes.com\/de\/interest-free-ebike-finance\/\"},\"author\":{\"name\":\"Peter Hesketh\",\"@id\":\"https:\/\/wisperbikes.com\/de\/#\/schema\/person\/18ed50e251a30897a7698a958c050218\"},\"headline\":\"Interest Free Electric Bike Finance\",\"datePublished\":\"2017-04-13T11:20:12+00:00\",\"dateModified\":\"2024-04-12T11:57:40+00:00\",\"mainEntityOfPage\":{\"@id\":\"https:\/\/wisperbikes.com\/de\/interest-free-ebike-finance\/\"},\"wordCount\":311,\"publisher\":{\"@id\":\"https:\/\/wisperbikes.com\/de\/#organization\"},\"inLanguage\":\"de\"},{\"@type\":\"WebPage\",\"@id\":\"https:\/\/wisperbikes.com\/de\/interest-free-ebike-finance\/\",\"url\":\"https:\/\/wisperbikes.com\/de\/interest-free-ebike-finance\/\",\"name\":\"Interessenfreies Elektrofahrradfinanzierung Wisper Elektrofahrr\u00e4der\",\"isPartOf\":{\"@id\":\"https:\/\/wisperbikes.com\/de\/#website\"},\"datePublished\":\"2017-04-13T11:20:12+00:00\",\"dateModified\":\"2024-04-12T11:57:40+00:00\",\"description\":\"Verbreiten Sie die Kosten f\u00fcr den Kauf Ihres Wisper -Ebikes \u00fcber zw\u00f6lf Monate mit zinslosen kostenlosen Elektrofahrradfinanzierung.\",\"breadcrumb\":{\"@id\":\"https:\/\/wisperbikes.com\/de\/interest-free-ebike-finance\/#breadcrumb\"},\"inLanguage\":\"de\",\"potentialAction\":[{\"@type\":\"ReadAction\",\"target\":[\"https:\/\/wisperbikes.com\/de\/interest-free-ebike-finance\/\"]}]},{\"@type\":\"BreadcrumbList\",\"@id\":\"https:\/\/wisperbikes.com\/de\/interest-free-ebike-finance\/#breadcrumb\",\"itemListElement\":[{\"@type\":\"ListItem\",\"position\":1,\"name\":\"Home\",\"item\":\"https:\/\/wisperbikes.com\/de\/\"},{\"@type\":\"ListItem\",\"position\":2,\"name\":\"Interest Free Electric Bike Finance\"}]},{\"@type\":\"WebSite\",\"@id\":\"https:\/\/wisperbikes.com\/de\/#website\",\"url\":\"https:\/\/wisperbikes.com\/de\/\",\"name\":\"Wisper Bikes\",\"description\":\"Electric Bikes\",\"publisher\":{\"@id\":\"https:\/\/wisperbikes.com\/de\/#organization\"},\"potentialAction\":[{\"@type\":\"SearchAction\",\"target\":{\"@type\":\"EntryPoint\",\"urlTemplate\":\"https:\/\/wisperbikes.com\/de\/?s={search_term_string}\"},\"query-input\":\"required name=search_term_string\"}],\"inLanguage\":\"de\"},{\"@type\":\"Organization\",\"@id\":\"https:\/\/wisperbikes.com\/de\/#organization\",\"name\":\"Wisper Electric Bikes\",\"alternateName\":\"Wisper E-Bikes\",\"url\":\"https:\/\/wisperbikes.com\/de\/\",\"logo\":{\"@type\":\"ImageObject\",\"inLanguage\":\"de\",\"@id\":\"https:\/\/wisperbikes.com\/de\/#\/schema\/logo\/image\/\",\"url\":\"https:\/\/wisperbikes.com\/de\/wp-content\/uploads\/2021\/06\/WISPER-Logo.png\",\"contentUrl\":\"https:\/\/wisperbikes.com\/de\/wp-content\/uploads\/2021\/06\/WISPER-Logo.png\",\"width\":250,\"height\":65,\"caption\":\"Wisper Electric Bikes\"},\"image\":{\"@id\":\"https:\/\/wisperbikes.com\/de\/#\/schema\/logo\/image\/\"},\"sameAs\":[\"https:\/\/www.facebook.com\/Amps.Bike\/\",\"https:\/\/twitter.com\/wisperebikes\",\"https:\/\/www.instagram.com\/wisperbikes\/\"]},{\"@type\":\"Person\",\"@id\":\"https:\/\/wisperbikes.com\/de\/#\/schema\/person\/18ed50e251a30897a7698a958c050218\",\"name\":\"Peter Hesketh\",\"image\":{\"@type\":\"ImageObject\",\"inLanguage\":\"de\",\"@id\":\"https:\/\/wisperbikes.com\/de\/#\/schema\/person\/image\/\",\"url\":\"https:\/\/secure.gravatar.com\/avatar\/ba4bddc8109c2f3fcb3d0013b774bc60?s=96&d=mm&r=g\",\"contentUrl\":\"https:\/\/secure.gravatar.com\/avatar\/ba4bddc8109c2f3fcb3d0013b774bc60?s=96&d=mm&r=g\",\"caption\":\"Peter Hesketh\"}}]}<\/script>\n<!-- \/ Yoast SEO plugin. -->","yoast_head_json":{"title":"Interessenfreies Elektrofahrradfinanzierung Wisper Elektrofahrr\u00e4der","description":"Verbreiten Sie die Kosten f\u00fcr den Kauf Ihres Wisper -Ebikes \u00fcber zw\u00f6lf Monate mit zinslosen kostenlosen Elektrofahrradfinanzierung.","robots":{"index":"index","follow":"follow","max-snippet":"max-snippet:-1","max-image-preview":"max-image-preview:large","max-video-preview":"max-video-preview:-1"},"canonical":"https:\/\/wisperbikes.com\/de\/interest-free-ebike-finance\/","og_locale":"de_DE","og_type":"article","og_title":"Interessenfreies Elektrofahrradfinanzierung Wisper Elektrofahrr\u00e4der","og_description":"Verbreiten Sie die Kosten f\u00fcr den Kauf Ihres Wisper -Ebikes \u00fcber zw\u00f6lf Monate mit zinslosen kostenlosen Elektrofahrradfinanzierung.","og_url":"https:\/\/wisperbikes.com\/de\/interest-free-ebike-finance\/","og_site_name":"Wisper Bikes","article_publisher":"https:\/\/www.facebook.com\/Amps.Bike\/","article_modified_time":"2024-04-12T11:57:40+00:00","og_image":[{"width":224,"height":99,"url":"https:\/\/wisperbikes.com\/de\/wp-content\/uploads\/2017\/04\/v12-finance-logo.jpg","type":"image\/jpeg"}],"twitter_card":"summary_large_image","twitter_site":"@wisperebikes","twitter_misc":{"Gesch\u00e4tzte Lesezeit":"3\u00a0Minuten"},"schema":{"@context":"https:\/\/schema.org","@graph":[{"@type":"Article","@id":"https:\/\/wisperbikes.com\/de\/interest-free-ebike-finance\/#article","isPartOf":{"@id":"https:\/\/wisperbikes.com\/de\/interest-free-ebike-finance\/"},"author":{"name":"Peter Hesketh","@id":"https:\/\/wisperbikes.com\/de\/#\/schema\/person\/18ed50e251a30897a7698a958c050218"},"headline":"Interest Free Electric Bike Finance","datePublished":"2017-04-13T11:20:12+00:00","dateModified":"2024-04-12T11:57:40+00:00","mainEntityOfPage":{"@id":"https:\/\/wisperbikes.com\/de\/interest-free-ebike-finance\/"},"wordCount":311,"publisher":{"@id":"https:\/\/wisperbikes.com\/de\/#organization"},"inLanguage":"de"},{"@type":"WebPage","@id":"https:\/\/wisperbikes.com\/de\/interest-free-ebike-finance\/","url":"https:\/\/wisperbikes.com\/de\/interest-free-ebike-finance\/","name":"Interessenfreies Elektrofahrradfinanzierung Wisper Elektrofahrr\u00e4der","isPartOf":{"@id":"https:\/\/wisperbikes.com\/de\/#website"},"datePublished":"2017-04-13T11:20:12+00:00","dateModified":"2024-04-12T11:57:40+00:00","description":"Verbreiten Sie die Kosten f\u00fcr den Kauf Ihres Wisper -Ebikes \u00fcber zw\u00f6lf Monate mit zinslosen kostenlosen Elektrofahrradfinanzierung.","breadcrumb":{"@id":"https:\/\/wisperbikes.com\/de\/interest-free-ebike-finance\/#breadcrumb"},"inLanguage":"de","potentialAction":[{"@type":"ReadAction","target":["https:\/\/wisperbikes.com\/de\/interest-free-ebike-finance\/"]}]},{"@type":"BreadcrumbList","@id":"https:\/\/wisperbikes.com\/de\/interest-free-ebike-finance\/#breadcrumb","itemListElement":[{"@type":"ListItem","position":1,"name":"Home","item":"https:\/\/wisperbikes.com\/de\/"},{"@type":"ListItem","position":2,"name":"Interest Free Electric Bike Finance"}]},{"@type":"WebSite","@id":"https:\/\/wisperbikes.com\/de\/#website","url":"https:\/\/wisperbikes.com\/de\/","name":"Wisper Bikes","description":"Electric Bikes","publisher":{"@id":"https:\/\/wisperbikes.com\/de\/#organization"},"potentialAction":[{"@type":"SearchAction","target":{"@type":"EntryPoint","urlTemplate":"https:\/\/wisperbikes.com\/de\/?s={search_term_string}"},"query-input":"required name=search_term_string"}],"inLanguage":"de"},{"@type":"Organization","@id":"https:\/\/wisperbikes.com\/de\/#organization","name":"Wisper Electric Bikes","alternateName":"Wisper E-Bikes","url":"https:\/\/wisperbikes.com\/de\/","logo":{"@type":"ImageObject","inLanguage":"de","@id":"https:\/\/wisperbikes.com\/de\/#\/schema\/logo\/image\/","url":"https:\/\/wisperbikes.com\/de\/wp-content\/uploads\/2021\/06\/WISPER-Logo.png","contentUrl":"https:\/\/wisperbikes.com\/de\/wp-content\/uploads\/2021\/06\/WISPER-Logo.png","width":250,"height":65,"caption":"Wisper Electric Bikes"},"image":{"@id":"https:\/\/wisperbikes.com\/de\/#\/schema\/logo\/image\/"},"sameAs":["https:\/\/www.facebook.com\/Amps.Bike\/","https:\/\/twitter.com\/wisperebikes","https:\/\/www.instagram.com\/wisperbikes\/"]},{"@type":"Person","@id":"https:\/\/wisperbikes.com\/de\/#\/schema\/person\/18ed50e251a30897a7698a958c050218","name":"Peter Hesketh","image":{"@type":"ImageObject","inLanguage":"de","@id":"https:\/\/wisperbikes.com\/de\/#\/schema\/person\/image\/","url":"https:\/\/secure.gravatar.com\/avatar\/ba4bddc8109c2f3fcb3d0013b774bc60?s=96&d=mm&r=g","contentUrl":"https:\/\/secure.gravatar.com\/avatar\/ba4bddc8109c2f3fcb3d0013b774bc60?s=96&d=mm&r=g","caption":"Peter Hesketh"}}]}},"_links":{"self":[{"href":"https:\/\/wisperbikes.com\/de\/wp-json\/wp\/v2\/pages\/1090"}],"collection":[{"href":"https:\/\/wisperbikes.com\/de\/wp-json\/wp\/v2\/pages"}],"about":[{"href":"https:\/\/wisperbikes.com\/de\/wp-json\/wp\/v2\/types\/page"}],"author":[{"embeddable":true,"href":"https:\/\/wisperbikes.com\/de\/wp-json\/wp\/v2\/users\/279"}],"replies":[{"embeddable":true,"href":"https:\/\/wisperbikes.com\/de\/wp-json\/wp\/v2\/comments?post=1090"}],"version-history":[{"count":11,"href":"https:\/\/wisperbikes.com\/de\/wp-json\/wp\/v2\/pages\/1090\/revisions"}],"predecessor-version":[{"id":41006,"href":"https:\/\/wisperbikes.com\/de\/wp-json\/wp\/v2\/pages\/1090\/revisions\/41006"}],"wp:featuredmedia":[{"embeddable":true,"href":"https:\/\/wisperbikes.com\/de\/wp-json\/wp\/v2\/media\/650"}],"wp:attachment":[{"href":"https:\/\/wisperbikes.com\/de\/wp-json\/wp\/v2\/media?parent=1090"}],"curies":[{"name":"wp","href":"https:\/\/api.w.org\/{rel}","templated":true}]}}