{"id":12,"date":"2017-07-22T09:43:04","date_gmt":"2017-07-22T09:43:04","guid":{"rendered":"https:\/\/dealers.wisperbikes.com\/de\/?page_id=12"},"modified":"2025-04-03T08:48:49","modified_gmt":"2025-04-03T08:48:49","slug":"dealer-products","status":"publish","type":"page","link":"https:\/\/wisperbikes.com\/de\/dealer-products\/","title":{"rendered":"Dealer-Products"},"content":{"rendered":"\t\t<div data-elementor-type=\"wp-page\" data-elementor-id=\"12\" class=\"elementor elementor-12\" data-elementor-post-type=\"page\">\n\t\t\t\t\t\t\t\t\t<section class=\"elementor-section elementor-top-section elementor-element elementor-element-3f974bb elementor-section-full_width elementor-section-stretched elementor-section-height-default elementor-section-height-default\" data-id=\"3f974bb\" data-element_type=\"section\" data-settings=\"{&quot;stretch_section&quot;:&quot;section-stretched&quot;,&quot;background_background&quot;:&quot;classic&quot;}\">\n\t\t\t\t\t\t<div class=\"elementor-container elementor-column-gap-default\">\n\t\t\t\t\t<div class=\"elementor-column elementor-col-100 elementor-top-column elementor-element elementor-element-0b57464\" data-id=\"0b57464\" data-element_type=\"column\">\n\t\t\t<div class=\"elementor-widget-wrap elementor-element-populated\">\n\t\t\t\t\t\t\t\t<div class=\"elementor-element elementor-element-5682c58 elementor-widget elementor-widget-spacer\" data-id=\"5682c58\" data-element_type=\"widget\" data-widget_type=\"spacer.default\">\n\t\t\t\t<div class=\"elementor-widget-container\">\n\t\t\t\t\t<div class=\"elementor-spacer\">\n\t\t\t<div class=\"elementor-spacer-inner\"><\/div>\n\t\t<\/div>\n\t\t\t\t<\/div>\n\t\t\t\t<\/div>\n\t\t\t\t<div class=\"elementor-element elementor-element-caeba17 elementor-widget elementor-widget-heading\" data-id=\"caeba17\" data-element_type=\"widget\" data-widget_type=\"heading.default\">\n\t\t\t\t<div class=\"elementor-widget-container\">\n\t\t\t<h1 class=\"elementor-heading-title elementor-size-large\">Wisper Bikes Products<\/h1>\t\t<\/div>\n\t\t\t\t<\/div>\n\t\t\t\t<div class=\"elementor-element elementor-element-0eca304 elementor-widget elementor-widget-spacer\" data-id=\"0eca304\" data-element_type=\"widget\" data-widget_type=\"spacer.default\">\n\t\t\t\t<div class=\"elementor-widget-container\">\n\t\t\t\t\t<div class=\"elementor-spacer\">\n\t\t\t<div class=\"elementor-spacer-inner\"><\/div>\n\t\t<\/div>\n\t\t\t\t<\/div>\n\t\t\t\t<\/div>\n\t\t\t\t<section class=\"elementor-section elementor-inner-section elementor-element elementor-element-c7c4ffe elementor-section-boxed elementor-section-height-default elementor-section-height-default\" data-id=\"c7c4ffe\" data-element_type=\"section\">\n\t\t\t\t\t\t<div class=\"elementor-container elementor-column-gap-default\">\n\t\t\t\t\t<div class=\"elementor-column elementor-col-25 elementor-inner-column elementor-element elementor-element-75d9ba5\" data-id=\"75d9ba5\" data-element_type=\"column\">\n\t\t\t<div class=\"elementor-widget-wrap elementor-element-populated\">\n\t\t\t\t\t\t\t\t<div class=\"elementor-element elementor-element-5782de4 elementor-widget elementor-widget-text-editor\" data-id=\"5782de4\" data-element_type=\"widget\" data-widget_type=\"text-editor.default\">\n\t\t\t\t<div class=\"elementor-widget-container\">\n\t\t\t\t\t\t\t<p><a href=\"https:\/\/wisperbikes.com\/de\/product-category\/e-bikes\/\"><img decoding=\"async\" loading=\"lazy\" class=\"alignnone\" src=\"\/wp-content\/uploads\/2020\/08\/e-bikes.svg\" alt=\"e bikes\" width=\"290\" height=\"205\" \/><\/a><\/p>\t\t\t\t\t\t<\/div>\n\t\t\t\t<\/div>\n\t\t\t\t\t<\/div>\n\t\t<\/div>\n\t\t\t\t<div class=\"elementor-column elementor-col-25 elementor-inner-column elementor-element elementor-element-afa7a58\" data-id=\"afa7a58\" data-element_type=\"column\">\n\t\t\t<div class=\"elementor-widget-wrap elementor-element-populated\">\n\t\t\t\t\t\t\t\t<div class=\"elementor-element elementor-element-bc5aa2f elementor-widget elementor-widget-text-editor\" data-id=\"bc5aa2f\" data-element_type=\"widget\" data-widget_type=\"text-editor.default\">\n\t\t\t\t<div class=\"elementor-widget-container\">\n\t\t\t\t\t\t\t<p><a href=\"\/product-category\/electronic\/\"><img decoding=\"async\" loading=\"lazy\" class=\"alignnone\" src=\"\/wp-content\/uploads\/2020\/08\/electronic.svg\" alt=\"electronic\" width=\"290\" height=\"205\" \/><\/a><\/p>\t\t\t\t\t\t<\/div>\n\t\t\t\t<\/div>\n\t\t\t\t\t<\/div>\n\t\t<\/div>\n\t\t\t\t<div class=\"elementor-column elementor-col-25 elementor-inner-column elementor-element elementor-element-cb15f7e\" data-id=\"cb15f7e\" data-element_type=\"column\">\n\t\t\t<div class=\"elementor-widget-wrap elementor-element-populated\">\n\t\t\t\t\t\t\t\t<div class=\"elementor-element elementor-element-cd33e56 elementor-widget elementor-widget-text-editor\" data-id=\"cd33e56\" data-element_type=\"widget\" data-widget_type=\"text-editor.default\">\n\t\t\t\t<div class=\"elementor-widget-container\">\n\t\t\t\t\t\t\t<p><a href=\"\/product-category\/batteries\/\"><img decoding=\"async\" loading=\"lazy\" class=\"alignnone\" src=\"\/wp-content\/uploads\/2020\/08\/batteries.svg\" alt=\"e bike batteries\" width=\"290\" height=\"205\" \/><\/a><\/p>\t\t\t\t\t\t<\/div>\n\t\t\t\t<\/div>\n\t\t\t\t\t<\/div>\n\t\t<\/div>\n\t\t\t\t<div class=\"elementor-column elementor-col-25 elementor-inner-column elementor-element elementor-element-fe93274\" data-id=\"fe93274\" data-element_type=\"column\">\n\t\t\t<div class=\"elementor-widget-wrap elementor-element-populated\">\n\t\t\t\t\t\t\t\t<div class=\"elementor-element elementor-element-2b9e82d elementor-widget elementor-widget-text-editor\" data-id=\"2b9e82d\" data-element_type=\"widget\" data-widget_type=\"text-editor.default\">\n\t\t\t\t<div class=\"elementor-widget-container\">\n\t\t\t\t\t\t\t<p><a href=\"\/product-category\/brakes\/\"><img decoding=\"async\" loading=\"lazy\" class=\"alignnone\" src=\"\/wp-content\/uploads\/2020\/08\/brakes.svg\" alt=\"e bike brakes\" width=\"290\" height=\"205\" \/><\/a><\/p>\t\t\t\t\t\t<\/div>\n\t\t\t\t<\/div>\n\t\t\t\t\t<\/div>\n\t\t<\/div>\n\t\t\t\t\t\t\t<\/div>\n\t\t<\/section>\n\t\t\t\t<section class=\"elementor-section elementor-inner-section elementor-element elementor-element-63877a7 elementor-section-boxed elementor-section-height-default elementor-section-height-default\" data-id=\"63877a7\" data-element_type=\"section\">\n\t\t\t\t\t\t<div class=\"elementor-container elementor-column-gap-default\">\n\t\t\t\t\t<div class=\"elementor-column elementor-col-25 elementor-inner-column elementor-element elementor-element-549fa6c\" data-id=\"549fa6c\" data-element_type=\"column\">\n\t\t\t<div class=\"elementor-widget-wrap elementor-element-populated\">\n\t\t\t\t\t\t\t\t<div class=\"elementor-element elementor-element-a9f453d elementor-widget elementor-widget-text-editor\" data-id=\"a9f453d\" data-element_type=\"widget\" data-widget_type=\"text-editor.default\">\n\t\t\t\t<div class=\"elementor-widget-container\">\n\t\t\t\t\t\t\t<p><a href=\"\/product-category\/accessories\/\"><img decoding=\"async\" loading=\"lazy\" class=\"alignnone\" src=\"\/wp-content\/uploads\/2020\/08\/accessories.svg\" alt=\"bike seat\" width=\"290\" height=\"205\" \/><\/a><\/p>\t\t\t\t\t\t<\/div>\n\t\t\t\t<\/div>\n\t\t\t\t\t<\/div>\n\t\t<\/div>\n\t\t\t\t<div class=\"elementor-column elementor-col-25 elementor-inner-column elementor-element elementor-element-8778ab8\" data-id=\"8778ab8\" data-element_type=\"column\">\n\t\t\t<div class=\"elementor-widget-wrap elementor-element-populated\">\n\t\t\t\t\t\t\t\t<div class=\"elementor-element elementor-element-74ab204 elementor-widget elementor-widget-text-editor\" data-id=\"74ab204\" data-element_type=\"widget\" data-widget_type=\"text-editor.default\">\n\t\t\t\t<div class=\"elementor-widget-container\">\n\t\t\t\t\t\t\t<p><a href=\"\/product-category\/frames\/\"><img decoding=\"async\" loading=\"lazy\" class=\"alignnone\" src=\"\/wp-content\/uploads\/2020\/08\/frames.svg\" alt=\"frames\" width=\"290\" height=\"205\" \/><\/a><\/p>\t\t\t\t\t\t<\/div>\n\t\t\t\t<\/div>\n\t\t\t\t\t<\/div>\n\t\t<\/div>\n\t\t\t\t<div class=\"elementor-column elementor-col-25 elementor-inner-column elementor-element elementor-element-5cec6c4\" data-id=\"5cec6c4\" data-element_type=\"column\">\n\t\t\t<div class=\"elementor-widget-wrap elementor-element-populated\">\n\t\t\t\t\t\t\t\t<div class=\"elementor-element elementor-element-ae5e790 elementor-widget elementor-widget-text-editor\" data-id=\"ae5e790\" data-element_type=\"widget\" data-widget_type=\"text-editor.default\">\n\t\t\t\t<div class=\"elementor-widget-container\">\n\t\t\t\t\t\t\t<p><a href=\"\/product-category\/transmission\/\"><img decoding=\"async\" loading=\"lazy\" class=\"alignnone\" src=\"\/wp-content\/uploads\/2020\/08\/transmission.svg\" alt=\"transmission\" width=\"290\" height=\"205\" \/><\/a><\/p>\t\t\t\t\t\t<\/div>\n\t\t\t\t<\/div>\n\t\t\t\t\t<\/div>\n\t\t<\/div>\n\t\t\t\t<div class=\"elementor-column elementor-col-25 elementor-inner-column elementor-element elementor-element-bd55736\" data-id=\"bd55736\" data-element_type=\"column\">\n\t\t\t<div class=\"elementor-widget-wrap elementor-element-populated\">\n\t\t\t\t\t\t\t\t<div class=\"elementor-element elementor-element-2d87f5c elementor-widget elementor-widget-text-editor\" data-id=\"2d87f5c\" data-element_type=\"widget\" data-widget_type=\"text-editor.default\">\n\t\t\t\t<div class=\"elementor-widget-container\">\n\t\t\t\t\t\t\t<p><a href=\"\/product-category\/accessories\/bike-steering\/\"><img decoding=\"async\" loading=\"lazy\" class=\"alignnone\" src=\"\/wp-content\/uploads\/2020\/08\/steering.svg\" alt=\"steering\" width=\"290\" height=\"205\" \/><\/a><\/p>\t\t\t\t\t\t<\/div>\n\t\t\t\t<\/div>\n\t\t\t\t\t<\/div>\n\t\t<\/div>\n\t\t\t\t\t\t\t<\/div>\n\t\t<\/section>\n\t\t\t\t<div class=\"elementor-element elementor-element-5037f59 elementor-widget elementor-widget-spacer\" data-id=\"5037f59\" data-element_type=\"widget\" data-widget_type=\"spacer.default\">\n\t\t\t\t<div class=\"elementor-widget-container\">\n\t\t\t\t\t<div class=\"elementor-spacer\">\n\t\t\t<div class=\"elementor-spacer-inner\"><\/div>\n\t\t<\/div>\n\t\t\t\t<\/div>\n\t\t\t\t<\/div>\n\t\t\t\t\t<\/div>\n\t\t<\/div>\n\t\t\t\t\t\t\t<\/div>\n\t\t<\/section>\n\t\t\t\t\t\t\t<\/div>\n\t\t","protected":false},"excerpt":{"rendered":"<p>Wisper Bikes Products<\/p>\n","protected":false},"author":633,"featured_media":0,"parent":0,"menu_order":0,"comment_status":"closed","ping_status":"closed","template":"","meta":[],"acf":[],"yoast_head":"<!-- This site is optimized with the Yoast SEO plugin v20.11 - https:\/\/yoast.com\/wordpress\/plugins\/seo\/ -->\n<title>H\u00e4ndlerprodukte - Wisper Fahrr\u00e4der<\/title>\n<meta name=\"description\" content=\"Wir bieten Sonderpreise f\u00fcr unsere H\u00e4ndler an. Erfahren Sie jetzt, wie Sie H\u00e4ndler werden k\u00f6nnen!\" \/>\n<meta name=\"robots\" content=\"index, follow, max-snippet:-1, max-image-preview:large, max-video-preview:-1\" \/>\n<link rel=\"canonical\" href=\"https:\/\/wisperbikes.com\/de\/dealer-products\/\" \/>\n<meta property=\"og:locale\" content=\"de_DE\" \/>\n<meta property=\"og:type\" content=\"article\" \/>\n<meta property=\"og:title\" content=\"H\u00e4ndlerprodukte - Wisper Fahrr\u00e4der\" \/>\n<meta property=\"og:description\" content=\"Wir bieten Sonderpreise f\u00fcr unsere H\u00e4ndler an. Erfahren Sie jetzt, wie Sie H\u00e4ndler werden k\u00f6nnen!\" \/>\n<meta property=\"og:url\" content=\"https:\/\/wisperbikes.com\/de\/dealer-products\/\" \/>\n<meta property=\"og:site_name\" content=\"Wisper Bikes\" \/>\n<meta property=\"article:publisher\" content=\"https:\/\/www.facebook.com\/Amps.Bike\/\" \/>\n<meta property=\"article:modified_time\" content=\"2025-04-03T08:48:49+00:00\" \/>\n<meta name=\"twitter:card\" content=\"summary_large_image\" \/>\n<meta name=\"twitter:site\" content=\"@wisperebikes\" \/>\n<meta name=\"twitter:label1\" content=\"Gesch\u00e4tzte Lesezeit\" \/>\n\t<meta name=\"twitter:data1\" content=\"2\u00a0Minuten\" \/>\n<script type=\"application\/ld+json\" class=\"yoast-schema-graph\">{\"@context\":\"https:\/\/schema.org\",\"@graph\":[{\"@type\":\"Article\",\"@id\":\"https:\/\/wisperbikes.com\/de\/dealer-products\/#article\",\"isPartOf\":{\"@id\":\"https:\/\/wisperbikes.com\/de\/dealer-products\/\"},\"author\":{\"name\":\"Joy\",\"@id\":\"https:\/\/wisperbikes.com\/de\/#\/schema\/person\/871a5ffd761ff37c08afd6ad71a4f5bf\"},\"headline\":\"Dealer-Products\",\"datePublished\":\"2017-07-22T09:43:04+00:00\",\"dateModified\":\"2025-04-03T08:48:49+00:00\",\"mainEntityOfPage\":{\"@id\":\"https:\/\/wisperbikes.com\/de\/dealer-products\/\"},\"wordCount\":4,\"publisher\":{\"@id\":\"https:\/\/wisperbikes.com\/de\/#organization\"},\"inLanguage\":\"de\"},{\"@type\":\"WebPage\",\"@id\":\"https:\/\/wisperbikes.com\/de\/dealer-products\/\",\"url\":\"https:\/\/wisperbikes.com\/de\/dealer-products\/\",\"name\":\"H\u00e4ndlerprodukte - Wisper Fahrr\u00e4der\",\"isPartOf\":{\"@id\":\"https:\/\/wisperbikes.com\/de\/#website\"},\"datePublished\":\"2017-07-22T09:43:04+00:00\",\"dateModified\":\"2025-04-03T08:48:49+00:00\",\"description\":\"Wir bieten Sonderpreise f\u00fcr unsere H\u00e4ndler an. Erfahren Sie jetzt, wie Sie H\u00e4ndler werden k\u00f6nnen!\",\"breadcrumb\":{\"@id\":\"https:\/\/wisperbikes.com\/de\/dealer-products\/#breadcrumb\"},\"inLanguage\":\"de\",\"potentialAction\":[{\"@type\":\"ReadAction\",\"target\":[\"https:\/\/wisperbikes.com\/de\/dealer-products\/\"]}]},{\"@type\":\"BreadcrumbList\",\"@id\":\"https:\/\/wisperbikes.com\/de\/dealer-products\/#breadcrumb\",\"itemListElement\":[{\"@type\":\"ListItem\",\"position\":1,\"name\":\"Home\",\"item\":\"https:\/\/wisperbikes.com\/de\/\"},{\"@type\":\"ListItem\",\"position\":2,\"name\":\"Dealer-Products\"}]},{\"@type\":\"WebSite\",\"@id\":\"https:\/\/wisperbikes.com\/de\/#website\",\"url\":\"https:\/\/wisperbikes.com\/de\/\",\"name\":\"Wisper Bikes\",\"description\":\"Electric Bikes\",\"publisher\":{\"@id\":\"https:\/\/wisperbikes.com\/de\/#organization\"},\"potentialAction\":[{\"@type\":\"SearchAction\",\"target\":{\"@type\":\"EntryPoint\",\"urlTemplate\":\"https:\/\/wisperbikes.com\/de\/?s={search_term_string}\"},\"query-input\":\"required name=search_term_string\"}],\"inLanguage\":\"de\"},{\"@type\":\"Organization\",\"@id\":\"https:\/\/wisperbikes.com\/de\/#organization\",\"name\":\"Wisper Electric Bikes\",\"alternateName\":\"Wisper E-Bikes\",\"url\":\"https:\/\/wisperbikes.com\/de\/\",\"logo\":{\"@type\":\"ImageObject\",\"inLanguage\":\"de\",\"@id\":\"https:\/\/wisperbikes.com\/de\/#\/schema\/logo\/image\/\",\"url\":\"https:\/\/wisperbikes.com\/de\/wp-content\/uploads\/2021\/06\/WISPER-Logo.png\",\"contentUrl\":\"https:\/\/wisperbikes.com\/de\/wp-content\/uploads\/2021\/06\/WISPER-Logo.png\",\"width\":250,\"height\":65,\"caption\":\"Wisper Electric Bikes\"},\"image\":{\"@id\":\"https:\/\/wisperbikes.com\/de\/#\/schema\/logo\/image\/\"},\"sameAs\":[\"https:\/\/www.facebook.com\/Amps.Bike\/\",\"https:\/\/twitter.com\/wisperebikes\",\"https:\/\/www.instagram.com\/wisperbikes\/\"]},{\"@type\":\"Person\",\"@id\":\"https:\/\/wisperbikes.com\/de\/#\/schema\/person\/871a5ffd761ff37c08afd6ad71a4f5bf\",\"name\":\"Joy\",\"image\":{\"@type\":\"ImageObject\",\"inLanguage\":\"de\",\"@id\":\"https:\/\/wisperbikes.com\/de\/#\/schema\/person\/image\/\",\"url\":\"https:\/\/secure.gravatar.com\/avatar\/b51849fdd55c9f18997c28d8f7bacad2?s=96&d=mm&r=g\",\"contentUrl\":\"https:\/\/secure.gravatar.com\/avatar\/b51849fdd55c9f18997c28d8f7bacad2?s=96&d=mm&r=g\",\"caption\":\"Joy\"},\"sameAs\":[\"http:\/\/chorleydigital.com\"]}]}<\/script>\n<!-- \/ Yoast SEO plugin. -->","yoast_head_json":{"title":"H\u00e4ndlerprodukte - Wisper Fahrr\u00e4der","description":"Wir bieten Sonderpreise f\u00fcr unsere H\u00e4ndler an. Erfahren Sie jetzt, wie Sie H\u00e4ndler werden k\u00f6nnen!","robots":{"index":"index","follow":"follow","max-snippet":"max-snippet:-1","max-image-preview":"max-image-preview:large","max-video-preview":"max-video-preview:-1"},"canonical":"https:\/\/wisperbikes.com\/de\/dealer-products\/","og_locale":"de_DE","og_type":"article","og_title":"H\u00e4ndlerprodukte - Wisper Fahrr\u00e4der","og_description":"Wir bieten Sonderpreise f\u00fcr unsere H\u00e4ndler an. Erfahren Sie jetzt, wie Sie H\u00e4ndler werden k\u00f6nnen!","og_url":"https:\/\/wisperbikes.com\/de\/dealer-products\/","og_site_name":"Wisper Bikes","article_publisher":"https:\/\/www.facebook.com\/Amps.Bike\/","article_modified_time":"2025-04-03T08:48:49+00:00","twitter_card":"summary_large_image","twitter_site":"@wisperebikes","twitter_misc":{"Gesch\u00e4tzte Lesezeit":"2\u00a0Minuten"},"schema":{"@context":"https:\/\/schema.org","@graph":[{"@type":"Article","@id":"https:\/\/wisperbikes.com\/de\/dealer-products\/#article","isPartOf":{"@id":"https:\/\/wisperbikes.com\/de\/dealer-products\/"},"author":{"name":"Joy","@id":"https:\/\/wisperbikes.com\/de\/#\/schema\/person\/871a5ffd761ff37c08afd6ad71a4f5bf"},"headline":"Dealer-Products","datePublished":"2017-07-22T09:43:04+00:00","dateModified":"2025-04-03T08:48:49+00:00","mainEntityOfPage":{"@id":"https:\/\/wisperbikes.com\/de\/dealer-products\/"},"wordCount":4,"publisher":{"@id":"https:\/\/wisperbikes.com\/de\/#organization"},"inLanguage":"de"},{"@type":"WebPage","@id":"https:\/\/wisperbikes.com\/de\/dealer-products\/","url":"https:\/\/wisperbikes.com\/de\/dealer-products\/","name":"H\u00e4ndlerprodukte - Wisper Fahrr\u00e4der","isPartOf":{"@id":"https:\/\/wisperbikes.com\/de\/#website"},"datePublished":"2017-07-22T09:43:04+00:00","dateModified":"2025-04-03T08:48:49+00:00","description":"Wir bieten Sonderpreise f\u00fcr unsere H\u00e4ndler an. Erfahren Sie jetzt, wie Sie H\u00e4ndler werden k\u00f6nnen!","breadcrumb":{"@id":"https:\/\/wisperbikes.com\/de\/dealer-products\/#breadcrumb"},"inLanguage":"de","potentialAction":[{"@type":"ReadAction","target":["https:\/\/wisperbikes.com\/de\/dealer-products\/"]}]},{"@type":"BreadcrumbList","@id":"https:\/\/wisperbikes.com\/de\/dealer-products\/#breadcrumb","itemListElement":[{"@type":"ListItem","position":1,"name":"Home","item":"https:\/\/wisperbikes.com\/de\/"},{"@type":"ListItem","position":2,"name":"Dealer-Products"}]},{"@type":"WebSite","@id":"https:\/\/wisperbikes.com\/de\/#website","url":"https:\/\/wisperbikes.com\/de\/","name":"Wisper Bikes","description":"Electric Bikes","publisher":{"@id":"https:\/\/wisperbikes.com\/de\/#organization"},"potentialAction":[{"@type":"SearchAction","target":{"@type":"EntryPoint","urlTemplate":"https:\/\/wisperbikes.com\/de\/?s={search_term_string}"},"query-input":"required name=search_term_string"}],"inLanguage":"de"},{"@type":"Organization","@id":"https:\/\/wisperbikes.com\/de\/#organization","name":"Wisper Electric Bikes","alternateName":"Wisper E-Bikes","url":"https:\/\/wisperbikes.com\/de\/","logo":{"@type":"ImageObject","inLanguage":"de","@id":"https:\/\/wisperbikes.com\/de\/#\/schema\/logo\/image\/","url":"https:\/\/wisperbikes.com\/de\/wp-content\/uploads\/2021\/06\/WISPER-Logo.png","contentUrl":"https:\/\/wisperbikes.com\/de\/wp-content\/uploads\/2021\/06\/WISPER-Logo.png","width":250,"height":65,"caption":"Wisper Electric Bikes"},"image":{"@id":"https:\/\/wisperbikes.com\/de\/#\/schema\/logo\/image\/"},"sameAs":["https:\/\/www.facebook.com\/Amps.Bike\/","https:\/\/twitter.com\/wisperebikes","https:\/\/www.instagram.com\/wisperbikes\/"]},{"@type":"Person","@id":"https:\/\/wisperbikes.com\/de\/#\/schema\/person\/871a5ffd761ff37c08afd6ad71a4f5bf","name":"Joy","image":{"@type":"ImageObject","inLanguage":"de","@id":"https:\/\/wisperbikes.com\/de\/#\/schema\/person\/image\/","url":"https:\/\/secure.gravatar.com\/avatar\/b51849fdd55c9f18997c28d8f7bacad2?s=96&d=mm&r=g","contentUrl":"https:\/\/secure.gravatar.com\/avatar\/b51849fdd55c9f18997c28d8f7bacad2?s=96&d=mm&r=g","caption":"Joy"},"sameAs":["http:\/\/chorleydigital.com"]}]}},"_links":{"self":[{"href":"https:\/\/wisperbikes.com\/de\/wp-json\/wp\/v2\/pages\/12"}],"collection":[{"href":"https:\/\/wisperbikes.com\/de\/wp-json\/wp\/v2\/pages"}],"about":[{"href":"https:\/\/wisperbikes.com\/de\/wp-json\/wp\/v2\/types\/page"}],"author":[{"embeddable":true,"href":"https:\/\/wisperbikes.com\/de\/wp-json\/wp\/v2\/users\/633"}],"replies":[{"embeddable":true,"href":"https:\/\/wisperbikes.com\/de\/wp-json\/wp\/v2\/comments?post=12"}],"version-history":[{"count":16,"href":"https:\/\/wisperbikes.com\/de\/wp-json\/wp\/v2\/pages\/12\/revisions"}],"predecessor-version":[{"id":41198,"href":"https:\/\/wisperbikes.com\/de\/wp-json\/wp\/v2\/pages\/12\/revisions\/41198"}],"wp:attachment":[{"href":"https:\/\/wisperbikes.com\/de\/wp-json\/wp\/v2\/media?parent=12"}],"curies":[{"name":"wp","href":"https:\/\/api.w.org\/{rel}","templated":true}]}}