{"id":17048,"date":"2020-04-12T15:30:46","date_gmt":"2020-04-12T15:30:46","guid":{"rendered":"https:\/\/dealers.wisperbikes.com\/de\/?page_id=17048"},"modified":"2024-08-21T08:56:22","modified_gmt":"2024-08-21T08:56:22","slug":"annual-availability","status":"publish","type":"page","link":"https:\/\/wisperbikes.com\/de\/resources\/annual-availability\/","title":{"rendered":"Annual Availability"},"content":{"rendered":"\t\t<div data-elementor-type=\"wp-page\" data-elementor-id=\"17048\" class=\"elementor elementor-17048\" data-elementor-post-type=\"page\">\n\t\t\t\t\t\t\t\t\t<section class=\"elementor-section elementor-top-section elementor-element elementor-element-bb71921 elementor-section-full_width elementor-section-stretched elementor-section-height-default elementor-section-height-default\" data-id=\"bb71921\" data-element_type=\"section\" data-settings=\"{&quot;stretch_section&quot;:&quot;section-stretched&quot;}\">\n\t\t\t\t\t\t<div class=\"elementor-container elementor-column-gap-default\">\n\t\t\t\t\t<div class=\"elementor-column elementor-col-100 elementor-top-column elementor-element elementor-element-52f8aa1\" data-id=\"52f8aa1\" data-element_type=\"column\">\n\t\t\t<div class=\"elementor-widget-wrap elementor-element-populated\">\n\t\t\t\t\t\t\t\t<section class=\"elementor-section elementor-inner-section elementor-element elementor-element-2349e3b elementor-section-boxed elementor-section-height-default elementor-section-height-default\" data-id=\"2349e3b\" data-element_type=\"section\">\n\t\t\t\t\t\t<div class=\"elementor-container elementor-column-gap-default\">\n\t\t\t\t\t<div class=\"elementor-column elementor-col-100 elementor-inner-column elementor-element elementor-element-3bc20c0\" data-id=\"3bc20c0\" data-element_type=\"column\">\n\t\t\t<div class=\"elementor-widget-wrap elementor-element-populated\">\n\t\t\t\t\t\t\t\t<div class=\"elementor-element elementor-element-68b25a0 elementor-widget elementor-widget-heading\" data-id=\"68b25a0\" data-element_type=\"widget\" data-widget_type=\"heading.default\">\n\t\t\t\t<div class=\"elementor-widget-container\">\n\t\t\t<h1 class=\"elementor-heading-title elementor-size-large\">J\u00e4hrliche Verf\u00fcgbarkeit<\/h1>\t\t<\/div>\n\t\t\t\t<\/div>\n\t\t\t\t<div class=\"elementor-element elementor-element-3972163a elementor-widget elementor-widget-text-editor\" data-id=\"3972163a\" data-element_type=\"widget\" data-widget_type=\"text-editor.default\">\n\t\t\t\t<div class=\"elementor-widget-container\">\n\t\t\t\t\t\t\t<p>Seit Anfang 2019 werden all unsere Fahrr\u00e4der in Taiwan hergestellt. Unsere gro\u00dfen monatlichen Lieferungen werden Mitte Mai beginnen und bis zum Herbst fortgesetzt. Bis Ende August kann es bei einigen Modellen und Farben zu kurzen Verz\u00f6gerungen kommen.<\/p><p><strong>Wir verzeichnen derzeit sehr hohe Verkaufszahlen und werden daher bei einigen Modellen und Farben bis Mitte August 2018 einen Mangel an Best\u00e4nden haben. Gl\u00fccklicherweise haben wir bereits im Januar 2019 damit gerechnet, dass die Verkaufszahlen stark steigen werden, und haben unsere Produktion deutlich erh\u00f6ht, um die gestiegene Nachfrage zu decken.<\/strong><\/p><p>Ab Ende August 2018 werden wir gute Best\u00e4nde der folgenden Fahrr\u00e4der haben, bitte bestellen Sie so fr\u00fch wie m\u00f6glich, damit wir eine rechtzeitige Lieferung gew\u00e4hrleisten k\u00f6nnen.<\/p><p>705se 26\u2033 Schwarz<br \/>705se 24\u2033 Blau<br \/>905se Schwarz<br \/>806se Schwarz<br \/>806se Rot<\/p><p>Alle anderen Fahrr\u00e4der werden ab Mitte Juni wieder vorr\u00e4tig sein, wir erwarten keine weiteren Engp\u00e4sse.<\/p><h5><strong>Sehr wichtige \u00c4nderungen, bitte beachten Sie\u2026<\/strong><\/h5><p>Da unsere Fahrr\u00e4der jetzt in Taiwan gebaut werden, m\u00fcssen wir einige \u00c4nderungen in Bezug auf Preise und Spezifikationen sowohl bei den SE Fahrr\u00e4dern als auch bei den Torque Fahrr\u00e4dern ab der Lieferung im Mai vornehmen.<\/p><p>Bilder der neuen Fahrr\u00e4der werden Mitte April verf\u00fcgbar sein und neue SKU-Codes werden vor Ende April ausgestellt.<\/p><h5><strong>Neue SE Fahrr\u00e4der<\/strong><\/h5><p>Wir werden das SE Zeichen weglassen, sodass die Fahrr\u00e4der einfach als 905, 705 und 806 gekennzeichnet werden.<\/p><h5><strong>\u00c4nderungen wie folgt:<\/strong><\/h5><p>St\u00e4rkerer Hochdrehmomentmotor, \u00e4hnlich stark wie die aktuellen Torque Fahrr\u00e4der<br \/>Alle 905 und 705 Fahrr\u00e4der werden serienm\u00e4\u00dfig mit schwarzen Federgabeln geliefert<\/p><p>Einzelhandelspreis<br \/>26&#8243; Bikes \u00a31,399.00<br \/>24&#8243; and 20&#8243; Bikes \u00a31,349.00<\/p><h5><strong>Neue Torque Fahrr\u00e4der<\/strong><\/h5><p>Die neuen Torque Fahrr\u00e4der werden mit Metall-Torque-Abzeichen auf dem Rahmen versehen<\/p><h5><strong>\u00c4nderungen wie folgt:<\/strong><\/h5><p>Verf\u00fcgbar in Rot, Blau oder Schwarz (Wir lassen die Silber\/Grau Farbe weg)<br \/>Gleicher st\u00e4rkerer Motor wie die neuen SE Fahrr\u00e4der<br \/>Sinuswellenregler f\u00fcr sanfteres und leiseres Fahren<br \/>Drehmomentsensor im Tretlager<\/p><p>Einzelhandelspreis \u00a31,699.00<\/p>\t\t\t\t\t\t<\/div>\n\t\t\t\t<\/div>\n\t\t\t\t\t<\/div>\n\t\t<\/div>\n\t\t\t\t\t\t\t<\/div>\n\t\t<\/section>\n\t\t\t\t\t<\/div>\n\t\t<\/div>\n\t\t\t\t\t\t\t<\/div>\n\t\t<\/section>\n\t\t\t\t\t\t\t<\/div>\n\t\t","protected":false},"excerpt":{"rendered":"<p>J\u00e4hrliche Verf\u00fcgbarkeit Seit Anfang 2019 werden all unsere Fahrr\u00e4der in Taiwan hergestellt. Unsere gro\u00dfen monatlichen Lieferungen werden Mitte Mai beginnen und bis zum Herbst fortgesetzt. Bis Ende August kann es bei einigen Modellen und Farben zu kurzen Verz\u00f6gerungen kommen. Wir verzeichnen derzeit sehr hohe Verkaufszahlen und werden daher bei einigen Modellen und Farben bis Mitte&hellip;<\/p>\n","protected":false},"author":633,"featured_media":0,"parent":21528,"menu_order":0,"comment_status":"closed","ping_status":"closed","template":"","meta":[],"acf":[],"yoast_head":"<!-- This site is optimized with the Yoast SEO plugin v20.11 - https:\/\/yoast.com\/wordpress\/plugins\/seo\/ -->\n<title>J\u00e4hrliche Verf\u00fcgbarkeit - Wisper Bikes<\/title>\n<meta name=\"description\" content=\"J\u00e4hrliche Verf\u00fcgbarkeit - Wisper Bikes\" \/>\n<meta name=\"robots\" content=\"index, follow, max-snippet:-1, max-image-preview:large, max-video-preview:-1\" \/>\n<link rel=\"canonical\" href=\"https:\/\/wisperbikes.com\/de\/resources\/annual-availability\/\" \/>\n<meta property=\"og:locale\" content=\"de_DE\" \/>\n<meta property=\"og:type\" content=\"article\" \/>\n<meta property=\"og:title\" content=\"J\u00e4hrliche Verf\u00fcgbarkeit - Wisper Bikes\" \/>\n<meta property=\"og:description\" content=\"J\u00e4hrliche Verf\u00fcgbarkeit - Wisper Bikes\" \/>\n<meta property=\"og:url\" content=\"https:\/\/wisperbikes.com\/de\/resources\/annual-availability\/\" \/>\n<meta property=\"og:site_name\" content=\"Wisper Bikes\" \/>\n<meta property=\"article:publisher\" content=\"https:\/\/www.facebook.com\/Amps.Bike\/\" \/>\n<meta property=\"article:modified_time\" content=\"2024-08-21T08:56:22+00:00\" \/>\n<meta name=\"twitter:card\" content=\"summary_large_image\" \/>\n<meta name=\"twitter:site\" content=\"@wisperebikes\" \/>\n<meta name=\"twitter:label1\" content=\"Gesch\u00e4tzte Lesezeit\" \/>\n\t<meta name=\"twitter:data1\" content=\"2\u00a0Minuten\" \/>\n<script type=\"application\/ld+json\" class=\"yoast-schema-graph\">{\"@context\":\"https:\/\/schema.org\",\"@graph\":[{\"@type\":\"Article\",\"@id\":\"https:\/\/wisperbikes.com\/de\/resources\/annual-availability\/#article\",\"isPartOf\":{\"@id\":\"https:\/\/wisperbikes.com\/de\/resources\/annual-availability\/\"},\"author\":{\"name\":\"Joy\",\"@id\":\"https:\/\/wisperbikes.com\/de\/#\/schema\/person\/871a5ffd761ff37c08afd6ad71a4f5bf\"},\"headline\":\"Annual Availability\",\"datePublished\":\"2020-04-12T15:30:46+00:00\",\"dateModified\":\"2024-08-21T08:56:22+00:00\",\"mainEntityOfPage\":{\"@id\":\"https:\/\/wisperbikes.com\/de\/resources\/annual-availability\/\"},\"wordCount\":321,\"publisher\":{\"@id\":\"https:\/\/wisperbikes.com\/de\/#organization\"},\"inLanguage\":\"de\"},{\"@type\":\"WebPage\",\"@id\":\"https:\/\/wisperbikes.com\/de\/resources\/annual-availability\/\",\"url\":\"https:\/\/wisperbikes.com\/de\/resources\/annual-availability\/\",\"name\":\"J\u00e4hrliche Verf\u00fcgbarkeit - Wisper Bikes\",\"isPartOf\":{\"@id\":\"https:\/\/wisperbikes.com\/de\/#website\"},\"datePublished\":\"2020-04-12T15:30:46+00:00\",\"dateModified\":\"2024-08-21T08:56:22+00:00\",\"description\":\"J\u00e4hrliche Verf\u00fcgbarkeit - Wisper Bikes\",\"breadcrumb\":{\"@id\":\"https:\/\/wisperbikes.com\/de\/resources\/annual-availability\/#breadcrumb\"},\"inLanguage\":\"de\",\"potentialAction\":[{\"@type\":\"ReadAction\",\"target\":[\"https:\/\/wisperbikes.com\/de\/resources\/annual-availability\/\"]}]},{\"@type\":\"BreadcrumbList\",\"@id\":\"https:\/\/wisperbikes.com\/de\/resources\/annual-availability\/#breadcrumb\",\"itemListElement\":[{\"@type\":\"ListItem\",\"position\":1,\"name\":\"Home\",\"item\":\"https:\/\/wisperbikes.com\/de\/\"},{\"@type\":\"ListItem\",\"position\":2,\"name\":\"Resources\",\"item\":\"https:\/\/wisperbikes.com\/de\/resources\/\"},{\"@type\":\"ListItem\",\"position\":3,\"name\":\"Annual Availability\"}]},{\"@type\":\"WebSite\",\"@id\":\"https:\/\/wisperbikes.com\/de\/#website\",\"url\":\"https:\/\/wisperbikes.com\/de\/\",\"name\":\"Wisper Bikes\",\"description\":\"Electric Bikes\",\"publisher\":{\"@id\":\"https:\/\/wisperbikes.com\/de\/#organization\"},\"potentialAction\":[{\"@type\":\"SearchAction\",\"target\":{\"@type\":\"EntryPoint\",\"urlTemplate\":\"https:\/\/wisperbikes.com\/de\/?s={search_term_string}\"},\"query-input\":\"required name=search_term_string\"}],\"inLanguage\":\"de\"},{\"@type\":\"Organization\",\"@id\":\"https:\/\/wisperbikes.com\/de\/#organization\",\"name\":\"Wisper Electric Bikes\",\"alternateName\":\"Wisper E-Bikes\",\"url\":\"https:\/\/wisperbikes.com\/de\/\",\"logo\":{\"@type\":\"ImageObject\",\"inLanguage\":\"de\",\"@id\":\"https:\/\/wisperbikes.com\/de\/#\/schema\/logo\/image\/\",\"url\":\"https:\/\/wisperbikes.com\/de\/wp-content\/uploads\/2021\/06\/WISPER-Logo.png\",\"contentUrl\":\"https:\/\/wisperbikes.com\/de\/wp-content\/uploads\/2021\/06\/WISPER-Logo.png\",\"width\":250,\"height\":65,\"caption\":\"Wisper Electric Bikes\"},\"image\":{\"@id\":\"https:\/\/wisperbikes.com\/de\/#\/schema\/logo\/image\/\"},\"sameAs\":[\"https:\/\/www.facebook.com\/Amps.Bike\/\",\"https:\/\/twitter.com\/wisperebikes\",\"https:\/\/www.instagram.com\/wisperbikes\/\"]},{\"@type\":\"Person\",\"@id\":\"https:\/\/wisperbikes.com\/de\/#\/schema\/person\/871a5ffd761ff37c08afd6ad71a4f5bf\",\"name\":\"Joy\",\"image\":{\"@type\":\"ImageObject\",\"inLanguage\":\"de\",\"@id\":\"https:\/\/wisperbikes.com\/de\/#\/schema\/person\/image\/\",\"url\":\"https:\/\/secure.gravatar.com\/avatar\/b51849fdd55c9f18997c28d8f7bacad2?s=96&d=mm&r=g\",\"contentUrl\":\"https:\/\/secure.gravatar.com\/avatar\/b51849fdd55c9f18997c28d8f7bacad2?s=96&d=mm&r=g\",\"caption\":\"Joy\"},\"sameAs\":[\"http:\/\/chorleydigital.com\"]}]}<\/script>\n<!-- \/ Yoast SEO plugin. -->","yoast_head_json":{"title":"J\u00e4hrliche Verf\u00fcgbarkeit - Wisper Bikes","description":"J\u00e4hrliche Verf\u00fcgbarkeit - Wisper Bikes","robots":{"index":"index","follow":"follow","max-snippet":"max-snippet:-1","max-image-preview":"max-image-preview:large","max-video-preview":"max-video-preview:-1"},"canonical":"https:\/\/wisperbikes.com\/de\/resources\/annual-availability\/","og_locale":"de_DE","og_type":"article","og_title":"J\u00e4hrliche Verf\u00fcgbarkeit - Wisper Bikes","og_description":"J\u00e4hrliche Verf\u00fcgbarkeit - Wisper Bikes","og_url":"https:\/\/wisperbikes.com\/de\/resources\/annual-availability\/","og_site_name":"Wisper Bikes","article_publisher":"https:\/\/www.facebook.com\/Amps.Bike\/","article_modified_time":"2024-08-21T08:56:22+00:00","twitter_card":"summary_large_image","twitter_site":"@wisperebikes","twitter_misc":{"Gesch\u00e4tzte Lesezeit":"2\u00a0Minuten"},"schema":{"@context":"https:\/\/schema.org","@graph":[{"@type":"Article","@id":"https:\/\/wisperbikes.com\/de\/resources\/annual-availability\/#article","isPartOf":{"@id":"https:\/\/wisperbikes.com\/de\/resources\/annual-availability\/"},"author":{"name":"Joy","@id":"https:\/\/wisperbikes.com\/de\/#\/schema\/person\/871a5ffd761ff37c08afd6ad71a4f5bf"},"headline":"Annual Availability","datePublished":"2020-04-12T15:30:46+00:00","dateModified":"2024-08-21T08:56:22+00:00","mainEntityOfPage":{"@id":"https:\/\/wisperbikes.com\/de\/resources\/annual-availability\/"},"wordCount":321,"publisher":{"@id":"https:\/\/wisperbikes.com\/de\/#organization"},"inLanguage":"de"},{"@type":"WebPage","@id":"https:\/\/wisperbikes.com\/de\/resources\/annual-availability\/","url":"https:\/\/wisperbikes.com\/de\/resources\/annual-availability\/","name":"J\u00e4hrliche Verf\u00fcgbarkeit - Wisper Bikes","isPartOf":{"@id":"https:\/\/wisperbikes.com\/de\/#website"},"datePublished":"2020-04-12T15:30:46+00:00","dateModified":"2024-08-21T08:56:22+00:00","description":"J\u00e4hrliche Verf\u00fcgbarkeit - Wisper Bikes","breadcrumb":{"@id":"https:\/\/wisperbikes.com\/de\/resources\/annual-availability\/#breadcrumb"},"inLanguage":"de","potentialAction":[{"@type":"ReadAction","target":["https:\/\/wisperbikes.com\/de\/resources\/annual-availability\/"]}]},{"@type":"BreadcrumbList","@id":"https:\/\/wisperbikes.com\/de\/resources\/annual-availability\/#breadcrumb","itemListElement":[{"@type":"ListItem","position":1,"name":"Home","item":"https:\/\/wisperbikes.com\/de\/"},{"@type":"ListItem","position":2,"name":"Resources","item":"https:\/\/wisperbikes.com\/de\/resources\/"},{"@type":"ListItem","position":3,"name":"Annual Availability"}]},{"@type":"WebSite","@id":"https:\/\/wisperbikes.com\/de\/#website","url":"https:\/\/wisperbikes.com\/de\/","name":"Wisper Bikes","description":"Electric Bikes","publisher":{"@id":"https:\/\/wisperbikes.com\/de\/#organization"},"potentialAction":[{"@type":"SearchAction","target":{"@type":"EntryPoint","urlTemplate":"https:\/\/wisperbikes.com\/de\/?s={search_term_string}"},"query-input":"required name=search_term_string"}],"inLanguage":"de"},{"@type":"Organization","@id":"https:\/\/wisperbikes.com\/de\/#organization","name":"Wisper Electric Bikes","alternateName":"Wisper E-Bikes","url":"https:\/\/wisperbikes.com\/de\/","logo":{"@type":"ImageObject","inLanguage":"de","@id":"https:\/\/wisperbikes.com\/de\/#\/schema\/logo\/image\/","url":"https:\/\/wisperbikes.com\/de\/wp-content\/uploads\/2021\/06\/WISPER-Logo.png","contentUrl":"https:\/\/wisperbikes.com\/de\/wp-content\/uploads\/2021\/06\/WISPER-Logo.png","width":250,"height":65,"caption":"Wisper Electric Bikes"},"image":{"@id":"https:\/\/wisperbikes.com\/de\/#\/schema\/logo\/image\/"},"sameAs":["https:\/\/www.facebook.com\/Amps.Bike\/","https:\/\/twitter.com\/wisperebikes","https:\/\/www.instagram.com\/wisperbikes\/"]},{"@type":"Person","@id":"https:\/\/wisperbikes.com\/de\/#\/schema\/person\/871a5ffd761ff37c08afd6ad71a4f5bf","name":"Joy","image":{"@type":"ImageObject","inLanguage":"de","@id":"https:\/\/wisperbikes.com\/de\/#\/schema\/person\/image\/","url":"https:\/\/secure.gravatar.com\/avatar\/b51849fdd55c9f18997c28d8f7bacad2?s=96&d=mm&r=g","contentUrl":"https:\/\/secure.gravatar.com\/avatar\/b51849fdd55c9f18997c28d8f7bacad2?s=96&d=mm&r=g","caption":"Joy"},"sameAs":["http:\/\/chorleydigital.com"]}]}},"_links":{"self":[{"href":"https:\/\/wisperbikes.com\/de\/wp-json\/wp\/v2\/pages\/17048"}],"collection":[{"href":"https:\/\/wisperbikes.com\/de\/wp-json\/wp\/v2\/pages"}],"about":[{"href":"https:\/\/wisperbikes.com\/de\/wp-json\/wp\/v2\/types\/page"}],"author":[{"embeddable":true,"href":"https:\/\/wisperbikes.com\/de\/wp-json\/wp\/v2\/users\/633"}],"replies":[{"embeddable":true,"href":"https:\/\/wisperbikes.com\/de\/wp-json\/wp\/v2\/comments?post=17048"}],"version-history":[{"count":11,"href":"https:\/\/wisperbikes.com\/de\/wp-json\/wp\/v2\/pages\/17048\/revisions"}],"predecessor-version":[{"id":41180,"href":"https:\/\/wisperbikes.com\/de\/wp-json\/wp\/v2\/pages\/17048\/revisions\/41180"}],"up":[{"embeddable":true,"href":"https:\/\/wisperbikes.com\/de\/wp-json\/wp\/v2\/pages\/21528"}],"wp:attachment":[{"href":"https:\/\/wisperbikes.com\/de\/wp-json\/wp\/v2\/media?parent=17048"}],"curies":[{"name":"wp","href":"https:\/\/api.w.org\/{rel}","templated":true}]}}