{"id":19,"date":"2017-03-08T16:07:59","date_gmt":"2017-03-08T16:07:59","guid":{"rendered":"https:\/\/wisperbikes.com\/de\/?page_id=19"},"modified":"2024-04-17T11:56:56","modified_gmt":"2024-04-17T11:56:56","slug":"dealer-locator","status":"publish","type":"page","link":"https:\/\/wisperbikes.com\/de\/dealer-locator\/","title":{"rendered":"Dealer Locator"},"content":{"rendered":"\t\t<div data-elementor-type=\"wp-page\" data-elementor-id=\"19\" class=\"elementor elementor-19\" data-elementor-post-type=\"page\">\n\t\t\t\t\t\t\t\t\t<section class=\"elementor-section elementor-top-section elementor-element elementor-element-a90eda4 elementor-section-full_width elementor-section-stretched elementor-section-height-default elementor-section-height-default\" data-id=\"a90eda4\" data-element_type=\"section\" data-settings=\"{&quot;stretch_section&quot;:&quot;section-stretched&quot;}\">\n\t\t\t\t\t\t<div class=\"elementor-container elementor-column-gap-default\">\n\t\t\t\t\t<div class=\"elementor-column elementor-col-100 elementor-top-column elementor-element elementor-element-984146a\" data-id=\"984146a\" data-element_type=\"column\">\n\t\t\t<div class=\"elementor-widget-wrap elementor-element-populated\">\n\t\t\t\t\t\t\t\t<section class=\"elementor-section elementor-inner-section elementor-element elementor-element-0c43b3f elementor-section-boxed elementor-section-height-default elementor-section-height-default\" data-id=\"0c43b3f\" data-element_type=\"section\">\n\t\t\t\t\t\t<div class=\"elementor-container elementor-column-gap-default\">\n\t\t\t\t\t<div class=\"elementor-column elementor-col-50 elementor-inner-column elementor-element elementor-element-fbe97c0\" data-id=\"fbe97c0\" data-element_type=\"column\">\n\t\t\t<div class=\"elementor-widget-wrap elementor-element-populated\">\n\t\t\t\t\t\t\t\t<div class=\"elementor-element elementor-element-3f3255f elementor-widget elementor-widget-heading\" data-id=\"3f3255f\" data-element_type=\"widget\" data-widget_type=\"heading.default\">\n\t\t\t\t<div class=\"elementor-widget-container\">\n\t\t\t<h1 class=\"elementor-heading-title elementor-size-default\">Wisper Dealers<\/h1>\t\t<\/div>\n\t\t\t\t<\/div>\n\t\t\t\t\t<\/div>\n\t\t<\/div>\n\t\t\t\t<div class=\"elementor-column elementor-col-50 elementor-inner-column elementor-element elementor-element-a10487a\" data-id=\"a10487a\" data-element_type=\"column\">\n\t\t\t<div class=\"elementor-widget-wrap\">\n\t\t\t\t\t\t\t\t\t<\/div>\n\t\t<\/div>\n\t\t\t\t\t\t\t<\/div>\n\t\t<\/section>\n\t\t\t\t<section class=\"elementor-section elementor-inner-section elementor-element elementor-element-9641868 elementor-section-boxed elementor-section-height-default elementor-section-height-default\" data-id=\"9641868\" data-element_type=\"section\">\n\t\t\t\t\t\t<div class=\"elementor-container elementor-column-gap-default\">\n\t\t\t\t\t<div class=\"elementor-column elementor-col-100 elementor-inner-column elementor-element elementor-element-0bc7aa4\" data-id=\"0bc7aa4\" data-element_type=\"column\">\n\t\t\t<div class=\"elementor-widget-wrap elementor-element-populated\">\n\t\t\t\t\t\t\t\t<div class=\"elementor-element elementor-element-e1ba1e1 elementor-widget elementor-widget-heading\" data-id=\"e1ba1e1\" data-element_type=\"widget\" data-widget_type=\"heading.default\">\n\t\t\t\t<div class=\"elementor-widget-container\">\n\t\t\t<h3 class=\"elementor-heading-title elementor-size-default\">Wichtige Informationen<\/h3>\t\t<\/div>\n\t\t\t\t<\/div>\n\t\t\t\t<div class=\"elementor-element elementor-element-5f2b607d elementor-widget elementor-widget-text-editor\" data-id=\"5f2b607d\" data-element_type=\"widget\" data-widget_type=\"text-editor.default\">\n\t\t\t\t<div class=\"elementor-widget-container\">\n\t\t\t\t\t\t\t<p><span data-sheets-value=\"{&quot;1&quot;:2,&quot;2&quot;:&quot;Wir sind fest davon \u00fcberzeugt, dass alle E-Bikes von einem professionellen E-Bike-Anbieter und Servicezentrum geliefert und gewartet werden sollten, der so praktisch wie m\u00f6glich f\u00fcr Sie erreichbar ist. Sie bieten Probefahrten und fachkundige Beratung, welches Fahrrad am besten zu Ihren Bed\u00fcrfnissen passt.&quot;}\" data-sheets-userformat=\"{&quot;2&quot;:769,&quot;3&quot;:{&quot;1&quot;:0},&quot;11&quot;:4,&quot;12&quot;:0}\">Wir sind fest davon \u00fcberzeugt, dass alle E-Bikes von einem professionellen E-Bike-Anbieter und Servicezentrum geliefert und gewartet werden sollten, der so praktisch wie m\u00f6glich f\u00fcr Sie erreichbar ist. Sie bieten Probefahrten und fachkundige Beratung, welches Fahrrad am besten zu Ihren Bed\u00fcrfnissen passt.<\/span><\/p><p><span data-sheets-value=\"{&quot;1&quot;:2,&quot;2&quot;:&quot;E-Bikes, wie jedes Kraftfahrzeug, ben\u00f6tigen regelm\u00e4\u00dfige Wartung. Die besten Personen, die sich um Ihr Fahrrad k\u00fcmmern, sind diejenigen, die es geliefert haben. Sollten Sie irgendwelche Probleme oder Fragen haben, stehen sie zur Verf\u00fcgung, um Ihnen zu helfen. Aus diesen Gr\u00fcnden liefern wir Wisper Fahrr\u00e4der nur \u00fcber unsere zugelassenen H\u00e4ndler.&quot;}\" data-sheets-userformat=\"{&quot;2&quot;:769,&quot;3&quot;:{&quot;1&quot;:0},&quot;11&quot;:4,&quot;12&quot;:0}\">E-Bikes, wie jedes Kraftfahrzeug, ben\u00f6tigen regelm\u00e4\u00dfige Wartung. Die besten Personen, die sich um Ihr Fahrrad k\u00fcmmern, sind diejenigen, die es geliefert haben. Sollten Sie irgendwelche Probleme oder Fragen haben, stehen sie zur Verf\u00fcgung, um Ihnen zu helfen. Aus diesen Gr\u00fcnden liefern wir Wisper Fahrr\u00e4der nur \u00fcber unsere zugelassenen H\u00e4ndler.<\/span><\/p>\t\t\t\t\t\t<\/div>\n\t\t\t\t<\/div>\n\t\t\t\t<div class=\"elementor-element elementor-element-0bf1b96 elementor-widget elementor-widget-text-editor\" data-id=\"0bf1b96\" data-element_type=\"widget\" data-widget_type=\"text-editor.default\">\n\t\t\t\t<div class=\"elementor-widget-container\">\n\t\t\t\t\t\t\t<p><span data-sheets-value=\"{&quot;1&quot;:2,&quot;2&quot;:&quot;Unser kostenloses \\&quot;Sicherheitscheck\\&quot;-Angebot kann nur vom liefernden H\u00e4ndler durchgef\u00fchrt werden. Dieser H\u00e4ndler ist auch verantwortlich f\u00fcr Garantiefragen, einschlie\u00dflich des Arbeitskostenelements. Es ist daher wichtig, dass Sie Ihr Wisper Fahrrad, wann immer m\u00f6glich, von einem H\u00e4ndler kaufen, der f\u00fcr Sie erreichbar ist.&quot;}\" data-sheets-userformat=\"{&quot;2&quot;:769,&quot;3&quot;:{&quot;1&quot;:0},&quot;11&quot;:4,&quot;12&quot;:0}\">Unser kostenloses &#8222;Sicherheitscheck&#8220;-Angebot kann nur vom liefernden H\u00e4ndler durchgef\u00fchrt werden. Dieser H\u00e4ndler ist auch verantwortlich f\u00fcr Garantiefragen, einschlie\u00dflich des Arbeitskostenelements. Es ist daher wichtig, dass Sie Ihr Wisper Fahrrad, wann immer m\u00f6glich, von einem H\u00e4ndler kaufen, der f\u00fcr Sie erreichbar ist.<\/span><\/p>\t\t\t\t\t\t<\/div>\n\t\t\t\t<\/div>\n\t\t\t\t<div class=\"elementor-element elementor-element-821b7c9 elementor-widget elementor-widget-text-editor\" data-id=\"821b7c9\" data-element_type=\"widget\" data-widget_type=\"text-editor.default\">\n\t\t\t\t<div class=\"elementor-widget-container\">\n\t\t\t\t\t\t\t<p><em>Unsere H\u00e4ndler sind qualifiziert, Ihr Wisper zu warten und zu pflegen, um sicherzustellen, dass Sie ein perfektes Fahrerlebnis haben und den Wert Ihrer Investition erhalten.<\/em><\/p>\t\t\t\t\t\t<\/div>\n\t\t\t\t<\/div>\n\t\t\t\t<div class=\"elementor-element elementor-element-51d8773 elementor-widget elementor-widget-heading\" data-id=\"51d8773\" data-element_type=\"widget\" data-widget_type=\"heading.default\">\n\t\t\t\t<div class=\"elementor-widget-container\">\n\t\t\t<h3 class=\"elementor-heading-title elementor-size-default\">Probefahrten\n\n<\/h3>\t\t<\/div>\n\t\t\t\t<\/div>\n\t\t\t\t<div class=\"elementor-element elementor-element-aefe57d elementor-widget elementor-widget-text-editor\" data-id=\"aefe57d\" data-element_type=\"widget\" data-widget_type=\"text-editor.default\">\n\t\t\t\t<div class=\"elementor-widget-container\">\n\t\t\t\t\t\t\t<p><span data-sheets-value=\"{&quot;1&quot;:2,&quot;2&quot;:&quot;M\u00f6chten Sie eine Probefahrt mit einem Wisper E-Bike machen? Wenn ja, wenden Sie sich bitte an Ihren \u00f6rtlichen Wisper-H\u00e4ndler, um einen Termin zu vereinbaren. Sollte es Schwierigkeiten geben, eine Probefahrt auf Ihrem bevorzugten Wisper-Modell zu sichern, kontaktieren Sie uns bitte direkt unter 01732 762393 oder per E-Mail an sales@wisperbikes.com\/de um Hilfe zu erhalten.&quot;}\" data-sheets-userformat=\"{&quot;2&quot;:769,&quot;3&quot;:{&quot;1&quot;:0},&quot;11&quot;:4,&quot;12&quot;:0}\">M\u00f6chten Sie eine Probefahrt mit einem Wisper E-Bike machen? Wenn ja, wenden Sie sich bitte an Ihren \u00f6rtlichen Wisper-H\u00e4ndler, um einen Termin zu vereinbaren. Sollte es Schwierigkeiten geben, eine Probefahrt auf Ihrem bevorzugten Wisper-Modell zu sichern, kontaktieren Sie uns bitte direkt unter 01732 762393 oder per E-Mail an sales@wisperbikes.com um Hilfe zu erhalten.<\/span><\/p>\t\t\t\t\t\t<\/div>\n\t\t\t\t<\/div>\n\t\t\t\t<div class=\"elementor-element elementor-element-b9173fe elementor-widget elementor-widget-text-editor\" data-id=\"b9173fe\" data-element_type=\"widget\" data-widget_type=\"text-editor.default\">\n\t\t\t\t<div class=\"elementor-widget-container\">\n\t\t\t\t\t\t\t<p><strong>Um Ihren n\u00e4chsten Wisper-H\u00e4ndler zu finden, geben Sie bitte Ihren Standort in das Suchfeld unten ein. Wenn Sie keinen H\u00e4ndler in Ihrer N\u00e4he finden k\u00f6nnen, rufen Sie uns bitte unter 01732 762393 an oder senden Sie eine E-Mail an sales@wisperbikes.com um Hilfe zu erhalten.<\/strong><\/p>\t\t\t\t\t\t<\/div>\n\t\t\t\t<\/div>\n\t\t\t\t<div class=\"elementor-element elementor-element-1378907 elementor-widget elementor-widget-text-editor\" data-id=\"1378907\" data-element_type=\"widget\" data-widget_type=\"text-editor.default\">\n\t\t\t\t<div class=\"elementor-widget-container\">\n\t\t\t\t\t\t\t<style>\r\n\t#wpsl-stores .wpsl-store-thumb {height:45px !important; width:45px !important;}\r\n\t#wpsl-stores, #wpsl-direction-details, #wpsl-gmap {height:600px !important;}\r\n\t#wpsl-gmap .wpsl-info-window {max-width:225px !important;}\r\n\t.wpsl-input label, #wpsl-radius label, #wpsl-category label {width:120px;}\r\n\t#wpsl-search-input  {width:200px;}\r\n<\/style>\r\n<div id=\"wpsl-wrap\">\r\n\t<div class=\"wpsl-search wpsl-clearfix \">\r\n\t\t<div id=\"wpsl-search-wrap\">\r\n\t\t\t<form autocomplete=\"off\">\r\n\t\t\t<div class=\"wpsl-input\">\r\n\t\t\t\t<div><label for=\"wpsl-search-input\">Your location<\/label><\/div>\r\n\t\t\t\t<input id=\"wpsl-search-input\" type=\"text\" value=\"\" name=\"wpsl-search-input\" placeholder=\"\" aria-required=\"true\" \/>\r\n\t\t\t<\/div>\r\n\t\t\t<div class=\"wpsl-select-wrap\">\r\n\t\t\t\t<div id=\"wpsl-radius\">\r\n\t\t\t\t\t<label for=\"wpsl-radius-dropdown\">Search radius<\/label>\r\n\t\t\t\t\t<select id=\"wpsl-radius-dropdown\" class=\"wpsl-dropdown\" name=\"wpsl-radius\">\r\n\t\t\t\t\t\t<option value=\"10\">10 mi<\/option><option value=\"25\">25 mi<\/option><option selected=\"selected\" value=\"50\">50 mi<\/option>\r\n\t\t\t\t\t<\/select>\r\n\t\t\t\t<\/div>\r\n\t\t\t\t<div id=\"wpsl-results\">\r\n\t\t\t\t\t<label for=\"wpsl-results-dropdown\">Results<\/label>\r\n\t\t\t\t\t<select id=\"wpsl-results-dropdown\" class=\"wpsl-dropdown\" name=\"wpsl-results\">\r\n\t\t\t\t\t\t<option selected=\"selected\" value=\"10\">10<\/option><option value=\"20\">20<\/option>\r\n\t\t\t\t\t<\/select>\r\n\t\t\t\t<\/div>\r\n\t\t\t<\/div>\r\n\t\t\t\t<div class=\"wpsl-search-btn-wrap\"><input id=\"wpsl-search-btn\" type=\"submit\" value=\"Search\"><\/div>\r\n\t\t<\/form>\r\n\t\t<\/div>\r\n\t<\/div>\r\n\t<div id=\"wpsl-gmap\" class=\"wpsl-gmap-canvas\"><\/div>\r\n\t<div id=\"wpsl-result-list\">\r\n\t\t<div id=\"wpsl-stores\" >\r\n\t\t\t<ul><\/ul>\r\n\t\t<\/div>\r\n\t\t<div id=\"wpsl-direction-details\">\r\n\t\t\t<ul><\/ul>\r\n\t\t<\/div>\r\n\t<\/div>\r\n\t<div class=\"wpsl-provided-by\">Search provided by <a target='_blank' href='https:\/\/wpstorelocator.co'>WP Store Locator<\/a><\/div>\r\n<\/div>\r\n\t\t\t\t\t\t<\/div>\n\t\t\t\t<\/div>\n\t\t\t\t\t<\/div>\n\t\t<\/div>\n\t\t\t\t\t\t\t<\/div>\n\t\t<\/section>\n\t\t\t\t\t<\/div>\n\t\t<\/div>\n\t\t\t\t\t\t\t<\/div>\n\t\t<\/section>\n\t\t\t\t\t\t\t<\/div>\n\t\t","protected":false},"excerpt":{"rendered":"<p>Wisper Dealers Wichtige Informationen Wir sind fest davon \u00fcberzeugt, dass alle E-Bikes von einem professionellen E-Bike-Anbieter und Servicezentrum geliefert und gewartet werden sollten, der so praktisch wie m\u00f6glich f\u00fcr Sie erreichbar ist. Sie bieten Probefahrten und fachkundige Beratung, welches Fahrrad am besten zu Ihren Bed\u00fcrfnissen passt. E-Bikes, wie jedes Kraftfahrzeug, ben\u00f6tigen regelm\u00e4\u00dfige Wartung. Die besten&hellip;<\/p>\n","protected":false},"author":279,"featured_media":0,"parent":0,"menu_order":0,"comment_status":"closed","ping_status":"closed","template":"","meta":[],"acf":[],"yoast_head":"<!-- This site is optimized with the Yoast SEO plugin v20.11 - https:\/\/yoast.com\/wordpress\/plugins\/seo\/ -->\n<title>Wisper E-Bike-H\u00e4ndler | Finden Sie den n\u00e4chsten Elektrobike<\/title>\n<meta name=\"description\" content=\"Wisper Electric Bikes sind in einem E-Bike-Gesch\u00e4ft in Ihrer N\u00e4he erh\u00e4ltlich! Wir haben H\u00e4ndler in ganz Gro\u00dfbritannien.\" \/>\n<meta name=\"robots\" content=\"index, follow, max-snippet:-1, max-image-preview:large, max-video-preview:-1\" \/>\n<link rel=\"canonical\" href=\"https:\/\/wisperbikes.com\/de\/dealer-locator\/\" \/>\n<meta property=\"og:locale\" content=\"de_DE\" \/>\n<meta property=\"og:type\" content=\"article\" \/>\n<meta property=\"og:title\" content=\"Wisper E-Bike-H\u00e4ndler | Finden Sie den n\u00e4chsten Elektrobike\" \/>\n<meta property=\"og:description\" content=\"Wisper Electric Bikes sind in einem E-Bike-Gesch\u00e4ft in Ihrer N\u00e4he erh\u00e4ltlich! Wir haben H\u00e4ndler in ganz Gro\u00dfbritannien.\" \/>\n<meta property=\"og:url\" content=\"https:\/\/wisperbikes.com\/de\/dealer-locator\/\" \/>\n<meta property=\"og:site_name\" content=\"Wisper Bikes\" \/>\n<meta property=\"article:publisher\" content=\"https:\/\/www.facebook.com\/Amps.Bike\/\" \/>\n<meta property=\"article:modified_time\" content=\"2024-04-17T11:56:56+00:00\" \/>\n<meta name=\"twitter:card\" content=\"summary_large_image\" \/>\n<meta name=\"twitter:site\" content=\"@wisperebikes\" \/>\n<meta name=\"twitter:label1\" content=\"Gesch\u00e4tzte Lesezeit\" \/>\n\t<meta name=\"twitter:data1\" content=\"2\u00a0Minuten\" \/>\n<script type=\"application\/ld+json\" class=\"yoast-schema-graph\">{\"@context\":\"https:\/\/schema.org\",\"@graph\":[{\"@type\":\"Article\",\"@id\":\"https:\/\/wisperbikes.com\/de\/dealer-locator\/#article\",\"isPartOf\":{\"@id\":\"https:\/\/wisperbikes.com\/de\/dealer-locator\/\"},\"author\":{\"name\":\"Peter Hesketh\",\"@id\":\"https:\/\/wisperbikes.com\/de\/#\/schema\/person\/18ed50e251a30897a7698a958c050218\"},\"headline\":\"Dealer Locator\",\"datePublished\":\"2017-03-08T16:07:59+00:00\",\"dateModified\":\"2024-04-17T11:56:56+00:00\",\"mainEntityOfPage\":{\"@id\":\"https:\/\/wisperbikes.com\/de\/dealer-locator\/\"},\"wordCount\":291,\"publisher\":{\"@id\":\"https:\/\/wisperbikes.com\/de\/#organization\"},\"inLanguage\":\"de\"},{\"@type\":\"WebPage\",\"@id\":\"https:\/\/wisperbikes.com\/de\/dealer-locator\/\",\"url\":\"https:\/\/wisperbikes.com\/de\/dealer-locator\/\",\"name\":\"Wisper E-Bike-H\u00e4ndler | Finden Sie den n\u00e4chsten Elektrobike\",\"isPartOf\":{\"@id\":\"https:\/\/wisperbikes.com\/de\/#website\"},\"datePublished\":\"2017-03-08T16:07:59+00:00\",\"dateModified\":\"2024-04-17T11:56:56+00:00\",\"description\":\"Wisper Electric Bikes sind in einem E-Bike-Gesch\u00e4ft in Ihrer N\u00e4he erh\u00e4ltlich! Wir haben H\u00e4ndler in ganz Gro\u00dfbritannien.\",\"breadcrumb\":{\"@id\":\"https:\/\/wisperbikes.com\/de\/dealer-locator\/#breadcrumb\"},\"inLanguage\":\"de\",\"potentialAction\":[{\"@type\":\"ReadAction\",\"target\":[\"https:\/\/wisperbikes.com\/de\/dealer-locator\/\"]}]},{\"@type\":\"BreadcrumbList\",\"@id\":\"https:\/\/wisperbikes.com\/de\/dealer-locator\/#breadcrumb\",\"itemListElement\":[{\"@type\":\"ListItem\",\"position\":1,\"name\":\"Home\",\"item\":\"https:\/\/wisperbikes.com\/de\/\"},{\"@type\":\"ListItem\",\"position\":2,\"name\":\"Dealer Locator\"}]},{\"@type\":\"WebSite\",\"@id\":\"https:\/\/wisperbikes.com\/de\/#website\",\"url\":\"https:\/\/wisperbikes.com\/de\/\",\"name\":\"Wisper Bikes\",\"description\":\"Electric Bikes\",\"publisher\":{\"@id\":\"https:\/\/wisperbikes.com\/de\/#organization\"},\"potentialAction\":[{\"@type\":\"SearchAction\",\"target\":{\"@type\":\"EntryPoint\",\"urlTemplate\":\"https:\/\/wisperbikes.com\/de\/?s={search_term_string}\"},\"query-input\":\"required name=search_term_string\"}],\"inLanguage\":\"de\"},{\"@type\":\"Organization\",\"@id\":\"https:\/\/wisperbikes.com\/de\/#organization\",\"name\":\"Wisper Electric Bikes\",\"alternateName\":\"Wisper E-Bikes\",\"url\":\"https:\/\/wisperbikes.com\/de\/\",\"logo\":{\"@type\":\"ImageObject\",\"inLanguage\":\"de\",\"@id\":\"https:\/\/wisperbikes.com\/de\/#\/schema\/logo\/image\/\",\"url\":\"https:\/\/wisperbikes.com\/de\/wp-content\/uploads\/2021\/06\/WISPER-Logo.png\",\"contentUrl\":\"https:\/\/wisperbikes.com\/de\/wp-content\/uploads\/2021\/06\/WISPER-Logo.png\",\"width\":250,\"height\":65,\"caption\":\"Wisper Electric Bikes\"},\"image\":{\"@id\":\"https:\/\/wisperbikes.com\/de\/#\/schema\/logo\/image\/\"},\"sameAs\":[\"https:\/\/www.facebook.com\/Amps.Bike\/\",\"https:\/\/twitter.com\/wisperebikes\",\"https:\/\/www.instagram.com\/wisperbikes\/\"]},{\"@type\":\"Person\",\"@id\":\"https:\/\/wisperbikes.com\/de\/#\/schema\/person\/18ed50e251a30897a7698a958c050218\",\"name\":\"Peter Hesketh\",\"image\":{\"@type\":\"ImageObject\",\"inLanguage\":\"de\",\"@id\":\"https:\/\/wisperbikes.com\/de\/#\/schema\/person\/image\/\",\"url\":\"https:\/\/secure.gravatar.com\/avatar\/ba4bddc8109c2f3fcb3d0013b774bc60?s=96&d=mm&r=g\",\"contentUrl\":\"https:\/\/secure.gravatar.com\/avatar\/ba4bddc8109c2f3fcb3d0013b774bc60?s=96&d=mm&r=g\",\"caption\":\"Peter Hesketh\"}}]}<\/script>\n<!-- \/ Yoast SEO plugin. -->","yoast_head_json":{"title":"Wisper E-Bike-H\u00e4ndler | Finden Sie den n\u00e4chsten Elektrobike","description":"Wisper Electric Bikes sind in einem E-Bike-Gesch\u00e4ft in Ihrer N\u00e4he erh\u00e4ltlich! Wir haben H\u00e4ndler in ganz Gro\u00dfbritannien.","robots":{"index":"index","follow":"follow","max-snippet":"max-snippet:-1","max-image-preview":"max-image-preview:large","max-video-preview":"max-video-preview:-1"},"canonical":"https:\/\/wisperbikes.com\/de\/dealer-locator\/","og_locale":"de_DE","og_type":"article","og_title":"Wisper E-Bike-H\u00e4ndler | Finden Sie den n\u00e4chsten Elektrobike","og_description":"Wisper Electric Bikes sind in einem E-Bike-Gesch\u00e4ft in Ihrer N\u00e4he erh\u00e4ltlich! Wir haben H\u00e4ndler in ganz Gro\u00dfbritannien.","og_url":"https:\/\/wisperbikes.com\/de\/dealer-locator\/","og_site_name":"Wisper Bikes","article_publisher":"https:\/\/www.facebook.com\/Amps.Bike\/","article_modified_time":"2024-04-17T11:56:56+00:00","twitter_card":"summary_large_image","twitter_site":"@wisperebikes","twitter_misc":{"Gesch\u00e4tzte Lesezeit":"2\u00a0Minuten"},"schema":{"@context":"https:\/\/schema.org","@graph":[{"@type":"Article","@id":"https:\/\/wisperbikes.com\/de\/dealer-locator\/#article","isPartOf":{"@id":"https:\/\/wisperbikes.com\/de\/dealer-locator\/"},"author":{"name":"Peter Hesketh","@id":"https:\/\/wisperbikes.com\/de\/#\/schema\/person\/18ed50e251a30897a7698a958c050218"},"headline":"Dealer Locator","datePublished":"2017-03-08T16:07:59+00:00","dateModified":"2024-04-17T11:56:56+00:00","mainEntityOfPage":{"@id":"https:\/\/wisperbikes.com\/de\/dealer-locator\/"},"wordCount":291,"publisher":{"@id":"https:\/\/wisperbikes.com\/de\/#organization"},"inLanguage":"de"},{"@type":"WebPage","@id":"https:\/\/wisperbikes.com\/de\/dealer-locator\/","url":"https:\/\/wisperbikes.com\/de\/dealer-locator\/","name":"Wisper E-Bike-H\u00e4ndler | Finden Sie den n\u00e4chsten Elektrobike","isPartOf":{"@id":"https:\/\/wisperbikes.com\/de\/#website"},"datePublished":"2017-03-08T16:07:59+00:00","dateModified":"2024-04-17T11:56:56+00:00","description":"Wisper Electric Bikes sind in einem E-Bike-Gesch\u00e4ft in Ihrer N\u00e4he erh\u00e4ltlich! Wir haben H\u00e4ndler in ganz Gro\u00dfbritannien.","breadcrumb":{"@id":"https:\/\/wisperbikes.com\/de\/dealer-locator\/#breadcrumb"},"inLanguage":"de","potentialAction":[{"@type":"ReadAction","target":["https:\/\/wisperbikes.com\/de\/dealer-locator\/"]}]},{"@type":"BreadcrumbList","@id":"https:\/\/wisperbikes.com\/de\/dealer-locator\/#breadcrumb","itemListElement":[{"@type":"ListItem","position":1,"name":"Home","item":"https:\/\/wisperbikes.com\/de\/"},{"@type":"ListItem","position":2,"name":"Dealer Locator"}]},{"@type":"WebSite","@id":"https:\/\/wisperbikes.com\/de\/#website","url":"https:\/\/wisperbikes.com\/de\/","name":"Wisper Bikes","description":"Electric Bikes","publisher":{"@id":"https:\/\/wisperbikes.com\/de\/#organization"},"potentialAction":[{"@type":"SearchAction","target":{"@type":"EntryPoint","urlTemplate":"https:\/\/wisperbikes.com\/de\/?s={search_term_string}"},"query-input":"required name=search_term_string"}],"inLanguage":"de"},{"@type":"Organization","@id":"https:\/\/wisperbikes.com\/de\/#organization","name":"Wisper Electric Bikes","alternateName":"Wisper E-Bikes","url":"https:\/\/wisperbikes.com\/de\/","logo":{"@type":"ImageObject","inLanguage":"de","@id":"https:\/\/wisperbikes.com\/de\/#\/schema\/logo\/image\/","url":"https:\/\/wisperbikes.com\/de\/wp-content\/uploads\/2021\/06\/WISPER-Logo.png","contentUrl":"https:\/\/wisperbikes.com\/de\/wp-content\/uploads\/2021\/06\/WISPER-Logo.png","width":250,"height":65,"caption":"Wisper Electric Bikes"},"image":{"@id":"https:\/\/wisperbikes.com\/de\/#\/schema\/logo\/image\/"},"sameAs":["https:\/\/www.facebook.com\/Amps.Bike\/","https:\/\/twitter.com\/wisperebikes","https:\/\/www.instagram.com\/wisperbikes\/"]},{"@type":"Person","@id":"https:\/\/wisperbikes.com\/de\/#\/schema\/person\/18ed50e251a30897a7698a958c050218","name":"Peter Hesketh","image":{"@type":"ImageObject","inLanguage":"de","@id":"https:\/\/wisperbikes.com\/de\/#\/schema\/person\/image\/","url":"https:\/\/secure.gravatar.com\/avatar\/ba4bddc8109c2f3fcb3d0013b774bc60?s=96&d=mm&r=g","contentUrl":"https:\/\/secure.gravatar.com\/avatar\/ba4bddc8109c2f3fcb3d0013b774bc60?s=96&d=mm&r=g","caption":"Peter Hesketh"}}]}},"_links":{"self":[{"href":"https:\/\/wisperbikes.com\/de\/wp-json\/wp\/v2\/pages\/19"}],"collection":[{"href":"https:\/\/wisperbikes.com\/de\/wp-json\/wp\/v2\/pages"}],"about":[{"href":"https:\/\/wisperbikes.com\/de\/wp-json\/wp\/v2\/types\/page"}],"author":[{"embeddable":true,"href":"https:\/\/wisperbikes.com\/de\/wp-json\/wp\/v2\/users\/279"}],"replies":[{"embeddable":true,"href":"https:\/\/wisperbikes.com\/de\/wp-json\/wp\/v2\/comments?post=19"}],"version-history":[{"count":13,"href":"https:\/\/wisperbikes.com\/de\/wp-json\/wp\/v2\/pages\/19\/revisions"}],"predecessor-version":[{"id":41055,"href":"https:\/\/wisperbikes.com\/de\/wp-json\/wp\/v2\/pages\/19\/revisions\/41055"}],"wp:attachment":[{"href":"https:\/\/wisperbikes.com\/de\/wp-json\/wp\/v2\/media?parent=19"}],"curies":[{"name":"wp","href":"https:\/\/api.w.org\/{rel}","templated":true}]}}