{"id":2359,"date":"2018-09-19T13:40:07","date_gmt":"2018-09-19T13:40:07","guid":{"rendered":"https:\/\/wisperbikes.com\/de\/?page_id=2359"},"modified":"2025-05-09T10:58:08","modified_gmt":"2025-05-09T10:58:08","slug":"why-buy-locally","status":"publish","type":"page","link":"https:\/\/wisperbikes.com\/de\/why-buy-locally\/","title":{"rendered":"Why Buy Locally?"},"content":{"rendered":"\t\t<div data-elementor-type=\"wp-page\" data-elementor-id=\"2359\" class=\"elementor elementor-2359\" data-elementor-post-type=\"page\">\n\t\t\t\t\t\t\t\t\t<section class=\"elementor-section elementor-top-section elementor-element elementor-element-7c9c606 elementor-section-full_width elementor-section-stretched elementor-section-height-default elementor-section-height-default\" data-id=\"7c9c606\" data-element_type=\"section\" data-settings=\"{&quot;stretch_section&quot;:&quot;section-stretched&quot;}\">\n\t\t\t\t\t\t<div class=\"elementor-container elementor-column-gap-default\">\n\t\t\t\t\t<div class=\"elementor-column elementor-col-100 elementor-top-column elementor-element elementor-element-95effcb\" data-id=\"95effcb\" data-element_type=\"column\">\n\t\t\t<div class=\"elementor-widget-wrap elementor-element-populated\">\n\t\t\t\t\t\t\t\t<section class=\"elementor-section elementor-inner-section elementor-element elementor-element-d2edeb5 elementor-section-boxed elementor-section-height-default elementor-section-height-default\" data-id=\"d2edeb5\" data-element_type=\"section\">\n\t\t\t\t\t\t<div class=\"elementor-container elementor-column-gap-default\">\n\t\t\t\t\t<div class=\"elementor-column elementor-col-100 elementor-inner-column elementor-element elementor-element-b8f4df9\" data-id=\"b8f4df9\" data-element_type=\"column\">\n\t\t\t<div class=\"elementor-widget-wrap elementor-element-populated\">\n\t\t\t\t\t\t\t\t<div class=\"elementor-element elementor-element-e320822 elementor-widget elementor-widget-heading\" data-id=\"e320822\" data-element_type=\"widget\" data-widget_type=\"heading.default\">\n\t\t\t\t<div class=\"elementor-widget-container\">\n\t\t\t<h1 class=\"elementor-heading-title elementor-size-default\">Warum Sie Ihr Wisper-Fahrrad beim \u00f6rtlichen H\u00e4ndler kaufen sollten\n<\/h1>\t\t<\/div>\n\t\t\t\t<\/div>\n\t\t\t\t<div class=\"elementor-element elementor-element-1689556f elementor-widget elementor-widget-text-editor\" data-id=\"1689556f\" data-element_type=\"widget\" data-widget_type=\"text-editor.default\">\n\t\t\t\t<div class=\"elementor-widget-container\">\n\t\t\t\t\t\t\t<h2>Warum wir bei Wisper Bikes dringend empfehlen, Ihr Wisper Fahrrad bei einem lokalen Wisper H\u00e4ndler zu kaufen<\/h2><h3><strong>Sicherheitscheck<\/strong><\/h3><p><span data-sheets-value=\"{&quot;1&quot;:2,&quot;2&quot;:&quot;Alle Elektrofahrr\u00e4der sollten innerhalb der ersten hundert Meilen \u00fcberpr\u00fcft werden, um sicherzustellen, dass alles richtig festgezogen und sicher ist. Der Preis f\u00fcr Ihren ersten Sicherheitscheck ist im Preis Ihres Fahrrads enthalten, vorausgesetzt, der Sicherheitscheck wird von dem H\u00e4ndler durchgef\u00fchrt, der das Fahrrad geliefert hat. Sicherheitschecks, die von anderen Wisper-H\u00e4ndlern durchgef\u00fchrt werden, m\u00fcssen vom Kunden bezahlt werden. Ein Sicherheitscheck ist kein Service.&quot;}\" data-sheets-userformat=\"{&quot;2&quot;:769,&quot;3&quot;:{&quot;1&quot;:0},&quot;11&quot;:4,&quot;12&quot;:0}\">Alle Elektrofahrr\u00e4der sollten innerhalb der ersten hundert Meilen \u00fcberpr\u00fcft werden, um sicherzustellen, dass alles richtig festgezogen und sicher ist. Der Preis f\u00fcr Ihren ersten Sicherheitscheck ist im Preis Ihres Fahrrads enthalten, vorausgesetzt, der Sicherheitscheck wird von dem H\u00e4ndler durchgef\u00fchrt, der das Fahrrad geliefert hat. Sicherheitschecks, die von anderen Wisper-H\u00e4ndlern durchgef\u00fchrt werden, m\u00fcssen vom Kunden bezahlt werden. Ein Sicherheitscheck ist kein Service.<\/span><\/p><h3><span data-sheets-value=\"{&quot;1&quot;:2,&quot;2&quot;:&quot;Wartung und regelm\u00e4\u00dfige Pflege&quot;}\" data-sheets-userformat=\"{&quot;2&quot;:769,&quot;3&quot;:{&quot;1&quot;:0},&quot;11&quot;:4,&quot;12&quot;:0}\">Wartung und regelm\u00e4\u00dfige Pflege<\/span><\/h3><p><span data-sheets-value=\"{&quot;1&quot;:2,&quot;2&quot;:&quot;Elektrofahrr\u00e4der, wie Autos und Motorr\u00e4der, m\u00fcssen regelm\u00e4\u00dfig gewartet und gepflegt werden. Danach sollte Ihr Fahrrad mindestens einmal im Jahr gewartet werden, um es in Topform zu halten. Es ist daher viel bequemer, lokal zu kaufen, als online bei einem Unternehmen, das Sie nur schwer erreichen k\u00f6nnen.&quot;}\" data-sheets-userformat=\"{&quot;2&quot;:769,&quot;3&quot;:{&quot;1&quot;:0},&quot;11&quot;:4,&quot;12&quot;:0}\">Elektrofahrr\u00e4der, wie Autos und Motorr\u00e4der, m\u00fcssen regelm\u00e4\u00dfig gewartet und gepflegt werden. Danach sollte Ihr Fahrrad mindestens einmal im Jahr gewartet werden, um es in Topform zu halten. Es ist daher viel bequemer, lokal zu kaufen, als online bei einem Unternehmen, das Sie nur schwer erreichen k\u00f6nnen.<\/span><\/p><h3><span data-sheets-value=\"{&quot;1&quot;:2,&quot;2&quot;:&quot;Erweiterte Garantie&quot;}\" data-sheets-userformat=\"{&quot;2&quot;:769,&quot;3&quot;:{&quot;1&quot;:0},&quot;11&quot;:4,&quot;12&quot;:0}\">Erweiterte Garantie<\/span><\/h3><p><span data-sheets-value=\"{&quot;1&quot;:2,&quot;2&quot;:&quot;Ihr Wisper Elektrofahrrad muss mindestens einmal im Jahr von einem professionellen Wisper Elektrofahrradh\u00e4ndler gewartet werden. Dies ist eine Bedingung, unter der wir die einj\u00e4hrige Garantie auf zwei Jahre verl\u00e4ngern. Es ist daher f\u00fcr Ihre Bequemlichkeit notwendig, dass Sie das Fahrrad bei einem H\u00e4ndler in der N\u00e4he Ihres Wohn- oder Arbeitsortes kaufen.&quot;}\" data-sheets-userformat=\"{&quot;2&quot;:769,&quot;3&quot;:{&quot;1&quot;:0},&quot;11&quot;:4,&quot;12&quot;:0}\">Ihr Wisper Elektrofahrrad muss mindestens einmal im Jahr von einem professionellen Wisper Elektrofahrradh\u00e4ndler gewartet werden. Dies ist eine Bedingung, unter der wir die einj\u00e4hrige Garantie auf zwei Jahre verl\u00e4ngern. Es ist daher f\u00fcr Ihre Bequemlichkeit notwendig, dass Sie das Fahrrad bei einem H\u00e4ndler in der N\u00e4he Ihres Wohn- oder Arbeitsortes kaufen.<\/span><\/p><p><span data-sheets-value=\"{&quot;1&quot;:2,&quot;2&quot;:&quot;Die Garantien von Wisper basieren darauf, dass Ihr Fahrrad an den H\u00e4ndler zur\u00fcckgegeben wird, der Ihnen das Fahrrad verkauft hat. Amps Electric Bikes Ltd kann keine Abholung eines Fahrrads arrangieren, das unter Garantie oder zur Wartung Aufmerksamkeit ben\u00f6tigt, kostenlos. Die Kosten f\u00fcr die Bereitstellung eines Kartons, Abholung und R\u00fcckgabe betragen \u00a3110,00.&quot;}\" data-sheets-userformat=\"{&quot;2&quot;:769,&quot;3&quot;:{&quot;1&quot;:0},&quot;11&quot;:4,&quot;12&quot;:0}\">Die Garantien von Wisper basieren darauf, dass Ihr Fahrrad an den H\u00e4ndler zur\u00fcckgegeben wird, der Ihnen das Fahrrad verkauft hat. Amps Electric Bikes Ltd kann keine Abholung eines Fahrrads arrangieren, das unter Garantie oder zur Wartung Aufmerksamkeit ben\u00f6tigt, kostenlos. Die Kosten f\u00fcr die Bereitstellung eines Kartons, Abholung und R\u00fcckgabe betragen \u00a3110,00.<\/span><\/p><h3><span data-sheets-value=\"{&quot;1&quot;:2,&quot;2&quot;:&quot;Wartungskosten&quot;}\" data-sheets-userformat=\"{&quot;2&quot;:769,&quot;3&quot;:{&quot;1&quot;:0},&quot;11&quot;:4,&quot;12&quot;:0}\">Wartungskosten<\/span><\/h3><p><span data-sheets-value=\"{&quot;1&quot;:2,&quot;2&quot;:&quot;Die unten aufgef\u00fchrten Preise sind Preise, die uns von mehreren Wisper-H\u00e4ndlern angegeben wurden, sollten aber vor der Buchung Ihres Fahrrads mit Ihrem gew\u00e4hlten Wisper-H\u00e4ndler best\u00e4tigt werden. Wisper-H\u00e4ndler sind normalerweise gerne bereit, einen Service f\u00fcr jedes Wisper-Fahrrad zu erbringen. Aus kommerziellen Gr\u00fcnden m\u00fcssen sie jedoch mehr von Kunden verlangen, die ihr Wisper-Fahrrad nicht direkt bei ihnen gekauft haben.&quot;}\" data-sheets-userformat=\"{&quot;2&quot;:769,&quot;3&quot;:{&quot;1&quot;:0},&quot;11&quot;:4,&quot;12&quot;:0}\"><strong>Die unten aufgef\u00fchrten Preise sind Preise, die uns von mehreren Wisper-H\u00e4ndlern angegeben wurden, sollten aber vor der Buchung Ihres Fahrrads mit Ihrem gew\u00e4hlten Wisper-H\u00e4ndler best\u00e4tigt werden.<\/strong> Wisper-H\u00e4ndler sind normalerweise gerne bereit, einen Service f\u00fcr jedes Wisper-Fahrrad zu erbringen. Aus kommerziellen Gr\u00fcnden m\u00fcssen sie jedoch mehr von Kunden verlangen, die ihr Wisper-Fahrrad nicht direkt bei ihnen gekauft haben.<\/span><\/p><h3><span data-sheets-value=\"{&quot;1&quot;:2,&quot;2&quot;:&quot;Preise vom Wisper Lieferanten&quot;}\" data-sheets-userformat=\"{&quot;2&quot;:769,&quot;3&quot;:{&quot;1&quot;:0},&quot;11&quot;:4,&quot;12&quot;:0}\">Preise vom Wisper Lieferanten<\/span><\/h3><p><span data-sheets-value=\"{&quot;1&quot;:2,&quot;2&quot;:&quot;Erster Sicherheitscheck\u2026\u2026\u2026. Kostenlos&quot;}\" data-sheets-userformat=\"{&quot;2&quot;:769,&quot;3&quot;:{&quot;1&quot;:0},&quot;11&quot;:4,&quot;12&quot;:0}\">Erster Sicherheitscheck\u2026\u2026\u2026. Kostenlos<\/span><br \/><span data-sheets-value=\"{&quot;1&quot;:2,&quot;2&quot;:&quot;Voller j\u00e4hrlicher Wisper Fahrradservice\u2026\u2026\u2026. \u00a365.00&quot;}\" data-sheets-userformat=\"{&quot;2&quot;:769,&quot;3&quot;:{&quot;1&quot;:0},&quot;11&quot;:4,&quot;12&quot;:0}\">Voller j\u00e4hrlicher Wisper Fahrradservice\u2026\u2026\u2026. \u00a365.00<\/span><\/p><h3><span data-sheets-value=\"{&quot;1&quot;:2,&quot;2&quot;:&quot;Preise von anderen Wisper H\u00e4ndlern&quot;}\" data-sheets-userformat=\"{&quot;2&quot;:769,&quot;3&quot;:{&quot;1&quot;:0},&quot;11&quot;:4,&quot;12&quot;:0}\">Preise von anderen Wisper H\u00e4ndlern<\/span><\/h3><p><span data-sheets-value=\"{&quot;1&quot;:2,&quot;2&quot;:&quot;Erster Sicherheitscheck\u2026\u2026\u2026. \u00a340.00&quot;}\" data-sheets-userformat=\"{&quot;2&quot;:769,&quot;3&quot;:{&quot;1&quot;:0},&quot;11&quot;:4,&quot;12&quot;:0}\">Erster Sicherheitscheck\u2026\u2026\u2026. \u00a340.00<\/span><br \/><span data-sheets-value=\"{&quot;1&quot;:2,&quot;2&quot;:&quot;Voller j\u00e4hrlicher Wisper Fahrradservice\u2026\u2026\u2026. \u00a395.00&quot;}\" data-sheets-userformat=\"{&quot;2&quot;:769,&quot;3&quot;:{&quot;1&quot;:0},&quot;11&quot;:4,&quot;12&quot;:0}\">Voller j\u00e4hrlicher Wisper Fahrradservice\u2026\u2026\u2026. \u00a395.00<\/span><\/p><p><span data-sheets-value=\"{&quot;1&quot;:2,&quot;2&quot;:&quot;Zeigt eine Einsparung von \u00a370.00 im ersten Jahr des Besitzes.&quot;}\" data-sheets-userformat=\"{&quot;2&quot;:769,&quot;3&quot;:{&quot;1&quot;:0},&quot;11&quot;:4,&quot;12&quot;:0}\">Zeigt eine Einsparung von \u00a370.00 im ersten Jahr des Besitzes.<\/span><\/p><h3><span data-sheets-value=\"{&quot;1&quot;:2,&quot;2&quot;:&quot;Leihrad oder andere exklusive Vorteile&quot;}\" data-sheets-userformat=\"{&quot;2&quot;:769,&quot;3&quot;:{&quot;1&quot;:0},&quot;11&quot;:4,&quot;12&quot;:0}\">Leihrad oder andere exklusive Vorteile<\/span><\/h3><p><span data-sheets-value=\"{&quot;1&quot;:2,&quot;2&quot;:&quot;Wisper-H\u00e4ndler bieten oft verschiedene exklusive Vorteile f\u00fcr Personen, die direkt in ihrem Gesch\u00e4ft kaufen. Dazu k\u00f6nnen geh\u00f6ren:&quot;}\" data-sheets-userformat=\"{&quot;2&quot;:769,&quot;3&quot;:{&quot;1&quot;:0},&quot;11&quot;:4,&quot;12&quot;:0}\">Wisper-H\u00e4ndler bieten oft verschiedene exklusive Vorteile f\u00fcr Personen, die direkt in ihrem Gesch\u00e4ft kaufen. Dazu k\u00f6nnen geh\u00f6ren:<\/span><\/p><ol><li><span data-sheets-value=\"{&quot;1&quot;:2,&quot;2&quot;:&quot;Leihr\u00e4der w\u00e4hrend Ihr Fahrrad zur Wartung oder Reparatur ist&quot;}\" data-sheets-userformat=\"{&quot;2&quot;:769,&quot;3&quot;:{&quot;1&quot;:0},&quot;11&quot;:4,&quot;12&quot;:0}\">Leihr\u00e4der w\u00e4hrend Ihr Fahrrad zur Wartung oder Reparatur ist<\/span><\/li><li><span data-sheets-value=\"{&quot;1&quot;:2,&quot;2&quot;:&quot;Ein Abhol- und R\u00fcckgabeservice, falls Sie ein Problem mit Ihrem Fahrrad haben (Normalerweise innerhalb von 10 Meilen vom Gesch\u00e4ft oder Verkaufsstelle)&quot;}\" data-sheets-userformat=\"{&quot;2&quot;:769,&quot;3&quot;:{&quot;1&quot;:0},&quot;11&quot;:4,&quot;12&quot;:0}\">Ein Abhol- und R\u00fcckgabeservice, falls Sie ein Problem mit Ihrem Fahrrad haben (Normalerweise innerhalb von 10 Meilen vom Gesch\u00e4ft oder Verkaufsstelle)<\/span><\/li><\/ol><p><span data-sheets-value=\"{&quot;1&quot;:2,&quot;2&quot;:&quot;\u00dcberpr\u00fcfen Sie immer, welche Extras Ihr Wisper-H\u00e4ndler anbieten kann.&quot;}\" data-sheets-userformat=\"{&quot;2&quot;:769,&quot;3&quot;:{&quot;1&quot;:0},&quot;11&quot;:4,&quot;12&quot;:0}\">\u00dcberpr\u00fcfen Sie immer, welche Extras Ihr Wisper-H\u00e4ndler anbieten kann.<\/span><\/p><h3><span data-sheets-value=\"{&quot;1&quot;:2,&quot;2&quot;:&quot;Freundliche Hilfe und Beratung&quot;}\" data-sheets-userformat=\"{&quot;2&quot;:769,&quot;3&quot;:{&quot;1&quot;:0},&quot;11&quot;:4,&quot;12&quot;:0}\">Freundliche Hilfe und Beratung<\/span><\/h3><p><span data-sheets-value=\"{&quot;1&quot;:2,&quot;2&quot;:&quot;Ihr freundlicher Wisper-H\u00e4ndler ist in der N\u00e4he und hilft Ihnen gerne bei all Ihren Radbed\u00fcrfnissen und Fragen. Wir empfehlen dringend, wenn m\u00f6glich lokal zu kaufen, Ihr Fahrraderlebnis wird dadurch sehr bereichert.&quot;}\" data-sheets-userformat=\"{&quot;2&quot;:769,&quot;3&quot;:{&quot;1&quot;:0},&quot;11&quot;:4,&quot;12&quot;:0}\">Ihr freundlicher Wisper-H\u00e4ndler ist in der N\u00e4he und hilft Ihnen gerne bei all Ihren Radbed\u00fcrfnissen und Fragen. Wir empfehlen dringend, wenn m\u00f6glich lokal zu kaufen, Ihr Fahrraderlebnis wird dadurch sehr bereichert.<\/span><\/p>\t\t\t\t\t\t<\/div>\n\t\t\t\t<\/div>\n\t\t\t\t\t<\/div>\n\t\t<\/div>\n\t\t\t\t\t\t\t<\/div>\n\t\t<\/section>\n\t\t\t\t\t<\/div>\n\t\t<\/div>\n\t\t\t\t\t\t\t<\/div>\n\t\t<\/section>\n\t\t\t\t\t\t\t<\/div>\n\t\t","protected":false},"excerpt":{"rendered":"<p>Warum Sie Ihr Wisper-Fahrrad beim \u00f6rtlichen H\u00e4ndler kaufen sollten Warum wir bei Wisper Bikes dringend empfehlen, Ihr Wisper Fahrrad bei einem lokalen Wisper H\u00e4ndler zu kaufen Sicherheitscheck Alle Elektrofahrr\u00e4der sollten innerhalb der ersten hundert Meilen \u00fcberpr\u00fcft werden, um sicherzustellen, dass alles richtig festgezogen und sicher ist. Der Preis f\u00fcr Ihren ersten Sicherheitscheck ist im Preis&hellip;<\/p>\n","protected":false},"author":633,"featured_media":0,"parent":0,"menu_order":0,"comment_status":"closed","ping_status":"closed","template":"","meta":[],"acf":[],"yoast_head":"<!-- This site is optimized with the Yoast SEO plugin v20.11 - https:\/\/yoast.com\/wordpress\/plugins\/seo\/ -->\n<title>Warum lokal kaufen | Fahrradzubeh\u00f6r | Wisper Elektrofahrr\u00e4der<\/title>\n<meta name=\"description\" content=\"Wisper empfiehlt dringend den Kauf Ihres Wisper-Fahrrads beim \u00f6rtlichen H\u00e4ndler. Pers\u00f6nliche Ansicht vor dem Kauf m\u00f6glich.\" \/>\n<meta name=\"robots\" content=\"index, follow, max-snippet:-1, max-image-preview:large, max-video-preview:-1\" \/>\n<link rel=\"canonical\" href=\"https:\/\/wisperbikes.com\/de\/why-buy-locally\/\" \/>\n<meta property=\"og:locale\" content=\"de_DE\" \/>\n<meta property=\"og:type\" content=\"article\" \/>\n<meta property=\"og:title\" content=\"Warum lokal kaufen | Fahrradzubeh\u00f6r | Wisper Elektrofahrr\u00e4der\" \/>\n<meta property=\"og:description\" content=\"Wisper empfiehlt dringend den Kauf Ihres Wisper-Fahrrads beim \u00f6rtlichen H\u00e4ndler. Pers\u00f6nliche Ansicht vor dem Kauf m\u00f6glich.\" \/>\n<meta property=\"og:url\" content=\"https:\/\/wisperbikes.com\/de\/why-buy-locally\/\" \/>\n<meta property=\"og:site_name\" content=\"Wisper Bikes\" \/>\n<meta property=\"article:publisher\" content=\"https:\/\/www.facebook.com\/Amps.Bike\/\" \/>\n<meta property=\"article:modified_time\" content=\"2025-05-09T10:58:08+00:00\" \/>\n<meta name=\"twitter:card\" content=\"summary_large_image\" \/>\n<meta name=\"twitter:site\" content=\"@wisperebikes\" \/>\n<meta name=\"twitter:label1\" content=\"Gesch\u00e4tzte Lesezeit\" \/>\n\t<meta name=\"twitter:data1\" content=\"3\u00a0Minuten\" \/>\n<script type=\"application\/ld+json\" class=\"yoast-schema-graph\">{\"@context\":\"https:\/\/schema.org\",\"@graph\":[{\"@type\":\"Article\",\"@id\":\"https:\/\/wisperbikes.com\/de\/why-buy-locally\/#article\",\"isPartOf\":{\"@id\":\"https:\/\/wisperbikes.com\/de\/why-buy-locally\/\"},\"author\":{\"name\":\"Joy\",\"@id\":\"https:\/\/wisperbikes.com\/de\/#\/schema\/person\/871a5ffd761ff37c08afd6ad71a4f5bf\"},\"headline\":\"Why Buy Locally?\",\"datePublished\":\"2018-09-19T13:40:07+00:00\",\"dateModified\":\"2025-05-09T10:58:08+00:00\",\"mainEntityOfPage\":{\"@id\":\"https:\/\/wisperbikes.com\/de\/why-buy-locally\/\"},\"wordCount\":481,\"publisher\":{\"@id\":\"https:\/\/wisperbikes.com\/de\/#organization\"},\"inLanguage\":\"de\"},{\"@type\":\"WebPage\",\"@id\":\"https:\/\/wisperbikes.com\/de\/why-buy-locally\/\",\"url\":\"https:\/\/wisperbikes.com\/de\/why-buy-locally\/\",\"name\":\"Warum lokal kaufen | Fahrradzubeh\u00f6r | Wisper Elektrofahrr\u00e4der\",\"isPartOf\":{\"@id\":\"https:\/\/wisperbikes.com\/de\/#website\"},\"datePublished\":\"2018-09-19T13:40:07+00:00\",\"dateModified\":\"2025-05-09T10:58:08+00:00\",\"description\":\"Wisper empfiehlt dringend den Kauf Ihres Wisper-Fahrrads beim \u00f6rtlichen H\u00e4ndler. Pers\u00f6nliche Ansicht vor dem Kauf m\u00f6glich.\",\"breadcrumb\":{\"@id\":\"https:\/\/wisperbikes.com\/de\/why-buy-locally\/#breadcrumb\"},\"inLanguage\":\"de\",\"potentialAction\":[{\"@type\":\"ReadAction\",\"target\":[\"https:\/\/wisperbikes.com\/de\/why-buy-locally\/\"]}]},{\"@type\":\"BreadcrumbList\",\"@id\":\"https:\/\/wisperbikes.com\/de\/why-buy-locally\/#breadcrumb\",\"itemListElement\":[{\"@type\":\"ListItem\",\"position\":1,\"name\":\"Home\",\"item\":\"https:\/\/wisperbikes.com\/de\/\"},{\"@type\":\"ListItem\",\"position\":2,\"name\":\"Why Buy Locally?\"}]},{\"@type\":\"WebSite\",\"@id\":\"https:\/\/wisperbikes.com\/de\/#website\",\"url\":\"https:\/\/wisperbikes.com\/de\/\",\"name\":\"Wisper Bikes\",\"description\":\"Electric Bikes\",\"publisher\":{\"@id\":\"https:\/\/wisperbikes.com\/de\/#organization\"},\"potentialAction\":[{\"@type\":\"SearchAction\",\"target\":{\"@type\":\"EntryPoint\",\"urlTemplate\":\"https:\/\/wisperbikes.com\/de\/?s={search_term_string}\"},\"query-input\":\"required name=search_term_string\"}],\"inLanguage\":\"de\"},{\"@type\":\"Organization\",\"@id\":\"https:\/\/wisperbikes.com\/de\/#organization\",\"name\":\"Wisper Electric Bikes\",\"alternateName\":\"Wisper E-Bikes\",\"url\":\"https:\/\/wisperbikes.com\/de\/\",\"logo\":{\"@type\":\"ImageObject\",\"inLanguage\":\"de\",\"@id\":\"https:\/\/wisperbikes.com\/de\/#\/schema\/logo\/image\/\",\"url\":\"https:\/\/wisperbikes.com\/de\/wp-content\/uploads\/2021\/06\/WISPER-Logo.png\",\"contentUrl\":\"https:\/\/wisperbikes.com\/de\/wp-content\/uploads\/2021\/06\/WISPER-Logo.png\",\"width\":250,\"height\":65,\"caption\":\"Wisper Electric Bikes\"},\"image\":{\"@id\":\"https:\/\/wisperbikes.com\/de\/#\/schema\/logo\/image\/\"},\"sameAs\":[\"https:\/\/www.facebook.com\/Amps.Bike\/\",\"https:\/\/twitter.com\/wisperebikes\",\"https:\/\/www.instagram.com\/wisperbikes\/\"]},{\"@type\":\"Person\",\"@id\":\"https:\/\/wisperbikes.com\/de\/#\/schema\/person\/871a5ffd761ff37c08afd6ad71a4f5bf\",\"name\":\"Joy\",\"image\":{\"@type\":\"ImageObject\",\"inLanguage\":\"de\",\"@id\":\"https:\/\/wisperbikes.com\/de\/#\/schema\/person\/image\/\",\"url\":\"https:\/\/secure.gravatar.com\/avatar\/b51849fdd55c9f18997c28d8f7bacad2?s=96&d=mm&r=g\",\"contentUrl\":\"https:\/\/secure.gravatar.com\/avatar\/b51849fdd55c9f18997c28d8f7bacad2?s=96&d=mm&r=g\",\"caption\":\"Joy\"},\"sameAs\":[\"http:\/\/chorleydigital.com\"]}]}<\/script>\n<!-- \/ Yoast SEO plugin. -->","yoast_head_json":{"title":"Warum lokal kaufen | Fahrradzubeh\u00f6r | Wisper Elektrofahrr\u00e4der","description":"Wisper empfiehlt dringend den Kauf Ihres Wisper-Fahrrads beim \u00f6rtlichen H\u00e4ndler. Pers\u00f6nliche Ansicht vor dem Kauf m\u00f6glich.","robots":{"index":"index","follow":"follow","max-snippet":"max-snippet:-1","max-image-preview":"max-image-preview:large","max-video-preview":"max-video-preview:-1"},"canonical":"https:\/\/wisperbikes.com\/de\/why-buy-locally\/","og_locale":"de_DE","og_type":"article","og_title":"Warum lokal kaufen | Fahrradzubeh\u00f6r | Wisper Elektrofahrr\u00e4der","og_description":"Wisper empfiehlt dringend den Kauf Ihres Wisper-Fahrrads beim \u00f6rtlichen H\u00e4ndler. Pers\u00f6nliche Ansicht vor dem Kauf m\u00f6glich.","og_url":"https:\/\/wisperbikes.com\/de\/why-buy-locally\/","og_site_name":"Wisper Bikes","article_publisher":"https:\/\/www.facebook.com\/Amps.Bike\/","article_modified_time":"2025-05-09T10:58:08+00:00","twitter_card":"summary_large_image","twitter_site":"@wisperebikes","twitter_misc":{"Gesch\u00e4tzte Lesezeit":"3\u00a0Minuten"},"schema":{"@context":"https:\/\/schema.org","@graph":[{"@type":"Article","@id":"https:\/\/wisperbikes.com\/de\/why-buy-locally\/#article","isPartOf":{"@id":"https:\/\/wisperbikes.com\/de\/why-buy-locally\/"},"author":{"name":"Joy","@id":"https:\/\/wisperbikes.com\/de\/#\/schema\/person\/871a5ffd761ff37c08afd6ad71a4f5bf"},"headline":"Why Buy Locally?","datePublished":"2018-09-19T13:40:07+00:00","dateModified":"2025-05-09T10:58:08+00:00","mainEntityOfPage":{"@id":"https:\/\/wisperbikes.com\/de\/why-buy-locally\/"},"wordCount":481,"publisher":{"@id":"https:\/\/wisperbikes.com\/de\/#organization"},"inLanguage":"de"},{"@type":"WebPage","@id":"https:\/\/wisperbikes.com\/de\/why-buy-locally\/","url":"https:\/\/wisperbikes.com\/de\/why-buy-locally\/","name":"Warum lokal kaufen | Fahrradzubeh\u00f6r | Wisper Elektrofahrr\u00e4der","isPartOf":{"@id":"https:\/\/wisperbikes.com\/de\/#website"},"datePublished":"2018-09-19T13:40:07+00:00","dateModified":"2025-05-09T10:58:08+00:00","description":"Wisper empfiehlt dringend den Kauf Ihres Wisper-Fahrrads beim \u00f6rtlichen H\u00e4ndler. Pers\u00f6nliche Ansicht vor dem Kauf m\u00f6glich.","breadcrumb":{"@id":"https:\/\/wisperbikes.com\/de\/why-buy-locally\/#breadcrumb"},"inLanguage":"de","potentialAction":[{"@type":"ReadAction","target":["https:\/\/wisperbikes.com\/de\/why-buy-locally\/"]}]},{"@type":"BreadcrumbList","@id":"https:\/\/wisperbikes.com\/de\/why-buy-locally\/#breadcrumb","itemListElement":[{"@type":"ListItem","position":1,"name":"Home","item":"https:\/\/wisperbikes.com\/de\/"},{"@type":"ListItem","position":2,"name":"Why Buy Locally?"}]},{"@type":"WebSite","@id":"https:\/\/wisperbikes.com\/de\/#website","url":"https:\/\/wisperbikes.com\/de\/","name":"Wisper Bikes","description":"Electric Bikes","publisher":{"@id":"https:\/\/wisperbikes.com\/de\/#organization"},"potentialAction":[{"@type":"SearchAction","target":{"@type":"EntryPoint","urlTemplate":"https:\/\/wisperbikes.com\/de\/?s={search_term_string}"},"query-input":"required name=search_term_string"}],"inLanguage":"de"},{"@type":"Organization","@id":"https:\/\/wisperbikes.com\/de\/#organization","name":"Wisper Electric Bikes","alternateName":"Wisper E-Bikes","url":"https:\/\/wisperbikes.com\/de\/","logo":{"@type":"ImageObject","inLanguage":"de","@id":"https:\/\/wisperbikes.com\/de\/#\/schema\/logo\/image\/","url":"https:\/\/wisperbikes.com\/de\/wp-content\/uploads\/2021\/06\/WISPER-Logo.png","contentUrl":"https:\/\/wisperbikes.com\/de\/wp-content\/uploads\/2021\/06\/WISPER-Logo.png","width":250,"height":65,"caption":"Wisper Electric Bikes"},"image":{"@id":"https:\/\/wisperbikes.com\/de\/#\/schema\/logo\/image\/"},"sameAs":["https:\/\/www.facebook.com\/Amps.Bike\/","https:\/\/twitter.com\/wisperebikes","https:\/\/www.instagram.com\/wisperbikes\/"]},{"@type":"Person","@id":"https:\/\/wisperbikes.com\/de\/#\/schema\/person\/871a5ffd761ff37c08afd6ad71a4f5bf","name":"Joy","image":{"@type":"ImageObject","inLanguage":"de","@id":"https:\/\/wisperbikes.com\/de\/#\/schema\/person\/image\/","url":"https:\/\/secure.gravatar.com\/avatar\/b51849fdd55c9f18997c28d8f7bacad2?s=96&d=mm&r=g","contentUrl":"https:\/\/secure.gravatar.com\/avatar\/b51849fdd55c9f18997c28d8f7bacad2?s=96&d=mm&r=g","caption":"Joy"},"sameAs":["http:\/\/chorleydigital.com"]}]}},"_links":{"self":[{"href":"https:\/\/wisperbikes.com\/de\/wp-json\/wp\/v2\/pages\/2359"}],"collection":[{"href":"https:\/\/wisperbikes.com\/de\/wp-json\/wp\/v2\/pages"}],"about":[{"href":"https:\/\/wisperbikes.com\/de\/wp-json\/wp\/v2\/types\/page"}],"author":[{"embeddable":true,"href":"https:\/\/wisperbikes.com\/de\/wp-json\/wp\/v2\/users\/633"}],"replies":[{"embeddable":true,"href":"https:\/\/wisperbikes.com\/de\/wp-json\/wp\/v2\/comments?post=2359"}],"version-history":[{"count":10,"href":"https:\/\/wisperbikes.com\/de\/wp-json\/wp\/v2\/pages\/2359\/revisions"}],"predecessor-version":[{"id":41203,"href":"https:\/\/wisperbikes.com\/de\/wp-json\/wp\/v2\/pages\/2359\/revisions\/41203"}],"wp:attachment":[{"href":"https:\/\/wisperbikes.com\/de\/wp-json\/wp\/v2\/media?parent=2359"}],"curies":[{"name":"wp","href":"https:\/\/api.w.org\/{rel}","templated":true}]}}