{"id":306,"date":"2017-08-13T17:06:07","date_gmt":"2017-08-13T17:06:07","guid":{"rendered":"https:\/\/wisperbikes.com\/de\/?page_id=306"},"modified":"2024-04-15T13:34:22","modified_gmt":"2024-04-15T13:34:22","slug":"book-an-e-bike-test-ride","status":"publish","type":"page","link":"https:\/\/wisperbikes.com\/de\/book-an-e-bike-test-ride\/","title":{"rendered":"Book A Wisper Test Ride"},"content":{"rendered":"\t\t<div data-elementor-type=\"wp-page\" data-elementor-id=\"306\" class=\"elementor elementor-306\" data-elementor-post-type=\"page\">\n\t\t\t\t\t\t\t\t\t<section class=\"elementor-section elementor-top-section elementor-element elementor-element-3405c4f elementor-section-full_width elementor-section-stretched elementor-section-height-default elementor-section-height-default\" data-id=\"3405c4f\" data-element_type=\"section\" data-settings=\"{&quot;stretch_section&quot;:&quot;section-stretched&quot;}\">\n\t\t\t\t\t\t<div class=\"elementor-container elementor-column-gap-default\">\n\t\t\t\t\t<div class=\"elementor-column elementor-col-100 elementor-top-column elementor-element elementor-element-82efc5b\" data-id=\"82efc5b\" data-element_type=\"column\">\n\t\t\t<div class=\"elementor-widget-wrap elementor-element-populated\">\n\t\t\t\t\t\t\t\t<section class=\"elementor-section elementor-inner-section elementor-element elementor-element-be135ac elementor-section-boxed elementor-section-height-default elementor-section-height-default\" data-id=\"be135ac\" data-element_type=\"section\">\n\t\t\t\t\t\t<div class=\"elementor-container elementor-column-gap-default\">\n\t\t\t\t\t<div class=\"elementor-column elementor-col-100 elementor-inner-column elementor-element elementor-element-e889fe1\" data-id=\"e889fe1\" data-element_type=\"column\">\n\t\t\t<div class=\"elementor-widget-wrap elementor-element-populated\">\n\t\t\t\t\t\t\t\t<div class=\"elementor-element elementor-element-ddea459 elementor-widget elementor-widget-heading\" data-id=\"ddea459\" data-element_type=\"widget\" data-widget_type=\"heading.default\">\n\t\t\t\t<div class=\"elementor-widget-container\">\n\t\t\t<h1 class=\"elementor-heading-title elementor-size-default\">Buchen Sie eine Wisper Probefahrt<\/h1>\t\t<\/div>\n\t\t\t\t<\/div>\n\t\t\t\t<div class=\"elementor-element elementor-element-5ff77f1f elementor-widget elementor-widget-text-editor\" data-id=\"5ff77f1f\" data-element_type=\"widget\" data-widget_type=\"text-editor.default\">\n\t\t\t\t<div class=\"elementor-widget-container\">\n\t\t\t\t\t\t\t<p>Wenn Sie m\u00f6chten, dass wir einen Termin f\u00fcr Sie vereinbaren, um eine Probefahrt mit einem unserer Fahrr\u00e4der zu machen, f\u00fcllen Sie bitte das untenstehende Formular aus und wir k\u00fcmmern uns um die Details.<\/p><p>Alternativ k\u00f6nnen Sie auf den Button &#8222;H\u00e4ndler finden&#8220; unten klicken, um Ihren n\u00e4chstgelegenen H\u00e4ndler zu finden.<\/p><p>F\u00fcr diejenigen, die eine l\u00e4ngere Probefahrt w\u00fcnschen, haben wir jetzt mehrere H\u00e4ndler, die Wisper Fahrr\u00e4der zur Miete anbieten. Bitte <a href=\"https:\/\/wisperbikes.com\/de\/wisper-hire-locator\/\">KLICKEN SIE HIER<\/a> f\u00fcr den Link zu unserer Mietseite.<\/p>\t\t\t\t\t\t<\/div>\n\t\t\t\t<\/div>\n\t\t\t\t<div class=\"elementor-element elementor-element-06df8ca elementor-widget elementor-widget-button\" data-id=\"06df8ca\" data-element_type=\"widget\" data-widget_type=\"button.default\">\n\t\t\t\t<div class=\"elementor-widget-container\">\n\t\t\t\t\t<div class=\"elementor-button-wrapper\">\n\t\t\t<a class=\"elementor-button elementor-button-link elementor-size-sm\" href=\"\/dealer-locator\/\">\n\t\t\t\t\t\t<span class=\"elementor-button-content-wrapper\">\n\t\t\t\t\t\t<span class=\"elementor-button-text\">Click here to locate your local dealer<\/span>\n\t\t<\/span>\n\t\t\t\t\t<\/a>\n\t\t<\/div>\n\t\t\t\t<\/div>\n\t\t\t\t<\/div>\n\t\t\t\t<div class=\"elementor-element elementor-element-4c40fd0 elementor-widget elementor-widget-spacer\" data-id=\"4c40fd0\" data-element_type=\"widget\" data-widget_type=\"spacer.default\">\n\t\t\t\t<div class=\"elementor-widget-container\">\n\t\t\t\t\t<div class=\"elementor-spacer\">\n\t\t\t<div class=\"elementor-spacer-inner\"><\/div>\n\t\t<\/div>\n\t\t\t\t<\/div>\n\t\t\t\t<\/div>\n\t\t\t\t<div class=\"elementor-element elementor-element-1192d9b elementor-widget elementor-widget-formidable\" data-id=\"1192d9b\" data-element_type=\"widget\" data-widget_type=\"formidable.default\">\n\t\t\t\t<div class=\"elementor-widget-container\">\n\t\t\t<div class=\"frm_forms  with_frm_style frm_style_formidable-style\" id=\"frm_form_7_container\" >\n<form enctype=\"multipart\/form-data\" method=\"post\" class=\"frm-show-form  frm_pro_form \" id=\"form_enquireaboutthisebike\"  >\n<div class=\"frm_form_fields \">\n<fieldset>\n<legend class=\"frm_hidden\">Enquire about this eBike<\/legend>\r\n\r\n<div class=\"frm_fields_container\">\n<input type=\"hidden\" name=\"frm_action\" value=\"create\" \/>\n<input type=\"hidden\" name=\"form_id\" value=\"7\" \/>\n<input type=\"hidden\" name=\"frm_hide_fields_7\" id=\"frm_hide_fields_7\" value=\"\" \/>\n<input type=\"hidden\" name=\"form_key\" value=\"enquireaboutthisebike\" \/>\n<input type=\"hidden\" name=\"item_meta[0]\" value=\"\" \/>\n<input type=\"hidden\" id=\"frm_submit_entry_7\" name=\"frm_submit_entry_7\" value=\"e8555e243a\" \/><input type=\"hidden\" name=\"_wp_http_referer\" value=\"\/de\/wp-json\/wp\/v2\/pages\/306\" \/><div id=\"frm_field_101_container\" class=\"frm_form_field form-field  frm_required_field frm_top_container frm6 frm_first\">\r\n    <label for=\"field_aw6o4\" class=\"frm_primary_label\">First Name\r\n        <span class=\"frm_required\">*<\/span>\r\n    <\/label>\r\n    <input type=\"text\" id=\"field_aw6o4\" name=\"item_meta[101]\" value=\"\"  data-reqmsg=\"This field cannot be blank.\" aria-required=\"true\" data-invmsg=\"First Name is invalid\" aria-invalid=\"false\"  \/>\r\n    \r\n    \r\n<\/div>\n<div id=\"frm_field_103_container\" class=\"frm_form_field form-field  frm_required_field frm_top_container frm6\">\r\n    <label for=\"field_41ubu\" class=\"frm_primary_label\">Email Address\r\n        <span class=\"frm_required\">*<\/span>\r\n    <\/label>\r\n    <input type=\"email\" id=\"field_41ubu\" name=\"item_meta[103]\" value=\"\"  data-reqmsg=\"This field cannot be blank.\" aria-required=\"true\" data-invmsg=\"Email Address is invalid\" aria-invalid=\"false\"  \/>\r\n    \r\n    \r\n<\/div>\n<div id=\"frm_field_147_container\" class=\"frm_form_field form-field  frm_required_field frm_top_container frm12 frm_firs frm_half t\">\n    <div  id=\"field_oqrah_label\" class=\"frm_primary_label\">Product\n        <span class=\"frm_required\" aria-hidden=\"true\">*<\/span>\n    <\/div>\n    <div class=\"frm_data_container\" aria-labelledby=\"field_oqrah_label\" role=\"group\"><select name=\"item_meta[147]\" id=\"field_oqrah\"  data-reqmsg=\"This field cannot be blank.\" aria-required=\"true\" data-invmsg=\"Product ist ung\u00fcltig\" aria-invalid=\"false\"  >\n<option  value=\"Select Bike\" data-frmprice=\"\">Select Bike<\/option><option  value=\"Wisper 705 26\u201d Step-Through eBike\" data-frmprice=\"\">Wisper 705 26\u201d Step-Through eBike<\/option><option  value=\"Wisper 905 Crossbar Electric Bicycle\" data-frmprice=\"\">Wisper 905 Crossbar Electric Bicycle<\/option><option  value=\"Wisper 705 26\u201d Step-Through eBike\" data-frmprice=\"\">Wisper 705 26\u201d Step-Through eBike<\/option><option  value=\"Wisper 705 24\u2033 Step-Through eBike\" data-frmprice=\"\">Wisper 705 24\u2033 Step-Through eBike<\/option><option  value=\"Wisper 705 24\u2033 Step-Through eBike\" data-frmprice=\"\">Wisper 705 24\u2033 Step-Through eBike<\/option><option  value=\"Wayfarer M7 Mid-Drive Step-Through\" data-frmprice=\"\">Wayfarer M7 Mid-Drive Step-Through<\/option><option  value=\"Wayfarer H7 Hub-Drive Step-Through\" data-frmprice=\"\">Wayfarer H7 Hub-Drive Step-Through<\/option><option  value=\"Wayfarer H9 Hub-Drive Crossbar\" data-frmprice=\"\">Wayfarer H9 Hub-Drive Crossbar<\/option><option  value=\"Wayfarer H9 Hub-Drive Crossbar\" data-frmprice=\"\">Wayfarer H9 Hub-Drive Crossbar<\/option><option  value=\"Wayfarer M9 Mid-Drive Crossbar\" data-frmprice=\"\">Wayfarer M9 Mid-Drive Crossbar<\/option><option  value=\"Tailwind City Low Crossbar\" data-frmprice=\"\">Tailwind City Low Crossbar<\/option><option  value=\"Tailwind City Crossbar\" data-frmprice=\"\">Tailwind City Crossbar<\/option><option  value=\"Tailwind Comfort Low Crossbar\" data-frmprice=\"\">Tailwind Comfort Low Crossbar<\/option><option  value=\"Tailwind Comfort Crossbar\" data-frmprice=\"\">Tailwind Comfort Crossbar<\/option><option  value=\"Tailwind Trail Low Crossbar\" data-frmprice=\"\">Tailwind Trail Low Crossbar<\/option><option  value=\"Tailwind Trail Crossbar\" data-frmprice=\"\">Tailwind Trail Crossbar<\/option><\/select>\n<\/div>\n    \n    \n<\/div>\n<div id=\"frm_field_104_container\" class=\"frm_form_field form-field  frm_required_field frm_top_container frm_half\">\r\n    <label for=\"field_atpuo\" class=\"frm_primary_label\">Telephone Number\r\n        <span class=\"frm_required\">*<\/span>\r\n    <\/label>\r\n    <input type=\"text\" id=\"field_atpuo\" name=\"item_meta[104]\" value=\"\"  data-reqmsg=\"This field cannot be blank.\" aria-required=\"true\" data-invmsg=\"Telephone Number is invalid\" aria-invalid=\"false\"  \/>\r\n    \r\n    \r\n<\/div>\n<div id=\"frm_field_105_container\" class=\"frm_form_field form-field  frm_required_field frm_top_container frm6 frm_first\">\r\n    <label for=\"field_vhzba\" class=\"frm_primary_label\">Town\r\n        <span class=\"frm_required\">*<\/span>\r\n    <\/label>\r\n    <input type=\"text\" id=\"field_vhzba\" name=\"item_meta[105]\" value=\"\"  data-reqmsg=\"This field cannot be blank.\" aria-required=\"true\" data-invmsg=\"Town is invalid\" aria-invalid=\"false\"  \/>\r\n    \r\n    \r\n<\/div>\n<div id=\"frm_field_106_container\" class=\"frm_form_field form-field  frm_required_field frm_top_container frm6\">\r\n    <label for=\"field_b6gsd\" class=\"frm_primary_label\">Postcode\r\n        <span class=\"frm_required\">*<\/span>\r\n    <\/label>\r\n    <input type=\"text\" id=\"field_b6gsd\" name=\"item_meta[106]\" value=\"\"  data-reqmsg=\"This field cannot be blank.\" aria-required=\"true\" data-invmsg=\"Postcode is invalid\" aria-invalid=\"false\"  \/>\r\n    \r\n    \r\n<\/div>\n<div id=\"frm_field_113_container\" class=\"frm_form_field form-field  frm_none_container\">\r\n    <label  class=\"frm_primary_label\">reCAPTCHA\r\n        <span class=\"frm_required\"><\/span>\r\n    <\/label>\r\n    <div id=\"field_ouj7u\" class=\"frm-g-recaptcha\" data-sitekey=\"6LcpZNkZAAAAAEjsf8-k29B5TOoqKddiiJNgb6t5\" data-size=\"normal\" data-theme=\"light\"><\/div>\r\n    \r\n    \r\n<\/div>\n\t<input type=\"hidden\" name=\"item_key\" value=\"\" \/>\n\t\t\t\t<div class=\"frm_verify\" aria-hidden=\"true\">\n\t\t\t\t<label for=\"frm_email_7\">\n\t\t\t\t\tFalls Du menschlich bist, lasse dieses Feld leer.\t\t\t\t<\/label>\n\t\t\t\t<input type=\"text\" class=\"frm_verify\" id=\"frm_email_7\" name=\"frm_verify\" value=\"\"  \/>\n\t\t\t<\/div>\n\t\t<input name=\"frm_state\" type=\"hidden\" value=\"OA44cS3QqyxlPh73vXnqStKYogJ2UHqSbTaiCTHBbNE=\" \/><div class=\"frm_submit\">\r\n\r\n<button class=\"frm_button_submit frm_final_submit\" type=\"submit\"   formnovalidate=\"formnovalidate\">Submit<\/button>\r\n\r\n<\/div><\/div>\n<\/fieldset>\n<\/div>\n<\/form>\n<\/div>\n\t\t<\/div>\n\t\t\t\t<\/div>\n\t\t\t\t<div class=\"elementor-element elementor-element-461cd86 elementor-widget elementor-widget-spacer\" data-id=\"461cd86\" data-element_type=\"widget\" data-widget_type=\"spacer.default\">\n\t\t\t\t<div class=\"elementor-widget-container\">\n\t\t\t\t\t<div class=\"elementor-spacer\">\n\t\t\t<div class=\"elementor-spacer-inner\"><\/div>\n\t\t<\/div>\n\t\t\t\t<\/div>\n\t\t\t\t<\/div>\n\t\t\t\t\t<\/div>\n\t\t<\/div>\n\t\t\t\t\t\t\t<\/div>\n\t\t<\/section>\n\t\t\t\t\t<\/div>\n\t\t<\/div>\n\t\t\t\t\t\t\t<\/div>\n\t\t<\/section>\n\t\t\t\t\t\t\t<\/div>\n\t\t","protected":false},"excerpt":{"rendered":"<p>Buchen Sie eine Wisper Probefahrt Wenn Sie m\u00f6chten, dass wir einen Termin f\u00fcr Sie vereinbaren, um eine Probefahrt mit einem unserer Fahrr\u00e4der zu machen, f\u00fcllen Sie bitte das untenstehende Formular aus und wir k\u00fcmmern uns um die Details. Alternativ k\u00f6nnen Sie auf den Button &#8222;H\u00e4ndler finden&#8220; unten klicken, um Ihren n\u00e4chstgelegenen H\u00e4ndler zu finden. F\u00fcr&hellip;<\/p>\n","protected":false},"author":633,"featured_media":0,"parent":0,"menu_order":0,"comment_status":"closed","ping_status":"closed","template":"","meta":[],"acf":[],"yoast_head":"<!-- This site is optimized with the Yoast SEO plugin v20.11 - https:\/\/yoast.com\/wordpress\/plugins\/seo\/ -->\n<title>Buchen Sie eine wisper Ebike Test Ride | Wisper Elektrofahrr\u00e4der<\/title>\n<meta name=\"description\" content=\"Probieren Sie ein Wisper Ebike bei einer Testfahrt aus. Besuchen Sie unsere Website und kontaktieren Sie uns unter 01732 762393.\" \/>\n<meta name=\"robots\" content=\"index, follow, max-snippet:-1, max-image-preview:large, max-video-preview:-1\" \/>\n<link rel=\"canonical\" href=\"https:\/\/wisperbikes.com\/de\/book-an-e-bike-test-ride\/\" \/>\n<meta property=\"og:locale\" content=\"de_DE\" \/>\n<meta property=\"og:type\" content=\"article\" \/>\n<meta property=\"og:title\" content=\"Buchen Sie eine wisper Ebike Test Ride | Wisper Elektrofahrr\u00e4der\" \/>\n<meta property=\"og:description\" content=\"Probieren Sie ein Wisper Ebike bei einer Testfahrt aus. Besuchen Sie unsere Website und kontaktieren Sie uns unter 01732 762393.\" \/>\n<meta property=\"og:url\" content=\"https:\/\/wisperbikes.com\/de\/book-an-e-bike-test-ride\/\" \/>\n<meta property=\"og:site_name\" content=\"Wisper Bikes\" \/>\n<meta property=\"article:publisher\" content=\"https:\/\/www.facebook.com\/Amps.Bike\/\" \/>\n<meta property=\"article:modified_time\" content=\"2024-04-15T13:34:22+00:00\" \/>\n<meta name=\"twitter:card\" content=\"summary_large_image\" \/>\n<meta name=\"twitter:site\" content=\"@wisperebikes\" \/>\n<meta name=\"twitter:label1\" content=\"Gesch\u00e4tzte Lesezeit\" \/>\n\t<meta name=\"twitter:data1\" content=\"1\u00a0Minute\" \/>\n<script type=\"application\/ld+json\" class=\"yoast-schema-graph\">{\"@context\":\"https:\/\/schema.org\",\"@graph\":[{\"@type\":\"Article\",\"@id\":\"https:\/\/wisperbikes.com\/de\/book-an-e-bike-test-ride\/#article\",\"isPartOf\":{\"@id\":\"https:\/\/wisperbikes.com\/de\/book-an-e-bike-test-ride\/\"},\"author\":{\"name\":\"Joy\",\"@id\":\"https:\/\/wisperbikes.com\/de\/#\/schema\/person\/871a5ffd761ff37c08afd6ad71a4f5bf\"},\"headline\":\"Book A Wisper Test Ride\",\"datePublished\":\"2017-08-13T17:06:07+00:00\",\"dateModified\":\"2024-04-15T13:34:22+00:00\",\"mainEntityOfPage\":{\"@id\":\"https:\/\/wisperbikes.com\/de\/book-an-e-bike-test-ride\/\"},\"wordCount\":191,\"publisher\":{\"@id\":\"https:\/\/wisperbikes.com\/de\/#organization\"},\"inLanguage\":\"de\"},{\"@type\":\"WebPage\",\"@id\":\"https:\/\/wisperbikes.com\/de\/book-an-e-bike-test-ride\/\",\"url\":\"https:\/\/wisperbikes.com\/de\/book-an-e-bike-test-ride\/\",\"name\":\"Buchen Sie eine wisper Ebike Test Ride | Wisper Elektrofahrr\u00e4der\",\"isPartOf\":{\"@id\":\"https:\/\/wisperbikes.com\/de\/#website\"},\"datePublished\":\"2017-08-13T17:06:07+00:00\",\"dateModified\":\"2024-04-15T13:34:22+00:00\",\"description\":\"Probieren Sie ein Wisper Ebike bei einer Testfahrt aus. Besuchen Sie unsere Website und kontaktieren Sie uns unter 01732 762393.\",\"breadcrumb\":{\"@id\":\"https:\/\/wisperbikes.com\/de\/book-an-e-bike-test-ride\/#breadcrumb\"},\"inLanguage\":\"de\",\"potentialAction\":[{\"@type\":\"ReadAction\",\"target\":[\"https:\/\/wisperbikes.com\/de\/book-an-e-bike-test-ride\/\"]}]},{\"@type\":\"BreadcrumbList\",\"@id\":\"https:\/\/wisperbikes.com\/de\/book-an-e-bike-test-ride\/#breadcrumb\",\"itemListElement\":[{\"@type\":\"ListItem\",\"position\":1,\"name\":\"Home\",\"item\":\"https:\/\/wisperbikes.com\/de\/\"},{\"@type\":\"ListItem\",\"position\":2,\"name\":\"Book A Wisper Test Ride\"}]},{\"@type\":\"WebSite\",\"@id\":\"https:\/\/wisperbikes.com\/de\/#website\",\"url\":\"https:\/\/wisperbikes.com\/de\/\",\"name\":\"Wisper Bikes\",\"description\":\"Electric Bikes\",\"publisher\":{\"@id\":\"https:\/\/wisperbikes.com\/de\/#organization\"},\"potentialAction\":[{\"@type\":\"SearchAction\",\"target\":{\"@type\":\"EntryPoint\",\"urlTemplate\":\"https:\/\/wisperbikes.com\/de\/?s={search_term_string}\"},\"query-input\":\"required name=search_term_string\"}],\"inLanguage\":\"de\"},{\"@type\":\"Organization\",\"@id\":\"https:\/\/wisperbikes.com\/de\/#organization\",\"name\":\"Wisper Electric Bikes\",\"alternateName\":\"Wisper E-Bikes\",\"url\":\"https:\/\/wisperbikes.com\/de\/\",\"logo\":{\"@type\":\"ImageObject\",\"inLanguage\":\"de\",\"@id\":\"https:\/\/wisperbikes.com\/de\/#\/schema\/logo\/image\/\",\"url\":\"https:\/\/wisperbikes.com\/de\/wp-content\/uploads\/2021\/06\/WISPER-Logo.png\",\"contentUrl\":\"https:\/\/wisperbikes.com\/de\/wp-content\/uploads\/2021\/06\/WISPER-Logo.png\",\"width\":250,\"height\":65,\"caption\":\"Wisper Electric Bikes\"},\"image\":{\"@id\":\"https:\/\/wisperbikes.com\/de\/#\/schema\/logo\/image\/\"},\"sameAs\":[\"https:\/\/www.facebook.com\/Amps.Bike\/\",\"https:\/\/twitter.com\/wisperebikes\",\"https:\/\/www.instagram.com\/wisperbikes\/\"]},{\"@type\":\"Person\",\"@id\":\"https:\/\/wisperbikes.com\/de\/#\/schema\/person\/871a5ffd761ff37c08afd6ad71a4f5bf\",\"name\":\"Joy\",\"image\":{\"@type\":\"ImageObject\",\"inLanguage\":\"de\",\"@id\":\"https:\/\/wisperbikes.com\/de\/#\/schema\/person\/image\/\",\"url\":\"https:\/\/secure.gravatar.com\/avatar\/b51849fdd55c9f18997c28d8f7bacad2?s=96&d=mm&r=g\",\"contentUrl\":\"https:\/\/secure.gravatar.com\/avatar\/b51849fdd55c9f18997c28d8f7bacad2?s=96&d=mm&r=g\",\"caption\":\"Joy\"},\"sameAs\":[\"http:\/\/chorleydigital.com\"]}]}<\/script>\n<!-- \/ Yoast SEO plugin. -->","yoast_head_json":{"title":"Buchen Sie eine wisper Ebike Test Ride | Wisper Elektrofahrr\u00e4der","description":"Probieren Sie ein Wisper Ebike bei einer Testfahrt aus. Besuchen Sie unsere Website und kontaktieren Sie uns unter 01732 762393.","robots":{"index":"index","follow":"follow","max-snippet":"max-snippet:-1","max-image-preview":"max-image-preview:large","max-video-preview":"max-video-preview:-1"},"canonical":"https:\/\/wisperbikes.com\/de\/book-an-e-bike-test-ride\/","og_locale":"de_DE","og_type":"article","og_title":"Buchen Sie eine wisper Ebike Test Ride | Wisper Elektrofahrr\u00e4der","og_description":"Probieren Sie ein Wisper Ebike bei einer Testfahrt aus. Besuchen Sie unsere Website und kontaktieren Sie uns unter 01732 762393.","og_url":"https:\/\/wisperbikes.com\/de\/book-an-e-bike-test-ride\/","og_site_name":"Wisper Bikes","article_publisher":"https:\/\/www.facebook.com\/Amps.Bike\/","article_modified_time":"2024-04-15T13:34:22+00:00","twitter_card":"summary_large_image","twitter_site":"@wisperebikes","twitter_misc":{"Gesch\u00e4tzte Lesezeit":"1\u00a0Minute"},"schema":{"@context":"https:\/\/schema.org","@graph":[{"@type":"Article","@id":"https:\/\/wisperbikes.com\/de\/book-an-e-bike-test-ride\/#article","isPartOf":{"@id":"https:\/\/wisperbikes.com\/de\/book-an-e-bike-test-ride\/"},"author":{"name":"Joy","@id":"https:\/\/wisperbikes.com\/de\/#\/schema\/person\/871a5ffd761ff37c08afd6ad71a4f5bf"},"headline":"Book A Wisper Test Ride","datePublished":"2017-08-13T17:06:07+00:00","dateModified":"2024-04-15T13:34:22+00:00","mainEntityOfPage":{"@id":"https:\/\/wisperbikes.com\/de\/book-an-e-bike-test-ride\/"},"wordCount":191,"publisher":{"@id":"https:\/\/wisperbikes.com\/de\/#organization"},"inLanguage":"de"},{"@type":"WebPage","@id":"https:\/\/wisperbikes.com\/de\/book-an-e-bike-test-ride\/","url":"https:\/\/wisperbikes.com\/de\/book-an-e-bike-test-ride\/","name":"Buchen Sie eine wisper Ebike Test Ride | Wisper Elektrofahrr\u00e4der","isPartOf":{"@id":"https:\/\/wisperbikes.com\/de\/#website"},"datePublished":"2017-08-13T17:06:07+00:00","dateModified":"2024-04-15T13:34:22+00:00","description":"Probieren Sie ein Wisper Ebike bei einer Testfahrt aus. Besuchen Sie unsere Website und kontaktieren Sie uns unter 01732 762393.","breadcrumb":{"@id":"https:\/\/wisperbikes.com\/de\/book-an-e-bike-test-ride\/#breadcrumb"},"inLanguage":"de","potentialAction":[{"@type":"ReadAction","target":["https:\/\/wisperbikes.com\/de\/book-an-e-bike-test-ride\/"]}]},{"@type":"BreadcrumbList","@id":"https:\/\/wisperbikes.com\/de\/book-an-e-bike-test-ride\/#breadcrumb","itemListElement":[{"@type":"ListItem","position":1,"name":"Home","item":"https:\/\/wisperbikes.com\/de\/"},{"@type":"ListItem","position":2,"name":"Book A Wisper Test Ride"}]},{"@type":"WebSite","@id":"https:\/\/wisperbikes.com\/de\/#website","url":"https:\/\/wisperbikes.com\/de\/","name":"Wisper Bikes","description":"Electric Bikes","publisher":{"@id":"https:\/\/wisperbikes.com\/de\/#organization"},"potentialAction":[{"@type":"SearchAction","target":{"@type":"EntryPoint","urlTemplate":"https:\/\/wisperbikes.com\/de\/?s={search_term_string}"},"query-input":"required name=search_term_string"}],"inLanguage":"de"},{"@type":"Organization","@id":"https:\/\/wisperbikes.com\/de\/#organization","name":"Wisper Electric Bikes","alternateName":"Wisper E-Bikes","url":"https:\/\/wisperbikes.com\/de\/","logo":{"@type":"ImageObject","inLanguage":"de","@id":"https:\/\/wisperbikes.com\/de\/#\/schema\/logo\/image\/","url":"https:\/\/wisperbikes.com\/de\/wp-content\/uploads\/2021\/06\/WISPER-Logo.png","contentUrl":"https:\/\/wisperbikes.com\/de\/wp-content\/uploads\/2021\/06\/WISPER-Logo.png","width":250,"height":65,"caption":"Wisper Electric Bikes"},"image":{"@id":"https:\/\/wisperbikes.com\/de\/#\/schema\/logo\/image\/"},"sameAs":["https:\/\/www.facebook.com\/Amps.Bike\/","https:\/\/twitter.com\/wisperebikes","https:\/\/www.instagram.com\/wisperbikes\/"]},{"@type":"Person","@id":"https:\/\/wisperbikes.com\/de\/#\/schema\/person\/871a5ffd761ff37c08afd6ad71a4f5bf","name":"Joy","image":{"@type":"ImageObject","inLanguage":"de","@id":"https:\/\/wisperbikes.com\/de\/#\/schema\/person\/image\/","url":"https:\/\/secure.gravatar.com\/avatar\/b51849fdd55c9f18997c28d8f7bacad2?s=96&d=mm&r=g","contentUrl":"https:\/\/secure.gravatar.com\/avatar\/b51849fdd55c9f18997c28d8f7bacad2?s=96&d=mm&r=g","caption":"Joy"},"sameAs":["http:\/\/chorleydigital.com"]}]}},"_links":{"self":[{"href":"https:\/\/wisperbikes.com\/de\/wp-json\/wp\/v2\/pages\/306"}],"collection":[{"href":"https:\/\/wisperbikes.com\/de\/wp-json\/wp\/v2\/pages"}],"about":[{"href":"https:\/\/wisperbikes.com\/de\/wp-json\/wp\/v2\/types\/page"}],"author":[{"embeddable":true,"href":"https:\/\/wisperbikes.com\/de\/wp-json\/wp\/v2\/users\/633"}],"replies":[{"embeddable":true,"href":"https:\/\/wisperbikes.com\/de\/wp-json\/wp\/v2\/comments?post=306"}],"version-history":[{"count":12,"href":"https:\/\/wisperbikes.com\/de\/wp-json\/wp\/v2\/pages\/306\/revisions"}],"predecessor-version":[{"id":41030,"href":"https:\/\/wisperbikes.com\/de\/wp-json\/wp\/v2\/pages\/306\/revisions\/41030"}],"wp:attachment":[{"href":"https:\/\/wisperbikes.com\/de\/wp-json\/wp\/v2\/media?parent=306"}],"curies":[{"name":"wp","href":"https:\/\/api.w.org\/{rel}","templated":true}]}}