{"id":308,"date":"2017-12-13T17:06:24","date_gmt":"2017-12-13T17:06:24","guid":{"rendered":"https:\/\/wisperbikes.com\/de\/?page_id=308"},"modified":"2024-04-17T12:05:47","modified_gmt":"2024-04-17T12:05:47","slug":"become-a-wisper-dealer","status":"publish","type":"page","link":"https:\/\/wisperbikes.com\/de\/become-a-wisper-dealer\/","title":{"rendered":"Thinking of becoming a Wisper dealer?"},"content":{"rendered":"\t\t<div data-elementor-type=\"wp-page\" data-elementor-id=\"308\" class=\"elementor elementor-308\" data-elementor-post-type=\"page\">\n\t\t\t\t\t\t\t\t\t<section class=\"elementor-section elementor-top-section elementor-element elementor-element-40b363e elementor-section-full_width elementor-section-stretched elementor-section-height-default elementor-section-height-default\" data-id=\"40b363e\" data-element_type=\"section\" data-settings=\"{&quot;stretch_section&quot;:&quot;section-stretched&quot;}\">\n\t\t\t\t\t\t<div class=\"elementor-container elementor-column-gap-default\">\n\t\t\t\t\t<div class=\"elementor-column elementor-col-100 elementor-top-column elementor-element elementor-element-3382d15\" data-id=\"3382d15\" data-element_type=\"column\">\n\t\t\t<div class=\"elementor-widget-wrap elementor-element-populated\">\n\t\t\t\t\t\t\t\t<section class=\"elementor-section elementor-inner-section elementor-element elementor-element-8d7122a elementor-section-boxed elementor-section-height-default elementor-section-height-default\" data-id=\"8d7122a\" data-element_type=\"section\">\n\t\t\t\t\t\t<div class=\"elementor-container elementor-column-gap-default\">\n\t\t\t\t\t<div class=\"elementor-column elementor-col-100 elementor-inner-column elementor-element elementor-element-d0a4f3f\" data-id=\"d0a4f3f\" data-element_type=\"column\">\n\t\t\t<div class=\"elementor-widget-wrap elementor-element-populated\">\n\t\t\t\t\t\t\t\t<div class=\"elementor-element elementor-element-4923fdf elementor-widget elementor-widget-text-editor\" data-id=\"4923fdf\" data-element_type=\"widget\" data-widget_type=\"text-editor.default\">\n\t\t\t\t<div class=\"elementor-widget-container\">\n\t\t\t\t\t\t\tWir sind interessiert an Gespr\u00e4chen mit professionellen Fahrradh\u00e4ndlern und E-Bike-Spezialisten\t\t\t\t\t\t<\/div>\n\t\t\t\t<\/div>\n\t\t\t\t<div class=\"elementor-element elementor-element-6014357 elementor-widget elementor-widget-text-editor\" data-id=\"6014357\" data-element_type=\"widget\" data-widget_type=\"text-editor.default\">\n\t\t\t\t<div class=\"elementor-widget-container\">\n\t\t\t\t\t\t\t<p><span data-sheets-value=\"{&quot;1&quot;:2,&quot;2&quot;:&quot;In Gro\u00dfbritannien und Irland&quot;}\" data-sheets-userformat=\"{&quot;2&quot;:276995,&quot;3&quot;:{&quot;1&quot;:0},&quot;4&quot;:{&quot;1&quot;:2,&quot;2&quot;:16250872},&quot;12&quot;:0,&quot;14&quot;:{&quot;1&quot;:2,&quot;2&quot;:3621201},&quot;15&quot;:&quot;S\u00f6hne, ui-sans-serif, system-ui, -apple-system, \\&quot;Segoe UI\\&quot;, Roboto, Ubuntu, Cantarell, \\&quot;Noto Sans\\&quot;, sans-serif, \\&quot;Helvetica Neue\\&quot;, Arial, \\&quot;Apple Color Emoji\\&quot;, \\&quot;Segoe UI Emoji\\&quot;, \\&quot;Segoe UI Symbol\\&quot;, \\&quot;Noto Color Emoji\\&quot;&quot;,&quot;16&quot;:12,&quot;21&quot;:1}\">In Gro\u00dfbritannien und Irland<\/span><\/p>\t\t\t\t\t\t<\/div>\n\t\t\t\t<\/div>\n\t\t\t\t<div class=\"elementor-element elementor-element-777c1c2 elementor-widget elementor-widget-text-editor\" data-id=\"777c1c2\" data-element_type=\"widget\" data-widget_type=\"text-editor.default\">\n\t\t\t\t<div class=\"elementor-widget-container\">\n\t\t\t\t\t\t\t<p><span data-sheets-value=\"{&quot;1&quot;:2,&quot;2&quot;:&quot;Wir suchen erstklassige und professionelle Fahrradh\u00e4ndler sowie Elektrofahrrad-Spezialisten, um Wisper Fahrr\u00e4der \u00fcberall in Gro\u00dfbritannien verf\u00fcgbar zu machen. Wenn Sie daran interessiert sind, ein Wisper H\u00e4ndler zu werden, senden Sie bitte eine E-Mail an info@wisperbikes.com oder rufen Sie 01732 762393 an.&quot;}\" data-sheets-userformat=\"{&quot;2&quot;:276995,&quot;3&quot;:{&quot;1&quot;:0},&quot;4&quot;:{&quot;1&quot;:2,&quot;2&quot;:16250872},&quot;12&quot;:0,&quot;14&quot;:{&quot;1&quot;:2,&quot;2&quot;:3621201},&quot;15&quot;:&quot;S\u00f6hne, ui-sans-serif, system-ui, -apple-system, \\&quot;Segoe UI\\&quot;, Roboto, Ubuntu, Cantarell, \\&quot;Noto Sans\\&quot;, sans-serif, \\&quot;Helvetica Neue\\&quot;, Arial, \\&quot;Apple Color Emoji\\&quot;, \\&quot;Segoe UI Emoji\\&quot;, \\&quot;Segoe UI Symbol\\&quot;, \\&quot;Noto Color Emoji\\&quot;&quot;,&quot;16&quot;:12,&quot;21&quot;:1}\">Wir suchen erstklassige und professionelle Fahrradh\u00e4ndler sowie Elektrofahrrad-Spezialisten, um Wisper Fahrr\u00e4der \u00fcberall in Gro\u00dfbritannien verf\u00fcgbar zu machen. Wenn Sie daran interessiert sind, ein Wisper H\u00e4ndler zu werden, senden Sie bitte eine E-Mail an info@wisperbikes.com oder rufen Sie 01732 762393 an.<\/span><\/p>\t\t\t\t\t\t<\/div>\n\t\t\t\t<\/div>\n\t\t\t\t<div class=\"elementor-element elementor-element-4b2f9b0 elementor-widget elementor-widget-text-editor\" data-id=\"4b2f9b0\" data-element_type=\"widget\" data-widget_type=\"text-editor.default\">\n\t\t\t\t<div class=\"elementor-widget-container\">\n\t\t\t\t\t\t\t<p><span data-sheets-value=\"{&quot;1&quot;:2,&quot;2&quot;:&quot;Europa und der Rest der Welt&quot;}\" data-sheets-userformat=\"{&quot;2&quot;:276995,&quot;3&quot;:{&quot;1&quot;:0},&quot;4&quot;:{&quot;1&quot;:2,&quot;2&quot;:16250872},&quot;12&quot;:0,&quot;14&quot;:{&quot;1&quot;:2,&quot;2&quot;:3621201},&quot;15&quot;:&quot;S\u00f6hne, ui-sans-serif, system-ui, -apple-system, \\&quot;Segoe UI\\&quot;, Roboto, Ubuntu, Cantarell, \\&quot;Noto Sans\\&quot;, sans-serif, \\&quot;Helvetica Neue\\&quot;, Arial, \\&quot;Apple Color Emoji\\&quot;, \\&quot;Segoe UI Emoji\\&quot;, \\&quot;Segoe UI Symbol\\&quot;, \\&quot;Noto Color Emoji\\&quot;&quot;,&quot;16&quot;:12,&quot;21&quot;:1}\">Europa und der Rest der Welt<\/span><\/p>\t\t\t\t\t\t<\/div>\n\t\t\t\t<\/div>\n\t\t\t\t<div class=\"elementor-element elementor-element-7bb23a2 elementor-widget elementor-widget-text-editor\" data-id=\"7bb23a2\" data-element_type=\"widget\" data-widget_type=\"text-editor.default\">\n\t\t\t\t<div class=\"elementor-widget-container\">\n\t\t\t\t\t\t\t<p><span data-sheets-value=\"{&quot;1&quot;:2,&quot;2&quot;:&quot;Wir ben\u00f6tigen Partner in Europa und dem Rest der Welt, um Wisper Fahrr\u00e4der an Fahrradh\u00e4ndler in ihrem Land oder Gebiet zu liefern. Wenn Sie eine langfristige Partnerschaft mit einem der erfahrensten Elektrofahrradunternehmen der Welt diskutieren m\u00f6chten, senden Sie bitte eine E-Mail an info@wisperbikes.com\/de oder rufen Sie +44 1732 762393 an.&quot;}\" data-sheets-userformat=\"{&quot;2&quot;:276995,&quot;3&quot;:{&quot;1&quot;:0},&quot;4&quot;:{&quot;1&quot;:2,&quot;2&quot;:16250872},&quot;12&quot;:0,&quot;14&quot;:{&quot;1&quot;:2,&quot;2&quot;:3621201},&quot;15&quot;:&quot;S\u00f6hne, ui-sans-serif, system-ui, -apple-system, \\&quot;Segoe UI\\&quot;, Roboto, Ubuntu, Cantarell, \\&quot;Noto Sans\\&quot;, sans-serif, \\&quot;Helvetica Neue\\&quot;, Arial, \\&quot;Apple Color Emoji\\&quot;, \\&quot;Segoe UI Emoji\\&quot;, \\&quot;Segoe UI Symbol\\&quot;, \\&quot;Noto Color Emoji\\&quot;&quot;,&quot;16&quot;:12,&quot;21&quot;:1}\">Wir ben\u00f6tigen Partner in Europa und dem Rest der Welt, um Wisper Fahrr\u00e4der an Fahrradh\u00e4ndler in ihrem Land oder Gebiet zu liefern. Wenn Sie eine langfristige Partnerschaft mit einem der erfahrensten Elektrofahrradunternehmen der Welt diskutieren m\u00f6chten, senden Sie bitte eine E-Mail an info@wisperbikes.com oder rufen Sie +44 1732 762393 an.<\/span><\/p>\n<p><span data-sheets-value=\"{&quot;1&quot;:2,&quot;2&quot;:&quot;Wir freuen uns darauf, von Ihnen zu h\u00f6ren.&quot;}\" data-sheets-userformat=\"{&quot;2&quot;:769,&quot;3&quot;:{&quot;1&quot;:0},&quot;11&quot;:4,&quot;12&quot;:0}\">Wir freuen uns darauf, von Ihnen zu h\u00f6ren.<\/span><\/p>\t\t\t\t\t\t<\/div>\n\t\t\t\t<\/div>\n\t\t\t\t\t<\/div>\n\t\t<\/div>\n\t\t\t\t\t\t\t<\/div>\n\t\t<\/section>\n\t\t\t\t\t<\/div>\n\t\t<\/div>\n\t\t\t\t\t\t\t<\/div>\n\t\t<\/section>\n\t\t\t\t\t\t\t<\/div>\n\t\t","protected":false},"excerpt":{"rendered":"<p>Wir sind interessiert an Gespr\u00e4chen mit professionellen Fahrradh\u00e4ndlern und E-Bike-Spezialisten In Gro\u00dfbritannien und Irland Wir suchen erstklassige und professionelle Fahrradh\u00e4ndler sowie Elektrofahrrad-Spezialisten, um Wisper Fahrr\u00e4der \u00fcberall in Gro\u00dfbritannien verf\u00fcgbar zu machen. Wenn Sie daran interessiert sind, ein Wisper H\u00e4ndler zu werden, senden Sie bitte eine E-Mail an info@wisperbikes.com oder rufen Sie 01732 762393 an. Europa&hellip;<\/p>\n","protected":false},"author":633,"featured_media":0,"parent":0,"menu_order":0,"comment_status":"closed","ping_status":"closed","template":"","meta":[],"acf":[],"yoast_head":"<!-- This site is optimized with the Yoast SEO plugin v20.11 - https:\/\/yoast.com\/wordpress\/plugins\/seo\/ -->\n<title>Werden Sie ein Wisper Bikes -H\u00e4ndler | Wisper Elektrofahrr\u00e4der<\/title>\n<meta name=\"description\" content=\"Wir suchen nach erstklassigen Fahrradh\u00e4ndlern und E-Bike-Spezialisten f\u00fcr die Bereitstellung von hochwertigen Fahrr\u00e4dern. Jetzt bewerben!\" \/>\n<meta name=\"robots\" content=\"index, follow, max-snippet:-1, max-image-preview:large, max-video-preview:-1\" \/>\n<link rel=\"canonical\" href=\"https:\/\/wisperbikes.com\/de\/become-a-wisper-dealer\/\" \/>\n<meta property=\"og:locale\" content=\"de_DE\" \/>\n<meta property=\"og:type\" content=\"article\" \/>\n<meta property=\"og:title\" content=\"Werden Sie ein Wisper Bikes -H\u00e4ndler | Wisper Elektrofahrr\u00e4der\" \/>\n<meta property=\"og:description\" content=\"Wir suchen nach erstklassigen Fahrradh\u00e4ndlern und E-Bike-Spezialisten f\u00fcr die Bereitstellung von hochwertigen Fahrr\u00e4dern. Jetzt bewerben!\" \/>\n<meta property=\"og:url\" content=\"https:\/\/wisperbikes.com\/de\/become-a-wisper-dealer\/\" \/>\n<meta property=\"og:site_name\" content=\"Wisper Bikes\" \/>\n<meta property=\"article:publisher\" content=\"https:\/\/www.facebook.com\/Amps.Bike\/\" \/>\n<meta property=\"article:modified_time\" content=\"2024-04-17T12:05:47+00:00\" \/>\n<meta name=\"twitter:card\" content=\"summary_large_image\" \/>\n<meta name=\"twitter:site\" content=\"@wisperebikes\" \/>\n<meta name=\"twitter:label1\" content=\"Gesch\u00e4tzte Lesezeit\" \/>\n\t<meta name=\"twitter:data1\" content=\"1\u00a0Minute\" \/>\n<script type=\"application\/ld+json\" class=\"yoast-schema-graph\">{\"@context\":\"https:\/\/schema.org\",\"@graph\":[{\"@type\":\"Article\",\"@id\":\"https:\/\/wisperbikes.com\/de\/become-a-wisper-dealer\/#article\",\"isPartOf\":{\"@id\":\"https:\/\/wisperbikes.com\/de\/become-a-wisper-dealer\/\"},\"author\":{\"name\":\"Joy\",\"@id\":\"https:\/\/wisperbikes.com\/de\/#\/schema\/person\/871a5ffd761ff37c08afd6ad71a4f5bf\"},\"headline\":\"Thinking of becoming a Wisper dealer?\",\"datePublished\":\"2017-12-13T17:06:24+00:00\",\"dateModified\":\"2024-04-17T12:05:47+00:00\",\"mainEntityOfPage\":{\"@id\":\"https:\/\/wisperbikes.com\/de\/become-a-wisper-dealer\/\"},\"wordCount\":135,\"publisher\":{\"@id\":\"https:\/\/wisperbikes.com\/de\/#organization\"},\"inLanguage\":\"de\"},{\"@type\":\"WebPage\",\"@id\":\"https:\/\/wisperbikes.com\/de\/become-a-wisper-dealer\/\",\"url\":\"https:\/\/wisperbikes.com\/de\/become-a-wisper-dealer\/\",\"name\":\"Werden Sie ein Wisper Bikes -H\u00e4ndler | Wisper Elektrofahrr\u00e4der\",\"isPartOf\":{\"@id\":\"https:\/\/wisperbikes.com\/de\/#website\"},\"datePublished\":\"2017-12-13T17:06:24+00:00\",\"dateModified\":\"2024-04-17T12:05:47+00:00\",\"description\":\"Wir suchen nach erstklassigen Fahrradh\u00e4ndlern und E-Bike-Spezialisten f\u00fcr die Bereitstellung von hochwertigen Fahrr\u00e4dern. Jetzt bewerben!\",\"breadcrumb\":{\"@id\":\"https:\/\/wisperbikes.com\/de\/become-a-wisper-dealer\/#breadcrumb\"},\"inLanguage\":\"de\",\"potentialAction\":[{\"@type\":\"ReadAction\",\"target\":[\"https:\/\/wisperbikes.com\/de\/become-a-wisper-dealer\/\"]}]},{\"@type\":\"BreadcrumbList\",\"@id\":\"https:\/\/wisperbikes.com\/de\/become-a-wisper-dealer\/#breadcrumb\",\"itemListElement\":[{\"@type\":\"ListItem\",\"position\":1,\"name\":\"Home\",\"item\":\"https:\/\/wisperbikes.com\/de\/\"},{\"@type\":\"ListItem\",\"position\":2,\"name\":\"Thinking of becoming a Wisper dealer?\"}]},{\"@type\":\"WebSite\",\"@id\":\"https:\/\/wisperbikes.com\/de\/#website\",\"url\":\"https:\/\/wisperbikes.com\/de\/\",\"name\":\"Wisper Bikes\",\"description\":\"Electric Bikes\",\"publisher\":{\"@id\":\"https:\/\/wisperbikes.com\/de\/#organization\"},\"potentialAction\":[{\"@type\":\"SearchAction\",\"target\":{\"@type\":\"EntryPoint\",\"urlTemplate\":\"https:\/\/wisperbikes.com\/de\/?s={search_term_string}\"},\"query-input\":\"required name=search_term_string\"}],\"inLanguage\":\"de\"},{\"@type\":\"Organization\",\"@id\":\"https:\/\/wisperbikes.com\/de\/#organization\",\"name\":\"Wisper Electric Bikes\",\"alternateName\":\"Wisper E-Bikes\",\"url\":\"https:\/\/wisperbikes.com\/de\/\",\"logo\":{\"@type\":\"ImageObject\",\"inLanguage\":\"de\",\"@id\":\"https:\/\/wisperbikes.com\/de\/#\/schema\/logo\/image\/\",\"url\":\"https:\/\/wisperbikes.com\/de\/wp-content\/uploads\/2021\/06\/WISPER-Logo.png\",\"contentUrl\":\"https:\/\/wisperbikes.com\/de\/wp-content\/uploads\/2021\/06\/WISPER-Logo.png\",\"width\":250,\"height\":65,\"caption\":\"Wisper Electric Bikes\"},\"image\":{\"@id\":\"https:\/\/wisperbikes.com\/de\/#\/schema\/logo\/image\/\"},\"sameAs\":[\"https:\/\/www.facebook.com\/Amps.Bike\/\",\"https:\/\/twitter.com\/wisperebikes\",\"https:\/\/www.instagram.com\/wisperbikes\/\"]},{\"@type\":\"Person\",\"@id\":\"https:\/\/wisperbikes.com\/de\/#\/schema\/person\/871a5ffd761ff37c08afd6ad71a4f5bf\",\"name\":\"Joy\",\"image\":{\"@type\":\"ImageObject\",\"inLanguage\":\"de\",\"@id\":\"https:\/\/wisperbikes.com\/de\/#\/schema\/person\/image\/\",\"url\":\"https:\/\/secure.gravatar.com\/avatar\/b51849fdd55c9f18997c28d8f7bacad2?s=96&d=mm&r=g\",\"contentUrl\":\"https:\/\/secure.gravatar.com\/avatar\/b51849fdd55c9f18997c28d8f7bacad2?s=96&d=mm&r=g\",\"caption\":\"Joy\"},\"sameAs\":[\"http:\/\/chorleydigital.com\"]}]}<\/script>\n<!-- \/ Yoast SEO plugin. -->","yoast_head_json":{"title":"Werden Sie ein Wisper Bikes -H\u00e4ndler | Wisper Elektrofahrr\u00e4der","description":"Wir suchen nach erstklassigen Fahrradh\u00e4ndlern und E-Bike-Spezialisten f\u00fcr die Bereitstellung von hochwertigen Fahrr\u00e4dern. Jetzt bewerben!","robots":{"index":"index","follow":"follow","max-snippet":"max-snippet:-1","max-image-preview":"max-image-preview:large","max-video-preview":"max-video-preview:-1"},"canonical":"https:\/\/wisperbikes.com\/de\/become-a-wisper-dealer\/","og_locale":"de_DE","og_type":"article","og_title":"Werden Sie ein Wisper Bikes -H\u00e4ndler | Wisper Elektrofahrr\u00e4der","og_description":"Wir suchen nach erstklassigen Fahrradh\u00e4ndlern und E-Bike-Spezialisten f\u00fcr die Bereitstellung von hochwertigen Fahrr\u00e4dern. Jetzt bewerben!","og_url":"https:\/\/wisperbikes.com\/de\/become-a-wisper-dealer\/","og_site_name":"Wisper Bikes","article_publisher":"https:\/\/www.facebook.com\/Amps.Bike\/","article_modified_time":"2024-04-17T12:05:47+00:00","twitter_card":"summary_large_image","twitter_site":"@wisperebikes","twitter_misc":{"Gesch\u00e4tzte Lesezeit":"1\u00a0Minute"},"schema":{"@context":"https:\/\/schema.org","@graph":[{"@type":"Article","@id":"https:\/\/wisperbikes.com\/de\/become-a-wisper-dealer\/#article","isPartOf":{"@id":"https:\/\/wisperbikes.com\/de\/become-a-wisper-dealer\/"},"author":{"name":"Joy","@id":"https:\/\/wisperbikes.com\/de\/#\/schema\/person\/871a5ffd761ff37c08afd6ad71a4f5bf"},"headline":"Thinking of becoming a Wisper dealer?","datePublished":"2017-12-13T17:06:24+00:00","dateModified":"2024-04-17T12:05:47+00:00","mainEntityOfPage":{"@id":"https:\/\/wisperbikes.com\/de\/become-a-wisper-dealer\/"},"wordCount":135,"publisher":{"@id":"https:\/\/wisperbikes.com\/de\/#organization"},"inLanguage":"de"},{"@type":"WebPage","@id":"https:\/\/wisperbikes.com\/de\/become-a-wisper-dealer\/","url":"https:\/\/wisperbikes.com\/de\/become-a-wisper-dealer\/","name":"Werden Sie ein Wisper Bikes -H\u00e4ndler | Wisper Elektrofahrr\u00e4der","isPartOf":{"@id":"https:\/\/wisperbikes.com\/de\/#website"},"datePublished":"2017-12-13T17:06:24+00:00","dateModified":"2024-04-17T12:05:47+00:00","description":"Wir suchen nach erstklassigen Fahrradh\u00e4ndlern und E-Bike-Spezialisten f\u00fcr die Bereitstellung von hochwertigen Fahrr\u00e4dern. Jetzt bewerben!","breadcrumb":{"@id":"https:\/\/wisperbikes.com\/de\/become-a-wisper-dealer\/#breadcrumb"},"inLanguage":"de","potentialAction":[{"@type":"ReadAction","target":["https:\/\/wisperbikes.com\/de\/become-a-wisper-dealer\/"]}]},{"@type":"BreadcrumbList","@id":"https:\/\/wisperbikes.com\/de\/become-a-wisper-dealer\/#breadcrumb","itemListElement":[{"@type":"ListItem","position":1,"name":"Home","item":"https:\/\/wisperbikes.com\/de\/"},{"@type":"ListItem","position":2,"name":"Thinking of becoming a Wisper dealer?"}]},{"@type":"WebSite","@id":"https:\/\/wisperbikes.com\/de\/#website","url":"https:\/\/wisperbikes.com\/de\/","name":"Wisper Bikes","description":"Electric Bikes","publisher":{"@id":"https:\/\/wisperbikes.com\/de\/#organization"},"potentialAction":[{"@type":"SearchAction","target":{"@type":"EntryPoint","urlTemplate":"https:\/\/wisperbikes.com\/de\/?s={search_term_string}"},"query-input":"required name=search_term_string"}],"inLanguage":"de"},{"@type":"Organization","@id":"https:\/\/wisperbikes.com\/de\/#organization","name":"Wisper Electric Bikes","alternateName":"Wisper E-Bikes","url":"https:\/\/wisperbikes.com\/de\/","logo":{"@type":"ImageObject","inLanguage":"de","@id":"https:\/\/wisperbikes.com\/de\/#\/schema\/logo\/image\/","url":"https:\/\/wisperbikes.com\/de\/wp-content\/uploads\/2021\/06\/WISPER-Logo.png","contentUrl":"https:\/\/wisperbikes.com\/de\/wp-content\/uploads\/2021\/06\/WISPER-Logo.png","width":250,"height":65,"caption":"Wisper Electric Bikes"},"image":{"@id":"https:\/\/wisperbikes.com\/de\/#\/schema\/logo\/image\/"},"sameAs":["https:\/\/www.facebook.com\/Amps.Bike\/","https:\/\/twitter.com\/wisperebikes","https:\/\/www.instagram.com\/wisperbikes\/"]},{"@type":"Person","@id":"https:\/\/wisperbikes.com\/de\/#\/schema\/person\/871a5ffd761ff37c08afd6ad71a4f5bf","name":"Joy","image":{"@type":"ImageObject","inLanguage":"de","@id":"https:\/\/wisperbikes.com\/de\/#\/schema\/person\/image\/","url":"https:\/\/secure.gravatar.com\/avatar\/b51849fdd55c9f18997c28d8f7bacad2?s=96&d=mm&r=g","contentUrl":"https:\/\/secure.gravatar.com\/avatar\/b51849fdd55c9f18997c28d8f7bacad2?s=96&d=mm&r=g","caption":"Joy"},"sameAs":["http:\/\/chorleydigital.com"]}]}},"_links":{"self":[{"href":"https:\/\/wisperbikes.com\/de\/wp-json\/wp\/v2\/pages\/308"}],"collection":[{"href":"https:\/\/wisperbikes.com\/de\/wp-json\/wp\/v2\/pages"}],"about":[{"href":"https:\/\/wisperbikes.com\/de\/wp-json\/wp\/v2\/types\/page"}],"author":[{"embeddable":true,"href":"https:\/\/wisperbikes.com\/de\/wp-json\/wp\/v2\/users\/633"}],"replies":[{"embeddable":true,"href":"https:\/\/wisperbikes.com\/de\/wp-json\/wp\/v2\/comments?post=308"}],"version-history":[{"count":10,"href":"https:\/\/wisperbikes.com\/de\/wp-json\/wp\/v2\/pages\/308\/revisions"}],"predecessor-version":[{"id":41058,"href":"https:\/\/wisperbikes.com\/de\/wp-json\/wp\/v2\/pages\/308\/revisions\/41058"}],"wp:attachment":[{"href":"https:\/\/wisperbikes.com\/de\/wp-json\/wp\/v2\/media?parent=308"}],"curies":[{"name":"wp","href":"https:\/\/api.w.org\/{rel}","templated":true}]}}