{"id":310,"date":"2017-11-13T17:06:51","date_gmt":"2017-11-13T17:06:51","guid":{"rendered":"https:\/\/wisperbikes.com\/de\/?page_id=310"},"modified":"2024-04-22T15:02:59","modified_gmt":"2024-04-22T15:02:59","slug":"international-distributors","status":"publish","type":"page","link":"https:\/\/wisperbikes.com\/de\/international-distributors\/","title":{"rendered":"International Distributors"},"content":{"rendered":"\t\t<div data-elementor-type=\"wp-page\" data-elementor-id=\"310\" class=\"elementor elementor-310\" data-elementor-post-type=\"page\">\n\t\t\t\t\t\t\t\t\t<section class=\"elementor-section elementor-top-section elementor-element elementor-element-2607a64 elementor-section-full_width elementor-section-stretched elementor-section-height-default elementor-section-height-default\" data-id=\"2607a64\" data-element_type=\"section\" data-settings=\"{&quot;stretch_section&quot;:&quot;section-stretched&quot;}\">\n\t\t\t\t\t\t<div class=\"elementor-container elementor-column-gap-default\">\n\t\t\t\t\t<div class=\"elementor-column elementor-col-100 elementor-top-column elementor-element elementor-element-aa412ae\" data-id=\"aa412ae\" data-element_type=\"column\">\n\t\t\t<div class=\"elementor-widget-wrap elementor-element-populated\">\n\t\t\t\t\t\t\t\t<section class=\"elementor-section elementor-inner-section elementor-element elementor-element-08d8b68 elementor-section-boxed elementor-section-height-default elementor-section-height-default\" data-id=\"08d8b68\" data-element_type=\"section\">\n\t\t\t\t\t\t<div class=\"elementor-container elementor-column-gap-default\">\n\t\t\t\t\t<div class=\"elementor-column elementor-col-100 elementor-inner-column elementor-element elementor-element-bb6ecf3\" data-id=\"bb6ecf3\" data-element_type=\"column\">\n\t\t\t<div class=\"elementor-widget-wrap elementor-element-populated\">\n\t\t\t\t\t\t\t\t<div class=\"elementor-element elementor-element-651fef4 elementor-widget elementor-widget-heading\" data-id=\"651fef4\" data-element_type=\"widget\" data-widget_type=\"heading.default\">\n\t\t\t\t<div class=\"elementor-widget-container\">\n\t\t\t<h1 class=\"elementor-heading-title elementor-size-large\">Wisper Verf\u00fcgbarkeit<\/h1>\t\t<\/div>\n\t\t\t\t<\/div>\n\t\t\t\t<div class=\"elementor-element elementor-element-73eb67ab elementor-widget elementor-widget-text-editor\" data-id=\"73eb67ab\" data-element_type=\"widget\" data-widget_type=\"text-editor.default\">\n\t\t\t\t<div class=\"elementor-widget-container\">\n\t\t\t\t\t\t\t<div class=\"vc_row wpb_row vc_row-fluid\"><div class=\"wpb_column vc_column_container vc_col-sm-12\"><div class=\"vc_column-inner\"><div class=\"wpb_wrapper\"><div class=\"wpb_text_column wpb_content_element lead\"><div class=\"wpb_wrapper\"><p><span data-sheets-value=\"{&quot;1&quot;:2,&quot;2&quot;:&quot;Wisper Fahrr\u00e4der sind derzeit au\u00dferhalb des Vereinigten K\u00f6nigreichs in Neuseeland, den Niederlanden, Ungarn, Deutschland, Portugal und D\u00e4nemark erh\u00e4ltlich. F\u00fcr Details kontaktieren Sie uns bitte.&quot;}\" data-sheets-userformat=\"{&quot;2&quot;:14851,&quot;3&quot;:{&quot;1&quot;:0},&quot;4&quot;:{&quot;1&quot;:2,&quot;2&quot;:16250872},&quot;12&quot;:0,&quot;14&quot;:{&quot;1&quot;:2,&quot;2&quot;:3621201},&quot;15&quot;:&quot;S\u00f6hne, ui-sans-serif, system-ui, -apple-system, \\&quot;Segoe UI\\&quot;, Roboto, Ubuntu, Cantarell, \\&quot;Noto Sans\\&quot;, sans-serif, \\&quot;Helvetica Neue\\&quot;, Arial, \\&quot;Apple Color Emoji\\&quot;, \\&quot;Segoe UI Emoji\\&quot;, \\&quot;Segoe UI Symbol\\&quot;, \\&quot;Noto Color Emoji\\&quot;&quot;,&quot;16&quot;:12}\">Wisper Fahrr\u00e4der sind derzeit au\u00dferhalb des Vereinigten K\u00f6nigreichs in Neuseeland, den Niederlanden, Ungarn, Deutschland, Portugal und D\u00e4nemark erh\u00e4ltlich. F\u00fcr Details kontaktieren Sie uns bitte.<\/span><\/p><\/div><\/div><\/div><\/div><\/div><\/div><div class=\"vc_row wpb_row vc_row-fluid\"><div class=\"wpb_column vc_column_container vc_col-sm-12\"><div class=\"vc_column-inner\"><div class=\"wpb_wrapper\"><div class=\"wpb_text_column wpb_content_element \"><div class=\"wpb_wrapper\"><p><span data-sheets-value=\"{&quot;1&quot;:2,&quot;2&quot;:&quot;Links zu jeder nationalen Seite finden Sie unten:&quot;}\" data-sheets-userformat=\"{&quot;2&quot;:14851,&quot;3&quot;:{&quot;1&quot;:0},&quot;4&quot;:{&quot;1&quot;:2,&quot;2&quot;:16250872},&quot;12&quot;:0,&quot;14&quot;:{&quot;1&quot;:2,&quot;2&quot;:3621201},&quot;15&quot;:&quot;S\u00f6hne, ui-sans-serif, system-ui, -apple-system, \\&quot;Segoe UI\\&quot;, Roboto, Ubuntu, Cantarell, \\&quot;Noto Sans\\&quot;, sans-serif, \\&quot;Helvetica Neue\\&quot;, Arial, \\&quot;Apple Color Emoji\\&quot;, \\&quot;Segoe UI Emoji\\&quot;, \\&quot;Segoe UI Symbol\\&quot;, \\&quot;Noto Color Emoji\\&quot;&quot;,&quot;16&quot;:12}\">Links zu jeder nationalen Seite finden Sie unten:<\/span><\/p><p>Portugal \u2013\u00a0<a href=\"https:\/\/wisperbikes.com\/pt\/\">https:\/\/wisperbikes.com\/pt\/<\/a><\/p><p>New Zealand \u2013\u00a0<a href=\"https:\/\/wisperbikes.com\/nz\/\">https:\/\/wisperbikes.com\/nz\/<\/a><\/p><p>Denmark \u2013\u00a0<a href=\"https:\/\/wisperbikes.com\/dk\/\">https:\/\/wisperbikes.com\/dk\/<\/a><\/p><p>Hungary \u2013\u00a0<a href=\"https:\/\/wisperbikes.com\/hu\/\">https:\/\/wisperbikes.com\/hu\/<\/a><\/p><\/div><\/div><\/div><\/div><\/div><\/div>\t\t\t\t\t\t<\/div>\n\t\t\t\t<\/div>\n\t\t\t\t<div class=\"elementor-element elementor-element-f795728 elementor-widget elementor-widget-heading\" data-id=\"f795728\" data-element_type=\"widget\" data-widget_type=\"heading.default\">\n\t\t\t\t<div class=\"elementor-widget-container\">\n\t\t\t<h2 class=\"elementor-heading-title elementor-size-default\">Wir suchen Distributoren<\/h2>\t\t<\/div>\n\t\t\t\t<\/div>\n\t\t\t\t<div class=\"elementor-element elementor-element-b8f19e5 elementor-widget elementor-widget-text-editor\" data-id=\"b8f19e5\" data-element_type=\"widget\" data-widget_type=\"text-editor.default\">\n\t\t\t\t<div class=\"elementor-widget-container\">\n\t\t\t\t\t\t\t<p><span data-sheets-value=\"{&quot;1&quot;:2,&quot;2&quot;:&quot;Wir suchen Partner in Europa und dem Rest der Welt, um Wisper Fahrr\u00e4der an Fahrradh\u00e4ndler innerhalb ihres Landes oder Territoriums zu liefern. Wenn Sie daran interessiert sind, eine langfristige Partnerschaft mit einem der erfahrensten Elektrofahrradunternehmen der Welt zu diskutieren, senden Sie bitte eine E-Mail an David Miall oder rufen Sie an unter +44 1732 762393.&quot;}\" data-sheets-userformat=\"{&quot;2&quot;:276995,&quot;3&quot;:{&quot;1&quot;:0},&quot;4&quot;:{&quot;1&quot;:2,&quot;2&quot;:16250872},&quot;12&quot;:0,&quot;14&quot;:{&quot;1&quot;:2,&quot;2&quot;:3621201},&quot;15&quot;:&quot;S\u00f6hne, ui-sans-serif, system-ui, -apple-system, \\&quot;Segoe UI\\&quot;, Roboto, Ubuntu, Cantarell, \\&quot;Noto Sans\\&quot;, sans-serif, \\&quot;Helvetica Neue\\&quot;, Arial, \\&quot;Apple Color Emoji\\&quot;, \\&quot;Segoe UI Emoji\\&quot;, \\&quot;Segoe UI Symbol\\&quot;, \\&quot;Noto Color Emoji\\&quot;&quot;,&quot;16&quot;:12,&quot;21&quot;:1}\">Wir suchen Partner in Europa und dem Rest der Welt, um Wisper Fahrr\u00e4der an Fahrradh\u00e4ndler innerhalb ihres Landes oder Territoriums zu liefern. Wenn Sie daran interessiert sind, eine langfristige Partnerschaft mit einem der erfahrensten Elektrofahrradunternehmen der Welt zu diskutieren, senden Sie bitte eine E-Mail an <a href=\"mailto:david@amps.bike\">David Miall<\/a> oder rufen Sie an unter +44 1732 762393.<\/span><\/p><p><span data-sheets-value=\"{&quot;1&quot;:2,&quot;2&quot;:&quot;Wir freuen uns darauf, von Ihnen zu h\u00f6ren.&quot;}\" data-sheets-userformat=\"{&quot;2&quot;:769,&quot;3&quot;:{&quot;1&quot;:0},&quot;11&quot;:4,&quot;12&quot;:0}\">Wir freuen uns darauf, von Ihnen zu h\u00f6ren.<\/span><\/p>\t\t\t\t\t\t<\/div>\n\t\t\t\t<\/div>\n\t\t\t\t\t<\/div>\n\t\t<\/div>\n\t\t\t\t\t\t\t<\/div>\n\t\t<\/section>\n\t\t\t\t\t<\/div>\n\t\t<\/div>\n\t\t\t\t\t\t\t<\/div>\n\t\t<\/section>\n\t\t\t\t\t\t\t<\/div>\n\t\t","protected":false},"excerpt":{"rendered":"<p>Wisper Verf\u00fcgbarkeit Wisper Fahrr\u00e4der sind derzeit au\u00dferhalb des Vereinigten K\u00f6nigreichs in Neuseeland, den Niederlanden, Ungarn, Deutschland, Portugal und D\u00e4nemark erh\u00e4ltlich. F\u00fcr Details kontaktieren Sie uns bitte. Links zu jeder nationalen Seite finden Sie unten: Portugal \u2013\u00a0https:\/\/wisperbikes.com\/pt\/ New Zealand \u2013\u00a0https:\/\/wisperbikes.com\/nz\/ Denmark \u2013\u00a0https:\/\/wisperbikes.com\/dk\/ Hungary \u2013\u00a0https:\/\/wisperbikes.com\/hu\/ Wir suchen Distributoren Wir suchen Partner in Europa und dem Rest der&hellip;<\/p>\n","protected":false},"author":633,"featured_media":0,"parent":0,"menu_order":0,"comment_status":"closed","ping_status":"closed","template":"","meta":[],"acf":[],"yoast_head":"<!-- This site is optimized with the Yoast SEO plugin v20.11 - https:\/\/yoast.com\/wordpress\/plugins\/seo\/ -->\n<title>Wisper E-Bikes Internationale Vertriebspartner und Partnerschaften<\/title>\n<meta name=\"description\" content=\"Erkundigen Sie sich noch heute online nach europ\u00e4ischen und globalen Partnern, um Wisper E-Bikes an Einzelh\u00e4ndler in ihrer Region zu liefern!\" \/>\n<meta name=\"robots\" content=\"index, follow, max-snippet:-1, max-image-preview:large, max-video-preview:-1\" \/>\n<link rel=\"canonical\" href=\"https:\/\/wisperbikes.com\/de\/international-distributors\/\" \/>\n<meta property=\"og:locale\" content=\"de_DE\" \/>\n<meta property=\"og:type\" content=\"article\" \/>\n<meta property=\"og:title\" content=\"Wisper E-Bikes Internationale Vertriebspartner und Partnerschaften\" \/>\n<meta property=\"og:description\" content=\"Erkundigen Sie sich noch heute online nach europ\u00e4ischen und globalen Partnern, um Wisper E-Bikes an Einzelh\u00e4ndler in ihrer Region zu liefern!\" \/>\n<meta property=\"og:url\" content=\"https:\/\/wisperbikes.com\/de\/international-distributors\/\" \/>\n<meta property=\"og:site_name\" content=\"Wisper Bikes\" \/>\n<meta property=\"article:publisher\" content=\"https:\/\/www.facebook.com\/Amps.Bike\/\" \/>\n<meta property=\"article:modified_time\" content=\"2024-04-22T15:02:59+00:00\" \/>\n<meta name=\"twitter:card\" content=\"summary_large_image\" \/>\n<meta name=\"twitter:site\" content=\"@wisperebikes\" \/>\n<meta name=\"twitter:label1\" content=\"Gesch\u00e4tzte Lesezeit\" \/>\n\t<meta name=\"twitter:data1\" content=\"1\u00a0Minute\" \/>\n<script type=\"application\/ld+json\" class=\"yoast-schema-graph\">{\"@context\":\"https:\/\/schema.org\",\"@graph\":[{\"@type\":\"Article\",\"@id\":\"https:\/\/wisperbikes.com\/de\/international-distributors\/#article\",\"isPartOf\":{\"@id\":\"https:\/\/wisperbikes.com\/de\/international-distributors\/\"},\"author\":{\"name\":\"Joy\",\"@id\":\"https:\/\/wisperbikes.com\/de\/#\/schema\/person\/871a5ffd761ff37c08afd6ad71a4f5bf\"},\"headline\":\"International Distributors\",\"datePublished\":\"2017-11-13T17:06:51+00:00\",\"dateModified\":\"2024-04-22T15:02:59+00:00\",\"mainEntityOfPage\":{\"@id\":\"https:\/\/wisperbikes.com\/de\/international-distributors\/\"},\"wordCount\":130,\"publisher\":{\"@id\":\"https:\/\/wisperbikes.com\/de\/#organization\"},\"inLanguage\":\"de\"},{\"@type\":\"WebPage\",\"@id\":\"https:\/\/wisperbikes.com\/de\/international-distributors\/\",\"url\":\"https:\/\/wisperbikes.com\/de\/international-distributors\/\",\"name\":\"Wisper E-Bikes Internationale Vertriebspartner und Partnerschaften\",\"isPartOf\":{\"@id\":\"https:\/\/wisperbikes.com\/de\/#website\"},\"datePublished\":\"2017-11-13T17:06:51+00:00\",\"dateModified\":\"2024-04-22T15:02:59+00:00\",\"description\":\"Erkundigen Sie sich noch heute online nach europ\u00e4ischen und globalen Partnern, um Wisper E-Bikes an Einzelh\u00e4ndler in ihrer Region zu liefern!\",\"breadcrumb\":{\"@id\":\"https:\/\/wisperbikes.com\/de\/international-distributors\/#breadcrumb\"},\"inLanguage\":\"de\",\"potentialAction\":[{\"@type\":\"ReadAction\",\"target\":[\"https:\/\/wisperbikes.com\/de\/international-distributors\/\"]}]},{\"@type\":\"BreadcrumbList\",\"@id\":\"https:\/\/wisperbikes.com\/de\/international-distributors\/#breadcrumb\",\"itemListElement\":[{\"@type\":\"ListItem\",\"position\":1,\"name\":\"Home\",\"item\":\"https:\/\/wisperbikes.com\/de\/\"},{\"@type\":\"ListItem\",\"position\":2,\"name\":\"International Distributors\"}]},{\"@type\":\"WebSite\",\"@id\":\"https:\/\/wisperbikes.com\/de\/#website\",\"url\":\"https:\/\/wisperbikes.com\/de\/\",\"name\":\"Wisper Bikes\",\"description\":\"Electric Bikes\",\"publisher\":{\"@id\":\"https:\/\/wisperbikes.com\/de\/#organization\"},\"potentialAction\":[{\"@type\":\"SearchAction\",\"target\":{\"@type\":\"EntryPoint\",\"urlTemplate\":\"https:\/\/wisperbikes.com\/de\/?s={search_term_string}\"},\"query-input\":\"required name=search_term_string\"}],\"inLanguage\":\"de\"},{\"@type\":\"Organization\",\"@id\":\"https:\/\/wisperbikes.com\/de\/#organization\",\"name\":\"Wisper Electric Bikes\",\"alternateName\":\"Wisper E-Bikes\",\"url\":\"https:\/\/wisperbikes.com\/de\/\",\"logo\":{\"@type\":\"ImageObject\",\"inLanguage\":\"de\",\"@id\":\"https:\/\/wisperbikes.com\/de\/#\/schema\/logo\/image\/\",\"url\":\"https:\/\/wisperbikes.com\/de\/wp-content\/uploads\/2021\/06\/WISPER-Logo.png\",\"contentUrl\":\"https:\/\/wisperbikes.com\/de\/wp-content\/uploads\/2021\/06\/WISPER-Logo.png\",\"width\":250,\"height\":65,\"caption\":\"Wisper Electric Bikes\"},\"image\":{\"@id\":\"https:\/\/wisperbikes.com\/de\/#\/schema\/logo\/image\/\"},\"sameAs\":[\"https:\/\/www.facebook.com\/Amps.Bike\/\",\"https:\/\/twitter.com\/wisperebikes\",\"https:\/\/www.instagram.com\/wisperbikes\/\"]},{\"@type\":\"Person\",\"@id\":\"https:\/\/wisperbikes.com\/de\/#\/schema\/person\/871a5ffd761ff37c08afd6ad71a4f5bf\",\"name\":\"Joy\",\"image\":{\"@type\":\"ImageObject\",\"inLanguage\":\"de\",\"@id\":\"https:\/\/wisperbikes.com\/de\/#\/schema\/person\/image\/\",\"url\":\"https:\/\/secure.gravatar.com\/avatar\/b51849fdd55c9f18997c28d8f7bacad2?s=96&d=mm&r=g\",\"contentUrl\":\"https:\/\/secure.gravatar.com\/avatar\/b51849fdd55c9f18997c28d8f7bacad2?s=96&d=mm&r=g\",\"caption\":\"Joy\"},\"sameAs\":[\"http:\/\/chorleydigital.com\"]}]}<\/script>\n<!-- \/ Yoast SEO plugin. -->","yoast_head_json":{"title":"Wisper E-Bikes Internationale Vertriebspartner und Partnerschaften","description":"Erkundigen Sie sich noch heute online nach europ\u00e4ischen und globalen Partnern, um Wisper E-Bikes an Einzelh\u00e4ndler in ihrer Region zu liefern!","robots":{"index":"index","follow":"follow","max-snippet":"max-snippet:-1","max-image-preview":"max-image-preview:large","max-video-preview":"max-video-preview:-1"},"canonical":"https:\/\/wisperbikes.com\/de\/international-distributors\/","og_locale":"de_DE","og_type":"article","og_title":"Wisper E-Bikes Internationale Vertriebspartner und Partnerschaften","og_description":"Erkundigen Sie sich noch heute online nach europ\u00e4ischen und globalen Partnern, um Wisper E-Bikes an Einzelh\u00e4ndler in ihrer Region zu liefern!","og_url":"https:\/\/wisperbikes.com\/de\/international-distributors\/","og_site_name":"Wisper Bikes","article_publisher":"https:\/\/www.facebook.com\/Amps.Bike\/","article_modified_time":"2024-04-22T15:02:59+00:00","twitter_card":"summary_large_image","twitter_site":"@wisperebikes","twitter_misc":{"Gesch\u00e4tzte Lesezeit":"1\u00a0Minute"},"schema":{"@context":"https:\/\/schema.org","@graph":[{"@type":"Article","@id":"https:\/\/wisperbikes.com\/de\/international-distributors\/#article","isPartOf":{"@id":"https:\/\/wisperbikes.com\/de\/international-distributors\/"},"author":{"name":"Joy","@id":"https:\/\/wisperbikes.com\/de\/#\/schema\/person\/871a5ffd761ff37c08afd6ad71a4f5bf"},"headline":"International Distributors","datePublished":"2017-11-13T17:06:51+00:00","dateModified":"2024-04-22T15:02:59+00:00","mainEntityOfPage":{"@id":"https:\/\/wisperbikes.com\/de\/international-distributors\/"},"wordCount":130,"publisher":{"@id":"https:\/\/wisperbikes.com\/de\/#organization"},"inLanguage":"de"},{"@type":"WebPage","@id":"https:\/\/wisperbikes.com\/de\/international-distributors\/","url":"https:\/\/wisperbikes.com\/de\/international-distributors\/","name":"Wisper E-Bikes Internationale Vertriebspartner und Partnerschaften","isPartOf":{"@id":"https:\/\/wisperbikes.com\/de\/#website"},"datePublished":"2017-11-13T17:06:51+00:00","dateModified":"2024-04-22T15:02:59+00:00","description":"Erkundigen Sie sich noch heute online nach europ\u00e4ischen und globalen Partnern, um Wisper E-Bikes an Einzelh\u00e4ndler in ihrer Region zu liefern!","breadcrumb":{"@id":"https:\/\/wisperbikes.com\/de\/international-distributors\/#breadcrumb"},"inLanguage":"de","potentialAction":[{"@type":"ReadAction","target":["https:\/\/wisperbikes.com\/de\/international-distributors\/"]}]},{"@type":"BreadcrumbList","@id":"https:\/\/wisperbikes.com\/de\/international-distributors\/#breadcrumb","itemListElement":[{"@type":"ListItem","position":1,"name":"Home","item":"https:\/\/wisperbikes.com\/de\/"},{"@type":"ListItem","position":2,"name":"International Distributors"}]},{"@type":"WebSite","@id":"https:\/\/wisperbikes.com\/de\/#website","url":"https:\/\/wisperbikes.com\/de\/","name":"Wisper Bikes","description":"Electric Bikes","publisher":{"@id":"https:\/\/wisperbikes.com\/de\/#organization"},"potentialAction":[{"@type":"SearchAction","target":{"@type":"EntryPoint","urlTemplate":"https:\/\/wisperbikes.com\/de\/?s={search_term_string}"},"query-input":"required name=search_term_string"}],"inLanguage":"de"},{"@type":"Organization","@id":"https:\/\/wisperbikes.com\/de\/#organization","name":"Wisper Electric Bikes","alternateName":"Wisper E-Bikes","url":"https:\/\/wisperbikes.com\/de\/","logo":{"@type":"ImageObject","inLanguage":"de","@id":"https:\/\/wisperbikes.com\/de\/#\/schema\/logo\/image\/","url":"https:\/\/wisperbikes.com\/de\/wp-content\/uploads\/2021\/06\/WISPER-Logo.png","contentUrl":"https:\/\/wisperbikes.com\/de\/wp-content\/uploads\/2021\/06\/WISPER-Logo.png","width":250,"height":65,"caption":"Wisper Electric Bikes"},"image":{"@id":"https:\/\/wisperbikes.com\/de\/#\/schema\/logo\/image\/"},"sameAs":["https:\/\/www.facebook.com\/Amps.Bike\/","https:\/\/twitter.com\/wisperebikes","https:\/\/www.instagram.com\/wisperbikes\/"]},{"@type":"Person","@id":"https:\/\/wisperbikes.com\/de\/#\/schema\/person\/871a5ffd761ff37c08afd6ad71a4f5bf","name":"Joy","image":{"@type":"ImageObject","inLanguage":"de","@id":"https:\/\/wisperbikes.com\/de\/#\/schema\/person\/image\/","url":"https:\/\/secure.gravatar.com\/avatar\/b51849fdd55c9f18997c28d8f7bacad2?s=96&d=mm&r=g","contentUrl":"https:\/\/secure.gravatar.com\/avatar\/b51849fdd55c9f18997c28d8f7bacad2?s=96&d=mm&r=g","caption":"Joy"},"sameAs":["http:\/\/chorleydigital.com"]}]}},"_links":{"self":[{"href":"https:\/\/wisperbikes.com\/de\/wp-json\/wp\/v2\/pages\/310"}],"collection":[{"href":"https:\/\/wisperbikes.com\/de\/wp-json\/wp\/v2\/pages"}],"about":[{"href":"https:\/\/wisperbikes.com\/de\/wp-json\/wp\/v2\/types\/page"}],"author":[{"embeddable":true,"href":"https:\/\/wisperbikes.com\/de\/wp-json\/wp\/v2\/users\/633"}],"replies":[{"embeddable":true,"href":"https:\/\/wisperbikes.com\/de\/wp-json\/wp\/v2\/comments?post=310"}],"version-history":[{"count":13,"href":"https:\/\/wisperbikes.com\/de\/wp-json\/wp\/v2\/pages\/310\/revisions"}],"predecessor-version":[{"id":41108,"href":"https:\/\/wisperbikes.com\/de\/wp-json\/wp\/v2\/pages\/310\/revisions\/41108"}],"wp:attachment":[{"href":"https:\/\/wisperbikes.com\/de\/wp-json\/wp\/v2\/media?parent=310"}],"curies":[{"name":"wp","href":"https:\/\/api.w.org\/{rel}","templated":true}]}}