{"id":31511,"date":"2021-07-06T14:29:32","date_gmt":"2021-07-06T14:29:32","guid":{"rendered":"https:\/\/wisperbikes.com\/de\/?page_id=31511"},"modified":"2024-04-12T12:37:36","modified_gmt":"2024-04-12T12:37:36","slug":"ebike-blog","status":"publish","type":"page","link":"https:\/\/wisperbikes.com\/de\/ebike-blog\/","title":{"rendered":"Ebike Blog"},"content":{"rendered":"\t\t<div data-elementor-type=\"wp-page\" data-elementor-id=\"31511\" class=\"elementor elementor-31511\" data-elementor-post-type=\"page\">\n\t\t\t\t\t\t\t\t\t<section class=\"elementor-section elementor-top-section elementor-element elementor-element-6ddf4170 elementor-section-full_width elementor-section-stretched elementor-section-height-default elementor-section-height-default\" data-id=\"6ddf4170\" data-element_type=\"section\" data-settings=\"{&quot;stretch_section&quot;:&quot;section-stretched&quot;}\">\n\t\t\t\t\t\t<div class=\"elementor-container elementor-column-gap-no\">\n\t\t\t\t\t<div class=\"elementor-column elementor-col-100 elementor-top-column elementor-element elementor-element-3872519a\" data-id=\"3872519a\" data-element_type=\"column\">\n\t\t\t<div class=\"elementor-widget-wrap elementor-element-populated\">\n\t\t\t\t\t\t\t\t<div class=\"elementor-element elementor-element-4d3fde98 elementor--h-position-left elementor--v-position-middle elementor-arrows-position-inside elementor-pagination-position-inside elementor-widget elementor-widget-slides\" data-id=\"4d3fde98\" data-element_type=\"widget\" data-settings=\"{&quot;navigation&quot;:&quot;both&quot;,&quot;autoplay&quot;:&quot;yes&quot;,&quot;pause_on_hover&quot;:&quot;yes&quot;,&quot;pause_on_interaction&quot;:&quot;yes&quot;,&quot;autoplay_speed&quot;:5000,&quot;infinite&quot;:&quot;yes&quot;,&quot;transition&quot;:&quot;slide&quot;,&quot;transition_speed&quot;:500}\" data-widget_type=\"slides.default\">\n\t\t\t\t<div class=\"elementor-widget-container\">\n\t\t\t\t\t<div class=\"elementor-swiper\">\n\t\t\t<div class=\"elementor-slides-wrapper elementor-main-swiper swiper-container\" dir=\"ltr\" data-animation=\"fadeInUp\">\n\t\t\t\t<div class=\"swiper-wrapper elementor-slides\">\n\t\t\t\t\t\t\t\t\t\t<div class=\"elementor-repeater-item-7ff3913 swiper-slide\"><div class=\"swiper-slide-bg\" role=\"img\"><\/div><div class=\"elementor-background-overlay\"><\/div><a class=\"swiper-slide-inner\" href=\"#ebike-range\"><div class=\"swiper-slide-contents\"><div class=\"elementor-slide-heading\">Wisper eBike Blog<\/div><\/div><\/a><\/div>\t\t\t\t<\/div>\n\t\t\t\t\t\t\t<\/div>\n\t\t<\/div>\n\t\t\t\t<\/div>\n\t\t\t\t<\/div>\n\t\t\t\t\t<\/div>\n\t\t<\/div>\n\t\t\t\t\t\t\t<\/div>\n\t\t<\/section>\n\t\t\t\t<section class=\"elementor-section elementor-top-section elementor-element elementor-element-d602f60 elementor-section-boxed elementor-section-height-default elementor-section-height-default\" data-id=\"d602f60\" data-element_type=\"section\">\n\t\t\t\t\t\t<div class=\"elementor-container elementor-column-gap-default\">\n\t\t\t\t\t<div class=\"elementor-column elementor-col-100 elementor-top-column elementor-element elementor-element-883ec2a\" data-id=\"883ec2a\" data-element_type=\"column\">\n\t\t\t<div class=\"elementor-widget-wrap elementor-element-populated\">\n\t\t\t\t\t\t\t\t<div class=\"elementor-element elementor-element-48cd9e6 elementor-widget elementor-widget-heading\" data-id=\"48cd9e6\" data-element_type=\"widget\" data-widget_type=\"heading.default\">\n\t\t\t\t<div class=\"elementor-widget-container\">\n\t\t\t<h1 class=\"elementor-heading-title elementor-size-default\">E-Bike-Blogs<\/h1>\t\t<\/div>\n\t\t\t\t<\/div>\n\t\t\t\t\t<\/div>\n\t\t<\/div>\n\t\t\t\t\t\t\t<\/div>\n\t\t<\/section>\n\t\t\t\t<section class=\"elementor-section elementor-top-section elementor-element elementor-element-f6aad6b elementor-section-full_width elementor-section-stretched elementor-section-height-default elementor-section-height-default\" data-id=\"f6aad6b\" data-element_type=\"section\" data-settings=\"{&quot;stretch_section&quot;:&quot;section-stretched&quot;}\">\n\t\t\t\t\t\t<div class=\"elementor-container elementor-column-gap-default\">\n\t\t\t\t\t<div class=\"elementor-column elementor-col-100 elementor-top-column elementor-element elementor-element-751aae1\" data-id=\"751aae1\" data-element_type=\"column\">\n\t\t\t<div class=\"elementor-widget-wrap elementor-element-populated\">\n\t\t\t\t\t\t\t\t<div class=\"elementor-element elementor-element-fb081bf elementor-widget elementor-widget-spacer\" data-id=\"fb081bf\" data-element_type=\"widget\" data-widget_type=\"spacer.default\">\n\t\t\t\t<div class=\"elementor-widget-container\">\n\t\t\t\t\t<div class=\"elementor-spacer\">\n\t\t\t<div class=\"elementor-spacer-inner\"><\/div>\n\t\t<\/div>\n\t\t\t\t<\/div>\n\t\t\t\t<\/div>\n\t\t\t\t<section class=\"elementor-section elementor-inner-section elementor-element elementor-element-a918057 elementor-section-boxed elementor-section-height-default elementor-section-height-default\" data-id=\"a918057\" data-element_type=\"section\">\n\t\t\t\t\t\t<div class=\"elementor-container elementor-column-gap-default\">\n\t\t\t\t\t<div class=\"elementor-column elementor-col-100 elementor-inner-column elementor-element elementor-element-b0b97d0\" data-id=\"b0b97d0\" data-element_type=\"column\">\n\t\t\t<div class=\"elementor-widget-wrap elementor-element-populated\">\n\t\t\t\t\t\t\t\t<div class=\"elementor-element elementor-element-edc018d elementor-grid-3 elementor-grid-tablet-2 elementor-grid-mobile-1 elementor-posts--thumbnail-top elementor-widget elementor-widget-posts\" data-id=\"edc018d\" data-element_type=\"widget\" data-settings=\"{&quot;classic_columns&quot;:&quot;3&quot;,&quot;classic_columns_tablet&quot;:&quot;2&quot;,&quot;classic_columns_mobile&quot;:&quot;1&quot;,&quot;classic_row_gap&quot;:{&quot;unit&quot;:&quot;px&quot;,&quot;size&quot;:35,&quot;sizes&quot;:[]},&quot;classic_row_gap_tablet&quot;:{&quot;unit&quot;:&quot;px&quot;,&quot;size&quot;:&quot;&quot;,&quot;sizes&quot;:[]},&quot;classic_row_gap_mobile&quot;:{&quot;unit&quot;:&quot;px&quot;,&quot;size&quot;:&quot;&quot;,&quot;sizes&quot;:[]}}\" data-widget_type=\"posts.classic\">\n\t\t\t\t<div class=\"elementor-widget-container\">\n\t\t\t\t\t<div class=\"elementor-posts-container elementor-posts elementor-posts--skin-classic elementor-grid\">\n\t\t\t\t<article class=\"elementor-post elementor-grid-item post-41111 post type-post status-publish format-standard hentry category-e-bike-blog category-881 description-off\">\n\t\t\t\t<div class=\"elementor-post__text\">\n\t\t\t\t<h3 class=\"elementor-post__title\">\n\t\t\t<a href=\"https:\/\/wisperbikes.com\/de\/can-technology-increase-the-rate-of-recovery-for-stolen-e-bikes\/\" >\n\t\t\t\tKann Technologie die Wiederbeschaffungsrate f\u00fcr gestohlene E-Bikes erh\u00f6hen?\t\t\t<\/a>\n\t\t<\/h3>\n\t\t\t\t<div class=\"elementor-post__meta-data\">\n\t\t\t\t\t<span class=\"elementor-post-date\">\n\t\t\tApril 29, 2024\t\t<\/span>\n\t\t\t\t<\/div>\n\t\t\t\t<div class=\"elementor-post__excerpt\">\n\t\t\t<p>E-Bikes werden zunehmend zum Ziel von Dieben. Dies wird durch die steigende Nachfrage nach E-Bikes und die wachsenden Durchschnittspreise im Einzelhandel gef\u00f6rdert. Im Jahr 2023<\/p>\n\t\t<\/div>\n\t\t\t\t<\/div>\n\t\t\t\t<\/article>\n\t\t\t\t<article class=\"elementor-post elementor-grid-item post-37832 post type-post status-publish format-standard has-post-thumbnail hentry category-e-bike-blog category-881 description-off\">\n\t\t\t\t<a class=\"elementor-post__thumbnail__link\" href=\"https:\/\/wisperbikes.com\/de\/top-5-mental-health-benefits-of-riding-an-ebike\/\" >\n\t\t\t<div class=\"elementor-post__thumbnail\"><img decoding=\"async\" width=\"1280\" height=\"853\" src=\"https:\/\/wisperbikes.com\/de\/wp-content\/uploads\/2022\/11\/DSC2662-1280x853-1.jpg\" class=\"attachment-full size-full wp-image-37833\" alt=\"Couple riding on a wisper bike\" loading=\"lazy\" srcset=\"https:\/\/wisperbikes.com\/de\/wp-content\/uploads\/2022\/11\/DSC2662-1280x853-1.jpg 1280w, https:\/\/wisperbikes.com\/de\/wp-content\/uploads\/2022\/11\/DSC2662-1280x853-1-300x200.jpg 300w, https:\/\/wisperbikes.com\/de\/wp-content\/uploads\/2022\/11\/DSC2662-1280x853-1-1024x682.jpg 1024w, https:\/\/wisperbikes.com\/de\/wp-content\/uploads\/2022\/11\/DSC2662-1280x853-1-768x512.jpg 768w, https:\/\/wisperbikes.com\/de\/wp-content\/uploads\/2022\/11\/DSC2662-1280x853-1-815x543.jpg 815w\" sizes=\"(max-width: 1280px) 100vw, 1280px\" \/><\/div>\n\t\t<\/a>\n\t\t\t\t<div class=\"elementor-post__text\">\n\t\t\t\t<h3 class=\"elementor-post__title\">\n\t\t\t<a href=\"https:\/\/wisperbikes.com\/de\/top-5-mental-health-benefits-of-riding-an-ebike\/\" >\n\t\t\t\tTop 5 der psychischen Gesundheitsvorteile beim Fahren eines E-Bikes\t\t\t<\/a>\n\t\t<\/h3>\n\t\t\t\t<div class=\"elementor-post__meta-data\">\n\t\t\t\t\t<span class=\"elementor-post-date\">\n\t\t\tOktober 10, 2022\t\t<\/span>\n\t\t\t\t<\/div>\n\t\t\t\t<div class=\"elementor-post__excerpt\">\n\t\t\t<p>Es ist allgemein bekannt, dass E-Bikes dazu beitragen k\u00f6nnen, Ihre k\u00f6rperliche Gesundheit zu verbessern, indem sie Sie zum Fahren und Bewegen animieren. E-Bikes k\u00f6nnen jedoch<\/p>\n\t\t<\/div>\n\t\t\t\t<\/div>\n\t\t\t\t<\/article>\n\t\t\t\t<article class=\"elementor-post elementor-grid-item post-33207 post type-post status-publish format-standard has-post-thumbnail hentry category-e-bike-blog category-news-updates category-881 category-146 description-off\">\n\t\t\t\t<a class=\"elementor-post__thumbnail__link\" href=\"https:\/\/wisperbikes.com\/de\/ebike-myths-busted\/\" >\n\t\t\t<div class=\"elementor-post__thumbnail\"><img decoding=\"async\" width=\"2560\" height=\"1707\" src=\"https:\/\/wisperbikes.com\/de\/wp-content\/uploads\/2022\/03\/DSC2212-scaled.jpg\" class=\"attachment-full size-full wp-image-33210\" alt=\"woman riding on a red ebike\" loading=\"lazy\" srcset=\"https:\/\/wisperbikes.com\/de\/wp-content\/uploads\/2022\/03\/DSC2212-scaled.jpg 2560w, https:\/\/wisperbikes.com\/de\/wp-content\/uploads\/2022\/03\/DSC2212-scaled-815x543.jpg 815w, https:\/\/wisperbikes.com\/de\/wp-content\/uploads\/2022\/03\/DSC2212-300x200.jpg 300w, https:\/\/wisperbikes.com\/de\/wp-content\/uploads\/2022\/03\/DSC2212-1024x683.jpg 1024w, https:\/\/wisperbikes.com\/de\/wp-content\/uploads\/2022\/03\/DSC2212-768x512.jpg 768w, https:\/\/wisperbikes.com\/de\/wp-content\/uploads\/2022\/03\/DSC2212-1536x1024.jpg 1536w, https:\/\/wisperbikes.com\/de\/wp-content\/uploads\/2022\/03\/DSC2212-2048x1365.jpg 2048w, https:\/\/wisperbikes.com\/de\/wp-content\/uploads\/2022\/03\/DSC2212-1800x1200.jpg 1800w, https:\/\/wisperbikes.com\/de\/wp-content\/uploads\/2022\/03\/DSC2212-1280x853.jpg 1280w, https:\/\/wisperbikes.com\/de\/wp-content\/uploads\/2022\/03\/DSC2212-1000x667.jpg 1000w, https:\/\/wisperbikes.com\/de\/wp-content\/uploads\/2022\/03\/DSC2212-600x400.jpg 600w\" sizes=\"(max-width: 2560px) 100vw, 2560px\" \/><\/div>\n\t\t<\/a>\n\t\t\t\t<div class=\"elementor-post__text\">\n\t\t\t\t<h3 class=\"elementor-post__title\">\n\t\t\t<a href=\"https:\/\/wisperbikes.com\/de\/ebike-myths-busted\/\" >\n\t\t\t\tMythen \u00fcber eBikes \u2013 Aufgekl\u00e4rt!\t\t\t<\/a>\n\t\t<\/h3>\n\t\t\t\t<div class=\"elementor-post__meta-data\">\n\t\t\t\t\t<span class=\"elementor-post-date\">\n\t\t\tM\u00e4rz 14, 2022\t\t<\/span>\n\t\t\t\t<\/div>\n\t\t\t\t<div class=\"elementor-post__excerpt\">\n\t\t\t<p>eBikes haben das Radfahren revolutioniert und Tausende von Menschen fahren nun in der ganzen Nation mit eBikes. Allerdings gibt es eine Vielzahl von Mythen, die<\/p>\n\t\t<\/div>\n\t\t\t\t<\/div>\n\t\t\t\t<\/article>\n\t\t\t\t<article class=\"elementor-post elementor-grid-item post-1333 post type-post status-publish format-standard has-post-thumbnail hentry category-e-bike-blog\">\n\t\t\t\t<a class=\"elementor-post__thumbnail__link\" href=\"https:\/\/wisperbikes.com\/de\/bike-shop-sevenoaks\/\" >\n\t\t\t<div class=\"elementor-post__thumbnail\"><img decoding=\"async\" width=\"1024\" height=\"288\" src=\"https:\/\/wisperbikes.com\/de\/wp-content\/uploads\/2017\/07\/bike-shop-sevenoaks-1.jpg\" class=\"attachment-full size-full wp-image-35450\" alt=\"Woman riding on a red electric bike by Wisper Bikes\" loading=\"lazy\" srcset=\"https:\/\/wisperbikes.com\/de\/wp-content\/uploads\/2017\/07\/bike-shop-sevenoaks-1.jpg 1024w, https:\/\/wisperbikes.com\/de\/wp-content\/uploads\/2017\/07\/bike-shop-sevenoaks-1-815x229.jpg 815w, https:\/\/wisperbikes.com\/de\/wp-content\/uploads\/2017\/07\/bike-shop-sevenoaks-1-300x84.jpg 300w, https:\/\/wisperbikes.com\/de\/wp-content\/uploads\/2017\/07\/bike-shop-sevenoaks-1-768x216.jpg 768w\" sizes=\"(max-width: 1024px) 100vw, 1024px\" \/><\/div>\n\t\t<\/a>\n\t\t\t\t<div class=\"elementor-post__text\">\n\t\t\t\t<h3 class=\"elementor-post__title\">\n\t\t\t<a href=\"https:\/\/wisperbikes.com\/de\/bike-shop-sevenoaks\/\" >\n\t\t\t\tBike Shop Sevenoaks\t\t\t<\/a>\n\t\t<\/h3>\n\t\t\t\t<div class=\"elementor-post__meta-data\">\n\t\t\t\t\t<span class=\"elementor-post-date\">\n\t\t\tJuli 13, 2017\t\t<\/span>\n\t\t\t\t<\/div>\n\t\t\t\t<div class=\"elementor-post__excerpt\">\n\t\t\t<p>M\u00f6chten Sie ein neues Fahrrad vom besten Fahrradgesch\u00e4ft in Sevenoaks kaufen? Warum kontaktieren Sie nicht Wisper Bikes? Wir sind das allerbeste Fahrradgesch\u00e4ft in Sevenoaks und<\/p>\n\t\t<\/div>\n\t\t\t\t<\/div>\n\t\t\t\t<\/article>\n\t\t\t\t<\/div>\n\t\t\n\t\t\t\t<\/div>\n\t\t\t\t<\/div>\n\t\t\t\t\t<\/div>\n\t\t<\/div>\n\t\t\t\t\t\t\t<\/div>\n\t\t<\/section>\n\t\t\t\t\t<\/div>\n\t\t<\/div>\n\t\t\t\t\t\t\t<\/div>\n\t\t<\/section>\n\t\t\t\t\t\t\t<\/div>\n\t\t","protected":false},"excerpt":{"rendered":"<p>Wisper eBike Blog E-Bike-Blogs<\/p>\n","protected":false},"author":633,"featured_media":0,"parent":0,"menu_order":0,"comment_status":"closed","ping_status":"closed","template":"","meta":[],"acf":[],"yoast_head":"<!-- This site is optimized with the Yoast SEO plugin v20.11 - https:\/\/yoast.com\/wordpress\/plugins\/seo\/ -->\n<title>Neueste Nachrichten und Informationen zu E-Bikes<\/title>\n<meta name=\"description\" content=\"Ebike-Blogs sind eine gro\u00dfartige M\u00f6glichkeit, \u00fcber die neuesten Nachrichten und Informationen zu E-Bikes auf dem neuesten Stand zu bleiben, unabh\u00e4ngig davon,\" \/>\n<meta name=\"robots\" content=\"index, follow, max-snippet:-1, max-image-preview:large, max-video-preview:-1\" \/>\n<link rel=\"canonical\" href=\"https:\/\/wisperbikes.com\/de\/ebike-blog\/\" \/>\n<meta property=\"og:locale\" content=\"de_DE\" \/>\n<meta property=\"og:type\" content=\"article\" \/>\n<meta property=\"og:title\" content=\"Neueste Nachrichten und Informationen zu E-Bikes\" \/>\n<meta property=\"og:description\" content=\"Ebike-Blogs sind eine gro\u00dfartige M\u00f6glichkeit, \u00fcber die neuesten Nachrichten und Informationen zu E-Bikes auf dem neuesten Stand zu bleiben, unabh\u00e4ngig davon,\" \/>\n<meta property=\"og:url\" content=\"https:\/\/wisperbikes.com\/de\/ebike-blog\/\" \/>\n<meta property=\"og:site_name\" content=\"Wisper Bikes\" \/>\n<meta property=\"article:publisher\" content=\"https:\/\/www.facebook.com\/Amps.Bike\/\" \/>\n<meta property=\"article:modified_time\" content=\"2024-04-12T12:37:36+00:00\" \/>\n<meta name=\"twitter:card\" content=\"summary_large_image\" \/>\n<meta name=\"twitter:site\" content=\"@wisperebikes\" \/>\n<meta name=\"twitter:label1\" content=\"Gesch\u00e4tzte Lesezeit\" \/>\n\t<meta name=\"twitter:data1\" content=\"2\u00a0Minuten\" \/>\n<script type=\"application\/ld+json\" class=\"yoast-schema-graph\">{\"@context\":\"https:\/\/schema.org\",\"@graph\":[{\"@type\":\"Article\",\"@id\":\"https:\/\/wisperbikes.com\/de\/ebike-blog\/#article\",\"isPartOf\":{\"@id\":\"https:\/\/wisperbikes.com\/de\/ebike-blog\/\"},\"author\":{\"name\":\"Joy\",\"@id\":\"https:\/\/wisperbikes.com\/de\/#\/schema\/person\/871a5ffd761ff37c08afd6ad71a4f5bf\"},\"headline\":\"Ebike Blog\",\"datePublished\":\"2021-07-06T14:29:32+00:00\",\"dateModified\":\"2024-04-12T12:37:36+00:00\",\"mainEntityOfPage\":{\"@id\":\"https:\/\/wisperbikes.com\/de\/ebike-blog\/\"},\"wordCount\":6,\"publisher\":{\"@id\":\"https:\/\/wisperbikes.com\/de\/#organization\"},\"inLanguage\":\"de\"},{\"@type\":\"WebPage\",\"@id\":\"https:\/\/wisperbikes.com\/de\/ebike-blog\/\",\"url\":\"https:\/\/wisperbikes.com\/de\/ebike-blog\/\",\"name\":\"Neueste Nachrichten und Informationen zu E-Bikes\",\"isPartOf\":{\"@id\":\"https:\/\/wisperbikes.com\/de\/#website\"},\"datePublished\":\"2021-07-06T14:29:32+00:00\",\"dateModified\":\"2024-04-12T12:37:36+00:00\",\"description\":\"Ebike-Blogs sind eine gro\u00dfartige M\u00f6glichkeit, \u00fcber die neuesten Nachrichten und Informationen zu E-Bikes auf dem neuesten Stand zu bleiben, unabh\u00e4ngig davon,\",\"breadcrumb\":{\"@id\":\"https:\/\/wisperbikes.com\/de\/ebike-blog\/#breadcrumb\"},\"inLanguage\":\"de\",\"potentialAction\":[{\"@type\":\"ReadAction\",\"target\":[\"https:\/\/wisperbikes.com\/de\/ebike-blog\/\"]}]},{\"@type\":\"BreadcrumbList\",\"@id\":\"https:\/\/wisperbikes.com\/de\/ebike-blog\/#breadcrumb\",\"itemListElement\":[{\"@type\":\"ListItem\",\"position\":1,\"name\":\"Home\",\"item\":\"https:\/\/wisperbikes.com\/de\/\"},{\"@type\":\"ListItem\",\"position\":2,\"name\":\"Ebike Blog\"}]},{\"@type\":\"WebSite\",\"@id\":\"https:\/\/wisperbikes.com\/de\/#website\",\"url\":\"https:\/\/wisperbikes.com\/de\/\",\"name\":\"Wisper Bikes\",\"description\":\"Electric Bikes\",\"publisher\":{\"@id\":\"https:\/\/wisperbikes.com\/de\/#organization\"},\"potentialAction\":[{\"@type\":\"SearchAction\",\"target\":{\"@type\":\"EntryPoint\",\"urlTemplate\":\"https:\/\/wisperbikes.com\/de\/?s={search_term_string}\"},\"query-input\":\"required name=search_term_string\"}],\"inLanguage\":\"de\"},{\"@type\":\"Organization\",\"@id\":\"https:\/\/wisperbikes.com\/de\/#organization\",\"name\":\"Wisper Electric Bikes\",\"alternateName\":\"Wisper E-Bikes\",\"url\":\"https:\/\/wisperbikes.com\/de\/\",\"logo\":{\"@type\":\"ImageObject\",\"inLanguage\":\"de\",\"@id\":\"https:\/\/wisperbikes.com\/de\/#\/schema\/logo\/image\/\",\"url\":\"https:\/\/wisperbikes.com\/de\/wp-content\/uploads\/2021\/06\/WISPER-Logo.png\",\"contentUrl\":\"https:\/\/wisperbikes.com\/de\/wp-content\/uploads\/2021\/06\/WISPER-Logo.png\",\"width\":250,\"height\":65,\"caption\":\"Wisper Electric Bikes\"},\"image\":{\"@id\":\"https:\/\/wisperbikes.com\/de\/#\/schema\/logo\/image\/\"},\"sameAs\":[\"https:\/\/www.facebook.com\/Amps.Bike\/\",\"https:\/\/twitter.com\/wisperebikes\",\"https:\/\/www.instagram.com\/wisperbikes\/\"]},{\"@type\":\"Person\",\"@id\":\"https:\/\/wisperbikes.com\/de\/#\/schema\/person\/871a5ffd761ff37c08afd6ad71a4f5bf\",\"name\":\"Joy\",\"image\":{\"@type\":\"ImageObject\",\"inLanguage\":\"de\",\"@id\":\"https:\/\/wisperbikes.com\/de\/#\/schema\/person\/image\/\",\"url\":\"https:\/\/secure.gravatar.com\/avatar\/b51849fdd55c9f18997c28d8f7bacad2?s=96&d=mm&r=g\",\"contentUrl\":\"https:\/\/secure.gravatar.com\/avatar\/b51849fdd55c9f18997c28d8f7bacad2?s=96&d=mm&r=g\",\"caption\":\"Joy\"},\"sameAs\":[\"http:\/\/chorleydigital.com\"]}]}<\/script>\n<!-- \/ Yoast SEO plugin. -->","yoast_head_json":{"title":"Neueste Nachrichten und Informationen zu E-Bikes","description":"Ebike-Blogs sind eine gro\u00dfartige M\u00f6glichkeit, \u00fcber die neuesten Nachrichten und Informationen zu E-Bikes auf dem neuesten Stand zu bleiben, unabh\u00e4ngig davon,","robots":{"index":"index","follow":"follow","max-snippet":"max-snippet:-1","max-image-preview":"max-image-preview:large","max-video-preview":"max-video-preview:-1"},"canonical":"https:\/\/wisperbikes.com\/de\/ebike-blog\/","og_locale":"de_DE","og_type":"article","og_title":"Neueste Nachrichten und Informationen zu E-Bikes","og_description":"Ebike-Blogs sind eine gro\u00dfartige M\u00f6glichkeit, \u00fcber die neuesten Nachrichten und Informationen zu E-Bikes auf dem neuesten Stand zu bleiben, unabh\u00e4ngig davon,","og_url":"https:\/\/wisperbikes.com\/de\/ebike-blog\/","og_site_name":"Wisper Bikes","article_publisher":"https:\/\/www.facebook.com\/Amps.Bike\/","article_modified_time":"2024-04-12T12:37:36+00:00","twitter_card":"summary_large_image","twitter_site":"@wisperebikes","twitter_misc":{"Gesch\u00e4tzte Lesezeit":"2\u00a0Minuten"},"schema":{"@context":"https:\/\/schema.org","@graph":[{"@type":"Article","@id":"https:\/\/wisperbikes.com\/de\/ebike-blog\/#article","isPartOf":{"@id":"https:\/\/wisperbikes.com\/de\/ebike-blog\/"},"author":{"name":"Joy","@id":"https:\/\/wisperbikes.com\/de\/#\/schema\/person\/871a5ffd761ff37c08afd6ad71a4f5bf"},"headline":"Ebike Blog","datePublished":"2021-07-06T14:29:32+00:00","dateModified":"2024-04-12T12:37:36+00:00","mainEntityOfPage":{"@id":"https:\/\/wisperbikes.com\/de\/ebike-blog\/"},"wordCount":6,"publisher":{"@id":"https:\/\/wisperbikes.com\/de\/#organization"},"inLanguage":"de"},{"@type":"WebPage","@id":"https:\/\/wisperbikes.com\/de\/ebike-blog\/","url":"https:\/\/wisperbikes.com\/de\/ebike-blog\/","name":"Neueste Nachrichten und Informationen zu E-Bikes","isPartOf":{"@id":"https:\/\/wisperbikes.com\/de\/#website"},"datePublished":"2021-07-06T14:29:32+00:00","dateModified":"2024-04-12T12:37:36+00:00","description":"Ebike-Blogs sind eine gro\u00dfartige M\u00f6glichkeit, \u00fcber die neuesten Nachrichten und Informationen zu E-Bikes auf dem neuesten Stand zu bleiben, unabh\u00e4ngig davon,","breadcrumb":{"@id":"https:\/\/wisperbikes.com\/de\/ebike-blog\/#breadcrumb"},"inLanguage":"de","potentialAction":[{"@type":"ReadAction","target":["https:\/\/wisperbikes.com\/de\/ebike-blog\/"]}]},{"@type":"BreadcrumbList","@id":"https:\/\/wisperbikes.com\/de\/ebike-blog\/#breadcrumb","itemListElement":[{"@type":"ListItem","position":1,"name":"Home","item":"https:\/\/wisperbikes.com\/de\/"},{"@type":"ListItem","position":2,"name":"Ebike Blog"}]},{"@type":"WebSite","@id":"https:\/\/wisperbikes.com\/de\/#website","url":"https:\/\/wisperbikes.com\/de\/","name":"Wisper Bikes","description":"Electric Bikes","publisher":{"@id":"https:\/\/wisperbikes.com\/de\/#organization"},"potentialAction":[{"@type":"SearchAction","target":{"@type":"EntryPoint","urlTemplate":"https:\/\/wisperbikes.com\/de\/?s={search_term_string}"},"query-input":"required name=search_term_string"}],"inLanguage":"de"},{"@type":"Organization","@id":"https:\/\/wisperbikes.com\/de\/#organization","name":"Wisper Electric Bikes","alternateName":"Wisper E-Bikes","url":"https:\/\/wisperbikes.com\/de\/","logo":{"@type":"ImageObject","inLanguage":"de","@id":"https:\/\/wisperbikes.com\/de\/#\/schema\/logo\/image\/","url":"https:\/\/wisperbikes.com\/de\/wp-content\/uploads\/2021\/06\/WISPER-Logo.png","contentUrl":"https:\/\/wisperbikes.com\/de\/wp-content\/uploads\/2021\/06\/WISPER-Logo.png","width":250,"height":65,"caption":"Wisper Electric Bikes"},"image":{"@id":"https:\/\/wisperbikes.com\/de\/#\/schema\/logo\/image\/"},"sameAs":["https:\/\/www.facebook.com\/Amps.Bike\/","https:\/\/twitter.com\/wisperebikes","https:\/\/www.instagram.com\/wisperbikes\/"]},{"@type":"Person","@id":"https:\/\/wisperbikes.com\/de\/#\/schema\/person\/871a5ffd761ff37c08afd6ad71a4f5bf","name":"Joy","image":{"@type":"ImageObject","inLanguage":"de","@id":"https:\/\/wisperbikes.com\/de\/#\/schema\/person\/image\/","url":"https:\/\/secure.gravatar.com\/avatar\/b51849fdd55c9f18997c28d8f7bacad2?s=96&d=mm&r=g","contentUrl":"https:\/\/secure.gravatar.com\/avatar\/b51849fdd55c9f18997c28d8f7bacad2?s=96&d=mm&r=g","caption":"Joy"},"sameAs":["http:\/\/chorleydigital.com"]}]}},"_links":{"self":[{"href":"https:\/\/wisperbikes.com\/de\/wp-json\/wp\/v2\/pages\/31511"}],"collection":[{"href":"https:\/\/wisperbikes.com\/de\/wp-json\/wp\/v2\/pages"}],"about":[{"href":"https:\/\/wisperbikes.com\/de\/wp-json\/wp\/v2\/types\/page"}],"author":[{"embeddable":true,"href":"https:\/\/wisperbikes.com\/de\/wp-json\/wp\/v2\/users\/633"}],"replies":[{"embeddable":true,"href":"https:\/\/wisperbikes.com\/de\/wp-json\/wp\/v2\/comments?post=31511"}],"version-history":[{"count":10,"href":"https:\/\/wisperbikes.com\/de\/wp-json\/wp\/v2\/pages\/31511\/revisions"}],"predecessor-version":[{"id":41016,"href":"https:\/\/wisperbikes.com\/de\/wp-json\/wp\/v2\/pages\/31511\/revisions\/41016"}],"wp:attachment":[{"href":"https:\/\/wisperbikes.com\/de\/wp-json\/wp\/v2\/media?parent=31511"}],"curies":[{"name":"wp","href":"https:\/\/api.w.org\/{rel}","templated":true}]}}