{"id":4942,"date":"2019-02-11T14:07:18","date_gmt":"2019-02-11T14:07:18","guid":{"rendered":"https:\/\/wisperbikes.com\/de\/?page_id=4942"},"modified":"2024-01-08T08:52:20","modified_gmt":"2024-01-08T08:52:20","slug":"e-bikes-manuals","status":"publish","type":"page","link":"https:\/\/wisperbikes.com\/de\/e-bikes-manuals\/","title":{"rendered":"Manuals"},"content":{"rendered":"\t\t<div data-elementor-type=\"wp-page\" data-elementor-id=\"4942\" class=\"elementor elementor-4942\" data-elementor-post-type=\"page\">\n\t\t\t\t\t\t\t\t\t<section class=\"elementor-section elementor-top-section elementor-element elementor-element-aa1aa64 elementor-section-full_width elementor-section-stretched elementor-section-height-default elementor-section-height-default\" data-id=\"aa1aa64\" data-element_type=\"section\" data-settings=\"{&quot;stretch_section&quot;:&quot;section-stretched&quot;}\">\n\t\t\t\t\t\t<div class=\"elementor-container elementor-column-gap-default\">\n\t\t\t\t\t<div class=\"elementor-column elementor-col-100 elementor-top-column elementor-element elementor-element-95a357a\" data-id=\"95a357a\" data-element_type=\"column\">\n\t\t\t<div class=\"elementor-widget-wrap elementor-element-populated\">\n\t\t\t\t\t\t\t\t<section class=\"elementor-section elementor-inner-section elementor-element elementor-element-f8b9267 elementor-section-boxed elementor-section-height-default elementor-section-height-default\" data-id=\"f8b9267\" data-element_type=\"section\">\n\t\t\t\t\t\t<div class=\"elementor-container elementor-column-gap-default\">\n\t\t\t\t\t<div class=\"elementor-column elementor-col-100 elementor-inner-column elementor-element elementor-element-fba8521\" data-id=\"fba8521\" data-element_type=\"column\">\n\t\t\t<div class=\"elementor-widget-wrap elementor-element-populated\">\n\t\t\t\t\t\t\t\t<div class=\"elementor-element elementor-element-30c10f8 elementor-widget elementor-widget-text-editor\" data-id=\"30c10f8\" data-element_type=\"widget\" data-widget_type=\"text-editor.default\">\n\t\t\t\t<div class=\"elementor-widget-container\">\n\t\t\t\t\t\t\t<div class=\"wpb_text_column wpb_content_element vc_custom_1602256698123\">\n<div class=\"wpb_wrapper\">\n\nUm die richtigen Handb\u00fccher f\u00fcr Ihr Wisper Elektrofahrrad zu finden, w\u00e4hlen Sie einfach den passenden Bereich aus den untenstehenden Optionen aus:\n\n<\/div>\n<\/div>\t\t\t\t\t\t<\/div>\n\t\t\t\t<\/div>\n\t\t\t\t\t<\/div>\n\t\t<\/div>\n\t\t\t\t\t\t\t<\/div>\n\t\t<\/section>\n\t\t\t\t<section class=\"elementor-section elementor-inner-section elementor-element elementor-element-8d3f8b9 elementor-section-boxed elementor-section-height-default elementor-section-height-default\" data-id=\"8d3f8b9\" data-element_type=\"section\">\n\t\t\t\t\t\t<div class=\"elementor-container elementor-column-gap-default\">\n\t\t\t\t\t<div class=\"elementor-column elementor-col-50 elementor-inner-column elementor-element elementor-element-b22da5d\" data-id=\"b22da5d\" data-element_type=\"column\">\n\t\t\t<div class=\"elementor-widget-wrap elementor-element-populated\">\n\t\t\t\t\t\t\t\t<div class=\"elementor-element elementor-element-45f92dd elementor-widget elementor-widget-image\" data-id=\"45f92dd\" data-element_type=\"widget\" data-widget_type=\"image.default\">\n\t\t\t\t<div class=\"elementor-widget-container\">\n\t\t\t\t\t\t\t\t\t\t\t\t\t\t\t\t<a href=\"\/wayfarer-manuals\" target=\"_blank\">\n\t\t\t\t\t\t\t<img decoding=\"async\" width=\"630\" height=\"419\" src=\"https:\/\/wisperbikes.com\/de\/wp-content\/uploads\/2022\/08\/WAYFARER_MANUALS-1.jpg\" class=\"elementor-animation-grow attachment-large size-large wp-image-34808\" alt=\"Wayfarer Ebike Manual\" loading=\"lazy\" \/>\t\t\t\t\t\t\t\t<\/a>\n\t\t\t\t\t\t\t\t\t\t\t\t\t\t\t<\/div>\n\t\t\t\t<\/div>\n\t\t\t\t<div class=\"elementor-element elementor-element-3001fbc elementor-widget elementor-widget-image\" data-id=\"3001fbc\" data-element_type=\"widget\" data-widget_type=\"image.default\">\n\t\t\t\t<div class=\"elementor-widget-container\">\n\t\t\t\t\t\t\t\t\t\t\t\t\t\t\t\t<a href=\"\/wp-content\/uploads\/2022\/12\/Tailwind-Manual-Final-3.pdf\" target=\"_blank\">\n\t\t\t\t\t\t\t<img decoding=\"async\" width=\"630\" height=\"419\" src=\"https:\/\/wisperbikes.com\/de\/wp-content\/uploads\/2022\/12\/TAILWIND.jpg\" class=\"elementor-animation-grow attachment-large size-large wp-image-38707\" alt=\"TAILWIND eBike\" loading=\"lazy\" srcset=\"https:\/\/wisperbikes.com\/de\/wp-content\/uploads\/2022\/12\/TAILWIND.jpg 630w, https:\/\/wisperbikes.com\/de\/wp-content\/uploads\/2022\/12\/TAILWIND-300x200.jpg 300w\" sizes=\"(max-width: 630px) 100vw, 630px\" \/>\t\t\t\t\t\t\t\t<\/a>\n\t\t\t\t\t\t\t\t\t\t\t\t\t\t\t<\/div>\n\t\t\t\t<\/div>\n\t\t\t\t\t<\/div>\n\t\t<\/div>\n\t\t\t\t<div class=\"elementor-column elementor-col-50 elementor-inner-column elementor-element elementor-element-4baa89d\" data-id=\"4baa89d\" data-element_type=\"column\">\n\t\t\t<div class=\"elementor-widget-wrap elementor-element-populated\">\n\t\t\t\t\t\t\t\t<div class=\"elementor-element elementor-element-b37c0e0 elementor-widget elementor-widget-image\" data-id=\"b37c0e0\" data-element_type=\"widget\" data-widget_type=\"image.default\">\n\t\t\t\t<div class=\"elementor-widget-container\">\n\t\t\t\t\t\t\t\t\t\t\t\t\t\t\t\t<a href=\"\/traditional-manuals\" target=\"_blank\">\n\t\t\t\t\t\t\t<img decoding=\"async\" width=\"630\" height=\"419\" src=\"https:\/\/wisperbikes.com\/de\/wp-content\/uploads\/2022\/08\/TRADITIONAL_MANUALS.jpg\" class=\"elementor-animation-grow attachment-large size-large wp-image-34810\" alt=\"Traditional Wisper Ebike Manual\" loading=\"lazy\" srcset=\"https:\/\/wisperbikes.com\/de\/wp-content\/uploads\/2022\/08\/TRADITIONAL_MANUALS.jpg 630w, https:\/\/wisperbikes.com\/de\/wp-content\/uploads\/2022\/08\/TRADITIONAL_MANUALS-300x200.jpg 300w, https:\/\/wisperbikes.com\/de\/wp-content\/uploads\/2022\/08\/TRADITIONAL_MANUALS-600x399.jpg 600w\" sizes=\"(max-width: 630px) 100vw, 630px\" \/>\t\t\t\t\t\t\t\t<\/a>\n\t\t\t\t\t\t\t\t\t\t\t\t\t\t\t<\/div>\n\t\t\t\t<\/div>\n\t\t\t\t<div class=\"elementor-element elementor-element-6a3467b elementor-widget elementor-widget-image\" data-id=\"6a3467b\" data-element_type=\"widget\" data-widget_type=\"image.default\">\n\t\t\t\t<div class=\"elementor-widget-container\">\n\t\t\t\t\t\t\t\t\t\t\t\t\t\t\t\t<a href=\"\/classic-manuals\" target=\"_blank\">\n\t\t\t\t\t\t\t<img decoding=\"async\" width=\"630\" height=\"419\" src=\"https:\/\/wisperbikes.com\/de\/wp-content\/uploads\/2022\/08\/CLASSIC_MANUALS.jpg\" class=\"elementor-animation-grow attachment-large size-large wp-image-34812\" alt=\"Classic Wisper Ebike Manual\" loading=\"lazy\" \/>\t\t\t\t\t\t\t\t<\/a>\n\t\t\t\t\t\t\t\t\t\t\t\t\t\t\t<\/div>\n\t\t\t\t<\/div>\n\t\t\t\t\t<\/div>\n\t\t<\/div>\n\t\t\t\t\t\t\t<\/div>\n\t\t<\/section>\n\t\t\t\t\t<\/div>\n\t\t<\/div>\n\t\t\t\t\t\t\t<\/div>\n\t\t<\/section>\n\t\t\t\t\t\t\t<\/div>\n\t\t","protected":false},"excerpt":{"rendered":"<p>Um die richtigen Handb\u00fccher f\u00fcr Ihr Wisper Elektrofahrrad zu finden, w\u00e4hlen Sie einfach den passenden Bereich aus den untenstehenden Optionen aus:<\/p>\n","protected":false},"author":279,"featured_media":8002,"parent":0,"menu_order":0,"comment_status":"closed","ping_status":"closed","template":"","meta":[],"acf":[],"yoast_head":"<!-- This site is optimized with the Yoast SEO plugin v20.11 - https:\/\/yoast.com\/wordpress\/plugins\/seo\/ -->\n<title>Handb\u00fccher - Wisper Bikes<\/title>\n<meta name=\"description\" content=\"Suchen Sie die richtigen Handb\u00fccher f\u00fcr Ihr Wisper Elektrofahrrad. W\u00e4hlen Sie einfach den richtigen Bereich.\" \/>\n<meta name=\"robots\" content=\"noindex, nofollow\" \/>\n<meta property=\"og:locale\" content=\"de_DE\" \/>\n<meta property=\"og:type\" content=\"article\" \/>\n<meta property=\"og:title\" content=\"Handb\u00fccher - Wisper Bikes\" \/>\n<meta property=\"og:description\" content=\"Suchen Sie die richtigen Handb\u00fccher f\u00fcr Ihr Wisper Elektrofahrrad. W\u00e4hlen Sie einfach den richtigen Bereich.\" \/>\n<meta property=\"og:url\" content=\"https:\/\/wisperbikes.com\/de\/e-bikes-manuals\/\" \/>\n<meta property=\"og:site_name\" content=\"Wisper Bikes\" \/>\n<meta property=\"article:publisher\" content=\"https:\/\/www.facebook.com\/Amps.Bike\/\" \/>\n<meta property=\"article:modified_time\" content=\"2024-01-08T08:52:20+00:00\" \/>\n<meta property=\"og:image\" content=\"https:\/\/wisperbikes.com\/de\/wp-content\/uploads\/2019\/09\/wisper-2019_20-2-e1568730048721.jpg\" \/>\n\t<meta property=\"og:image:width\" content=\"560\" \/>\n\t<meta property=\"og:image:height\" content=\"792\" \/>\n\t<meta property=\"og:image:type\" content=\"image\/jpeg\" \/>\n<meta name=\"twitter:card\" content=\"summary_large_image\" \/>\n<meta name=\"twitter:site\" content=\"@wisperebikes\" \/>\n<meta name=\"twitter:label1\" content=\"Gesch\u00e4tzte Lesezeit\" \/>\n\t<meta name=\"twitter:data1\" content=\"1\u00a0Minute\" \/>\n<script type=\"application\/ld+json\" class=\"yoast-schema-graph\">{\"@context\":\"https:\/\/schema.org\",\"@graph\":[{\"@type\":\"Article\",\"@id\":\"https:\/\/wisperbikes.com\/de\/e-bikes-manuals\/#article\",\"isPartOf\":{\"@id\":\"https:\/\/wisperbikes.com\/de\/e-bikes-manuals\/\"},\"author\":{\"name\":\"Peter Hesketh\",\"@id\":\"https:\/\/wisperbikes.com\/de\/#\/schema\/person\/18ed50e251a30897a7698a958c050218\"},\"headline\":\"Manuals\",\"datePublished\":\"2019-02-11T14:07:18+00:00\",\"dateModified\":\"2024-01-08T08:52:20+00:00\",\"mainEntityOfPage\":{\"@id\":\"https:\/\/wisperbikes.com\/de\/e-bikes-manuals\/\"},\"wordCount\":25,\"publisher\":{\"@id\":\"https:\/\/wisperbikes.com\/de\/#organization\"},\"inLanguage\":\"de\"},{\"@type\":\"WebPage\",\"@id\":\"https:\/\/wisperbikes.com\/de\/e-bikes-manuals\/\",\"url\":\"https:\/\/wisperbikes.com\/de\/e-bikes-manuals\/\",\"name\":\"Handb\u00fccher - Wisper Bikes\",\"isPartOf\":{\"@id\":\"https:\/\/wisperbikes.com\/de\/#website\"},\"datePublished\":\"2019-02-11T14:07:18+00:00\",\"dateModified\":\"2024-01-08T08:52:20+00:00\",\"description\":\"Suchen Sie die richtigen Handb\u00fccher f\u00fcr Ihr Wisper Elektrofahrrad. W\u00e4hlen Sie einfach den richtigen Bereich.\",\"breadcrumb\":{\"@id\":\"https:\/\/wisperbikes.com\/de\/e-bikes-manuals\/#breadcrumb\"},\"inLanguage\":\"de\",\"potentialAction\":[{\"@type\":\"ReadAction\",\"target\":[\"https:\/\/wisperbikes.com\/de\/e-bikes-manuals\/\"]}]},{\"@type\":\"BreadcrumbList\",\"@id\":\"https:\/\/wisperbikes.com\/de\/e-bikes-manuals\/#breadcrumb\",\"itemListElement\":[{\"@type\":\"ListItem\",\"position\":1,\"name\":\"Home\",\"item\":\"https:\/\/wisperbikes.com\/de\/\"},{\"@type\":\"ListItem\",\"position\":2,\"name\":\"Manuals\"}]},{\"@type\":\"WebSite\",\"@id\":\"https:\/\/wisperbikes.com\/de\/#website\",\"url\":\"https:\/\/wisperbikes.com\/de\/\",\"name\":\"Wisper Bikes\",\"description\":\"Electric Bikes\",\"publisher\":{\"@id\":\"https:\/\/wisperbikes.com\/de\/#organization\"},\"potentialAction\":[{\"@type\":\"SearchAction\",\"target\":{\"@type\":\"EntryPoint\",\"urlTemplate\":\"https:\/\/wisperbikes.com\/de\/?s={search_term_string}\"},\"query-input\":\"required name=search_term_string\"}],\"inLanguage\":\"de\"},{\"@type\":\"Organization\",\"@id\":\"https:\/\/wisperbikes.com\/de\/#organization\",\"name\":\"Wisper Electric Bikes\",\"alternateName\":\"Wisper E-Bikes\",\"url\":\"https:\/\/wisperbikes.com\/de\/\",\"logo\":{\"@type\":\"ImageObject\",\"inLanguage\":\"de\",\"@id\":\"https:\/\/wisperbikes.com\/de\/#\/schema\/logo\/image\/\",\"url\":\"https:\/\/wisperbikes.com\/de\/wp-content\/uploads\/2021\/06\/WISPER-Logo.png\",\"contentUrl\":\"https:\/\/wisperbikes.com\/de\/wp-content\/uploads\/2021\/06\/WISPER-Logo.png\",\"width\":250,\"height\":65,\"caption\":\"Wisper Electric Bikes\"},\"image\":{\"@id\":\"https:\/\/wisperbikes.com\/de\/#\/schema\/logo\/image\/\"},\"sameAs\":[\"https:\/\/www.facebook.com\/Amps.Bike\/\",\"https:\/\/twitter.com\/wisperebikes\",\"https:\/\/www.instagram.com\/wisperbikes\/\"]},{\"@type\":\"Person\",\"@id\":\"https:\/\/wisperbikes.com\/de\/#\/schema\/person\/18ed50e251a30897a7698a958c050218\",\"name\":\"Peter Hesketh\",\"image\":{\"@type\":\"ImageObject\",\"inLanguage\":\"de\",\"@id\":\"https:\/\/wisperbikes.com\/de\/#\/schema\/person\/image\/\",\"url\":\"https:\/\/secure.gravatar.com\/avatar\/ba4bddc8109c2f3fcb3d0013b774bc60?s=96&d=mm&r=g\",\"contentUrl\":\"https:\/\/secure.gravatar.com\/avatar\/ba4bddc8109c2f3fcb3d0013b774bc60?s=96&d=mm&r=g\",\"caption\":\"Peter Hesketh\"}}]}<\/script>\n<!-- \/ Yoast SEO plugin. -->","yoast_head_json":{"title":"Handb\u00fccher - Wisper Bikes","description":"Suchen Sie die richtigen Handb\u00fccher f\u00fcr Ihr Wisper Elektrofahrrad. W\u00e4hlen Sie einfach den richtigen Bereich.","robots":{"index":"noindex","follow":"nofollow"},"og_locale":"de_DE","og_type":"article","og_title":"Handb\u00fccher - Wisper Bikes","og_description":"Suchen Sie die richtigen Handb\u00fccher f\u00fcr Ihr Wisper Elektrofahrrad. W\u00e4hlen Sie einfach den richtigen Bereich.","og_url":"https:\/\/wisperbikes.com\/de\/e-bikes-manuals\/","og_site_name":"Wisper Bikes","article_publisher":"https:\/\/www.facebook.com\/Amps.Bike\/","article_modified_time":"2024-01-08T08:52:20+00:00","og_image":[{"width":560,"height":792,"url":"https:\/\/wisperbikes.com\/de\/wp-content\/uploads\/2019\/09\/wisper-2019_20-2-e1568730048721.jpg","type":"image\/jpeg"}],"twitter_card":"summary_large_image","twitter_site":"@wisperebikes","twitter_misc":{"Gesch\u00e4tzte Lesezeit":"1\u00a0Minute"},"schema":{"@context":"https:\/\/schema.org","@graph":[{"@type":"Article","@id":"https:\/\/wisperbikes.com\/de\/e-bikes-manuals\/#article","isPartOf":{"@id":"https:\/\/wisperbikes.com\/de\/e-bikes-manuals\/"},"author":{"name":"Peter Hesketh","@id":"https:\/\/wisperbikes.com\/de\/#\/schema\/person\/18ed50e251a30897a7698a958c050218"},"headline":"Manuals","datePublished":"2019-02-11T14:07:18+00:00","dateModified":"2024-01-08T08:52:20+00:00","mainEntityOfPage":{"@id":"https:\/\/wisperbikes.com\/de\/e-bikes-manuals\/"},"wordCount":25,"publisher":{"@id":"https:\/\/wisperbikes.com\/de\/#organization"},"inLanguage":"de"},{"@type":"WebPage","@id":"https:\/\/wisperbikes.com\/de\/e-bikes-manuals\/","url":"https:\/\/wisperbikes.com\/de\/e-bikes-manuals\/","name":"Handb\u00fccher - Wisper Bikes","isPartOf":{"@id":"https:\/\/wisperbikes.com\/de\/#website"},"datePublished":"2019-02-11T14:07:18+00:00","dateModified":"2024-01-08T08:52:20+00:00","description":"Suchen Sie die richtigen Handb\u00fccher f\u00fcr Ihr Wisper Elektrofahrrad. W\u00e4hlen Sie einfach den richtigen Bereich.","breadcrumb":{"@id":"https:\/\/wisperbikes.com\/de\/e-bikes-manuals\/#breadcrumb"},"inLanguage":"de","potentialAction":[{"@type":"ReadAction","target":["https:\/\/wisperbikes.com\/de\/e-bikes-manuals\/"]}]},{"@type":"BreadcrumbList","@id":"https:\/\/wisperbikes.com\/de\/e-bikes-manuals\/#breadcrumb","itemListElement":[{"@type":"ListItem","position":1,"name":"Home","item":"https:\/\/wisperbikes.com\/de\/"},{"@type":"ListItem","position":2,"name":"Manuals"}]},{"@type":"WebSite","@id":"https:\/\/wisperbikes.com\/de\/#website","url":"https:\/\/wisperbikes.com\/de\/","name":"Wisper Bikes","description":"Electric Bikes","publisher":{"@id":"https:\/\/wisperbikes.com\/de\/#organization"},"potentialAction":[{"@type":"SearchAction","target":{"@type":"EntryPoint","urlTemplate":"https:\/\/wisperbikes.com\/de\/?s={search_term_string}"},"query-input":"required name=search_term_string"}],"inLanguage":"de"},{"@type":"Organization","@id":"https:\/\/wisperbikes.com\/de\/#organization","name":"Wisper Electric Bikes","alternateName":"Wisper E-Bikes","url":"https:\/\/wisperbikes.com\/de\/","logo":{"@type":"ImageObject","inLanguage":"de","@id":"https:\/\/wisperbikes.com\/de\/#\/schema\/logo\/image\/","url":"https:\/\/wisperbikes.com\/de\/wp-content\/uploads\/2021\/06\/WISPER-Logo.png","contentUrl":"https:\/\/wisperbikes.com\/de\/wp-content\/uploads\/2021\/06\/WISPER-Logo.png","width":250,"height":65,"caption":"Wisper Electric Bikes"},"image":{"@id":"https:\/\/wisperbikes.com\/de\/#\/schema\/logo\/image\/"},"sameAs":["https:\/\/www.facebook.com\/Amps.Bike\/","https:\/\/twitter.com\/wisperebikes","https:\/\/www.instagram.com\/wisperbikes\/"]},{"@type":"Person","@id":"https:\/\/wisperbikes.com\/de\/#\/schema\/person\/18ed50e251a30897a7698a958c050218","name":"Peter Hesketh","image":{"@type":"ImageObject","inLanguage":"de","@id":"https:\/\/wisperbikes.com\/de\/#\/schema\/person\/image\/","url":"https:\/\/secure.gravatar.com\/avatar\/ba4bddc8109c2f3fcb3d0013b774bc60?s=96&d=mm&r=g","contentUrl":"https:\/\/secure.gravatar.com\/avatar\/ba4bddc8109c2f3fcb3d0013b774bc60?s=96&d=mm&r=g","caption":"Peter Hesketh"}}]}},"_links":{"self":[{"href":"https:\/\/wisperbikes.com\/de\/wp-json\/wp\/v2\/pages\/4942"}],"collection":[{"href":"https:\/\/wisperbikes.com\/de\/wp-json\/wp\/v2\/pages"}],"about":[{"href":"https:\/\/wisperbikes.com\/de\/wp-json\/wp\/v2\/types\/page"}],"author":[{"embeddable":true,"href":"https:\/\/wisperbikes.com\/de\/wp-json\/wp\/v2\/users\/279"}],"replies":[{"embeddable":true,"href":"https:\/\/wisperbikes.com\/de\/wp-json\/wp\/v2\/comments?post=4942"}],"version-history":[{"count":4,"href":"https:\/\/wisperbikes.com\/de\/wp-json\/wp\/v2\/pages\/4942\/revisions"}],"predecessor-version":[{"id":40923,"href":"https:\/\/wisperbikes.com\/de\/wp-json\/wp\/v2\/pages\/4942\/revisions\/40923"}],"wp:featuredmedia":[{"embeddable":true,"href":"https:\/\/wisperbikes.com\/de\/wp-json\/wp\/v2\/media\/8002"}],"wp:attachment":[{"href":"https:\/\/wisperbikes.com\/de\/wp-json\/wp\/v2\/media?parent=4942"}],"curies":[{"name":"wp","href":"https:\/\/api.w.org\/{rel}","templated":true}]}}