{"id":24289,"date":"2019-06-14T00:00:00","date_gmt":"2019-06-14T00:00:00","guid":{"rendered":"http:\/\/localhost\/wisper_both\/shop\/uncategorized\/centre-kickstand-for-wisper-torque-se-bikes\/"},"modified":"2024-03-01T11:50:09","modified_gmt":"2024-03-01T11:50:09","slug":"centre-kickstand-for-wisper-torque-se-bikes","status":"publish","type":"product","link":"https:\/\/wisperbikes.com\/de\/shop\/accessories\/kickstands\/centre-kickstand-for-wisper-torque-se-bikes\/","title":{"rendered":"Centre Kickstand For Wisper Torque &#038; Se Bikes"},"content":{"rendered":"","protected":false},"excerpt":{"rendered":"","protected":false},"featured_media":6913,"comment_status":"closed","ping_status":"closed","template":"","meta":[],"product_cat":[901,168],"product_tag":[],"acf":[],"yoast_head":"<!-- This site is optimized with the Yoast SEO plugin v20.11 - https:\/\/yoast.com\/wordpress\/plugins\/seo\/ -->\n<title>Stylish Center Kickstand | E-Bike-Zubeh\u00f6r | Wisper Ebikes<\/title>\n<meta name=\"description\" content=\"Holen Sie sich diesen qualitativ hochwertigen und trendigen Kickstand f\u00fcr Ihr Wisper-Drehmoment und SE-Fahrr\u00e4der. Durchsuchen Sie Wisper Electric Bicycles.\" \/>\n<meta name=\"robots\" content=\"index, follow, max-snippet:-1, max-image-preview:large, max-video-preview:-1\" \/>\n<link rel=\"canonical\" href=\"https:\/\/wisperbikes.com\/de\/shop\/accessories\/kickstands\/centre-kickstand-for-wisper-torque-se-bikes\/\" \/>\n<meta property=\"og:locale\" content=\"de_DE\" \/>\n<meta property=\"og:type\" content=\"article\" \/>\n<meta property=\"og:title\" content=\"Stylish Center Kickstand | E-Bike-Zubeh\u00f6r | Wisper Ebikes\" \/>\n<meta property=\"og:description\" content=\"Holen Sie sich diesen qualitativ hochwertigen und trendigen Kickstand f\u00fcr Ihr Wisper-Drehmoment und SE-Fahrr\u00e4der. Durchsuchen Sie Wisper Electric Bicycles.\" \/>\n<meta property=\"og:url\" content=\"https:\/\/wisperbikes.com\/de\/shop\/accessories\/kickstands\/centre-kickstand-for-wisper-torque-se-bikes\/\" \/>\n<meta property=\"og:site_name\" content=\"Wisper Bikes\" \/>\n<meta property=\"article:publisher\" content=\"https:\/\/www.facebook.com\/Amps.Bike\/\" \/>\n<meta property=\"article:modified_time\" content=\"2024-03-01T11:50:09+00:00\" \/>\n<meta property=\"og:image\" content=\"https:\/\/wisperbikes.com\/de\/wp-content\/uploads\/2019\/06\/PWO34001-WISPER-CENTRE-KICKSTAND-FOR-TORQUE-SE-BIKES-1.jpg\" \/>\n\t<meta property=\"og:image:width\" content=\"970\" \/>\n\t<meta property=\"og:image:height\" content=\"970\" \/>\n\t<meta property=\"og:image:type\" content=\"image\/jpeg\" \/>\n<meta name=\"twitter:card\" content=\"summary_large_image\" \/>\n<meta name=\"twitter:site\" content=\"@wisperebikes\" \/>\n<script type=\"application\/ld+json\" class=\"yoast-schema-graph\">{\"@context\":\"https:\/\/schema.org\",\"@graph\":[{\"@type\":\"WebPage\",\"@id\":\"https:\/\/wisperbikes.com\/de\/shop\/accessories\/kickstands\/centre-kickstand-for-wisper-torque-se-bikes\/\",\"url\":\"https:\/\/wisperbikes.com\/de\/shop\/accessories\/kickstands\/centre-kickstand-for-wisper-torque-se-bikes\/\",\"name\":\"Stylish Center Kickstand | E-Bike-Zubeh\u00f6r | Wisper Ebikes\",\"isPartOf\":{\"@id\":\"https:\/\/wisperbikes.com\/de\/#website\"},\"datePublished\":\"2019-06-14T00:00:00+00:00\",\"dateModified\":\"2024-03-01T11:50:09+00:00\",\"description\":\"Holen Sie sich diesen qualitativ hochwertigen und trendigen Kickstand f\u00fcr Ihr Wisper-Drehmoment und SE-Fahrr\u00e4der. Durchsuchen Sie Wisper Electric Bicycles.\",\"breadcrumb\":{\"@id\":\"https:\/\/wisperbikes.com\/de\/shop\/accessories\/kickstands\/centre-kickstand-for-wisper-torque-se-bikes\/#breadcrumb\"},\"inLanguage\":\"de\",\"potentialAction\":[{\"@type\":\"ReadAction\",\"target\":[\"https:\/\/wisperbikes.com\/de\/shop\/accessories\/kickstands\/centre-kickstand-for-wisper-torque-se-bikes\/\"]}]},{\"@type\":\"BreadcrumbList\",\"@id\":\"https:\/\/wisperbikes.com\/de\/shop\/accessories\/kickstands\/centre-kickstand-for-wisper-torque-se-bikes\/#breadcrumb\",\"itemListElement\":[{\"@type\":\"ListItem\",\"position\":1,\"name\":\"Home\",\"item\":\"https:\/\/wisperbikes.com\/de\/\"},{\"@type\":\"ListItem\",\"position\":2,\"name\":\"Our Shop\",\"item\":\"https:\/\/wisperbikes.com\/de\/shop\/\"},{\"@type\":\"ListItem\",\"position\":3,\"name\":\"Centre Kickstand For Wisper Torque &#038; Se Bikes\"}]},{\"@type\":\"WebSite\",\"@id\":\"https:\/\/wisperbikes.com\/de\/#website\",\"url\":\"https:\/\/wisperbikes.com\/de\/\",\"name\":\"Wisper Bikes\",\"description\":\"Electric Bikes\",\"publisher\":{\"@id\":\"https:\/\/wisperbikes.com\/de\/#organization\"},\"potentialAction\":[{\"@type\":\"SearchAction\",\"target\":{\"@type\":\"EntryPoint\",\"urlTemplate\":\"https:\/\/wisperbikes.com\/de\/?s={search_term_string}\"},\"query-input\":\"required name=search_term_string\"}],\"inLanguage\":\"de\"},{\"@type\":\"Organization\",\"@id\":\"https:\/\/wisperbikes.com\/de\/#organization\",\"name\":\"Wisper Electric Bikes\",\"alternateName\":\"Wisper E-Bikes\",\"url\":\"https:\/\/wisperbikes.com\/de\/\",\"logo\":{\"@type\":\"ImageObject\",\"inLanguage\":\"de\",\"@id\":\"https:\/\/wisperbikes.com\/de\/#\/schema\/logo\/image\/\",\"url\":\"https:\/\/wisperbikes.com\/de\/wp-content\/uploads\/2021\/06\/WISPER-Logo.png\",\"contentUrl\":\"https:\/\/wisperbikes.com\/de\/wp-content\/uploads\/2021\/06\/WISPER-Logo.png\",\"width\":250,\"height\":65,\"caption\":\"Wisper Electric Bikes\"},\"image\":{\"@id\":\"https:\/\/wisperbikes.com\/de\/#\/schema\/logo\/image\/\"},\"sameAs\":[\"https:\/\/www.facebook.com\/Amps.Bike\/\",\"https:\/\/twitter.com\/wisperebikes\",\"https:\/\/www.instagram.com\/wisperbikes\/\"]}]}<\/script>\n<!-- \/ Yoast SEO plugin. -->","yoast_head_json":{"title":"Stylish Center Kickstand | E-Bike-Zubeh\u00f6r | Wisper Ebikes","description":"Holen Sie sich diesen qualitativ hochwertigen und trendigen Kickstand f\u00fcr Ihr Wisper-Drehmoment und SE-Fahrr\u00e4der. Durchsuchen Sie Wisper Electric Bicycles.","robots":{"index":"index","follow":"follow","max-snippet":"max-snippet:-1","max-image-preview":"max-image-preview:large","max-video-preview":"max-video-preview:-1"},"canonical":"https:\/\/wisperbikes.com\/de\/shop\/accessories\/kickstands\/centre-kickstand-for-wisper-torque-se-bikes\/","og_locale":"de_DE","og_type":"article","og_title":"Stylish Center Kickstand | E-Bike-Zubeh\u00f6r | Wisper Ebikes","og_description":"Holen Sie sich diesen qualitativ hochwertigen und trendigen Kickstand f\u00fcr Ihr Wisper-Drehmoment und SE-Fahrr\u00e4der. Durchsuchen Sie Wisper Electric Bicycles.","og_url":"https:\/\/wisperbikes.com\/de\/shop\/accessories\/kickstands\/centre-kickstand-for-wisper-torque-se-bikes\/","og_site_name":"Wisper Bikes","article_publisher":"https:\/\/www.facebook.com\/Amps.Bike\/","article_modified_time":"2024-03-01T11:50:09+00:00","og_image":[{"width":970,"height":970,"url":"https:\/\/wisperbikes.com\/de\/wp-content\/uploads\/2019\/06\/PWO34001-WISPER-CENTRE-KICKSTAND-FOR-TORQUE-SE-BIKES-1.jpg","type":"image\/jpeg"}],"twitter_card":"summary_large_image","twitter_site":"@wisperebikes","schema":{"@context":"https:\/\/schema.org","@graph":[{"@type":"WebPage","@id":"https:\/\/wisperbikes.com\/de\/shop\/accessories\/kickstands\/centre-kickstand-for-wisper-torque-se-bikes\/","url":"https:\/\/wisperbikes.com\/de\/shop\/accessories\/kickstands\/centre-kickstand-for-wisper-torque-se-bikes\/","name":"Stylish Center Kickstand | E-Bike-Zubeh\u00f6r | Wisper Ebikes","isPartOf":{"@id":"https:\/\/wisperbikes.com\/de\/#website"},"datePublished":"2019-06-14T00:00:00+00:00","dateModified":"2024-03-01T11:50:09+00:00","description":"Holen Sie sich diesen qualitativ hochwertigen und trendigen Kickstand f\u00fcr Ihr Wisper-Drehmoment und SE-Fahrr\u00e4der. Durchsuchen Sie Wisper Electric Bicycles.","breadcrumb":{"@id":"https:\/\/wisperbikes.com\/de\/shop\/accessories\/kickstands\/centre-kickstand-for-wisper-torque-se-bikes\/#breadcrumb"},"inLanguage":"de","potentialAction":[{"@type":"ReadAction","target":["https:\/\/wisperbikes.com\/de\/shop\/accessories\/kickstands\/centre-kickstand-for-wisper-torque-se-bikes\/"]}]},{"@type":"BreadcrumbList","@id":"https:\/\/wisperbikes.com\/de\/shop\/accessories\/kickstands\/centre-kickstand-for-wisper-torque-se-bikes\/#breadcrumb","itemListElement":[{"@type":"ListItem","position":1,"name":"Home","item":"https:\/\/wisperbikes.com\/de\/"},{"@type":"ListItem","position":2,"name":"Our Shop","item":"https:\/\/wisperbikes.com\/de\/shop\/"},{"@type":"ListItem","position":3,"name":"Centre Kickstand For Wisper Torque &#038; Se Bikes"}]},{"@type":"WebSite","@id":"https:\/\/wisperbikes.com\/de\/#website","url":"https:\/\/wisperbikes.com\/de\/","name":"Wisper Bikes","description":"Electric Bikes","publisher":{"@id":"https:\/\/wisperbikes.com\/de\/#organization"},"potentialAction":[{"@type":"SearchAction","target":{"@type":"EntryPoint","urlTemplate":"https:\/\/wisperbikes.com\/de\/?s={search_term_string}"},"query-input":"required name=search_term_string"}],"inLanguage":"de"},{"@type":"Organization","@id":"https:\/\/wisperbikes.com\/de\/#organization","name":"Wisper Electric Bikes","alternateName":"Wisper E-Bikes","url":"https:\/\/wisperbikes.com\/de\/","logo":{"@type":"ImageObject","inLanguage":"de","@id":"https:\/\/wisperbikes.com\/de\/#\/schema\/logo\/image\/","url":"https:\/\/wisperbikes.com\/de\/wp-content\/uploads\/2021\/06\/WISPER-Logo.png","contentUrl":"https:\/\/wisperbikes.com\/de\/wp-content\/uploads\/2021\/06\/WISPER-Logo.png","width":250,"height":65,"caption":"Wisper Electric Bikes"},"image":{"@id":"https:\/\/wisperbikes.com\/de\/#\/schema\/logo\/image\/"},"sameAs":["https:\/\/www.facebook.com\/Amps.Bike\/","https:\/\/twitter.com\/wisperebikes","https:\/\/www.instagram.com\/wisperbikes\/"]}]}},"_links":{"self":[{"href":"https:\/\/wisperbikes.com\/de\/wp-json\/wp\/v2\/product\/24289"}],"collection":[{"href":"https:\/\/wisperbikes.com\/de\/wp-json\/wp\/v2\/product"}],"about":[{"href":"https:\/\/wisperbikes.com\/de\/wp-json\/wp\/v2\/types\/product"}],"replies":[{"embeddable":true,"href":"https:\/\/wisperbikes.com\/de\/wp-json\/wp\/v2\/comments?post=24289"}],"wp:featuredmedia":[{"embeddable":true,"href":"https:\/\/wisperbikes.com\/de\/wp-json\/wp\/v2\/media\/6913"}],"wp:attachment":[{"href":"https:\/\/wisperbikes.com\/de\/wp-json\/wp\/v2\/media?parent=24289"}],"wp:term":[{"taxonomy":"product_cat","embeddable":true,"href":"https:\/\/wisperbikes.com\/de\/wp-json\/wp\/v2\/product_cat?post=24289"},{"taxonomy":"product_tag","embeddable":true,"href":"https:\/\/wisperbikes.com\/de\/wp-json\/wp\/v2\/product_tag?post=24289"}],"curies":[{"name":"wp","href":"https:\/\/api.w.org\/{rel}","templated":true}]}}