{"id":24321,"date":"2017-10-23T00:00:00","date_gmt":"2017-10-23T00:00:00","guid":{"rendered":"http:\/\/localhost\/wisper_both\/shop\/uncategorized\/ahead-stem-adjustable-black\/"},"modified":"2024-03-20T14:36:48","modified_gmt":"2024-03-20T14:36:48","slug":"ahead-stem-adjustable-black","status":"publish","type":"product","link":"https:\/\/wisperbikes.com\/de\/shop\/accessories\/bike-steering\/ahead-stem-adjustable-black\/","title":{"rendered":"Ahead Stem Adjustable Black"},"content":{"rendered":"<p>806<\/p>\n<p>SKU: PWX313305<\/p>\n","protected":false},"excerpt":{"rendered":"<p>806 SKU: PWX313305<\/p>\n","protected":false},"featured_media":28588,"comment_status":"closed","ping_status":"closed","template":"","meta":[],"product_cat":[911,167],"product_tag":[],"acf":[],"yoast_head":"<!-- This site is optimized with the Yoast SEO plugin v20.11 - https:\/\/yoast.com\/wordpress\/plugins\/seo\/ -->\n<title>Voraus einstellbares Schwarz | Fahrradzubeh\u00f6r<\/title>\n<meta name=\"description\" content=\"Der verstellbare Vorw\u00e4rtsstiel ist eine tolle Erg\u00e4nzung f\u00fcr jedes Fahrrad. Einfach den Winkel einstellen und die optimale Fahrposition finden.\" \/>\n<meta name=\"robots\" content=\"index, follow, max-snippet:-1, max-image-preview:large, max-video-preview:-1\" \/>\n<link rel=\"canonical\" href=\"https:\/\/wisperbikes.com\/de\/shop\/accessories\/bike-steering\/ahead-stem-adjustable-black\/\" \/>\n<meta property=\"og:locale\" content=\"de_DE\" \/>\n<meta property=\"og:type\" content=\"article\" \/>\n<meta property=\"og:title\" content=\"Voraus einstellbares Schwarz | Fahrradzubeh\u00f6r\" \/>\n<meta property=\"og:description\" content=\"Der verstellbare Vorw\u00e4rtsstiel ist eine tolle Erg\u00e4nzung f\u00fcr jedes Fahrrad. Einfach den Winkel einstellen und die optimale Fahrposition finden.\" \/>\n<meta property=\"og:url\" content=\"https:\/\/wisperbikes.com\/de\/shop\/accessories\/bike-steering\/ahead-stem-adjustable-black\/\" \/>\n<meta property=\"og:site_name\" content=\"Wisper Bikes\" \/>\n<meta property=\"article:publisher\" content=\"https:\/\/www.facebook.com\/Amps.Bike\/\" \/>\n<meta property=\"article:modified_time\" content=\"2024-03-20T14:36:48+00:00\" \/>\n<meta property=\"og:image\" content=\"https:\/\/wisperbikes.com\/de\/wp-content\/uploads\/2017\/10\/AHEAD-STEM-ADJUSTABLE-BLACK.jpg\" \/>\n\t<meta property=\"og:image:width\" content=\"300\" \/>\n\t<meta property=\"og:image:height\" content=\"300\" \/>\n\t<meta property=\"og:image:type\" content=\"image\/jpeg\" \/>\n<meta name=\"twitter:card\" content=\"summary_large_image\" \/>\n<meta name=\"twitter:site\" content=\"@wisperebikes\" \/>\n<meta name=\"twitter:label1\" content=\"Gesch\u00e4tzte Lesezeit\" \/>\n\t<meta name=\"twitter:data1\" content=\"1\u00a0Minute\" \/>\n<script type=\"application\/ld+json\" class=\"yoast-schema-graph\">{\"@context\":\"https:\/\/schema.org\",\"@graph\":[{\"@type\":\"WebPage\",\"@id\":\"https:\/\/wisperbikes.com\/de\/shop\/accessories\/bike-steering\/ahead-stem-adjustable-black\/\",\"url\":\"https:\/\/wisperbikes.com\/de\/shop\/accessories\/bike-steering\/ahead-stem-adjustable-black\/\",\"name\":\"Voraus einstellbares Schwarz | Fahrradzubeh\u00f6r\",\"isPartOf\":{\"@id\":\"https:\/\/wisperbikes.com\/de\/#website\"},\"datePublished\":\"2017-10-23T00:00:00+00:00\",\"dateModified\":\"2024-03-20T14:36:48+00:00\",\"description\":\"Der verstellbare Vorw\u00e4rtsstiel ist eine tolle Erg\u00e4nzung f\u00fcr jedes Fahrrad. Einfach den Winkel einstellen und die optimale Fahrposition finden.\",\"breadcrumb\":{\"@id\":\"https:\/\/wisperbikes.com\/de\/shop\/accessories\/bike-steering\/ahead-stem-adjustable-black\/#breadcrumb\"},\"inLanguage\":\"de\",\"potentialAction\":[{\"@type\":\"ReadAction\",\"target\":[\"https:\/\/wisperbikes.com\/de\/shop\/accessories\/bike-steering\/ahead-stem-adjustable-black\/\"]}]},{\"@type\":\"BreadcrumbList\",\"@id\":\"https:\/\/wisperbikes.com\/de\/shop\/accessories\/bike-steering\/ahead-stem-adjustable-black\/#breadcrumb\",\"itemListElement\":[{\"@type\":\"ListItem\",\"position\":1,\"name\":\"Home\",\"item\":\"https:\/\/wisperbikes.com\/de\/\"},{\"@type\":\"ListItem\",\"position\":2,\"name\":\"Our Shop\",\"item\":\"https:\/\/wisperbikes.com\/de\/shop\/\"},{\"@type\":\"ListItem\",\"position\":3,\"name\":\"Ahead Stem Adjustable Black\"}]},{\"@type\":\"WebSite\",\"@id\":\"https:\/\/wisperbikes.com\/de\/#website\",\"url\":\"https:\/\/wisperbikes.com\/de\/\",\"name\":\"Wisper Bikes\",\"description\":\"Electric Bikes\",\"publisher\":{\"@id\":\"https:\/\/wisperbikes.com\/de\/#organization\"},\"potentialAction\":[{\"@type\":\"SearchAction\",\"target\":{\"@type\":\"EntryPoint\",\"urlTemplate\":\"https:\/\/wisperbikes.com\/de\/?s={search_term_string}\"},\"query-input\":\"required name=search_term_string\"}],\"inLanguage\":\"de\"},{\"@type\":\"Organization\",\"@id\":\"https:\/\/wisperbikes.com\/de\/#organization\",\"name\":\"Wisper Electric Bikes\",\"alternateName\":\"Wisper E-Bikes\",\"url\":\"https:\/\/wisperbikes.com\/de\/\",\"logo\":{\"@type\":\"ImageObject\",\"inLanguage\":\"de\",\"@id\":\"https:\/\/wisperbikes.com\/de\/#\/schema\/logo\/image\/\",\"url\":\"https:\/\/wisperbikes.com\/de\/wp-content\/uploads\/2021\/06\/WISPER-Logo.png\",\"contentUrl\":\"https:\/\/wisperbikes.com\/de\/wp-content\/uploads\/2021\/06\/WISPER-Logo.png\",\"width\":250,\"height\":65,\"caption\":\"Wisper Electric Bikes\"},\"image\":{\"@id\":\"https:\/\/wisperbikes.com\/de\/#\/schema\/logo\/image\/\"},\"sameAs\":[\"https:\/\/www.facebook.com\/Amps.Bike\/\",\"https:\/\/twitter.com\/wisperebikes\",\"https:\/\/www.instagram.com\/wisperbikes\/\"]}]}<\/script>\n<!-- \/ Yoast SEO plugin. -->","yoast_head_json":{"title":"Voraus einstellbares Schwarz | Fahrradzubeh\u00f6r","description":"Der verstellbare Vorw\u00e4rtsstiel ist eine tolle Erg\u00e4nzung f\u00fcr jedes Fahrrad. Einfach den Winkel einstellen und die optimale Fahrposition finden.","robots":{"index":"index","follow":"follow","max-snippet":"max-snippet:-1","max-image-preview":"max-image-preview:large","max-video-preview":"max-video-preview:-1"},"canonical":"https:\/\/wisperbikes.com\/de\/shop\/accessories\/bike-steering\/ahead-stem-adjustable-black\/","og_locale":"de_DE","og_type":"article","og_title":"Voraus einstellbares Schwarz | Fahrradzubeh\u00f6r","og_description":"Der verstellbare Vorw\u00e4rtsstiel ist eine tolle Erg\u00e4nzung f\u00fcr jedes Fahrrad. Einfach den Winkel einstellen und die optimale Fahrposition finden.","og_url":"https:\/\/wisperbikes.com\/de\/shop\/accessories\/bike-steering\/ahead-stem-adjustable-black\/","og_site_name":"Wisper Bikes","article_publisher":"https:\/\/www.facebook.com\/Amps.Bike\/","article_modified_time":"2024-03-20T14:36:48+00:00","og_image":[{"width":300,"height":300,"url":"https:\/\/wisperbikes.com\/de\/wp-content\/uploads\/2017\/10\/AHEAD-STEM-ADJUSTABLE-BLACK.jpg","type":"image\/jpeg"}],"twitter_card":"summary_large_image","twitter_site":"@wisperebikes","twitter_misc":{"Gesch\u00e4tzte Lesezeit":"1\u00a0Minute"},"schema":{"@context":"https:\/\/schema.org","@graph":[{"@type":"WebPage","@id":"https:\/\/wisperbikes.com\/de\/shop\/accessories\/bike-steering\/ahead-stem-adjustable-black\/","url":"https:\/\/wisperbikes.com\/de\/shop\/accessories\/bike-steering\/ahead-stem-adjustable-black\/","name":"Voraus einstellbares Schwarz | Fahrradzubeh\u00f6r","isPartOf":{"@id":"https:\/\/wisperbikes.com\/de\/#website"},"datePublished":"2017-10-23T00:00:00+00:00","dateModified":"2024-03-20T14:36:48+00:00","description":"Der verstellbare Vorw\u00e4rtsstiel ist eine tolle Erg\u00e4nzung f\u00fcr jedes Fahrrad. Einfach den Winkel einstellen und die optimale Fahrposition finden.","breadcrumb":{"@id":"https:\/\/wisperbikes.com\/de\/shop\/accessories\/bike-steering\/ahead-stem-adjustable-black\/#breadcrumb"},"inLanguage":"de","potentialAction":[{"@type":"ReadAction","target":["https:\/\/wisperbikes.com\/de\/shop\/accessories\/bike-steering\/ahead-stem-adjustable-black\/"]}]},{"@type":"BreadcrumbList","@id":"https:\/\/wisperbikes.com\/de\/shop\/accessories\/bike-steering\/ahead-stem-adjustable-black\/#breadcrumb","itemListElement":[{"@type":"ListItem","position":1,"name":"Home","item":"https:\/\/wisperbikes.com\/de\/"},{"@type":"ListItem","position":2,"name":"Our Shop","item":"https:\/\/wisperbikes.com\/de\/shop\/"},{"@type":"ListItem","position":3,"name":"Ahead Stem Adjustable Black"}]},{"@type":"WebSite","@id":"https:\/\/wisperbikes.com\/de\/#website","url":"https:\/\/wisperbikes.com\/de\/","name":"Wisper Bikes","description":"Electric Bikes","publisher":{"@id":"https:\/\/wisperbikes.com\/de\/#organization"},"potentialAction":[{"@type":"SearchAction","target":{"@type":"EntryPoint","urlTemplate":"https:\/\/wisperbikes.com\/de\/?s={search_term_string}"},"query-input":"required name=search_term_string"}],"inLanguage":"de"},{"@type":"Organization","@id":"https:\/\/wisperbikes.com\/de\/#organization","name":"Wisper Electric Bikes","alternateName":"Wisper E-Bikes","url":"https:\/\/wisperbikes.com\/de\/","logo":{"@type":"ImageObject","inLanguage":"de","@id":"https:\/\/wisperbikes.com\/de\/#\/schema\/logo\/image\/","url":"https:\/\/wisperbikes.com\/de\/wp-content\/uploads\/2021\/06\/WISPER-Logo.png","contentUrl":"https:\/\/wisperbikes.com\/de\/wp-content\/uploads\/2021\/06\/WISPER-Logo.png","width":250,"height":65,"caption":"Wisper Electric Bikes"},"image":{"@id":"https:\/\/wisperbikes.com\/de\/#\/schema\/logo\/image\/"},"sameAs":["https:\/\/www.facebook.com\/Amps.Bike\/","https:\/\/twitter.com\/wisperebikes","https:\/\/www.instagram.com\/wisperbikes\/"]}]}},"_links":{"self":[{"href":"https:\/\/wisperbikes.com\/de\/wp-json\/wp\/v2\/product\/24321"}],"collection":[{"href":"https:\/\/wisperbikes.com\/de\/wp-json\/wp\/v2\/product"}],"about":[{"href":"https:\/\/wisperbikes.com\/de\/wp-json\/wp\/v2\/types\/product"}],"replies":[{"embeddable":true,"href":"https:\/\/wisperbikes.com\/de\/wp-json\/wp\/v2\/comments?post=24321"}],"wp:featuredmedia":[{"embeddable":true,"href":"https:\/\/wisperbikes.com\/de\/wp-json\/wp\/v2\/media\/28588"}],"wp:attachment":[{"href":"https:\/\/wisperbikes.com\/de\/wp-json\/wp\/v2\/media?parent=24321"}],"wp:term":[{"taxonomy":"product_cat","embeddable":true,"href":"https:\/\/wisperbikes.com\/de\/wp-json\/wp\/v2\/product_cat?post=24321"},{"taxonomy":"product_tag","embeddable":true,"href":"https:\/\/wisperbikes.com\/de\/wp-json\/wp\/v2\/product_tag?post=24321"}],"curies":[{"name":"wp","href":"https:\/\/api.w.org\/{rel}","templated":true}]}}