{"id":24329,"date":"2017-10-23T00:00:00","date_gmt":"2017-10-23T00:00:00","guid":{"rendered":"http:\/\/localhost\/wisper_both\/shop\/uncategorized\/shimano-8-speed-cassette-11-32t\/"},"modified":"2024-03-20T14:52:22","modified_gmt":"2024-03-20T14:52:22","slug":"shimano-8-speed-cassette-11-32t","status":"publish","type":"product","link":"https:\/\/wisperbikes.com\/de\/shop\/transmission\/shimano-8-speed-cassette-11-32t\/","title":{"rendered":"Shimano 8 Speed Cassette 11 &#8211; 32T"},"content":{"rendered":"<p>Used on the Torque range of bikes<\/p>\n<p>SKU: PWBT33003<\/p>\n","protected":false},"excerpt":{"rendered":"<p>Used on the Torque range of bikes SKU: PWBT33003<\/p>\n","protected":false},"featured_media":6991,"comment_status":"closed","ping_status":"closed","template":"","meta":[],"product_cat":[173],"product_tag":[],"acf":[],"yoast_head":"<!-- This site is optimized with the Yoast SEO plugin v20.11 - https:\/\/yoast.com\/wordpress\/plugins\/seo\/ -->\n<title>Shimano 8 -Speed \u200b\u200b-Kassette 11 32t | Fahrradzubeh\u00f6r<\/title>\n<meta name=\"description\" content=\"Die Shimano 8-Speed-Kassette hat eine beeindruckende 11-32T-Ausstattung, ideal f\u00fcr H\u00fcgel und raues Gel\u00e4nde. Langlebige Stahlkonstruktion.\" \/>\n<meta name=\"robots\" content=\"index, follow, max-snippet:-1, max-image-preview:large, max-video-preview:-1\" \/>\n<link rel=\"canonical\" href=\"https:\/\/wisperbikes.com\/de\/shop\/transmission\/shimano-8-speed-cassette-11-32t\/\" \/>\n<meta property=\"og:locale\" content=\"de_DE\" \/>\n<meta property=\"og:type\" content=\"article\" \/>\n<meta property=\"og:title\" content=\"Shimano 8 -Speed \u200b\u200b-Kassette 11 32t | Fahrradzubeh\u00f6r\" \/>\n<meta property=\"og:description\" content=\"Die Shimano 8-Speed-Kassette hat eine beeindruckende 11-32T-Ausstattung, ideal f\u00fcr H\u00fcgel und raues Gel\u00e4nde. Langlebige Stahlkonstruktion.\" \/>\n<meta property=\"og:url\" content=\"https:\/\/wisperbikes.com\/de\/shop\/transmission\/shimano-8-speed-cassette-11-32t\/\" \/>\n<meta property=\"og:site_name\" content=\"Wisper Bikes\" \/>\n<meta property=\"article:publisher\" content=\"https:\/\/www.facebook.com\/Amps.Bike\/\" \/>\n<meta property=\"article:modified_time\" content=\"2024-03-20T14:52:22+00:00\" \/>\n<meta property=\"og:image\" content=\"https:\/\/wisperbikes.com\/de\/wp-content\/uploads\/2019\/06\/PWBT33003-WISPER-TORQUE-8-SPEED-SHIMANO-CASSETTE-11-32T-1.jpg\" \/>\n\t<meta property=\"og:image:width\" content=\"970\" \/>\n\t<meta property=\"og:image:height\" content=\"970\" \/>\n\t<meta property=\"og:image:type\" content=\"image\/jpeg\" \/>\n<meta name=\"twitter:card\" content=\"summary_large_image\" \/>\n<meta name=\"twitter:site\" content=\"@wisperebikes\" \/>\n<meta name=\"twitter:label1\" content=\"Gesch\u00e4tzte Lesezeit\" \/>\n\t<meta name=\"twitter:data1\" content=\"1\u00a0Minute\" \/>\n<script type=\"application\/ld+json\" class=\"yoast-schema-graph\">{\"@context\":\"https:\/\/schema.org\",\"@graph\":[{\"@type\":\"WebPage\",\"@id\":\"https:\/\/wisperbikes.com\/de\/shop\/transmission\/shimano-8-speed-cassette-11-32t\/\",\"url\":\"https:\/\/wisperbikes.com\/de\/shop\/transmission\/shimano-8-speed-cassette-11-32t\/\",\"name\":\"Shimano 8 -Speed \u200b\u200b-Kassette 11 32t | Fahrradzubeh\u00f6r\",\"isPartOf\":{\"@id\":\"https:\/\/wisperbikes.com\/de\/#website\"},\"datePublished\":\"2017-10-23T00:00:00+00:00\",\"dateModified\":\"2024-03-20T14:52:22+00:00\",\"description\":\"Die Shimano 8-Speed-Kassette hat eine beeindruckende 11-32T-Ausstattung, ideal f\u00fcr H\u00fcgel und raues Gel\u00e4nde. Langlebige Stahlkonstruktion.\",\"breadcrumb\":{\"@id\":\"https:\/\/wisperbikes.com\/de\/shop\/transmission\/shimano-8-speed-cassette-11-32t\/#breadcrumb\"},\"inLanguage\":\"de\",\"potentialAction\":[{\"@type\":\"ReadAction\",\"target\":[\"https:\/\/wisperbikes.com\/de\/shop\/transmission\/shimano-8-speed-cassette-11-32t\/\"]}]},{\"@type\":\"BreadcrumbList\",\"@id\":\"https:\/\/wisperbikes.com\/de\/shop\/transmission\/shimano-8-speed-cassette-11-32t\/#breadcrumb\",\"itemListElement\":[{\"@type\":\"ListItem\",\"position\":1,\"name\":\"Home\",\"item\":\"https:\/\/wisperbikes.com\/de\/\"},{\"@type\":\"ListItem\",\"position\":2,\"name\":\"Our Shop\",\"item\":\"https:\/\/wisperbikes.com\/de\/shop\/\"},{\"@type\":\"ListItem\",\"position\":3,\"name\":\"Shimano 8 Speed Cassette 11 &#8211; 32T\"}]},{\"@type\":\"WebSite\",\"@id\":\"https:\/\/wisperbikes.com\/de\/#website\",\"url\":\"https:\/\/wisperbikes.com\/de\/\",\"name\":\"Wisper Bikes\",\"description\":\"Electric Bikes\",\"publisher\":{\"@id\":\"https:\/\/wisperbikes.com\/de\/#organization\"},\"potentialAction\":[{\"@type\":\"SearchAction\",\"target\":{\"@type\":\"EntryPoint\",\"urlTemplate\":\"https:\/\/wisperbikes.com\/de\/?s={search_term_string}\"},\"query-input\":\"required name=search_term_string\"}],\"inLanguage\":\"de\"},{\"@type\":\"Organization\",\"@id\":\"https:\/\/wisperbikes.com\/de\/#organization\",\"name\":\"Wisper Electric Bikes\",\"alternateName\":\"Wisper E-Bikes\",\"url\":\"https:\/\/wisperbikes.com\/de\/\",\"logo\":{\"@type\":\"ImageObject\",\"inLanguage\":\"de\",\"@id\":\"https:\/\/wisperbikes.com\/de\/#\/schema\/logo\/image\/\",\"url\":\"https:\/\/wisperbikes.com\/de\/wp-content\/uploads\/2021\/06\/WISPER-Logo.png\",\"contentUrl\":\"https:\/\/wisperbikes.com\/de\/wp-content\/uploads\/2021\/06\/WISPER-Logo.png\",\"width\":250,\"height\":65,\"caption\":\"Wisper Electric Bikes\"},\"image\":{\"@id\":\"https:\/\/wisperbikes.com\/de\/#\/schema\/logo\/image\/\"},\"sameAs\":[\"https:\/\/www.facebook.com\/Amps.Bike\/\",\"https:\/\/twitter.com\/wisperebikes\",\"https:\/\/www.instagram.com\/wisperbikes\/\"]}]}<\/script>\n<!-- \/ Yoast SEO plugin. -->","yoast_head_json":{"title":"Shimano 8 -Speed \u200b\u200b-Kassette 11 32t | Fahrradzubeh\u00f6r","description":"Die Shimano 8-Speed-Kassette hat eine beeindruckende 11-32T-Ausstattung, ideal f\u00fcr H\u00fcgel und raues Gel\u00e4nde. Langlebige Stahlkonstruktion.","robots":{"index":"index","follow":"follow","max-snippet":"max-snippet:-1","max-image-preview":"max-image-preview:large","max-video-preview":"max-video-preview:-1"},"canonical":"https:\/\/wisperbikes.com\/de\/shop\/transmission\/shimano-8-speed-cassette-11-32t\/","og_locale":"de_DE","og_type":"article","og_title":"Shimano 8 -Speed \u200b\u200b-Kassette 11 32t | Fahrradzubeh\u00f6r","og_description":"Die Shimano 8-Speed-Kassette hat eine beeindruckende 11-32T-Ausstattung, ideal f\u00fcr H\u00fcgel und raues Gel\u00e4nde. Langlebige Stahlkonstruktion.","og_url":"https:\/\/wisperbikes.com\/de\/shop\/transmission\/shimano-8-speed-cassette-11-32t\/","og_site_name":"Wisper Bikes","article_publisher":"https:\/\/www.facebook.com\/Amps.Bike\/","article_modified_time":"2024-03-20T14:52:22+00:00","og_image":[{"width":970,"height":970,"url":"https:\/\/wisperbikes.com\/de\/wp-content\/uploads\/2019\/06\/PWBT33003-WISPER-TORQUE-8-SPEED-SHIMANO-CASSETTE-11-32T-1.jpg","type":"image\/jpeg"}],"twitter_card":"summary_large_image","twitter_site":"@wisperebikes","twitter_misc":{"Gesch\u00e4tzte Lesezeit":"1\u00a0Minute"},"schema":{"@context":"https:\/\/schema.org","@graph":[{"@type":"WebPage","@id":"https:\/\/wisperbikes.com\/de\/shop\/transmission\/shimano-8-speed-cassette-11-32t\/","url":"https:\/\/wisperbikes.com\/de\/shop\/transmission\/shimano-8-speed-cassette-11-32t\/","name":"Shimano 8 -Speed \u200b\u200b-Kassette 11 32t | Fahrradzubeh\u00f6r","isPartOf":{"@id":"https:\/\/wisperbikes.com\/de\/#website"},"datePublished":"2017-10-23T00:00:00+00:00","dateModified":"2024-03-20T14:52:22+00:00","description":"Die Shimano 8-Speed-Kassette hat eine beeindruckende 11-32T-Ausstattung, ideal f\u00fcr H\u00fcgel und raues Gel\u00e4nde. Langlebige Stahlkonstruktion.","breadcrumb":{"@id":"https:\/\/wisperbikes.com\/de\/shop\/transmission\/shimano-8-speed-cassette-11-32t\/#breadcrumb"},"inLanguage":"de","potentialAction":[{"@type":"ReadAction","target":["https:\/\/wisperbikes.com\/de\/shop\/transmission\/shimano-8-speed-cassette-11-32t\/"]}]},{"@type":"BreadcrumbList","@id":"https:\/\/wisperbikes.com\/de\/shop\/transmission\/shimano-8-speed-cassette-11-32t\/#breadcrumb","itemListElement":[{"@type":"ListItem","position":1,"name":"Home","item":"https:\/\/wisperbikes.com\/de\/"},{"@type":"ListItem","position":2,"name":"Our Shop","item":"https:\/\/wisperbikes.com\/de\/shop\/"},{"@type":"ListItem","position":3,"name":"Shimano 8 Speed Cassette 11 &#8211; 32T"}]},{"@type":"WebSite","@id":"https:\/\/wisperbikes.com\/de\/#website","url":"https:\/\/wisperbikes.com\/de\/","name":"Wisper Bikes","description":"Electric Bikes","publisher":{"@id":"https:\/\/wisperbikes.com\/de\/#organization"},"potentialAction":[{"@type":"SearchAction","target":{"@type":"EntryPoint","urlTemplate":"https:\/\/wisperbikes.com\/de\/?s={search_term_string}"},"query-input":"required name=search_term_string"}],"inLanguage":"de"},{"@type":"Organization","@id":"https:\/\/wisperbikes.com\/de\/#organization","name":"Wisper Electric Bikes","alternateName":"Wisper E-Bikes","url":"https:\/\/wisperbikes.com\/de\/","logo":{"@type":"ImageObject","inLanguage":"de","@id":"https:\/\/wisperbikes.com\/de\/#\/schema\/logo\/image\/","url":"https:\/\/wisperbikes.com\/de\/wp-content\/uploads\/2021\/06\/WISPER-Logo.png","contentUrl":"https:\/\/wisperbikes.com\/de\/wp-content\/uploads\/2021\/06\/WISPER-Logo.png","width":250,"height":65,"caption":"Wisper Electric Bikes"},"image":{"@id":"https:\/\/wisperbikes.com\/de\/#\/schema\/logo\/image\/"},"sameAs":["https:\/\/www.facebook.com\/Amps.Bike\/","https:\/\/twitter.com\/wisperebikes","https:\/\/www.instagram.com\/wisperbikes\/"]}]}},"_links":{"self":[{"href":"https:\/\/wisperbikes.com\/de\/wp-json\/wp\/v2\/product\/24329"}],"collection":[{"href":"https:\/\/wisperbikes.com\/de\/wp-json\/wp\/v2\/product"}],"about":[{"href":"https:\/\/wisperbikes.com\/de\/wp-json\/wp\/v2\/types\/product"}],"replies":[{"embeddable":true,"href":"https:\/\/wisperbikes.com\/de\/wp-json\/wp\/v2\/comments?post=24329"}],"wp:featuredmedia":[{"embeddable":true,"href":"https:\/\/wisperbikes.com\/de\/wp-json\/wp\/v2\/media\/6991"}],"wp:attachment":[{"href":"https:\/\/wisperbikes.com\/de\/wp-json\/wp\/v2\/media?parent=24329"}],"wp:term":[{"taxonomy":"product_cat","embeddable":true,"href":"https:\/\/wisperbikes.com\/de\/wp-json\/wp\/v2\/product_cat?post=24329"},{"taxonomy":"product_tag","embeddable":true,"href":"https:\/\/wisperbikes.com\/de\/wp-json\/wp\/v2\/product_tag?post=24329"}],"curies":[{"name":"wp","href":"https:\/\/api.w.org\/{rel}","templated":true}]}}