{"id":29987,"date":"2021-02-10T14:55:23","date_gmt":"2021-02-10T14:55:23","guid":{"rendered":"https:\/\/wisperbikes.com\/de\/?post_type=product&#038;p=29987"},"modified":"2024-03-06T10:48:43","modified_gmt":"2024-03-06T10:48:43","slug":"wayfarer-thumb-throttle","status":"publish","type":"product","link":"https:\/\/wisperbikes.com\/de\/shop\/electronic\/wayfarer-thumb-throttle\/","title":{"rendered":"Wayfarer Thumb Throttle"},"content":{"rendered":"","protected":false},"excerpt":{"rendered":"<p>Thumb throttle for Wayfarer bicycles.<\/p>\n","protected":false},"featured_media":29988,"comment_status":"closed","ping_status":"closed","template":"","meta":[],"product_cat":[169],"product_tag":[],"acf":[],"yoast_head":"<!-- This site is optimized with the Yoast SEO plugin v20.11 - https:\/\/yoast.com\/wordpress\/plugins\/seo\/ -->\n<title>Wayfarer Thumb Groseld | Elektronik | Wisper Bikes UK<\/title>\n<meta name=\"description\" content=\"Feinstes Daumendrossel f\u00fcr Wayfarer-Fahrr\u00e4der, die beim #1 vertrauensw\u00fcrdigen Hersteller von E-Bike-Teilen und -zubeh\u00f6r, Wisper UK, erh\u00e4ltlich sind.\" \/>\n<meta name=\"robots\" content=\"index, follow, max-snippet:-1, max-image-preview:large, max-video-preview:-1\" \/>\n<link rel=\"canonical\" href=\"https:\/\/wisperbikes.com\/de\/shop\/electronic\/wayfarer-thumb-throttle\/\" \/>\n<meta property=\"og:locale\" content=\"de_DE\" \/>\n<meta property=\"og:type\" content=\"article\" \/>\n<meta property=\"og:title\" content=\"Wayfarer Thumb Groseld | Elektronik | Wisper Bikes UK\" \/>\n<meta property=\"og:description\" content=\"Feinstes Daumendrossel f\u00fcr Wayfarer-Fahrr\u00e4der, die beim #1 vertrauensw\u00fcrdigen Hersteller von E-Bike-Teilen und -zubeh\u00f6r, Wisper UK, erh\u00e4ltlich sind.\" \/>\n<meta property=\"og:url\" content=\"https:\/\/wisperbikes.com\/de\/shop\/electronic\/wayfarer-thumb-throttle\/\" \/>\n<meta property=\"og:site_name\" content=\"Wisper Bikes\" \/>\n<meta property=\"article:publisher\" content=\"https:\/\/www.facebook.com\/Amps.Bike\/\" \/>\n<meta property=\"article:modified_time\" content=\"2024-03-06T10:48:43+00:00\" \/>\n<meta property=\"og:image\" content=\"https:\/\/wisperbikes.com\/de\/wp-content\/uploads\/2021\/02\/Wayfarer-Thumb-Throttle-scaled.jpg\" \/>\n\t<meta property=\"og:image:width\" content=\"2560\" \/>\n\t<meta property=\"og:image:height\" content=\"1920\" \/>\n\t<meta property=\"og:image:type\" content=\"image\/jpeg\" \/>\n<meta name=\"twitter:card\" content=\"summary_large_image\" \/>\n<meta name=\"twitter:site\" content=\"@wisperebikes\" \/>\n<script type=\"application\/ld+json\" class=\"yoast-schema-graph\">{\"@context\":\"https:\/\/schema.org\",\"@graph\":[{\"@type\":\"WebPage\",\"@id\":\"https:\/\/wisperbikes.com\/de\/shop\/electronic\/wayfarer-thumb-throttle\/\",\"url\":\"https:\/\/wisperbikes.com\/de\/shop\/electronic\/wayfarer-thumb-throttle\/\",\"name\":\"Wayfarer Thumb Groseld | Elektronik | Wisper Bikes UK\",\"isPartOf\":{\"@id\":\"https:\/\/wisperbikes.com\/de\/#website\"},\"datePublished\":\"2021-02-10T14:55:23+00:00\",\"dateModified\":\"2024-03-06T10:48:43+00:00\",\"description\":\"Feinstes Daumendrossel f\u00fcr Wayfarer-Fahrr\u00e4der, die beim #1 vertrauensw\u00fcrdigen Hersteller von E-Bike-Teilen und -zubeh\u00f6r, Wisper UK, erh\u00e4ltlich sind.\",\"breadcrumb\":{\"@id\":\"https:\/\/wisperbikes.com\/de\/shop\/electronic\/wayfarer-thumb-throttle\/#breadcrumb\"},\"inLanguage\":\"de\",\"potentialAction\":[{\"@type\":\"ReadAction\",\"target\":[\"https:\/\/wisperbikes.com\/de\/shop\/electronic\/wayfarer-thumb-throttle\/\"]}]},{\"@type\":\"BreadcrumbList\",\"@id\":\"https:\/\/wisperbikes.com\/de\/shop\/electronic\/wayfarer-thumb-throttle\/#breadcrumb\",\"itemListElement\":[{\"@type\":\"ListItem\",\"position\":1,\"name\":\"Home\",\"item\":\"https:\/\/wisperbikes.com\/de\/\"},{\"@type\":\"ListItem\",\"position\":2,\"name\":\"Our Shop\",\"item\":\"https:\/\/wisperbikes.com\/de\/shop\/\"},{\"@type\":\"ListItem\",\"position\":3,\"name\":\"Wayfarer Thumb Throttle\"}]},{\"@type\":\"WebSite\",\"@id\":\"https:\/\/wisperbikes.com\/de\/#website\",\"url\":\"https:\/\/wisperbikes.com\/de\/\",\"name\":\"Wisper Bikes\",\"description\":\"Electric Bikes\",\"publisher\":{\"@id\":\"https:\/\/wisperbikes.com\/de\/#organization\"},\"potentialAction\":[{\"@type\":\"SearchAction\",\"target\":{\"@type\":\"EntryPoint\",\"urlTemplate\":\"https:\/\/wisperbikes.com\/de\/?s={search_term_string}\"},\"query-input\":\"required name=search_term_string\"}],\"inLanguage\":\"de\"},{\"@type\":\"Organization\",\"@id\":\"https:\/\/wisperbikes.com\/de\/#organization\",\"name\":\"Wisper Electric Bikes\",\"alternateName\":\"Wisper E-Bikes\",\"url\":\"https:\/\/wisperbikes.com\/de\/\",\"logo\":{\"@type\":\"ImageObject\",\"inLanguage\":\"de\",\"@id\":\"https:\/\/wisperbikes.com\/de\/#\/schema\/logo\/image\/\",\"url\":\"https:\/\/wisperbikes.com\/de\/wp-content\/uploads\/2021\/06\/WISPER-Logo.png\",\"contentUrl\":\"https:\/\/wisperbikes.com\/de\/wp-content\/uploads\/2021\/06\/WISPER-Logo.png\",\"width\":250,\"height\":65,\"caption\":\"Wisper Electric Bikes\"},\"image\":{\"@id\":\"https:\/\/wisperbikes.com\/de\/#\/schema\/logo\/image\/\"},\"sameAs\":[\"https:\/\/www.facebook.com\/Amps.Bike\/\",\"https:\/\/twitter.com\/wisperebikes\",\"https:\/\/www.instagram.com\/wisperbikes\/\"]}]}<\/script>\n<!-- \/ Yoast SEO plugin. -->","yoast_head_json":{"title":"Wayfarer Thumb Groseld | Elektronik | Wisper Bikes UK","description":"Feinstes Daumendrossel f\u00fcr Wayfarer-Fahrr\u00e4der, die beim #1 vertrauensw\u00fcrdigen Hersteller von E-Bike-Teilen und -zubeh\u00f6r, Wisper UK, erh\u00e4ltlich sind.","robots":{"index":"index","follow":"follow","max-snippet":"max-snippet:-1","max-image-preview":"max-image-preview:large","max-video-preview":"max-video-preview:-1"},"canonical":"https:\/\/wisperbikes.com\/de\/shop\/electronic\/wayfarer-thumb-throttle\/","og_locale":"de_DE","og_type":"article","og_title":"Wayfarer Thumb Groseld | Elektronik | Wisper Bikes UK","og_description":"Feinstes Daumendrossel f\u00fcr Wayfarer-Fahrr\u00e4der, die beim #1 vertrauensw\u00fcrdigen Hersteller von E-Bike-Teilen und -zubeh\u00f6r, Wisper UK, erh\u00e4ltlich sind.","og_url":"https:\/\/wisperbikes.com\/de\/shop\/electronic\/wayfarer-thumb-throttle\/","og_site_name":"Wisper Bikes","article_publisher":"https:\/\/www.facebook.com\/Amps.Bike\/","article_modified_time":"2024-03-06T10:48:43+00:00","og_image":[{"width":2560,"height":1920,"url":"https:\/\/wisperbikes.com\/de\/wp-content\/uploads\/2021\/02\/Wayfarer-Thumb-Throttle-scaled.jpg","type":"image\/jpeg"}],"twitter_card":"summary_large_image","twitter_site":"@wisperebikes","schema":{"@context":"https:\/\/schema.org","@graph":[{"@type":"WebPage","@id":"https:\/\/wisperbikes.com\/de\/shop\/electronic\/wayfarer-thumb-throttle\/","url":"https:\/\/wisperbikes.com\/de\/shop\/electronic\/wayfarer-thumb-throttle\/","name":"Wayfarer Thumb Groseld | Elektronik | Wisper Bikes UK","isPartOf":{"@id":"https:\/\/wisperbikes.com\/de\/#website"},"datePublished":"2021-02-10T14:55:23+00:00","dateModified":"2024-03-06T10:48:43+00:00","description":"Feinstes Daumendrossel f\u00fcr Wayfarer-Fahrr\u00e4der, die beim #1 vertrauensw\u00fcrdigen Hersteller von E-Bike-Teilen und -zubeh\u00f6r, Wisper UK, erh\u00e4ltlich sind.","breadcrumb":{"@id":"https:\/\/wisperbikes.com\/de\/shop\/electronic\/wayfarer-thumb-throttle\/#breadcrumb"},"inLanguage":"de","potentialAction":[{"@type":"ReadAction","target":["https:\/\/wisperbikes.com\/de\/shop\/electronic\/wayfarer-thumb-throttle\/"]}]},{"@type":"BreadcrumbList","@id":"https:\/\/wisperbikes.com\/de\/shop\/electronic\/wayfarer-thumb-throttle\/#breadcrumb","itemListElement":[{"@type":"ListItem","position":1,"name":"Home","item":"https:\/\/wisperbikes.com\/de\/"},{"@type":"ListItem","position":2,"name":"Our Shop","item":"https:\/\/wisperbikes.com\/de\/shop\/"},{"@type":"ListItem","position":3,"name":"Wayfarer Thumb Throttle"}]},{"@type":"WebSite","@id":"https:\/\/wisperbikes.com\/de\/#website","url":"https:\/\/wisperbikes.com\/de\/","name":"Wisper Bikes","description":"Electric Bikes","publisher":{"@id":"https:\/\/wisperbikes.com\/de\/#organization"},"potentialAction":[{"@type":"SearchAction","target":{"@type":"EntryPoint","urlTemplate":"https:\/\/wisperbikes.com\/de\/?s={search_term_string}"},"query-input":"required name=search_term_string"}],"inLanguage":"de"},{"@type":"Organization","@id":"https:\/\/wisperbikes.com\/de\/#organization","name":"Wisper Electric Bikes","alternateName":"Wisper E-Bikes","url":"https:\/\/wisperbikes.com\/de\/","logo":{"@type":"ImageObject","inLanguage":"de","@id":"https:\/\/wisperbikes.com\/de\/#\/schema\/logo\/image\/","url":"https:\/\/wisperbikes.com\/de\/wp-content\/uploads\/2021\/06\/WISPER-Logo.png","contentUrl":"https:\/\/wisperbikes.com\/de\/wp-content\/uploads\/2021\/06\/WISPER-Logo.png","width":250,"height":65,"caption":"Wisper Electric Bikes"},"image":{"@id":"https:\/\/wisperbikes.com\/de\/#\/schema\/logo\/image\/"},"sameAs":["https:\/\/www.facebook.com\/Amps.Bike\/","https:\/\/twitter.com\/wisperebikes","https:\/\/www.instagram.com\/wisperbikes\/"]}]}},"_links":{"self":[{"href":"https:\/\/wisperbikes.com\/de\/wp-json\/wp\/v2\/product\/29987"}],"collection":[{"href":"https:\/\/wisperbikes.com\/de\/wp-json\/wp\/v2\/product"}],"about":[{"href":"https:\/\/wisperbikes.com\/de\/wp-json\/wp\/v2\/types\/product"}],"replies":[{"embeddable":true,"href":"https:\/\/wisperbikes.com\/de\/wp-json\/wp\/v2\/comments?post=29987"}],"wp:featuredmedia":[{"embeddable":true,"href":"https:\/\/wisperbikes.com\/de\/wp-json\/wp\/v2\/media\/29988"}],"wp:attachment":[{"href":"https:\/\/wisperbikes.com\/de\/wp-json\/wp\/v2\/media?parent=29987"}],"wp:term":[{"taxonomy":"product_cat","embeddable":true,"href":"https:\/\/wisperbikes.com\/de\/wp-json\/wp\/v2\/product_cat?post=29987"},{"taxonomy":"product_tag","embeddable":true,"href":"https:\/\/wisperbikes.com\/de\/wp-json\/wp\/v2\/product_tag?post=29987"}],"curies":[{"name":"wp","href":"https:\/\/api.w.org\/{rel}","templated":true}]}}