{"id":38354,"date":"2022-12-05T13:11:04","date_gmt":"2022-12-05T13:11:04","guid":{"rendered":"https:\/\/wisperbikes.com\/de\/?post_type=product&#038;p=38354"},"modified":"2024-03-13T10:36:24","modified_gmt":"2024-03-13T10:36:24","slug":"wayfarer-hub-motor-akm","status":"publish","type":"product","link":"https:\/\/wisperbikes.com\/de\/shop\/motors\/wayfarer-hub-motor-akm\/","title":{"rendered":"Wayfarer Hub Motor &#8211; AKM"},"content":{"rendered":"","protected":false},"excerpt":{"rendered":"","protected":false},"featured_media":38358,"comment_status":"closed","ping_status":"closed","template":"","meta":[],"product_cat":[963],"product_tag":[],"acf":[],"yoast_head":"<!-- This site is optimized with the Yoast SEO plugin v20.11 - https:\/\/yoast.com\/wordpress\/plugins\/seo\/ -->\n<title>Wayfarer Nabenmotor - AKM - Wisper Fahrr\u00e4der<\/title>\n<meta name=\"description\" content=\"Entdecken Sie die Kraft des AKM Wayfarer Hub-Motors von Wisper-Bikes. Ideal f\u00fcr glatte, effiziente Fahrten mit verbessertem Drehmoment und Zuverl\u00e4ssigkeit.\" \/>\n<meta name=\"robots\" content=\"index, follow, max-snippet:-1, max-image-preview:large, max-video-preview:-1\" \/>\n<link rel=\"canonical\" href=\"https:\/\/wisperbikes.com\/de\/shop\/motors\/wayfarer-hub-motor-akm\/\" \/>\n<meta property=\"og:locale\" content=\"de_DE\" \/>\n<meta property=\"og:type\" content=\"article\" \/>\n<meta property=\"og:title\" content=\"Wayfarer Nabenmotor - AKM - Wisper Fahrr\u00e4der\" \/>\n<meta property=\"og:description\" content=\"Entdecken Sie die Kraft des AKM Wayfarer Hub-Motors von Wisper-Bikes. Ideal f\u00fcr glatte, effiziente Fahrten mit verbessertem Drehmoment und Zuverl\u00e4ssigkeit.\" \/>\n<meta property=\"og:url\" content=\"https:\/\/wisperbikes.com\/de\/shop\/motors\/wayfarer-hub-motor-akm\/\" \/>\n<meta property=\"og:site_name\" content=\"Wisper Bikes\" \/>\n<meta property=\"article:publisher\" content=\"https:\/\/www.facebook.com\/Amps.Bike\/\" \/>\n<meta property=\"article:modified_time\" content=\"2024-03-13T10:36:24+00:00\" \/>\n<meta property=\"og:image\" content=\"https:\/\/wisperbikes.com\/de\/wp-content\/uploads\/2022\/12\/Wayfarer-Hub-Motor-AKM.png\" \/>\n\t<meta property=\"og:image:width\" content=\"3114\" \/>\n\t<meta property=\"og:image:height\" content=\"3113\" \/>\n\t<meta property=\"og:image:type\" content=\"image\/png\" \/>\n<meta name=\"twitter:card\" content=\"summary_large_image\" \/>\n<meta name=\"twitter:site\" content=\"@wisperebikes\" \/>\n<script type=\"application\/ld+json\" class=\"yoast-schema-graph\">{\"@context\":\"https:\/\/schema.org\",\"@graph\":[{\"@type\":\"WebPage\",\"@id\":\"https:\/\/wisperbikes.com\/de\/shop\/motors\/wayfarer-hub-motor-akm\/\",\"url\":\"https:\/\/wisperbikes.com\/de\/shop\/motors\/wayfarer-hub-motor-akm\/\",\"name\":\"Wayfarer Nabenmotor - AKM - Wisper Fahrr\u00e4der\",\"isPartOf\":{\"@id\":\"https:\/\/wisperbikes.com\/de\/#website\"},\"datePublished\":\"2022-12-05T13:11:04+00:00\",\"dateModified\":\"2024-03-13T10:36:24+00:00\",\"description\":\"Entdecken Sie die Kraft des AKM Wayfarer Hub-Motors von Wisper-Bikes. Ideal f\u00fcr glatte, effiziente Fahrten mit verbessertem Drehmoment und Zuverl\u00e4ssigkeit.\",\"breadcrumb\":{\"@id\":\"https:\/\/wisperbikes.com\/de\/shop\/motors\/wayfarer-hub-motor-akm\/#breadcrumb\"},\"inLanguage\":\"de\",\"potentialAction\":[{\"@type\":\"ReadAction\",\"target\":[\"https:\/\/wisperbikes.com\/de\/shop\/motors\/wayfarer-hub-motor-akm\/\"]}]},{\"@type\":\"BreadcrumbList\",\"@id\":\"https:\/\/wisperbikes.com\/de\/shop\/motors\/wayfarer-hub-motor-akm\/#breadcrumb\",\"itemListElement\":[{\"@type\":\"ListItem\",\"position\":1,\"name\":\"Home\",\"item\":\"https:\/\/wisperbikes.com\/de\/\"},{\"@type\":\"ListItem\",\"position\":2,\"name\":\"Our Shop\",\"item\":\"https:\/\/wisperbikes.com\/de\/shop\/\"},{\"@type\":\"ListItem\",\"position\":3,\"name\":\"Wayfarer Hub Motor &#8211; AKM\"}]},{\"@type\":\"WebSite\",\"@id\":\"https:\/\/wisperbikes.com\/de\/#website\",\"url\":\"https:\/\/wisperbikes.com\/de\/\",\"name\":\"Wisper Bikes\",\"description\":\"Electric Bikes\",\"publisher\":{\"@id\":\"https:\/\/wisperbikes.com\/de\/#organization\"},\"potentialAction\":[{\"@type\":\"SearchAction\",\"target\":{\"@type\":\"EntryPoint\",\"urlTemplate\":\"https:\/\/wisperbikes.com\/de\/?s={search_term_string}\"},\"query-input\":\"required name=search_term_string\"}],\"inLanguage\":\"de\"},{\"@type\":\"Organization\",\"@id\":\"https:\/\/wisperbikes.com\/de\/#organization\",\"name\":\"Wisper Electric Bikes\",\"alternateName\":\"Wisper E-Bikes\",\"url\":\"https:\/\/wisperbikes.com\/de\/\",\"logo\":{\"@type\":\"ImageObject\",\"inLanguage\":\"de\",\"@id\":\"https:\/\/wisperbikes.com\/de\/#\/schema\/logo\/image\/\",\"url\":\"https:\/\/wisperbikes.com\/de\/wp-content\/uploads\/2021\/06\/WISPER-Logo.png\",\"contentUrl\":\"https:\/\/wisperbikes.com\/de\/wp-content\/uploads\/2021\/06\/WISPER-Logo.png\",\"width\":250,\"height\":65,\"caption\":\"Wisper Electric Bikes\"},\"image\":{\"@id\":\"https:\/\/wisperbikes.com\/de\/#\/schema\/logo\/image\/\"},\"sameAs\":[\"https:\/\/www.facebook.com\/Amps.Bike\/\",\"https:\/\/twitter.com\/wisperebikes\",\"https:\/\/www.instagram.com\/wisperbikes\/\"]}]}<\/script>\n<!-- \/ Yoast SEO plugin. -->","yoast_head_json":{"title":"Wayfarer Nabenmotor - AKM - Wisper Fahrr\u00e4der","description":"Entdecken Sie die Kraft des AKM Wayfarer Hub-Motors von Wisper-Bikes. Ideal f\u00fcr glatte, effiziente Fahrten mit verbessertem Drehmoment und Zuverl\u00e4ssigkeit.","robots":{"index":"index","follow":"follow","max-snippet":"max-snippet:-1","max-image-preview":"max-image-preview:large","max-video-preview":"max-video-preview:-1"},"canonical":"https:\/\/wisperbikes.com\/de\/shop\/motors\/wayfarer-hub-motor-akm\/","og_locale":"de_DE","og_type":"article","og_title":"Wayfarer Nabenmotor - AKM - Wisper Fahrr\u00e4der","og_description":"Entdecken Sie die Kraft des AKM Wayfarer Hub-Motors von Wisper-Bikes. Ideal f\u00fcr glatte, effiziente Fahrten mit verbessertem Drehmoment und Zuverl\u00e4ssigkeit.","og_url":"https:\/\/wisperbikes.com\/de\/shop\/motors\/wayfarer-hub-motor-akm\/","og_site_name":"Wisper Bikes","article_publisher":"https:\/\/www.facebook.com\/Amps.Bike\/","article_modified_time":"2024-03-13T10:36:24+00:00","og_image":[{"width":3114,"height":3113,"url":"https:\/\/wisperbikes.com\/de\/wp-content\/uploads\/2022\/12\/Wayfarer-Hub-Motor-AKM.png","type":"image\/png"}],"twitter_card":"summary_large_image","twitter_site":"@wisperebikes","schema":{"@context":"https:\/\/schema.org","@graph":[{"@type":"WebPage","@id":"https:\/\/wisperbikes.com\/de\/shop\/motors\/wayfarer-hub-motor-akm\/","url":"https:\/\/wisperbikes.com\/de\/shop\/motors\/wayfarer-hub-motor-akm\/","name":"Wayfarer Nabenmotor - AKM - Wisper Fahrr\u00e4der","isPartOf":{"@id":"https:\/\/wisperbikes.com\/de\/#website"},"datePublished":"2022-12-05T13:11:04+00:00","dateModified":"2024-03-13T10:36:24+00:00","description":"Entdecken Sie die Kraft des AKM Wayfarer Hub-Motors von Wisper-Bikes. Ideal f\u00fcr glatte, effiziente Fahrten mit verbessertem Drehmoment und Zuverl\u00e4ssigkeit.","breadcrumb":{"@id":"https:\/\/wisperbikes.com\/de\/shop\/motors\/wayfarer-hub-motor-akm\/#breadcrumb"},"inLanguage":"de","potentialAction":[{"@type":"ReadAction","target":["https:\/\/wisperbikes.com\/de\/shop\/motors\/wayfarer-hub-motor-akm\/"]}]},{"@type":"BreadcrumbList","@id":"https:\/\/wisperbikes.com\/de\/shop\/motors\/wayfarer-hub-motor-akm\/#breadcrumb","itemListElement":[{"@type":"ListItem","position":1,"name":"Home","item":"https:\/\/wisperbikes.com\/de\/"},{"@type":"ListItem","position":2,"name":"Our Shop","item":"https:\/\/wisperbikes.com\/de\/shop\/"},{"@type":"ListItem","position":3,"name":"Wayfarer Hub Motor &#8211; AKM"}]},{"@type":"WebSite","@id":"https:\/\/wisperbikes.com\/de\/#website","url":"https:\/\/wisperbikes.com\/de\/","name":"Wisper Bikes","description":"Electric Bikes","publisher":{"@id":"https:\/\/wisperbikes.com\/de\/#organization"},"potentialAction":[{"@type":"SearchAction","target":{"@type":"EntryPoint","urlTemplate":"https:\/\/wisperbikes.com\/de\/?s={search_term_string}"},"query-input":"required name=search_term_string"}],"inLanguage":"de"},{"@type":"Organization","@id":"https:\/\/wisperbikes.com\/de\/#organization","name":"Wisper Electric Bikes","alternateName":"Wisper E-Bikes","url":"https:\/\/wisperbikes.com\/de\/","logo":{"@type":"ImageObject","inLanguage":"de","@id":"https:\/\/wisperbikes.com\/de\/#\/schema\/logo\/image\/","url":"https:\/\/wisperbikes.com\/de\/wp-content\/uploads\/2021\/06\/WISPER-Logo.png","contentUrl":"https:\/\/wisperbikes.com\/de\/wp-content\/uploads\/2021\/06\/WISPER-Logo.png","width":250,"height":65,"caption":"Wisper Electric Bikes"},"image":{"@id":"https:\/\/wisperbikes.com\/de\/#\/schema\/logo\/image\/"},"sameAs":["https:\/\/www.facebook.com\/Amps.Bike\/","https:\/\/twitter.com\/wisperebikes","https:\/\/www.instagram.com\/wisperbikes\/"]}]}},"_links":{"self":[{"href":"https:\/\/wisperbikes.com\/de\/wp-json\/wp\/v2\/product\/38354"}],"collection":[{"href":"https:\/\/wisperbikes.com\/de\/wp-json\/wp\/v2\/product"}],"about":[{"href":"https:\/\/wisperbikes.com\/de\/wp-json\/wp\/v2\/types\/product"}],"replies":[{"embeddable":true,"href":"https:\/\/wisperbikes.com\/de\/wp-json\/wp\/v2\/comments?post=38354"}],"wp:featuredmedia":[{"embeddable":true,"href":"https:\/\/wisperbikes.com\/de\/wp-json\/wp\/v2\/media\/38358"}],"wp:attachment":[{"href":"https:\/\/wisperbikes.com\/de\/wp-json\/wp\/v2\/media?parent=38354"}],"wp:term":[{"taxonomy":"product_cat","embeddable":true,"href":"https:\/\/wisperbikes.com\/de\/wp-json\/wp\/v2\/product_cat?post=38354"},{"taxonomy":"product_tag","embeddable":true,"href":"https:\/\/wisperbikes.com\/de\/wp-json\/wp\/v2\/product_tag?post=38354"}],"curies":[{"name":"wp","href":"https:\/\/api.w.org\/{rel}","templated":true}]}}