{"id":1090,"date":"2017-04-13T11:20:12","date_gmt":"2017-04-13T11:20:12","guid":{"rendered":"https:\/\/wisperbikes.com\/dk\/?page_id=1090"},"modified":"2024-04-12T11:59:21","modified_gmt":"2024-04-12T11:59:21","slug":"interest-free-ebike-finance","status":"publish","type":"page","link":"https:\/\/wisperbikes.com\/dk\/interest-free-ebike-finance\/","title":{"rendered":"Interest Free Electric Bike Finance"},"content":{"rendered":"\t\t<div data-elementor-type=\"wp-page\" data-elementor-id=\"1090\" class=\"elementor elementor-1090\" data-elementor-post-type=\"page\">\n\t\t\t\t\t\t\t\t\t<section class=\"elementor-section elementor-top-section elementor-element elementor-element-9caf7f4 elementor-section-full_width elementor-section-stretched elementor-section-height-default elementor-section-height-default\" data-id=\"9caf7f4\" data-element_type=\"section\" data-settings=\"{&quot;stretch_section&quot;:&quot;section-stretched&quot;}\">\n\t\t\t\t\t\t<div class=\"elementor-container elementor-column-gap-default\">\n\t\t\t\t\t<div class=\"elementor-column elementor-col-100 elementor-top-column elementor-element elementor-element-0ee1011\" data-id=\"0ee1011\" data-element_type=\"column\">\n\t\t\t<div class=\"elementor-widget-wrap elementor-element-populated\">\n\t\t\t\t\t\t\t\t<section class=\"elementor-section elementor-inner-section elementor-element elementor-element-7da603b elementor-section-boxed elementor-section-height-default elementor-section-height-default\" data-id=\"7da603b\" data-element_type=\"section\">\n\t\t\t\t\t\t<div class=\"elementor-container elementor-column-gap-default\">\n\t\t\t\t\t<div class=\"elementor-column elementor-col-100 elementor-inner-column elementor-element elementor-element-6b0f232\" data-id=\"6b0f232\" data-element_type=\"column\">\n\t\t\t<div class=\"elementor-widget-wrap elementor-element-populated\">\n\t\t\t\t\t\t\t\t<div class=\"elementor-element elementor-element-da7fc8a elementor-widget elementor-widget-image\" data-id=\"da7fc8a\" data-element_type=\"widget\" data-widget_type=\"image.default\">\n\t\t\t\t<div class=\"elementor-widget-container\">\n\t\t\t\t\t\t\t\t\t\t\t\t\t\t\t<img decoding=\"async\" width=\"300\" height=\"127\" src=\"https:\/\/wisperbikes.com\/dk\/wp-content\/uploads\/2022\/09\/v12logo.svg\" class=\"attachment-full size-full wp-image-37016\" alt=\"v12 Electric Bike Finance\" loading=\"lazy\" \/>\t\t\t\t\t\t\t\t\t\t\t\t\t\t\t<\/div>\n\t\t\t\t<\/div>\n\t\t\t\t<div class=\"elementor-element elementor-element-24661d6 elementor-widget elementor-widget-heading\" data-id=\"24661d6\" data-element_type=\"widget\" data-widget_type=\"heading.default\">\n\t\t\t\t<div class=\"elementor-widget-container\">\n\t\t\t<h1 class=\"elementor-heading-title elementor-size-large\">Rente- og gebyrfri Elcykel Finansiering er Tilg\u00e6ngelig P\u00e5 Alle Wisper eCykler<\/h1>\t\t<\/div>\n\t\t\t\t<\/div>\n\t\t\t\t<div class=\"elementor-element elementor-element-c8ca37b elementor-widget elementor-widget-text-editor\" data-id=\"c8ca37b\" data-element_type=\"widget\" data-widget_type=\"text-editor.default\">\n\t\t\t\t<div class=\"elementor-widget-container\">\n\t\t\t\t\t\t\t<p><span data-sheets-value=\"{&quot;1&quot;:2,&quot;2&quot;:&quot;Fordel omkostningerne ved at k\u00f8be din Wisper cykel over tolv m\u00e5neder med rente- og gebyrfri elcykel finansiering fra V12&quot;}\" data-sheets-userformat=\"{&quot;2&quot;:15171,&quot;3&quot;:{&quot;1&quot;:0},&quot;4&quot;:{&quot;1&quot;:2,&quot;2&quot;:16777215},&quot;9&quot;:0,&quot;11&quot;:3,&quot;12&quot;:0,&quot;14&quot;:{&quot;1&quot;:2,&quot;2&quot;:0},&quot;15&quot;:&quot;Rubik, sans-serif&quot;,&quot;16&quot;:12}\">Fordel omkostningerne ved at k\u00f8be din Wisper cykel over tolv m\u00e5neder med rente- og gebyrfri elcykel finansiering fra V12<\/span><\/p><p><span data-sheets-value=\"{&quot;1&quot;:2,&quot;2&quot;:&quot;Gennem V12 Finance tilbyder vi en enkel, no-nonsense m\u00e5de at sprede omkostningerne til din Wisper cykel over op til tolv m\u00e5neder*. Du v\u00e6lger det depositum, du vil betale, et minimum p\u00e5 25% er n\u00f8dvendigt, og v\u00e6lger derefter at betale restbel\u00f8bet over seks, ti eller tolv m\u00e5neder. Hvilket giver dig fuld kontrol over dine betalinger.&quot;}\" data-sheets-userformat=\"{&quot;2&quot;:15171,&quot;3&quot;:{&quot;1&quot;:0},&quot;4&quot;:{&quot;1&quot;:2,&quot;2&quot;:16777215},&quot;9&quot;:0,&quot;11&quot;:3,&quot;12&quot;:0,&quot;14&quot;:{&quot;1&quot;:2,&quot;2&quot;:0},&quot;15&quot;:&quot;Rubik, sans-serif&quot;,&quot;16&quot;:12}\">Gennem V12 Finance tilbyder vi en enkel, no-nonsense m\u00e5de at sprede omkostningerne til din Wisper cykel over op til tolv m\u00e5neder*. Du v\u00e6lger det depositum, du vil betale, et minimum p\u00e5 25% er n\u00f8dvendigt, og v\u00e6lger derefter at betale restbel\u00f8bet over seks, ti eller tolv m\u00e5neder. Hvilket giver dig fuld kontrol over dine betalinger.<\/span><\/p><p><span data-sheets-value=\"{&quot;1&quot;:2,&quot;2&quot;:&quot;N\u00e5r du har valgt din Wisper cykel, udfyld betalingsmuligheden for V12 Retail Finance ved vores kasse for at ans\u00f8ge. Udfyld enten formularen selv eller bed din lokale Wisper forhandler om at hj\u00e6lpe dig. Glem ikke at tilf\u00f8je navnet p\u00e5 din valgte Wisper forhandler i boksen m\u00e6rket \\&quot;noter\\&quot;. Hvis du ikke har en foretrukket forhandler, vil vi finde en s\u00e5 lokal til dig som muligt. Efter du har udfyldt ans\u00f8gningen, f\u00e5r du en bekr\u00e6ftelse inden for f\u00e5 minutter, og din cykel vil v\u00e6re hos din Wisper forhandler inden for fem arbejdsdage. De vil forberede din cykel og arrangere levering eller afhentning med dig.&quot;}\" data-sheets-userformat=\"{&quot;2&quot;:15171,&quot;3&quot;:{&quot;1&quot;:0},&quot;4&quot;:{&quot;1&quot;:2,&quot;2&quot;:16777215},&quot;9&quot;:0,&quot;11&quot;:3,&quot;12&quot;:0,&quot;14&quot;:{&quot;1&quot;:2,&quot;2&quot;:0},&quot;15&quot;:&quot;Rubik, sans-serif&quot;,&quot;16&quot;:12}\">N\u00e5r du har valgt din Wisper cykel, udfyld betalingsmuligheden for V12 Retail Finance ved vores kasse for at ans\u00f8ge. Udfyld enten formularen selv eller bed din lokale Wisper forhandler om at hj\u00e6lpe dig. Glem ikke at tilf\u00f8je navnet p\u00e5 din valgte Wisper forhandler i boksen m\u00e6rket &#8220;noter&#8221;. Hvis du ikke har en foretrukket forhandler, vil vi finde en s\u00e5 lokal til dig som muligt. Efter du har udfyldt ans\u00f8gningen, f\u00e5r du en bekr\u00e6ftelse inden for f\u00e5 minutter, og din cykel vil v\u00e6re hos din Wisper forhandler inden for fem arbejdsdage. De vil forberede din cykel og arrangere levering eller afhentning med dig.<\/span><\/p><p><span data-sheets-value=\"{&quot;1&quot;:2,&quot;2&quot;:&quot;Vi driver et \\&quot;Klik og Hent\\&quot; ordning p\u00e5 alle k\u00f8b. N\u00e5r du afgiver en ordre, vil vi arrangere den bedste lokale forhandler til at tage sig af dig og din nye cykel.&quot;}\" data-sheets-userformat=\"{&quot;2&quot;:15171,&quot;3&quot;:{&quot;1&quot;:0},&quot;4&quot;:{&quot;1&quot;:2,&quot;2&quot;:16777215},&quot;9&quot;:0,&quot;11&quot;:3,&quot;12&quot;:0,&quot;14&quot;:{&quot;1&quot;:2,&quot;2&quot;:0},&quot;15&quot;:&quot;Rubik, sans-serif&quot;,&quot;16&quot;:12}\">Vi driver et &#8220;Klik og Hent&#8221; ordning p\u00e5 alle k\u00f8b. N\u00e5r du afgiver en ordre, vil vi arrangere den bedste lokale forhandler til at tage sig af dig og din nye cykel.<\/span><\/p><p><span data-sheets-value=\"{&quot;1&quot;:2,&quot;2&quot;:&quot;*Op til 12 m\u00e5neders 0% APR rente- og gebyrfri elcykel finansiering tilg\u00e6ngelig med et minimum depositum p\u00e5 25%, afh\u00e6ngig af status, vilk\u00e5r og betingelser g\u00e6lder.&quot;}\" data-sheets-userformat=\"{&quot;2&quot;:15171,&quot;3&quot;:{&quot;1&quot;:0},&quot;4&quot;:{&quot;1&quot;:2,&quot;2&quot;:16777215},&quot;9&quot;:0,&quot;11&quot;:3,&quot;12&quot;:0,&quot;14&quot;:{&quot;1&quot;:2,&quot;2&quot;:0},&quot;15&quot;:&quot;Rubik, sans-serif&quot;,&quot;16&quot;:12}\">*Op til 12 m\u00e5neders 0% APR rente- og gebyrfri elcykel finansiering tilg\u00e6ngelig med et minimum depositum p\u00e5 25%, afh\u00e6ngig af status, vilk\u00e5r og betingelser g\u00e6lder.<\/span><\/p>\t\t\t\t\t\t<\/div>\n\t\t\t\t<\/div>\n\t\t\t\t<div class=\"elementor-element elementor-element-315a318 elementor-widget elementor-widget-spacer\" data-id=\"315a318\" data-element_type=\"widget\" data-widget_type=\"spacer.default\">\n\t\t\t\t<div class=\"elementor-widget-container\">\n\t\t\t\t\t<div class=\"elementor-spacer\">\n\t\t\t<div class=\"elementor-spacer-inner\"><\/div>\n\t\t<\/div>\n\t\t\t\t<\/div>\n\t\t\t\t<\/div>\n\t\t\t\t<div class=\"elementor-element elementor-element-3d3c0bc elementor-widget elementor-widget-heading\" data-id=\"3d3c0bc\" data-element_type=\"widget\" data-widget_type=\"heading.default\">\n\t\t\t\t<div class=\"elementor-widget-container\">\n\t\t\t<h3 class=\"elementor-heading-title elementor-size-large\">V\u00e6lg simpelthen din nye Wisper eCykel & Ans\u00f8g om Finansiering Ved Kassen<\/h3>\t\t<\/div>\n\t\t\t\t<\/div>\n\t\t\t\t\t<\/div>\n\t\t<\/div>\n\t\t\t\t\t\t\t<\/div>\n\t\t<\/section>\n\t\t\t\t<section class=\"elementor-section elementor-inner-section elementor-element elementor-element-01b34c0 elementor-section-boxed elementor-section-height-default elementor-section-height-default\" data-id=\"01b34c0\" data-element_type=\"section\">\n\t\t\t\t\t\t<div class=\"elementor-container elementor-column-gap-default\">\n\t\t\t\t\t<div class=\"elementor-column elementor-col-20 elementor-inner-column elementor-element elementor-element-8769ca1\" data-id=\"8769ca1\" data-element_type=\"column\">\n\t\t\t<div class=\"elementor-widget-wrap elementor-element-populated\">\n\t\t\t\t\t\t\t\t<div class=\"elementor-element elementor-element-a05000d elementor-widget elementor-widget-image\" data-id=\"a05000d\" data-element_type=\"widget\" data-widget_type=\"image.default\">\n\t\t\t\t<div class=\"elementor-widget-container\">\n\t\t\t\t\t\t\t\t\t\t\t\t\t\t\t<img decoding=\"async\" width=\"300\" height=\"300\" src=\"https:\/\/wisperbikes.com\/dk\/wp-content\/uploads\/2022\/09\/600x600_Blue_806-1-300x300-1.jpg\" class=\"attachment-large size-large wp-image-35352\" alt=\"Blue Wisper Folding eBike\" loading=\"lazy\" srcset=\"https:\/\/wisperbikes.com\/dk\/wp-content\/uploads\/2022\/09\/600x600_Blue_806-1-300x300-1.jpg 300w, https:\/\/wisperbikes.com\/dk\/wp-content\/uploads\/2022\/09\/600x600_Blue_806-1-300x300-1-200x200.jpg 200w\" sizes=\"(max-width: 300px) 100vw, 300px\" \/>\t\t\t\t\t\t\t\t\t\t\t\t\t\t\t<\/div>\n\t\t\t\t<\/div>\n\t\t\t\t<div class=\"elementor-element elementor-element-2053516 elementor-widget elementor-widget-text-editor\" data-id=\"2053516\" data-element_type=\"widget\" data-widget_type=\"text-editor.default\">\n\t\t\t\t<div class=\"elementor-widget-container\">\n\t\t\t\t\t\t\t<strong><a href=\"https:\/\/wisperbikes.com\/dk\/shop\/e-bikes\/folding-ebikes\/wisper-806-folding-electric-bike-2020\/\">Folding Electric Bikes<\/a><\/strong>\t\t\t\t\t\t<\/div>\n\t\t\t\t<\/div>\n\t\t\t\t\t<\/div>\n\t\t<\/div>\n\t\t\t\t<div class=\"elementor-column elementor-col-20 elementor-inner-column elementor-element elementor-element-2fcdb2f\" data-id=\"2fcdb2f\" data-element_type=\"column\">\n\t\t\t<div class=\"elementor-widget-wrap elementor-element-populated\">\n\t\t\t\t\t\t\t\t<div class=\"elementor-element elementor-element-4136466 elementor-widget elementor-widget-image\" data-id=\"4136466\" data-element_type=\"widget\" data-widget_type=\"image.default\">\n\t\t\t\t<div class=\"elementor-widget-container\">\n\t\t\t\t\t\t\t\t\t\t\t\t\t\t\t<img decoding=\"async\" width=\"300\" height=\"300\" src=\"https:\/\/wisperbikes.com\/dk\/wp-content\/uploads\/2022\/09\/2020_705-24-Red-1-300x300-1.jpg\" class=\"attachment-large size-large wp-image-35354\" alt=\"Red Wisper E-bike\" loading=\"lazy\" srcset=\"https:\/\/wisperbikes.com\/dk\/wp-content\/uploads\/2022\/09\/2020_705-24-Red-1-300x300-1.jpg 300w, https:\/\/wisperbikes.com\/dk\/wp-content\/uploads\/2022\/09\/2020_705-24-Red-1-300x300-1-200x200.jpg 200w\" sizes=\"(max-width: 300px) 100vw, 300px\" \/>\t\t\t\t\t\t\t\t\t\t\t\t\t\t\t<\/div>\n\t\t\t\t<\/div>\n\t\t\t\t<div class=\"elementor-element elementor-element-21ec787 elementor-widget elementor-widget-text-editor\" data-id=\"21ec787\" data-element_type=\"widget\" data-widget_type=\"text-editor.default\">\n\t\t\t\t<div class=\"elementor-widget-container\">\n\t\t\t\t\t\t\t<p><strong><a href=\"https:\/\/wisperbikes.com\/dk\/shop\/e-bikes\/step-through-ebikes\/wisper-705-24-step-through-electric-bike\/\">Low-Step Electric Bikes<\/a><\/strong><\/p>\t\t\t\t\t\t<\/div>\n\t\t\t\t<\/div>\n\t\t\t\t\t<\/div>\n\t\t<\/div>\n\t\t\t\t<div class=\"elementor-column elementor-col-20 elementor-inner-column elementor-element elementor-element-d674351\" data-id=\"d674351\" data-element_type=\"column\">\n\t\t\t<div class=\"elementor-widget-wrap elementor-element-populated\">\n\t\t\t\t\t\t\t\t<div class=\"elementor-element elementor-element-ee8fb6e elementor-widget elementor-widget-image\" data-id=\"ee8fb6e\" data-element_type=\"widget\" data-widget_type=\"image.default\">\n\t\t\t\t<div class=\"elementor-widget-container\">\n\t\t\t\t\t\t\t\t\t\t\t\t\t\t\t<img decoding=\"async\" width=\"300\" height=\"300\" src=\"https:\/\/wisperbikes.com\/dk\/wp-content\/uploads\/2022\/09\/705_2019_blue_600x600-600x600-1-300x300-1.jpg\" class=\"attachment-large size-large wp-image-35355\" alt=\"Blue Wisper Ebike\" loading=\"lazy\" srcset=\"https:\/\/wisperbikes.com\/dk\/wp-content\/uploads\/2022\/09\/705_2019_blue_600x600-600x600-1-300x300-1.jpg 300w, https:\/\/wisperbikes.com\/dk\/wp-content\/uploads\/2022\/09\/705_2019_blue_600x600-600x600-1-300x300-1-200x200.jpg 200w\" sizes=\"(max-width: 300px) 100vw, 300px\" \/>\t\t\t\t\t\t\t\t\t\t\t\t\t\t\t<\/div>\n\t\t\t\t<\/div>\n\t\t\t\t<div class=\"elementor-element elementor-element-444dcd7 elementor-widget elementor-widget-text-editor\" data-id=\"444dcd7\" data-element_type=\"widget\" data-widget_type=\"text-editor.default\">\n\t\t\t\t<div class=\"elementor-widget-container\">\n\t\t\t\t\t\t\t<p><strong><a href=\"https:\/\/wisperbikes.com\/dk\/product-category\/e-bikes\/step-through-ebikes\/\">Step-Through eBikes<\/a><\/strong><\/p>\t\t\t\t\t\t<\/div>\n\t\t\t\t<\/div>\n\t\t\t\t\t<\/div>\n\t\t<\/div>\n\t\t\t\t<div class=\"elementor-column elementor-col-20 elementor-inner-column elementor-element elementor-element-762117d\" data-id=\"762117d\" data-element_type=\"column\">\n\t\t\t<div class=\"elementor-widget-wrap elementor-element-populated\">\n\t\t\t\t\t\t\t\t<div class=\"elementor-element elementor-element-2f77d18 elementor-widget elementor-widget-image\" data-id=\"2f77d18\" data-element_type=\"widget\" data-widget_type=\"image.default\">\n\t\t\t\t<div class=\"elementor-widget-container\">\n\t\t\t\t\t\t\t\t\t\t\t\t\t\t\t<img decoding=\"async\" width=\"300\" height=\"300\" src=\"https:\/\/wisperbikes.com\/dk\/wp-content\/uploads\/2022\/09\/600x600_905_Black_2019-300x300-1.jpg\" class=\"attachment-large size-large wp-image-35356\" alt=\"905 Black Wisper eBike\" loading=\"lazy\" srcset=\"https:\/\/wisperbikes.com\/dk\/wp-content\/uploads\/2022\/09\/600x600_905_Black_2019-300x300-1.jpg 300w, https:\/\/wisperbikes.com\/dk\/wp-content\/uploads\/2022\/09\/600x600_905_Black_2019-300x300-1-200x200.jpg 200w\" sizes=\"(max-width: 300px) 100vw, 300px\" \/>\t\t\t\t\t\t\t\t\t\t\t\t\t\t\t<\/div>\n\t\t\t\t<\/div>\n\t\t\t\t<div class=\"elementor-element elementor-element-f5f2625 elementor-widget elementor-widget-text-editor\" data-id=\"f5f2625\" data-element_type=\"widget\" data-widget_type=\"text-editor.default\">\n\t\t\t\t<div class=\"elementor-widget-container\">\n\t\t\t\t\t\t\t<p><strong><a href=\"https:\/\/wisperbikes.com\/dk\/product-category\/e-bikes\/crossbar-ebikes\/\">Touring Electric Bikes<\/a><\/strong><\/p>\t\t\t\t\t\t<\/div>\n\t\t\t\t<\/div>\n\t\t\t\t\t<\/div>\n\t\t<\/div>\n\t\t\t\t<div class=\"elementor-column elementor-col-20 elementor-inner-column elementor-element elementor-element-e5b9dfd\" data-id=\"e5b9dfd\" data-element_type=\"column\">\n\t\t\t<div class=\"elementor-widget-wrap elementor-element-populated\">\n\t\t\t\t\t\t\t\t<div class=\"elementor-element elementor-element-1bbe755 elementor-widget elementor-widget-image\" data-id=\"1bbe755\" data-element_type=\"widget\" data-widget_type=\"image.default\">\n\t\t\t\t<div class=\"elementor-widget-container\">\n\t\t\t\t\t\t\t\t\t\t\t\t\t\t\t<img decoding=\"async\" width=\"300\" height=\"300\" src=\"https:\/\/wisperbikes.com\/dk\/wp-content\/uploads\/2022\/09\/MHcb-300x300-1.jpg\" class=\"attachment-large size-large wp-image-35357\" alt=\"Wisper Ebike\" loading=\"lazy\" srcset=\"https:\/\/wisperbikes.com\/dk\/wp-content\/uploads\/2022\/09\/MHcb-300x300-1.jpg 300w, https:\/\/wisperbikes.com\/dk\/wp-content\/uploads\/2022\/09\/MHcb-300x300-1-200x200.jpg 200w\" sizes=\"(max-width: 300px) 100vw, 300px\" \/>\t\t\t\t\t\t\t\t\t\t\t\t\t\t\t<\/div>\n\t\t\t\t<\/div>\n\t\t\t\t<div class=\"elementor-element elementor-element-3c3d377 elementor-widget elementor-widget-text-editor\" data-id=\"3c3d377\" data-element_type=\"widget\" data-widget_type=\"text-editor.default\">\n\t\t\t\t<div class=\"elementor-widget-container\">\n\t\t\t\t\t\t\t<p><strong><a href=\"https:\/\/wisperbikes.com\/dk\/product-category\/e-bikes\/wayfarer\/\">Adventure &amp; E-Mountain Bikess<\/a><\/strong><\/p>\t\t\t\t\t\t<\/div>\n\t\t\t\t<\/div>\n\t\t\t\t\t<\/div>\n\t\t<\/div>\n\t\t\t\t\t\t\t<\/div>\n\t\t<\/section>\n\t\t\t\t\t<\/div>\n\t\t<\/div>\n\t\t\t\t\t\t\t<\/div>\n\t\t<\/section>\n\t\t\t\t\t\t\t<\/div>\n\t\t","protected":false},"excerpt":{"rendered":"<p>Rente- og gebyrfri Elcykel Finansiering er Tilg\u00e6ngelig P\u00e5 Alle Wisper eCykler Fordel omkostningerne ved at k\u00f8be din Wisper cykel over tolv m\u00e5neder med rente- og gebyrfri elcykel finansiering fra V12 Gennem V12 Finance tilbyder vi en enkel, no-nonsense m\u00e5de at sprede omkostningerne til din Wisper cykel over op til tolv m\u00e5neder*. Du v\u00e6lger det depositum,&hellip;<\/p>\n","protected":false},"author":279,"featured_media":650,"parent":0,"menu_order":0,"comment_status":"closed","ping_status":"closed","template":"","meta":[],"acf":[],"yoast_head":"<!-- This site is optimized with the Yoast SEO plugin v20.13 - https:\/\/yoast.com\/wordpress\/plugins\/seo\/ -->\n<title>Interessenfreies Elektrofahrradfinanzierung<\/title>\n<meta name=\"description\" content=\"Spred omkostningerne ved at k\u00f8be din Wisper ebike over tolv m\u00e5neder med rentefri elektrisk cykelfinansiering. K\u00f8b din nye Wisper ebike i dag\" \/>\n<meta name=\"robots\" content=\"index, follow, max-snippet:-1, max-image-preview:large, max-video-preview:-1\" \/>\n<link rel=\"canonical\" href=\"https:\/\/wisperbikes.com\/dk\/interest-free-ebike-finance\/\" \/>\n<meta property=\"og:locale\" content=\"da_DK\" \/>\n<meta property=\"og:type\" content=\"article\" \/>\n<meta property=\"og:title\" content=\"Interessenfreies Elektrofahrradfinanzierung\" \/>\n<meta property=\"og:description\" content=\"Spred omkostningerne ved at k\u00f8be din Wisper ebike over tolv m\u00e5neder med rentefri elektrisk cykelfinansiering. K\u00f8b din nye Wisper ebike i dag\" \/>\n<meta property=\"og:url\" content=\"https:\/\/wisperbikes.com\/dk\/interest-free-ebike-finance\/\" \/>\n<meta property=\"og:site_name\" content=\"Wisper Bikes\" \/>\n<meta property=\"article:publisher\" content=\"https:\/\/www.facebook.com\/Amps.Bike\/\" \/>\n<meta property=\"article:modified_time\" content=\"2024-04-12T11:59:21+00:00\" \/>\n<meta property=\"og:image\" content=\"https:\/\/wisperbikes.com\/dk\/wp-content\/uploads\/2017\/04\/v12-finance-logo.jpg\" \/>\n\t<meta property=\"og:image:width\" content=\"224\" \/>\n\t<meta property=\"og:image:height\" content=\"99\" \/>\n\t<meta property=\"og:image:type\" content=\"image\/jpeg\" \/>\n<meta name=\"twitter:card\" content=\"summary_large_image\" \/>\n<meta name=\"twitter:site\" content=\"@wisperebikes\" \/>\n<meta name=\"twitter:label1\" content=\"Estimeret l\u00e6setid\" \/>\n\t<meta name=\"twitter:data1\" content=\"3 minutter\" \/>\n<script type=\"application\/ld+json\" class=\"yoast-schema-graph\">{\"@context\":\"https:\/\/schema.org\",\"@graph\":[{\"@type\":\"WebPage\",\"@id\":\"https:\/\/wisperbikes.com\/dk\/interest-free-ebike-finance\/\",\"url\":\"https:\/\/wisperbikes.com\/dk\/interest-free-ebike-finance\/\",\"name\":\"Interessenfreies Elektrofahrradfinanzierung\",\"isPartOf\":{\"@id\":\"https:\/\/wisperbikes.com\/dk\/#website\"},\"datePublished\":\"2017-04-13T11:20:12+00:00\",\"dateModified\":\"2024-04-12T11:59:21+00:00\",\"description\":\"Spred omkostningerne ved at k\u00f8be din Wisper ebike over tolv m\u00e5neder med rentefri elektrisk cykelfinansiering. K\u00f8b din nye Wisper ebike i dag\",\"breadcrumb\":{\"@id\":\"https:\/\/wisperbikes.com\/dk\/interest-free-ebike-finance\/#breadcrumb\"},\"inLanguage\":\"da-DK\",\"potentialAction\":[{\"@type\":\"ReadAction\",\"target\":[\"https:\/\/wisperbikes.com\/dk\/interest-free-ebike-finance\/\"]}]},{\"@type\":\"BreadcrumbList\",\"@id\":\"https:\/\/wisperbikes.com\/dk\/interest-free-ebike-finance\/#breadcrumb\",\"itemListElement\":[{\"@type\":\"ListItem\",\"position\":1,\"name\":\"Home\",\"item\":\"https:\/\/wisperbikes.com\/dk\/\"},{\"@type\":\"ListItem\",\"position\":2,\"name\":\"Interest Free Electric Bike Finance\"}]},{\"@type\":\"WebSite\",\"@id\":\"https:\/\/wisperbikes.com\/dk\/#website\",\"url\":\"https:\/\/wisperbikes.com\/dk\/\",\"name\":\"Wisper Bikes\",\"description\":\"Electric Bikes\",\"publisher\":{\"@id\":\"https:\/\/wisperbikes.com\/dk\/#organization\"},\"potentialAction\":[{\"@type\":\"SearchAction\",\"target\":{\"@type\":\"EntryPoint\",\"urlTemplate\":\"https:\/\/wisperbikes.com\/dk\/?s={search_term_string}\"},\"query-input\":\"required name=search_term_string\"}],\"inLanguage\":\"da-DK\"},{\"@type\":\"Organization\",\"@id\":\"https:\/\/wisperbikes.com\/dk\/#organization\",\"name\":\"Wisper Electric Bikes\",\"alternateName\":\"Wisper E-Bikes\",\"url\":\"https:\/\/wisperbikes.com\/dk\/\",\"logo\":{\"@type\":\"ImageObject\",\"inLanguage\":\"da-DK\",\"@id\":\"https:\/\/wisperbikes.com\/dk\/#\/schema\/logo\/image\/\",\"url\":\"https:\/\/wisperbikes.com\/dk\/wp-content\/uploads\/2021\/06\/WISPER-Logo.png\",\"contentUrl\":\"https:\/\/wisperbikes.com\/dk\/wp-content\/uploads\/2021\/06\/WISPER-Logo.png\",\"width\":250,\"height\":65,\"caption\":\"Wisper Electric Bikes\"},\"image\":{\"@id\":\"https:\/\/wisperbikes.com\/dk\/#\/schema\/logo\/image\/\"},\"sameAs\":[\"https:\/\/www.facebook.com\/Amps.Bike\/\",\"https:\/\/twitter.com\/wisperebikes\",\"https:\/\/www.instagram.com\/wisperbikes\/\"]}]}<\/script>\n<!-- \/ Yoast SEO plugin. -->","yoast_head_json":{"title":"Interessenfreies Elektrofahrradfinanzierung","description":"Spred omkostningerne ved at k\u00f8be din Wisper ebike over tolv m\u00e5neder med rentefri elektrisk cykelfinansiering. K\u00f8b din nye Wisper ebike i dag","robots":{"index":"index","follow":"follow","max-snippet":"max-snippet:-1","max-image-preview":"max-image-preview:large","max-video-preview":"max-video-preview:-1"},"canonical":"https:\/\/wisperbikes.com\/dk\/interest-free-ebike-finance\/","og_locale":"da_DK","og_type":"article","og_title":"Interessenfreies Elektrofahrradfinanzierung","og_description":"Spred omkostningerne ved at k\u00f8be din Wisper ebike over tolv m\u00e5neder med rentefri elektrisk cykelfinansiering. K\u00f8b din nye Wisper ebike i dag","og_url":"https:\/\/wisperbikes.com\/dk\/interest-free-ebike-finance\/","og_site_name":"Wisper Bikes","article_publisher":"https:\/\/www.facebook.com\/Amps.Bike\/","article_modified_time":"2024-04-12T11:59:21+00:00","og_image":[{"width":224,"height":99,"url":"https:\/\/wisperbikes.com\/dk\/wp-content\/uploads\/2017\/04\/v12-finance-logo.jpg","type":"image\/jpeg"}],"twitter_card":"summary_large_image","twitter_site":"@wisperebikes","twitter_misc":{"Estimeret l\u00e6setid":"3 minutter"},"schema":{"@context":"https:\/\/schema.org","@graph":[{"@type":"WebPage","@id":"https:\/\/wisperbikes.com\/dk\/interest-free-ebike-finance\/","url":"https:\/\/wisperbikes.com\/dk\/interest-free-ebike-finance\/","name":"Interessenfreies Elektrofahrradfinanzierung","isPartOf":{"@id":"https:\/\/wisperbikes.com\/dk\/#website"},"datePublished":"2017-04-13T11:20:12+00:00","dateModified":"2024-04-12T11:59:21+00:00","description":"Spred omkostningerne ved at k\u00f8be din Wisper ebike over tolv m\u00e5neder med rentefri elektrisk cykelfinansiering. K\u00f8b din nye Wisper ebike i dag","breadcrumb":{"@id":"https:\/\/wisperbikes.com\/dk\/interest-free-ebike-finance\/#breadcrumb"},"inLanguage":"da-DK","potentialAction":[{"@type":"ReadAction","target":["https:\/\/wisperbikes.com\/dk\/interest-free-ebike-finance\/"]}]},{"@type":"BreadcrumbList","@id":"https:\/\/wisperbikes.com\/dk\/interest-free-ebike-finance\/#breadcrumb","itemListElement":[{"@type":"ListItem","position":1,"name":"Home","item":"https:\/\/wisperbikes.com\/dk\/"},{"@type":"ListItem","position":2,"name":"Interest Free Electric Bike Finance"}]},{"@type":"WebSite","@id":"https:\/\/wisperbikes.com\/dk\/#website","url":"https:\/\/wisperbikes.com\/dk\/","name":"Wisper Bikes","description":"Electric Bikes","publisher":{"@id":"https:\/\/wisperbikes.com\/dk\/#organization"},"potentialAction":[{"@type":"SearchAction","target":{"@type":"EntryPoint","urlTemplate":"https:\/\/wisperbikes.com\/dk\/?s={search_term_string}"},"query-input":"required name=search_term_string"}],"inLanguage":"da-DK"},{"@type":"Organization","@id":"https:\/\/wisperbikes.com\/dk\/#organization","name":"Wisper Electric Bikes","alternateName":"Wisper E-Bikes","url":"https:\/\/wisperbikes.com\/dk\/","logo":{"@type":"ImageObject","inLanguage":"da-DK","@id":"https:\/\/wisperbikes.com\/dk\/#\/schema\/logo\/image\/","url":"https:\/\/wisperbikes.com\/dk\/wp-content\/uploads\/2021\/06\/WISPER-Logo.png","contentUrl":"https:\/\/wisperbikes.com\/dk\/wp-content\/uploads\/2021\/06\/WISPER-Logo.png","width":250,"height":65,"caption":"Wisper Electric Bikes"},"image":{"@id":"https:\/\/wisperbikes.com\/dk\/#\/schema\/logo\/image\/"},"sameAs":["https:\/\/www.facebook.com\/Amps.Bike\/","https:\/\/twitter.com\/wisperebikes","https:\/\/www.instagram.com\/wisperbikes\/"]}]}},"_links":{"self":[{"href":"https:\/\/wisperbikes.com\/dk\/wp-json\/wp\/v2\/pages\/1090"}],"collection":[{"href":"https:\/\/wisperbikes.com\/dk\/wp-json\/wp\/v2\/pages"}],"about":[{"href":"https:\/\/wisperbikes.com\/dk\/wp-json\/wp\/v2\/types\/page"}],"author":[{"embeddable":true,"href":"https:\/\/wisperbikes.com\/dk\/wp-json\/wp\/v2\/users\/279"}],"replies":[{"embeddable":true,"href":"https:\/\/wisperbikes.com\/dk\/wp-json\/wp\/v2\/comments?post=1090"}],"version-history":[{"count":13,"href":"https:\/\/wisperbikes.com\/dk\/wp-json\/wp\/v2\/pages\/1090\/revisions"}],"predecessor-version":[{"id":40955,"href":"https:\/\/wisperbikes.com\/dk\/wp-json\/wp\/v2\/pages\/1090\/revisions\/40955"}],"wp:featuredmedia":[{"embeddable":true,"href":"https:\/\/wisperbikes.com\/dk\/wp-json\/wp\/v2\/media\/650"}],"wp:attachment":[{"href":"https:\/\/wisperbikes.com\/dk\/wp-json\/wp\/v2\/media?parent=1090"}],"curies":[{"name":"wp","href":"https:\/\/api.w.org\/{rel}","templated":true}]}}