{"id":17048,"date":"2020-04-12T15:30:46","date_gmt":"2020-04-12T15:30:46","guid":{"rendered":"https:\/\/dealers.wisperbikes.com\/dk\/?page_id=17048"},"modified":"2024-08-21T08:58:02","modified_gmt":"2024-08-21T08:58:02","slug":"annual-availability","status":"publish","type":"page","link":"https:\/\/wisperbikes.com\/dk\/resources\/annual-availability\/","title":{"rendered":"Annual Availability"},"content":{"rendered":"\t\t<div data-elementor-type=\"wp-page\" data-elementor-id=\"17048\" class=\"elementor elementor-17048\" data-elementor-post-type=\"page\">\n\t\t\t\t\t\t\t\t\t<section class=\"elementor-section elementor-top-section elementor-element elementor-element-bb71921 elementor-section-full_width elementor-section-stretched elementor-section-height-default elementor-section-height-default\" data-id=\"bb71921\" data-element_type=\"section\" data-settings=\"{&quot;stretch_section&quot;:&quot;section-stretched&quot;}\">\n\t\t\t\t\t\t<div class=\"elementor-container elementor-column-gap-default\">\n\t\t\t\t\t<div class=\"elementor-column elementor-col-100 elementor-top-column elementor-element elementor-element-52f8aa1\" data-id=\"52f8aa1\" data-element_type=\"column\">\n\t\t\t<div class=\"elementor-widget-wrap elementor-element-populated\">\n\t\t\t\t\t\t\t\t<section class=\"elementor-section elementor-inner-section elementor-element elementor-element-2349e3b elementor-section-boxed elementor-section-height-default elementor-section-height-default\" data-id=\"2349e3b\" data-element_type=\"section\">\n\t\t\t\t\t\t<div class=\"elementor-container elementor-column-gap-default\">\n\t\t\t\t\t<div class=\"elementor-column elementor-col-100 elementor-inner-column elementor-element elementor-element-3bc20c0\" data-id=\"3bc20c0\" data-element_type=\"column\">\n\t\t\t<div class=\"elementor-widget-wrap elementor-element-populated\">\n\t\t\t\t\t\t\t\t<div class=\"elementor-element elementor-element-68b25a0 elementor-widget elementor-widget-heading\" data-id=\"68b25a0\" data-element_type=\"widget\" data-widget_type=\"heading.default\">\n\t\t\t\t<div class=\"elementor-widget-container\">\n\t\t\t<h1 class=\"elementor-heading-title elementor-size-large\">\u00c5rlig Tilg\u00e6ngelighed<\/h1>\t\t<\/div>\n\t\t\t\t<\/div>\n\t\t\t\t<div class=\"elementor-element elementor-element-3972163a elementor-widget elementor-widget-text-editor\" data-id=\"3972163a\" data-element_type=\"widget\" data-widget_type=\"text-editor.default\">\n\t\t\t\t<div class=\"elementor-widget-container\">\n\t\t\t\t\t\t\t<p><span data-sheets-value=\"{&quot;1&quot;:2,&quot;2&quot;:&quot;Fra begyndelsen af 2019 bliver alle vores cykler bygget i Taiwan. Vores st\u00f8rste m\u00e5nedlige leverancer vil begynde at ankomme midt i maj og vil forts\u00e6tte indtil efter\u00e5ret. Indtil slutningen af august kan der v\u00e6re nogle korte forsinkelser p\u00e5 nogle modeller og farver.&quot;}\" data-sheets-userformat=\"{&quot;2&quot;:15171,&quot;3&quot;:{&quot;1&quot;:0},&quot;4&quot;:{&quot;1&quot;:2,&quot;2&quot;:16777215},&quot;9&quot;:0,&quot;11&quot;:3,&quot;12&quot;:0,&quot;14&quot;:{&quot;1&quot;:2,&quot;2&quot;:0},&quot;15&quot;:&quot;Rubik, sans-serif&quot;,&quot;16&quot;:12}\">Fra begyndelsen af 2019 bliver alle vores cykler bygget i Taiwan. Vores st\u00f8rste m\u00e5nedlige leverancer vil begynde at ankomme midt i maj og vil forts\u00e6tte indtil efter\u00e5ret. Indtil slutningen af august kan der v\u00e6re nogle korte forsinkelser p\u00e5 nogle modeller og farver.<\/span><\/p><p><strong>Vi oplever i \u00f8jeblikket meget h\u00f8je salgsvolumener og vil derfor v\u00e6re kort af lager p\u00e5 nogle modeller og farver indtil midten af august 2018. Heldigvis foruds\u00e5 vi, at salgsvolumenerne ville stige kraftigt tilbage i januar 2019, vi \u00f8gede v\u00e6sentligt vores produktion for at im\u00f8dekomme den \u00f8gede eftersp\u00f8rgsel.<\/strong><\/p><p><span data-sheets-value=\"{&quot;1&quot;:2,&quot;2&quot;:&quot;Fra slutningen af august 2018 vil vi have gode lagre af f\u00f8lgende cykler, bestil s\u00e5 langt i forvejen som muligt, s\u00e5 vi kan sikre rettidig levering.&quot;}\" data-sheets-userformat=\"{&quot;2&quot;:15171,&quot;3&quot;:{&quot;1&quot;:0},&quot;4&quot;:{&quot;1&quot;:2,&quot;2&quot;:16777215},&quot;9&quot;:0,&quot;11&quot;:3,&quot;12&quot;:0,&quot;14&quot;:{&quot;1&quot;:2,&quot;2&quot;:0},&quot;15&quot;:&quot;Rubik, sans-serif&quot;,&quot;16&quot;:12}\">Fra slutningen af august 2018 vil vi have gode lagre af f\u00f8lgende cykler, bestil s\u00e5 langt i forvejen som muligt, s\u00e5 vi kan sikre rettidig levering.<\/span><\/p><p>705se 26\u2033 Sort<br \/>705se 24\u2033 Bl\u00e5<br \/>905se Sort<br \/>806se Sort<br \/>806se R\u00f8d<\/p><p><span data-sheets-value=\"{&quot;1&quot;:2,&quot;2&quot;:&quot;Alle andre cykler vil v\u00e6re tilbage p\u00e5 lager fra midten af juni, vi forventer ikke yderligere mangel.&quot;}\" data-sheets-userformat=\"{&quot;2&quot;:15171,&quot;3&quot;:{&quot;1&quot;:0},&quot;4&quot;:{&quot;1&quot;:2,&quot;2&quot;:16777215},&quot;9&quot;:0,&quot;11&quot;:3,&quot;12&quot;:0,&quot;14&quot;:{&quot;1&quot;:2,&quot;2&quot;:0},&quot;15&quot;:&quot;Rubik, sans-serif&quot;,&quot;16&quot;:12}\">Alle andre cykler vil v\u00e6re tilbage p\u00e5 lager fra midten af juni, vi forventer ikke yderligere mangel.<\/span><\/p><h5>Meget Vigtige \u00c6ndringer Bem\u00e6rk venligst\u2026<\/h5><p>Nu vores cykler er bygget i Taiwan, vi skal foretage nogle \u00e6ndringer i b\u00e5de priser og specifikationer p\u00e5 b\u00e5de SE cykler og Torque cykler fra maj levering og fremefter<\/p><p>Billeder vil v\u00e6re tilg\u00e6ngelige af de nye cykler midt i april og nye SKU koder vil blive udstedt f\u00f8r udgangen af april<\/p><h5>Nye SE Cykler<\/h5><p>Vi vil droppe SE markeringen s\u00e5 cyklerne simpelthen vil v\u00e6re markeret 905, 705 og 806<\/p><h5>\u00c6ndringer som f\u00f8lger:<\/h5><p>Mere kraftfuld h\u00f8jmomentmotor, lignende i kraft til de nuv\u00e6rende Torque cykler<\/p><p>Detail Pris<br \/>26\u2033 Cykler \u00a31,399.00<br \/>24\u2033 og 20\u2033 Cykler \u00a31,349.00<\/p><h5>Nye Torque Cykler<\/h5><p><span data-sheets-value=\"{&quot;1&quot;:2,&quot;2&quot;:&quot;De nye Torque cykler vil have metal Torque m\u00e6rker p\u00e5f\u00f8rt rammen&quot;}\" data-sheets-userformat=\"{&quot;2&quot;:15171,&quot;3&quot;:{&quot;1&quot;:0},&quot;4&quot;:{&quot;1&quot;:2,&quot;2&quot;:16777215},&quot;9&quot;:0,&quot;11&quot;:3,&quot;12&quot;:0,&quot;14&quot;:{&quot;1&quot;:2,&quot;2&quot;:0},&quot;15&quot;:&quot;Rubik, sans-serif&quot;,&quot;16&quot;:12}\">De nye Torque cykler vil have metal <strong>Torque<\/strong> m\u00e6rker p\u00e5f\u00f8rt rammen<\/span><\/p><h5>\u00c6ndringer som f\u00f8lger:<\/h5><p>Tilg\u00e6ngelig i R\u00f8d, Bl\u00e5, eller Sort (Vi dropper s\u00f8lv\/gr\u00e5 farven)<br \/>Samme mere kraftfulde motor som de nye SE cykler<br \/>Sine wave controller for smidigere, mere stille k\u00f8rsel<br \/>Moment sensor i BB<\/p><p><span data-sheets-value=\"{&quot;1&quot;:2,&quot;2&quot;:&quot;Detail Pris \u00a31,699.00&quot;}\" data-sheets-userformat=\"{&quot;2&quot;:15171,&quot;3&quot;:{&quot;1&quot;:0},&quot;4&quot;:{&quot;1&quot;:2,&quot;2&quot;:16777215},&quot;9&quot;:0,&quot;11&quot;:3,&quot;12&quot;:0,&quot;14&quot;:{&quot;1&quot;:2,&quot;2&quot;:0},&quot;15&quot;:&quot;Rubik, sans-serif&quot;,&quot;16&quot;:12}\">Detail Pris \u00a31,699.00<\/span><\/p>\t\t\t\t\t\t<\/div>\n\t\t\t\t<\/div>\n\t\t\t\t\t<\/div>\n\t\t<\/div>\n\t\t\t\t\t\t\t<\/div>\n\t\t<\/section>\n\t\t\t\t\t<\/div>\n\t\t<\/div>\n\t\t\t\t\t\t\t<\/div>\n\t\t<\/section>\n\t\t\t\t\t\t\t<\/div>\n\t\t","protected":false},"excerpt":{"rendered":"<p>\u00c5rlig Tilg\u00e6ngelighed Fra begyndelsen af 2019 bliver alle vores cykler bygget i Taiwan. Vores st\u00f8rste m\u00e5nedlige leverancer vil begynde at ankomme midt i maj og vil forts\u00e6tte indtil efter\u00e5ret. Indtil slutningen af august kan der v\u00e6re nogle korte forsinkelser p\u00e5 nogle modeller og farver. Vi oplever i \u00f8jeblikket meget h\u00f8je salgsvolumener og vil derfor v\u00e6re&hellip;<\/p>\n","protected":false},"author":279,"featured_media":0,"parent":21528,"menu_order":0,"comment_status":"closed","ping_status":"closed","template":"","meta":[],"acf":[],"yoast_head":"<!-- This site is optimized with the Yoast SEO plugin v20.13 - https:\/\/yoast.com\/wordpress\/plugins\/seo\/ -->\n<title>\u00c5rlig Tilg\u00e6ngelighed - Wisper Bikes<\/title>\n<meta name=\"description\" content=\"\u00c5rlig Tilg\u00e6ngelighed - Wisper Bikes\" \/>\n<meta name=\"robots\" content=\"index, follow, max-snippet:-1, max-image-preview:large, max-video-preview:-1\" \/>\n<link rel=\"canonical\" href=\"https:\/\/wisperbikes.com\/dk\/resources\/annual-availability\/\" \/>\n<meta property=\"og:locale\" content=\"da_DK\" \/>\n<meta property=\"og:type\" content=\"article\" \/>\n<meta property=\"og:title\" content=\"\u00c5rlig Tilg\u00e6ngelighed - Wisper Bikes\" \/>\n<meta property=\"og:description\" content=\"\u00c5rlig Tilg\u00e6ngelighed - Wisper Bikes\" \/>\n<meta property=\"og:url\" content=\"https:\/\/wisperbikes.com\/dk\/resources\/annual-availability\/\" \/>\n<meta property=\"og:site_name\" content=\"Wisper Bikes\" \/>\n<meta property=\"article:publisher\" content=\"https:\/\/www.facebook.com\/Amps.Bike\/\" \/>\n<meta property=\"article:modified_time\" content=\"2024-08-21T08:58:02+00:00\" \/>\n<meta name=\"twitter:card\" content=\"summary_large_image\" \/>\n<meta name=\"twitter:site\" content=\"@wisperebikes\" \/>\n<meta name=\"twitter:label1\" content=\"Estimeret l\u00e6setid\" \/>\n\t<meta name=\"twitter:data1\" content=\"2 minutter\" \/>\n<script type=\"application\/ld+json\" class=\"yoast-schema-graph\">{\"@context\":\"https:\/\/schema.org\",\"@graph\":[{\"@type\":\"WebPage\",\"@id\":\"https:\/\/wisperbikes.com\/dk\/resources\/annual-availability\/\",\"url\":\"https:\/\/wisperbikes.com\/dk\/resources\/annual-availability\/\",\"name\":\"\u00c5rlig Tilg\u00e6ngelighed - Wisper Bikes\",\"isPartOf\":{\"@id\":\"https:\/\/wisperbikes.com\/dk\/#website\"},\"datePublished\":\"2020-04-12T15:30:46+00:00\",\"dateModified\":\"2024-08-21T08:58:02+00:00\",\"description\":\"\u00c5rlig Tilg\u00e6ngelighed - Wisper Bikes\",\"breadcrumb\":{\"@id\":\"https:\/\/wisperbikes.com\/dk\/resources\/annual-availability\/#breadcrumb\"},\"inLanguage\":\"da-DK\",\"potentialAction\":[{\"@type\":\"ReadAction\",\"target\":[\"https:\/\/wisperbikes.com\/dk\/resources\/annual-availability\/\"]}]},{\"@type\":\"BreadcrumbList\",\"@id\":\"https:\/\/wisperbikes.com\/dk\/resources\/annual-availability\/#breadcrumb\",\"itemListElement\":[{\"@type\":\"ListItem\",\"position\":1,\"name\":\"Home\",\"item\":\"https:\/\/wisperbikes.com\/dk\/\"},{\"@type\":\"ListItem\",\"position\":2,\"name\":\"Resources\",\"item\":\"https:\/\/wisperbikes.com\/dk\/resources\/\"},{\"@type\":\"ListItem\",\"position\":3,\"name\":\"Annual Availability\"}]},{\"@type\":\"WebSite\",\"@id\":\"https:\/\/wisperbikes.com\/dk\/#website\",\"url\":\"https:\/\/wisperbikes.com\/dk\/\",\"name\":\"Wisper Bikes\",\"description\":\"Electric Bikes\",\"publisher\":{\"@id\":\"https:\/\/wisperbikes.com\/dk\/#organization\"},\"potentialAction\":[{\"@type\":\"SearchAction\",\"target\":{\"@type\":\"EntryPoint\",\"urlTemplate\":\"https:\/\/wisperbikes.com\/dk\/?s={search_term_string}\"},\"query-input\":\"required name=search_term_string\"}],\"inLanguage\":\"da-DK\"},{\"@type\":\"Organization\",\"@id\":\"https:\/\/wisperbikes.com\/dk\/#organization\",\"name\":\"Wisper Electric Bikes\",\"alternateName\":\"Wisper E-Bikes\",\"url\":\"https:\/\/wisperbikes.com\/dk\/\",\"logo\":{\"@type\":\"ImageObject\",\"inLanguage\":\"da-DK\",\"@id\":\"https:\/\/wisperbikes.com\/dk\/#\/schema\/logo\/image\/\",\"url\":\"https:\/\/wisperbikes.com\/dk\/wp-content\/uploads\/2021\/06\/WISPER-Logo.png\",\"contentUrl\":\"https:\/\/wisperbikes.com\/dk\/wp-content\/uploads\/2021\/06\/WISPER-Logo.png\",\"width\":250,\"height\":65,\"caption\":\"Wisper Electric Bikes\"},\"image\":{\"@id\":\"https:\/\/wisperbikes.com\/dk\/#\/schema\/logo\/image\/\"},\"sameAs\":[\"https:\/\/www.facebook.com\/Amps.Bike\/\",\"https:\/\/twitter.com\/wisperebikes\",\"https:\/\/www.instagram.com\/wisperbikes\/\"]}]}<\/script>\n<!-- \/ Yoast SEO plugin. -->","yoast_head_json":{"title":"\u00c5rlig Tilg\u00e6ngelighed - Wisper Bikes","description":"\u00c5rlig Tilg\u00e6ngelighed - Wisper Bikes","robots":{"index":"index","follow":"follow","max-snippet":"max-snippet:-1","max-image-preview":"max-image-preview:large","max-video-preview":"max-video-preview:-1"},"canonical":"https:\/\/wisperbikes.com\/dk\/resources\/annual-availability\/","og_locale":"da_DK","og_type":"article","og_title":"\u00c5rlig Tilg\u00e6ngelighed - Wisper Bikes","og_description":"\u00c5rlig Tilg\u00e6ngelighed - Wisper Bikes","og_url":"https:\/\/wisperbikes.com\/dk\/resources\/annual-availability\/","og_site_name":"Wisper Bikes","article_publisher":"https:\/\/www.facebook.com\/Amps.Bike\/","article_modified_time":"2024-08-21T08:58:02+00:00","twitter_card":"summary_large_image","twitter_site":"@wisperebikes","twitter_misc":{"Estimeret l\u00e6setid":"2 minutter"},"schema":{"@context":"https:\/\/schema.org","@graph":[{"@type":"WebPage","@id":"https:\/\/wisperbikes.com\/dk\/resources\/annual-availability\/","url":"https:\/\/wisperbikes.com\/dk\/resources\/annual-availability\/","name":"\u00c5rlig Tilg\u00e6ngelighed - Wisper Bikes","isPartOf":{"@id":"https:\/\/wisperbikes.com\/dk\/#website"},"datePublished":"2020-04-12T15:30:46+00:00","dateModified":"2024-08-21T08:58:02+00:00","description":"\u00c5rlig Tilg\u00e6ngelighed - Wisper Bikes","breadcrumb":{"@id":"https:\/\/wisperbikes.com\/dk\/resources\/annual-availability\/#breadcrumb"},"inLanguage":"da-DK","potentialAction":[{"@type":"ReadAction","target":["https:\/\/wisperbikes.com\/dk\/resources\/annual-availability\/"]}]},{"@type":"BreadcrumbList","@id":"https:\/\/wisperbikes.com\/dk\/resources\/annual-availability\/#breadcrumb","itemListElement":[{"@type":"ListItem","position":1,"name":"Home","item":"https:\/\/wisperbikes.com\/dk\/"},{"@type":"ListItem","position":2,"name":"Resources","item":"https:\/\/wisperbikes.com\/dk\/resources\/"},{"@type":"ListItem","position":3,"name":"Annual Availability"}]},{"@type":"WebSite","@id":"https:\/\/wisperbikes.com\/dk\/#website","url":"https:\/\/wisperbikes.com\/dk\/","name":"Wisper Bikes","description":"Electric Bikes","publisher":{"@id":"https:\/\/wisperbikes.com\/dk\/#organization"},"potentialAction":[{"@type":"SearchAction","target":{"@type":"EntryPoint","urlTemplate":"https:\/\/wisperbikes.com\/dk\/?s={search_term_string}"},"query-input":"required name=search_term_string"}],"inLanguage":"da-DK"},{"@type":"Organization","@id":"https:\/\/wisperbikes.com\/dk\/#organization","name":"Wisper Electric Bikes","alternateName":"Wisper E-Bikes","url":"https:\/\/wisperbikes.com\/dk\/","logo":{"@type":"ImageObject","inLanguage":"da-DK","@id":"https:\/\/wisperbikes.com\/dk\/#\/schema\/logo\/image\/","url":"https:\/\/wisperbikes.com\/dk\/wp-content\/uploads\/2021\/06\/WISPER-Logo.png","contentUrl":"https:\/\/wisperbikes.com\/dk\/wp-content\/uploads\/2021\/06\/WISPER-Logo.png","width":250,"height":65,"caption":"Wisper Electric Bikes"},"image":{"@id":"https:\/\/wisperbikes.com\/dk\/#\/schema\/logo\/image\/"},"sameAs":["https:\/\/www.facebook.com\/Amps.Bike\/","https:\/\/twitter.com\/wisperebikes","https:\/\/www.instagram.com\/wisperbikes\/"]}]}},"_links":{"self":[{"href":"https:\/\/wisperbikes.com\/dk\/wp-json\/wp\/v2\/pages\/17048"}],"collection":[{"href":"https:\/\/wisperbikes.com\/dk\/wp-json\/wp\/v2\/pages"}],"about":[{"href":"https:\/\/wisperbikes.com\/dk\/wp-json\/wp\/v2\/types\/page"}],"author":[{"embeddable":true,"href":"https:\/\/wisperbikes.com\/dk\/wp-json\/wp\/v2\/users\/279"}],"replies":[{"embeddable":true,"href":"https:\/\/wisperbikes.com\/dk\/wp-json\/wp\/v2\/comments?post=17048"}],"version-history":[{"count":11,"href":"https:\/\/wisperbikes.com\/dk\/wp-json\/wp\/v2\/pages\/17048\/revisions"}],"predecessor-version":[{"id":41101,"href":"https:\/\/wisperbikes.com\/dk\/wp-json\/wp\/v2\/pages\/17048\/revisions\/41101"}],"up":[{"embeddable":true,"href":"https:\/\/wisperbikes.com\/dk\/wp-json\/wp\/v2\/pages\/21528"}],"wp:attachment":[{"href":"https:\/\/wisperbikes.com\/dk\/wp-json\/wp\/v2\/media?parent=17048"}],"curies":[{"name":"wp","href":"https:\/\/api.w.org\/{rel}","templated":true}]}}