{"id":19,"date":"2017-03-08T16:07:59","date_gmt":"2017-03-08T16:07:59","guid":{"rendered":"https:\/\/wisperbikes.com\/dk\/?page_id=19"},"modified":"2024-04-17T11:58:00","modified_gmt":"2024-04-17T11:58:00","slug":"dealer-locator","status":"publish","type":"page","link":"https:\/\/wisperbikes.com\/dk\/dealer-locator\/","title":{"rendered":"Dealer Locator"},"content":{"rendered":"\t\t<div data-elementor-type=\"wp-page\" data-elementor-id=\"19\" class=\"elementor elementor-19\" data-elementor-post-type=\"page\">\n\t\t\t\t\t\t\t\t\t<section class=\"elementor-section elementor-top-section elementor-element elementor-element-a90eda4 elementor-section-full_width elementor-section-stretched elementor-section-height-default elementor-section-height-default\" data-id=\"a90eda4\" data-element_type=\"section\" data-settings=\"{&quot;stretch_section&quot;:&quot;section-stretched&quot;}\">\n\t\t\t\t\t\t<div class=\"elementor-container elementor-column-gap-default\">\n\t\t\t\t\t<div class=\"elementor-column elementor-col-100 elementor-top-column elementor-element elementor-element-984146a\" data-id=\"984146a\" data-element_type=\"column\">\n\t\t\t<div class=\"elementor-widget-wrap elementor-element-populated\">\n\t\t\t\t\t\t\t\t<section class=\"elementor-section elementor-inner-section elementor-element elementor-element-0c43b3f elementor-section-boxed elementor-section-height-default elementor-section-height-default\" data-id=\"0c43b3f\" data-element_type=\"section\">\n\t\t\t\t\t\t<div class=\"elementor-container elementor-column-gap-default\">\n\t\t\t\t\t<div class=\"elementor-column elementor-col-50 elementor-inner-column elementor-element elementor-element-fbe97c0\" data-id=\"fbe97c0\" data-element_type=\"column\">\n\t\t\t<div class=\"elementor-widget-wrap elementor-element-populated\">\n\t\t\t\t\t\t\t\t<div class=\"elementor-element elementor-element-3f3255f elementor-widget elementor-widget-heading\" data-id=\"3f3255f\" data-element_type=\"widget\" data-widget_type=\"heading.default\">\n\t\t\t\t<div class=\"elementor-widget-container\">\n\t\t\t<h1 class=\"elementor-heading-title elementor-size-default\">Wisper Forhandlere<\/h1>\t\t<\/div>\n\t\t\t\t<\/div>\n\t\t\t\t\t<\/div>\n\t\t<\/div>\n\t\t\t\t<div class=\"elementor-column elementor-col-50 elementor-inner-column elementor-element elementor-element-a10487a\" data-id=\"a10487a\" data-element_type=\"column\">\n\t\t\t<div class=\"elementor-widget-wrap\">\n\t\t\t\t\t\t\t\t\t<\/div>\n\t\t<\/div>\n\t\t\t\t\t\t\t<\/div>\n\t\t<\/section>\n\t\t\t\t<section class=\"elementor-section elementor-inner-section elementor-element elementor-element-9641868 elementor-section-boxed elementor-section-height-default elementor-section-height-default\" data-id=\"9641868\" data-element_type=\"section\">\n\t\t\t\t\t\t<div class=\"elementor-container elementor-column-gap-default\">\n\t\t\t\t\t<div class=\"elementor-column elementor-col-100 elementor-inner-column elementor-element elementor-element-0bc7aa4\" data-id=\"0bc7aa4\" data-element_type=\"column\">\n\t\t\t<div class=\"elementor-widget-wrap elementor-element-populated\">\n\t\t\t\t\t\t\t\t<div class=\"elementor-element elementor-element-e1ba1e1 elementor-widget elementor-widget-heading\" data-id=\"e1ba1e1\" data-element_type=\"widget\" data-widget_type=\"heading.default\">\n\t\t\t\t<div class=\"elementor-widget-container\">\n\t\t\t<h3 class=\"elementor-heading-title elementor-size-default\">Vigtig information<\/h3>\t\t<\/div>\n\t\t\t\t<\/div>\n\t\t\t\t<div class=\"elementor-element elementor-element-5f2b607d elementor-widget elementor-widget-text-editor\" data-id=\"5f2b607d\" data-element_type=\"widget\" data-widget_type=\"text-editor.default\">\n\t\t\t\t<div class=\"elementor-widget-container\">\n\t\t\t\t\t\t\t<p><span data-sheets-value=\"{&quot;1&quot;:2,&quot;2&quot;:&quot;Vi mener st\u00e6rkt, at alle elcykler skal leveres og vedligeholdes af en professionel ebike leverand\u00f8r og servicecenter s\u00e5 bekvemt for dig som muligt. De vil tilbyde pr\u00f8veture og ekspert r\u00e5dgivning om den bedste cykel til at im\u00f8dekomme dine behov.&quot;}\" data-sheets-userformat=\"{&quot;2&quot;:15171,&quot;3&quot;:{&quot;1&quot;:0},&quot;4&quot;:{&quot;1&quot;:2,&quot;2&quot;:16777215},&quot;9&quot;:0,&quot;11&quot;:3,&quot;12&quot;:0,&quot;14&quot;:{&quot;1&quot;:2,&quot;2&quot;:0},&quot;15&quot;:&quot;Rubik, sans-serif&quot;,&quot;16&quot;:12}\">Vi mener st\u00e6rkt, at alle elcykler skal leveres og vedligeholdes af en professionel ebike leverand\u00f8r og servicecenter s\u00e5 bekvemt for dig som muligt. De vil tilbyde pr\u00f8veture og ekspert r\u00e5dgivning om den bedste cykel til at im\u00f8dekomme dine behov.<\/span><\/p><p><span data-sheets-value=\"{&quot;1&quot;:2,&quot;2&quot;:&quot;Elcykler, ligesom ethvert motork\u00f8ret\u00f8j, kr\u00e6ver regelm\u00e6ssig service, de bedste personer til at passe p\u00e5 din cykel er dem, der leverede den, hvis du har nogen problemer eller sp\u00f8rgsm\u00e5l er de klar til at tage sig af dig. Af disse grunde leverer vi kun Wisper cykler gennem vores godkendte forhandlere.&quot;}\" data-sheets-userformat=\"{&quot;2&quot;:15171,&quot;3&quot;:{&quot;1&quot;:0},&quot;4&quot;:{&quot;1&quot;:2,&quot;2&quot;:16777215},&quot;9&quot;:0,&quot;11&quot;:3,&quot;12&quot;:0,&quot;14&quot;:{&quot;1&quot;:2,&quot;2&quot;:0},&quot;15&quot;:&quot;Rubik, sans-serif&quot;,&quot;16&quot;:12}\">Elcykler, ligesom ethvert motork\u00f8ret\u00f8j, kr\u00e6ver regelm\u00e6ssig service, de bedste personer til at passe p\u00e5 din cykel er dem, der leverede den, hvis du har nogen problemer eller sp\u00f8rgsm\u00e5l er de klar til at tage sig af dig. Af disse grunde leverer vi kun Wisper cykler gennem vores godkendte forhandlere.<\/span><\/p>\t\t\t\t\t\t<\/div>\n\t\t\t\t<\/div>\n\t\t\t\t<div class=\"elementor-element elementor-element-0bf1b96 elementor-widget elementor-widget-text-editor\" data-id=\"0bf1b96\" data-element_type=\"widget\" data-widget_type=\"text-editor.default\">\n\t\t\t\t<div class=\"elementor-widget-container\">\n\t\t\t\t\t\t\t<p><span data-sheets-value=\"{&quot;1&quot;:2,&quot;2&quot;:&quot;Vores gratis \\&quot;sikkerhedstjek\\&quot; tilbud kan kun udf\u00f8res af den leverende forhandler. Denne forhandler er ogs\u00e5 ansvarlig for garantisp\u00f8rgsm\u00e5l, inklusive arbejdselementet. Det er derfor vigtigt, at du n\u00e5r det er muligt k\u00f8ber din Wisper cykel fra en forhandler, der er tilg\u00e6ngelig for dig.&quot;}\" data-sheets-userformat=\"{&quot;2&quot;:15171,&quot;3&quot;:{&quot;1&quot;:0},&quot;4&quot;:{&quot;1&quot;:2,&quot;2&quot;:16777215},&quot;9&quot;:0,&quot;11&quot;:3,&quot;12&quot;:0,&quot;14&quot;:{&quot;1&quot;:2,&quot;2&quot;:0},&quot;15&quot;:&quot;Rubik, sans-serif&quot;,&quot;16&quot;:12}\">Vores gratis &#8220;sikkerhedstjek&#8221; tilbud kan kun udf\u00f8res af den leverende forhandler. Denne forhandler er ogs\u00e5 ansvarlig for garantisp\u00f8rgsm\u00e5l, inklusive arbejdselementet. Det er derfor vigtigt, at du n\u00e5r det er muligt k\u00f8ber din Wisper cykel fra en forhandler, der er tilg\u00e6ngelig for dig.<\/span><\/p>\t\t\t\t\t\t<\/div>\n\t\t\t\t<\/div>\n\t\t\t\t<div class=\"elementor-element elementor-element-821b7c9 elementor-widget elementor-widget-text-editor\" data-id=\"821b7c9\" data-element_type=\"widget\" data-widget_type=\"text-editor.default\">\n\t\t\t\t<div class=\"elementor-widget-container\">\n\t\t\t\t\t\t\t<p><em>Vores forhandlere er kvalificerede til at servicere og vedligeholde din Wisper, hvilket sikrer, at du f\u00e5r en perfekt k\u00f8reoplevelse og bevare v\u00e6rdien af din investering.<\/em><\/p>\t\t\t\t\t\t<\/div>\n\t\t\t\t<\/div>\n\t\t\t\t<div class=\"elementor-element elementor-element-51d8773 elementor-widget elementor-widget-heading\" data-id=\"51d8773\" data-element_type=\"widget\" data-widget_type=\"heading.default\">\n\t\t\t\t<div class=\"elementor-widget-container\">\n\t\t\t<h3 class=\"elementor-heading-title elementor-size-default\">Pr\u00f8vek\u00f8rsler<\/h3>\t\t<\/div>\n\t\t\t\t<\/div>\n\t\t\t\t<div class=\"elementor-element elementor-element-aefe57d elementor-widget elementor-widget-text-editor\" data-id=\"aefe57d\" data-element_type=\"widget\" data-widget_type=\"text-editor.default\">\n\t\t\t\t<div class=\"elementor-widget-container\">\n\t\t\t\t\t\t\t<p><span data-sheets-value=\"{&quot;1&quot;:2,&quot;2&quot;:&quot;Vil du gerne pr\u00f8ve en Wisper elcykel p\u00e5 en gratis pr\u00f8vetur? Hvis ja, bedes du kontakte din lokale Wisper forhandler for at arrangere en aftale. Skulle der v\u00e6re nogen problemer med at sikre en pr\u00f8vetur p\u00e5 din foretrukne Wisper model, bedes du kontakte os direkte p\u00e5 01732 762393 eller e-mail sales@wisperbikes.com for assistance.&quot;}\" data-sheets-userformat=\"{&quot;2&quot;:15171,&quot;3&quot;:{&quot;1&quot;:0},&quot;4&quot;:{&quot;1&quot;:2,&quot;2&quot;:16777215},&quot;9&quot;:0,&quot;11&quot;:3,&quot;12&quot;:0,&quot;14&quot;:{&quot;1&quot;:2,&quot;2&quot;:0},&quot;15&quot;:&quot;Rubik, sans-serif&quot;,&quot;16&quot;:12}\">Vil du gerne pr\u00f8ve en Wisper elcykel p\u00e5 en gratis pr\u00f8vetur? Hvis ja, bedes du kontakte din lokale Wisper forhandler for at arrangere en aftale. Skulle der v\u00e6re nogen problemer med at sikre en pr\u00f8vetur p\u00e5 din foretrukne Wisper model, bedes du kontakte os direkte p\u00e5 01732 762393 eller e-mail <a href=\"mailto:sales@wisperbikes.com\">sales@wisperbikes.com<\/a> for assistance.<\/span><\/p>\t\t\t\t\t\t<\/div>\n\t\t\t\t<\/div>\n\t\t\t\t<div class=\"elementor-element elementor-element-b9173fe elementor-widget elementor-widget-text-editor\" data-id=\"b9173fe\" data-element_type=\"widget\" data-widget_type=\"text-editor.default\">\n\t\t\t\t<div class=\"elementor-widget-container\">\n\t\t\t\t\t\t\t<p><strong>For at finde din n\u00e6rmeste Wisper forhandler, indtast venligst din placering i s\u00f8gefeltet nedenfor, hvis du ikke kan finde en forhandler t\u00e6t p\u00e5 dig, bedes du ringe til os p\u00e5 01732 762393 eller e-mail <a href=\"mailto:sales@wisperbikes.com\">sales@wisperbikes.com<\/a> for assistance.<\/strong><\/p>\t\t\t\t\t\t<\/div>\n\t\t\t\t<\/div>\n\t\t\t\t<div class=\"elementor-element elementor-element-1378907 elementor-widget elementor-widget-text-editor\" data-id=\"1378907\" data-element_type=\"widget\" data-widget_type=\"text-editor.default\">\n\t\t\t\t<div class=\"elementor-widget-container\">\n\t\t\t\t\t\t\t<style>\r\n\t#wpsl-stores .wpsl-store-thumb {height:45px !important; width:45px !important;}\r\n\t#wpsl-stores, #wpsl-direction-details, #wpsl-gmap {height:600px !important;}\r\n\t#wpsl-gmap .wpsl-info-window {max-width:225px !important;}\r\n\t.wpsl-input label, #wpsl-radius label, #wpsl-category label {width:120px;}\r\n\t#wpsl-search-input  {width:200px;}\r\n<\/style>\r\n<div id=\"wpsl-wrap\">\r\n\t<div class=\"wpsl-search wpsl-clearfix \">\r\n\t\t<div id=\"wpsl-search-wrap\">\r\n\t\t\t<form autocomplete=\"off\">\r\n\t\t\t<div class=\"wpsl-input\">\r\n\t\t\t\t<div><label for=\"wpsl-search-input\">Your location<\/label><\/div>\r\n\t\t\t\t<input id=\"wpsl-search-input\" type=\"text\" value=\"\" name=\"wpsl-search-input\" placeholder=\"\" aria-required=\"true\" \/>\r\n\t\t\t<\/div>\r\n\t\t\t<div class=\"wpsl-select-wrap\">\r\n\t\t\t\t<div id=\"wpsl-radius\">\r\n\t\t\t\t\t<label for=\"wpsl-radius-dropdown\">Search radius<\/label>\r\n\t\t\t\t\t<select id=\"wpsl-radius-dropdown\" class=\"wpsl-dropdown\" name=\"wpsl-radius\">\r\n\t\t\t\t\t\t<option value=\"10\">10 mi<\/option><option value=\"25\">25 mi<\/option><option selected=\"selected\" value=\"50\">50 mi<\/option>\r\n\t\t\t\t\t<\/select>\r\n\t\t\t\t<\/div>\r\n\t\t\t\t<div id=\"wpsl-results\">\r\n\t\t\t\t\t<label for=\"wpsl-results-dropdown\">Results<\/label>\r\n\t\t\t\t\t<select id=\"wpsl-results-dropdown\" class=\"wpsl-dropdown\" name=\"wpsl-results\">\r\n\t\t\t\t\t\t<option selected=\"selected\" value=\"10\">10<\/option><option value=\"20\">20<\/option>\r\n\t\t\t\t\t<\/select>\r\n\t\t\t\t<\/div>\r\n\t\t\t<\/div>\r\n\t\t\t\t<div class=\"wpsl-search-btn-wrap\"><input id=\"wpsl-search-btn\" type=\"submit\" value=\"Search\"><\/div>\r\n\t\t<\/form>\r\n\t\t<\/div>\r\n\t<\/div>\r\n\t<div id=\"wpsl-gmap\" class=\"wpsl-gmap-canvas\"><\/div>\r\n\t<div id=\"wpsl-result-list\">\r\n\t\t<div id=\"wpsl-stores\" >\r\n\t\t\t<ul><\/ul>\r\n\t\t<\/div>\r\n\t\t<div id=\"wpsl-direction-details\">\r\n\t\t\t<ul><\/ul>\r\n\t\t<\/div>\r\n\t<\/div>\r\n\t<div class=\"wpsl-provided-by\">Search provided by <a target='_blank' href='https:\/\/wpstorelocator.co'>WP Store Locator<\/a><\/div>\r\n<\/div>\r\n\t\t\t\t\t\t<\/div>\n\t\t\t\t<\/div>\n\t\t\t\t\t<\/div>\n\t\t<\/div>\n\t\t\t\t\t\t\t<\/div>\n\t\t<\/section>\n\t\t\t\t\t<\/div>\n\t\t<\/div>\n\t\t\t\t\t\t\t<\/div>\n\t\t<\/section>\n\t\t\t\t\t\t\t<\/div>\n\t\t","protected":false},"excerpt":{"rendered":"<p>Wisper Forhandlere Vigtig information Vi mener st\u00e6rkt, at alle elcykler skal leveres og vedligeholdes af en professionel ebike leverand\u00f8r og servicecenter s\u00e5 bekvemt for dig som muligt. De vil tilbyde pr\u00f8veture og ekspert r\u00e5dgivning om den bedste cykel til at im\u00f8dekomme dine behov. Elcykler, ligesom ethvert motork\u00f8ret\u00f8j, kr\u00e6ver regelm\u00e6ssig service, de bedste personer til at&hellip;<\/p>\n","protected":false},"author":279,"featured_media":0,"parent":0,"menu_order":0,"comment_status":"closed","ping_status":"closed","template":"","meta":[],"acf":[],"yoast_head":"<!-- This site is optimized with the Yoast SEO plugin v20.13 - https:\/\/yoast.com\/wordpress\/plugins\/seo\/ -->\n<title>Wisper E-Bike-H\u00e4ndler | Finden Sie den N\u00e4chsten Elektrobike<\/title>\n<meta name=\"description\" content=\"Wisper Electric Bikes f\u00e5s fra en e-cykelbutik n\u00e6r dig! Vi har forhandlere over hele Storbritannien, s\u00e5 brug vores forhandlerlokator til at finde din.\" \/>\n<meta name=\"robots\" content=\"index, follow, max-snippet:-1, max-image-preview:large, max-video-preview:-1\" \/>\n<link rel=\"canonical\" href=\"https:\/\/wisperbikes.com\/dk\/dealer-locator\/\" \/>\n<meta property=\"og:locale\" content=\"da_DK\" \/>\n<meta property=\"og:type\" content=\"article\" \/>\n<meta property=\"og:title\" content=\"Wisper E-Bike-H\u00e4ndler | Finden Sie den N\u00e4chsten Elektrobike\" \/>\n<meta property=\"og:description\" content=\"Wisper Electric Bikes f\u00e5s fra en e-cykelbutik n\u00e6r dig! Vi har forhandlere over hele Storbritannien, s\u00e5 brug vores forhandlerlokator til at finde din.\" \/>\n<meta property=\"og:url\" content=\"https:\/\/wisperbikes.com\/dk\/dealer-locator\/\" \/>\n<meta property=\"og:site_name\" content=\"Wisper Bikes\" \/>\n<meta property=\"article:publisher\" content=\"https:\/\/www.facebook.com\/Amps.Bike\/\" \/>\n<meta property=\"article:modified_time\" content=\"2024-04-17T11:58:00+00:00\" \/>\n<meta name=\"twitter:card\" content=\"summary_large_image\" \/>\n<meta name=\"twitter:site\" content=\"@wisperebikes\" \/>\n<meta name=\"twitter:label1\" content=\"Estimeret l\u00e6setid\" \/>\n\t<meta name=\"twitter:data1\" content=\"2 minutter\" \/>\n<script type=\"application\/ld+json\" class=\"yoast-schema-graph\">{\"@context\":\"https:\/\/schema.org\",\"@graph\":[{\"@type\":\"WebPage\",\"@id\":\"https:\/\/wisperbikes.com\/dk\/dealer-locator\/\",\"url\":\"https:\/\/wisperbikes.com\/dk\/dealer-locator\/\",\"name\":\"Wisper E-Bike-H\u00e4ndler | Finden Sie den N\u00e4chsten Elektrobike\",\"isPartOf\":{\"@id\":\"https:\/\/wisperbikes.com\/dk\/#website\"},\"datePublished\":\"2017-03-08T16:07:59+00:00\",\"dateModified\":\"2024-04-17T11:58:00+00:00\",\"description\":\"Wisper Electric Bikes f\u00e5s fra en e-cykelbutik n\u00e6r dig! Vi har forhandlere over hele Storbritannien, s\u00e5 brug vores forhandlerlokator til at finde din.\",\"breadcrumb\":{\"@id\":\"https:\/\/wisperbikes.com\/dk\/dealer-locator\/#breadcrumb\"},\"inLanguage\":\"da-DK\",\"potentialAction\":[{\"@type\":\"ReadAction\",\"target\":[\"https:\/\/wisperbikes.com\/dk\/dealer-locator\/\"]}]},{\"@type\":\"BreadcrumbList\",\"@id\":\"https:\/\/wisperbikes.com\/dk\/dealer-locator\/#breadcrumb\",\"itemListElement\":[{\"@type\":\"ListItem\",\"position\":1,\"name\":\"Home\",\"item\":\"https:\/\/wisperbikes.com\/dk\/\"},{\"@type\":\"ListItem\",\"position\":2,\"name\":\"Dealer Locator\"}]},{\"@type\":\"WebSite\",\"@id\":\"https:\/\/wisperbikes.com\/dk\/#website\",\"url\":\"https:\/\/wisperbikes.com\/dk\/\",\"name\":\"Wisper Bikes\",\"description\":\"Electric Bikes\",\"publisher\":{\"@id\":\"https:\/\/wisperbikes.com\/dk\/#organization\"},\"potentialAction\":[{\"@type\":\"SearchAction\",\"target\":{\"@type\":\"EntryPoint\",\"urlTemplate\":\"https:\/\/wisperbikes.com\/dk\/?s={search_term_string}\"},\"query-input\":\"required name=search_term_string\"}],\"inLanguage\":\"da-DK\"},{\"@type\":\"Organization\",\"@id\":\"https:\/\/wisperbikes.com\/dk\/#organization\",\"name\":\"Wisper Electric Bikes\",\"alternateName\":\"Wisper E-Bikes\",\"url\":\"https:\/\/wisperbikes.com\/dk\/\",\"logo\":{\"@type\":\"ImageObject\",\"inLanguage\":\"da-DK\",\"@id\":\"https:\/\/wisperbikes.com\/dk\/#\/schema\/logo\/image\/\",\"url\":\"https:\/\/wisperbikes.com\/dk\/wp-content\/uploads\/2021\/06\/WISPER-Logo.png\",\"contentUrl\":\"https:\/\/wisperbikes.com\/dk\/wp-content\/uploads\/2021\/06\/WISPER-Logo.png\",\"width\":250,\"height\":65,\"caption\":\"Wisper Electric Bikes\"},\"image\":{\"@id\":\"https:\/\/wisperbikes.com\/dk\/#\/schema\/logo\/image\/\"},\"sameAs\":[\"https:\/\/www.facebook.com\/Amps.Bike\/\",\"https:\/\/twitter.com\/wisperebikes\",\"https:\/\/www.instagram.com\/wisperbikes\/\"]}]}<\/script>\n<!-- \/ Yoast SEO plugin. -->","yoast_head_json":{"title":"Wisper E-Bike-H\u00e4ndler | Finden Sie den N\u00e4chsten Elektrobike","description":"Wisper Electric Bikes f\u00e5s fra en e-cykelbutik n\u00e6r dig! Vi har forhandlere over hele Storbritannien, s\u00e5 brug vores forhandlerlokator til at finde din.","robots":{"index":"index","follow":"follow","max-snippet":"max-snippet:-1","max-image-preview":"max-image-preview:large","max-video-preview":"max-video-preview:-1"},"canonical":"https:\/\/wisperbikes.com\/dk\/dealer-locator\/","og_locale":"da_DK","og_type":"article","og_title":"Wisper E-Bike-H\u00e4ndler | Finden Sie den N\u00e4chsten Elektrobike","og_description":"Wisper Electric Bikes f\u00e5s fra en e-cykelbutik n\u00e6r dig! Vi har forhandlere over hele Storbritannien, s\u00e5 brug vores forhandlerlokator til at finde din.","og_url":"https:\/\/wisperbikes.com\/dk\/dealer-locator\/","og_site_name":"Wisper Bikes","article_publisher":"https:\/\/www.facebook.com\/Amps.Bike\/","article_modified_time":"2024-04-17T11:58:00+00:00","twitter_card":"summary_large_image","twitter_site":"@wisperebikes","twitter_misc":{"Estimeret l\u00e6setid":"2 minutter"},"schema":{"@context":"https:\/\/schema.org","@graph":[{"@type":"WebPage","@id":"https:\/\/wisperbikes.com\/dk\/dealer-locator\/","url":"https:\/\/wisperbikes.com\/dk\/dealer-locator\/","name":"Wisper E-Bike-H\u00e4ndler | Finden Sie den N\u00e4chsten Elektrobike","isPartOf":{"@id":"https:\/\/wisperbikes.com\/dk\/#website"},"datePublished":"2017-03-08T16:07:59+00:00","dateModified":"2024-04-17T11:58:00+00:00","description":"Wisper Electric Bikes f\u00e5s fra en e-cykelbutik n\u00e6r dig! Vi har forhandlere over hele Storbritannien, s\u00e5 brug vores forhandlerlokator til at finde din.","breadcrumb":{"@id":"https:\/\/wisperbikes.com\/dk\/dealer-locator\/#breadcrumb"},"inLanguage":"da-DK","potentialAction":[{"@type":"ReadAction","target":["https:\/\/wisperbikes.com\/dk\/dealer-locator\/"]}]},{"@type":"BreadcrumbList","@id":"https:\/\/wisperbikes.com\/dk\/dealer-locator\/#breadcrumb","itemListElement":[{"@type":"ListItem","position":1,"name":"Home","item":"https:\/\/wisperbikes.com\/dk\/"},{"@type":"ListItem","position":2,"name":"Dealer Locator"}]},{"@type":"WebSite","@id":"https:\/\/wisperbikes.com\/dk\/#website","url":"https:\/\/wisperbikes.com\/dk\/","name":"Wisper Bikes","description":"Electric Bikes","publisher":{"@id":"https:\/\/wisperbikes.com\/dk\/#organization"},"potentialAction":[{"@type":"SearchAction","target":{"@type":"EntryPoint","urlTemplate":"https:\/\/wisperbikes.com\/dk\/?s={search_term_string}"},"query-input":"required name=search_term_string"}],"inLanguage":"da-DK"},{"@type":"Organization","@id":"https:\/\/wisperbikes.com\/dk\/#organization","name":"Wisper Electric Bikes","alternateName":"Wisper E-Bikes","url":"https:\/\/wisperbikes.com\/dk\/","logo":{"@type":"ImageObject","inLanguage":"da-DK","@id":"https:\/\/wisperbikes.com\/dk\/#\/schema\/logo\/image\/","url":"https:\/\/wisperbikes.com\/dk\/wp-content\/uploads\/2021\/06\/WISPER-Logo.png","contentUrl":"https:\/\/wisperbikes.com\/dk\/wp-content\/uploads\/2021\/06\/WISPER-Logo.png","width":250,"height":65,"caption":"Wisper Electric Bikes"},"image":{"@id":"https:\/\/wisperbikes.com\/dk\/#\/schema\/logo\/image\/"},"sameAs":["https:\/\/www.facebook.com\/Amps.Bike\/","https:\/\/twitter.com\/wisperebikes","https:\/\/www.instagram.com\/wisperbikes\/"]}]}},"_links":{"self":[{"href":"https:\/\/wisperbikes.com\/dk\/wp-json\/wp\/v2\/pages\/19"}],"collection":[{"href":"https:\/\/wisperbikes.com\/dk\/wp-json\/wp\/v2\/pages"}],"about":[{"href":"https:\/\/wisperbikes.com\/dk\/wp-json\/wp\/v2\/types\/page"}],"author":[{"embeddable":true,"href":"https:\/\/wisperbikes.com\/dk\/wp-json\/wp\/v2\/users\/279"}],"replies":[{"embeddable":true,"href":"https:\/\/wisperbikes.com\/dk\/wp-json\/wp\/v2\/comments?post=19"}],"version-history":[{"count":7,"href":"https:\/\/wisperbikes.com\/dk\/wp-json\/wp\/v2\/pages\/19\/revisions"}],"predecessor-version":[{"id":41010,"href":"https:\/\/wisperbikes.com\/dk\/wp-json\/wp\/v2\/pages\/19\/revisions\/41010"}],"wp:attachment":[{"href":"https:\/\/wisperbikes.com\/dk\/wp-json\/wp\/v2\/media?parent=19"}],"curies":[{"name":"wp","href":"https:\/\/api.w.org\/{rel}","templated":true}]}}