{"id":24,"date":"2017-06-22T09:45:15","date_gmt":"2017-06-22T09:45:15","guid":{"rendered":"https:\/\/dealers.wisperbikes.com\/dk\/?page_id=24"},"modified":"2024-04-18T11:49:00","modified_gmt":"2024-04-18T11:49:00","slug":"support","status":"publish","type":"page","link":"https:\/\/wisperbikes.com\/dk\/support\/","title":{"rendered":"Tech Support and Training Days"},"content":{"rendered":"\t\t<div data-elementor-type=\"wp-page\" data-elementor-id=\"24\" class=\"elementor elementor-24\" data-elementor-post-type=\"page\">\n\t\t\t\t\t\t\t\t\t<section class=\"elementor-section elementor-top-section elementor-element elementor-element-4d92caa elementor-section-full_width elementor-section-stretched elementor-section-height-default elementor-section-height-default\" data-id=\"4d92caa\" data-element_type=\"section\" data-settings=\"{&quot;stretch_section&quot;:&quot;section-stretched&quot;}\">\n\t\t\t\t\t\t<div class=\"elementor-container elementor-column-gap-default\">\n\t\t\t\t\t<div class=\"elementor-column elementor-col-100 elementor-top-column elementor-element elementor-element-9d5cba9\" data-id=\"9d5cba9\" data-element_type=\"column\">\n\t\t\t<div class=\"elementor-widget-wrap elementor-element-populated\">\n\t\t\t\t\t\t\t\t<section class=\"elementor-section elementor-inner-section elementor-element elementor-element-432c99d elementor-section-boxed elementor-section-height-default elementor-section-height-default\" data-id=\"432c99d\" data-element_type=\"section\">\n\t\t\t\t\t\t<div class=\"elementor-container elementor-column-gap-default\">\n\t\t\t\t\t<div class=\"elementor-column elementor-col-100 elementor-inner-column elementor-element elementor-element-07d7e81\" data-id=\"07d7e81\" data-element_type=\"column\">\n\t\t\t<div class=\"elementor-widget-wrap elementor-element-populated\">\n\t\t\t\t\t\t\t\t<div class=\"elementor-element elementor-element-5d64b37 elementor-widget elementor-widget-spacer\" data-id=\"5d64b37\" data-element_type=\"widget\" data-widget_type=\"spacer.default\">\n\t\t\t\t<div class=\"elementor-widget-container\">\n\t\t\t\t\t<div class=\"elementor-spacer\">\n\t\t\t<div class=\"elementor-spacer-inner\"><\/div>\n\t\t<\/div>\n\t\t\t\t<\/div>\n\t\t\t\t<\/div>\n\t\t\t\t\t<\/div>\n\t\t<\/div>\n\t\t\t\t\t\t\t<\/div>\n\t\t<\/section>\n\t\t\t\t<section class=\"elementor-section elementor-inner-section elementor-element elementor-element-3144aec elementor-section-boxed elementor-section-height-default elementor-section-height-default\" data-id=\"3144aec\" data-element_type=\"section\">\n\t\t\t\t\t\t<div class=\"elementor-container elementor-column-gap-default\">\n\t\t\t\t\t<div class=\"elementor-column elementor-col-50 elementor-inner-column elementor-element elementor-element-22f98e5\" data-id=\"22f98e5\" data-element_type=\"column\">\n\t\t\t<div class=\"elementor-widget-wrap elementor-element-populated\">\n\t\t\t\t\t\t\t\t<div class=\"elementor-element elementor-element-0f99958 elementor-widget elementor-widget-text-editor\" data-id=\"0f99958\" data-element_type=\"widget\" data-widget_type=\"text-editor.default\">\n\t\t\t\t<div class=\"elementor-widget-container\">\n\t\t\t\t\t\t\t<p>Our aim is to give Wisper customers the best customer service experience in the ebike industry.<\/p><p>The Wisper ticketing system is designed to enable you to log any issues with which you need our assistance. It will help us make certain that nothing is missed.<\/p><p>After you have clicked on\u00a0<strong>\u201cAdd a New Ticket\u201d<\/strong>\u00a0(below) you will need to fill in all relevant fields and include a detailed description of your technical issue, you can upload images if required.<\/p><p>Once your ticket is open our aim is to respond and resolve your issue within 24 hours. When we are sure your questions have been answered we will write to you to confirm.<\/p><p>If you have problems using this system please call 01732 762 393 and choose option 2 for support.<\/p>\t\t\t\t\t\t<\/div>\n\t\t\t\t<\/div>\n\t\t\t\t<div class=\"elementor-element elementor-element-db95455 elementor-widget elementor-widget-heading\" data-id=\"db95455\" data-element_type=\"widget\" data-widget_type=\"heading.default\">\n\t\t\t\t<div class=\"elementor-widget-container\">\n\t\t\t<h3 class=\"elementor-heading-title elementor-size-default\">Submit A Ticket<\/h3>\t\t<\/div>\n\t\t\t\t<\/div>\n\t\t\t\t<div class=\"elementor-element elementor-element-1dd76fb elementor-widget elementor-widget-shortcode\" data-id=\"1dd76fb\" data-element_type=\"widget\" data-widget_type=\"shortcode.default\">\n\t\t\t\t<div class=\"elementor-widget-container\">\n\t\t\t\t\t<div class=\"elementor-shortcode\"> [wpsc_create_ticket] \n<\/div>\n\t\t\t\t<\/div>\n\t\t\t\t<\/div>\n\t\t\t\t<div class=\"elementor-element elementor-element-d61e606 elementor-widget elementor-widget-heading\" data-id=\"d61e606\" data-element_type=\"widget\" data-widget_type=\"heading.default\">\n\t\t\t\t<div class=\"elementor-widget-container\">\n\t\t\t<h3 class=\"elementor-heading-title elementor-size-default\">Technical Training<\/h3>\t\t<\/div>\n\t\t\t\t<\/div>\n\t\t\t\t<div class=\"elementor-element elementor-element-c4c4334 elementor-widget elementor-widget-text-editor\" data-id=\"c4c4334\" data-element_type=\"widget\" data-widget_type=\"text-editor.default\">\n\t\t\t\t<div class=\"elementor-widget-container\">\n\t\t\t\t\t\t\t<div class=\"wpb_text_column wpb_content_element \"><div class=\"wpb_wrapper\"><h3><span style=\"font-size: 14px; font-weight: normal;\">On the last Monday of every month, we offer our dealers a chance to come to our head office for a day\u2019s technical training.\u00a0 We aim to limit numbers so it\u2019s important that you book early.<\/span><\/h3><\/div><\/div><div>\u00a0<\/div><div class=\"vc_empty_space\"><strong>The next session is to be confirmed<\/strong><\/div><div>\u00a0<\/div><div class=\"wpb_text_column wpb_content_element \"><div class=\"wpb_wrapper\"><p>To book a training session, please contact Andrew on\u00a0<strong><a href=\"mailto:sales@Wisperbikes.com\">sales@Wisperbikes.com<\/a><\/strong>\u00a0or Claud on\u00a0<strong><a href=\"mailto:support@Wisperbikes.com\">support@Wisperbikes.com<\/a><\/strong><\/p><\/div><\/div>\t\t\t\t\t\t<\/div>\n\t\t\t\t<\/div>\n\t\t\t\t<div class=\"elementor-element elementor-element-55d96e8 elementor-widget elementor-widget-image\" data-id=\"55d96e8\" data-element_type=\"widget\" data-widget_type=\"image.default\">\n\t\t\t\t<div class=\"elementor-widget-container\">\n\t\t\t\t\t\t\t\t\t\t\t\t\t\t\t<img decoding=\"async\" width=\"768\" height=\"1024\" src=\"https:\/\/wisperbikes.com\/dk\/wp-content\/uploads\/2022\/08\/IMG_0267-768x1024-1-1.jpg\" class=\"attachment-large size-large wp-image-35006\" alt=\"Man discussing about e-bike\" loading=\"lazy\" srcset=\"https:\/\/wisperbikes.com\/dk\/wp-content\/uploads\/2022\/08\/IMG_0267-768x1024-1-1.jpg 768w, https:\/\/wisperbikes.com\/dk\/wp-content\/uploads\/2022\/08\/IMG_0267-768x1024-1-1-225x300.jpg 225w, https:\/\/wisperbikes.com\/dk\/wp-content\/uploads\/2022\/08\/IMG_0267-768x1024-1-1-600x800.jpg 600w\" sizes=\"(max-width: 768px) 100vw, 768px\" \/>\t\t\t\t\t\t\t\t\t\t\t\t\t\t\t<\/div>\n\t\t\t\t<\/div>\n\t\t\t\t\t<\/div>\n\t\t<\/div>\n\t\t\t\t<div class=\"elementor-column elementor-col-50 elementor-inner-column elementor-element elementor-element-a00897a\" data-id=\"a00897a\" data-element_type=\"column\">\n\t\t\t<div class=\"elementor-widget-wrap elementor-element-populated\">\n\t\t\t\t\t\t\t\t<div class=\"elementor-element elementor-element-3a75f5c elementor-widget elementor-widget-heading\" data-id=\"3a75f5c\" data-element_type=\"widget\" data-widget_type=\"heading.default\">\n\t\t\t\t<div class=\"elementor-widget-container\">\n\t\t\t<p class=\"elementor-heading-title elementor-size-default\">Amps Electric Bikes Ltd<\/p>\t\t<\/div>\n\t\t\t\t<\/div>\n\t\t\t\t<div class=\"elementor-element elementor-element-311c893 elementor-widget elementor-widget-text-editor\" data-id=\"311c893\" data-element_type=\"widget\" data-widget_type=\"text-editor.default\">\n\t\t\t\t<div class=\"elementor-widget-container\">\n\t\t\t\t\t\t\t<p>Manufacturers of Wisper Electric Bikes<\/p><p>Unit A7 Chaucer Business Park<br \/>Watery Lane<br \/>Kemsing<br \/>Sevenoaks<br \/>Kent TN15 6PW<\/p><p>Tel: 01732 762 393<\/p><p>Enquiries: <a href=\"mailto:info@wisperbikes.com\/dk\">info@wisperbikes.com\/dk<\/a><\/p><p>Service and support:\u00a0<a href=\"mailto:support@wisperbikes.com\/dk\">support@wisperbikes.com\/dk<\/a><\/p><p>Opening hours 09.00 to 17.00 Monday to Friday<\/p><p>Visits by appointment only, please<\/p>\t\t\t\t\t\t<\/div>\n\t\t\t\t<\/div>\n\t\t\t\t<div class=\"elementor-element elementor-element-4c9a369 elementor-widget elementor-widget-html\" data-id=\"4c9a369\" data-element_type=\"widget\" data-widget_type=\"html.default\">\n\t\t\t\t<div class=\"elementor-widget-container\">\n\t\t\t<iframe src=\"https:\/\/www.google.com\/maps\/embed?pb=!1m14!1m8!1m3!1d39915.89441891695!2d0.248563!3d51.297446!3m2!1i1024!2i768!4f13.1!3m3!1m2!1s0x0%3A0x771d673dee082793!2sWisper%20Electric%20Bikes!5e0!3m2!1sen!2suk!4v1661830626914!5m2!1sen!2suk\" width=\"600\" height=\"450\" style=\"border:0;\" allowfullscreen=\"\" loading=\"lazy\" referrerpolicy=\"no-referrer-when-downgrade\"><\/iframe>\t\t<\/div>\n\t\t\t\t<\/div>\n\t\t\t\t\t<\/div>\n\t\t<\/div>\n\t\t\t\t\t\t\t<\/div>\n\t\t<\/section>\n\t\t\t\t\t<\/div>\n\t\t<\/div>\n\t\t\t\t\t\t\t<\/div>\n\t\t<\/section>\n\t\t\t\t\t\t\t<\/div>\n\t\t","protected":false},"excerpt":{"rendered":"<p>Our aim is to give Wisper customers the best customer service experience in the ebike industry. The Wisper ticketing system is designed to enable you to log any issues with which you need our assistance. It will help us make certain that nothing is missed. After you have clicked on\u00a0\u201cAdd a New Ticket\u201d\u00a0(below) you will&hellip;<\/p>\n","protected":false},"author":279,"featured_media":0,"parent":0,"menu_order":0,"comment_status":"closed","ping_status":"closed","template":"","meta":[],"acf":[],"yoast_head":"<!-- This site is optimized with the Yoast SEO plugin v20.13 - https:\/\/yoast.com\/wordpress\/plugins\/seo\/ -->\n<title>Wisper Bike Support | Fahrradzubeh\u00f6r | Wisper Electric Bikes<\/title>\n<meta name=\"description\" content=\"Vores tekniske supportteam er klar til at hj\u00e6lpe med ops\u00e6tning af din Wisper-cykel eller svare p\u00e5 sp\u00f8rgsm\u00e5l om dens funktioner.\" \/>\n<meta name=\"robots\" content=\"index, follow, max-snippet:-1, max-image-preview:large, max-video-preview:-1\" \/>\n<link rel=\"canonical\" href=\"https:\/\/wisperbikes.com\/dk\/support\/\" \/>\n<meta property=\"og:locale\" content=\"da_DK\" \/>\n<meta property=\"og:type\" content=\"article\" \/>\n<meta property=\"og:title\" content=\"Wisper Bike Support | Fahrradzubeh\u00f6r | Wisper Electric Bikes\" \/>\n<meta property=\"og:description\" content=\"Vores tekniske supportteam er klar til at hj\u00e6lpe med ops\u00e6tning af din Wisper-cykel eller svare p\u00e5 sp\u00f8rgsm\u00e5l om dens funktioner.\" \/>\n<meta property=\"og:url\" content=\"https:\/\/wisperbikes.com\/dk\/support\/\" \/>\n<meta property=\"og:site_name\" content=\"Wisper Bikes\" \/>\n<meta property=\"article:publisher\" content=\"https:\/\/www.facebook.com\/Amps.Bike\/\" \/>\n<meta property=\"article:modified_time\" content=\"2024-04-18T11:49:00+00:00\" \/>\n<meta property=\"og:image\" content=\"https:\/\/wisperbikes.com\/dk\/wp-content\/uploads\/2022\/08\/IMG_0267-768x1024-1-1.jpg\" \/>\n<meta name=\"twitter:card\" content=\"summary_large_image\" \/>\n<meta name=\"twitter:site\" content=\"@wisperebikes\" \/>\n<meta name=\"twitter:label1\" content=\"Estimeret l\u00e6setid\" \/>\n\t<meta name=\"twitter:data1\" content=\"2 minutter\" \/>\n<script type=\"application\/ld+json\" class=\"yoast-schema-graph\">{\"@context\":\"https:\/\/schema.org\",\"@graph\":[{\"@type\":\"WebPage\",\"@id\":\"https:\/\/wisperbikes.com\/dk\/support\/\",\"url\":\"https:\/\/wisperbikes.com\/dk\/support\/\",\"name\":\"Wisper Bike Support | Fahrradzubeh\u00f6r | Wisper Electric Bikes\",\"isPartOf\":{\"@id\":\"https:\/\/wisperbikes.com\/dk\/#website\"},\"datePublished\":\"2017-06-22T09:45:15+00:00\",\"dateModified\":\"2024-04-18T11:49:00+00:00\",\"description\":\"Vores tekniske supportteam er klar til at hj\u00e6lpe med ops\u00e6tning af din Wisper-cykel eller svare p\u00e5 sp\u00f8rgsm\u00e5l om dens funktioner.\",\"breadcrumb\":{\"@id\":\"https:\/\/wisperbikes.com\/dk\/support\/#breadcrumb\"},\"inLanguage\":\"da-DK\",\"potentialAction\":[{\"@type\":\"ReadAction\",\"target\":[\"https:\/\/wisperbikes.com\/dk\/support\/\"]}]},{\"@type\":\"BreadcrumbList\",\"@id\":\"https:\/\/wisperbikes.com\/dk\/support\/#breadcrumb\",\"itemListElement\":[{\"@type\":\"ListItem\",\"position\":1,\"name\":\"Home\",\"item\":\"https:\/\/wisperbikes.com\/dk\/\"},{\"@type\":\"ListItem\",\"position\":2,\"name\":\"Tech Support and Training Days\"}]},{\"@type\":\"WebSite\",\"@id\":\"https:\/\/wisperbikes.com\/dk\/#website\",\"url\":\"https:\/\/wisperbikes.com\/dk\/\",\"name\":\"Wisper Bikes\",\"description\":\"Electric Bikes\",\"publisher\":{\"@id\":\"https:\/\/wisperbikes.com\/dk\/#organization\"},\"potentialAction\":[{\"@type\":\"SearchAction\",\"target\":{\"@type\":\"EntryPoint\",\"urlTemplate\":\"https:\/\/wisperbikes.com\/dk\/?s={search_term_string}\"},\"query-input\":\"required name=search_term_string\"}],\"inLanguage\":\"da-DK\"},{\"@type\":\"Organization\",\"@id\":\"https:\/\/wisperbikes.com\/dk\/#organization\",\"name\":\"Wisper Electric Bikes\",\"alternateName\":\"Wisper E-Bikes\",\"url\":\"https:\/\/wisperbikes.com\/dk\/\",\"logo\":{\"@type\":\"ImageObject\",\"inLanguage\":\"da-DK\",\"@id\":\"https:\/\/wisperbikes.com\/dk\/#\/schema\/logo\/image\/\",\"url\":\"https:\/\/wisperbikes.com\/dk\/wp-content\/uploads\/2021\/06\/WISPER-Logo.png\",\"contentUrl\":\"https:\/\/wisperbikes.com\/dk\/wp-content\/uploads\/2021\/06\/WISPER-Logo.png\",\"width\":250,\"height\":65,\"caption\":\"Wisper Electric Bikes\"},\"image\":{\"@id\":\"https:\/\/wisperbikes.com\/dk\/#\/schema\/logo\/image\/\"},\"sameAs\":[\"https:\/\/www.facebook.com\/Amps.Bike\/\",\"https:\/\/twitter.com\/wisperebikes\",\"https:\/\/www.instagram.com\/wisperbikes\/\"]}]}<\/script>\n<!-- \/ Yoast SEO plugin. -->","yoast_head_json":{"title":"Wisper Bike Support | Fahrradzubeh\u00f6r | Wisper Electric Bikes","description":"Vores tekniske supportteam er klar til at hj\u00e6lpe med ops\u00e6tning af din Wisper-cykel eller svare p\u00e5 sp\u00f8rgsm\u00e5l om dens funktioner.","robots":{"index":"index","follow":"follow","max-snippet":"max-snippet:-1","max-image-preview":"max-image-preview:large","max-video-preview":"max-video-preview:-1"},"canonical":"https:\/\/wisperbikes.com\/dk\/support\/","og_locale":"da_DK","og_type":"article","og_title":"Wisper Bike Support | Fahrradzubeh\u00f6r | Wisper Electric Bikes","og_description":"Vores tekniske supportteam er klar til at hj\u00e6lpe med ops\u00e6tning af din Wisper-cykel eller svare p\u00e5 sp\u00f8rgsm\u00e5l om dens funktioner.","og_url":"https:\/\/wisperbikes.com\/dk\/support\/","og_site_name":"Wisper Bikes","article_publisher":"https:\/\/www.facebook.com\/Amps.Bike\/","article_modified_time":"2024-04-18T11:49:00+00:00","og_image":[{"url":"https:\/\/wisperbikes.com\/dk\/wp-content\/uploads\/2022\/08\/IMG_0267-768x1024-1-1.jpg"}],"twitter_card":"summary_large_image","twitter_site":"@wisperebikes","twitter_misc":{"Estimeret l\u00e6setid":"2 minutter"},"schema":{"@context":"https:\/\/schema.org","@graph":[{"@type":"WebPage","@id":"https:\/\/wisperbikes.com\/dk\/support\/","url":"https:\/\/wisperbikes.com\/dk\/support\/","name":"Wisper Bike Support | Fahrradzubeh\u00f6r | Wisper Electric Bikes","isPartOf":{"@id":"https:\/\/wisperbikes.com\/dk\/#website"},"datePublished":"2017-06-22T09:45:15+00:00","dateModified":"2024-04-18T11:49:00+00:00","description":"Vores tekniske supportteam er klar til at hj\u00e6lpe med ops\u00e6tning af din Wisper-cykel eller svare p\u00e5 sp\u00f8rgsm\u00e5l om dens funktioner.","breadcrumb":{"@id":"https:\/\/wisperbikes.com\/dk\/support\/#breadcrumb"},"inLanguage":"da-DK","potentialAction":[{"@type":"ReadAction","target":["https:\/\/wisperbikes.com\/dk\/support\/"]}]},{"@type":"BreadcrumbList","@id":"https:\/\/wisperbikes.com\/dk\/support\/#breadcrumb","itemListElement":[{"@type":"ListItem","position":1,"name":"Home","item":"https:\/\/wisperbikes.com\/dk\/"},{"@type":"ListItem","position":2,"name":"Tech Support and Training Days"}]},{"@type":"WebSite","@id":"https:\/\/wisperbikes.com\/dk\/#website","url":"https:\/\/wisperbikes.com\/dk\/","name":"Wisper Bikes","description":"Electric Bikes","publisher":{"@id":"https:\/\/wisperbikes.com\/dk\/#organization"},"potentialAction":[{"@type":"SearchAction","target":{"@type":"EntryPoint","urlTemplate":"https:\/\/wisperbikes.com\/dk\/?s={search_term_string}"},"query-input":"required name=search_term_string"}],"inLanguage":"da-DK"},{"@type":"Organization","@id":"https:\/\/wisperbikes.com\/dk\/#organization","name":"Wisper Electric Bikes","alternateName":"Wisper E-Bikes","url":"https:\/\/wisperbikes.com\/dk\/","logo":{"@type":"ImageObject","inLanguage":"da-DK","@id":"https:\/\/wisperbikes.com\/dk\/#\/schema\/logo\/image\/","url":"https:\/\/wisperbikes.com\/dk\/wp-content\/uploads\/2021\/06\/WISPER-Logo.png","contentUrl":"https:\/\/wisperbikes.com\/dk\/wp-content\/uploads\/2021\/06\/WISPER-Logo.png","width":250,"height":65,"caption":"Wisper Electric Bikes"},"image":{"@id":"https:\/\/wisperbikes.com\/dk\/#\/schema\/logo\/image\/"},"sameAs":["https:\/\/www.facebook.com\/Amps.Bike\/","https:\/\/twitter.com\/wisperebikes","https:\/\/www.instagram.com\/wisperbikes\/"]}]}},"_links":{"self":[{"href":"https:\/\/wisperbikes.com\/dk\/wp-json\/wp\/v2\/pages\/24"}],"collection":[{"href":"https:\/\/wisperbikes.com\/dk\/wp-json\/wp\/v2\/pages"}],"about":[{"href":"https:\/\/wisperbikes.com\/dk\/wp-json\/wp\/v2\/types\/page"}],"author":[{"embeddable":true,"href":"https:\/\/wisperbikes.com\/dk\/wp-json\/wp\/v2\/users\/279"}],"replies":[{"embeddable":true,"href":"https:\/\/wisperbikes.com\/dk\/wp-json\/wp\/v2\/comments?post=24"}],"version-history":[{"count":4,"href":"https:\/\/wisperbikes.com\/dk\/wp-json\/wp\/v2\/pages\/24\/revisions"}],"predecessor-version":[{"id":41028,"href":"https:\/\/wisperbikes.com\/dk\/wp-json\/wp\/v2\/pages\/24\/revisions\/41028"}],"wp:attachment":[{"href":"https:\/\/wisperbikes.com\/dk\/wp-json\/wp\/v2\/media?parent=24"}],"curies":[{"name":"wp","href":"https:\/\/api.w.org\/{rel}","templated":true}]}}