{"id":28452,"date":"2020-10-09T11:02:52","date_gmt":"2020-10-09T11:02:52","guid":{"rendered":"https:\/\/wisperbikes.com\/dk\/?page_id=28452"},"modified":"2024-04-17T14:05:09","modified_gmt":"2024-04-17T14:05:09","slug":"classic-manuals","status":"publish","type":"page","link":"https:\/\/wisperbikes.com\/dk\/classic-manuals\/","title":{"rendered":"Classic Manuals"},"content":{"rendered":"\t\t<div data-elementor-type=\"wp-page\" data-elementor-id=\"28452\" class=\"elementor elementor-28452\" data-elementor-post-type=\"page\">\n\t\t\t\t\t\t\t\t\t<section class=\"elementor-section elementor-top-section elementor-element elementor-element-cef026c elementor-section-full_width elementor-section-stretched elementor-section-height-default elementor-section-height-default\" data-id=\"cef026c\" data-element_type=\"section\" data-settings=\"{&quot;stretch_section&quot;:&quot;section-stretched&quot;}\">\n\t\t\t\t\t\t<div class=\"elementor-container elementor-column-gap-default\">\n\t\t\t\t\t<div class=\"elementor-column elementor-col-100 elementor-top-column elementor-element elementor-element-2a6b4f1\" data-id=\"2a6b4f1\" data-element_type=\"column\">\n\t\t\t<div class=\"elementor-widget-wrap elementor-element-populated\">\n\t\t\t\t\t\t\t\t<div class=\"elementor-element elementor-element-ced3092 elementor-widget elementor-widget-heading\" data-id=\"ced3092\" data-element_type=\"widget\" data-widget_type=\"heading.default\">\n\t\t\t\t<div class=\"elementor-widget-container\">\n\t\t\t<h1 class=\"elementor-heading-title elementor-size-large\">Klassiske H\u00e5ndb\u00f8ger<\/h1>\t\t<\/div>\n\t\t\t\t<\/div>\n\t\t\t\t<section class=\"elementor-section elementor-inner-section elementor-element elementor-element-0cb81e3 elementor-section-boxed elementor-section-height-default elementor-section-height-default\" data-id=\"0cb81e3\" data-element_type=\"section\">\n\t\t\t\t\t\t<div class=\"elementor-container elementor-column-gap-default\">\n\t\t\t\t\t<div class=\"elementor-column elementor-col-50 elementor-inner-column elementor-element elementor-element-f6472d8\" data-id=\"f6472d8\" data-element_type=\"column\">\n\t\t\t<div class=\"elementor-widget-wrap elementor-element-populated\">\n\t\t\t\t\t\t\t\t<div class=\"elementor-element elementor-element-af5e86e elementor-widget elementor-widget-image\" data-id=\"af5e86e\" data-element_type=\"widget\" data-widget_type=\"image.default\">\n\t\t\t\t<div class=\"elementor-widget-container\">\n\t\t\t\t\t\t\t\t\t\t\t\t\t\t\t<img decoding=\"async\" width=\"1000\" height=\"714\" src=\"https:\/\/wisperbikes.com\/dk\/wp-content\/uploads\/2022\/09\/13.jpg\" class=\"attachment-large size-large wp-image-35537\" alt=\"Wisper 806 Classic 2013 Model Manual\" loading=\"lazy\" srcset=\"https:\/\/wisperbikes.com\/dk\/wp-content\/uploads\/2022\/09\/13.jpg 1000w, https:\/\/wisperbikes.com\/dk\/wp-content\/uploads\/2022\/09\/13-815x582.jpg 815w, https:\/\/wisperbikes.com\/dk\/wp-content\/uploads\/2022\/09\/13-300x214.jpg 300w, https:\/\/wisperbikes.com\/dk\/wp-content\/uploads\/2022\/09\/13-768x548.jpg 768w\" sizes=\"(max-width: 1000px) 100vw, 1000px\" \/>\t\t\t\t\t\t\t\t\t\t\t\t\t\t\t<\/div>\n\t\t\t\t<\/div>\n\t\t\t\t<div class=\"elementor-element elementor-element-733d069 elementor-align-justify elementor-widget elementor-widget-button\" data-id=\"733d069\" data-element_type=\"widget\" data-widget_type=\"button.default\">\n\t\t\t\t<div class=\"elementor-widget-container\">\n\t\t\t\t\t<div class=\"elementor-button-wrapper\">\n\t\t\t<a class=\"elementor-button elementor-button-link elementor-size-md\" href=\"https:\/\/wisperbikes.com\/dk\/wp-content\/uploads\/2018\/11\/806Classic-Manual.pdf\">\n\t\t\t\t\t\t<span class=\"elementor-button-content-wrapper\">\n\t\t\t\t\t\t<span class=\"elementor-button-text\">Download Wisper 806 Classic Manual 2013 Model<\/span>\n\t\t<\/span>\n\t\t\t\t\t<\/a>\n\t\t<\/div>\n\t\t\t\t<\/div>\n\t\t\t\t<\/div>\n\t\t\t\t\t<\/div>\n\t\t<\/div>\n\t\t\t\t<div class=\"elementor-column elementor-col-50 elementor-inner-column elementor-element elementor-element-2e15501\" data-id=\"2e15501\" data-element_type=\"column\">\n\t\t\t<div class=\"elementor-widget-wrap elementor-element-populated\">\n\t\t\t\t\t\t\t\t<div class=\"elementor-element elementor-element-404ed85 elementor-widget elementor-widget-image\" data-id=\"404ed85\" data-element_type=\"widget\" data-widget_type=\"image.default\">\n\t\t\t\t<div class=\"elementor-widget-container\">\n\t\t\t\t\t\t\t\t\t\t\t\t\t\t\t<img decoding=\"async\" width=\"1000\" height=\"714\" src=\"https:\/\/wisperbikes.com\/dk\/wp-content\/uploads\/2020\/10\/14.jpg\" class=\"attachment-large size-large wp-image-28920\" alt=\"Wisper Owners Manual\" loading=\"lazy\" srcset=\"https:\/\/wisperbikes.com\/dk\/wp-content\/uploads\/2020\/10\/14.jpg 1000w, https:\/\/wisperbikes.com\/dk\/wp-content\/uploads\/2020\/10\/14-815x582.jpg 815w\" sizes=\"(max-width: 1000px) 100vw, 1000px\" \/>\t\t\t\t\t\t\t\t\t\t\t\t\t\t\t<\/div>\n\t\t\t\t<\/div>\n\t\t\t\t<div class=\"elementor-element elementor-element-0f9c717 elementor-align-justify elementor-widget elementor-widget-button\" data-id=\"0f9c717\" data-element_type=\"widget\" data-widget_type=\"button.default\">\n\t\t\t\t<div class=\"elementor-widget-container\">\n\t\t\t\t\t<div class=\"elementor-button-wrapper\">\n\t\t\t<a class=\"elementor-button elementor-button-link elementor-size-md\" href=\"https:\/\/wisperbikes.com\/dk\/wp-content\/uploads\/2018\/11\/705-905Classic-Manual-4.pdf\">\n\t\t\t\t\t\t<span class=\"elementor-button-content-wrapper\">\n\t\t\t\t\t\t<span class=\"elementor-button-text\">Download Wisper 705\/905 Classic Manual 2013 Model<\/span>\n\t\t<\/span>\n\t\t\t\t\t<\/a>\n\t\t<\/div>\n\t\t\t\t<\/div>\n\t\t\t\t<\/div>\n\t\t\t\t\t<\/div>\n\t\t<\/div>\n\t\t\t\t\t\t\t<\/div>\n\t\t<\/section>\n\t\t\t\t<div class=\"elementor-element elementor-element-2588747 elementor-widget elementor-widget-spacer\" data-id=\"2588747\" data-element_type=\"widget\" data-widget_type=\"spacer.default\">\n\t\t\t\t<div class=\"elementor-widget-container\">\n\t\t\t\t\t<div class=\"elementor-spacer\">\n\t\t\t<div class=\"elementor-spacer-inner\"><\/div>\n\t\t<\/div>\n\t\t\t\t<\/div>\n\t\t\t\t<\/div>\n\t\t\t\t<section class=\"elementor-section elementor-inner-section elementor-element elementor-element-b027564 elementor-section-boxed elementor-section-height-default elementor-section-height-default\" data-id=\"b027564\" data-element_type=\"section\">\n\t\t\t\t\t\t<div class=\"elementor-container elementor-column-gap-default\">\n\t\t\t\t\t<div class=\"elementor-column elementor-col-50 elementor-inner-column elementor-element elementor-element-20240a9\" data-id=\"20240a9\" data-element_type=\"column\">\n\t\t\t<div class=\"elementor-widget-wrap elementor-element-populated\">\n\t\t\t\t\t\t\t\t<div class=\"elementor-element elementor-element-ffeecbe elementor-widget elementor-widget-image\" data-id=\"ffeecbe\" data-element_type=\"widget\" data-widget_type=\"image.default\">\n\t\t\t\t<div class=\"elementor-widget-container\">\n\t\t\t\t\t\t\t\t\t\t\t\t\t\t\t<img decoding=\"async\" width=\"1000\" height=\"714\" src=\"https:\/\/wisperbikes.com\/dk\/wp-content\/uploads\/2020\/10\/15.jpg\" class=\"attachment-large size-large wp-image-28921\" alt=\"Wisper Owners Manual\" loading=\"lazy\" srcset=\"https:\/\/wisperbikes.com\/dk\/wp-content\/uploads\/2020\/10\/15.jpg 1000w, https:\/\/wisperbikes.com\/dk\/wp-content\/uploads\/2020\/10\/15-815x582.jpg 815w\" sizes=\"(max-width: 1000px) 100vw, 1000px\" \/>\t\t\t\t\t\t\t\t\t\t\t\t\t\t\t<\/div>\n\t\t\t\t<\/div>\n\t\t\t\t<div class=\"elementor-element elementor-element-6fef6d6 elementor-align-justify elementor-widget elementor-widget-button\" data-id=\"6fef6d6\" data-element_type=\"widget\" data-widget_type=\"button.default\">\n\t\t\t\t<div class=\"elementor-widget-container\">\n\t\t\t\t\t<div class=\"elementor-button-wrapper\">\n\t\t\t<a class=\"elementor-button elementor-button-link elementor-size-md\" href=\"https:\/\/wisperbikes.com\/dk\/wp-content\/uploads\/2018\/11\/929Torque-Manual.pdf\">\n\t\t\t\t\t\t<span class=\"elementor-button-content-wrapper\">\n\t\t\t\t\t\t<span class=\"elementor-button-text\">Download Wisper 929 Torque Manual 2015 Model<\/span>\n\t\t<\/span>\n\t\t\t\t\t<\/a>\n\t\t<\/div>\n\t\t\t\t<\/div>\n\t\t\t\t<\/div>\n\t\t\t\t\t<\/div>\n\t\t<\/div>\n\t\t\t\t<div class=\"elementor-column elementor-col-50 elementor-inner-column elementor-element elementor-element-ca0a009\" data-id=\"ca0a009\" data-element_type=\"column\">\n\t\t\t<div class=\"elementor-widget-wrap elementor-element-populated\">\n\t\t\t\t\t\t\t\t<div class=\"elementor-element elementor-element-51db5c0 elementor-widget elementor-widget-image\" data-id=\"51db5c0\" data-element_type=\"widget\" data-widget_type=\"image.default\">\n\t\t\t\t<div class=\"elementor-widget-container\">\n\t\t\t\t\t\t\t\t\t\t\t\t\t\t\t<img decoding=\"async\" width=\"1000\" height=\"714\" src=\"https:\/\/wisperbikes.com\/dk\/wp-content\/uploads\/2020\/10\/16.jpg\" class=\"attachment-large size-large wp-image-28924\" alt=\"Owners Manual : Operation and Maintenance Instruction\" loading=\"lazy\" srcset=\"https:\/\/wisperbikes.com\/dk\/wp-content\/uploads\/2020\/10\/16.jpg 1000w, https:\/\/wisperbikes.com\/dk\/wp-content\/uploads\/2020\/10\/16-815x582.jpg 815w\" sizes=\"(max-width: 1000px) 100vw, 1000px\" \/>\t\t\t\t\t\t\t\t\t\t\t\t\t\t\t<\/div>\n\t\t\t\t<\/div>\n\t\t\t\t<div class=\"elementor-element elementor-element-c2a2ad4 elementor-align-justify elementor-widget elementor-widget-button\" data-id=\"c2a2ad4\" data-element_type=\"widget\" data-widget_type=\"button.default\">\n\t\t\t\t<div class=\"elementor-widget-container\">\n\t\t\t\t\t<div class=\"elementor-button-wrapper\">\n\t\t\t<a class=\"elementor-button elementor-button-link elementor-size-md\" href=\"https:\/\/wisperbikes.com\/dk\/wp-content\/uploads\/2018\/11\/2010-version-906alpino-20100419.pdf\">\n\t\t\t\t\t\t<span class=\"elementor-button-content-wrapper\">\n\t\t\t\t\t\t<span class=\"elementor-button-text\">Download Wisper 906 Alpino Manual 2010 Model<\/span>\n\t\t<\/span>\n\t\t\t\t\t<\/a>\n\t\t<\/div>\n\t\t\t\t<\/div>\n\t\t\t\t<\/div>\n\t\t\t\t\t<\/div>\n\t\t<\/div>\n\t\t\t\t\t\t\t<\/div>\n\t\t<\/section>\n\t\t\t\t<div class=\"elementor-element elementor-element-442564b elementor-widget elementor-widget-spacer\" data-id=\"442564b\" data-element_type=\"widget\" data-widget_type=\"spacer.default\">\n\t\t\t\t<div class=\"elementor-widget-container\">\n\t\t\t\t\t<div class=\"elementor-spacer\">\n\t\t\t<div class=\"elementor-spacer-inner\"><\/div>\n\t\t<\/div>\n\t\t\t\t<\/div>\n\t\t\t\t<\/div>\n\t\t\t\t<section class=\"elementor-section elementor-inner-section elementor-element elementor-element-0f494f8 elementor-section-boxed elementor-section-height-default elementor-section-height-default\" data-id=\"0f494f8\" data-element_type=\"section\">\n\t\t\t\t\t\t<div class=\"elementor-container elementor-column-gap-default\">\n\t\t\t\t\t<div class=\"elementor-column elementor-col-50 elementor-inner-column elementor-element elementor-element-3a6ab7a\" data-id=\"3a6ab7a\" data-element_type=\"column\">\n\t\t\t<div class=\"elementor-widget-wrap elementor-element-populated\">\n\t\t\t\t\t\t\t\t<div class=\"elementor-element elementor-element-aef7cad elementor-widget elementor-widget-image\" data-id=\"aef7cad\" data-element_type=\"widget\" data-widget_type=\"image.default\">\n\t\t\t\t<div class=\"elementor-widget-container\">\n\t\t\t\t\t\t\t\t\t\t\t\t\t\t\t<img decoding=\"async\" width=\"1000\" height=\"714\" src=\"https:\/\/wisperbikes.com\/dk\/wp-content\/uploads\/2022\/09\/17.jpg\" class=\"attachment-large size-large wp-image-35545\" alt=\"Wisper 805fe Bike Manual\" loading=\"lazy\" srcset=\"https:\/\/wisperbikes.com\/dk\/wp-content\/uploads\/2022\/09\/17.jpg 1000w, https:\/\/wisperbikes.com\/dk\/wp-content\/uploads\/2022\/09\/17-815x582.jpg 815w, https:\/\/wisperbikes.com\/dk\/wp-content\/uploads\/2022\/09\/17-300x214.jpg 300w, https:\/\/wisperbikes.com\/dk\/wp-content\/uploads\/2022\/09\/17-768x548.jpg 768w\" sizes=\"(max-width: 1000px) 100vw, 1000px\" \/>\t\t\t\t\t\t\t\t\t\t\t\t\t\t\t<\/div>\n\t\t\t\t<\/div>\n\t\t\t\t<div class=\"elementor-element elementor-element-4282501 elementor-align-justify elementor-widget elementor-widget-button\" data-id=\"4282501\" data-element_type=\"widget\" data-widget_type=\"button.default\">\n\t\t\t\t<div class=\"elementor-widget-container\">\n\t\t\t\t\t<div class=\"elementor-button-wrapper\">\n\t\t\t<a class=\"elementor-button elementor-button-link elementor-size-md\" href=\"https:\/\/wisperbikes.com\/dk\/wp-content\/uploads\/2018\/11\/2010-version-805fe-manual-20100420.pdf\">\n\t\t\t\t\t\t<span class=\"elementor-button-content-wrapper\">\n\t\t\t\t\t\t<span class=\"elementor-button-text\">Download Wisper 805fe Manual 2010 Model<\/span>\n\t\t<\/span>\n\t\t\t\t\t<\/a>\n\t\t<\/div>\n\t\t\t\t<\/div>\n\t\t\t\t<\/div>\n\t\t\t\t\t<\/div>\n\t\t<\/div>\n\t\t\t\t<div class=\"elementor-column elementor-col-50 elementor-inner-column elementor-element elementor-element-448b832\" data-id=\"448b832\" data-element_type=\"column\">\n\t\t\t<div class=\"elementor-widget-wrap elementor-element-populated\">\n\t\t\t\t\t\t\t\t<div class=\"elementor-element elementor-element-02660b5 elementor-widget elementor-widget-image\" data-id=\"02660b5\" data-element_type=\"widget\" data-widget_type=\"image.default\">\n\t\t\t\t<div class=\"elementor-widget-container\">\n\t\t\t\t\t\t\t\t\t\t\t\t\t\t\t<img decoding=\"async\" width=\"1000\" height=\"714\" src=\"https:\/\/wisperbikes.com\/dk\/wp-content\/uploads\/2020\/10\/18.jpg\" class=\"attachment-large size-large wp-image-28926\" alt=\"Owners Manual : Operation and Maintenance Instructions\" loading=\"lazy\" srcset=\"https:\/\/wisperbikes.com\/dk\/wp-content\/uploads\/2020\/10\/18.jpg 1000w, https:\/\/wisperbikes.com\/dk\/wp-content\/uploads\/2020\/10\/18-815x582.jpg 815w\" sizes=\"(max-width: 1000px) 100vw, 1000px\" \/>\t\t\t\t\t\t\t\t\t\t\t\t\t\t\t<\/div>\n\t\t\t\t<\/div>\n\t\t\t\t<div class=\"elementor-element elementor-element-0a1ed1d elementor-align-justify elementor-widget elementor-widget-button\" data-id=\"0a1ed1d\" data-element_type=\"widget\" data-widget_type=\"button.default\">\n\t\t\t\t<div class=\"elementor-widget-container\">\n\t\t\t\t\t<div class=\"elementor-button-wrapper\">\n\t\t\t<a class=\"elementor-button elementor-button-link elementor-size-md\" href=\"https:\/\/wisperbikes.com\/dk\/wp-content\/uploads\/2018\/11\/2010-version-906alpino-20100419.pdf\">\n\t\t\t\t\t\t<span class=\"elementor-button-content-wrapper\">\n\t\t\t\t\t\t<span class=\"elementor-button-text\">Download Wisper 906 Alpino Manual 2010 Model<\/span>\n\t\t<\/span>\n\t\t\t\t\t<\/a>\n\t\t<\/div>\n\t\t\t\t<\/div>\n\t\t\t\t<\/div>\n\t\t\t\t\t<\/div>\n\t\t<\/div>\n\t\t\t\t\t\t\t<\/div>\n\t\t<\/section>\n\t\t\t\t<div class=\"elementor-element elementor-element-1333f3f elementor-widget elementor-widget-spacer\" data-id=\"1333f3f\" data-element_type=\"widget\" data-widget_type=\"spacer.default\">\n\t\t\t\t<div class=\"elementor-widget-container\">\n\t\t\t\t\t<div class=\"elementor-spacer\">\n\t\t\t<div class=\"elementor-spacer-inner\"><\/div>\n\t\t<\/div>\n\t\t\t\t<\/div>\n\t\t\t\t<\/div>\n\t\t\t\t<section class=\"elementor-section elementor-inner-section elementor-element elementor-element-993af42 elementor-section-boxed elementor-section-height-default elementor-section-height-default\" data-id=\"993af42\" data-element_type=\"section\">\n\t\t\t\t\t\t<div class=\"elementor-container elementor-column-gap-default\">\n\t\t\t\t\t<div class=\"elementor-column elementor-col-50 elementor-inner-column elementor-element elementor-element-8bdc7fe\" data-id=\"8bdc7fe\" data-element_type=\"column\">\n\t\t\t<div class=\"elementor-widget-wrap elementor-element-populated\">\n\t\t\t\t\t\t\t\t<div class=\"elementor-element elementor-element-0f7bd7f elementor-widget elementor-widget-image\" data-id=\"0f7bd7f\" data-element_type=\"widget\" data-widget_type=\"image.default\">\n\t\t\t\t<div class=\"elementor-widget-container\">\n\t\t\t\t\t\t\t\t\t\t\t\t\t\t\t<img decoding=\"async\" width=\"1000\" height=\"714\" src=\"https:\/\/wisperbikes.com\/dk\/wp-content\/uploads\/2020\/10\/19.jpg\" class=\"attachment-large size-large wp-image-28927\" alt=\"Owners Manual Operation and Maintenance Instructions\" loading=\"lazy\" srcset=\"https:\/\/wisperbikes.com\/dk\/wp-content\/uploads\/2020\/10\/19.jpg 1000w, https:\/\/wisperbikes.com\/dk\/wp-content\/uploads\/2020\/10\/19-815x582.jpg 815w\" sizes=\"(max-width: 1000px) 100vw, 1000px\" \/>\t\t\t\t\t\t\t\t\t\t\t\t\t\t\t<\/div>\n\t\t\t\t<\/div>\n\t\t\t\t<div class=\"elementor-element elementor-element-0bdce8a elementor-align-justify elementor-widget elementor-widget-button\" data-id=\"0bdce8a\" data-element_type=\"widget\" data-widget_type=\"button.default\">\n\t\t\t\t<div class=\"elementor-widget-container\">\n\t\t\t\t\t<div class=\"elementor-button-wrapper\">\n\t\t\t<a class=\"elementor-button elementor-button-link elementor-size-md\" href=\"https:\/\/wisperbikes.com\/dk\/wp-content\/uploads\/2018\/11\/2010-version-806-Alpino-rev-aug10-8.pdf\">\n\t\t\t\t\t\t<span class=\"elementor-button-content-wrapper\">\n\t\t\t\t\t\t<span class=\"elementor-button-text\">Download Wisper 806 Alpino Manual 2010 Model<\/span>\n\t\t<\/span>\n\t\t\t\t\t<\/a>\n\t\t<\/div>\n\t\t\t\t<\/div>\n\t\t\t\t<\/div>\n\t\t\t\t\t<\/div>\n\t\t<\/div>\n\t\t\t\t<div class=\"elementor-column elementor-col-50 elementor-inner-column elementor-element elementor-element-3cafb24\" data-id=\"3cafb24\" data-element_type=\"column\">\n\t\t\t<div class=\"elementor-widget-wrap\">\n\t\t\t\t\t\t\t\t\t<\/div>\n\t\t<\/div>\n\t\t\t\t\t\t\t<\/div>\n\t\t<\/section>\n\t\t\t\t\t<\/div>\n\t\t<\/div>\n\t\t\t\t\t\t\t<\/div>\n\t\t<\/section>\n\t\t\t\t<section class=\"elementor-section elementor-top-section elementor-element elementor-element-a473993 elementor-section-boxed elementor-section-height-default elementor-section-height-default\" data-id=\"a473993\" data-element_type=\"section\">\n\t\t\t\t\t\t<div class=\"elementor-container elementor-column-gap-default\">\n\t\t\t\t\t<div class=\"elementor-column elementor-col-100 elementor-top-column elementor-element elementor-element-81af656\" data-id=\"81af656\" data-element_type=\"column\">\n\t\t\t<div class=\"elementor-widget-wrap\">\n\t\t\t\t\t\t\t\t\t<\/div>\n\t\t<\/div>\n\t\t\t\t\t\t\t<\/div>\n\t\t<\/section>\n\t\t\t\t\t\t\t<\/div>\n\t\t","protected":false},"excerpt":{"rendered":"<p>Klassiske H\u00e5ndb\u00f8ger Download Wisper 806 Classic Manual 2013 Model Download Wisper 705\/905 Classic Manual 2013 Model Download Wisper 929 Torque Manual 2015 Model Download Wisper 906 Alpino Manual 2010 Model Download Wisper 805fe Manual 2010 Model Download Wisper 906 Alpino Manual 2010 Model Download Wisper 806 Alpino Manual 2010 Model<\/p>\n","protected":false},"author":279,"featured_media":0,"parent":0,"menu_order":0,"comment_status":"closed","ping_status":"closed","template":"","meta":[],"acf":[],"yoast_head":"<!-- This site is optimized with the Yoast SEO plugin v20.13 - https:\/\/yoast.com\/wordpress\/plugins\/seo\/ -->\n<title>Klassiske Manualer - Wisper Bikes<\/title>\n<meta name=\"description\" content=\"Tag et kig p\u00e5 de forskellige betjeningsvejledninger til Classic Elcyklen. De er tilg\u00e6ngelige til l\u00e6sning og download.\" \/>\n<meta name=\"robots\" content=\"index, follow, max-snippet:-1, max-image-preview:large, max-video-preview:-1\" \/>\n<link rel=\"canonical\" href=\"https:\/\/wisperbikes.com\/dk\/classic-manuals\/\" \/>\n<meta property=\"og:locale\" content=\"da_DK\" \/>\n<meta property=\"og:type\" content=\"article\" \/>\n<meta property=\"og:title\" content=\"Klassiske Manualer - Wisper Bikes\" \/>\n<meta property=\"og:description\" content=\"Tag et kig p\u00e5 de forskellige betjeningsvejledninger til Classic Elcyklen. De er tilg\u00e6ngelige til l\u00e6sning og download.\" \/>\n<meta property=\"og:url\" content=\"https:\/\/wisperbikes.com\/dk\/classic-manuals\/\" \/>\n<meta property=\"og:site_name\" content=\"Wisper Bikes\" \/>\n<meta property=\"article:publisher\" content=\"https:\/\/www.facebook.com\/Amps.Bike\/\" \/>\n<meta property=\"article:modified_time\" content=\"2024-04-17T14:05:09+00:00\" \/>\n<meta property=\"og:image\" content=\"https:\/\/wisperbikes.com\/dk\/wp-content\/uploads\/2022\/09\/13.jpg\" \/>\n<meta name=\"twitter:card\" content=\"summary_large_image\" \/>\n<meta name=\"twitter:site\" content=\"@wisperebikes\" \/>\n<meta name=\"twitter:label1\" content=\"Estimeret l\u00e6setid\" \/>\n\t<meta name=\"twitter:data1\" content=\"2 minutter\" \/>\n<script type=\"application\/ld+json\" class=\"yoast-schema-graph\">{\"@context\":\"https:\/\/schema.org\",\"@graph\":[{\"@type\":\"WebPage\",\"@id\":\"https:\/\/wisperbikes.com\/dk\/classic-manuals\/\",\"url\":\"https:\/\/wisperbikes.com\/dk\/classic-manuals\/\",\"name\":\"Klassiske Manualer - Wisper Bikes\",\"isPartOf\":{\"@id\":\"https:\/\/wisperbikes.com\/dk\/#website\"},\"datePublished\":\"2020-10-09T11:02:52+00:00\",\"dateModified\":\"2024-04-17T14:05:09+00:00\",\"description\":\"Tag et kig p\u00e5 de forskellige betjeningsvejledninger til Classic Elcyklen. De er tilg\u00e6ngelige til l\u00e6sning og download.\",\"breadcrumb\":{\"@id\":\"https:\/\/wisperbikes.com\/dk\/classic-manuals\/#breadcrumb\"},\"inLanguage\":\"da-DK\",\"potentialAction\":[{\"@type\":\"ReadAction\",\"target\":[\"https:\/\/wisperbikes.com\/dk\/classic-manuals\/\"]}]},{\"@type\":\"BreadcrumbList\",\"@id\":\"https:\/\/wisperbikes.com\/dk\/classic-manuals\/#breadcrumb\",\"itemListElement\":[{\"@type\":\"ListItem\",\"position\":1,\"name\":\"Home\",\"item\":\"https:\/\/wisperbikes.com\/dk\/\"},{\"@type\":\"ListItem\",\"position\":2,\"name\":\"Classic Manuals\"}]},{\"@type\":\"WebSite\",\"@id\":\"https:\/\/wisperbikes.com\/dk\/#website\",\"url\":\"https:\/\/wisperbikes.com\/dk\/\",\"name\":\"Wisper Bikes\",\"description\":\"Electric Bikes\",\"publisher\":{\"@id\":\"https:\/\/wisperbikes.com\/dk\/#organization\"},\"potentialAction\":[{\"@type\":\"SearchAction\",\"target\":{\"@type\":\"EntryPoint\",\"urlTemplate\":\"https:\/\/wisperbikes.com\/dk\/?s={search_term_string}\"},\"query-input\":\"required name=search_term_string\"}],\"inLanguage\":\"da-DK\"},{\"@type\":\"Organization\",\"@id\":\"https:\/\/wisperbikes.com\/dk\/#organization\",\"name\":\"Wisper Electric Bikes\",\"alternateName\":\"Wisper E-Bikes\",\"url\":\"https:\/\/wisperbikes.com\/dk\/\",\"logo\":{\"@type\":\"ImageObject\",\"inLanguage\":\"da-DK\",\"@id\":\"https:\/\/wisperbikes.com\/dk\/#\/schema\/logo\/image\/\",\"url\":\"https:\/\/wisperbikes.com\/dk\/wp-content\/uploads\/2021\/06\/WISPER-Logo.png\",\"contentUrl\":\"https:\/\/wisperbikes.com\/dk\/wp-content\/uploads\/2021\/06\/WISPER-Logo.png\",\"width\":250,\"height\":65,\"caption\":\"Wisper Electric Bikes\"},\"image\":{\"@id\":\"https:\/\/wisperbikes.com\/dk\/#\/schema\/logo\/image\/\"},\"sameAs\":[\"https:\/\/www.facebook.com\/Amps.Bike\/\",\"https:\/\/twitter.com\/wisperebikes\",\"https:\/\/www.instagram.com\/wisperbikes\/\"]}]}<\/script>\n<!-- \/ Yoast SEO plugin. -->","yoast_head_json":{"title":"Klassiske Manualer - Wisper Bikes","description":"Tag et kig p\u00e5 de forskellige betjeningsvejledninger til Classic Elcyklen. De er tilg\u00e6ngelige til l\u00e6sning og download.","robots":{"index":"index","follow":"follow","max-snippet":"max-snippet:-1","max-image-preview":"max-image-preview:large","max-video-preview":"max-video-preview:-1"},"canonical":"https:\/\/wisperbikes.com\/dk\/classic-manuals\/","og_locale":"da_DK","og_type":"article","og_title":"Klassiske Manualer - Wisper Bikes","og_description":"Tag et kig p\u00e5 de forskellige betjeningsvejledninger til Classic Elcyklen. De er tilg\u00e6ngelige til l\u00e6sning og download.","og_url":"https:\/\/wisperbikes.com\/dk\/classic-manuals\/","og_site_name":"Wisper Bikes","article_publisher":"https:\/\/www.facebook.com\/Amps.Bike\/","article_modified_time":"2024-04-17T14:05:09+00:00","og_image":[{"url":"https:\/\/wisperbikes.com\/dk\/wp-content\/uploads\/2022\/09\/13.jpg"}],"twitter_card":"summary_large_image","twitter_site":"@wisperebikes","twitter_misc":{"Estimeret l\u00e6setid":"2 minutter"},"schema":{"@context":"https:\/\/schema.org","@graph":[{"@type":"WebPage","@id":"https:\/\/wisperbikes.com\/dk\/classic-manuals\/","url":"https:\/\/wisperbikes.com\/dk\/classic-manuals\/","name":"Klassiske Manualer - Wisper Bikes","isPartOf":{"@id":"https:\/\/wisperbikes.com\/dk\/#website"},"datePublished":"2020-10-09T11:02:52+00:00","dateModified":"2024-04-17T14:05:09+00:00","description":"Tag et kig p\u00e5 de forskellige betjeningsvejledninger til Classic Elcyklen. De er tilg\u00e6ngelige til l\u00e6sning og download.","breadcrumb":{"@id":"https:\/\/wisperbikes.com\/dk\/classic-manuals\/#breadcrumb"},"inLanguage":"da-DK","potentialAction":[{"@type":"ReadAction","target":["https:\/\/wisperbikes.com\/dk\/classic-manuals\/"]}]},{"@type":"BreadcrumbList","@id":"https:\/\/wisperbikes.com\/dk\/classic-manuals\/#breadcrumb","itemListElement":[{"@type":"ListItem","position":1,"name":"Home","item":"https:\/\/wisperbikes.com\/dk\/"},{"@type":"ListItem","position":2,"name":"Classic Manuals"}]},{"@type":"WebSite","@id":"https:\/\/wisperbikes.com\/dk\/#website","url":"https:\/\/wisperbikes.com\/dk\/","name":"Wisper Bikes","description":"Electric Bikes","publisher":{"@id":"https:\/\/wisperbikes.com\/dk\/#organization"},"potentialAction":[{"@type":"SearchAction","target":{"@type":"EntryPoint","urlTemplate":"https:\/\/wisperbikes.com\/dk\/?s={search_term_string}"},"query-input":"required name=search_term_string"}],"inLanguage":"da-DK"},{"@type":"Organization","@id":"https:\/\/wisperbikes.com\/dk\/#organization","name":"Wisper Electric Bikes","alternateName":"Wisper E-Bikes","url":"https:\/\/wisperbikes.com\/dk\/","logo":{"@type":"ImageObject","inLanguage":"da-DK","@id":"https:\/\/wisperbikes.com\/dk\/#\/schema\/logo\/image\/","url":"https:\/\/wisperbikes.com\/dk\/wp-content\/uploads\/2021\/06\/WISPER-Logo.png","contentUrl":"https:\/\/wisperbikes.com\/dk\/wp-content\/uploads\/2021\/06\/WISPER-Logo.png","width":250,"height":65,"caption":"Wisper Electric Bikes"},"image":{"@id":"https:\/\/wisperbikes.com\/dk\/#\/schema\/logo\/image\/"},"sameAs":["https:\/\/www.facebook.com\/Amps.Bike\/","https:\/\/twitter.com\/wisperebikes","https:\/\/www.instagram.com\/wisperbikes\/"]}]}},"_links":{"self":[{"href":"https:\/\/wisperbikes.com\/dk\/wp-json\/wp\/v2\/pages\/28452"}],"collection":[{"href":"https:\/\/wisperbikes.com\/dk\/wp-json\/wp\/v2\/pages"}],"about":[{"href":"https:\/\/wisperbikes.com\/dk\/wp-json\/wp\/v2\/types\/page"}],"author":[{"embeddable":true,"href":"https:\/\/wisperbikes.com\/dk\/wp-json\/wp\/v2\/users\/279"}],"replies":[{"embeddable":true,"href":"https:\/\/wisperbikes.com\/dk\/wp-json\/wp\/v2\/comments?post=28452"}],"version-history":[{"count":7,"href":"https:\/\/wisperbikes.com\/dk\/wp-json\/wp\/v2\/pages\/28452\/revisions"}],"predecessor-version":[{"id":41025,"href":"https:\/\/wisperbikes.com\/dk\/wp-json\/wp\/v2\/pages\/28452\/revisions\/41025"}],"wp:attachment":[{"href":"https:\/\/wisperbikes.com\/dk\/wp-json\/wp\/v2\/media?parent=28452"}],"curies":[{"name":"wp","href":"https:\/\/api.w.org\/{rel}","templated":true}]}}