{"id":308,"date":"2017-12-13T17:06:24","date_gmt":"2017-12-13T17:06:24","guid":{"rendered":"https:\/\/wisperbikes.com\/dk\/?page_id=308"},"modified":"2024-04-17T12:08:59","modified_gmt":"2024-04-17T12:08:59","slug":"become-a-wisper-dealer","status":"publish","type":"page","link":"https:\/\/wisperbikes.com\/dk\/become-a-wisper-dealer\/","title":{"rendered":"Thinking of becoming a Wisper dealer?"},"content":{"rendered":"\t\t<div data-elementor-type=\"wp-page\" data-elementor-id=\"308\" class=\"elementor elementor-308\" data-elementor-post-type=\"page\">\n\t\t\t\t\t\t\t\t\t<section class=\"elementor-section elementor-top-section elementor-element elementor-element-40b363e elementor-section-full_width elementor-section-stretched elementor-section-height-default elementor-section-height-default\" data-id=\"40b363e\" data-element_type=\"section\" data-settings=\"{&quot;stretch_section&quot;:&quot;section-stretched&quot;}\">\n\t\t\t\t\t\t<div class=\"elementor-container elementor-column-gap-default\">\n\t\t\t\t\t<div class=\"elementor-column elementor-col-100 elementor-top-column elementor-element elementor-element-3382d15\" data-id=\"3382d15\" data-element_type=\"column\">\n\t\t\t<div class=\"elementor-widget-wrap elementor-element-populated\">\n\t\t\t\t\t\t\t\t<section class=\"elementor-section elementor-inner-section elementor-element elementor-element-8d7122a elementor-section-boxed elementor-section-height-default elementor-section-height-default\" data-id=\"8d7122a\" data-element_type=\"section\">\n\t\t\t\t\t\t<div class=\"elementor-container elementor-column-gap-default\">\n\t\t\t\t\t<div class=\"elementor-column elementor-col-100 elementor-inner-column elementor-element elementor-element-d0a4f3f\" data-id=\"d0a4f3f\" data-element_type=\"column\">\n\t\t\t<div class=\"elementor-widget-wrap elementor-element-populated\">\n\t\t\t\t\t\t\t\t<div class=\"elementor-element elementor-element-4923fdf elementor-widget elementor-widget-text-editor\" data-id=\"4923fdf\" data-element_type=\"widget\" data-widget_type=\"text-editor.default\">\n\t\t\t\t<div class=\"elementor-widget-container\">\n\t\t\t\t\t\t\t<p><span data-sheets-value=\"{&quot;1&quot;:2,&quot;2&quot;:&quot;Vi er interesseret i at tale med professionelle cykelforhandlere og elcykel specialister&quot;}\" data-sheets-userformat=\"{&quot;2&quot;:15171,&quot;3&quot;:{&quot;1&quot;:0},&quot;4&quot;:{&quot;1&quot;:2,&quot;2&quot;:16777215},&quot;9&quot;:0,&quot;11&quot;:3,&quot;12&quot;:0,&quot;14&quot;:{&quot;1&quot;:2,&quot;2&quot;:0},&quot;15&quot;:&quot;Rubik, sans-serif&quot;,&quot;16&quot;:12}\">Vi er interesseret i at tale med professionelle cykelforhandlere og elcykel specialister<\/span><\/p>\t\t\t\t\t\t<\/div>\n\t\t\t\t<\/div>\n\t\t\t\t<div class=\"elementor-element elementor-element-6014357 elementor-widget elementor-widget-text-editor\" data-id=\"6014357\" data-element_type=\"widget\" data-widget_type=\"text-editor.default\">\n\t\t\t\t<div class=\"elementor-widget-container\">\n\t\t\t\t\t\t\t<p><span data-sheets-value=\"{&quot;1&quot;:2,&quot;2&quot;:&quot;I Storbritannien og Irland&quot;}\" data-sheets-userformat=\"{&quot;2&quot;:15171,&quot;3&quot;:{&quot;1&quot;:0},&quot;4&quot;:{&quot;1&quot;:2,&quot;2&quot;:16777215},&quot;9&quot;:0,&quot;11&quot;:3,&quot;12&quot;:0,&quot;14&quot;:{&quot;1&quot;:2,&quot;2&quot;:0},&quot;15&quot;:&quot;Rubik, sans-serif&quot;,&quot;16&quot;:12}\">I Storbritannien og Irland<\/span><\/p>\t\t\t\t\t\t<\/div>\n\t\t\t\t<\/div>\n\t\t\t\t<div class=\"elementor-element elementor-element-777c1c2 elementor-widget elementor-widget-text-editor\" data-id=\"777c1c2\" data-element_type=\"widget\" data-widget_type=\"text-editor.default\">\n\t\t\t\t<div class=\"elementor-widget-container\">\n\t\t\t\t\t\t\t<p><span data-sheets-value=\"{&quot;1&quot;:2,&quot;2&quot;:&quot;Vi s\u00f8ger f\u00f8rsteklasses og professionelle cykelforhandlere og elektriske cykelspecialister for at g\u00f8re Wisper cykler tilg\u00e6ngelige overalt i Storbritannien. Hvis du er interesseret i at blive en Wisper forhandler, bedes du sende en e-mail til info@wisperbikes.com eller ringe til 01732 762393.&quot;}\" data-sheets-userformat=\"{&quot;2&quot;:15171,&quot;3&quot;:{&quot;1&quot;:0},&quot;4&quot;:{&quot;1&quot;:2,&quot;2&quot;:16777215},&quot;9&quot;:0,&quot;11&quot;:3,&quot;12&quot;:0,&quot;14&quot;:{&quot;1&quot;:2,&quot;2&quot;:0},&quot;15&quot;:&quot;Rubik, sans-serif&quot;,&quot;16&quot;:12}\">Vi s\u00f8ger f\u00f8rsteklasses og professionelle cykelforhandlere og elektriske cykelspecialister for at g\u00f8re Wisper cykler tilg\u00e6ngelige overalt i Storbritannien. Hvis du er interesseret i at blive en Wisper forhandler, bedes du sende en e-mail til <a href=\"mailto:info@wisperbikes.com\">info@wisperbikes.com<\/a> eller ringe til 01732 762393.<\/span><\/p>\t\t\t\t\t\t<\/div>\n\t\t\t\t<\/div>\n\t\t\t\t<div class=\"elementor-element elementor-element-4b2f9b0 elementor-widget elementor-widget-text-editor\" data-id=\"4b2f9b0\" data-element_type=\"widget\" data-widget_type=\"text-editor.default\">\n\t\t\t\t<div class=\"elementor-widget-container\">\n\t\t\t\t\t\t\t<p><span data-sheets-value=\"{&quot;1&quot;:2,&quot;2&quot;:&quot;Europa og resten af verden.&quot;}\" data-sheets-userformat=\"{&quot;2&quot;:15171,&quot;3&quot;:{&quot;1&quot;:0},&quot;4&quot;:{&quot;1&quot;:2,&quot;2&quot;:16777215},&quot;9&quot;:0,&quot;11&quot;:3,&quot;12&quot;:0,&quot;14&quot;:{&quot;1&quot;:2,&quot;2&quot;:0},&quot;15&quot;:&quot;Rubik, sans-serif&quot;,&quot;16&quot;:12}\">Europa og resten af verden.<\/span><\/p>\t\t\t\t\t\t<\/div>\n\t\t\t\t<\/div>\n\t\t\t\t<div class=\"elementor-element elementor-element-7bb23a2 elementor-widget elementor-widget-text-editor\" data-id=\"7bb23a2\" data-element_type=\"widget\" data-widget_type=\"text-editor.default\">\n\t\t\t\t<div class=\"elementor-widget-container\">\n\t\t\t\t\t\t\t<p><span data-sheets-value=\"{&quot;1&quot;:2,&quot;2&quot;:&quot;Vi kr\u00e6ver partnere i Europa og resten af verden for at levere Wisper cykler til cykelforhandlere i deres land eller omr\u00e5de. Hvis du gerne vil diskutere at danne et langvarigt partnerskab med et af de mest erfarne elektriske cykelfirmaer i verden, bedes du sende en e-mail til info@wisperbikes.com eller ringe til +44 1732 762393.&quot;}\" data-sheets-userformat=\"{&quot;2&quot;:15171,&quot;3&quot;:{&quot;1&quot;:0},&quot;4&quot;:{&quot;1&quot;:2,&quot;2&quot;:16777215},&quot;9&quot;:0,&quot;11&quot;:3,&quot;12&quot;:0,&quot;14&quot;:{&quot;1&quot;:2,&quot;2&quot;:0},&quot;15&quot;:&quot;Rubik, sans-serif&quot;,&quot;16&quot;:12}\">Vi kr\u00e6ver partnere i Europa og resten af verden for at levere Wisper cykler til cykelforhandlere i deres land eller omr\u00e5de. Hvis du gerne vil diskutere at danne et langvarigt partnerskab med et af de mest erfarne elektriske cykelfirmaer i verden, bedes du sende en e-mail til <a href=\"mailto:info@wisperbikes.com\">info@wisperbikes.com<\/a> eller ringe til +44 1732 762393.<\/span><\/p><p><span data-sheets-value=\"{&quot;1&quot;:2,&quot;2&quot;:&quot;Vi ser frem til at h\u00f8re fra dig.&quot;}\" data-sheets-userformat=\"{&quot;2&quot;:15171,&quot;3&quot;:{&quot;1&quot;:0},&quot;4&quot;:{&quot;1&quot;:2,&quot;2&quot;:16777215},&quot;9&quot;:0,&quot;11&quot;:3,&quot;12&quot;:0,&quot;14&quot;:{&quot;1&quot;:2,&quot;2&quot;:0},&quot;15&quot;:&quot;Rubik, sans-serif&quot;,&quot;16&quot;:12}\">Vi ser frem til at h\u00f8re fra dig.<\/span><\/p>\t\t\t\t\t\t<\/div>\n\t\t\t\t<\/div>\n\t\t\t\t\t<\/div>\n\t\t<\/div>\n\t\t\t\t\t\t\t<\/div>\n\t\t<\/section>\n\t\t\t\t\t<\/div>\n\t\t<\/div>\n\t\t\t\t\t\t\t<\/div>\n\t\t<\/section>\n\t\t\t\t\t\t\t<\/div>\n\t\t","protected":false},"excerpt":{"rendered":"<p>Vi er interesseret i at tale med professionelle cykelforhandlere og elcykel specialister I Storbritannien og Irland Vi s\u00f8ger f\u00f8rsteklasses og professionelle cykelforhandlere og elektriske cykelspecialister for at g\u00f8re Wisper cykler tilg\u00e6ngelige overalt i Storbritannien. Hvis du er interesseret i at blive en Wisper forhandler, bedes du sende en e-mail til info@wisperbikes.com eller ringe til 01732&hellip;<\/p>\n","protected":false},"author":279,"featured_media":0,"parent":0,"menu_order":0,"comment_status":"closed","ping_status":"closed","template":"","meta":[],"acf":[],"yoast_head":"<!-- This site is optimized with the Yoast SEO plugin v20.13 - https:\/\/yoast.com\/wordpress\/plugins\/seo\/ -->\n<title>Werden Sie Ein Wisper Bikes -H\u00e4ndler | Wisper Elektrofahrr\u00e4der<\/title>\n<meta name=\"description\" content=\"Vi s\u00f8ger f\u00f8rsteklasses og professionelle cykelforhandlere og elektriske cykelspecialister for at stille Wisper -cykler tilg\u00e6ngelige overalt. Ans\u00f8g i dag!\" \/>\n<meta name=\"robots\" content=\"index, follow, max-snippet:-1, max-image-preview:large, max-video-preview:-1\" \/>\n<link rel=\"canonical\" href=\"https:\/\/wisperbikes.com\/dk\/become-a-wisper-dealer\/\" \/>\n<meta property=\"og:locale\" content=\"da_DK\" \/>\n<meta property=\"og:type\" content=\"article\" \/>\n<meta property=\"og:title\" content=\"Werden Sie Ein Wisper Bikes -H\u00e4ndler | Wisper Elektrofahrr\u00e4der\" \/>\n<meta property=\"og:description\" content=\"Vi s\u00f8ger f\u00f8rsteklasses og professionelle cykelforhandlere og elektriske cykelspecialister for at stille Wisper -cykler tilg\u00e6ngelige overalt. Ans\u00f8g i dag!\" \/>\n<meta property=\"og:url\" content=\"https:\/\/wisperbikes.com\/dk\/become-a-wisper-dealer\/\" \/>\n<meta property=\"og:site_name\" content=\"Wisper Bikes\" \/>\n<meta property=\"article:publisher\" content=\"https:\/\/www.facebook.com\/Amps.Bike\/\" \/>\n<meta property=\"article:modified_time\" content=\"2024-04-17T12:08:59+00:00\" \/>\n<meta name=\"twitter:card\" content=\"summary_large_image\" \/>\n<meta name=\"twitter:site\" content=\"@wisperebikes\" \/>\n<meta name=\"twitter:label1\" content=\"Estimeret l\u00e6setid\" \/>\n\t<meta name=\"twitter:data1\" content=\"1 minut\" \/>\n<script type=\"application\/ld+json\" class=\"yoast-schema-graph\">{\"@context\":\"https:\/\/schema.org\",\"@graph\":[{\"@type\":\"WebPage\",\"@id\":\"https:\/\/wisperbikes.com\/dk\/become-a-wisper-dealer\/\",\"url\":\"https:\/\/wisperbikes.com\/dk\/become-a-wisper-dealer\/\",\"name\":\"Werden Sie Ein Wisper Bikes -H\u00e4ndler | Wisper Elektrofahrr\u00e4der\",\"isPartOf\":{\"@id\":\"https:\/\/wisperbikes.com\/dk\/#website\"},\"datePublished\":\"2017-12-13T17:06:24+00:00\",\"dateModified\":\"2024-04-17T12:08:59+00:00\",\"description\":\"Vi s\u00f8ger f\u00f8rsteklasses og professionelle cykelforhandlere og elektriske cykelspecialister for at stille Wisper -cykler tilg\u00e6ngelige overalt. Ans\u00f8g i dag!\",\"breadcrumb\":{\"@id\":\"https:\/\/wisperbikes.com\/dk\/become-a-wisper-dealer\/#breadcrumb\"},\"inLanguage\":\"da-DK\",\"potentialAction\":[{\"@type\":\"ReadAction\",\"target\":[\"https:\/\/wisperbikes.com\/dk\/become-a-wisper-dealer\/\"]}]},{\"@type\":\"BreadcrumbList\",\"@id\":\"https:\/\/wisperbikes.com\/dk\/become-a-wisper-dealer\/#breadcrumb\",\"itemListElement\":[{\"@type\":\"ListItem\",\"position\":1,\"name\":\"Home\",\"item\":\"https:\/\/wisperbikes.com\/dk\/\"},{\"@type\":\"ListItem\",\"position\":2,\"name\":\"Thinking of becoming a Wisper dealer?\"}]},{\"@type\":\"WebSite\",\"@id\":\"https:\/\/wisperbikes.com\/dk\/#website\",\"url\":\"https:\/\/wisperbikes.com\/dk\/\",\"name\":\"Wisper Bikes\",\"description\":\"Electric Bikes\",\"publisher\":{\"@id\":\"https:\/\/wisperbikes.com\/dk\/#organization\"},\"potentialAction\":[{\"@type\":\"SearchAction\",\"target\":{\"@type\":\"EntryPoint\",\"urlTemplate\":\"https:\/\/wisperbikes.com\/dk\/?s={search_term_string}\"},\"query-input\":\"required name=search_term_string\"}],\"inLanguage\":\"da-DK\"},{\"@type\":\"Organization\",\"@id\":\"https:\/\/wisperbikes.com\/dk\/#organization\",\"name\":\"Wisper Electric Bikes\",\"alternateName\":\"Wisper E-Bikes\",\"url\":\"https:\/\/wisperbikes.com\/dk\/\",\"logo\":{\"@type\":\"ImageObject\",\"inLanguage\":\"da-DK\",\"@id\":\"https:\/\/wisperbikes.com\/dk\/#\/schema\/logo\/image\/\",\"url\":\"https:\/\/wisperbikes.com\/dk\/wp-content\/uploads\/2021\/06\/WISPER-Logo.png\",\"contentUrl\":\"https:\/\/wisperbikes.com\/dk\/wp-content\/uploads\/2021\/06\/WISPER-Logo.png\",\"width\":250,\"height\":65,\"caption\":\"Wisper Electric Bikes\"},\"image\":{\"@id\":\"https:\/\/wisperbikes.com\/dk\/#\/schema\/logo\/image\/\"},\"sameAs\":[\"https:\/\/www.facebook.com\/Amps.Bike\/\",\"https:\/\/twitter.com\/wisperebikes\",\"https:\/\/www.instagram.com\/wisperbikes\/\"]}]}<\/script>\n<!-- \/ Yoast SEO plugin. -->","yoast_head_json":{"title":"Werden Sie Ein Wisper Bikes -H\u00e4ndler | Wisper Elektrofahrr\u00e4der","description":"Vi s\u00f8ger f\u00f8rsteklasses og professionelle cykelforhandlere og elektriske cykelspecialister for at stille Wisper -cykler tilg\u00e6ngelige overalt. Ans\u00f8g i dag!","robots":{"index":"index","follow":"follow","max-snippet":"max-snippet:-1","max-image-preview":"max-image-preview:large","max-video-preview":"max-video-preview:-1"},"canonical":"https:\/\/wisperbikes.com\/dk\/become-a-wisper-dealer\/","og_locale":"da_DK","og_type":"article","og_title":"Werden Sie Ein Wisper Bikes -H\u00e4ndler | Wisper Elektrofahrr\u00e4der","og_description":"Vi s\u00f8ger f\u00f8rsteklasses og professionelle cykelforhandlere og elektriske cykelspecialister for at stille Wisper -cykler tilg\u00e6ngelige overalt. Ans\u00f8g i dag!","og_url":"https:\/\/wisperbikes.com\/dk\/become-a-wisper-dealer\/","og_site_name":"Wisper Bikes","article_publisher":"https:\/\/www.facebook.com\/Amps.Bike\/","article_modified_time":"2024-04-17T12:08:59+00:00","twitter_card":"summary_large_image","twitter_site":"@wisperebikes","twitter_misc":{"Estimeret l\u00e6setid":"1 minut"},"schema":{"@context":"https:\/\/schema.org","@graph":[{"@type":"WebPage","@id":"https:\/\/wisperbikes.com\/dk\/become-a-wisper-dealer\/","url":"https:\/\/wisperbikes.com\/dk\/become-a-wisper-dealer\/","name":"Werden Sie Ein Wisper Bikes -H\u00e4ndler | Wisper Elektrofahrr\u00e4der","isPartOf":{"@id":"https:\/\/wisperbikes.com\/dk\/#website"},"datePublished":"2017-12-13T17:06:24+00:00","dateModified":"2024-04-17T12:08:59+00:00","description":"Vi s\u00f8ger f\u00f8rsteklasses og professionelle cykelforhandlere og elektriske cykelspecialister for at stille Wisper -cykler tilg\u00e6ngelige overalt. Ans\u00f8g i dag!","breadcrumb":{"@id":"https:\/\/wisperbikes.com\/dk\/become-a-wisper-dealer\/#breadcrumb"},"inLanguage":"da-DK","potentialAction":[{"@type":"ReadAction","target":["https:\/\/wisperbikes.com\/dk\/become-a-wisper-dealer\/"]}]},{"@type":"BreadcrumbList","@id":"https:\/\/wisperbikes.com\/dk\/become-a-wisper-dealer\/#breadcrumb","itemListElement":[{"@type":"ListItem","position":1,"name":"Home","item":"https:\/\/wisperbikes.com\/dk\/"},{"@type":"ListItem","position":2,"name":"Thinking of becoming a Wisper dealer?"}]},{"@type":"WebSite","@id":"https:\/\/wisperbikes.com\/dk\/#website","url":"https:\/\/wisperbikes.com\/dk\/","name":"Wisper Bikes","description":"Electric Bikes","publisher":{"@id":"https:\/\/wisperbikes.com\/dk\/#organization"},"potentialAction":[{"@type":"SearchAction","target":{"@type":"EntryPoint","urlTemplate":"https:\/\/wisperbikes.com\/dk\/?s={search_term_string}"},"query-input":"required name=search_term_string"}],"inLanguage":"da-DK"},{"@type":"Organization","@id":"https:\/\/wisperbikes.com\/dk\/#organization","name":"Wisper Electric Bikes","alternateName":"Wisper E-Bikes","url":"https:\/\/wisperbikes.com\/dk\/","logo":{"@type":"ImageObject","inLanguage":"da-DK","@id":"https:\/\/wisperbikes.com\/dk\/#\/schema\/logo\/image\/","url":"https:\/\/wisperbikes.com\/dk\/wp-content\/uploads\/2021\/06\/WISPER-Logo.png","contentUrl":"https:\/\/wisperbikes.com\/dk\/wp-content\/uploads\/2021\/06\/WISPER-Logo.png","width":250,"height":65,"caption":"Wisper Electric Bikes"},"image":{"@id":"https:\/\/wisperbikes.com\/dk\/#\/schema\/logo\/image\/"},"sameAs":["https:\/\/www.facebook.com\/Amps.Bike\/","https:\/\/twitter.com\/wisperebikes","https:\/\/www.instagram.com\/wisperbikes\/"]}]}},"_links":{"self":[{"href":"https:\/\/wisperbikes.com\/dk\/wp-json\/wp\/v2\/pages\/308"}],"collection":[{"href":"https:\/\/wisperbikes.com\/dk\/wp-json\/wp\/v2\/pages"}],"about":[{"href":"https:\/\/wisperbikes.com\/dk\/wp-json\/wp\/v2\/types\/page"}],"author":[{"embeddable":true,"href":"https:\/\/wisperbikes.com\/dk\/wp-json\/wp\/v2\/users\/279"}],"replies":[{"embeddable":true,"href":"https:\/\/wisperbikes.com\/dk\/wp-json\/wp\/v2\/comments?post=308"}],"version-history":[{"count":7,"href":"https:\/\/wisperbikes.com\/dk\/wp-json\/wp\/v2\/pages\/308\/revisions"}],"predecessor-version":[{"id":41013,"href":"https:\/\/wisperbikes.com\/dk\/wp-json\/wp\/v2\/pages\/308\/revisions\/41013"}],"wp:attachment":[{"href":"https:\/\/wisperbikes.com\/dk\/wp-json\/wp\/v2\/media?parent=308"}],"curies":[{"name":"wp","href":"https:\/\/api.w.org\/{rel}","templated":true}]}}