{"id":310,"date":"2017-11-13T17:06:51","date_gmt":"2017-11-13T17:06:51","guid":{"rendered":"https:\/\/wisperbikes.com\/dk\/?page_id=310"},"modified":"2024-04-22T15:12:10","modified_gmt":"2024-04-22T15:12:10","slug":"international-distributors","status":"publish","type":"page","link":"https:\/\/wisperbikes.com\/dk\/international-distributors\/","title":{"rendered":"International Distributors"},"content":{"rendered":"\t\t<div data-elementor-type=\"wp-page\" data-elementor-id=\"310\" class=\"elementor elementor-310\" data-elementor-post-type=\"page\">\n\t\t\t\t\t\t\t\t\t<section class=\"elementor-section elementor-top-section elementor-element elementor-element-2607a64 elementor-section-full_width elementor-section-stretched elementor-section-height-default elementor-section-height-default\" data-id=\"2607a64\" data-element_type=\"section\" data-settings=\"{&quot;stretch_section&quot;:&quot;section-stretched&quot;}\">\n\t\t\t\t\t\t<div class=\"elementor-container elementor-column-gap-default\">\n\t\t\t\t\t<div class=\"elementor-column elementor-col-100 elementor-top-column elementor-element elementor-element-aa412ae\" data-id=\"aa412ae\" data-element_type=\"column\">\n\t\t\t<div class=\"elementor-widget-wrap elementor-element-populated\">\n\t\t\t\t\t\t\t\t<section class=\"elementor-section elementor-inner-section elementor-element elementor-element-08d8b68 elementor-section-boxed elementor-section-height-default elementor-section-height-default\" data-id=\"08d8b68\" data-element_type=\"section\">\n\t\t\t\t\t\t<div class=\"elementor-container elementor-column-gap-default\">\n\t\t\t\t\t<div class=\"elementor-column elementor-col-100 elementor-inner-column elementor-element elementor-element-bb6ecf3\" data-id=\"bb6ecf3\" data-element_type=\"column\">\n\t\t\t<div class=\"elementor-widget-wrap elementor-element-populated\">\n\t\t\t\t\t\t\t\t<div class=\"elementor-element elementor-element-651fef4 elementor-widget elementor-widget-heading\" data-id=\"651fef4\" data-element_type=\"widget\" data-widget_type=\"heading.default\">\n\t\t\t\t<div class=\"elementor-widget-container\">\n\t\t\t<h1 class=\"elementor-heading-title elementor-size-large\">Wisper Tilg\u00e6ngelighed<\/h1>\t\t<\/div>\n\t\t\t\t<\/div>\n\t\t\t\t<div class=\"elementor-element elementor-element-73eb67ab elementor-widget elementor-widget-text-editor\" data-id=\"73eb67ab\" data-element_type=\"widget\" data-widget_type=\"text-editor.default\">\n\t\t\t\t<div class=\"elementor-widget-container\">\n\t\t\t\t\t\t\t<div class=\"vc_row wpb_row vc_row-fluid\"><div class=\"wpb_column vc_column_container vc_col-sm-12\"><div class=\"vc_column-inner\"><div class=\"wpb_wrapper\"><div class=\"wpb_text_column wpb_content_element lead\"><div class=\"wpb_wrapper\"><p><span data-sheets-value=\"{&quot;1&quot;:2,&quot;2&quot;:&quot;Wisper Bikes er i \u00f8jeblikket tilg\u00e6ngelige uden for Storbritannien i New Zealand, Holland, Ungarn, Tyskland, Portugal og Danmark. For detaljer, venligst kontakt os.&quot;}\" data-sheets-userformat=\"{&quot;2&quot;:15171,&quot;3&quot;:{&quot;1&quot;:0},&quot;4&quot;:{&quot;1&quot;:2,&quot;2&quot;:16777215},&quot;9&quot;:0,&quot;11&quot;:3,&quot;12&quot;:0,&quot;14&quot;:{&quot;1&quot;:2,&quot;2&quot;:0},&quot;15&quot;:&quot;Rubik, sans-serif&quot;,&quot;16&quot;:12}\">Wisper Bikes er i \u00f8jeblikket tilg\u00e6ngelige uden for Storbritannien i New Zealand, Holland, Ungarn, Tyskland, Portugal og Danmark. For detaljer, venligst kontakt os.<\/span><\/p><\/div><\/div><\/div><\/div><\/div><\/div><div class=\"vc_row wpb_row vc_row-fluid\"><div class=\"wpb_column vc_column_container vc_col-sm-12\"><div class=\"vc_column-inner\"><div class=\"wpb_wrapper\"><div class=\"wpb_text_column wpb_content_element \"><div class=\"wpb_wrapper\"><p><span data-sheets-value=\"{&quot;1&quot;:2,&quot;2&quot;:&quot;Links til hver national side kan findes nedenfor:&quot;}\" data-sheets-userformat=\"{&quot;2&quot;:15171,&quot;3&quot;:{&quot;1&quot;:0},&quot;4&quot;:{&quot;1&quot;:2,&quot;2&quot;:16777215},&quot;9&quot;:0,&quot;11&quot;:3,&quot;12&quot;:0,&quot;14&quot;:{&quot;1&quot;:2,&quot;2&quot;:0},&quot;15&quot;:&quot;Rubik, sans-serif&quot;,&quot;16&quot;:12}\">Links til hver national side kan findes nedenfor:<\/span><\/p><p>Portugal \u2013\u00a0<a href=\"https:\/\/wisperbikes.com\/pt\/\">https:\/\/wisperbikes.com\/pt\/<\/a><\/p><p>New Zealand \u2013\u00a0<a href=\"https:\/\/wisperbikes.com\/nz\/\">https:\/\/wisperbikes.com\/nz\/<\/a><\/p><p>Denmark \u2013\u00a0<a href=\"https:\/\/wisperbikes.com\/dk\/\">https:\/\/wisperbikes.com\/dk\/<\/a><\/p><p>Hungary \u2013\u00a0<a href=\"https:\/\/wisperbikes.com\/hu\/\">https:\/\/wisperbikes.com\/hu\/<\/a><\/p><\/div><\/div><\/div><\/div><\/div><\/div>\t\t\t\t\t\t<\/div>\n\t\t\t\t<\/div>\n\t\t\t\t<div class=\"elementor-element elementor-element-f795728 elementor-widget elementor-widget-heading\" data-id=\"f795728\" data-element_type=\"widget\" data-widget_type=\"heading.default\">\n\t\t\t\t<div class=\"elementor-widget-container\">\n\t\t\t<h2 class=\"elementor-heading-title elementor-size-default\">Distribut\u00f8rer s\u00f8ges<\/h2>\t\t<\/div>\n\t\t\t\t<\/div>\n\t\t\t\t<div class=\"elementor-element elementor-element-b8f19e5 elementor-widget elementor-widget-text-editor\" data-id=\"b8f19e5\" data-element_type=\"widget\" data-widget_type=\"text-editor.default\">\n\t\t\t\t<div class=\"elementor-widget-container\">\n\t\t\t\t\t\t\t<p><span data-sheets-value=\"{&quot;1&quot;:2,&quot;2&quot;:&quot;Vi kr\u00e6ver partnere i Europa og resten af verden til at levere Wisper cykler til cykelhandlere inden for deres land eller territorium. Hvis du gerne vil diskutere at indg\u00e5 et langsigtet partnerskab med en af verdens mest erfarne elektriske cykelvirksomheder, bedes du sende en e-mail til David Miall eller ringe p\u00e5 +44 1732 762393.&quot;}\" data-sheets-userformat=\"{&quot;2&quot;:15171,&quot;3&quot;:{&quot;1&quot;:0},&quot;4&quot;:{&quot;1&quot;:2,&quot;2&quot;:16777215},&quot;9&quot;:0,&quot;11&quot;:3,&quot;12&quot;:0,&quot;14&quot;:{&quot;1&quot;:2,&quot;2&quot;:0},&quot;15&quot;:&quot;Rubik, sans-serif&quot;,&quot;16&quot;:12}\">Vi kr\u00e6ver partnere i Europa og resten af verden til at levere Wisper cykler til cykelhandlere inden for deres land eller territorium. Hvis du gerne vil diskutere at indg\u00e5 et langsigtet partnerskab med en af verdens mest erfarne elektriske cykelvirksomheder, bedes du sende en e-mail til <a href=\"mailto:david@amps.bike\">David Miall<\/a> eller ringe p\u00e5 +44 1732 762393.<\/span><\/p><p><span data-sheets-value=\"{&quot;1&quot;:2,&quot;2&quot;:&quot;Vi ser frem til at h\u00f8re fra dig.&quot;}\" data-sheets-userformat=\"{&quot;2&quot;:15171,&quot;3&quot;:{&quot;1&quot;:0},&quot;4&quot;:{&quot;1&quot;:2,&quot;2&quot;:16777215},&quot;9&quot;:0,&quot;11&quot;:3,&quot;12&quot;:0,&quot;14&quot;:{&quot;1&quot;:2,&quot;2&quot;:0},&quot;15&quot;:&quot;Rubik, sans-serif&quot;,&quot;16&quot;:12}\">Vi ser frem til at h\u00f8re fra dig.<\/span><\/p>\t\t\t\t\t\t<\/div>\n\t\t\t\t<\/div>\n\t\t\t\t\t<\/div>\n\t\t<\/div>\n\t\t\t\t\t\t\t<\/div>\n\t\t<\/section>\n\t\t\t\t\t<\/div>\n\t\t<\/div>\n\t\t\t\t\t\t\t<\/div>\n\t\t<\/section>\n\t\t\t\t\t\t\t<\/div>\n\t\t","protected":false},"excerpt":{"rendered":"<p>Wisper Tilg\u00e6ngelighed Wisper Bikes er i \u00f8jeblikket tilg\u00e6ngelige uden for Storbritannien i New Zealand, Holland, Ungarn, Tyskland, Portugal og Danmark. For detaljer, venligst kontakt os. Links til hver national side kan findes nedenfor: Portugal \u2013\u00a0https:\/\/wisperbikes.com\/pt\/ New Zealand \u2013\u00a0https:\/\/wisperbikes.com\/nz\/ Denmark \u2013\u00a0https:\/\/wisperbikes.com\/dk\/ Hungary \u2013\u00a0https:\/\/wisperbikes.com\/hu\/ Distribut\u00f8rer s\u00f8ges Vi kr\u00e6ver partnere i Europa og resten af verden til at&hellip;<\/p>\n","protected":false},"author":279,"featured_media":0,"parent":0,"menu_order":0,"comment_status":"closed","ping_status":"closed","template":"","meta":[],"acf":[],"yoast_head":"<!-- This site is optimized with the Yoast SEO plugin v20.13 - https:\/\/yoast.com\/wordpress\/plugins\/seo\/ -->\n<title>Wisper Elektriske Cykler Internationale Distribut\u00f8rer og Partnerskab<\/title>\n<meta name=\"description\" content=\"Sp\u00f8rg online i dag efter europ\u00e6iske og globale partnere for at levere Wisper e-cykler til detailhandlere inden for deres region!\" \/>\n<meta name=\"robots\" content=\"index, follow, max-snippet:-1, max-image-preview:large, max-video-preview:-1\" \/>\n<link rel=\"canonical\" href=\"https:\/\/wisperbikes.com\/dk\/international-distributors\/\" \/>\n<meta property=\"og:locale\" content=\"da_DK\" \/>\n<meta property=\"og:type\" content=\"article\" \/>\n<meta property=\"og:title\" content=\"Wisper Elektriske Cykler Internationale Distribut\u00f8rer og Partnerskab\" \/>\n<meta property=\"og:description\" content=\"Sp\u00f8rg online i dag efter europ\u00e6iske og globale partnere for at levere Wisper e-cykler til detailhandlere inden for deres region!\" \/>\n<meta property=\"og:url\" content=\"https:\/\/wisperbikes.com\/dk\/international-distributors\/\" \/>\n<meta property=\"og:site_name\" content=\"Wisper Bikes\" \/>\n<meta property=\"article:publisher\" content=\"https:\/\/www.facebook.com\/Amps.Bike\/\" \/>\n<meta property=\"article:modified_time\" content=\"2024-04-22T15:12:10+00:00\" \/>\n<meta name=\"twitter:card\" content=\"summary_large_image\" \/>\n<meta name=\"twitter:site\" content=\"@wisperebikes\" \/>\n<meta name=\"twitter:label1\" content=\"Estimeret l\u00e6setid\" \/>\n\t<meta name=\"twitter:data1\" content=\"1 minut\" \/>\n<script type=\"application\/ld+json\" class=\"yoast-schema-graph\">{\"@context\":\"https:\/\/schema.org\",\"@graph\":[{\"@type\":\"WebPage\",\"@id\":\"https:\/\/wisperbikes.com\/dk\/international-distributors\/\",\"url\":\"https:\/\/wisperbikes.com\/dk\/international-distributors\/\",\"name\":\"Wisper Elektriske Cykler Internationale Distribut\u00f8rer og Partnerskab\",\"isPartOf\":{\"@id\":\"https:\/\/wisperbikes.com\/dk\/#website\"},\"datePublished\":\"2017-11-13T17:06:51+00:00\",\"dateModified\":\"2024-04-22T15:12:10+00:00\",\"description\":\"Sp\u00f8rg online i dag efter europ\u00e6iske og globale partnere for at levere Wisper e-cykler til detailhandlere inden for deres region!\",\"breadcrumb\":{\"@id\":\"https:\/\/wisperbikes.com\/dk\/international-distributors\/#breadcrumb\"},\"inLanguage\":\"da-DK\",\"potentialAction\":[{\"@type\":\"ReadAction\",\"target\":[\"https:\/\/wisperbikes.com\/dk\/international-distributors\/\"]}]},{\"@type\":\"BreadcrumbList\",\"@id\":\"https:\/\/wisperbikes.com\/dk\/international-distributors\/#breadcrumb\",\"itemListElement\":[{\"@type\":\"ListItem\",\"position\":1,\"name\":\"Home\",\"item\":\"https:\/\/wisperbikes.com\/dk\/\"},{\"@type\":\"ListItem\",\"position\":2,\"name\":\"International Distributors\"}]},{\"@type\":\"WebSite\",\"@id\":\"https:\/\/wisperbikes.com\/dk\/#website\",\"url\":\"https:\/\/wisperbikes.com\/dk\/\",\"name\":\"Wisper Bikes\",\"description\":\"Electric Bikes\",\"publisher\":{\"@id\":\"https:\/\/wisperbikes.com\/dk\/#organization\"},\"potentialAction\":[{\"@type\":\"SearchAction\",\"target\":{\"@type\":\"EntryPoint\",\"urlTemplate\":\"https:\/\/wisperbikes.com\/dk\/?s={search_term_string}\"},\"query-input\":\"required name=search_term_string\"}],\"inLanguage\":\"da-DK\"},{\"@type\":\"Organization\",\"@id\":\"https:\/\/wisperbikes.com\/dk\/#organization\",\"name\":\"Wisper Electric Bikes\",\"alternateName\":\"Wisper E-Bikes\",\"url\":\"https:\/\/wisperbikes.com\/dk\/\",\"logo\":{\"@type\":\"ImageObject\",\"inLanguage\":\"da-DK\",\"@id\":\"https:\/\/wisperbikes.com\/dk\/#\/schema\/logo\/image\/\",\"url\":\"https:\/\/wisperbikes.com\/dk\/wp-content\/uploads\/2021\/06\/WISPER-Logo.png\",\"contentUrl\":\"https:\/\/wisperbikes.com\/dk\/wp-content\/uploads\/2021\/06\/WISPER-Logo.png\",\"width\":250,\"height\":65,\"caption\":\"Wisper Electric Bikes\"},\"image\":{\"@id\":\"https:\/\/wisperbikes.com\/dk\/#\/schema\/logo\/image\/\"},\"sameAs\":[\"https:\/\/www.facebook.com\/Amps.Bike\/\",\"https:\/\/twitter.com\/wisperebikes\",\"https:\/\/www.instagram.com\/wisperbikes\/\"]}]}<\/script>\n<!-- \/ Yoast SEO plugin. -->","yoast_head_json":{"title":"Wisper Elektriske Cykler Internationale Distribut\u00f8rer og Partnerskab","description":"Sp\u00f8rg online i dag efter europ\u00e6iske og globale partnere for at levere Wisper e-cykler til detailhandlere inden for deres region!","robots":{"index":"index","follow":"follow","max-snippet":"max-snippet:-1","max-image-preview":"max-image-preview:large","max-video-preview":"max-video-preview:-1"},"canonical":"https:\/\/wisperbikes.com\/dk\/international-distributors\/","og_locale":"da_DK","og_type":"article","og_title":"Wisper Elektriske Cykler Internationale Distribut\u00f8rer og Partnerskab","og_description":"Sp\u00f8rg online i dag efter europ\u00e6iske og globale partnere for at levere Wisper e-cykler til detailhandlere inden for deres region!","og_url":"https:\/\/wisperbikes.com\/dk\/international-distributors\/","og_site_name":"Wisper Bikes","article_publisher":"https:\/\/www.facebook.com\/Amps.Bike\/","article_modified_time":"2024-04-22T15:12:10+00:00","twitter_card":"summary_large_image","twitter_site":"@wisperebikes","twitter_misc":{"Estimeret l\u00e6setid":"1 minut"},"schema":{"@context":"https:\/\/schema.org","@graph":[{"@type":"WebPage","@id":"https:\/\/wisperbikes.com\/dk\/international-distributors\/","url":"https:\/\/wisperbikes.com\/dk\/international-distributors\/","name":"Wisper Elektriske Cykler Internationale Distribut\u00f8rer og Partnerskab","isPartOf":{"@id":"https:\/\/wisperbikes.com\/dk\/#website"},"datePublished":"2017-11-13T17:06:51+00:00","dateModified":"2024-04-22T15:12:10+00:00","description":"Sp\u00f8rg online i dag efter europ\u00e6iske og globale partnere for at levere Wisper e-cykler til detailhandlere inden for deres region!","breadcrumb":{"@id":"https:\/\/wisperbikes.com\/dk\/international-distributors\/#breadcrumb"},"inLanguage":"da-DK","potentialAction":[{"@type":"ReadAction","target":["https:\/\/wisperbikes.com\/dk\/international-distributors\/"]}]},{"@type":"BreadcrumbList","@id":"https:\/\/wisperbikes.com\/dk\/international-distributors\/#breadcrumb","itemListElement":[{"@type":"ListItem","position":1,"name":"Home","item":"https:\/\/wisperbikes.com\/dk\/"},{"@type":"ListItem","position":2,"name":"International Distributors"}]},{"@type":"WebSite","@id":"https:\/\/wisperbikes.com\/dk\/#website","url":"https:\/\/wisperbikes.com\/dk\/","name":"Wisper Bikes","description":"Electric Bikes","publisher":{"@id":"https:\/\/wisperbikes.com\/dk\/#organization"},"potentialAction":[{"@type":"SearchAction","target":{"@type":"EntryPoint","urlTemplate":"https:\/\/wisperbikes.com\/dk\/?s={search_term_string}"},"query-input":"required name=search_term_string"}],"inLanguage":"da-DK"},{"@type":"Organization","@id":"https:\/\/wisperbikes.com\/dk\/#organization","name":"Wisper Electric Bikes","alternateName":"Wisper E-Bikes","url":"https:\/\/wisperbikes.com\/dk\/","logo":{"@type":"ImageObject","inLanguage":"da-DK","@id":"https:\/\/wisperbikes.com\/dk\/#\/schema\/logo\/image\/","url":"https:\/\/wisperbikes.com\/dk\/wp-content\/uploads\/2021\/06\/WISPER-Logo.png","contentUrl":"https:\/\/wisperbikes.com\/dk\/wp-content\/uploads\/2021\/06\/WISPER-Logo.png","width":250,"height":65,"caption":"Wisper Electric Bikes"},"image":{"@id":"https:\/\/wisperbikes.com\/dk\/#\/schema\/logo\/image\/"},"sameAs":["https:\/\/www.facebook.com\/Amps.Bike\/","https:\/\/twitter.com\/wisperebikes","https:\/\/www.instagram.com\/wisperbikes\/"]}]}},"_links":{"self":[{"href":"https:\/\/wisperbikes.com\/dk\/wp-json\/wp\/v2\/pages\/310"}],"collection":[{"href":"https:\/\/wisperbikes.com\/dk\/wp-json\/wp\/v2\/pages"}],"about":[{"href":"https:\/\/wisperbikes.com\/dk\/wp-json\/wp\/v2\/types\/page"}],"author":[{"embeddable":true,"href":"https:\/\/wisperbikes.com\/dk\/wp-json\/wp\/v2\/users\/279"}],"replies":[{"embeddable":true,"href":"https:\/\/wisperbikes.com\/dk\/wp-json\/wp\/v2\/comments?post=310"}],"version-history":[{"count":13,"href":"https:\/\/wisperbikes.com\/dk\/wp-json\/wp\/v2\/pages\/310\/revisions"}],"predecessor-version":[{"id":41056,"href":"https:\/\/wisperbikes.com\/dk\/wp-json\/wp\/v2\/pages\/310\/revisions\/41056"}],"wp:attachment":[{"href":"https:\/\/wisperbikes.com\/dk\/wp-json\/wp\/v2\/media?parent=310"}],"curies":[{"name":"wp","href":"https:\/\/api.w.org\/{rel}","templated":true}]}}