{"id":32068,"date":"2021-10-01T09:27:09","date_gmt":"2021-10-01T09:27:09","guid":{"rendered":"https:\/\/wisperbikes.com\/dk\/?page_id=32068"},"modified":"2024-04-25T13:25:05","modified_gmt":"2024-04-25T13:25:05","slug":"survey","status":"publish","type":"page","link":"https:\/\/wisperbikes.com\/dk\/survey\/","title":{"rendered":"Survey"},"content":{"rendered":"\t\t<div data-elementor-type=\"wp-page\" data-elementor-id=\"32068\" class=\"elementor elementor-32068\" data-elementor-post-type=\"page\">\n\t\t\t\t\t\t\t\t\t<section class=\"elementor-section elementor-top-section elementor-element elementor-element-7f3c91b elementor-section-full_width elementor-section-stretched elementor-section-height-default elementor-section-height-default\" data-id=\"7f3c91b\" data-element_type=\"section\" data-settings=\"{&quot;stretch_section&quot;:&quot;section-stretched&quot;}\">\n\t\t\t\t\t\t<div class=\"elementor-container elementor-column-gap-default\">\n\t\t\t\t\t<div class=\"elementor-column elementor-col-100 elementor-top-column elementor-element elementor-element-48d7d07\" data-id=\"48d7d07\" data-element_type=\"column\">\n\t\t\t<div class=\"elementor-widget-wrap elementor-element-populated\">\n\t\t\t\t\t\t\t\t<section class=\"elementor-section elementor-inner-section elementor-element elementor-element-1e833b0 elementor-section-boxed elementor-section-height-default elementor-section-height-default\" data-id=\"1e833b0\" data-element_type=\"section\">\n\t\t\t\t\t\t<div class=\"elementor-container elementor-column-gap-default\">\n\t\t\t\t\t<div class=\"elementor-column elementor-col-100 elementor-inner-column elementor-element elementor-element-d2701b6\" data-id=\"d2701b6\" data-element_type=\"column\">\n\t\t\t<div class=\"elementor-widget-wrap elementor-element-populated\">\n\t\t\t\t\t\t\t\t<div class=\"elementor-element elementor-element-5aa47ea elementor-widget elementor-widget-heading\" data-id=\"5aa47ea\" data-element_type=\"widget\" data-widget_type=\"heading.default\">\n\t\t\t\t<div class=\"elementor-widget-container\">\n\t\t\t<h1 class=\"elementor-heading-title elementor-size-default\">Wisper Unders\u00f8gelse<\/h1>\t\t<\/div>\n\t\t\t\t<\/div>\n\t\t\t\t<div class=\"elementor-element elementor-element-3cbe3360 elementor-widget elementor-widget-text-editor\" data-id=\"3cbe3360\" data-element_type=\"widget\" data-widget_type=\"text-editor.default\">\n\t\t\t\t<div class=\"elementor-widget-container\">\n\t\t\t\t\t\t\t<p><script>\n                            if (window.qmn_quiz_data === undefined) {\n                                    window.qmn_quiz_data = new Object();\n                            }\n                    <\/script><script>window.qmn_quiz_data[\"2\"] = {\"quiz_id\":\"2\",\"quiz_name\":\"Survey\",\"disable_answer\":\"0\",\"ajax_show_correct\":\"0\",\"progress_bar\":\"1\",\"contact_info_location\":\"0\",\"qpages\":{\"1\":{\"id\":\"1\",\"quizID\":\"2\",\"pagekey\":\"Wisper\",\"hide_prevbtn\":\"0\"}},\"skip_validation_time_expire\":\"1\",\"timer_limit_val\":0,\"disable_scroll_next_previous_click\":\"0\",\"disable_first_page\":0,\"enable_result_after_timer_end\":\"0\",\"enable_quick_result_mc\":\"0\",\"end_quiz_if_wrong\":\"0\",\"form_disable_autofill\":\"0\",\"disable_mathjax\":0,\"enable_quick_correct_answer_info\":\"0\",\"quick_result_correct_answer_text\":\"Correct! You have selected correct answer.\",\"quick_result_wrong_answer_text\":\"Wrong! You have selected wrong answer.\",\"quiz_processing_message\":\"\",\"not_allow_after_expired_time\":\"\",\"scheduled_time_end\":false,\"error_messages\":{\"email_error_text\":\"Not a valid e-mail address!\",\"number_error_text\":\"This field must be a number!\",\"incorrect_error_text\":\"The entered text is not correct!\",\"empty_error_text\":\"Please complete all required fields!\",\"url_error_text\":\"The entered URL is not valid!\",\"minlength_error_text\":\"Required atleast %minlength% characters.\",\"maxlength_error_text\":\"Maximum %maxlength% characters allowed.\"}}\n                    <\/script><div class='qsm-quiz-container qsm-quiz-container-2 qmn_quiz_container mlw_qmn_quiz  quiz_theme_default  '>\n\t\t\t\t\t<form name=\"quizForm2\" id=\"quizForm2\" action=\"\/dk\/wp-json\/wp\/v2\/pages\/32068\" method=\"POST\" class=\"qsm-quiz-form qmn_quiz_form mlw_quiz_form\" novalidate enctype=\"multipart\/form-data\">\n\t\t\t\t<input type=\"hidden\" name=\"qsm_hidden_questions\" id=\"qsm_hidden_questions\" value=\"\">\n\t\t\t\t<div id=\"mlw_error_message\" class=\"qsm-error-message qmn_error_message_section\"><\/div>\n\t\t\t\t<span id=\"mlw_top_of_quiz\"><\/span>\n\t\t\t\t\t\t\t<section class=\"qsm-page \">\n\t\t\t\t\t\t\t\t<div class=\"quiz_section qsm-question-wrapper question-type-3 question-section-id-14 \" data-qid=\"14\">\n\t\t\t\t\t\t<div class='mlw_qmn_new_question'>Your email address : <\/div>\n\t\t\t<div class='mlw_qmn_question  qsm_remove_bold' >\n\t\t<p><\/p>\n\t<\/div>\n\t\t<input  type=\"text\" class=\"mlw_answer_open_text mlwRequiredText\" name=\"question14\"  \/>\n\t\t\t\t\t\t<\/div>\n\t\t\t\t\t\t\t\t\t<div class=\"quiz_section qsm-question-wrapper question-type-1 question-section-id-1 \" data-qid=\"1\">\n\t\t\t\t\t\t<div class='mlw_qmn_new_question'>Did you manage to contact a Wisper dealer <\/div>\n\t\t\t<div class='mlw_qmn_question  qsm_remove_bold' >\n\t\t<p><\/p>\n\t<\/div>\n\t\t<div class=\"qmn_radio_answers qmn_radio_horizontal_answers mlwRequiredRadio\">\n\t\t\t\t\t\t\t<span class=\"mlw_horizontal_choice  mrq_checkbox_class\">\n\t\t\t\t\t\t<input type=\"radio\" class=\"qmn_quiz_radio qmn-multiple-choice-input\" name=\"question1\" id=\"question1_1\" value=\"0\" \/>\n\t\t\t\t\t\t<label class=\"qsm-input-label\" for=\"question1_1\">\n\t\t\t\t\t\t\tYes\t\t\t\t\t\t<\/label>\n\t\t\t\t\t\t\t\t\t\t\t<\/span>\n\t\t\t\t\t\t\t\t\t\t<span class=\"mlw_horizontal_choice  mrq_checkbox_class\">\n\t\t\t\t\t\t<input type=\"radio\" class=\"qmn_quiz_radio qmn-multiple-choice-input\" name=\"question1\" id=\"question1_2\" value=\"1\" \/>\n\t\t\t\t\t\t<label class=\"qsm-input-label\" for=\"question1_2\">\n\t\t\t\t\t\t\tNo\t\t\t\t\t\t<\/label>\n\t\t\t\t\t\t\t\t\t\t\t<\/span>\n\t\t\t\t\t\t\t\t<input type=\"radio\" style=\"display: none;\" name=\"question1\" id=\"question1_none\" checked=\"checked\" value=\"\" \/>\n\t\t\t\t<\/div>\n\t\t\t\t\t\t<\/div>\n\t\t\t\t\t\t\t\t\t<div class=\"quiz_section qsm-question-wrapper question-type-3 question-section-id-3 \" data-qid=\"3\">\n\t\t\t\t\t\t<div class='mlw_qmn_new_question'>Which Wisper dealer did you contact?\u00a0 <\/div>\n\t\t\t<div class='mlw_qmn_question  qsm_remove_bold' >\n\t\t<p><\/p>\n\t<\/div>\n\t\t<input  type=\"text\" class=\"mlw_answer_open_text mlwRequiredText\" name=\"question3\"  \/>\n\t\t\t\t\t\t<\/div>\n\t\t\t\t\t\t\t\t\t<div class=\"quiz_section qsm-question-wrapper question-type-1 question-section-id-4 \" data-qid=\"4\">\n\t\t\t\t\t\t<div class='mlw_qmn_new_question'>How would you rate the Wisper dealer? (Can we do a choice of 1-10?) <\/div>\n\t\t\t<div class='mlw_qmn_question  qsm_remove_bold' >\n\t\t<p><\/p>\n\t<\/div>\n\t\t<div class=\"qmn_radio_answers qmn_radio_horizontal_answers mlwRequiredRadio\">\n\t\t\t\t\t\t\t<span class=\"mlw_horizontal_choice  mrq_checkbox_class\">\n\t\t\t\t\t\t<input type=\"radio\" class=\"qmn_quiz_radio qmn-multiple-choice-input\" name=\"question4\" id=\"question4_1\" value=\"0\" \/>\n\t\t\t\t\t\t<label class=\"qsm-input-label\" for=\"question4_1\">\n\t\t\t\t\t\t\t1\t\t\t\t\t\t<\/label>\n\t\t\t\t\t\t\t\t\t\t\t<\/span>\n\t\t\t\t\t\t\t\t\t\t<span class=\"mlw_horizontal_choice  mrq_checkbox_class\">\n\t\t\t\t\t\t<input type=\"radio\" class=\"qmn_quiz_radio qmn-multiple-choice-input\" name=\"question4\" id=\"question4_2\" value=\"1\" \/>\n\t\t\t\t\t\t<label class=\"qsm-input-label\" for=\"question4_2\">\n\t\t\t\t\t\t\t2\t\t\t\t\t\t<\/label>\n\t\t\t\t\t\t\t\t\t\t\t<\/span>\n\t\t\t\t\t\t\t\t\t\t<span class=\"mlw_horizontal_choice  mrq_checkbox_class\">\n\t\t\t\t\t\t<input type=\"radio\" class=\"qmn_quiz_radio qmn-multiple-choice-input\" name=\"question4\" id=\"question4_3\" value=\"2\" \/>\n\t\t\t\t\t\t<label class=\"qsm-input-label\" for=\"question4_3\">\n\t\t\t\t\t\t\t3\t\t\t\t\t\t<\/label>\n\t\t\t\t\t\t\t\t\t\t\t<\/span>\n\t\t\t\t\t\t\t\t\t\t<span class=\"mlw_horizontal_choice  mrq_checkbox_class\">\n\t\t\t\t\t\t<input type=\"radio\" class=\"qmn_quiz_radio qmn-multiple-choice-input\" name=\"question4\" id=\"question4_4\" value=\"3\" \/>\n\t\t\t\t\t\t<label class=\"qsm-input-label\" for=\"question4_4\">\n\t\t\t\t\t\t\t4\t\t\t\t\t\t<\/label>\n\t\t\t\t\t\t\t\t\t\t\t<\/span>\n\t\t\t\t\t\t\t\t\t\t<span class=\"mlw_horizontal_choice  mrq_checkbox_class\">\n\t\t\t\t\t\t<input type=\"radio\" class=\"qmn_quiz_radio qmn-multiple-choice-input\" name=\"question4\" id=\"question4_5\" value=\"4\" \/>\n\t\t\t\t\t\t<label class=\"qsm-input-label\" for=\"question4_5\">\n\t\t\t\t\t\t\t5\t\t\t\t\t\t<\/label>\n\t\t\t\t\t\t\t\t\t\t\t<\/span>\n\t\t\t\t\t\t\t\t\t\t<span class=\"mlw_horizontal_choice  mrq_checkbox_class\">\n\t\t\t\t\t\t<input type=\"radio\" class=\"qmn_quiz_radio qmn-multiple-choice-input\" name=\"question4\" id=\"question4_6\" value=\"5\" \/>\n\t\t\t\t\t\t<label class=\"qsm-input-label\" for=\"question4_6\">\n\t\t\t\t\t\t\t6\t\t\t\t\t\t<\/label>\n\t\t\t\t\t\t\t\t\t\t\t<\/span>\n\t\t\t\t\t\t\t\t\t\t<span class=\"mlw_horizontal_choice  mrq_checkbox_class\">\n\t\t\t\t\t\t<input type=\"radio\" class=\"qmn_quiz_radio qmn-multiple-choice-input\" name=\"question4\" id=\"question4_7\" value=\"6\" \/>\n\t\t\t\t\t\t<label class=\"qsm-input-label\" for=\"question4_7\">\n\t\t\t\t\t\t\t7\t\t\t\t\t\t<\/label>\n\t\t\t\t\t\t\t\t\t\t\t<\/span>\n\t\t\t\t\t\t\t\t\t\t<span class=\"mlw_horizontal_choice  mrq_checkbox_class\">\n\t\t\t\t\t\t<input type=\"radio\" class=\"qmn_quiz_radio qmn-multiple-choice-input\" name=\"question4\" id=\"question4_8\" value=\"7\" \/>\n\t\t\t\t\t\t<label class=\"qsm-input-label\" for=\"question4_8\">\n\t\t\t\t\t\t\t8\t\t\t\t\t\t<\/label>\n\t\t\t\t\t\t\t\t\t\t\t<\/span>\n\t\t\t\t\t\t\t\t\t\t<span class=\"mlw_horizontal_choice  mrq_checkbox_class\">\n\t\t\t\t\t\t<input type=\"radio\" class=\"qmn_quiz_radio qmn-multiple-choice-input\" name=\"question4\" id=\"question4_9\" value=\"8\" \/>\n\t\t\t\t\t\t<label class=\"qsm-input-label\" for=\"question4_9\">\n\t\t\t\t\t\t\t9\t\t\t\t\t\t<\/label>\n\t\t\t\t\t\t\t\t\t\t\t<\/span>\n\t\t\t\t\t\t\t\t\t\t<span class=\"mlw_horizontal_choice  mrq_checkbox_class\">\n\t\t\t\t\t\t<input type=\"radio\" class=\"qmn_quiz_radio qmn-multiple-choice-input\" name=\"question4\" id=\"question4_10\" value=\"9\" \/>\n\t\t\t\t\t\t<label class=\"qsm-input-label\" for=\"question4_10\">\n\t\t\t\t\t\t\t10\t\t\t\t\t\t<\/label>\n\t\t\t\t\t\t\t\t\t\t\t<\/span>\n\t\t\t\t\t\t\t\t<input type=\"radio\" style=\"display: none;\" name=\"question4\" id=\"question4_none\" checked=\"checked\" value=\"\" \/>\n\t\t\t\t<\/div>\n\t\t\t\t\t\t<\/div>\n\t\t\t\t\t\t\t\t\t<div class=\"quiz_section qsm-question-wrapper question-type-5 question-section-id-5 \" data-qid=\"5\">\n\t\t\t\t\t\t<div class='mlw_qmn_new_question'>Do you have any comments regarding the Wisper dealer? <\/div>\n\t\t\t<div class='mlw_qmn_question  qsm_remove_bold' >\n\t\t<p><\/p>\n\t<\/div>\n\t\t<textarea class=\"mlw_answer_open_text mlwRequiredText\" cols=\"70\" rows=\"5\" name=\"question5\"  \/><\/textarea>\n\t\t\t\t\t\t<\/div>\n\t\t\t\t\t\t\t\t\t<div class=\"quiz_section qsm-question-wrapper question-type-0 question-section-id-6 \" data-qid=\"6\">\n\t\t\t\t\t\t<div class='mlw_qmn_new_question'>Did the dealer have the bike you requested in stock? <\/div>\n\t\t\t<div class='mlw_qmn_question  qsm_remove_bold' >\n\t\t<p><\/p>\n\t<\/div>\n\t\t<div class='qmn_radio_answers mlwRequiredRadio'>\n\t\t\t\t\t\t\t\t<div class=\"qmn_mc_answer_wrap  mrq_checkbox_class\" id=\"question6-1 \">\n\t\t\t\t\t\t\t\t\t\t\t<input type='radio' class='qmn_quiz_radio qmn-multiple-choice-input' name=\"question6\" id=\"question6_1\" value=\"0\" \/>\n\t\t\t\t\t<label class=\"qsm-input-label\" for=\"question6_1\">\n\t\t\t\t\tYes\t\t\t\t\t<\/label>\n\t\t\t\t\t \t\t\t\t<\/div>\n\t\t\t\t\t\t\t\t\t\t\t<div class=\"qmn_mc_answer_wrap  mrq_checkbox_class\" id=\"question6-2 \">\n\t\t\t\t\t\t\t\t\t\t\t<input type='radio' class='qmn_quiz_radio qmn-multiple-choice-input' name=\"question6\" id=\"question6_2\" value=\"1\" \/>\n\t\t\t\t\t<label class=\"qsm-input-label\" for=\"question6_2\">\n\t\t\t\t\tNo\t\t\t\t\t<\/label>\n\t\t\t\t\t \t\t\t\t<\/div>\n\t\t\t\t\t\t\t\t<input type=\"radio\" style=\"display: none;\" name=\"question6\" id=\"question6_none\" checked=\"checked\" value=\"\" \/>\n\t\t\t\t<\/div>\n\t\t\t\t\t\t<\/div>\n\t\t\t\t\t\t\t\t\t<div class=\"quiz_section qsm-question-wrapper question-type-0 question-section-id-7 \" data-qid=\"7\">\n\t\t\t\t\t\t<div class='mlw_qmn_new_question'>Were you offered a test ride? <\/div>\n\t\t\t<div class='mlw_qmn_question  qsm_remove_bold' >\n\t\t<p><\/p>\n\t<\/div>\n\t\t<div class='qmn_radio_answers mlwRequiredRadio'>\n\t\t\t\t\t\t\t\t<div class=\"qmn_mc_answer_wrap  mrq_checkbox_class\" id=\"question7-1 \">\n\t\t\t\t\t\t\t\t\t\t\t<input type='radio' class='qmn_quiz_radio qmn-multiple-choice-input' name=\"question7\" id=\"question7_1\" value=\"0\" \/>\n\t\t\t\t\t<label class=\"qsm-input-label\" for=\"question7_1\">\n\t\t\t\t\tYes\t\t\t\t\t<\/label>\n\t\t\t\t\t \t\t\t\t<\/div>\n\t\t\t\t\t\t\t\t\t\t\t<div class=\"qmn_mc_answer_wrap  mrq_checkbox_class\" id=\"question7-2 \">\n\t\t\t\t\t\t\t\t\t\t\t<input type='radio' class='qmn_quiz_radio qmn-multiple-choice-input' name=\"question7\" id=\"question7_2\" value=\"1\" \/>\n\t\t\t\t\t<label class=\"qsm-input-label\" for=\"question7_2\">\n\t\t\t\t\tNo\t\t\t\t\t<\/label>\n\t\t\t\t\t \t\t\t\t<\/div>\n\t\t\t\t\t\t\t\t<input type=\"radio\" style=\"display: none;\" name=\"question7\" id=\"question7_none\" checked=\"checked\" value=\"\" \/>\n\t\t\t\t<\/div>\n\t\t\t\t\t\t<\/div>\n\t\t\t\t\t\t\t\t\t<div class=\"quiz_section qsm-question-wrapper question-type-0 question-section-id-11 \" data-qid=\"11\">\n\t\t\t\t\t\t<div class='mlw_qmn_new_question'>Did you purchase a Wisper? <\/div>\n\t\t\t<div class='mlw_qmn_question  qsm_remove_bold' >\n\t\t<p><\/p>\n\t<\/div>\n\t\t<div class='qmn_radio_answers mlwRequiredRadio'>\n\t\t\t\t\t\t\t\t<div class=\"qmn_mc_answer_wrap  mrq_checkbox_class\" id=\"question11-1 \">\n\t\t\t\t\t\t\t\t\t\t\t<input type='radio' class='qmn_quiz_radio qmn-multiple-choice-input' name=\"question11\" id=\"question11_1\" value=\"0\" \/>\n\t\t\t\t\t<label class=\"qsm-input-label\" for=\"question11_1\">\n\t\t\t\t\tYes\t\t\t\t\t<\/label>\n\t\t\t\t\t \t\t\t\t<\/div>\n\t\t\t\t\t\t\t\t\t\t\t<div class=\"qmn_mc_answer_wrap  mrq_checkbox_class\" id=\"question11-2 \">\n\t\t\t\t\t\t\t\t\t\t\t<input type='radio' class='qmn_quiz_radio qmn-multiple-choice-input' name=\"question11\" id=\"question11_2\" value=\"1\" \/>\n\t\t\t\t\t<label class=\"qsm-input-label\" for=\"question11_2\">\n\t\t\t\t\tNo\t\t\t\t\t<\/label>\n\t\t\t\t\t \t\t\t\t<\/div>\n\t\t\t\t\t\t\t\t<input type=\"radio\" style=\"display: none;\" name=\"question11\" id=\"question11_none\" checked=\"checked\" value=\"\" \/>\n\t\t\t\t<\/div>\n\t\t\t\t\t\t<\/div>\n\t\t\t\t\t\t\t\t\t<div class=\"quiz_section qsm-question-wrapper question-type-3 question-section-id-12 \" data-qid=\"12\">\n\t\t\t\t\t\t<div class='mlw_qmn_new_question'>If not which brand did you buy? <\/div>\n\t\t\t<div class='mlw_qmn_question  qsm_remove_bold' >\n\t\t<p><\/p>\n\t<\/div>\n\t\t<input  type=\"text\" class=\"mlw_answer_open_text \" name=\"question12\"  \/>\n\t\t\t\t\t\t<\/div>\n\t\t\t\t\t\t\t\t\t<div class=\"quiz_section qsm-question-wrapper question-type-5 question-section-id-13 \" data-qid=\"13\">\n\t\t\t\t\t\t<div class='mlw_qmn_new_question'>Any other comments: <\/div>\n\t\t\t<div class='mlw_qmn_question  qsm_remove_bold' >\n\t\t<p><\/p>\n\t<\/div>\n\t\t<textarea class=\"mlw_answer_open_text \" cols=\"70\" rows=\"5\" name=\"question13\"  \/><\/textarea>\n\t\t\t\t\t\t<\/div>\n\t\t\t\t\t\t\t<\/section>\n\t\t\t\t\t<input type=\"hidden\" name=\"qmn_question_list\" value=\"14Q1Q3Q4Q5Q6Q7Q11Q12Q13Q\" \/>\n\t\t\t\t\t\t<div id=\"mlw_error_message_bottom\" class=\"qsm-error-message qmn_error_message_section\"><\/div>\n\t\t\t\t\t<input type=\"hidden\" name=\"qmn_all_questions_count\" id=\"qmn_all_questions_count\" value=\"10\" \/>\n\t\t\t\t\t<input type=\"hidden\" name=\"total_questions\" id=\"total_questions\" value=\"10\" \/>\n\t\t\t\t\t<input type=\"hidden\" name=\"timer\" id=\"timer\" value=\"0\" \/>\n\t\t\t\t\t<input type=\"hidden\" name=\"timer_ms\" id=\"timer_ms\" value=\"0\"\/>\n\t\t\t\t\t<input type=\"hidden\" class=\"qmn_quiz_id\" name=\"qmn_quiz_id\" id=\"qmn_quiz_id\" value=\"2\" \/>\n\t\t\t\t\t<input type='hidden' name='complete_quiz' value='confirmation' \/>\n\t\t\t\t\t\t\t\t\t<\/form>\n\t\t<\/div>\n\t\t<div style=\"display: none;\" class=\"qsm-popup qsm-popup-slide\" id=\"modal-3\" aria-hidden=\"false\"><div class=\"qsm-popup__overlay\" tabindex=\"-1\" data-micromodal-close=\"\"><div class=\"qsm-popup__container qmn_quiz_container\" role=\"dialog\" aria-modal=\"true\"><div class=\"qsm-popup__content\"><img decoding=\"async\" src=\"https:\/\/wisperbikes.com\/dk\/wp-content\/plugins\/quiz-master-next\/assets\/clock.png\" alt=\"clock.png\"\/><p class=\"qsm-time-up-text\">Time is Up!<\/p><\/div><footer class=\"qsm-popup__footer\"><button class=\"qsm-popup-secondary-button qmn_btn\" data-micromodal-close=\"\" aria-label=\"Close this dialog window\">Cancel<\/button><button data-quiz_id=\"2\" class=\"submit-the-form qmn_btn\">Submit Quiz<\/button><\/footer><\/div><\/div><\/div><div style=\"display: none;\" class=\"qsm-popup qsm-popup-slide\" id=\"modal-4\" aria-hidden=\"false\"><div class=\"qsm-popup__overlay\" tabindex=\"-1\" data-micromodal-close=\"\"><div class=\"qsm-popup__container qmn_quiz_container\" role=\"dialog\" aria-modal=\"true\"><div class=\"qsm-popup__content\"><img decoding=\"async\" src=\"https:\/\/wisperbikes.com\/dk\/wp-content\/plugins\/quiz-master-next\/assets\/clock.png\" alt=\"clock.png\"\/><p class=\"qsm-time-up-text\"> Time&#8217;s up<\/p><\/div><footer class=\"qsm-popup__footer\"><button class=\"qsm-popup-secondary-button qmn_btn\" data-micromodal-close=\"\" aria-label=\"Close this dialog window\" onclick=\"location.reload();\">Cancel<\/button><\/footer><\/div><\/div><\/div><\/p>\t\t\t\t\t\t<\/div>\n\t\t\t\t<\/div>\n\t\t\t\t\t<\/div>\n\t\t<\/div>\n\t\t\t\t\t\t\t<\/div>\n\t\t<\/section>\n\t\t\t\t\t<\/div>\n\t\t<\/div>\n\t\t\t\t\t\t\t<\/div>\n\t\t<\/section>\n\t\t\t\t\t\t\t<\/div>\n\t\t","protected":false},"excerpt":{"rendered":"<p>Wisper Unders\u00f8gelse<\/p>\n","protected":false},"author":279,"featured_media":0,"parent":0,"menu_order":0,"comment_status":"closed","ping_status":"closed","template":"","meta":[],"acf":[],"yoast_head":"<!-- This site is optimized with the Yoast SEO plugin v20.13 - https:\/\/yoast.com\/wordpress\/plugins\/seo\/ -->\n<title>Wisper Electric Bikes Survey: Del din oplevelse og feedback!<\/title>\n<meta name=\"description\" content=\"Hj\u00e6lp os med at forbedre din rideoplevelse! Tag Wisper Electric Bikes-unders\u00f8gelsen for at give v\u00e6rdifuld feedback om din cykels ydeevne og komfort.\" \/>\n<meta name=\"robots\" content=\"index, follow, max-snippet:-1, max-image-preview:large, max-video-preview:-1\" \/>\n<link rel=\"canonical\" href=\"https:\/\/wisperbikes.com\/dk\/survey\/\" \/>\n<meta property=\"og:locale\" content=\"da_DK\" \/>\n<meta property=\"og:type\" content=\"article\" \/>\n<meta property=\"og:title\" content=\"Wisper Electric Bikes Survey: Del din oplevelse og feedback!\" \/>\n<meta property=\"og:description\" content=\"Hj\u00e6lp os med at forbedre din rideoplevelse! Tag Wisper Electric Bikes-unders\u00f8gelsen for at give v\u00e6rdifuld feedback om din cykels ydeevne og komfort.\" \/>\n<meta property=\"og:url\" content=\"https:\/\/wisperbikes.com\/dk\/survey\/\" \/>\n<meta property=\"og:site_name\" content=\"Wisper Bikes\" \/>\n<meta property=\"article:publisher\" content=\"https:\/\/www.facebook.com\/Amps.Bike\/\" \/>\n<meta property=\"article:modified_time\" content=\"2024-04-25T13:25:05+00:00\" \/>\n<meta name=\"twitter:card\" content=\"summary_large_image\" \/>\n<meta name=\"twitter:site\" content=\"@wisperebikes\" \/>\n<meta name=\"twitter:label1\" content=\"Estimeret l\u00e6setid\" \/>\n\t<meta name=\"twitter:data1\" content=\"1 minut\" \/>\n<script type=\"application\/ld+json\" class=\"yoast-schema-graph\">{\"@context\":\"https:\/\/schema.org\",\"@graph\":[{\"@type\":\"WebPage\",\"@id\":\"https:\/\/wisperbikes.com\/dk\/survey\/\",\"url\":\"https:\/\/wisperbikes.com\/dk\/survey\/\",\"name\":\"Wisper Electric Bikes Survey: Del din oplevelse og feedback!\",\"isPartOf\":{\"@id\":\"https:\/\/wisperbikes.com\/dk\/#website\"},\"datePublished\":\"2021-10-01T09:27:09+00:00\",\"dateModified\":\"2024-04-25T13:25:05+00:00\",\"description\":\"Hj\u00e6lp os med at forbedre din rideoplevelse! Tag Wisper Electric Bikes-unders\u00f8gelsen for at give v\u00e6rdifuld feedback om din cykels ydeevne og komfort.\",\"breadcrumb\":{\"@id\":\"https:\/\/wisperbikes.com\/dk\/survey\/#breadcrumb\"},\"inLanguage\":\"da-DK\",\"potentialAction\":[{\"@type\":\"ReadAction\",\"target\":[\"https:\/\/wisperbikes.com\/dk\/survey\/\"]}]},{\"@type\":\"BreadcrumbList\",\"@id\":\"https:\/\/wisperbikes.com\/dk\/survey\/#breadcrumb\",\"itemListElement\":[{\"@type\":\"ListItem\",\"position\":1,\"name\":\"Home\",\"item\":\"https:\/\/wisperbikes.com\/dk\/\"},{\"@type\":\"ListItem\",\"position\":2,\"name\":\"Survey\"}]},{\"@type\":\"WebSite\",\"@id\":\"https:\/\/wisperbikes.com\/dk\/#website\",\"url\":\"https:\/\/wisperbikes.com\/dk\/\",\"name\":\"Wisper Bikes\",\"description\":\"Electric Bikes\",\"publisher\":{\"@id\":\"https:\/\/wisperbikes.com\/dk\/#organization\"},\"potentialAction\":[{\"@type\":\"SearchAction\",\"target\":{\"@type\":\"EntryPoint\",\"urlTemplate\":\"https:\/\/wisperbikes.com\/dk\/?s={search_term_string}\"},\"query-input\":\"required name=search_term_string\"}],\"inLanguage\":\"da-DK\"},{\"@type\":\"Organization\",\"@id\":\"https:\/\/wisperbikes.com\/dk\/#organization\",\"name\":\"Wisper Electric Bikes\",\"alternateName\":\"Wisper E-Bikes\",\"url\":\"https:\/\/wisperbikes.com\/dk\/\",\"logo\":{\"@type\":\"ImageObject\",\"inLanguage\":\"da-DK\",\"@id\":\"https:\/\/wisperbikes.com\/dk\/#\/schema\/logo\/image\/\",\"url\":\"https:\/\/wisperbikes.com\/dk\/wp-content\/uploads\/2021\/06\/WISPER-Logo.png\",\"contentUrl\":\"https:\/\/wisperbikes.com\/dk\/wp-content\/uploads\/2021\/06\/WISPER-Logo.png\",\"width\":250,\"height\":65,\"caption\":\"Wisper Electric Bikes\"},\"image\":{\"@id\":\"https:\/\/wisperbikes.com\/dk\/#\/schema\/logo\/image\/\"},\"sameAs\":[\"https:\/\/www.facebook.com\/Amps.Bike\/\",\"https:\/\/twitter.com\/wisperebikes\",\"https:\/\/www.instagram.com\/wisperbikes\/\"]}]}<\/script>\n<!-- \/ Yoast SEO plugin. -->","yoast_head_json":{"title":"Wisper Electric Bikes Survey: Del din oplevelse og feedback!","description":"Hj\u00e6lp os med at forbedre din rideoplevelse! Tag Wisper Electric Bikes-unders\u00f8gelsen for at give v\u00e6rdifuld feedback om din cykels ydeevne og komfort.","robots":{"index":"index","follow":"follow","max-snippet":"max-snippet:-1","max-image-preview":"max-image-preview:large","max-video-preview":"max-video-preview:-1"},"canonical":"https:\/\/wisperbikes.com\/dk\/survey\/","og_locale":"da_DK","og_type":"article","og_title":"Wisper Electric Bikes Survey: Del din oplevelse og feedback!","og_description":"Hj\u00e6lp os med at forbedre din rideoplevelse! Tag Wisper Electric Bikes-unders\u00f8gelsen for at give v\u00e6rdifuld feedback om din cykels ydeevne og komfort.","og_url":"https:\/\/wisperbikes.com\/dk\/survey\/","og_site_name":"Wisper Bikes","article_publisher":"https:\/\/www.facebook.com\/Amps.Bike\/","article_modified_time":"2024-04-25T13:25:05+00:00","twitter_card":"summary_large_image","twitter_site":"@wisperebikes","twitter_misc":{"Estimeret l\u00e6setid":"1 minut"},"schema":{"@context":"https:\/\/schema.org","@graph":[{"@type":"WebPage","@id":"https:\/\/wisperbikes.com\/dk\/survey\/","url":"https:\/\/wisperbikes.com\/dk\/survey\/","name":"Wisper Electric Bikes Survey: Del din oplevelse og feedback!","isPartOf":{"@id":"https:\/\/wisperbikes.com\/dk\/#website"},"datePublished":"2021-10-01T09:27:09+00:00","dateModified":"2024-04-25T13:25:05+00:00","description":"Hj\u00e6lp os med at forbedre din rideoplevelse! Tag Wisper Electric Bikes-unders\u00f8gelsen for at give v\u00e6rdifuld feedback om din cykels ydeevne og komfort.","breadcrumb":{"@id":"https:\/\/wisperbikes.com\/dk\/survey\/#breadcrumb"},"inLanguage":"da-DK","potentialAction":[{"@type":"ReadAction","target":["https:\/\/wisperbikes.com\/dk\/survey\/"]}]},{"@type":"BreadcrumbList","@id":"https:\/\/wisperbikes.com\/dk\/survey\/#breadcrumb","itemListElement":[{"@type":"ListItem","position":1,"name":"Home","item":"https:\/\/wisperbikes.com\/dk\/"},{"@type":"ListItem","position":2,"name":"Survey"}]},{"@type":"WebSite","@id":"https:\/\/wisperbikes.com\/dk\/#website","url":"https:\/\/wisperbikes.com\/dk\/","name":"Wisper Bikes","description":"Electric Bikes","publisher":{"@id":"https:\/\/wisperbikes.com\/dk\/#organization"},"potentialAction":[{"@type":"SearchAction","target":{"@type":"EntryPoint","urlTemplate":"https:\/\/wisperbikes.com\/dk\/?s={search_term_string}"},"query-input":"required name=search_term_string"}],"inLanguage":"da-DK"},{"@type":"Organization","@id":"https:\/\/wisperbikes.com\/dk\/#organization","name":"Wisper Electric Bikes","alternateName":"Wisper E-Bikes","url":"https:\/\/wisperbikes.com\/dk\/","logo":{"@type":"ImageObject","inLanguage":"da-DK","@id":"https:\/\/wisperbikes.com\/dk\/#\/schema\/logo\/image\/","url":"https:\/\/wisperbikes.com\/dk\/wp-content\/uploads\/2021\/06\/WISPER-Logo.png","contentUrl":"https:\/\/wisperbikes.com\/dk\/wp-content\/uploads\/2021\/06\/WISPER-Logo.png","width":250,"height":65,"caption":"Wisper Electric Bikes"},"image":{"@id":"https:\/\/wisperbikes.com\/dk\/#\/schema\/logo\/image\/"},"sameAs":["https:\/\/www.facebook.com\/Amps.Bike\/","https:\/\/twitter.com\/wisperebikes","https:\/\/www.instagram.com\/wisperbikes\/"]}]}},"_links":{"self":[{"href":"https:\/\/wisperbikes.com\/dk\/wp-json\/wp\/v2\/pages\/32068"}],"collection":[{"href":"https:\/\/wisperbikes.com\/dk\/wp-json\/wp\/v2\/pages"}],"about":[{"href":"https:\/\/wisperbikes.com\/dk\/wp-json\/wp\/v2\/types\/page"}],"author":[{"embeddable":true,"href":"https:\/\/wisperbikes.com\/dk\/wp-json\/wp\/v2\/users\/279"}],"replies":[{"embeddable":true,"href":"https:\/\/wisperbikes.com\/dk\/wp-json\/wp\/v2\/comments?post=32068"}],"version-history":[{"count":8,"href":"https:\/\/wisperbikes.com\/dk\/wp-json\/wp\/v2\/pages\/32068\/revisions"}],"predecessor-version":[{"id":41057,"href":"https:\/\/wisperbikes.com\/dk\/wp-json\/wp\/v2\/pages\/32068\/revisions\/41057"}],"wp:attachment":[{"href":"https:\/\/wisperbikes.com\/dk\/wp-json\/wp\/v2\/media?parent=32068"}],"curies":[{"name":"wp","href":"https:\/\/api.w.org\/{rel}","templated":true}]}}