{"id":35223,"date":"2022-08-31T08:29:22","date_gmt":"2022-08-31T08:29:22","guid":{"rendered":"https:\/\/wisperbikes.com\/dk\/submit-ticket\/"},"modified":"2023-11-22T11:07:36","modified_gmt":"2023-11-22T11:07:36","slug":"submit-ticket","status":"publish","type":"page","link":"https:\/\/wisperbikes.com\/dk\/submit-ticket\/","title":{"rendered":"Submit Ticket"},"content":{"rendered":"[wpsc_create_ticket]\n","protected":false},"excerpt":{"rendered":"<p>[wpsc_create_ticket]<\/p>\n","protected":false},"author":279,"featured_media":0,"parent":0,"menu_order":0,"comment_status":"closed","ping_status":"closed","template":"","meta":[],"acf":[],"yoast_head":"<!-- This site is optimized with the Yoast SEO plugin v20.13 - https:\/\/yoast.com\/wordpress\/plugins\/seo\/ -->\n<title>Senden Sie Ein Support -Ticket - Wisper Bikes<\/title>\n<meta name=\"description\" content=\"Brug for hj\u00e6lp til din Wisper -cykel? Indsend nemt en supportbillet p\u00e5 vores &#039;Send billet&#039; side. Vores ekspertteam er klar til at hj\u00e6lpe med foresp\u00f8rgsler,\" \/>\n<meta name=\"robots\" content=\"index, follow, max-snippet:-1, max-image-preview:large, max-video-preview:-1\" \/>\n<link rel=\"canonical\" href=\"https:\/\/wisperbikes.com\/dk\/submit-ticket\/\" \/>\n<meta property=\"og:locale\" content=\"da_DK\" \/>\n<meta property=\"og:type\" content=\"article\" \/>\n<meta property=\"og:title\" content=\"Senden Sie Ein Support -Ticket - Wisper Bikes\" \/>\n<meta property=\"og:description\" content=\"Brug for hj\u00e6lp til din Wisper -cykel? Indsend nemt en supportbillet p\u00e5 vores &#039;Send billet&#039; side. Vores ekspertteam er klar til at hj\u00e6lpe med foresp\u00f8rgsler,\" \/>\n<meta property=\"og:url\" content=\"https:\/\/wisperbikes.com\/dk\/submit-ticket\/\" \/>\n<meta property=\"og:site_name\" content=\"Wisper Bikes\" \/>\n<meta property=\"article:publisher\" content=\"https:\/\/www.facebook.com\/Amps.Bike\/\" \/>\n<meta property=\"article:modified_time\" content=\"2023-11-22T11:07:36+00:00\" \/>\n<meta name=\"twitter:card\" content=\"summary_large_image\" \/>\n<meta name=\"twitter:site\" content=\"@wisperebikes\" \/>\n<meta name=\"twitter:label1\" content=\"Estimeret l\u00e6setid\" \/>\n\t<meta name=\"twitter:data1\" content=\"1 minut\" \/>\n<script type=\"application\/ld+json\" class=\"yoast-schema-graph\">{\"@context\":\"https:\/\/schema.org\",\"@graph\":[{\"@type\":\"WebPage\",\"@id\":\"https:\/\/wisperbikes.com\/dk\/submit-ticket\/\",\"url\":\"https:\/\/wisperbikes.com\/dk\/submit-ticket\/\",\"name\":\"Senden Sie Ein Support -Ticket - Wisper Bikes\",\"isPartOf\":{\"@id\":\"https:\/\/wisperbikes.com\/dk\/#website\"},\"datePublished\":\"2022-08-31T08:29:22+00:00\",\"dateModified\":\"2023-11-22T11:07:36+00:00\",\"description\":\"Brug for hj\u00e6lp til din Wisper -cykel? Indsend nemt en supportbillet p\u00e5 vores 'Send billet' side. Vores ekspertteam er klar til at hj\u00e6lpe med foresp\u00f8rgsler,\",\"breadcrumb\":{\"@id\":\"https:\/\/wisperbikes.com\/dk\/submit-ticket\/#breadcrumb\"},\"inLanguage\":\"da-DK\",\"potentialAction\":[{\"@type\":\"ReadAction\",\"target\":[\"https:\/\/wisperbikes.com\/dk\/submit-ticket\/\"]}]},{\"@type\":\"BreadcrumbList\",\"@id\":\"https:\/\/wisperbikes.com\/dk\/submit-ticket\/#breadcrumb\",\"itemListElement\":[{\"@type\":\"ListItem\",\"position\":1,\"name\":\"Home\",\"item\":\"https:\/\/wisperbikes.com\/dk\/\"},{\"@type\":\"ListItem\",\"position\":2,\"name\":\"Submit Ticket\"}]},{\"@type\":\"WebSite\",\"@id\":\"https:\/\/wisperbikes.com\/dk\/#website\",\"url\":\"https:\/\/wisperbikes.com\/dk\/\",\"name\":\"Wisper Bikes\",\"description\":\"Electric Bikes\",\"publisher\":{\"@id\":\"https:\/\/wisperbikes.com\/dk\/#organization\"},\"potentialAction\":[{\"@type\":\"SearchAction\",\"target\":{\"@type\":\"EntryPoint\",\"urlTemplate\":\"https:\/\/wisperbikes.com\/dk\/?s={search_term_string}\"},\"query-input\":\"required name=search_term_string\"}],\"inLanguage\":\"da-DK\"},{\"@type\":\"Organization\",\"@id\":\"https:\/\/wisperbikes.com\/dk\/#organization\",\"name\":\"Wisper Electric Bikes\",\"alternateName\":\"Wisper E-Bikes\",\"url\":\"https:\/\/wisperbikes.com\/dk\/\",\"logo\":{\"@type\":\"ImageObject\",\"inLanguage\":\"da-DK\",\"@id\":\"https:\/\/wisperbikes.com\/dk\/#\/schema\/logo\/image\/\",\"url\":\"https:\/\/wisperbikes.com\/dk\/wp-content\/uploads\/2021\/06\/WISPER-Logo.png\",\"contentUrl\":\"https:\/\/wisperbikes.com\/dk\/wp-content\/uploads\/2021\/06\/WISPER-Logo.png\",\"width\":250,\"height\":65,\"caption\":\"Wisper Electric Bikes\"},\"image\":{\"@id\":\"https:\/\/wisperbikes.com\/dk\/#\/schema\/logo\/image\/\"},\"sameAs\":[\"https:\/\/www.facebook.com\/Amps.Bike\/\",\"https:\/\/twitter.com\/wisperebikes\",\"https:\/\/www.instagram.com\/wisperbikes\/\"]}]}<\/script>\n<!-- \/ Yoast SEO plugin. -->","yoast_head_json":{"title":"Senden Sie Ein Support -Ticket - Wisper Bikes","description":"Brug for hj\u00e6lp til din Wisper -cykel? Indsend nemt en supportbillet p\u00e5 vores 'Send billet' side. Vores ekspertteam er klar til at hj\u00e6lpe med foresp\u00f8rgsler,","robots":{"index":"index","follow":"follow","max-snippet":"max-snippet:-1","max-image-preview":"max-image-preview:large","max-video-preview":"max-video-preview:-1"},"canonical":"https:\/\/wisperbikes.com\/dk\/submit-ticket\/","og_locale":"da_DK","og_type":"article","og_title":"Senden Sie Ein Support -Ticket - Wisper Bikes","og_description":"Brug for hj\u00e6lp til din Wisper -cykel? Indsend nemt en supportbillet p\u00e5 vores 'Send billet' side. Vores ekspertteam er klar til at hj\u00e6lpe med foresp\u00f8rgsler,","og_url":"https:\/\/wisperbikes.com\/dk\/submit-ticket\/","og_site_name":"Wisper Bikes","article_publisher":"https:\/\/www.facebook.com\/Amps.Bike\/","article_modified_time":"2023-11-22T11:07:36+00:00","twitter_card":"summary_large_image","twitter_site":"@wisperebikes","twitter_misc":{"Estimeret l\u00e6setid":"1 minut"},"schema":{"@context":"https:\/\/schema.org","@graph":[{"@type":"WebPage","@id":"https:\/\/wisperbikes.com\/dk\/submit-ticket\/","url":"https:\/\/wisperbikes.com\/dk\/submit-ticket\/","name":"Senden Sie Ein Support -Ticket - Wisper Bikes","isPartOf":{"@id":"https:\/\/wisperbikes.com\/dk\/#website"},"datePublished":"2022-08-31T08:29:22+00:00","dateModified":"2023-11-22T11:07:36+00:00","description":"Brug for hj\u00e6lp til din Wisper -cykel? Indsend nemt en supportbillet p\u00e5 vores 'Send billet' side. Vores ekspertteam er klar til at hj\u00e6lpe med foresp\u00f8rgsler,","breadcrumb":{"@id":"https:\/\/wisperbikes.com\/dk\/submit-ticket\/#breadcrumb"},"inLanguage":"da-DK","potentialAction":[{"@type":"ReadAction","target":["https:\/\/wisperbikes.com\/dk\/submit-ticket\/"]}]},{"@type":"BreadcrumbList","@id":"https:\/\/wisperbikes.com\/dk\/submit-ticket\/#breadcrumb","itemListElement":[{"@type":"ListItem","position":1,"name":"Home","item":"https:\/\/wisperbikes.com\/dk\/"},{"@type":"ListItem","position":2,"name":"Submit Ticket"}]},{"@type":"WebSite","@id":"https:\/\/wisperbikes.com\/dk\/#website","url":"https:\/\/wisperbikes.com\/dk\/","name":"Wisper Bikes","description":"Electric Bikes","publisher":{"@id":"https:\/\/wisperbikes.com\/dk\/#organization"},"potentialAction":[{"@type":"SearchAction","target":{"@type":"EntryPoint","urlTemplate":"https:\/\/wisperbikes.com\/dk\/?s={search_term_string}"},"query-input":"required name=search_term_string"}],"inLanguage":"da-DK"},{"@type":"Organization","@id":"https:\/\/wisperbikes.com\/dk\/#organization","name":"Wisper Electric Bikes","alternateName":"Wisper E-Bikes","url":"https:\/\/wisperbikes.com\/dk\/","logo":{"@type":"ImageObject","inLanguage":"da-DK","@id":"https:\/\/wisperbikes.com\/dk\/#\/schema\/logo\/image\/","url":"https:\/\/wisperbikes.com\/dk\/wp-content\/uploads\/2021\/06\/WISPER-Logo.png","contentUrl":"https:\/\/wisperbikes.com\/dk\/wp-content\/uploads\/2021\/06\/WISPER-Logo.png","width":250,"height":65,"caption":"Wisper Electric Bikes"},"image":{"@id":"https:\/\/wisperbikes.com\/dk\/#\/schema\/logo\/image\/"},"sameAs":["https:\/\/www.facebook.com\/Amps.Bike\/","https:\/\/twitter.com\/wisperebikes","https:\/\/www.instagram.com\/wisperbikes\/"]}]}},"_links":{"self":[{"href":"https:\/\/wisperbikes.com\/dk\/wp-json\/wp\/v2\/pages\/35223"}],"collection":[{"href":"https:\/\/wisperbikes.com\/dk\/wp-json\/wp\/v2\/pages"}],"about":[{"href":"https:\/\/wisperbikes.com\/dk\/wp-json\/wp\/v2\/types\/page"}],"author":[{"embeddable":true,"href":"https:\/\/wisperbikes.com\/dk\/wp-json\/wp\/v2\/users\/279"}],"replies":[{"embeddable":true,"href":"https:\/\/wisperbikes.com\/dk\/wp-json\/wp\/v2\/comments?post=35223"}],"version-history":[{"count":1,"href":"https:\/\/wisperbikes.com\/dk\/wp-json\/wp\/v2\/pages\/35223\/revisions"}],"predecessor-version":[{"id":40854,"href":"https:\/\/wisperbikes.com\/dk\/wp-json\/wp\/v2\/pages\/35223\/revisions\/40854"}],"wp:attachment":[{"href":"https:\/\/wisperbikes.com\/dk\/wp-json\/wp\/v2\/media?parent=35223"}],"curies":[{"name":"wp","href":"https:\/\/api.w.org\/{rel}","templated":true}]}}