{"id":24166,"date":"2018-12-10T00:00:00","date_gmt":"2018-12-10T00:00:00","guid":{"rendered":"http:\/\/localhost\/wisper_both\/shop\/uncategorized\/road-jersey\/"},"modified":"2024-03-13T10:37:29","modified_gmt":"2024-03-13T10:37:29","slug":"road-jersey","status":"publish","type":"product","link":"https:\/\/wisperbikes.com\/dk\/shop\/accessories\/clothing\/road-jersey\/","title":{"rendered":"Road Jersey"},"content":{"rendered":"","protected":false},"excerpt":{"rendered":"<p>The L&#8217;Etape cycling range, these Jerseys use the latest material from Italy and all hand made in Europe to the highest specification. The L&#8217;Etape Range has been designed with your everyday cyclist and the smaller Race teams in mind, made from microfibre material. The material has a silver thread called Bioactive and aids the wicking properties of the jerseys, the silver thread also reacts with bacteria helping to reduce the smell of sweat.<br \/>\nSee <a style=\"text-decoration: underline;\" href=\"https:\/\/wisperbikes.com\/dk\/shop\/accessories\/clothing\/mtb-jersey\/\">MTB Long Sleeve Jersey.<\/a><\/p>\n","protected":false},"featured_media":4833,"comment_status":"closed","ping_status":"closed","template":"","meta":[],"product_cat":[168,157,240],"product_tag":[],"acf":[],"yoast_head":"<!-- This site is optimized with the Yoast SEO plugin v20.13 - https:\/\/yoast.com\/wordpress\/plugins\/seo\/ -->\n<title>Landevejs tr\u00f8je | Cykeltr\u00f8jer | Wisper Elektriske Cykler<\/title>\n<meta name=\"description\" content=\"Vores Vejskjorter er designet til at v\u00e6re komfortable og \u00e5ndbare, s\u00e5 du kan holde dig k\u00f8lig selv n\u00e5r du arbejder op en sved. K\u00f8b din tr\u00f8je nu!\" \/>\n<meta name=\"robots\" content=\"index, follow, max-snippet:-1, max-image-preview:large, max-video-preview:-1\" \/>\n<link rel=\"canonical\" href=\"https:\/\/wisperbikes.com\/dk\/shop\/accessories\/clothing\/road-jersey\/\" \/>\n<meta property=\"og:locale\" content=\"da_DK\" \/>\n<meta property=\"og:type\" content=\"article\" \/>\n<meta property=\"og:title\" content=\"Landevejs tr\u00f8je | Cykeltr\u00f8jer | Wisper Elektriske Cykler\" \/>\n<meta property=\"og:description\" content=\"Vores Vejskjorter er designet til at v\u00e6re komfortable og \u00e5ndbare, s\u00e5 du kan holde dig k\u00f8lig selv n\u00e5r du arbejder op en sved. K\u00f8b din tr\u00f8je nu!\" \/>\n<meta property=\"og:url\" content=\"https:\/\/wisperbikes.com\/dk\/shop\/accessories\/clothing\/road-jersey\/\" \/>\n<meta property=\"og:site_name\" content=\"Wisper Bikes\" \/>\n<meta property=\"article:publisher\" content=\"https:\/\/www.facebook.com\/Amps.Bike\/\" \/>\n<meta property=\"article:modified_time\" content=\"2024-03-13T10:37:29+00:00\" \/>\n<meta property=\"og:image\" content=\"https:\/\/wisperbikes.com\/dk\/wp-content\/uploads\/2018\/12\/Road-Jersey.jpg\" \/>\n\t<meta property=\"og:image:width\" content=\"600\" \/>\n\t<meta property=\"og:image:height\" content=\"600\" \/>\n\t<meta property=\"og:image:type\" content=\"image\/jpeg\" \/>\n<meta name=\"twitter:card\" content=\"summary_large_image\" \/>\n<meta name=\"twitter:site\" content=\"@wisperebikes\" \/>\n<script type=\"application\/ld+json\" class=\"yoast-schema-graph\">{\"@context\":\"https:\/\/schema.org\",\"@graph\":[{\"@type\":\"WebPage\",\"@id\":\"https:\/\/wisperbikes.com\/dk\/shop\/accessories\/clothing\/road-jersey\/\",\"url\":\"https:\/\/wisperbikes.com\/dk\/shop\/accessories\/clothing\/road-jersey\/\",\"name\":\"Landevejs tr\u00f8je | Cykeltr\u00f8jer | Wisper Elektriske Cykler\",\"isPartOf\":{\"@id\":\"https:\/\/wisperbikes.com\/dk\/#website\"},\"datePublished\":\"2018-12-10T00:00:00+00:00\",\"dateModified\":\"2024-03-13T10:37:29+00:00\",\"description\":\"Vores Vejskjorter er designet til at v\u00e6re komfortable og \u00e5ndbare, s\u00e5 du kan holde dig k\u00f8lig selv n\u00e5r du arbejder op en sved. K\u00f8b din tr\u00f8je nu!\",\"breadcrumb\":{\"@id\":\"https:\/\/wisperbikes.com\/dk\/shop\/accessories\/clothing\/road-jersey\/#breadcrumb\"},\"inLanguage\":\"da-DK\",\"potentialAction\":[{\"@type\":\"ReadAction\",\"target\":[\"https:\/\/wisperbikes.com\/dk\/shop\/accessories\/clothing\/road-jersey\/\"]}]},{\"@type\":\"BreadcrumbList\",\"@id\":\"https:\/\/wisperbikes.com\/dk\/shop\/accessories\/clothing\/road-jersey\/#breadcrumb\",\"itemListElement\":[{\"@type\":\"ListItem\",\"position\":1,\"name\":\"Home\",\"item\":\"https:\/\/wisperbikes.com\/dk\/\"},{\"@type\":\"ListItem\",\"position\":2,\"name\":\"Our Shop\",\"item\":\"https:\/\/wisperbikes.com\/dk\/shop\/\"},{\"@type\":\"ListItem\",\"position\":3,\"name\":\"Road Jersey\"}]},{\"@type\":\"WebSite\",\"@id\":\"https:\/\/wisperbikes.com\/dk\/#website\",\"url\":\"https:\/\/wisperbikes.com\/dk\/\",\"name\":\"Wisper Bikes\",\"description\":\"Electric Bikes\",\"publisher\":{\"@id\":\"https:\/\/wisperbikes.com\/dk\/#organization\"},\"potentialAction\":[{\"@type\":\"SearchAction\",\"target\":{\"@type\":\"EntryPoint\",\"urlTemplate\":\"https:\/\/wisperbikes.com\/dk\/?s={search_term_string}\"},\"query-input\":\"required name=search_term_string\"}],\"inLanguage\":\"da-DK\"},{\"@type\":\"Organization\",\"@id\":\"https:\/\/wisperbikes.com\/dk\/#organization\",\"name\":\"Wisper Electric Bikes\",\"alternateName\":\"Wisper E-Bikes\",\"url\":\"https:\/\/wisperbikes.com\/dk\/\",\"logo\":{\"@type\":\"ImageObject\",\"inLanguage\":\"da-DK\",\"@id\":\"https:\/\/wisperbikes.com\/dk\/#\/schema\/logo\/image\/\",\"url\":\"https:\/\/wisperbikes.com\/dk\/wp-content\/uploads\/2021\/06\/WISPER-Logo.png\",\"contentUrl\":\"https:\/\/wisperbikes.com\/dk\/wp-content\/uploads\/2021\/06\/WISPER-Logo.png\",\"width\":250,\"height\":65,\"caption\":\"Wisper Electric Bikes\"},\"image\":{\"@id\":\"https:\/\/wisperbikes.com\/dk\/#\/schema\/logo\/image\/\"},\"sameAs\":[\"https:\/\/www.facebook.com\/Amps.Bike\/\",\"https:\/\/twitter.com\/wisperebikes\",\"https:\/\/www.instagram.com\/wisperbikes\/\"]}]}<\/script>\n<!-- \/ Yoast SEO plugin. -->","yoast_head_json":{"title":"Landevejs tr\u00f8je | Cykeltr\u00f8jer | Wisper Elektriske Cykler","description":"Vores Vejskjorter er designet til at v\u00e6re komfortable og \u00e5ndbare, s\u00e5 du kan holde dig k\u00f8lig selv n\u00e5r du arbejder op en sved. K\u00f8b din tr\u00f8je nu!","robots":{"index":"index","follow":"follow","max-snippet":"max-snippet:-1","max-image-preview":"max-image-preview:large","max-video-preview":"max-video-preview:-1"},"canonical":"https:\/\/wisperbikes.com\/dk\/shop\/accessories\/clothing\/road-jersey\/","og_locale":"da_DK","og_type":"article","og_title":"Landevejs tr\u00f8je | Cykeltr\u00f8jer | Wisper Elektriske Cykler","og_description":"Vores Vejskjorter er designet til at v\u00e6re komfortable og \u00e5ndbare, s\u00e5 du kan holde dig k\u00f8lig selv n\u00e5r du arbejder op en sved. K\u00f8b din tr\u00f8je nu!","og_url":"https:\/\/wisperbikes.com\/dk\/shop\/accessories\/clothing\/road-jersey\/","og_site_name":"Wisper Bikes","article_publisher":"https:\/\/www.facebook.com\/Amps.Bike\/","article_modified_time":"2024-03-13T10:37:29+00:00","og_image":[{"width":600,"height":600,"url":"https:\/\/wisperbikes.com\/dk\/wp-content\/uploads\/2018\/12\/Road-Jersey.jpg","type":"image\/jpeg"}],"twitter_card":"summary_large_image","twitter_site":"@wisperebikes","schema":{"@context":"https:\/\/schema.org","@graph":[{"@type":"WebPage","@id":"https:\/\/wisperbikes.com\/dk\/shop\/accessories\/clothing\/road-jersey\/","url":"https:\/\/wisperbikes.com\/dk\/shop\/accessories\/clothing\/road-jersey\/","name":"Landevejs tr\u00f8je | Cykeltr\u00f8jer | Wisper Elektriske Cykler","isPartOf":{"@id":"https:\/\/wisperbikes.com\/dk\/#website"},"datePublished":"2018-12-10T00:00:00+00:00","dateModified":"2024-03-13T10:37:29+00:00","description":"Vores Vejskjorter er designet til at v\u00e6re komfortable og \u00e5ndbare, s\u00e5 du kan holde dig k\u00f8lig selv n\u00e5r du arbejder op en sved. K\u00f8b din tr\u00f8je nu!","breadcrumb":{"@id":"https:\/\/wisperbikes.com\/dk\/shop\/accessories\/clothing\/road-jersey\/#breadcrumb"},"inLanguage":"da-DK","potentialAction":[{"@type":"ReadAction","target":["https:\/\/wisperbikes.com\/dk\/shop\/accessories\/clothing\/road-jersey\/"]}]},{"@type":"BreadcrumbList","@id":"https:\/\/wisperbikes.com\/dk\/shop\/accessories\/clothing\/road-jersey\/#breadcrumb","itemListElement":[{"@type":"ListItem","position":1,"name":"Home","item":"https:\/\/wisperbikes.com\/dk\/"},{"@type":"ListItem","position":2,"name":"Our Shop","item":"https:\/\/wisperbikes.com\/dk\/shop\/"},{"@type":"ListItem","position":3,"name":"Road Jersey"}]},{"@type":"WebSite","@id":"https:\/\/wisperbikes.com\/dk\/#website","url":"https:\/\/wisperbikes.com\/dk\/","name":"Wisper Bikes","description":"Electric Bikes","publisher":{"@id":"https:\/\/wisperbikes.com\/dk\/#organization"},"potentialAction":[{"@type":"SearchAction","target":{"@type":"EntryPoint","urlTemplate":"https:\/\/wisperbikes.com\/dk\/?s={search_term_string}"},"query-input":"required name=search_term_string"}],"inLanguage":"da-DK"},{"@type":"Organization","@id":"https:\/\/wisperbikes.com\/dk\/#organization","name":"Wisper Electric Bikes","alternateName":"Wisper E-Bikes","url":"https:\/\/wisperbikes.com\/dk\/","logo":{"@type":"ImageObject","inLanguage":"da-DK","@id":"https:\/\/wisperbikes.com\/dk\/#\/schema\/logo\/image\/","url":"https:\/\/wisperbikes.com\/dk\/wp-content\/uploads\/2021\/06\/WISPER-Logo.png","contentUrl":"https:\/\/wisperbikes.com\/dk\/wp-content\/uploads\/2021\/06\/WISPER-Logo.png","width":250,"height":65,"caption":"Wisper Electric Bikes"},"image":{"@id":"https:\/\/wisperbikes.com\/dk\/#\/schema\/logo\/image\/"},"sameAs":["https:\/\/www.facebook.com\/Amps.Bike\/","https:\/\/twitter.com\/wisperebikes","https:\/\/www.instagram.com\/wisperbikes\/"]}]}},"_links":{"self":[{"href":"https:\/\/wisperbikes.com\/dk\/wp-json\/wp\/v2\/product\/24166"}],"collection":[{"href":"https:\/\/wisperbikes.com\/dk\/wp-json\/wp\/v2\/product"}],"about":[{"href":"https:\/\/wisperbikes.com\/dk\/wp-json\/wp\/v2\/types\/product"}],"replies":[{"embeddable":true,"href":"https:\/\/wisperbikes.com\/dk\/wp-json\/wp\/v2\/comments?post=24166"}],"wp:featuredmedia":[{"embeddable":true,"href":"https:\/\/wisperbikes.com\/dk\/wp-json\/wp\/v2\/media\/4833"}],"wp:attachment":[{"href":"https:\/\/wisperbikes.com\/dk\/wp-json\/wp\/v2\/media?parent=24166"}],"wp:term":[{"taxonomy":"product_cat","embeddable":true,"href":"https:\/\/wisperbikes.com\/dk\/wp-json\/wp\/v2\/product_cat?post=24166"},{"taxonomy":"product_tag","embeddable":true,"href":"https:\/\/wisperbikes.com\/dk\/wp-json\/wp\/v2\/product_tag?post=24166"}],"curies":[{"name":"wp","href":"https:\/\/api.w.org\/{rel}","templated":true}]}}