{"id":24173,"date":"2019-06-25T00:00:00","date_gmt":"2019-06-25T00:00:00","guid":{"rendered":"http:\/\/localhost\/wisper_both\/shop\/uncategorized\/905-2019\/"},"modified":"2023-07-21T12:02:01","modified_gmt":"2023-07-21T12:02:01","slug":"905-2019","status":"publish","type":"product","link":"https:\/\/wisperbikes.com\/dk\/shop\/e-bikes\/crossbar-ebikes\/905-2019\/","title":{"rendered":"Wisper 905 Crossbar Electric Bicycle"},"content":{"rendered":"<div><span data-sheets-value=\"{&quot;1&quot;:2,&quot;2&quot;:&quot;&quot;}\" data-sheets-userformat=\"{&quot;2&quot;:513,&quot;3&quot;:{&quot;1&quot;:0},&quot;12&quot;:0}\"><script type=\"application\/ld+json\">\r\n{\r\n  \"@context\": \"https:\/\/schema.org\/\", \r\n  \"@type\": \"Product\", \r\n  \"name\": \"Wisper 905 Crossbar Electric Bicycle\",\r\n  \"image\": \"https:\/\/wisperbikes.com\/dk\/wp-content\/uploads\/2022\/09\/905-Black_ADJUSTED.jpg\",\r\n  \"description\": \"The Wisper 905 Crossbar is a real thoroughbred. The Wisper 905 exudes style while providing greater rigidity to produce a responsive and lightweight riding experience. Wisper\u2019s 905 is available with a choice of battery sizes and power units, allowing you to tailor your eBike to your own personal requirements.\r\n\r\nThe Wisper 905 Crossbar is the perfect hybrid option promising riders hours of enjoyment both on the roads and gravel trails.\",\r\n  \"brand\": {\r\n    \"@type\": \"Brand\",\r\n    \"name\": \"Wisper Electric Bikes\"\r\n  },\r\n  \"offers\": {\r\n    \"@type\": \"AggregateOffer\",\r\n    \"url\": \"https:\/\/wisperbikes.com\/dk\/shop\/e-bikes\/crossbar-ebikes\/905-2019\/\",\r\n    \"priceCurrency\": \"GBP\",\r\n    \"lowPrice\": \"1599\",\r\n    \"highPrice\": \"2599\"\r\n  },\r\n  \"aggregateRating\": {\r\n    \"@type\": \"AggregateRating\",\r\n    \"ratingValue\": \"5\",\r\n    \"bestRating\": \"5\",\r\n    \"worstRating\": \"1\",\r\n    \"ratingCount\": \"2\",\r\n    \"reviewCount\": \"2\"\r\n  },\r\n  \"review\": [{\r\n    \"@type\": \"Review\",\r\n    \"name\": \"MR C CRANSHAW\",\r\n    \"reviewBody\": \"Wisper 905 crossbar.Just love this bike, It\u2019s well made and sturdy. I live in a hilly area but coming home after a ride my legs don\u2019t ache at all and I can\u2019t wait to head off somewhere else! Fantastic E Bike\",\r\n    \"reviewRating\": {\r\n      \"@type\": \"Rating\",\r\n      \"ratingValue\": \"5\",\r\n      \"bestRating\": \"5\",\r\n      \"worstRating\": \"1\"\r\n    },\r\n    \"datePublished\": \"2021-01-28\",\r\n    \"author\": {\"@type\": \"Person\", \"name\": \"MR C CRANSHAW\"},\r\n    \"publisher\": {\"@type\": \"Organization\", \"name\": \"Wisper Electric Bikes\"}\r\n  },{\r\n    \"@type\": \"Review\",\r\n    \"name\": \"Neil Basnett\",\r\n    \"reviewBody\": \"We just love the Whisper 905. My wife was offered an e-bike as part of the \u2018Cycle to Work\u2019 scheme, and kindly agreed to buy a bike that we could both ride \/ feel comfortable on. This bike is pure joy to ride. We have completed over 1,000 miles on it already. Everything about the bike exudes quality. The frame and welding detail, the suspension, gears and power \u2013 and everything still works faultlessly 1 full year after purchase (Smile Bikes Norfolk \u2013 Thank you so much Tim for test rides and support). Bike journeys are now a joy and my wife who is relatively new to cycling actually looks forward to her commute ! (So the 905 suits the novice as well). I am an experienced but unfit cyclist and have taken this bike all over Norfolk on and off road. 80 mile round trips to the coast are just a breeze. (Suspension and range are particularly impressive \u2013 we have the Torque Power Back and 700Wh) The pleasure we have got from this bike is just immense. A very high quality\/value life-affirming joyous purchase !!! Recommended without hesitation.\",\r\n    \"reviewRating\": {\r\n      \"@type\": \"Rating\",\r\n      \"ratingValue\": \"5\",\r\n      \"bestRating\": \"5\",\r\n      \"worstRating\": \"1\"\r\n    },\r\n    \"datePublished\": \"2021-10-21\",\r\n    \"author\": {\"@type\": \"Person\", \"name\": \"Neil Basnett\"},\r\n    \"publisher\": {\"@type\": \"Organization\", \"name\": \"Wisper Electric Bikes\"}\r\n  }]\r\n}\r\n<\/script>\r\n\r\n<script type=\"application\/ld+json\">\r\n{\r\n  \"@context\": \"https:\/\/schema.org\",\r\n  \"@type\": \"VideoObject\",\r\n  \"name\": \"What\u2019s the difference in power delivery? Cadence Vs Torque Power Packs\",\r\n  \"description\": \"Cadence sensors turn the power on when pedals are turned forward and turn the power off when pedaling stops. Torque sensors recognise when and how much pressure is being put onto either pedal. Power will increase as the pressure on the pedals increases.\",\r\n  \"thumbnailUrl\": \"https:\/\/wisperbikes.com\/dk\/wp-content\/uploads\/2023\/06\/Whats-the-difference-between-Cadence-and-Torque-sensor.png\",\r\n  \"uploadDate\": \"2019-06-25\",\r\n  \"duration\": \"PT0M34S\",\r\n  \"contentUrl\": \"https:\/\/wisperbikes.com\/dk\/shop\/e-bikes\/crossbar-ebikes\/905-2019\/\",\r\n  \"embedUrl\": \"https:\/\/wisperbikes.com\/dk\/wp-content\/uploads\/2019\/11\/TSCartoon-ds.mp4?_=1\"\r\n}\r\n<\/script><\/span><\/div>\n<div><\/div>\n<div class=\"\"><span class=\"\"><span data-sheets-value=\"{&quot;1&quot;:2,&quot;2&quot;:&quot;Fuld Certificeret, UK Lovlig Fuld Gas Version Nu Tilg\u00e6ngelig. Den ekstra pris er \u00a3199,00 for en ny cykel eller \u00a3249,00 for en cykel, der er blevet brugt. (Tillad op til 4 uger for certificering og levering). Sp\u00f8rg os for detaljer info@wisperbikes.com. For yderligere information om Full Throttle muligheden, klik her.&quot;}\" data-sheets-userformat=\"{&quot;2&quot;:15171,&quot;3&quot;:{&quot;1&quot;:0},&quot;4&quot;:{&quot;1&quot;:2,&quot;2&quot;:16777215},&quot;9&quot;:0,&quot;11&quot;:3,&quot;12&quot;:0,&quot;14&quot;:{&quot;1&quot;:2,&quot;2&quot;:0},&quot;15&quot;:&quot;Rubik, sans-serif&quot;,&quot;16&quot;:12}\">Fuld Certificeret, UK Lovlig Fuld Gas Version Nu Tilg\u00e6ngelig. Den ekstra pris er \u00a3199,00 for en ny cykel eller \u00a3249,00 for en cykel, der er blevet brugt. (Tillad op til 4 uger for certificering og levering). Sp\u00f8rg os for detaljer info@wisperbikes.com. For yderligere information om Full Throttle muligheden, <\/span><a href=\"https:\/\/wisperbikes.com\/dk\/full-throttle-option\/\" target=\"_blank\" rel=\"noopener\">click here<\/a>.<\/span><\/div>\n<div><\/div>\n<div><\/div>\n<p><span data-sheets-value=\"{&quot;1&quot;:2,&quot;2&quot;:&quot;Wisper 905 Crossbar er en \u00e6gte fuldblods. Wisper 905 udstr\u00e5ler stil, mens den tilbyder st\u00f8rre stivhed for at producere en responsiv og let k\u00f8reoplevelse. Wisper's 905 er tilg\u00e6ngelig med et valg af batterist\u00f8rrelser og kraftenheder, hvilket giver dig mulighed for at tilpasse din eBike til dine egne personlige krav.&quot;}\" data-sheets-userformat=\"{&quot;2&quot;:15171,&quot;3&quot;:{&quot;1&quot;:0},&quot;4&quot;:{&quot;1&quot;:2,&quot;2&quot;:16777215},&quot;9&quot;:0,&quot;11&quot;:3,&quot;12&quot;:0,&quot;14&quot;:{&quot;1&quot;:2,&quot;2&quot;:0},&quot;15&quot;:&quot;Rubik, sans-serif&quot;,&quot;16&quot;:12}\">Wisper 905 Crossbar er en \u00e6gte fuldblods. Wisper 905 udstr\u00e5ler stil, mens den tilbyder st\u00f8rre stivhed for at producere en responsiv og let k\u00f8reoplevelse. Wisper&#8217;s 905 er tilg\u00e6ngelig med et valg af batterist\u00f8rrelser og kraftenheder, hvilket giver dig mulighed for at tilpasse din eBike til dine egne personlige krav.<\/span><\/p>\n<p><span data-sheets-value=\"{&quot;1&quot;:2,&quot;2&quot;:&quot;Wisper 905 Crossbar er det perfekte hybrid valg, der lover ryttere timer af forn\u00f8jelse b\u00e5de p\u00e5 veje og grusstier.&quot;}\" data-sheets-userformat=\"{&quot;2&quot;:15171,&quot;3&quot;:{&quot;1&quot;:0},&quot;4&quot;:{&quot;1&quot;:2,&quot;2&quot;:16777215},&quot;9&quot;:0,&quot;11&quot;:3,&quot;12&quot;:0,&quot;14&quot;:{&quot;1&quot;:2,&quot;2&quot;:0},&quot;15&quot;:&quot;Rubik, sans-serif&quot;,&quot;16&quot;:12}\">Wisper 905 Crossbar er det perfekte hybrid valg, der lover ryttere timer af forn\u00f8jelse b\u00e5de p\u00e5 veje og grusstier.<\/span><\/p>\n<p>&nbsp;<\/p>\n<p><a href=\"https:\/\/wisperbikes.com\/dk\/faqs\/#cadence-speed\"><strong><span data-sheets-value=\"{&quot;1&quot;:2,&quot;2&quot;:&quot;Hvad er forskellen i kraftlevering? Kadence Vs Moment Kraftpakker&quot;}\" data-sheets-userformat=\"{&quot;2&quot;:15171,&quot;3&quot;:{&quot;1&quot;:0},&quot;4&quot;:{&quot;1&quot;:2,&quot;2&quot;:16777215},&quot;9&quot;:0,&quot;11&quot;:3,&quot;12&quot;:0,&quot;14&quot;:{&quot;1&quot;:2,&quot;2&quot;:0},&quot;15&quot;:&quot;Rubik, sans-serif&quot;,&quot;16&quot;:12}\">Hvad er forskellen i kraftlevering? Kadence Vs Moment Kraftpakker<\/span><\/strong><\/a><\/p>\n<div style=\"width: 1200px;\" class=\"wp-video\"><!--[if lt IE 9]><script>document.createElement('video');<\/script><![endif]-->\n<video class=\"wp-video-shortcode\" id=\"video-24173-1\" width=\"1200\" height=\"675\" preload=\"metadata\" controls=\"controls\"><source type=\"video\/mp4\" src=\"https:\/\/wisperbikes.com\/dk\/wp-content\/uploads\/2019\/11\/TSCartoon-ds.mp4?_=1\" \/><a href=\"https:\/\/wisperbikes.com\/dk\/wp-content\/uploads\/2019\/11\/TSCartoon-ds.mp4\">https:\/\/wisperbikes.com\/dk\/wp-content\/uploads\/2019\/11\/TSCartoon-ds.mp4<\/a><\/video><\/div>\n<p>&nbsp;<\/p>\n<p><strong><span data-sheets-value=\"{&quot;1&quot;:2,&quot;2&quot;:&quot;Fordele ved at have en Moment Kraftpakke monteret p\u00e5 din Wisper elektriske cykel&quot;}\" data-sheets-userformat=\"{&quot;2&quot;:15171,&quot;3&quot;:{&quot;1&quot;:0},&quot;4&quot;:{&quot;1&quot;:2,&quot;2&quot;:16777215},&quot;9&quot;:0,&quot;11&quot;:3,&quot;12&quot;:0,&quot;14&quot;:{&quot;1&quot;:2,&quot;2&quot;:0},&quot;15&quot;:&quot;Rubik, sans-serif&quot;,&quot;16&quot;:12}\">Fordele ved at have en Moment Kraftpakke monteret p\u00e5 din Wisper elektriske cykel<\/span><\/strong><\/p>\n<ol>\n<li><span data-sheets-value=\"{&quot;1&quot;:2,&quot;2&quot;:&quot;En mere naturlig k\u00f8reoplevelse&quot;}\" data-sheets-userformat=\"{&quot;2&quot;:15171,&quot;3&quot;:{&quot;1&quot;:0},&quot;4&quot;:{&quot;1&quot;:2,&quot;2&quot;:16777215},&quot;9&quot;:0,&quot;11&quot;:3,&quot;12&quot;:0,&quot;14&quot;:{&quot;1&quot;:2,&quot;2&quot;:0},&quot;15&quot;:&quot;Rubik, sans-serif&quot;,&quot;16&quot;:12}\">En mere naturlig k\u00f8reoplevelse<\/span><\/li>\n<li><span data-sheets-value=\"{&quot;1&quot;:2,&quot;2&quot;:&quot;\u00d8jeblikkelig kraft, n\u00e5r pedalerne skubbes&quot;}\" data-sheets-userformat=\"{&quot;2&quot;:15171,&quot;3&quot;:{&quot;1&quot;:0},&quot;4&quot;:{&quot;1&quot;:2,&quot;2&quot;:16777215},&quot;9&quot;:0,&quot;11&quot;:3,&quot;12&quot;:0,&quot;14&quot;:{&quot;1&quot;:2,&quot;2&quot;:0},&quot;15&quot;:&quot;Rubik, sans-serif&quot;,&quot;16&quot;:12}\">\u00d8jeblikkelig kraft, n\u00e5r pedalerne skubbes<\/span><\/li>\n<li><span data-sheets-value=\"{&quot;1&quot;:2,&quot;2&quot;:&quot;Stille motorlyd&quot;}\" data-sheets-userformat=\"{&quot;2&quot;:15171,&quot;3&quot;:{&quot;1&quot;:0},&quot;4&quot;:{&quot;1&quot;:2,&quot;2&quot;:16777215},&quot;9&quot;:0,&quot;11&quot;:3,&quot;12&quot;:0,&quot;14&quot;:{&quot;1&quot;:2,&quot;2&quot;:0},&quot;15&quot;:&quot;Rubik, sans-serif&quot;,&quot;16&quot;:12}\">Stille motorlyd<\/span><\/li>\n<li><span data-sheets-value=\"{&quot;1&quot;:2,&quot;2&quot;:&quot;Op til 30% mere r\u00e6kkevidde&quot;}\" data-sheets-userformat=\"{&quot;2&quot;:15171,&quot;3&quot;:{&quot;1&quot;:0},&quot;4&quot;:{&quot;1&quot;:2,&quot;2&quot;:16777215},&quot;9&quot;:0,&quot;11&quot;:3,&quot;12&quot;:0,&quot;14&quot;:{&quot;1&quot;:2,&quot;2&quot;:0},&quot;15&quot;:&quot;Rubik, sans-serif&quot;,&quot;16&quot;:12}\">Op til 30% mere r\u00e6kkevidde<\/span><\/li>\n<li><a href=\"https:\/\/wisperbikes.com\/dk\/faqs\/#cadence-speed\"><strong><span data-sheets-value=\"{&quot;1&quot;:2,&quot;2&quot;:&quot;For fulde detaljer klik her&quot;}\" data-sheets-userformat=\"{&quot;2&quot;:15171,&quot;3&quot;:{&quot;1&quot;:0},&quot;4&quot;:{&quot;1&quot;:2,&quot;2&quot;:16777215},&quot;9&quot;:0,&quot;11&quot;:3,&quot;12&quot;:0,&quot;14&quot;:{&quot;1&quot;:2,&quot;2&quot;:0},&quot;15&quot;:&quot;Rubik, sans-serif&quot;,&quot;16&quot;:12}\">For fulde detaljer klik her<\/span><\/strong><\/a><\/li>\n<\/ol>\n<p><span data-sheets-value=\"{&quot;1&quot;:2,&quot;2&quot;:&quot;For dine cykelbehov og sp\u00f8rgsm\u00e5l, t\u00f8v ikke med at kontakte os.&quot;}\" data-sheets-userformat=\"{&quot;2&quot;:15171,&quot;3&quot;:{&quot;1&quot;:0},&quot;4&quot;:{&quot;1&quot;:2,&quot;2&quot;:16777215},&quot;9&quot;:0,&quot;11&quot;:3,&quot;12&quot;:0,&quot;14&quot;:{&quot;1&quot;:2,&quot;2&quot;:0},&quot;15&quot;:&quot;Rubik, sans-serif&quot;,&quot;16&quot;:12}\">For dine cykelbehov og sp\u00f8rgsm\u00e5l, t\u00f8v ikke med at <\/span><a href=\"https:\/\/wisperbikes.com\/dk\/contact\/\"><span data-sheets-value=\"{&quot;1&quot;:2,&quot;2&quot;:&quot;For dine cykelbehov og sp\u00f8rgsm\u00e5l, t\u00f8v ikke med at kontakte os.&quot;}\" data-sheets-userformat=\"{&quot;2&quot;:15171,&quot;3&quot;:{&quot;1&quot;:0},&quot;4&quot;:{&quot;1&quot;:2,&quot;2&quot;:16777215},&quot;9&quot;:0,&quot;11&quot;:3,&quot;12&quot;:0,&quot;14&quot;:{&quot;1&quot;:2,&quot;2&quot;:0},&quot;15&quot;:&quot;Rubik, sans-serif&quot;,&quot;16&quot;:12}\">kontakte os.<\/span><\/a><\/p>\n<h3><span data-sheets-value=\"{&quot;1&quot;:2,&quot;2&quot;:&quot;Teknisk Specifikation&quot;}\" data-sheets-userformat=\"{&quot;2&quot;:15171,&quot;3&quot;:{&quot;1&quot;:0},&quot;4&quot;:{&quot;1&quot;:2,&quot;2&quot;:16777215},&quot;9&quot;:0,&quot;11&quot;:3,&quot;12&quot;:0,&quot;14&quot;:{&quot;1&quot;:2,&quot;2&quot;:0},&quot;15&quot;:&quot;Rubik, sans-serif&quot;,&quot;16&quot;:12}\">Teknisk Specifikation<\/span><\/h3>\n<h4>Motor<\/h4>\n<p><span data-sheets-value=\"{&quot;1&quot;:2,&quot;2&quot;:&quot;Wisper H\u00f8j effektivitet,&quot;}\" data-sheets-userformat=\"{&quot;2&quot;:15171,&quot;3&quot;:{&quot;1&quot;:0},&quot;4&quot;:{&quot;1&quot;:2,&quot;2&quot;:16777215},&quot;9&quot;:0,&quot;11&quot;:3,&quot;12&quot;:0,&quot;14&quot;:{&quot;1&quot;:2,&quot;2&quot;:0},&quot;15&quot;:&quot;Rubik, sans-serif&quot;,&quot;16&quot;:12}\">Wisper H\u00f8j effektivitet,<\/span><br \/>\n<span data-sheets-value=\"{&quot;1&quot;:2,&quot;2&quot;:&quot;250W h\u00f8jt moment b\u00f8rstel\u00f8s motor&quot;}\" data-sheets-userformat=\"{&quot;2&quot;:15171,&quot;3&quot;:{&quot;1&quot;:0},&quot;4&quot;:{&quot;1&quot;:2,&quot;2&quot;:16777215},&quot;9&quot;:0,&quot;11&quot;:3,&quot;12&quot;:0,&quot;14&quot;:{&quot;1&quot;:2,&quot;2&quot;:0},&quot;15&quot;:&quot;Rubik, sans-serif&quot;,&quot;16&quot;:12}\">250W h\u00f8jt moment b\u00f8rstel\u00f8s motor<\/span><\/p>\n<h4><span data-sheets-value=\"{&quot;1&quot;:2,&quot;2&quot;:&quot;Lithium Batteri&quot;}\" data-sheets-userformat=\"{&quot;2&quot;:15171,&quot;3&quot;:{&quot;1&quot;:0},&quot;4&quot;:{&quot;1&quot;:2,&quot;2&quot;:16777215},&quot;9&quot;:0,&quot;11&quot;:3,&quot;12&quot;:0,&quot;14&quot;:{&quot;1&quot;:2,&quot;2&quot;:0},&quot;15&quot;:&quot;Rubik, sans-serif&quot;,&quot;16&quot;:12}\">Lithium Batteri<\/span><\/h4>\n<p><span data-sheets-value=\"{&quot;1&quot;:2,&quot;2&quot;:&quot;Medium r\u00e6kkevidde 375Wh MAX r\u00e6kkevidde 80 km&quot;}\" data-sheets-userformat=\"{&quot;2&quot;:15171,&quot;3&quot;:{&quot;1&quot;:0},&quot;4&quot;:{&quot;1&quot;:2,&quot;2&quot;:16777215},&quot;9&quot;:0,&quot;11&quot;:3,&quot;12&quot;:0,&quot;14&quot;:{&quot;1&quot;:2,&quot;2&quot;:0},&quot;15&quot;:&quot;Rubik, sans-serif&quot;,&quot;16&quot;:12}\">Medium r\u00e6kkevidde 375Wh MAX r\u00e6kkevidde 80 km<\/span><br \/>\n<span data-sheets-value=\"{&quot;1&quot;:2,&quot;2&quot;:&quot;Lang r\u00e6kkevidde 575Wh MAX r\u00e6kkevidde 120 km&quot;}\" data-sheets-userformat=\"{&quot;2&quot;:15171,&quot;3&quot;:{&quot;1&quot;:0},&quot;4&quot;:{&quot;1&quot;:2,&quot;2&quot;:16777215},&quot;9&quot;:0,&quot;11&quot;:3,&quot;12&quot;:0,&quot;14&quot;:{&quot;1&quot;:2,&quot;2&quot;:0},&quot;15&quot;:&quot;Rubik, sans-serif&quot;,&quot;16&quot;:12}\">Lang r\u00e6kkevidde 575Wh MAX r\u00e6kkevidde 120 km<\/span><br \/>\n<span data-sheets-value=\"{&quot;1&quot;:2,&quot;2&quot;:&quot;Mega r\u00e6kkevidde 700W MAX r\u00e6kkevidde 160 km&quot;}\" data-sheets-userformat=\"{&quot;2&quot;:15171,&quot;3&quot;:{&quot;1&quot;:0},&quot;4&quot;:{&quot;1&quot;:2,&quot;2&quot;:16777215},&quot;9&quot;:0,&quot;11&quot;:3,&quot;12&quot;:0,&quot;14&quot;:{&quot;1&quot;:2,&quot;2&quot;:0},&quot;15&quot;:&quot;Rubik, sans-serif&quot;,&quot;16&quot;:12}\">Mega r\u00e6kkevidde 700W MAX r\u00e6kkevidde 160 km<\/span><\/p>\n<p><span data-sheets-value=\"{&quot;1&quot;:2,&quot;2&quot;:&quot;*Ved at opgradere til vores h\u00f8j effektivitet Moment Kraftpakke kan r\u00e6kkevidden forl\u00e6nges med op til 30%&quot;}\" data-sheets-userformat=\"{&quot;2&quot;:15171,&quot;3&quot;:{&quot;1&quot;:0},&quot;4&quot;:{&quot;1&quot;:2,&quot;2&quot;:16777215},&quot;9&quot;:0,&quot;11&quot;:3,&quot;12&quot;:0,&quot;14&quot;:{&quot;1&quot;:2,&quot;2&quot;:0},&quot;15&quot;:&quot;Rubik, sans-serif&quot;,&quot;16&quot;:12}\">*Ved at opgradere til vores h\u00f8j effektivitet Moment Kraftpakke kan r\u00e6kkevidden forl\u00e6nges med op til 30%<\/span><\/p>\n<p><img decoding=\"async\" loading=\"lazy\" class=\"alignnone size-full wp-image-31586\" src=\"https:\/\/wisperbikes.com\/dk\/wp-content\/uploads\/2021\/09\/Wisper-traditional-crossbar-torque-model-pic-specs-scaled.jpg\" alt=\"\" width=\"1416\" height=\"787\" \/><\/p>\n<p>&nbsp;<\/p>\n<p>&nbsp;<\/p>\n<p>&nbsp;<\/p>\n","protected":false},"excerpt":{"rendered":"<p>&nbsp;<\/p>\n<p>&nbsp;<\/p>\n","protected":false},"featured_media":39221,"comment_status":"open","ping_status":"closed","template":"","meta":[],"product_cat":[947,916,958,160,161],"product_tag":[],"acf":[],"yoast_head":"<!-- This site is optimized with the Yoast SEO plugin v20.13 - https:\/\/yoast.com\/wordpress\/plugins\/seo\/ -->\n<title>Wisper 905 Crossbar El-cykel - Wisper Bikes<\/title>\n<meta name=\"description\" content=\"Wisper 905 2019 Crossbar E-Bike tilbyder en vindende kombination af stil og ydeevne. Oplev sp\u00e6ndingen ved el-cykling.\" \/>\n<meta name=\"robots\" content=\"index, follow, max-snippet:-1, max-image-preview:large, max-video-preview:-1\" \/>\n<link rel=\"canonical\" href=\"https:\/\/wisperbikes.com\/dk\/shop\/e-bikes\/crossbar-ebikes\/905-2019\/\" \/>\n<meta property=\"og:locale\" content=\"da_DK\" \/>\n<meta property=\"og:type\" content=\"article\" \/>\n<meta property=\"og:title\" content=\"Wisper 905 Crossbar El-cykel - Wisper Bikes\" \/>\n<meta property=\"og:description\" content=\"Wisper 905 2019 Crossbar E-Bike tilbyder en vindende kombination af stil og ydeevne. Oplev sp\u00e6ndingen ved el-cykling.\" \/>\n<meta property=\"og:url\" content=\"https:\/\/wisperbikes.com\/dk\/shop\/e-bikes\/crossbar-ebikes\/905-2019\/\" \/>\n<meta property=\"og:site_name\" content=\"Wisper Bikes\" \/>\n<meta property=\"article:publisher\" content=\"https:\/\/www.facebook.com\/Amps.Bike\/\" \/>\n<meta property=\"article:modified_time\" content=\"2023-07-21T12:02:01+00:00\" \/>\n<meta property=\"og:image\" content=\"https:\/\/wisperbikes.com\/dk\/wp-content\/uploads\/2019\/06\/905-Black.webp\" \/>\n\t<meta property=\"og:image:width\" content=\"1000\" \/>\n\t<meta property=\"og:image:height\" content=\"1000\" \/>\n\t<meta property=\"og:image:type\" content=\"image\/webp\" \/>\n<meta name=\"twitter:card\" content=\"summary_large_image\" \/>\n<meta name=\"twitter:site\" content=\"@wisperebikes\" \/>\n<meta name=\"twitter:label1\" content=\"Estimeret l\u00e6setid\" \/>\n\t<meta name=\"twitter:data1\" content=\"2 minutter\" \/>\n<script type=\"application\/ld+json\" class=\"yoast-schema-graph\">{\"@context\":\"https:\/\/schema.org\",\"@graph\":[{\"@type\":\"WebPage\",\"@id\":\"https:\/\/wisperbikes.com\/dk\/shop\/e-bikes\/crossbar-ebikes\/905-2019\/\",\"url\":\"https:\/\/wisperbikes.com\/dk\/shop\/e-bikes\/crossbar-ebikes\/905-2019\/\",\"name\":\"Wisper 905 Crossbar El-cykel - Wisper Bikes\",\"isPartOf\":{\"@id\":\"https:\/\/wisperbikes.com\/dk\/#website\"},\"datePublished\":\"2019-06-25T00:00:00+00:00\",\"dateModified\":\"2023-07-21T12:02:01+00:00\",\"description\":\"Wisper 905 2019 Crossbar E-Bike tilbyder en vindende kombination af stil og ydeevne. Oplev sp\u00e6ndingen ved el-cykling.\",\"breadcrumb\":{\"@id\":\"https:\/\/wisperbikes.com\/dk\/shop\/e-bikes\/crossbar-ebikes\/905-2019\/#breadcrumb\"},\"inLanguage\":\"da-DK\",\"potentialAction\":[{\"@type\":\"ReadAction\",\"target\":[\"https:\/\/wisperbikes.com\/dk\/shop\/e-bikes\/crossbar-ebikes\/905-2019\/\"]}]},{\"@type\":\"BreadcrumbList\",\"@id\":\"https:\/\/wisperbikes.com\/dk\/shop\/e-bikes\/crossbar-ebikes\/905-2019\/#breadcrumb\",\"itemListElement\":[{\"@type\":\"ListItem\",\"position\":1,\"name\":\"Home\",\"item\":\"https:\/\/wisperbikes.com\/dk\/\"},{\"@type\":\"ListItem\",\"position\":2,\"name\":\"Our Shop\",\"item\":\"https:\/\/wisperbikes.com\/dk\/shop\/\"},{\"@type\":\"ListItem\",\"position\":3,\"name\":\"Wisper 905 Crossbar Electric Bicycle\"}]},{\"@type\":\"WebSite\",\"@id\":\"https:\/\/wisperbikes.com\/dk\/#website\",\"url\":\"https:\/\/wisperbikes.com\/dk\/\",\"name\":\"Wisper Bikes\",\"description\":\"Electric Bikes\",\"publisher\":{\"@id\":\"https:\/\/wisperbikes.com\/dk\/#organization\"},\"potentialAction\":[{\"@type\":\"SearchAction\",\"target\":{\"@type\":\"EntryPoint\",\"urlTemplate\":\"https:\/\/wisperbikes.com\/dk\/?s={search_term_string}\"},\"query-input\":\"required name=search_term_string\"}],\"inLanguage\":\"da-DK\"},{\"@type\":\"Organization\",\"@id\":\"https:\/\/wisperbikes.com\/dk\/#organization\",\"name\":\"Wisper Electric Bikes\",\"alternateName\":\"Wisper E-Bikes\",\"url\":\"https:\/\/wisperbikes.com\/dk\/\",\"logo\":{\"@type\":\"ImageObject\",\"inLanguage\":\"da-DK\",\"@id\":\"https:\/\/wisperbikes.com\/dk\/#\/schema\/logo\/image\/\",\"url\":\"https:\/\/wisperbikes.com\/dk\/wp-content\/uploads\/2021\/06\/WISPER-Logo.png\",\"contentUrl\":\"https:\/\/wisperbikes.com\/dk\/wp-content\/uploads\/2021\/06\/WISPER-Logo.png\",\"width\":250,\"height\":65,\"caption\":\"Wisper Electric Bikes\"},\"image\":{\"@id\":\"https:\/\/wisperbikes.com\/dk\/#\/schema\/logo\/image\/\"},\"sameAs\":[\"https:\/\/www.facebook.com\/Amps.Bike\/\",\"https:\/\/twitter.com\/wisperebikes\",\"https:\/\/www.instagram.com\/wisperbikes\/\"]}]}<\/script>\n<!-- \/ Yoast SEO plugin. -->","yoast_head_json":{"title":"Wisper 905 Crossbar El-cykel - Wisper Bikes","description":"Wisper 905 2019 Crossbar E-Bike tilbyder en vindende kombination af stil og ydeevne. Oplev sp\u00e6ndingen ved el-cykling.","robots":{"index":"index","follow":"follow","max-snippet":"max-snippet:-1","max-image-preview":"max-image-preview:large","max-video-preview":"max-video-preview:-1"},"canonical":"https:\/\/wisperbikes.com\/dk\/shop\/e-bikes\/crossbar-ebikes\/905-2019\/","og_locale":"da_DK","og_type":"article","og_title":"Wisper 905 Crossbar El-cykel - Wisper Bikes","og_description":"Wisper 905 2019 Crossbar E-Bike tilbyder en vindende kombination af stil og ydeevne. Oplev sp\u00e6ndingen ved el-cykling.","og_url":"https:\/\/wisperbikes.com\/dk\/shop\/e-bikes\/crossbar-ebikes\/905-2019\/","og_site_name":"Wisper Bikes","article_publisher":"https:\/\/www.facebook.com\/Amps.Bike\/","article_modified_time":"2023-07-21T12:02:01+00:00","og_image":[{"width":1000,"height":1000,"url":"https:\/\/wisperbikes.com\/dk\/wp-content\/uploads\/2019\/06\/905-Black.webp","type":"image\/webp"}],"twitter_card":"summary_large_image","twitter_site":"@wisperebikes","twitter_misc":{"Estimeret l\u00e6setid":"2 minutter"},"schema":{"@context":"https:\/\/schema.org","@graph":[{"@type":"WebPage","@id":"https:\/\/wisperbikes.com\/dk\/shop\/e-bikes\/crossbar-ebikes\/905-2019\/","url":"https:\/\/wisperbikes.com\/dk\/shop\/e-bikes\/crossbar-ebikes\/905-2019\/","name":"Wisper 905 Crossbar El-cykel - Wisper Bikes","isPartOf":{"@id":"https:\/\/wisperbikes.com\/dk\/#website"},"datePublished":"2019-06-25T00:00:00+00:00","dateModified":"2023-07-21T12:02:01+00:00","description":"Wisper 905 2019 Crossbar E-Bike tilbyder en vindende kombination af stil og ydeevne. Oplev sp\u00e6ndingen ved el-cykling.","breadcrumb":{"@id":"https:\/\/wisperbikes.com\/dk\/shop\/e-bikes\/crossbar-ebikes\/905-2019\/#breadcrumb"},"inLanguage":"da-DK","potentialAction":[{"@type":"ReadAction","target":["https:\/\/wisperbikes.com\/dk\/shop\/e-bikes\/crossbar-ebikes\/905-2019\/"]}]},{"@type":"BreadcrumbList","@id":"https:\/\/wisperbikes.com\/dk\/shop\/e-bikes\/crossbar-ebikes\/905-2019\/#breadcrumb","itemListElement":[{"@type":"ListItem","position":1,"name":"Home","item":"https:\/\/wisperbikes.com\/dk\/"},{"@type":"ListItem","position":2,"name":"Our Shop","item":"https:\/\/wisperbikes.com\/dk\/shop\/"},{"@type":"ListItem","position":3,"name":"Wisper 905 Crossbar Electric Bicycle"}]},{"@type":"WebSite","@id":"https:\/\/wisperbikes.com\/dk\/#website","url":"https:\/\/wisperbikes.com\/dk\/","name":"Wisper Bikes","description":"Electric Bikes","publisher":{"@id":"https:\/\/wisperbikes.com\/dk\/#organization"},"potentialAction":[{"@type":"SearchAction","target":{"@type":"EntryPoint","urlTemplate":"https:\/\/wisperbikes.com\/dk\/?s={search_term_string}"},"query-input":"required name=search_term_string"}],"inLanguage":"da-DK"},{"@type":"Organization","@id":"https:\/\/wisperbikes.com\/dk\/#organization","name":"Wisper Electric Bikes","alternateName":"Wisper E-Bikes","url":"https:\/\/wisperbikes.com\/dk\/","logo":{"@type":"ImageObject","inLanguage":"da-DK","@id":"https:\/\/wisperbikes.com\/dk\/#\/schema\/logo\/image\/","url":"https:\/\/wisperbikes.com\/dk\/wp-content\/uploads\/2021\/06\/WISPER-Logo.png","contentUrl":"https:\/\/wisperbikes.com\/dk\/wp-content\/uploads\/2021\/06\/WISPER-Logo.png","width":250,"height":65,"caption":"Wisper Electric Bikes"},"image":{"@id":"https:\/\/wisperbikes.com\/dk\/#\/schema\/logo\/image\/"},"sameAs":["https:\/\/www.facebook.com\/Amps.Bike\/","https:\/\/twitter.com\/wisperebikes","https:\/\/www.instagram.com\/wisperbikes\/"]}]}},"_links":{"self":[{"href":"https:\/\/wisperbikes.com\/dk\/wp-json\/wp\/v2\/product\/24173"}],"collection":[{"href":"https:\/\/wisperbikes.com\/dk\/wp-json\/wp\/v2\/product"}],"about":[{"href":"https:\/\/wisperbikes.com\/dk\/wp-json\/wp\/v2\/types\/product"}],"replies":[{"embeddable":true,"href":"https:\/\/wisperbikes.com\/dk\/wp-json\/wp\/v2\/comments?post=24173"}],"wp:featuredmedia":[{"embeddable":true,"href":"https:\/\/wisperbikes.com\/dk\/wp-json\/wp\/v2\/media\/39221"}],"wp:attachment":[{"href":"https:\/\/wisperbikes.com\/dk\/wp-json\/wp\/v2\/media?parent=24173"}],"wp:term":[{"taxonomy":"product_cat","embeddable":true,"href":"https:\/\/wisperbikes.com\/dk\/wp-json\/wp\/v2\/product_cat?post=24173"},{"taxonomy":"product_tag","embeddable":true,"href":"https:\/\/wisperbikes.com\/dk\/wp-json\/wp\/v2\/product_tag?post=24173"}],"curies":[{"name":"wp","href":"https:\/\/api.w.org\/{rel}","templated":true}]}}