{"id":24323,"date":"2017-10-23T00:00:00","date_gmt":"2017-10-23T00:00:00","guid":{"rendered":"http:\/\/localhost\/wisper_both\/shop\/uncategorized\/quill-ergotech-adjustable-stem\/"},"modified":"2024-03-01T13:40:13","modified_gmt":"2024-03-01T13:40:13","slug":"quill-ergotech-adjustable-stem","status":"publish","type":"product","link":"https:\/\/wisperbikes.com\/dk\/shop\/accessories\/bike-steering\/quill-ergotech-adjustable-stem\/","title":{"rendered":"Quill Ergotech Adjustable Stem"},"content":{"rendered":"<p>806<\/p>\n<p>SKU: PWX313308<\/p>\n","protected":false},"excerpt":{"rendered":"<p>806 SKU: PWX313308<\/p>\n","protected":false},"featured_media":6979,"comment_status":"closed","ping_status":"closed","template":"","meta":[],"product_cat":[911,167],"product_tag":[],"acf":[],"yoast_head":"<!-- This site is optimized with the Yoast SEO plugin v20.13 - https:\/\/yoast.com\/wordpress\/plugins\/seo\/ -->\n<title>Quill Ergotech Justerbar Frempind | Cykeltilbeh\u00f8r<\/title>\n<meta name=\"description\" content=\"Den Quill Ergotech Justerbare Frempind: robust, justerbar, 3D-smidd aluminium for styrke og letv\u00e6gt. K\u00f8b Wisper tilbeh\u00f8r i dag!\" \/>\n<meta name=\"robots\" content=\"index, follow, max-snippet:-1, max-image-preview:large, max-video-preview:-1\" \/>\n<link rel=\"canonical\" href=\"https:\/\/wisperbikes.com\/dk\/shop\/accessories\/bike-steering\/quill-ergotech-adjustable-stem\/\" \/>\n<meta property=\"og:locale\" content=\"da_DK\" \/>\n<meta property=\"og:type\" content=\"article\" \/>\n<meta property=\"og:title\" content=\"Quill Ergotech Justerbar Frempind | Cykeltilbeh\u00f8r\" \/>\n<meta property=\"og:description\" content=\"Den Quill Ergotech Justerbare Frempind: robust, justerbar, 3D-smidd aluminium for styrke og letv\u00e6gt. K\u00f8b Wisper tilbeh\u00f8r i dag!\" \/>\n<meta property=\"og:url\" content=\"https:\/\/wisperbikes.com\/dk\/shop\/accessories\/bike-steering\/quill-ergotech-adjustable-stem\/\" \/>\n<meta property=\"og:site_name\" content=\"Wisper Bikes\" \/>\n<meta property=\"article:publisher\" content=\"https:\/\/www.facebook.com\/Amps.Bike\/\" \/>\n<meta property=\"article:modified_time\" content=\"2024-03-01T13:40:13+00:00\" \/>\n<meta property=\"og:image\" content=\"https:\/\/wisperbikes.com\/dk\/wp-content\/uploads\/2019\/06\/PWX313308-WISPER-QUILL-ERGOTECH-ADJUSTABLE-STEM-1.jpg\" \/>\n\t<meta property=\"og:image:width\" content=\"970\" \/>\n\t<meta property=\"og:image:height\" content=\"970\" \/>\n\t<meta property=\"og:image:type\" content=\"image\/jpeg\" \/>\n<meta name=\"twitter:card\" content=\"summary_large_image\" \/>\n<meta name=\"twitter:site\" content=\"@wisperebikes\" \/>\n<meta name=\"twitter:label1\" content=\"Estimeret l\u00e6setid\" \/>\n\t<meta name=\"twitter:data1\" content=\"1 minut\" \/>\n<script type=\"application\/ld+json\" class=\"yoast-schema-graph\">{\"@context\":\"https:\/\/schema.org\",\"@graph\":[{\"@type\":\"WebPage\",\"@id\":\"https:\/\/wisperbikes.com\/dk\/shop\/accessories\/bike-steering\/quill-ergotech-adjustable-stem\/\",\"url\":\"https:\/\/wisperbikes.com\/dk\/shop\/accessories\/bike-steering\/quill-ergotech-adjustable-stem\/\",\"name\":\"Quill Ergotech Justerbar Frempind | Cykeltilbeh\u00f8r\",\"isPartOf\":{\"@id\":\"https:\/\/wisperbikes.com\/dk\/#website\"},\"datePublished\":\"2017-10-23T00:00:00+00:00\",\"dateModified\":\"2024-03-01T13:40:13+00:00\",\"description\":\"Den Quill Ergotech Justerbare Frempind: robust, justerbar, 3D-smidd aluminium for styrke og letv\u00e6gt. K\u00f8b Wisper tilbeh\u00f8r i dag!\",\"breadcrumb\":{\"@id\":\"https:\/\/wisperbikes.com\/dk\/shop\/accessories\/bike-steering\/quill-ergotech-adjustable-stem\/#breadcrumb\"},\"inLanguage\":\"da-DK\",\"potentialAction\":[{\"@type\":\"ReadAction\",\"target\":[\"https:\/\/wisperbikes.com\/dk\/shop\/accessories\/bike-steering\/quill-ergotech-adjustable-stem\/\"]}]},{\"@type\":\"BreadcrumbList\",\"@id\":\"https:\/\/wisperbikes.com\/dk\/shop\/accessories\/bike-steering\/quill-ergotech-adjustable-stem\/#breadcrumb\",\"itemListElement\":[{\"@type\":\"ListItem\",\"position\":1,\"name\":\"Home\",\"item\":\"https:\/\/wisperbikes.com\/dk\/\"},{\"@type\":\"ListItem\",\"position\":2,\"name\":\"Our Shop\",\"item\":\"https:\/\/wisperbikes.com\/dk\/shop\/\"},{\"@type\":\"ListItem\",\"position\":3,\"name\":\"Quill Ergotech Adjustable Stem\"}]},{\"@type\":\"WebSite\",\"@id\":\"https:\/\/wisperbikes.com\/dk\/#website\",\"url\":\"https:\/\/wisperbikes.com\/dk\/\",\"name\":\"Wisper Bikes\",\"description\":\"Electric Bikes\",\"publisher\":{\"@id\":\"https:\/\/wisperbikes.com\/dk\/#organization\"},\"potentialAction\":[{\"@type\":\"SearchAction\",\"target\":{\"@type\":\"EntryPoint\",\"urlTemplate\":\"https:\/\/wisperbikes.com\/dk\/?s={search_term_string}\"},\"query-input\":\"required name=search_term_string\"}],\"inLanguage\":\"da-DK\"},{\"@type\":\"Organization\",\"@id\":\"https:\/\/wisperbikes.com\/dk\/#organization\",\"name\":\"Wisper Electric Bikes\",\"alternateName\":\"Wisper E-Bikes\",\"url\":\"https:\/\/wisperbikes.com\/dk\/\",\"logo\":{\"@type\":\"ImageObject\",\"inLanguage\":\"da-DK\",\"@id\":\"https:\/\/wisperbikes.com\/dk\/#\/schema\/logo\/image\/\",\"url\":\"https:\/\/wisperbikes.com\/dk\/wp-content\/uploads\/2021\/06\/WISPER-Logo.png\",\"contentUrl\":\"https:\/\/wisperbikes.com\/dk\/wp-content\/uploads\/2021\/06\/WISPER-Logo.png\",\"width\":250,\"height\":65,\"caption\":\"Wisper Electric Bikes\"},\"image\":{\"@id\":\"https:\/\/wisperbikes.com\/dk\/#\/schema\/logo\/image\/\"},\"sameAs\":[\"https:\/\/www.facebook.com\/Amps.Bike\/\",\"https:\/\/twitter.com\/wisperebikes\",\"https:\/\/www.instagram.com\/wisperbikes\/\"]}]}<\/script>\n<!-- \/ Yoast SEO plugin. -->","yoast_head_json":{"title":"Quill Ergotech Justerbar Frempind | Cykeltilbeh\u00f8r","description":"Den Quill Ergotech Justerbare Frempind: robust, justerbar, 3D-smidd aluminium for styrke og letv\u00e6gt. K\u00f8b Wisper tilbeh\u00f8r i dag!","robots":{"index":"index","follow":"follow","max-snippet":"max-snippet:-1","max-image-preview":"max-image-preview:large","max-video-preview":"max-video-preview:-1"},"canonical":"https:\/\/wisperbikes.com\/dk\/shop\/accessories\/bike-steering\/quill-ergotech-adjustable-stem\/","og_locale":"da_DK","og_type":"article","og_title":"Quill Ergotech Justerbar Frempind | Cykeltilbeh\u00f8r","og_description":"Den Quill Ergotech Justerbare Frempind: robust, justerbar, 3D-smidd aluminium for styrke og letv\u00e6gt. K\u00f8b Wisper tilbeh\u00f8r i dag!","og_url":"https:\/\/wisperbikes.com\/dk\/shop\/accessories\/bike-steering\/quill-ergotech-adjustable-stem\/","og_site_name":"Wisper Bikes","article_publisher":"https:\/\/www.facebook.com\/Amps.Bike\/","article_modified_time":"2024-03-01T13:40:13+00:00","og_image":[{"width":970,"height":970,"url":"https:\/\/wisperbikes.com\/dk\/wp-content\/uploads\/2019\/06\/PWX313308-WISPER-QUILL-ERGOTECH-ADJUSTABLE-STEM-1.jpg","type":"image\/jpeg"}],"twitter_card":"summary_large_image","twitter_site":"@wisperebikes","twitter_misc":{"Estimeret l\u00e6setid":"1 minut"},"schema":{"@context":"https:\/\/schema.org","@graph":[{"@type":"WebPage","@id":"https:\/\/wisperbikes.com\/dk\/shop\/accessories\/bike-steering\/quill-ergotech-adjustable-stem\/","url":"https:\/\/wisperbikes.com\/dk\/shop\/accessories\/bike-steering\/quill-ergotech-adjustable-stem\/","name":"Quill Ergotech Justerbar Frempind | Cykeltilbeh\u00f8r","isPartOf":{"@id":"https:\/\/wisperbikes.com\/dk\/#website"},"datePublished":"2017-10-23T00:00:00+00:00","dateModified":"2024-03-01T13:40:13+00:00","description":"Den Quill Ergotech Justerbare Frempind: robust, justerbar, 3D-smidd aluminium for styrke og letv\u00e6gt. K\u00f8b Wisper tilbeh\u00f8r i dag!","breadcrumb":{"@id":"https:\/\/wisperbikes.com\/dk\/shop\/accessories\/bike-steering\/quill-ergotech-adjustable-stem\/#breadcrumb"},"inLanguage":"da-DK","potentialAction":[{"@type":"ReadAction","target":["https:\/\/wisperbikes.com\/dk\/shop\/accessories\/bike-steering\/quill-ergotech-adjustable-stem\/"]}]},{"@type":"BreadcrumbList","@id":"https:\/\/wisperbikes.com\/dk\/shop\/accessories\/bike-steering\/quill-ergotech-adjustable-stem\/#breadcrumb","itemListElement":[{"@type":"ListItem","position":1,"name":"Home","item":"https:\/\/wisperbikes.com\/dk\/"},{"@type":"ListItem","position":2,"name":"Our Shop","item":"https:\/\/wisperbikes.com\/dk\/shop\/"},{"@type":"ListItem","position":3,"name":"Quill Ergotech Adjustable Stem"}]},{"@type":"WebSite","@id":"https:\/\/wisperbikes.com\/dk\/#website","url":"https:\/\/wisperbikes.com\/dk\/","name":"Wisper Bikes","description":"Electric Bikes","publisher":{"@id":"https:\/\/wisperbikes.com\/dk\/#organization"},"potentialAction":[{"@type":"SearchAction","target":{"@type":"EntryPoint","urlTemplate":"https:\/\/wisperbikes.com\/dk\/?s={search_term_string}"},"query-input":"required name=search_term_string"}],"inLanguage":"da-DK"},{"@type":"Organization","@id":"https:\/\/wisperbikes.com\/dk\/#organization","name":"Wisper Electric Bikes","alternateName":"Wisper E-Bikes","url":"https:\/\/wisperbikes.com\/dk\/","logo":{"@type":"ImageObject","inLanguage":"da-DK","@id":"https:\/\/wisperbikes.com\/dk\/#\/schema\/logo\/image\/","url":"https:\/\/wisperbikes.com\/dk\/wp-content\/uploads\/2021\/06\/WISPER-Logo.png","contentUrl":"https:\/\/wisperbikes.com\/dk\/wp-content\/uploads\/2021\/06\/WISPER-Logo.png","width":250,"height":65,"caption":"Wisper Electric Bikes"},"image":{"@id":"https:\/\/wisperbikes.com\/dk\/#\/schema\/logo\/image\/"},"sameAs":["https:\/\/www.facebook.com\/Amps.Bike\/","https:\/\/twitter.com\/wisperebikes","https:\/\/www.instagram.com\/wisperbikes\/"]}]}},"_links":{"self":[{"href":"https:\/\/wisperbikes.com\/dk\/wp-json\/wp\/v2\/product\/24323"}],"collection":[{"href":"https:\/\/wisperbikes.com\/dk\/wp-json\/wp\/v2\/product"}],"about":[{"href":"https:\/\/wisperbikes.com\/dk\/wp-json\/wp\/v2\/types\/product"}],"replies":[{"embeddable":true,"href":"https:\/\/wisperbikes.com\/dk\/wp-json\/wp\/v2\/comments?post=24323"}],"wp:featuredmedia":[{"embeddable":true,"href":"https:\/\/wisperbikes.com\/dk\/wp-json\/wp\/v2\/media\/6979"}],"wp:attachment":[{"href":"https:\/\/wisperbikes.com\/dk\/wp-json\/wp\/v2\/media?parent=24323"}],"wp:term":[{"taxonomy":"product_cat","embeddable":true,"href":"https:\/\/wisperbikes.com\/dk\/wp-json\/wp\/v2\/product_cat?post=24323"},{"taxonomy":"product_tag","embeddable":true,"href":"https:\/\/wisperbikes.com\/dk\/wp-json\/wp\/v2\/product_tag?post=24323"}],"curies":[{"name":"wp","href":"https:\/\/api.w.org\/{rel}","templated":true}]}}