{"id":24468,"date":"2017-10-23T00:00:00","date_gmt":"2017-10-23T00:00:00","guid":{"rendered":"http:\/\/localhost\/wisper_both\/shop\/uncategorized\/wispertorque-mk2-xt-display\/"},"modified":"2024-03-05T13:06:41","modified_gmt":"2024-03-05T13:06:41","slug":"wispertorque-mk2-xt-display","status":"publish","type":"product","link":"https:\/\/wisperbikes.com\/dk\/shop\/electronic\/wispertorque-mk2-xt-display\/","title":{"rendered":"Wispertorque Mk2 Xt Display"},"content":{"rendered":"<p>TORQUE RANGE<\/p>\n<p>SKU: PWBT31002<\/p>\n","protected":false},"excerpt":{"rendered":"<p>TORQUE RANGE SKU: PWBT31002<\/p>\n","protected":false},"featured_media":7259,"comment_status":"closed","ping_status":"closed","template":"","meta":[],"product_cat":[169],"product_tag":[],"acf":[],"yoast_head":"<!-- This site is optimized with the Yoast SEO plugin v20.13 - https:\/\/yoast.com\/wordpress\/plugins\/seo\/ -->\n<title>Wisper Torque Mk2 Xt Display | Cykeltilbeh\u00f8r<\/title>\n<meta name=\"description\" content=\"Wisper Torque MK2 XT-displayet er uundv\u00e6rligt for e-cykel ejere, idet det tilbyder afg\u00f8rende batteri-, hastigheds- og afstandsinformationer.\" \/>\n<meta name=\"robots\" content=\"index, follow, max-snippet:-1, max-image-preview:large, max-video-preview:-1\" \/>\n<link rel=\"canonical\" href=\"https:\/\/wisperbikes.com\/dk\/shop\/electronic\/wispertorque-mk2-xt-display\/\" \/>\n<meta property=\"og:locale\" content=\"da_DK\" \/>\n<meta property=\"og:type\" content=\"article\" \/>\n<meta property=\"og:title\" content=\"Wisper Torque Mk2 Xt Display | Cykeltilbeh\u00f8r\" \/>\n<meta property=\"og:description\" content=\"Wisper Torque MK2 XT-displayet er uundv\u00e6rligt for e-cykel ejere, idet det tilbyder afg\u00f8rende batteri-, hastigheds- og afstandsinformationer.\" \/>\n<meta property=\"og:url\" content=\"https:\/\/wisperbikes.com\/dk\/shop\/electronic\/wispertorque-mk2-xt-display\/\" \/>\n<meta property=\"og:site_name\" content=\"Wisper Bikes\" \/>\n<meta property=\"article:publisher\" content=\"https:\/\/www.facebook.com\/Amps.Bike\/\" \/>\n<meta property=\"article:modified_time\" content=\"2024-03-05T13:06:41+00:00\" \/>\n<meta property=\"og:image\" content=\"https:\/\/wisperbikes.com\/dk\/wp-content\/uploads\/2019\/06\/PWBT31002-WISPER-TORQUE-MK2-XT-DISPLAY-1.jpg\" \/>\n\t<meta property=\"og:image:width\" content=\"970\" \/>\n\t<meta property=\"og:image:height\" content=\"970\" \/>\n\t<meta property=\"og:image:type\" content=\"image\/jpeg\" \/>\n<meta name=\"twitter:card\" content=\"summary_large_image\" \/>\n<meta name=\"twitter:site\" content=\"@wisperebikes\" \/>\n<meta name=\"twitter:label1\" content=\"Estimeret l\u00e6setid\" \/>\n\t<meta name=\"twitter:data1\" content=\"1 minut\" \/>\n<script type=\"application\/ld+json\" class=\"yoast-schema-graph\">{\"@context\":\"https:\/\/schema.org\",\"@graph\":[{\"@type\":\"WebPage\",\"@id\":\"https:\/\/wisperbikes.com\/dk\/shop\/electronic\/wispertorque-mk2-xt-display\/\",\"url\":\"https:\/\/wisperbikes.com\/dk\/shop\/electronic\/wispertorque-mk2-xt-display\/\",\"name\":\"Wisper Torque Mk2 Xt Display | Cykeltilbeh\u00f8r\",\"isPartOf\":{\"@id\":\"https:\/\/wisperbikes.com\/dk\/#website\"},\"datePublished\":\"2017-10-23T00:00:00+00:00\",\"dateModified\":\"2024-03-05T13:06:41+00:00\",\"description\":\"Wisper Torque MK2 XT-displayet er uundv\u00e6rligt for e-cykel ejere, idet det tilbyder afg\u00f8rende batteri-, hastigheds- og afstandsinformationer.\",\"breadcrumb\":{\"@id\":\"https:\/\/wisperbikes.com\/dk\/shop\/electronic\/wispertorque-mk2-xt-display\/#breadcrumb\"},\"inLanguage\":\"da-DK\",\"potentialAction\":[{\"@type\":\"ReadAction\",\"target\":[\"https:\/\/wisperbikes.com\/dk\/shop\/electronic\/wispertorque-mk2-xt-display\/\"]}]},{\"@type\":\"BreadcrumbList\",\"@id\":\"https:\/\/wisperbikes.com\/dk\/shop\/electronic\/wispertorque-mk2-xt-display\/#breadcrumb\",\"itemListElement\":[{\"@type\":\"ListItem\",\"position\":1,\"name\":\"Home\",\"item\":\"https:\/\/wisperbikes.com\/dk\/\"},{\"@type\":\"ListItem\",\"position\":2,\"name\":\"Our Shop\",\"item\":\"https:\/\/wisperbikes.com\/dk\/shop\/\"},{\"@type\":\"ListItem\",\"position\":3,\"name\":\"Wispertorque Mk2 Xt Display\"}]},{\"@type\":\"WebSite\",\"@id\":\"https:\/\/wisperbikes.com\/dk\/#website\",\"url\":\"https:\/\/wisperbikes.com\/dk\/\",\"name\":\"Wisper Bikes\",\"description\":\"Electric Bikes\",\"publisher\":{\"@id\":\"https:\/\/wisperbikes.com\/dk\/#organization\"},\"potentialAction\":[{\"@type\":\"SearchAction\",\"target\":{\"@type\":\"EntryPoint\",\"urlTemplate\":\"https:\/\/wisperbikes.com\/dk\/?s={search_term_string}\"},\"query-input\":\"required name=search_term_string\"}],\"inLanguage\":\"da-DK\"},{\"@type\":\"Organization\",\"@id\":\"https:\/\/wisperbikes.com\/dk\/#organization\",\"name\":\"Wisper Electric Bikes\",\"alternateName\":\"Wisper E-Bikes\",\"url\":\"https:\/\/wisperbikes.com\/dk\/\",\"logo\":{\"@type\":\"ImageObject\",\"inLanguage\":\"da-DK\",\"@id\":\"https:\/\/wisperbikes.com\/dk\/#\/schema\/logo\/image\/\",\"url\":\"https:\/\/wisperbikes.com\/dk\/wp-content\/uploads\/2021\/06\/WISPER-Logo.png\",\"contentUrl\":\"https:\/\/wisperbikes.com\/dk\/wp-content\/uploads\/2021\/06\/WISPER-Logo.png\",\"width\":250,\"height\":65,\"caption\":\"Wisper Electric Bikes\"},\"image\":{\"@id\":\"https:\/\/wisperbikes.com\/dk\/#\/schema\/logo\/image\/\"},\"sameAs\":[\"https:\/\/www.facebook.com\/Amps.Bike\/\",\"https:\/\/twitter.com\/wisperebikes\",\"https:\/\/www.instagram.com\/wisperbikes\/\"]}]}<\/script>\n<!-- \/ Yoast SEO plugin. -->","yoast_head_json":{"title":"Wisper Torque Mk2 Xt Display | Cykeltilbeh\u00f8r","description":"Wisper Torque MK2 XT-displayet er uundv\u00e6rligt for e-cykel ejere, idet det tilbyder afg\u00f8rende batteri-, hastigheds- og afstandsinformationer.","robots":{"index":"index","follow":"follow","max-snippet":"max-snippet:-1","max-image-preview":"max-image-preview:large","max-video-preview":"max-video-preview:-1"},"canonical":"https:\/\/wisperbikes.com\/dk\/shop\/electronic\/wispertorque-mk2-xt-display\/","og_locale":"da_DK","og_type":"article","og_title":"Wisper Torque Mk2 Xt Display | Cykeltilbeh\u00f8r","og_description":"Wisper Torque MK2 XT-displayet er uundv\u00e6rligt for e-cykel ejere, idet det tilbyder afg\u00f8rende batteri-, hastigheds- og afstandsinformationer.","og_url":"https:\/\/wisperbikes.com\/dk\/shop\/electronic\/wispertorque-mk2-xt-display\/","og_site_name":"Wisper Bikes","article_publisher":"https:\/\/www.facebook.com\/Amps.Bike\/","article_modified_time":"2024-03-05T13:06:41+00:00","og_image":[{"width":970,"height":970,"url":"https:\/\/wisperbikes.com\/dk\/wp-content\/uploads\/2019\/06\/PWBT31002-WISPER-TORQUE-MK2-XT-DISPLAY-1.jpg","type":"image\/jpeg"}],"twitter_card":"summary_large_image","twitter_site":"@wisperebikes","twitter_misc":{"Estimeret l\u00e6setid":"1 minut"},"schema":{"@context":"https:\/\/schema.org","@graph":[{"@type":"WebPage","@id":"https:\/\/wisperbikes.com\/dk\/shop\/electronic\/wispertorque-mk2-xt-display\/","url":"https:\/\/wisperbikes.com\/dk\/shop\/electronic\/wispertorque-mk2-xt-display\/","name":"Wisper Torque Mk2 Xt Display | Cykeltilbeh\u00f8r","isPartOf":{"@id":"https:\/\/wisperbikes.com\/dk\/#website"},"datePublished":"2017-10-23T00:00:00+00:00","dateModified":"2024-03-05T13:06:41+00:00","description":"Wisper Torque MK2 XT-displayet er uundv\u00e6rligt for e-cykel ejere, idet det tilbyder afg\u00f8rende batteri-, hastigheds- og afstandsinformationer.","breadcrumb":{"@id":"https:\/\/wisperbikes.com\/dk\/shop\/electronic\/wispertorque-mk2-xt-display\/#breadcrumb"},"inLanguage":"da-DK","potentialAction":[{"@type":"ReadAction","target":["https:\/\/wisperbikes.com\/dk\/shop\/electronic\/wispertorque-mk2-xt-display\/"]}]},{"@type":"BreadcrumbList","@id":"https:\/\/wisperbikes.com\/dk\/shop\/electronic\/wispertorque-mk2-xt-display\/#breadcrumb","itemListElement":[{"@type":"ListItem","position":1,"name":"Home","item":"https:\/\/wisperbikes.com\/dk\/"},{"@type":"ListItem","position":2,"name":"Our Shop","item":"https:\/\/wisperbikes.com\/dk\/shop\/"},{"@type":"ListItem","position":3,"name":"Wispertorque Mk2 Xt Display"}]},{"@type":"WebSite","@id":"https:\/\/wisperbikes.com\/dk\/#website","url":"https:\/\/wisperbikes.com\/dk\/","name":"Wisper Bikes","description":"Electric Bikes","publisher":{"@id":"https:\/\/wisperbikes.com\/dk\/#organization"},"potentialAction":[{"@type":"SearchAction","target":{"@type":"EntryPoint","urlTemplate":"https:\/\/wisperbikes.com\/dk\/?s={search_term_string}"},"query-input":"required name=search_term_string"}],"inLanguage":"da-DK"},{"@type":"Organization","@id":"https:\/\/wisperbikes.com\/dk\/#organization","name":"Wisper Electric Bikes","alternateName":"Wisper E-Bikes","url":"https:\/\/wisperbikes.com\/dk\/","logo":{"@type":"ImageObject","inLanguage":"da-DK","@id":"https:\/\/wisperbikes.com\/dk\/#\/schema\/logo\/image\/","url":"https:\/\/wisperbikes.com\/dk\/wp-content\/uploads\/2021\/06\/WISPER-Logo.png","contentUrl":"https:\/\/wisperbikes.com\/dk\/wp-content\/uploads\/2021\/06\/WISPER-Logo.png","width":250,"height":65,"caption":"Wisper Electric Bikes"},"image":{"@id":"https:\/\/wisperbikes.com\/dk\/#\/schema\/logo\/image\/"},"sameAs":["https:\/\/www.facebook.com\/Amps.Bike\/","https:\/\/twitter.com\/wisperebikes","https:\/\/www.instagram.com\/wisperbikes\/"]}]}},"_links":{"self":[{"href":"https:\/\/wisperbikes.com\/dk\/wp-json\/wp\/v2\/product\/24468"}],"collection":[{"href":"https:\/\/wisperbikes.com\/dk\/wp-json\/wp\/v2\/product"}],"about":[{"href":"https:\/\/wisperbikes.com\/dk\/wp-json\/wp\/v2\/types\/product"}],"replies":[{"embeddable":true,"href":"https:\/\/wisperbikes.com\/dk\/wp-json\/wp\/v2\/comments?post=24468"}],"wp:featuredmedia":[{"embeddable":true,"href":"https:\/\/wisperbikes.com\/dk\/wp-json\/wp\/v2\/media\/7259"}],"wp:attachment":[{"href":"https:\/\/wisperbikes.com\/dk\/wp-json\/wp\/v2\/media?parent=24468"}],"wp:term":[{"taxonomy":"product_cat","embeddable":true,"href":"https:\/\/wisperbikes.com\/dk\/wp-json\/wp\/v2\/product_cat?post=24468"},{"taxonomy":"product_tag","embeddable":true,"href":"https:\/\/wisperbikes.com\/dk\/wp-json\/wp\/v2\/product_tag?post=24468"}],"curies":[{"name":"wp","href":"https:\/\/api.w.org\/{rel}","templated":true}]}}