{"id":29409,"date":"2020-12-08T11:01:55","date_gmt":"2020-12-08T11:01:55","guid":{"rendered":"https:\/\/wisperbikes.com\/dk\/?post_type=product&#038;p=29409"},"modified":"2023-07-21T12:14:20","modified_gmt":"2023-07-21T12:14:20","slug":"wayfarer-m7-mid-drive-step-through","status":"publish","type":"product","link":"https:\/\/wisperbikes.com\/dk\/shop\/e-bikes\/step-through-ebikes\/wayfarer-m7-mid-drive-step-through\/","title":{"rendered":"Wayfarer M7 Mid-Drive Step-Through"},"content":{"rendered":"<p data-pm-slice=\"1 1 []\"><span data-sheets-value=\"{&quot;1&quot;:2,&quot;2&quot;:&quot;&quot;}\" data-sheets-userformat=\"{&quot;2&quot;:513,&quot;3&quot;:{&quot;1&quot;:0},&quot;12&quot;:0}\"><script type=\"application\/ld+json\">\r\n{\r\n  \"@context\": \"https:\/\/schema.org\/\", \r\n  \"@type\": \"Product\", \r\n  \"name\": \"Wayfarer M7 Mid-Drive Step-Through\",\r\n  \"image\": \"https:\/\/wisperbikes.com\/dk\/wp-content\/uploads\/2020\/08\/MDST.jpg\",\r\n  \"description\": \"The Wisper Wayfarer M7 is the stablemate of the M9 crossbar version, its very stiff step through frame is perfect for the rider who really cares about comfort but wants excellent control. In City spec it is a comfortable commuter or day to day workhorse but underneath the city exterior beats the heart of a true thoroughbred. Hidden away the Wayfarer super hi torque motor develops 100Nm. Strip off the comfort products and change the tyres and you have the perfect off roader for a day in the hills and forests.\",\r\n  \"brand\": {\r\n    \"@type\": \"Brand\",\r\n    \"name\": \"Wisper Electric Bikes\"\r\n  },\r\n  \"offers\": {\r\n    \"@type\": \"AggregateOffer\",\r\n    \"url\": \"https:\/\/wisperbikes.com\/dk\/shop\/e-bikes\/step-through-ebikes\/wayfarer-m7-mid-drive-step-through\/\",\r\n    \"priceCurrency\": \"GBP\",\r\n    \"lowPrice\": \"2599\",\r\n    \"highPrice\": \"3298.99\"\r\n  },\r\n  \"aggregateRating\": {\r\n    \"@type\": \"AggregateRating\",\r\n    \"ratingValue\": \"5\",\r\n    \"bestRating\": \"5\",\r\n    \"worstRating\": \"1\",\r\n    \"ratingCount\": \"1\",\r\n    \"reviewCount\": \"1\"\r\n  },\r\n  \"review\": {\r\n    \"@type\": \"Review\",\r\n    \"name\": \"Bruce\",\r\n    \"reviewBody\": \"I bought two Wisper bikes (M7 & M9) through the Northern Ireland Agent (Stewart Electric) and received excellent customer service throughout. The bikes themselves are very good quality and soundly built. I\u2019m a retired mechanical engineer so I\u2019m able to make a professional assessment. Now in my mid 60s, and with bad knees and back, I thought my cycling days were over, but this bike has opened up a whole new set of possibilities. The torque from the electric motor is excellent allowing me to go further and faster than i ever could on a non electric bike, which is now laying dormant in the garage. If you are contemplating buying an e-bike, I can highly recommend the Wisper bikes.\",\r\n    \"reviewRating\": {\r\n      \"@type\": \"Rating\",\r\n      \"ratingValue\": \"5\",\r\n      \"bestRating\": \"5\",\r\n      \"worstRating\": \"1\"\r\n    },\r\n    \"datePublished\": \"2021-07-07\",\r\n    \"author\": {\"@type\": \"Person\", \"name\": \"Bruce\"},\r\n    \"publisher\": {\"@type\": \"Organization\", \"name\": \"Wisper Electric Bikes\"}\r\n  }\r\n}\r\n<\/script><\/span><\/p>\n<p data-pm-slice=\"1 1 []\"><span data-sheets-value=\"{&quot;1&quot;:2,&quot;2&quot;:&quot;*Nogle funktioner eller komponenter kan afvige fra dem, der er vist p\u00e5 grund af tilg\u00e6ngelighed.&quot;}\" data-sheets-userformat=\"{&quot;2&quot;:15171,&quot;3&quot;:{&quot;1&quot;:0},&quot;4&quot;:{&quot;1&quot;:2,&quot;2&quot;:16777215},&quot;9&quot;:0,&quot;11&quot;:3,&quot;12&quot;:0,&quot;14&quot;:{&quot;1&quot;:2,&quot;2&quot;:0},&quot;15&quot;:&quot;Rubik, sans-serif&quot;,&quot;16&quot;:12}\">*Nogle funktioner eller komponenter kan afvige fra dem, der er vist p\u00e5 grund af tilg\u00e6ngelighed.<\/span><\/p>\n<p><span data-sheets-value=\"{&quot;1&quot;:2,&quot;2&quot;:&quot;Step-Through Mid-Drive (M7): City, Adventure&quot;}\" data-sheets-userformat=\"{&quot;2&quot;:15171,&quot;3&quot;:{&quot;1&quot;:0},&quot;4&quot;:{&quot;1&quot;:2,&quot;2&quot;:16777215},&quot;9&quot;:0,&quot;11&quot;:3,&quot;12&quot;:0,&quot;14&quot;:{&quot;1&quot;:2,&quot;2&quot;:0},&quot;15&quot;:&quot;Rubik, sans-serif&quot;,&quot;16&quot;:12}\"><strong>Step-Through Mid-Drive (M7)<\/strong>: City, Adventure<\/span><\/p>\n<p><span data-sheets-value=\"{&quot;1&quot;:2,&quot;2&quot;:&quot;Wisper Wayfarer M7 er stabilemate til M9 tv\u00e6rstang versionen, dens meget stive step-through ramme er perfekt for rytteren, der virkelig bekymrer sig om komfort, men \u00f8nsker fremragende kontrol. I by-spec er det en komfortabel pendler eller daglig arbejdshest, men under byens ydre sl\u00e5r hjertet af en sand fuldblod. Gemt v\u00e6k udvikler Wayfarer super hi torque motoren 100Nm. Fjern komfortprodukterne og skift d\u00e6kkene, og du har den perfekte off-roader til en dag i bakkerne og skovene. Hvis du har brug for yderligere hj\u00e6lp, er du velkommen til at kontakte os.&quot;}\" data-sheets-userformat=\"{&quot;2&quot;:15171,&quot;3&quot;:{&quot;1&quot;:0},&quot;4&quot;:{&quot;1&quot;:2,&quot;2&quot;:16777215},&quot;9&quot;:0,&quot;11&quot;:3,&quot;12&quot;:0,&quot;14&quot;:{&quot;1&quot;:2,&quot;2&quot;:0},&quot;15&quot;:&quot;Rubik, sans-serif&quot;,&quot;16&quot;:12}\"><strong>Wisper Wayfarer M7<\/strong> er stabilemate til M9 tv\u00e6rstang versionen, dens meget stive step-through ramme er perfekt for rytteren, der virkelig bekymrer sig om komfort, men \u00f8nsker fremragende kontrol. I by-spec er det en komfortabel pendler eller daglig arbejdshest, men under byens ydre sl\u00e5r hjertet af en sand fuldblod. Gemt v\u00e6k udvikler Wayfarer super hi torque motoren 100Nm. Fjern komfortprodukterne og skift d\u00e6kkene, og du har den perfekte off-roader til en dag i bakkerne og skovene. Hvis du har brug for yderligere hj\u00e6lp, er du velkommen til at kontakte os.<\/span><\/p>\n<h3><span data-sheets-value=\"{&quot;1&quot;:2,&quot;2&quot;:&quot;Teknisk specifikation&quot;}\" data-sheets-userformat=\"{&quot;2&quot;:15171,&quot;3&quot;:{&quot;1&quot;:0},&quot;4&quot;:{&quot;1&quot;:2,&quot;2&quot;:16777215},&quot;9&quot;:0,&quot;11&quot;:3,&quot;12&quot;:0,&quot;14&quot;:{&quot;1&quot;:2,&quot;2&quot;:0},&quot;15&quot;:&quot;Rubik, sans-serif&quot;,&quot;16&quot;:12}\">Teknisk specifikation<\/span><\/h3>\n<h4>Motor<\/h4>\n<p><span data-sheets-value=\"{&quot;1&quot;:2,&quot;2&quot;:&quot;Wisper Super Hi Torque (100Nm) Mid Drive 43.2V 250W Nominel&quot;}\" data-sheets-userformat=\"{&quot;2&quot;:15171,&quot;3&quot;:{&quot;1&quot;:0},&quot;4&quot;:{&quot;1&quot;:2,&quot;2&quot;:16777215},&quot;9&quot;:0,&quot;11&quot;:3,&quot;12&quot;:0,&quot;14&quot;:{&quot;1&quot;:2,&quot;2&quot;:0},&quot;15&quot;:&quot;Rubik, sans-serif&quot;,&quot;16&quot;:12}\">Wisper Super Hi Torque (100Nm) Mid Drive 43.2V 250W Nominel<\/span><\/p>\n<h4><span data-sheets-value=\"{&quot;1&quot;:2,&quot;2&quot;:&quot;Lithium Batteri&quot;}\" data-sheets-userformat=\"{&quot;2&quot;:15171,&quot;3&quot;:{&quot;1&quot;:0},&quot;4&quot;:{&quot;1&quot;:2,&quot;2&quot;:16777215},&quot;9&quot;:0,&quot;11&quot;:3,&quot;12&quot;:0,&quot;14&quot;:{&quot;1&quot;:2,&quot;2&quot;:0},&quot;15&quot;:&quot;Rubik, sans-serif&quot;,&quot;16&quot;:12}\">Lithium Batteri<\/span><\/h4>\n<p><span data-sheets-value=\"{&quot;1&quot;:2,&quot;2&quot;:&quot;I rammen, sikker fjernbar. Kan oplades i eller uden for rammen&quot;}\" data-sheets-userformat=\"{&quot;2&quot;:15171,&quot;3&quot;:{&quot;1&quot;:0},&quot;4&quot;:{&quot;1&quot;:2,&quot;2&quot;:16777215},&quot;9&quot;:0,&quot;11&quot;:3,&quot;12&quot;:0,&quot;14&quot;:{&quot;1&quot;:2,&quot;2&quot;:0},&quot;15&quot;:&quot;Rubik, sans-serif&quot;,&quot;16&quot;:12}\">I rammen, sikker fjernbar. Kan oplades i eller uden for rammen<\/span><br \/>\n<span data-sheets-value=\"{&quot;1&quot;:2,&quot;2&quot;:&quot;T\u00e6nd\/sluk-knap med LED opladningsstatus lys.&quot;}\" data-sheets-userformat=\"{&quot;2&quot;:15171,&quot;3&quot;:{&quot;1&quot;:0},&quot;4&quot;:{&quot;1&quot;:2,&quot;2&quot;:16777215},&quot;9&quot;:0,&quot;11&quot;:3,&quot;12&quot;:0,&quot;14&quot;:{&quot;1&quot;:2,&quot;2&quot;:0},&quot;15&quot;:&quot;Rubik, sans-serif&quot;,&quot;16&quot;:12}\">T\u00e6nd\/sluk-knap med LED opladningsstatus lys.<\/span><br \/>\nStandard 450Wh<br \/>\n<span data-sheets-value=\"{&quot;1&quot;:2,&quot;2&quot;:&quot;Lang r\u00e6kkevidde 700Wh&quot;}\" data-sheets-userformat=\"{&quot;2&quot;:15171,&quot;3&quot;:{&quot;1&quot;:0},&quot;4&quot;:{&quot;1&quot;:2,&quot;2&quot;:16777215},&quot;9&quot;:0,&quot;11&quot;:3,&quot;12&quot;:0,&quot;14&quot;:{&quot;1&quot;:2,&quot;2&quot;:0},&quot;15&quot;:&quot;Rubik, sans-serif&quot;,&quot;16&quot;:12}\">Lang r\u00e6kkevidde 700Wh<\/span><\/p>\n<h4><span data-sheets-value=\"{&quot;1&quot;:2,&quot;2&quot;:&quot;Assisteret r\u00e6kkevidde&quot;}\" data-sheets-userformat=\"{&quot;2&quot;:15171,&quot;3&quot;:{&quot;1&quot;:0},&quot;4&quot;:{&quot;1&quot;:2,&quot;2&quot;:16777215},&quot;9&quot;:0,&quot;11&quot;:3,&quot;12&quot;:0,&quot;14&quot;:{&quot;1&quot;:2,&quot;2&quot;:0},&quot;15&quot;:&quot;Rubik, sans-serif&quot;,&quot;16&quot;:12}\">Assisteret r\u00e6kkevidde<\/span><\/h4>\n<p><span data-sheets-value=\"{&quot;1&quot;:2,&quot;2&quot;:&quot;450Wh Max Range = 60 miles (95km)&quot;}\" data-sheets-userformat=\"{&quot;2&quot;:15171,&quot;3&quot;:{&quot;1&quot;:0},&quot;4&quot;:{&quot;1&quot;:2,&quot;2&quot;:16777215},&quot;9&quot;:0,&quot;11&quot;:3,&quot;12&quot;:0,&quot;14&quot;:{&quot;1&quot;:2,&quot;2&quot;:0},&quot;15&quot;:&quot;Rubik, sans-serif&quot;,&quot;16&quot;:12}\">450Wh Max Range = 60 miles (95km)<\/span><br \/>\n700Wh Max Range = 90 miles (140km)<\/p>\n<h4><span data-sheets-value=\"{&quot;1&quot;:2,&quot;2&quot;:&quot;Kontroller&quot;}\" data-sheets-userformat=\"{&quot;2&quot;:15171,&quot;3&quot;:{&quot;1&quot;:0},&quot;4&quot;:{&quot;1&quot;:2,&quot;2&quot;:16777215},&quot;9&quot;:0,&quot;11&quot;:3,&quot;12&quot;:0,&quot;14&quot;:{&quot;1&quot;:2,&quot;2&quot;:0},&quot;15&quot;:&quot;Rubik, sans-serif&quot;,&quot;16&quot;:12}\">Kontroller<\/span><\/h4>\n<p><span data-sheets-value=\"{&quot;1&quot;:2,&quot;2&quot;:&quot;Wisper bagbelyst LCD display med fjernbetjeninger&quot;}\" data-sheets-userformat=\"{&quot;2&quot;:15171,&quot;3&quot;:{&quot;1&quot;:0},&quot;4&quot;:{&quot;1&quot;:2,&quot;2&quot;:16777215},&quot;9&quot;:0,&quot;11&quot;:3,&quot;12&quot;:0,&quot;14&quot;:{&quot;1&quot;:2,&quot;2&quot;:0},&quot;15&quot;:&quot;Rubik, sans-serif&quot;,&quot;16&quot;:12}\">Wisper bagbelyst LCD display med fjernbetjeninger<\/span><br \/>\n<span data-sheets-value=\"{&quot;1&quot;:2,&quot;2&quot;:&quot;Tommelfinger gas til 4mph (6km\/h) g\u00e5tur langs&quot;}\" data-sheets-userformat=\"{&quot;2&quot;:15171,&quot;3&quot;:{&quot;1&quot;:0},&quot;4&quot;:{&quot;1&quot;:2,&quot;2&quot;:16777215},&quot;9&quot;:0,&quot;11&quot;:3,&quot;12&quot;:0,&quot;14&quot;:{&quot;1&quot;:2,&quot;2&quot;:0},&quot;15&quot;:&quot;Rubik, sans-serif&quot;,&quot;16&quot;:12}\">Tommelfinger gas til 4mph (6km\/h) g\u00e5tur langs<\/span><br \/>\nTommelfinger gas til 15.5mph (25km\/h) assist boost<\/p>\n<h4><span data-sheets-value=\"{&quot;1&quot;:2,&quot;2&quot;:&quot;Cykelv\u00e6gt&quot;}\" data-sheets-userformat=\"{&quot;2&quot;:15171,&quot;3&quot;:{&quot;1&quot;:0},&quot;4&quot;:{&quot;1&quot;:2,&quot;2&quot;:16777215},&quot;9&quot;:0,&quot;11&quot;:3,&quot;12&quot;:0,&quot;14&quot;:{&quot;1&quot;:2,&quot;2&quot;:0},&quot;15&quot;:&quot;Rubik, sans-serif&quot;,&quot;16&quot;:12}\">Cykelv\u00e6gt<\/span><\/h4>\n<p>450Wh: 27kg<br \/>\n700Wh: 29kg<\/p>\n<h4><span data-sheets-value=\"{&quot;1&quot;:2,&quot;2&quot;:&quot;Ramme&quot;}\" data-sheets-userformat=\"{&quot;2&quot;:15171,&quot;3&quot;:{&quot;1&quot;:0},&quot;4&quot;:{&quot;1&quot;:2,&quot;2&quot;:16777215},&quot;9&quot;:0,&quot;11&quot;:3,&quot;12&quot;:0,&quot;14&quot;:{&quot;1&quot;:2,&quot;2&quot;:0},&quot;15&quot;:&quot;Rubik, sans-serif&quot;,&quot;16&quot;:12}\">Ramme<\/span><\/h4>\n<p><span data-sheets-value=\"{&quot;1&quot;:2,&quot;2&quot;:&quot;H\u00e5ndsvejset, 6061 legering T4 og T6 h\u00e6rdet&quot;}\" data-sheets-userformat=\"{&quot;2&quot;:15171,&quot;3&quot;:{&quot;1&quot;:0},&quot;4&quot;:{&quot;1&quot;:2,&quot;2&quot;:16777215},&quot;9&quot;:0,&quot;11&quot;:3,&quot;12&quot;:0,&quot;14&quot;:{&quot;1&quot;:2,&quot;2&quot;:0},&quot;15&quot;:&quot;Rubik, sans-serif&quot;,&quot;16&quot;:12}\">H\u00e5ndsvejset, 6061 legering T4 og T6 h\u00e6rdet<\/span><\/p>\n<h4>Ramme st\u00f8rrelse<\/h4>\n<p>17.5\u201d 44.5cm<\/p>\n<h4>Ramme Farve<\/h4>\n<p>Iridium S\u00f8lv 6 lag<\/p>\n<h4>Forgafler<\/h4>\n<p><span data-sheets-value=\"{&quot;1&quot;:2,&quot;2&quot;:&quot;Suntour XCM 32 100mm rejse, gennem aksel&quot;}\" data-sheets-userformat=\"{&quot;2&quot;:15171,&quot;3&quot;:{&quot;1&quot;:0},&quot;4&quot;:{&quot;1&quot;:2,&quot;2&quot;:16777215},&quot;9&quot;:0,&quot;11&quot;:3,&quot;12&quot;:0,&quot;14&quot;:{&quot;1&quot;:2,&quot;2&quot;:0},&quot;15&quot;:&quot;Rubik, sans-serif&quot;,&quot;16&quot;:12}\">Suntour XCM 32 100mm rejse, gennem aksel<\/span><\/p>\n<h4>Styr<\/h4>\n<p>635mm swept back anodised black<\/p>\n<h4>Stem<\/h4>\n<p>635mm tilbagetr\u00e6k anodiseret sort<br \/>\n<img decoding=\"async\" loading=\"lazy\" class=\"alignnone wp-image-31574 size-full\" src=\"https:\/\/wisperbikes.com\/dk\/wp-content\/uploads\/2021\/09\/Wisper-Wayfarer-MD-ST-City-pic-spec-scaled.jpg\" alt=\"step through electric bike sizing and dimentions\" width=\"1416\" height=\"754\" \/><\/p>\n","protected":false},"excerpt":{"rendered":"<p>*Nogle funktioner eller komponenter kan afvige fra dem, der er vist p\u00e5 grund af tilg\u00e6ngelighed. Step-Through Mid-Drive (M7): City, Adventure Wisper Wayfarer M7 er stabilemate til M9 tv\u00e6rstang versionen, dens meget stive step-through ramme er perfekt for rytteren, der virkelig bekymrer sig om komfort, men \u00f8nsker fremragende kontrol. I by-spec er det en komfortabel pendler&hellip;<\/p>\n","protected":false},"featured_media":28253,"comment_status":"open","ping_status":"closed","template":"","meta":[],"product_cat":[160,158,176],"product_tag":[],"acf":[],"yoast_head":"<!-- This site is optimized with the Yoast SEO plugin v20.13 - https:\/\/yoast.com\/wordpress\/plugins\/seo\/ -->\n<title>Wayfarer M7 Mid-Drive Step-Through Ebike | Wisper e-cykler<\/title>\n<meta name=\"description\" content=\"Wayfarer M7 Mid-Drive Step-Through er en utrolig alsidig elcykel til touring, pendling og udforskning! F\u00e5s i City og Adventure Bike versioner!\" \/>\n<meta name=\"robots\" content=\"index, follow, max-snippet:-1, max-image-preview:large, max-video-preview:-1\" \/>\n<link rel=\"canonical\" href=\"https:\/\/wisperbikes.com\/dk\/shop\/e-bikes\/step-through-ebikes\/wayfarer-m7-mid-drive-step-through\/\" \/>\n<meta property=\"og:locale\" content=\"da_DK\" \/>\n<meta property=\"og:type\" content=\"article\" \/>\n<meta property=\"og:title\" content=\"Wayfarer M7 Mid-Drive Step-Through Ebike | Wisper e-cykler\" \/>\n<meta property=\"og:description\" content=\"Wayfarer M7 Mid-Drive Step-Through er en utrolig alsidig elcykel til touring, pendling og udforskning! F\u00e5s i City og Adventure Bike versioner!\" \/>\n<meta property=\"og:url\" content=\"https:\/\/wisperbikes.com\/dk\/shop\/e-bikes\/step-through-ebikes\/wayfarer-m7-mid-drive-step-through\/\" \/>\n<meta property=\"og:site_name\" content=\"Wisper Bikes\" \/>\n<meta property=\"article:publisher\" content=\"https:\/\/www.facebook.com\/Amps.Bike\/\" \/>\n<meta property=\"article:modified_time\" content=\"2023-07-21T12:14:20+00:00\" \/>\n<meta property=\"og:image\" content=\"https:\/\/wisperbikes.com\/dk\/wp-content\/uploads\/2020\/08\/MDST.jpg\" \/>\n\t<meta property=\"og:image:width\" content=\"1000\" \/>\n\t<meta property=\"og:image:height\" content=\"1000\" \/>\n\t<meta property=\"og:image:type\" content=\"image\/jpeg\" \/>\n<meta name=\"twitter:card\" content=\"summary_large_image\" \/>\n<meta name=\"twitter:site\" content=\"@wisperebikes\" \/>\n<meta name=\"twitter:label1\" content=\"Estimeret l\u00e6setid\" \/>\n\t<meta name=\"twitter:data1\" content=\"2 minutter\" \/>\n<script type=\"application\/ld+json\" class=\"yoast-schema-graph\">{\"@context\":\"https:\/\/schema.org\",\"@graph\":[{\"@type\":\"WebPage\",\"@id\":\"https:\/\/wisperbikes.com\/dk\/shop\/e-bikes\/step-through-ebikes\/wayfarer-m7-mid-drive-step-through\/\",\"url\":\"https:\/\/wisperbikes.com\/dk\/shop\/e-bikes\/step-through-ebikes\/wayfarer-m7-mid-drive-step-through\/\",\"name\":\"Wayfarer M7 Mid-Drive Step-Through Ebike | Wisper e-cykler\",\"isPartOf\":{\"@id\":\"https:\/\/wisperbikes.com\/dk\/#website\"},\"datePublished\":\"2020-12-08T11:01:55+00:00\",\"dateModified\":\"2023-07-21T12:14:20+00:00\",\"description\":\"Wayfarer M7 Mid-Drive Step-Through er en utrolig alsidig elcykel til touring, pendling og udforskning! F\u00e5s i City og Adventure Bike versioner!\",\"breadcrumb\":{\"@id\":\"https:\/\/wisperbikes.com\/dk\/shop\/e-bikes\/step-through-ebikes\/wayfarer-m7-mid-drive-step-through\/#breadcrumb\"},\"inLanguage\":\"da-DK\",\"potentialAction\":[{\"@type\":\"ReadAction\",\"target\":[\"https:\/\/wisperbikes.com\/dk\/shop\/e-bikes\/step-through-ebikes\/wayfarer-m7-mid-drive-step-through\/\"]}]},{\"@type\":\"BreadcrumbList\",\"@id\":\"https:\/\/wisperbikes.com\/dk\/shop\/e-bikes\/step-through-ebikes\/wayfarer-m7-mid-drive-step-through\/#breadcrumb\",\"itemListElement\":[{\"@type\":\"ListItem\",\"position\":1,\"name\":\"Home\",\"item\":\"https:\/\/wisperbikes.com\/dk\/\"},{\"@type\":\"ListItem\",\"position\":2,\"name\":\"Our Shop\",\"item\":\"https:\/\/wisperbikes.com\/dk\/shop\/\"},{\"@type\":\"ListItem\",\"position\":3,\"name\":\"Wayfarer M7 Mid-Drive Step-Through\"}]},{\"@type\":\"WebSite\",\"@id\":\"https:\/\/wisperbikes.com\/dk\/#website\",\"url\":\"https:\/\/wisperbikes.com\/dk\/\",\"name\":\"Wisper Bikes\",\"description\":\"Electric Bikes\",\"publisher\":{\"@id\":\"https:\/\/wisperbikes.com\/dk\/#organization\"},\"potentialAction\":[{\"@type\":\"SearchAction\",\"target\":{\"@type\":\"EntryPoint\",\"urlTemplate\":\"https:\/\/wisperbikes.com\/dk\/?s={search_term_string}\"},\"query-input\":\"required name=search_term_string\"}],\"inLanguage\":\"da-DK\"},{\"@type\":\"Organization\",\"@id\":\"https:\/\/wisperbikes.com\/dk\/#organization\",\"name\":\"Wisper Electric Bikes\",\"alternateName\":\"Wisper E-Bikes\",\"url\":\"https:\/\/wisperbikes.com\/dk\/\",\"logo\":{\"@type\":\"ImageObject\",\"inLanguage\":\"da-DK\",\"@id\":\"https:\/\/wisperbikes.com\/dk\/#\/schema\/logo\/image\/\",\"url\":\"https:\/\/wisperbikes.com\/dk\/wp-content\/uploads\/2021\/06\/WISPER-Logo.png\",\"contentUrl\":\"https:\/\/wisperbikes.com\/dk\/wp-content\/uploads\/2021\/06\/WISPER-Logo.png\",\"width\":250,\"height\":65,\"caption\":\"Wisper Electric Bikes\"},\"image\":{\"@id\":\"https:\/\/wisperbikes.com\/dk\/#\/schema\/logo\/image\/\"},\"sameAs\":[\"https:\/\/www.facebook.com\/Amps.Bike\/\",\"https:\/\/twitter.com\/wisperebikes\",\"https:\/\/www.instagram.com\/wisperbikes\/\"]}]}<\/script>\n<!-- \/ Yoast SEO plugin. -->","yoast_head_json":{"title":"Wayfarer M7 Mid-Drive Step-Through Ebike | Wisper e-cykler","description":"Wayfarer M7 Mid-Drive Step-Through er en utrolig alsidig elcykel til touring, pendling og udforskning! F\u00e5s i City og Adventure Bike versioner!","robots":{"index":"index","follow":"follow","max-snippet":"max-snippet:-1","max-image-preview":"max-image-preview:large","max-video-preview":"max-video-preview:-1"},"canonical":"https:\/\/wisperbikes.com\/dk\/shop\/e-bikes\/step-through-ebikes\/wayfarer-m7-mid-drive-step-through\/","og_locale":"da_DK","og_type":"article","og_title":"Wayfarer M7 Mid-Drive Step-Through Ebike | Wisper e-cykler","og_description":"Wayfarer M7 Mid-Drive Step-Through er en utrolig alsidig elcykel til touring, pendling og udforskning! F\u00e5s i City og Adventure Bike versioner!","og_url":"https:\/\/wisperbikes.com\/dk\/shop\/e-bikes\/step-through-ebikes\/wayfarer-m7-mid-drive-step-through\/","og_site_name":"Wisper Bikes","article_publisher":"https:\/\/www.facebook.com\/Amps.Bike\/","article_modified_time":"2023-07-21T12:14:20+00:00","og_image":[{"width":1000,"height":1000,"url":"https:\/\/wisperbikes.com\/dk\/wp-content\/uploads\/2020\/08\/MDST.jpg","type":"image\/jpeg"}],"twitter_card":"summary_large_image","twitter_site":"@wisperebikes","twitter_misc":{"Estimeret l\u00e6setid":"2 minutter"},"schema":{"@context":"https:\/\/schema.org","@graph":[{"@type":"WebPage","@id":"https:\/\/wisperbikes.com\/dk\/shop\/e-bikes\/step-through-ebikes\/wayfarer-m7-mid-drive-step-through\/","url":"https:\/\/wisperbikes.com\/dk\/shop\/e-bikes\/step-through-ebikes\/wayfarer-m7-mid-drive-step-through\/","name":"Wayfarer M7 Mid-Drive Step-Through Ebike | Wisper e-cykler","isPartOf":{"@id":"https:\/\/wisperbikes.com\/dk\/#website"},"datePublished":"2020-12-08T11:01:55+00:00","dateModified":"2023-07-21T12:14:20+00:00","description":"Wayfarer M7 Mid-Drive Step-Through er en utrolig alsidig elcykel til touring, pendling og udforskning! F\u00e5s i City og Adventure Bike versioner!","breadcrumb":{"@id":"https:\/\/wisperbikes.com\/dk\/shop\/e-bikes\/step-through-ebikes\/wayfarer-m7-mid-drive-step-through\/#breadcrumb"},"inLanguage":"da-DK","potentialAction":[{"@type":"ReadAction","target":["https:\/\/wisperbikes.com\/dk\/shop\/e-bikes\/step-through-ebikes\/wayfarer-m7-mid-drive-step-through\/"]}]},{"@type":"BreadcrumbList","@id":"https:\/\/wisperbikes.com\/dk\/shop\/e-bikes\/step-through-ebikes\/wayfarer-m7-mid-drive-step-through\/#breadcrumb","itemListElement":[{"@type":"ListItem","position":1,"name":"Home","item":"https:\/\/wisperbikes.com\/dk\/"},{"@type":"ListItem","position":2,"name":"Our Shop","item":"https:\/\/wisperbikes.com\/dk\/shop\/"},{"@type":"ListItem","position":3,"name":"Wayfarer M7 Mid-Drive Step-Through"}]},{"@type":"WebSite","@id":"https:\/\/wisperbikes.com\/dk\/#website","url":"https:\/\/wisperbikes.com\/dk\/","name":"Wisper Bikes","description":"Electric Bikes","publisher":{"@id":"https:\/\/wisperbikes.com\/dk\/#organization"},"potentialAction":[{"@type":"SearchAction","target":{"@type":"EntryPoint","urlTemplate":"https:\/\/wisperbikes.com\/dk\/?s={search_term_string}"},"query-input":"required name=search_term_string"}],"inLanguage":"da-DK"},{"@type":"Organization","@id":"https:\/\/wisperbikes.com\/dk\/#organization","name":"Wisper Electric Bikes","alternateName":"Wisper E-Bikes","url":"https:\/\/wisperbikes.com\/dk\/","logo":{"@type":"ImageObject","inLanguage":"da-DK","@id":"https:\/\/wisperbikes.com\/dk\/#\/schema\/logo\/image\/","url":"https:\/\/wisperbikes.com\/dk\/wp-content\/uploads\/2021\/06\/WISPER-Logo.png","contentUrl":"https:\/\/wisperbikes.com\/dk\/wp-content\/uploads\/2021\/06\/WISPER-Logo.png","width":250,"height":65,"caption":"Wisper Electric Bikes"},"image":{"@id":"https:\/\/wisperbikes.com\/dk\/#\/schema\/logo\/image\/"},"sameAs":["https:\/\/www.facebook.com\/Amps.Bike\/","https:\/\/twitter.com\/wisperebikes","https:\/\/www.instagram.com\/wisperbikes\/"]}]}},"_links":{"self":[{"href":"https:\/\/wisperbikes.com\/dk\/wp-json\/wp\/v2\/product\/29409"}],"collection":[{"href":"https:\/\/wisperbikes.com\/dk\/wp-json\/wp\/v2\/product"}],"about":[{"href":"https:\/\/wisperbikes.com\/dk\/wp-json\/wp\/v2\/types\/product"}],"replies":[{"embeddable":true,"href":"https:\/\/wisperbikes.com\/dk\/wp-json\/wp\/v2\/comments?post=29409"}],"wp:featuredmedia":[{"embeddable":true,"href":"https:\/\/wisperbikes.com\/dk\/wp-json\/wp\/v2\/media\/28253"}],"wp:attachment":[{"href":"https:\/\/wisperbikes.com\/dk\/wp-json\/wp\/v2\/media?parent=29409"}],"wp:term":[{"taxonomy":"product_cat","embeddable":true,"href":"https:\/\/wisperbikes.com\/dk\/wp-json\/wp\/v2\/product_cat?post=29409"},{"taxonomy":"product_tag","embeddable":true,"href":"https:\/\/wisperbikes.com\/dk\/wp-json\/wp\/v2\/product_tag?post=29409"}],"curies":[{"name":"wp","href":"https:\/\/api.w.org\/{rel}","templated":true}]}}