{"id":29419,"date":"2020-12-08T11:06:49","date_gmt":"2020-12-08T11:06:49","guid":{"rendered":"https:\/\/wisperbikes.com\/dk\/?post_type=product&#038;p=29419"},"modified":"2023-07-21T11:19:12","modified_gmt":"2023-07-21T11:19:12","slug":"wayfarer-h7-hub-drive-step-through","status":"publish","type":"product","link":"https:\/\/wisperbikes.com\/dk\/shop\/e-bikes\/step-through-ebikes\/wayfarer-h7-hub-drive-step-through\/","title":{"rendered":"Wayfarer H7 Hub-Drive Step-Through"},"content":{"rendered":"<p data-pm-slice=\"1 1 []\"><span data-sheets-value=\"{&quot;1&quot;:2,&quot;2&quot;:&quot;&quot;}\" data-sheets-userformat=\"{&quot;2&quot;:513,&quot;3&quot;:{&quot;1&quot;:0},&quot;12&quot;:0}\"><script type=\"application\/ld+json\">\r\n{\r\n  \"@context\": \"https:\/\/schema.org\/\", \r\n  \"@type\": \"Product\", \r\n  \"name\": \"Wayfarer H7 Hub-Drive Step-Through\",\r\n  \"image\": \"https:\/\/wisperbikes.com\/dk\/wp-content\/uploads\/2020\/08\/HDST-Red.jpg\",\r\n  \"description\": \"The Wayfarer H7 is the stablemate of the H9 crossbar version, its very stiff step through frame is perfect for the rider who really cares about comfort but wants excellent control. In City spec it is a comfortable commuter or day to day workhorse but underneath the city exterior beats the heart of a true thoroughbred. Hidden away the Wayfarer super hi torque hub motor develops 50Nm at the wheel which is about the same as 100Nm at the pedals. Strip off the comfort products and change the tyres and you have the perfect off roader for a day in the hills and forests.\",\r\n  \"brand\": {\r\n    \"@type\": \"Brand\",\r\n    \"name\": \"Wisper Electric Bikes\"\r\n  },\r\n  \"offers\": {\r\n    \"@type\": \"AggregateOffer\",\r\n    \"url\": \"https:\/\/wisperbikes.com\/dk\/shop\/e-bikes\/step-through-ebikes\/wayfarer-h7-hub-drive-step-through\/\",\r\n    \"priceCurrency\": \"GBP\",\r\n    \"lowPrice\": \"1999\",\r\n    \"highPrice\": \"2898.99\",\r\n    \"offerCount\": \"1\"\r\n  },\r\n  \"aggregateRating\": {\r\n    \"@type\": \"AggregateRating\",\r\n    \"ratingValue\": \"5\",\r\n    \"bestRating\": \"5\",\r\n    \"worstRating\": \"1\",\r\n    \"ratingCount\": \"1\",\r\n    \"reviewCount\": \"1\"\r\n  },\r\n  \"review\": {\r\n    \"@type\": \"Review\",\r\n    \"name\": \"R. Colin\",\r\n    \"reviewBody\": \"Great range of affordable ebikes from this British company, since 2005. I am now on my second bike \u2013 a Wayfarer H7 \u2013 and can recommend its comfortable ride, robust build quality, unique design and general rideability. Cycling has become fun again (I\u2019m in my 60s). Highly recommended!\",\r\n    \"reviewRating\": {\r\n      \"@type\": \"Rating\",\r\n      \"ratingValue\": \"5\",\r\n      \"bestRating\": \"5\",\r\n      \"worstRating\": \"1\"\r\n    },\r\n    \"datePublished\": \"2021-04-15\",\r\n    \"author\": {\"@type\": \"Person\", \"name\": \"R. Colin\"},\r\n    \"publisher\": {\"@type\": \"Organization\", \"name\": \"Wisper Electric Bikes\"}\r\n  }\r\n}\r\n<\/script><\/span><\/p>\n<p data-pm-slice=\"1 1 []\"><span data-sheets-value=\"{&quot;1&quot;:2,&quot;2&quot;:&quot;*Nogle funktioner eller komponenter kan afvige fra dem, der vises p\u00e5 grund af tilg\u00e6ngelighed.&quot;}\" data-sheets-userformat=\"{&quot;2&quot;:15171,&quot;3&quot;:{&quot;1&quot;:0},&quot;4&quot;:{&quot;1&quot;:2,&quot;2&quot;:16777215},&quot;9&quot;:0,&quot;11&quot;:3,&quot;12&quot;:0,&quot;14&quot;:{&quot;1&quot;:2,&quot;2&quot;:0},&quot;15&quot;:&quot;Rubik, sans-serif&quot;,&quot;16&quot;:12}\">*Nogle funktioner eller komponenter kan afvige fra dem, der vises p\u00e5 grund af tilg\u00e6ngelighed.<\/span><\/p>\n<p><span data-sheets-value=\"{&quot;1&quot;:2,&quot;2&quot;:&quot;Stig-P\u00e5 Gennem Hub-Drive (H7): By, Eventyr&quot;}\" data-sheets-userformat=\"{&quot;2&quot;:15171,&quot;3&quot;:{&quot;1&quot;:0},&quot;4&quot;:{&quot;1&quot;:2,&quot;2&quot;:16777215},&quot;9&quot;:0,&quot;11&quot;:3,&quot;12&quot;:0,&quot;14&quot;:{&quot;1&quot;:2,&quot;2&quot;:0},&quot;15&quot;:&quot;Rubik, sans-serif&quot;,&quot;16&quot;:12}\"><strong>Stig-P\u00e5 Gennem Hub-Drive (H7)<\/strong>: By, Eventyr<\/span><\/p>\n<p><span data-sheets-value=\"{&quot;1&quot;:2,&quot;2&quot;:&quot;Wayfarer H7 er staldkammeraten til H9 tv\u00e6rstangs-versionen, dens meget stive stig-p\u00e5 ramme er perfekt for rytteren, der virkelig holder af komfort, men \u00f8nsker fremragende kontrol. I by spec er det en komfortabel pendlercykel eller daglig arbejdshest, men under byens ydre banker hjertet af en \u00e6gte fuldblodshest. Gemt v\u00e6k udvikler Wayfarer super hi torque hub motor 50Nm ved hjulet, hvilket er omtrent det samme som 100Nm ved pedalerne. Tag komfortprodukterne af og skift d\u00e6kkene, og du har den perfekte off-roader til en dag i bjergene og skovene.&quot;}\" data-sheets-userformat=\"{&quot;2&quot;:15171,&quot;3&quot;:{&quot;1&quot;:0},&quot;4&quot;:{&quot;1&quot;:2,&quot;2&quot;:16777215},&quot;9&quot;:0,&quot;11&quot;:3,&quot;12&quot;:0,&quot;14&quot;:{&quot;1&quot;:2,&quot;2&quot;:0},&quot;15&quot;:&quot;Rubik, sans-serif&quot;,&quot;16&quot;:12}\"><strong>Wayfarer H7<\/strong> er staldkammeraten til H9 tv\u00e6rstangs-versionen, dens meget stive stig-p\u00e5 ramme er perfekt for rytteren, der virkelig holder af komfort, men \u00f8nsker fremragende kontrol. I by spec er det en komfortabel pendlercykel eller daglig arbejdshest, men under byens ydre banker hjertet af en \u00e6gte fuldblodshest. Gemt v\u00e6k udvikler Wayfarer super hi torque hub motor 50Nm ved hjulet, hvilket er omtrent det samme som 100Nm ved pedalerne. Tag komfortprodukterne af og skift d\u00e6kkene, og du har den perfekte off-roader til en dag i bjergene og skovene.<\/span><\/p>\n<h3><span data-sheets-value=\"{&quot;1&quot;:2,&quot;2&quot;:&quot;Teknisk Specifikation&quot;}\" data-sheets-userformat=\"{&quot;2&quot;:15171,&quot;3&quot;:{&quot;1&quot;:0},&quot;4&quot;:{&quot;1&quot;:2,&quot;2&quot;:16777215},&quot;9&quot;:0,&quot;11&quot;:3,&quot;12&quot;:0,&quot;14&quot;:{&quot;1&quot;:2,&quot;2&quot;:0},&quot;15&quot;:&quot;Rubik, sans-serif&quot;,&quot;16&quot;:12}\">Teknisk Specifikation<\/span><\/h3>\n<h4>Motor<\/h4>\n<p><span data-sheets-value=\"{&quot;1&quot;:2,&quot;2&quot;:&quot;Wisper Hi Torque baghjulsdrift 43.2V 250W nominel&quot;}\" data-sheets-userformat=\"{&quot;2&quot;:15171,&quot;3&quot;:{&quot;1&quot;:0},&quot;4&quot;:{&quot;1&quot;:2,&quot;2&quot;:16777215},&quot;9&quot;:0,&quot;11&quot;:3,&quot;12&quot;:0,&quot;14&quot;:{&quot;1&quot;:2,&quot;2&quot;:0},&quot;15&quot;:&quot;Rubik, sans-serif&quot;,&quot;16&quot;:12}\">Wisper Hi Torque baghjulsdrift 43.2V 250W nominel<\/span><\/p>\n<h4><span data-sheets-value=\"{&quot;1&quot;:2,&quot;2&quot;:&quot;Lithium batteri&quot;}\" data-sheets-userformat=\"{&quot;2&quot;:15171,&quot;3&quot;:{&quot;1&quot;:0},&quot;4&quot;:{&quot;1&quot;:2,&quot;2&quot;:16777215},&quot;9&quot;:0,&quot;11&quot;:3,&quot;12&quot;:0,&quot;14&quot;:{&quot;1&quot;:2,&quot;2&quot;:0},&quot;15&quot;:&quot;Rubik, sans-serif&quot;,&quot;16&quot;:12}\">Lithium batteri<\/span><\/h4>\n<p><span data-sheets-value=\"{&quot;1&quot;:2,&quot;2&quot;:&quot;I ramme, sikker aftagelig. Kan oplades i eller uden for rammen&quot;}\" data-sheets-userformat=\"{&quot;2&quot;:15171,&quot;3&quot;:{&quot;1&quot;:0},&quot;4&quot;:{&quot;1&quot;:2,&quot;2&quot;:16777215},&quot;9&quot;:0,&quot;11&quot;:3,&quot;12&quot;:0,&quot;14&quot;:{&quot;1&quot;:2,&quot;2&quot;:0},&quot;15&quot;:&quot;Rubik, sans-serif&quot;,&quot;16&quot;:12}\">I ramme, sikker aftagelig. Kan oplades i eller uden for rammen<\/span><br \/>\n<span data-sheets-value=\"{&quot;1&quot;:2,&quot;2&quot;:&quot;T\u00e6nd\/sluk-knap med LED-opladningsstatuslys.&quot;}\" data-sheets-userformat=\"{&quot;2&quot;:15171,&quot;3&quot;:{&quot;1&quot;:0},&quot;4&quot;:{&quot;1&quot;:2,&quot;2&quot;:16777215},&quot;9&quot;:0,&quot;11&quot;:3,&quot;12&quot;:0,&quot;14&quot;:{&quot;1&quot;:2,&quot;2&quot;:0},&quot;15&quot;:&quot;Rubik, sans-serif&quot;,&quot;16&quot;:12}\">T\u00e6nd\/sluk-knap med LED-opladningsstatuslys.<\/span><br \/>\nStandard 450Wh<br \/>\n<span data-sheets-value=\"{&quot;1&quot;:2,&quot;2&quot;:&quot;Lang r\u00e6kkevidde 700Wh&quot;}\" data-sheets-userformat=\"{&quot;2&quot;:15171,&quot;3&quot;:{&quot;1&quot;:0},&quot;4&quot;:{&quot;1&quot;:2,&quot;2&quot;:16777215},&quot;9&quot;:0,&quot;11&quot;:3,&quot;12&quot;:0,&quot;14&quot;:{&quot;1&quot;:2,&quot;2&quot;:0},&quot;15&quot;:&quot;Rubik, sans-serif&quot;,&quot;16&quot;:12}\">Lang r\u00e6kkevidde 700Wh<\/span><\/p>\n<h4><span data-sheets-value=\"{&quot;1&quot;:2,&quot;2&quot;:&quot;Assisteret r\u00e6kkevidde&quot;}\" data-sheets-userformat=\"{&quot;2&quot;:15171,&quot;3&quot;:{&quot;1&quot;:0},&quot;4&quot;:{&quot;1&quot;:2,&quot;2&quot;:16777215},&quot;9&quot;:0,&quot;11&quot;:3,&quot;12&quot;:0,&quot;14&quot;:{&quot;1&quot;:2,&quot;2&quot;:0},&quot;15&quot;:&quot;Rubik, sans-serif&quot;,&quot;16&quot;:12}\">Assisteret r\u00e6kkevidde<\/span><\/h4>\n<p>450Wh maks. r\u00e6kkevidde = 60 miles (95km)<br \/>\n700Wh maks. r\u00e6kkevidde = 90 miles (140km)<\/p>\n<h4>Kontroller<\/h4>\n<p><span data-sheets-value=\"{&quot;1&quot;:2,&quot;2&quot;:&quot;Wisper baggrundsbelyst LCD-display med fjernbetjeninger&quot;}\" data-sheets-userformat=\"{&quot;2&quot;:15171,&quot;3&quot;:{&quot;1&quot;:0},&quot;4&quot;:{&quot;1&quot;:2,&quot;2&quot;:16777215},&quot;9&quot;:0,&quot;11&quot;:3,&quot;12&quot;:0,&quot;14&quot;:{&quot;1&quot;:2,&quot;2&quot;:0},&quot;15&quot;:&quot;Rubik, sans-serif&quot;,&quot;16&quot;:12}\">Wisper baggrundsbelyst LCD-display med fjernbetjeninger<\/span><br \/>\n<span data-sheets-value=\"{&quot;1&quot;:2,&quot;2&quot;:&quot;Tommelfinger gas til 4mph (6km\/h) g\u00e5 langs&quot;}\" data-sheets-userformat=\"{&quot;2&quot;:15171,&quot;3&quot;:{&quot;1&quot;:0},&quot;4&quot;:{&quot;1&quot;:2,&quot;2&quot;:16777215},&quot;9&quot;:0,&quot;11&quot;:3,&quot;12&quot;:0,&quot;14&quot;:{&quot;1&quot;:2,&quot;2&quot;:0},&quot;15&quot;:&quot;Rubik, sans-serif&quot;,&quot;16&quot;:12}\">Tommelfinger gas til 4mph (6km\/h) g\u00e5 langs<\/span><br \/>\nTommelfinger gas til 15.5mph (25km\/h) hj\u00e6lp booster<\/p>\n<h4>Cykelv\u00e6gt<\/h4>\n<p>450Wh: 26kg<br \/>\n700Wh: 28kg<\/p>\n<h4>Ramme<\/h4>\n<p>H\u00e5ndsvejset, 6061 legering T4 og T6 h\u00e6rdet<\/p>\n<h4>Rammest\u00f8rrelse<\/h4>\n<p>18\u201d 46cm<\/p>\n<h4><span data-sheets-value=\"{&quot;1&quot;:2,&quot;2&quot;:&quot;Ramme Farve&quot;}\" data-sheets-userformat=\"{&quot;2&quot;:15171,&quot;3&quot;:{&quot;1&quot;:0},&quot;4&quot;:{&quot;1&quot;:2,&quot;2&quot;:16777215},&quot;9&quot;:0,&quot;11&quot;:3,&quot;12&quot;:0,&quot;14&quot;:{&quot;1&quot;:2,&quot;2&quot;:0},&quot;15&quot;:&quot;Rubik, sans-serif&quot;,&quot;16&quot;:12}\">Ramme Farve<\/span><\/h4>\n<p><span data-sheets-value=\"{&quot;1&quot;:2,&quot;2&quot;:&quot;Postkasse R\u00f8d eller Himmelbl\u00e5 6 lag&quot;}\" data-sheets-userformat=\"{&quot;2&quot;:15171,&quot;3&quot;:{&quot;1&quot;:0},&quot;4&quot;:{&quot;1&quot;:2,&quot;2&quot;:16777215},&quot;9&quot;:0,&quot;11&quot;:3,&quot;12&quot;:0,&quot;14&quot;:{&quot;1&quot;:2,&quot;2&quot;:0},&quot;15&quot;:&quot;Rubik, sans-serif&quot;,&quot;16&quot;:12}\">Postkasse R\u00f8d eller Himmelbl\u00e5 6 lag<\/span><\/p>\n<h4>Sadlen<\/h4>\n<p>Wisper Komfort, eBike med s\u00e6deh\u00e5ndtag<\/p>\n<h4>St\u00f8ttefod<\/h4>\n<p>Sort anodiseret legering<\/p>\n<h4>Gears<\/h4>\n<p>Shimano Altus 8-speed med Rapid Fire skifter<\/p>\n<h4><img decoding=\"async\" loading=\"lazy\" class=\"alignnone size-full wp-image-31574\" src=\"\/wp-content\/uploads\/2021\/09\/Wisper-Wayfarer-City-ST-HD-pic-spec-scaled.jpg\" alt=\"\" width=\"1416\" height=\"754\" \/><\/h4>\n","protected":false},"excerpt":{"rendered":"<p>*Nogle funktioner eller komponenter kan afvige fra dem, der vises p\u00e5 grund af tilg\u00e6ngelighed. Stig-P\u00e5 Gennem Hub-Drive (H7): By, Eventyr Wayfarer H7 er staldkammeraten til H9 tv\u00e6rstangs-versionen, dens meget stive stig-p\u00e5 ramme er perfekt for rytteren, der virkelig holder af komfort, men \u00f8nsker fremragende kontrol. I by spec er det en komfortabel pendlercykel eller daglig&hellip;<\/p>\n","protected":false},"featured_media":28274,"comment_status":"open","ping_status":"closed","template":"","meta":[],"product_cat":[916,160,158,176],"product_tag":[],"acf":[],"yoast_head":"<!-- This site is optimized with the Yoast SEO plugin v20.13 - https:\/\/yoast.com\/wordpress\/plugins\/seo\/ -->\n<title>Wayfarer H7 Hub-Drive Step-Through e-Bike | Wisper e-cykler<\/title>\n<meta name=\"description\" content=\"Wayfarer H7 Hub-Drive Step-Through er en utrolig alsidig elcykel til touring, pendling og udforskning! F\u00e5s i City og Adventure Bike versioner!\" \/>\n<meta name=\"robots\" content=\"index, follow, max-snippet:-1, max-image-preview:large, max-video-preview:-1\" \/>\n<link rel=\"canonical\" href=\"https:\/\/wisperbikes.com\/dk\/shop\/e-bikes\/step-through-ebikes\/wayfarer-h7-hub-drive-step-through\/\" \/>\n<meta property=\"og:locale\" content=\"da_DK\" \/>\n<meta property=\"og:type\" content=\"article\" \/>\n<meta property=\"og:title\" content=\"Wayfarer H7 Hub-Drive Step-Through e-Bike | Wisper e-cykler\" \/>\n<meta property=\"og:description\" content=\"Wayfarer H7 Hub-Drive Step-Through er en utrolig alsidig elcykel til touring, pendling og udforskning! F\u00e5s i City og Adventure Bike versioner!\" \/>\n<meta property=\"og:url\" content=\"https:\/\/wisperbikes.com\/dk\/shop\/e-bikes\/step-through-ebikes\/wayfarer-h7-hub-drive-step-through\/\" \/>\n<meta property=\"og:site_name\" content=\"Wisper Bikes\" \/>\n<meta property=\"article:publisher\" content=\"https:\/\/www.facebook.com\/Amps.Bike\/\" \/>\n<meta property=\"article:modified_time\" content=\"2023-07-21T11:19:12+00:00\" \/>\n<meta property=\"og:image\" content=\"https:\/\/wisperbikes.com\/dk\/wp-content\/uploads\/2020\/08\/HDST-Red.jpg\" \/>\n\t<meta property=\"og:image:width\" content=\"1000\" \/>\n\t<meta property=\"og:image:height\" content=\"1000\" \/>\n\t<meta property=\"og:image:type\" content=\"image\/jpeg\" \/>\n<meta name=\"twitter:card\" content=\"summary_large_image\" \/>\n<meta name=\"twitter:site\" content=\"@wisperebikes\" \/>\n<meta name=\"twitter:label1\" content=\"Estimeret l\u00e6setid\" \/>\n\t<meta name=\"twitter:data1\" content=\"2 minutter\" \/>\n<script type=\"application\/ld+json\" class=\"yoast-schema-graph\">{\"@context\":\"https:\/\/schema.org\",\"@graph\":[{\"@type\":\"WebPage\",\"@id\":\"https:\/\/wisperbikes.com\/dk\/shop\/e-bikes\/step-through-ebikes\/wayfarer-h7-hub-drive-step-through\/\",\"url\":\"https:\/\/wisperbikes.com\/dk\/shop\/e-bikes\/step-through-ebikes\/wayfarer-h7-hub-drive-step-through\/\",\"name\":\"Wayfarer H7 Hub-Drive Step-Through e-Bike | Wisper e-cykler\",\"isPartOf\":{\"@id\":\"https:\/\/wisperbikes.com\/dk\/#website\"},\"datePublished\":\"2020-12-08T11:06:49+00:00\",\"dateModified\":\"2023-07-21T11:19:12+00:00\",\"description\":\"Wayfarer H7 Hub-Drive Step-Through er en utrolig alsidig elcykel til touring, pendling og udforskning! F\u00e5s i City og Adventure Bike versioner!\",\"breadcrumb\":{\"@id\":\"https:\/\/wisperbikes.com\/dk\/shop\/e-bikes\/step-through-ebikes\/wayfarer-h7-hub-drive-step-through\/#breadcrumb\"},\"inLanguage\":\"da-DK\",\"potentialAction\":[{\"@type\":\"ReadAction\",\"target\":[\"https:\/\/wisperbikes.com\/dk\/shop\/e-bikes\/step-through-ebikes\/wayfarer-h7-hub-drive-step-through\/\"]}]},{\"@type\":\"BreadcrumbList\",\"@id\":\"https:\/\/wisperbikes.com\/dk\/shop\/e-bikes\/step-through-ebikes\/wayfarer-h7-hub-drive-step-through\/#breadcrumb\",\"itemListElement\":[{\"@type\":\"ListItem\",\"position\":1,\"name\":\"Home\",\"item\":\"https:\/\/wisperbikes.com\/dk\/\"},{\"@type\":\"ListItem\",\"position\":2,\"name\":\"Our Shop\",\"item\":\"https:\/\/wisperbikes.com\/dk\/shop\/\"},{\"@type\":\"ListItem\",\"position\":3,\"name\":\"Wayfarer H7 Hub-Drive Step-Through\"}]},{\"@type\":\"WebSite\",\"@id\":\"https:\/\/wisperbikes.com\/dk\/#website\",\"url\":\"https:\/\/wisperbikes.com\/dk\/\",\"name\":\"Wisper Bikes\",\"description\":\"Electric Bikes\",\"publisher\":{\"@id\":\"https:\/\/wisperbikes.com\/dk\/#organization\"},\"potentialAction\":[{\"@type\":\"SearchAction\",\"target\":{\"@type\":\"EntryPoint\",\"urlTemplate\":\"https:\/\/wisperbikes.com\/dk\/?s={search_term_string}\"},\"query-input\":\"required name=search_term_string\"}],\"inLanguage\":\"da-DK\"},{\"@type\":\"Organization\",\"@id\":\"https:\/\/wisperbikes.com\/dk\/#organization\",\"name\":\"Wisper Electric Bikes\",\"alternateName\":\"Wisper E-Bikes\",\"url\":\"https:\/\/wisperbikes.com\/dk\/\",\"logo\":{\"@type\":\"ImageObject\",\"inLanguage\":\"da-DK\",\"@id\":\"https:\/\/wisperbikes.com\/dk\/#\/schema\/logo\/image\/\",\"url\":\"https:\/\/wisperbikes.com\/dk\/wp-content\/uploads\/2021\/06\/WISPER-Logo.png\",\"contentUrl\":\"https:\/\/wisperbikes.com\/dk\/wp-content\/uploads\/2021\/06\/WISPER-Logo.png\",\"width\":250,\"height\":65,\"caption\":\"Wisper Electric Bikes\"},\"image\":{\"@id\":\"https:\/\/wisperbikes.com\/dk\/#\/schema\/logo\/image\/\"},\"sameAs\":[\"https:\/\/www.facebook.com\/Amps.Bike\/\",\"https:\/\/twitter.com\/wisperebikes\",\"https:\/\/www.instagram.com\/wisperbikes\/\"]}]}<\/script>\n<!-- \/ Yoast SEO plugin. -->","yoast_head_json":{"title":"Wayfarer H7 Hub-Drive Step-Through e-Bike | Wisper e-cykler","description":"Wayfarer H7 Hub-Drive Step-Through er en utrolig alsidig elcykel til touring, pendling og udforskning! F\u00e5s i City og Adventure Bike versioner!","robots":{"index":"index","follow":"follow","max-snippet":"max-snippet:-1","max-image-preview":"max-image-preview:large","max-video-preview":"max-video-preview:-1"},"canonical":"https:\/\/wisperbikes.com\/dk\/shop\/e-bikes\/step-through-ebikes\/wayfarer-h7-hub-drive-step-through\/","og_locale":"da_DK","og_type":"article","og_title":"Wayfarer H7 Hub-Drive Step-Through e-Bike | Wisper e-cykler","og_description":"Wayfarer H7 Hub-Drive Step-Through er en utrolig alsidig elcykel til touring, pendling og udforskning! F\u00e5s i City og Adventure Bike versioner!","og_url":"https:\/\/wisperbikes.com\/dk\/shop\/e-bikes\/step-through-ebikes\/wayfarer-h7-hub-drive-step-through\/","og_site_name":"Wisper Bikes","article_publisher":"https:\/\/www.facebook.com\/Amps.Bike\/","article_modified_time":"2023-07-21T11:19:12+00:00","og_image":[{"width":1000,"height":1000,"url":"https:\/\/wisperbikes.com\/dk\/wp-content\/uploads\/2020\/08\/HDST-Red.jpg","type":"image\/jpeg"}],"twitter_card":"summary_large_image","twitter_site":"@wisperebikes","twitter_misc":{"Estimeret l\u00e6setid":"2 minutter"},"schema":{"@context":"https:\/\/schema.org","@graph":[{"@type":"WebPage","@id":"https:\/\/wisperbikes.com\/dk\/shop\/e-bikes\/step-through-ebikes\/wayfarer-h7-hub-drive-step-through\/","url":"https:\/\/wisperbikes.com\/dk\/shop\/e-bikes\/step-through-ebikes\/wayfarer-h7-hub-drive-step-through\/","name":"Wayfarer H7 Hub-Drive Step-Through e-Bike | Wisper e-cykler","isPartOf":{"@id":"https:\/\/wisperbikes.com\/dk\/#website"},"datePublished":"2020-12-08T11:06:49+00:00","dateModified":"2023-07-21T11:19:12+00:00","description":"Wayfarer H7 Hub-Drive Step-Through er en utrolig alsidig elcykel til touring, pendling og udforskning! F\u00e5s i City og Adventure Bike versioner!","breadcrumb":{"@id":"https:\/\/wisperbikes.com\/dk\/shop\/e-bikes\/step-through-ebikes\/wayfarer-h7-hub-drive-step-through\/#breadcrumb"},"inLanguage":"da-DK","potentialAction":[{"@type":"ReadAction","target":["https:\/\/wisperbikes.com\/dk\/shop\/e-bikes\/step-through-ebikes\/wayfarer-h7-hub-drive-step-through\/"]}]},{"@type":"BreadcrumbList","@id":"https:\/\/wisperbikes.com\/dk\/shop\/e-bikes\/step-through-ebikes\/wayfarer-h7-hub-drive-step-through\/#breadcrumb","itemListElement":[{"@type":"ListItem","position":1,"name":"Home","item":"https:\/\/wisperbikes.com\/dk\/"},{"@type":"ListItem","position":2,"name":"Our Shop","item":"https:\/\/wisperbikes.com\/dk\/shop\/"},{"@type":"ListItem","position":3,"name":"Wayfarer H7 Hub-Drive Step-Through"}]},{"@type":"WebSite","@id":"https:\/\/wisperbikes.com\/dk\/#website","url":"https:\/\/wisperbikes.com\/dk\/","name":"Wisper Bikes","description":"Electric Bikes","publisher":{"@id":"https:\/\/wisperbikes.com\/dk\/#organization"},"potentialAction":[{"@type":"SearchAction","target":{"@type":"EntryPoint","urlTemplate":"https:\/\/wisperbikes.com\/dk\/?s={search_term_string}"},"query-input":"required name=search_term_string"}],"inLanguage":"da-DK"},{"@type":"Organization","@id":"https:\/\/wisperbikes.com\/dk\/#organization","name":"Wisper Electric Bikes","alternateName":"Wisper E-Bikes","url":"https:\/\/wisperbikes.com\/dk\/","logo":{"@type":"ImageObject","inLanguage":"da-DK","@id":"https:\/\/wisperbikes.com\/dk\/#\/schema\/logo\/image\/","url":"https:\/\/wisperbikes.com\/dk\/wp-content\/uploads\/2021\/06\/WISPER-Logo.png","contentUrl":"https:\/\/wisperbikes.com\/dk\/wp-content\/uploads\/2021\/06\/WISPER-Logo.png","width":250,"height":65,"caption":"Wisper Electric Bikes"},"image":{"@id":"https:\/\/wisperbikes.com\/dk\/#\/schema\/logo\/image\/"},"sameAs":["https:\/\/www.facebook.com\/Amps.Bike\/","https:\/\/twitter.com\/wisperebikes","https:\/\/www.instagram.com\/wisperbikes\/"]}]}},"_links":{"self":[{"href":"https:\/\/wisperbikes.com\/dk\/wp-json\/wp\/v2\/product\/29419"}],"collection":[{"href":"https:\/\/wisperbikes.com\/dk\/wp-json\/wp\/v2\/product"}],"about":[{"href":"https:\/\/wisperbikes.com\/dk\/wp-json\/wp\/v2\/types\/product"}],"replies":[{"embeddable":true,"href":"https:\/\/wisperbikes.com\/dk\/wp-json\/wp\/v2\/comments?post=29419"}],"wp:featuredmedia":[{"embeddable":true,"href":"https:\/\/wisperbikes.com\/dk\/wp-json\/wp\/v2\/media\/28274"}],"wp:attachment":[{"href":"https:\/\/wisperbikes.com\/dk\/wp-json\/wp\/v2\/media?parent=29419"}],"wp:term":[{"taxonomy":"product_cat","embeddable":true,"href":"https:\/\/wisperbikes.com\/dk\/wp-json\/wp\/v2\/product_cat?post=29419"},{"taxonomy":"product_tag","embeddable":true,"href":"https:\/\/wisperbikes.com\/dk\/wp-json\/wp\/v2\/product_tag?post=29419"}],"curies":[{"name":"wp","href":"https:\/\/api.w.org\/{rel}","templated":true}]}}