{"id":29488,"date":"2020-12-08T17:15:00","date_gmt":"2020-12-08T17:15:00","guid":{"rendered":"https:\/\/wisperbikes.com\/dk\/?post_type=product&#038;p=29488"},"modified":"2023-11-22T11:02:11","modified_gmt":"2023-11-22T11:02:11","slug":"wayfarer-m9-mid-drive-crossbar","status":"publish","type":"product","link":"https:\/\/wisperbikes.com\/dk\/shop\/e-bikes\/crossbar-ebikes\/wayfarer-m9-mid-drive-crossbar\/","title":{"rendered":"Wayfarer M9 Mid-Drive Crossbar"},"content":{"rendered":"<p data-pm-slice=\"1 1 []\"><span data-sheets-value=\"{&quot;1&quot;:2,&quot;2&quot;:&quot;&quot;}\" data-sheets-userformat=\"{&quot;2&quot;:513,&quot;3&quot;:{&quot;1&quot;:0},&quot;12&quot;:0}\"><script type=\"application\/ld+json\">\r\n{\r\n  \"@context\": \"https:\/\/schema.org\/\", \r\n  \"@type\": \"Product\", \r\n  \"name\": \"Wayfarer M9 Mid-Drive Crossbar\",\r\n  \"image\": \"https:\/\/wisperbikes.com\/dk\/wp-content\/uploads\/2020\/12\/New-1000-x-1000-Wayfarer-Mid-Drive-Crossbar-Mountain-IS-without-basket.jpg\",\r\n  \"description\": \"The Wayfarer M9 by Wisper mid-drive, the crossbar is the perfect all-rounder. In City spec it is a comfortable commuter or day to day workhorse but underneath the city exterior beats the heart of a true thoroughbred, the Wayfarer super hi torque motor developing 100Nm. Strip off the comfort products and change the tyres and you have the perfect off-roader for a day in the hills and forests.\",\r\n  \"brand\": {\r\n    \"@type\": \"Brand\",\r\n    \"name\": \"Wisper Electric Bikes\"\r\n  },\r\n  \"offers\": {\r\n    \"@type\": \"AggregateOffer\",\r\n    \"url\": \"https:\/\/wisperbikes.com\/dk\/shop\/e-bikes\/crossbar-ebikes\/wayfarer-m9-mid-drive-crossbar\/\",\r\n    \"priceCurrency\": \"GBP\",\r\n    \"lowPrice\": \"2599\",\r\n    \"highPrice\": \"3298.99\"\r\n  },\r\n  \"aggregateRating\": {\r\n    \"@type\": \"AggregateRating\",\r\n    \"ratingValue\": \"5\",\r\n    \"bestRating\": \"5\",\r\n    \"worstRating\": \"1\",\r\n    \"ratingCount\": \"1\",\r\n    \"reviewCount\": \"1\"\r\n  },\r\n  \"review\": {\r\n    \"@type\": \"Review\",\r\n    \"name\": \"Bruce\",\r\n    \"reviewBody\": \"I bought two Wisper bikes (M7 & M9) through the Northern Ireland Agent (Stewart Electric) and received excellent customer service throughout. The bikes themselves are very good quality and soundly built. I\u2019m a retired mechanical engineer so I\u2019m able to make a professional assessment. Now in my mid 60s, and with bad knees and back, I thought my cycling days were over, but this bike has opened up a whole new set of possibilities. The torque from the electric motor is excellent allowing me to go further and faster than i ever could on a non electric bike, which is now laying dormant in the garage. If you are contemplating buying an e-bike, I can highly recommend the Wisper bikes.\",\r\n    \"reviewRating\": {\r\n      \"@type\": \"Rating\",\r\n      \"ratingValue\": \"5\",\r\n      \"bestRating\": \"5\",\r\n      \"worstRating\": \"1\"\r\n    },\r\n    \"datePublished\": \"2021-07-07\",\r\n    \"author\": {\"@type\": \"Person\", \"name\": \"Bruce\"},\r\n    \"publisher\": {\"@type\": \"Organization\", \"name\": \"Wisper Electric Bikes\"}\r\n  }\r\n}\r\n<\/script><\/span><\/p>\n<p data-pm-slice=\"1 1 []\"><span data-sheets-value=\"{&quot;1&quot;:2,&quot;2&quot;:&quot;*Enkelte funktioner eller komponenter kan afvige fra dem, der vises p\u00e5 grund af tilg\u00e6ngelighed.&quot;}\" data-sheets-userformat=\"{&quot;2&quot;:15171,&quot;3&quot;:{&quot;1&quot;:0},&quot;4&quot;:{&quot;1&quot;:2,&quot;2&quot;:16777215},&quot;9&quot;:0,&quot;11&quot;:3,&quot;12&quot;:0,&quot;14&quot;:{&quot;1&quot;:2,&quot;2&quot;:0},&quot;15&quot;:&quot;Rubik, sans-serif&quot;,&quot;16&quot;:12}\">*Enkelte funktioner eller komponenter kan afvige fra dem, der vises p\u00e5 grund af tilg\u00e6ngelighed.<\/span><\/p>\n<p><span data-sheets-value=\"{&quot;1&quot;:2,&quot;2&quot;:&quot;Wayfarer M9 Mid-Drive Crossbar : By, Eventyr, Bjerg&quot;}\" data-sheets-userformat=\"{&quot;2&quot;:15171,&quot;3&quot;:{&quot;1&quot;:0},&quot;4&quot;:{&quot;1&quot;:2,&quot;2&quot;:16777215},&quot;9&quot;:0,&quot;11&quot;:3,&quot;12&quot;:0,&quot;14&quot;:{&quot;1&quot;:2,&quot;2&quot;:0},&quot;15&quot;:&quot;Rubik, sans-serif&quot;,&quot;16&quot;:12}\"><strong>Wayfarer M9 Mid-Drive Crossbar:<\/strong> By, Eventyr, Bjerg<\/span><\/p>\n<p><span data-sheets-value=\"{&quot;1&quot;:2,&quot;2&quot;:&quot;Wayfarer M9 fra Wisper mid-drive, crossbar er den perfekte all-rounder. I byspecifikationen er det en behagelig pendler eller daglig arbejdshest, men under byens ydre banker hjertet af en \u00e6gte fuldblodshest, Wayfarer super hi torque motor udvikler 100Nm. Fjern komfortprodukterne og skift d\u00e6kkene, og du har den perfekte off-roader til en dag i bakkerne og skovene. Hvis du har brug for yderligere hj\u00e6lp, t\u00f8v ikke med at kontakte os.&quot;}\" data-sheets-userformat=\"{&quot;2&quot;:15171,&quot;3&quot;:{&quot;1&quot;:0},&quot;4&quot;:{&quot;1&quot;:2,&quot;2&quot;:16777215},&quot;9&quot;:0,&quot;11&quot;:3,&quot;12&quot;:0,&quot;14&quot;:{&quot;1&quot;:2,&quot;2&quot;:0},&quot;15&quot;:&quot;Rubik, sans-serif&quot;,&quot;16&quot;:12}\"><strong>Wayfarer M9 fra Wisper mid-drive<\/strong>, crossbar er den perfekte all-rounder. I byspecifikationen er det en behagelig pendler eller daglig arbejdshest, men under byens ydre banker hjertet af en \u00e6gte fuldblodshest, Wayfarer super hi torque motor udvikler 100Nm. Fjern komfortprodukterne og skift d\u00e6kkene, og du har den perfekte off-roader til en dag i bakkerne og skovene. Hvis du har brug for yderligere hj\u00e6lp, t\u00f8v ikke med at kontakte os.<\/span><\/p>\n<h3><span data-sheets-value=\"{&quot;1&quot;:2,&quot;2&quot;:&quot;Teknisk Specifikation&quot;}\" data-sheets-userformat=\"{&quot;2&quot;:15171,&quot;3&quot;:{&quot;1&quot;:0},&quot;4&quot;:{&quot;1&quot;:2,&quot;2&quot;:16777215},&quot;9&quot;:0,&quot;11&quot;:3,&quot;12&quot;:0,&quot;14&quot;:{&quot;1&quot;:2,&quot;2&quot;:0},&quot;15&quot;:&quot;Rubik, sans-serif&quot;,&quot;16&quot;:12}\">Teknisk Specifikation<\/span><\/h3>\n<h4>Motor<\/h4>\n<p><span data-sheets-value=\"{&quot;1&quot;:2,&quot;2&quot;:&quot;Wisper Super Hi Torque (100Nm) Mid Drive 43.2V 250W Nominal&quot;}\" data-sheets-userformat=\"{&quot;2&quot;:15171,&quot;3&quot;:{&quot;1&quot;:0},&quot;4&quot;:{&quot;1&quot;:2,&quot;2&quot;:16777215},&quot;9&quot;:0,&quot;11&quot;:3,&quot;12&quot;:0,&quot;14&quot;:{&quot;1&quot;:2,&quot;2&quot;:0},&quot;15&quot;:&quot;Rubik, sans-serif&quot;,&quot;16&quot;:12}\">Wisper Super Hi Torque (100Nm) Mid Drive 43.2V 250W Nominal<\/span><\/p>\n<h4><span data-sheets-value=\"{&quot;1&quot;:2,&quot;2&quot;:&quot;Lithiumbatteri&quot;}\" data-sheets-userformat=\"{&quot;2&quot;:15171,&quot;3&quot;:{&quot;1&quot;:0},&quot;4&quot;:{&quot;1&quot;:2,&quot;2&quot;:16777215},&quot;9&quot;:0,&quot;11&quot;:3,&quot;12&quot;:0,&quot;14&quot;:{&quot;1&quot;:2,&quot;2&quot;:0},&quot;15&quot;:&quot;Rubik, sans-serif&quot;,&quot;16&quot;:12}\">Lithiumbatteri<\/span><\/h4>\n<p>Indbygget, sikkert aftageligt. Kan oplades b\u00e5de i og uden for rammen<br \/>\n<span data-sheets-value=\"{&quot;1&quot;:2,&quot;2&quot;:&quot;T\u00e6nd\/sluk-knap med LED-opladningsstatuslys.&quot;}\" data-sheets-userformat=\"{&quot;2&quot;:15171,&quot;3&quot;:{&quot;1&quot;:0},&quot;4&quot;:{&quot;1&quot;:2,&quot;2&quot;:16777215},&quot;9&quot;:0,&quot;11&quot;:3,&quot;12&quot;:0,&quot;14&quot;:{&quot;1&quot;:2,&quot;2&quot;:0},&quot;15&quot;:&quot;Rubik, sans-serif&quot;,&quot;16&quot;:12}\">T\u00e6nd\/sluk-knap med LED-opladningsstatuslys.<\/span><br \/>\n<span data-sheets-value=\"{&quot;1&quot;:2,&quot;2&quot;:&quot;Standard 450Wh&quot;}\" data-sheets-userformat=\"{&quot;2&quot;:15171,&quot;3&quot;:{&quot;1&quot;:0},&quot;4&quot;:{&quot;1&quot;:2,&quot;2&quot;:16777215},&quot;9&quot;:0,&quot;11&quot;:3,&quot;12&quot;:0,&quot;14&quot;:{&quot;1&quot;:2,&quot;2&quot;:0},&quot;15&quot;:&quot;Rubik, sans-serif&quot;,&quot;16&quot;:12}\">Standard 450Wh<\/span><br \/>\n<span data-sheets-value=\"{&quot;1&quot;:2,&quot;2&quot;:&quot;Lang r\u00e6kkevidde 700Wh&quot;}\" data-sheets-userformat=\"{&quot;2&quot;:15171,&quot;3&quot;:{&quot;1&quot;:0},&quot;4&quot;:{&quot;1&quot;:2,&quot;2&quot;:16777215},&quot;9&quot;:0,&quot;11&quot;:3,&quot;12&quot;:0,&quot;14&quot;:{&quot;1&quot;:2,&quot;2&quot;:0},&quot;15&quot;:&quot;Rubik, sans-serif&quot;,&quot;16&quot;:12}\">Lang r\u00e6kkevidde 700Wh<\/span><\/p>\n<h4><span data-sheets-value=\"{&quot;1&quot;:2,&quot;2&quot;:&quot;Assisteret r\u00e6kkevidde&quot;}\" data-sheets-userformat=\"{&quot;2&quot;:15171,&quot;3&quot;:{&quot;1&quot;:0},&quot;4&quot;:{&quot;1&quot;:2,&quot;2&quot;:16777215},&quot;9&quot;:0,&quot;11&quot;:3,&quot;12&quot;:0,&quot;14&quot;:{&quot;1&quot;:2,&quot;2&quot;:0},&quot;15&quot;:&quot;Rubik, sans-serif&quot;,&quot;16&quot;:12}\">Assisteret r\u00e6kkevidde<\/span><\/h4>\n<p><span data-sheets-value=\"{&quot;1&quot;:2,&quot;2&quot;:&quot;450Wh Max Range = 60 miles (95km)&quot;}\" data-sheets-userformat=\"{&quot;2&quot;:15171,&quot;3&quot;:{&quot;1&quot;:0},&quot;4&quot;:{&quot;1&quot;:2,&quot;2&quot;:16777215},&quot;9&quot;:0,&quot;11&quot;:3,&quot;12&quot;:0,&quot;14&quot;:{&quot;1&quot;:2,&quot;2&quot;:0},&quot;15&quot;:&quot;Rubik, sans-serif&quot;,&quot;16&quot;:12}\">450Wh Max Range = 60 miles (95km)<\/span><br \/>\n<span data-sheets-value=\"{&quot;1&quot;:2,&quot;2&quot;:&quot;700Wh Max Range = 90 miles (140km)&quot;}\" data-sheets-userformat=\"{&quot;2&quot;:15171,&quot;3&quot;:{&quot;1&quot;:0},&quot;4&quot;:{&quot;1&quot;:2,&quot;2&quot;:16777215},&quot;9&quot;:0,&quot;11&quot;:3,&quot;12&quot;:0,&quot;14&quot;:{&quot;1&quot;:2,&quot;2&quot;:0},&quot;15&quot;:&quot;Rubik, sans-serif&quot;,&quot;16&quot;:12}\">700Wh Max Range = 90 miles (140km)<\/span><\/p>\n<h4>Kontroller<\/h4>\n<p>Wisper baggrundsbelyst LCD-display med fjernkontroller<br \/>\nTommelgas op til 4mph (6km\/h) g\u00e5 ved siden af<br \/>\nTommelgas op til 15.5mph (25km\/h) assist booster<\/p>\n<h4><span data-sheets-value=\"{&quot;1&quot;:2,&quot;2&quot;:&quot;Cykelv\u00e6gt&quot;}\" data-sheets-userformat=\"{&quot;2&quot;:15171,&quot;3&quot;:{&quot;1&quot;:0},&quot;4&quot;:{&quot;1&quot;:2,&quot;2&quot;:16777215},&quot;9&quot;:0,&quot;11&quot;:3,&quot;12&quot;:0,&quot;14&quot;:{&quot;1&quot;:2,&quot;2&quot;:0},&quot;15&quot;:&quot;Rubik, sans-serif&quot;,&quot;16&quot;:12}\">Cykelv\u00e6gt<\/span><\/h4>\n<p><span data-sheets-value=\"{&quot;1&quot;:2,&quot;2&quot;:&quot;450Wh: 27kg&quot;}\" data-sheets-userformat=\"{&quot;2&quot;:15171,&quot;3&quot;:{&quot;1&quot;:0},&quot;4&quot;:{&quot;1&quot;:2,&quot;2&quot;:16777215},&quot;9&quot;:0,&quot;11&quot;:3,&quot;12&quot;:0,&quot;14&quot;:{&quot;1&quot;:2,&quot;2&quot;:0},&quot;15&quot;:&quot;Rubik, sans-serif&quot;,&quot;16&quot;:12}\">450Wh: 27kg<\/span><br \/>\n700Wh: 29kg<\/p>\n<h4><span data-sheets-value=\"{&quot;1&quot;:2,&quot;2&quot;:&quot;Ramme&quot;}\" data-sheets-userformat=\"{&quot;2&quot;:15171,&quot;3&quot;:{&quot;1&quot;:0},&quot;4&quot;:{&quot;1&quot;:2,&quot;2&quot;:16777215},&quot;9&quot;:0,&quot;11&quot;:3,&quot;12&quot;:0,&quot;14&quot;:{&quot;1&quot;:2,&quot;2&quot;:0},&quot;15&quot;:&quot;Rubik, sans-serif&quot;,&quot;16&quot;:12}\">Ramme<\/span><\/h4>\n<p><span data-sheets-value=\"{&quot;1&quot;:2,&quot;2&quot;:&quot;H\u00e5ndsvejset, 6061 Alloy T4 og T6 h\u00e6rdet&quot;}\" data-sheets-userformat=\"{&quot;2&quot;:15171,&quot;3&quot;:{&quot;1&quot;:0},&quot;4&quot;:{&quot;1&quot;:2,&quot;2&quot;:16777215},&quot;9&quot;:0,&quot;11&quot;:3,&quot;12&quot;:0,&quot;14&quot;:{&quot;1&quot;:2,&quot;2&quot;:0},&quot;15&quot;:&quot;Rubik, sans-serif&quot;,&quot;16&quot;:12}\">H\u00e5ndsvejset, 6061 Alloy T4 og T6 h\u00e6rdet<\/span><\/p>\n<p><strong>Ramme st\u00f8rrelse<\/strong><br \/>\n18\u201d 48cm<\/p>\n<h4><span data-sheets-value=\"{&quot;1&quot;:2,&quot;2&quot;:&quot;Ramme Farve&quot;}\" data-sheets-userformat=\"{&quot;2&quot;:15171,&quot;3&quot;:{&quot;1&quot;:0},&quot;4&quot;:{&quot;1&quot;:2,&quot;2&quot;:16777215},&quot;9&quot;:0,&quot;11&quot;:3,&quot;12&quot;:0,&quot;14&quot;:{&quot;1&quot;:2,&quot;2&quot;:0},&quot;15&quot;:&quot;Rubik, sans-serif&quot;,&quot;16&quot;:12}\">Ramme Farve<\/span><\/h4>\n<p><span data-sheets-value=\"{&quot;1&quot;:2,&quot;2&quot;:&quot;Iridium Silver 6 lag&quot;}\" data-sheets-userformat=\"{&quot;2&quot;:15171,&quot;3&quot;:{&quot;1&quot;:0},&quot;4&quot;:{&quot;1&quot;:2,&quot;2&quot;:16777215},&quot;9&quot;:0,&quot;11&quot;:3,&quot;12&quot;:0,&quot;14&quot;:{&quot;1&quot;:2,&quot;2&quot;:0},&quot;15&quot;:&quot;Rubik, sans-serif&quot;,&quot;16&quot;:12}\">Iridium Silver 6 lag<\/span><\/p>\n<h4><span data-sheets-value=\"{&quot;1&quot;:2,&quot;2&quot;:&quot;Gafler&quot;}\" data-sheets-userformat=\"{&quot;2&quot;:15171,&quot;3&quot;:{&quot;1&quot;:0},&quot;4&quot;:{&quot;1&quot;:2,&quot;2&quot;:16777215},&quot;9&quot;:0,&quot;11&quot;:3,&quot;12&quot;:0,&quot;14&quot;:{&quot;1&quot;:2,&quot;2&quot;:0},&quot;15&quot;:&quot;Rubik, sans-serif&quot;,&quot;16&quot;:12}\">Gafler<\/span><\/h4>\n<p><span data-sheets-value=\"{&quot;1&quot;:2,&quot;2&quot;:&quot;Suntour XCM 32 100mm rejse, through axle&quot;}\" data-sheets-userformat=\"{&quot;2&quot;:15171,&quot;3&quot;:{&quot;1&quot;:0},&quot;4&quot;:{&quot;1&quot;:2,&quot;2&quot;:16777215},&quot;9&quot;:0,&quot;11&quot;:3,&quot;12&quot;:0,&quot;14&quot;:{&quot;1&quot;:2,&quot;2&quot;:0},&quot;15&quot;:&quot;Rubik, sans-serif&quot;,&quot;16&quot;:12}\">Suntour XCM 32 100mm rejse, through axle<\/span><\/p>\n<h4><span data-sheets-value=\"{&quot;1&quot;:2,&quot;2&quot;:&quot;Styrb\u00f8jle&quot;}\" data-sheets-userformat=\"{&quot;2&quot;:15171,&quot;3&quot;:{&quot;1&quot;:0},&quot;4&quot;:{&quot;1&quot;:2,&quot;2&quot;:16777215},&quot;9&quot;:0,&quot;11&quot;:3,&quot;12&quot;:0,&quot;14&quot;:{&quot;1&quot;:2,&quot;2&quot;:0},&quot;15&quot;:&quot;Rubik, sans-serif&quot;,&quot;16&quot;:12}\">Styrb\u00f8jle<\/span><\/h4>\n<p><span data-sheets-value=\"{&quot;1&quot;:2,&quot;2&quot;:&quot;eMTB 760mm anodiseret sort&quot;}\" data-sheets-userformat=\"{&quot;2&quot;:15171,&quot;3&quot;:{&quot;1&quot;:0},&quot;4&quot;:{&quot;1&quot;:2,&quot;2&quot;:16777215},&quot;9&quot;:0,&quot;11&quot;:3,&quot;12&quot;:0,&quot;14&quot;:{&quot;1&quot;:2,&quot;2&quot;:0},&quot;15&quot;:&quot;Rubik, sans-serif&quot;,&quot;16&quot;:12}\">eMTB 760mm anodiseret sort<\/span><\/p>\n<h4><span data-sheets-value=\"{&quot;1&quot;:2,&quot;2&quot;:&quot;Frempind&quot;}\" data-sheets-userformat=\"{&quot;2&quot;:15171,&quot;3&quot;:{&quot;1&quot;:0},&quot;4&quot;:{&quot;1&quot;:2,&quot;2&quot;:16777215},&quot;9&quot;:0,&quot;11&quot;:3,&quot;12&quot;:0,&quot;14&quot;:{&quot;1&quot;:2,&quot;2&quot;:0},&quot;15&quot;:&quot;Rubik, sans-serif&quot;,&quot;16&quot;:12}\">Frempind<\/span><\/h4>\n<p><span data-sheets-value=\"{&quot;1&quot;:2,&quot;2&quot;:&quot;Magix sort anodiseret 70mm&quot;}\" data-sheets-userformat=\"{&quot;2&quot;:15171,&quot;3&quot;:{&quot;1&quot;:0},&quot;4&quot;:{&quot;1&quot;:2,&quot;2&quot;:16777215},&quot;9&quot;:0,&quot;11&quot;:3,&quot;12&quot;:0,&quot;14&quot;:{&quot;1&quot;:2,&quot;2&quot;:0},&quot;15&quot;:&quot;Rubik, sans-serif&quot;,&quot;16&quot;:12}\">Magix sort anodiseret 70mm<\/span><\/p>\n<h4><span data-sheets-value=\"{&quot;1&quot;:2,&quot;2&quot;:&quot;Sadelpind&quot;}\" data-sheets-userformat=\"{&quot;2&quot;:15171,&quot;3&quot;:{&quot;1&quot;:0},&quot;4&quot;:{&quot;1&quot;:2,&quot;2&quot;:16777215},&quot;9&quot;:0,&quot;11&quot;:3,&quot;12&quot;:0,&quot;14&quot;:{&quot;1&quot;:2,&quot;2&quot;:0},&quot;15&quot;:&quot;Rubik, sans-serif&quot;,&quot;16&quot;:12}\">Sadelpind<\/span><\/h4>\n<p><span data-sheets-value=\"{&quot;1&quot;:2,&quot;2&quot;:&quot;31.6mm 350mm med 100mm sikkerhedslinje&quot;}\" data-sheets-userformat=\"{&quot;2&quot;:15171,&quot;3&quot;:{&quot;1&quot;:0},&quot;4&quot;:{&quot;1&quot;:2,&quot;2&quot;:16777215},&quot;9&quot;:0,&quot;11&quot;:3,&quot;12&quot;:0,&quot;14&quot;:{&quot;1&quot;:2,&quot;2&quot;:0},&quot;15&quot;:&quot;Rubik, sans-serif&quot;,&quot;16&quot;:12}\">31.6mm 350mm med 100mm sikkerhedslinje<\/span><\/p>\n<p><img decoding=\"async\" loading=\"lazy\" class=\"alignnone wp-image-31790 size-full\" src=\"https:\/\/wisperbikes.com\/dk\/wp-content\/uploads\/2021\/09\/Wisper-Wayfarer-MD-CB-Mountain-pic-spec-scaled.jpg\" width=\"1266\" height=\"1024\" \/><\/p>\n","protected":false},"excerpt":{"rendered":"<p>*Enkelte funktioner eller komponenter kan afvige fra dem, der vises p\u00e5 grund af tilg\u00e6ngelighed. Wayfarer M9 Mid-Drive Crossbar: By, Eventyr, Bjerg Wayfarer M9 fra Wisper mid-drive, crossbar er den perfekte all-rounder. I byspecifikationen er det en behagelig pendler eller daglig arbejdshest, men under byens ydre banker hjertet af en \u00e6gte fuldblodshest, Wayfarer super hi torque&hellip;<\/p>\n","protected":false},"featured_media":40552,"comment_status":"open","ping_status":"closed","template":"","meta":[],"product_cat":[160,161,162,176],"product_tag":[],"acf":[],"yoast_head":"<!-- This site is optimized with the Yoast SEO plugin v20.13 - https:\/\/yoast.com\/wordpress\/plugins\/seo\/ -->\n<title>Wayfarer M9 Mid Drive CrossBar | Wisper Elektrofahrr\u00e4der<\/title>\n<meta name=\"description\" content=\"Wayfarer M9 Mid Drive Crossbar er en alsidig, all-purpose cykel, der er perfekt til pendling, cykling og endda mountainbiking.\" \/>\n<meta name=\"robots\" content=\"index, follow, max-snippet:-1, max-image-preview:large, max-video-preview:-1\" \/>\n<link rel=\"canonical\" href=\"https:\/\/wisperbikes.com\/dk\/shop\/e-bikes\/crossbar-ebikes\/wayfarer-m9-mid-drive-crossbar\/\" \/>\n<meta property=\"og:locale\" content=\"da_DK\" \/>\n<meta property=\"og:type\" content=\"article\" \/>\n<meta property=\"og:title\" content=\"Wayfarer M9 Mid Drive CrossBar | Wisper Elektrofahrr\u00e4der\" \/>\n<meta property=\"og:description\" content=\"Wayfarer M9 Mid Drive Crossbar er en alsidig, all-purpose cykel, der er perfekt til pendling, cykling og endda mountainbiking.\" \/>\n<meta property=\"og:url\" content=\"https:\/\/wisperbikes.com\/dk\/shop\/e-bikes\/crossbar-ebikes\/wayfarer-m9-mid-drive-crossbar\/\" \/>\n<meta property=\"og:site_name\" content=\"Wisper Bikes\" \/>\n<meta property=\"article:publisher\" content=\"https:\/\/www.facebook.com\/Amps.Bike\/\" \/>\n<meta property=\"article:modified_time\" content=\"2023-11-22T11:02:11+00:00\" \/>\n<meta property=\"og:image\" content=\"https:\/\/wisperbikes.com\/dk\/wp-content\/uploads\/2020\/12\/Wayfarer-M9-Mid-Drive-Crossbar-Adventure-No-Front-Rack.jpg\" \/>\n\t<meta property=\"og:image:width\" content=\"1000\" \/>\n\t<meta property=\"og:image:height\" content=\"1000\" \/>\n\t<meta property=\"og:image:type\" content=\"image\/jpeg\" \/>\n<meta name=\"twitter:card\" content=\"summary_large_image\" \/>\n<meta name=\"twitter:site\" content=\"@wisperebikes\" \/>\n<meta name=\"twitter:label1\" content=\"Estimeret l\u00e6setid\" \/>\n\t<meta name=\"twitter:data1\" content=\"2 minutter\" \/>\n<script type=\"application\/ld+json\" class=\"yoast-schema-graph\">{\"@context\":\"https:\/\/schema.org\",\"@graph\":[{\"@type\":\"WebPage\",\"@id\":\"https:\/\/wisperbikes.com\/dk\/shop\/e-bikes\/crossbar-ebikes\/wayfarer-m9-mid-drive-crossbar\/\",\"url\":\"https:\/\/wisperbikes.com\/dk\/shop\/e-bikes\/crossbar-ebikes\/wayfarer-m9-mid-drive-crossbar\/\",\"name\":\"Wayfarer M9 Mid Drive CrossBar | Wisper Elektrofahrr\u00e4der\",\"isPartOf\":{\"@id\":\"https:\/\/wisperbikes.com\/dk\/#website\"},\"datePublished\":\"2020-12-08T17:15:00+00:00\",\"dateModified\":\"2023-11-22T11:02:11+00:00\",\"description\":\"Wayfarer M9 Mid Drive Crossbar er en alsidig, all-purpose cykel, der er perfekt til pendling, cykling og endda mountainbiking.\",\"breadcrumb\":{\"@id\":\"https:\/\/wisperbikes.com\/dk\/shop\/e-bikes\/crossbar-ebikes\/wayfarer-m9-mid-drive-crossbar\/#breadcrumb\"},\"inLanguage\":\"da-DK\",\"potentialAction\":[{\"@type\":\"ReadAction\",\"target\":[\"https:\/\/wisperbikes.com\/dk\/shop\/e-bikes\/crossbar-ebikes\/wayfarer-m9-mid-drive-crossbar\/\"]}]},{\"@type\":\"BreadcrumbList\",\"@id\":\"https:\/\/wisperbikes.com\/dk\/shop\/e-bikes\/crossbar-ebikes\/wayfarer-m9-mid-drive-crossbar\/#breadcrumb\",\"itemListElement\":[{\"@type\":\"ListItem\",\"position\":1,\"name\":\"Home\",\"item\":\"https:\/\/wisperbikes.com\/dk\/\"},{\"@type\":\"ListItem\",\"position\":2,\"name\":\"Our Shop\",\"item\":\"https:\/\/wisperbikes.com\/dk\/shop\/\"},{\"@type\":\"ListItem\",\"position\":3,\"name\":\"Wayfarer M9 Mid-Drive Crossbar\"}]},{\"@type\":\"WebSite\",\"@id\":\"https:\/\/wisperbikes.com\/dk\/#website\",\"url\":\"https:\/\/wisperbikes.com\/dk\/\",\"name\":\"Wisper Bikes\",\"description\":\"Electric Bikes\",\"publisher\":{\"@id\":\"https:\/\/wisperbikes.com\/dk\/#organization\"},\"potentialAction\":[{\"@type\":\"SearchAction\",\"target\":{\"@type\":\"EntryPoint\",\"urlTemplate\":\"https:\/\/wisperbikes.com\/dk\/?s={search_term_string}\"},\"query-input\":\"required name=search_term_string\"}],\"inLanguage\":\"da-DK\"},{\"@type\":\"Organization\",\"@id\":\"https:\/\/wisperbikes.com\/dk\/#organization\",\"name\":\"Wisper Electric Bikes\",\"alternateName\":\"Wisper E-Bikes\",\"url\":\"https:\/\/wisperbikes.com\/dk\/\",\"logo\":{\"@type\":\"ImageObject\",\"inLanguage\":\"da-DK\",\"@id\":\"https:\/\/wisperbikes.com\/dk\/#\/schema\/logo\/image\/\",\"url\":\"https:\/\/wisperbikes.com\/dk\/wp-content\/uploads\/2021\/06\/WISPER-Logo.png\",\"contentUrl\":\"https:\/\/wisperbikes.com\/dk\/wp-content\/uploads\/2021\/06\/WISPER-Logo.png\",\"width\":250,\"height\":65,\"caption\":\"Wisper Electric Bikes\"},\"image\":{\"@id\":\"https:\/\/wisperbikes.com\/dk\/#\/schema\/logo\/image\/\"},\"sameAs\":[\"https:\/\/www.facebook.com\/Amps.Bike\/\",\"https:\/\/twitter.com\/wisperebikes\",\"https:\/\/www.instagram.com\/wisperbikes\/\"]}]}<\/script>\n<!-- \/ Yoast SEO plugin. -->","yoast_head_json":{"title":"Wayfarer M9 Mid Drive CrossBar | Wisper Elektrofahrr\u00e4der","description":"Wayfarer M9 Mid Drive Crossbar er en alsidig, all-purpose cykel, der er perfekt til pendling, cykling og endda mountainbiking.","robots":{"index":"index","follow":"follow","max-snippet":"max-snippet:-1","max-image-preview":"max-image-preview:large","max-video-preview":"max-video-preview:-1"},"canonical":"https:\/\/wisperbikes.com\/dk\/shop\/e-bikes\/crossbar-ebikes\/wayfarer-m9-mid-drive-crossbar\/","og_locale":"da_DK","og_type":"article","og_title":"Wayfarer M9 Mid Drive CrossBar | Wisper Elektrofahrr\u00e4der","og_description":"Wayfarer M9 Mid Drive Crossbar er en alsidig, all-purpose cykel, der er perfekt til pendling, cykling og endda mountainbiking.","og_url":"https:\/\/wisperbikes.com\/dk\/shop\/e-bikes\/crossbar-ebikes\/wayfarer-m9-mid-drive-crossbar\/","og_site_name":"Wisper Bikes","article_publisher":"https:\/\/www.facebook.com\/Amps.Bike\/","article_modified_time":"2023-11-22T11:02:11+00:00","og_image":[{"width":1000,"height":1000,"url":"https:\/\/wisperbikes.com\/dk\/wp-content\/uploads\/2020\/12\/Wayfarer-M9-Mid-Drive-Crossbar-Adventure-No-Front-Rack.jpg","type":"image\/jpeg"}],"twitter_card":"summary_large_image","twitter_site":"@wisperebikes","twitter_misc":{"Estimeret l\u00e6setid":"2 minutter"},"schema":{"@context":"https:\/\/schema.org","@graph":[{"@type":"WebPage","@id":"https:\/\/wisperbikes.com\/dk\/shop\/e-bikes\/crossbar-ebikes\/wayfarer-m9-mid-drive-crossbar\/","url":"https:\/\/wisperbikes.com\/dk\/shop\/e-bikes\/crossbar-ebikes\/wayfarer-m9-mid-drive-crossbar\/","name":"Wayfarer M9 Mid Drive CrossBar | Wisper Elektrofahrr\u00e4der","isPartOf":{"@id":"https:\/\/wisperbikes.com\/dk\/#website"},"datePublished":"2020-12-08T17:15:00+00:00","dateModified":"2023-11-22T11:02:11+00:00","description":"Wayfarer M9 Mid Drive Crossbar er en alsidig, all-purpose cykel, der er perfekt til pendling, cykling og endda mountainbiking.","breadcrumb":{"@id":"https:\/\/wisperbikes.com\/dk\/shop\/e-bikes\/crossbar-ebikes\/wayfarer-m9-mid-drive-crossbar\/#breadcrumb"},"inLanguage":"da-DK","potentialAction":[{"@type":"ReadAction","target":["https:\/\/wisperbikes.com\/dk\/shop\/e-bikes\/crossbar-ebikes\/wayfarer-m9-mid-drive-crossbar\/"]}]},{"@type":"BreadcrumbList","@id":"https:\/\/wisperbikes.com\/dk\/shop\/e-bikes\/crossbar-ebikes\/wayfarer-m9-mid-drive-crossbar\/#breadcrumb","itemListElement":[{"@type":"ListItem","position":1,"name":"Home","item":"https:\/\/wisperbikes.com\/dk\/"},{"@type":"ListItem","position":2,"name":"Our Shop","item":"https:\/\/wisperbikes.com\/dk\/shop\/"},{"@type":"ListItem","position":3,"name":"Wayfarer M9 Mid-Drive Crossbar"}]},{"@type":"WebSite","@id":"https:\/\/wisperbikes.com\/dk\/#website","url":"https:\/\/wisperbikes.com\/dk\/","name":"Wisper Bikes","description":"Electric Bikes","publisher":{"@id":"https:\/\/wisperbikes.com\/dk\/#organization"},"potentialAction":[{"@type":"SearchAction","target":{"@type":"EntryPoint","urlTemplate":"https:\/\/wisperbikes.com\/dk\/?s={search_term_string}"},"query-input":"required name=search_term_string"}],"inLanguage":"da-DK"},{"@type":"Organization","@id":"https:\/\/wisperbikes.com\/dk\/#organization","name":"Wisper Electric Bikes","alternateName":"Wisper E-Bikes","url":"https:\/\/wisperbikes.com\/dk\/","logo":{"@type":"ImageObject","inLanguage":"da-DK","@id":"https:\/\/wisperbikes.com\/dk\/#\/schema\/logo\/image\/","url":"https:\/\/wisperbikes.com\/dk\/wp-content\/uploads\/2021\/06\/WISPER-Logo.png","contentUrl":"https:\/\/wisperbikes.com\/dk\/wp-content\/uploads\/2021\/06\/WISPER-Logo.png","width":250,"height":65,"caption":"Wisper Electric Bikes"},"image":{"@id":"https:\/\/wisperbikes.com\/dk\/#\/schema\/logo\/image\/"},"sameAs":["https:\/\/www.facebook.com\/Amps.Bike\/","https:\/\/twitter.com\/wisperebikes","https:\/\/www.instagram.com\/wisperbikes\/"]}]}},"_links":{"self":[{"href":"https:\/\/wisperbikes.com\/dk\/wp-json\/wp\/v2\/product\/29488"}],"collection":[{"href":"https:\/\/wisperbikes.com\/dk\/wp-json\/wp\/v2\/product"}],"about":[{"href":"https:\/\/wisperbikes.com\/dk\/wp-json\/wp\/v2\/types\/product"}],"replies":[{"embeddable":true,"href":"https:\/\/wisperbikes.com\/dk\/wp-json\/wp\/v2\/comments?post=29488"}],"wp:featuredmedia":[{"embeddable":true,"href":"https:\/\/wisperbikes.com\/dk\/wp-json\/wp\/v2\/media\/40552"}],"wp:attachment":[{"href":"https:\/\/wisperbikes.com\/dk\/wp-json\/wp\/v2\/media?parent=29488"}],"wp:term":[{"taxonomy":"product_cat","embeddable":true,"href":"https:\/\/wisperbikes.com\/dk\/wp-json\/wp\/v2\/product_cat?post=29488"},{"taxonomy":"product_tag","embeddable":true,"href":"https:\/\/wisperbikes.com\/dk\/wp-json\/wp\/v2\/product_tag?post=29488"}],"curies":[{"name":"wp","href":"https:\/\/api.w.org\/{rel}","templated":true}]}}