{"id":30048,"date":"2021-02-15T10:11:17","date_gmt":"2021-02-15T10:11:17","guid":{"rendered":"https:\/\/wisperbikes.com\/dk\/?post_type=product&#038;p=30048"},"modified":"2024-03-08T14:13:09","modified_gmt":"2024-03-08T14:13:09","slug":"8-speed-chain","status":"publish","type":"product","link":"https:\/\/wisperbikes.com\/dk\/shop\/transmission\/8-speed-chain\/","title":{"rendered":"8 Speed Chain"},"content":{"rendered":"","protected":false},"excerpt":{"rendered":"","protected":false},"featured_media":30049,"comment_status":"closed","ping_status":"closed","template":"","meta":[],"product_cat":[173],"product_tag":[],"acf":[],"yoast_head":"<!-- This site is optimized with the Yoast SEO plugin v20.13 - https:\/\/yoast.com\/wordpress\/plugins\/seo\/ -->\n<title>8 Speed K\u00e6de | Transmission - Wisper Bikes<\/title>\n<meta name=\"description\" content=\"Holdbar 8 Speed K\u00e6de tilg\u00e6ngelig fra den mest betroede producent af e-cykeldele og tilbeh\u00f8r, Wisper UK. Klar til levering n\u00e6ste dag. Shop i dag!\" \/>\n<meta name=\"robots\" content=\"index, follow, max-snippet:-1, max-image-preview:large, max-video-preview:-1\" \/>\n<link rel=\"canonical\" href=\"https:\/\/wisperbikes.com\/dk\/shop\/transmission\/8-speed-chain\/\" \/>\n<meta property=\"og:locale\" content=\"da_DK\" \/>\n<meta property=\"og:type\" content=\"article\" \/>\n<meta property=\"og:title\" content=\"8 Speed K\u00e6de | Transmission - Wisper Bikes\" \/>\n<meta property=\"og:description\" content=\"Holdbar 8 Speed K\u00e6de tilg\u00e6ngelig fra den mest betroede producent af e-cykeldele og tilbeh\u00f8r, Wisper UK. Klar til levering n\u00e6ste dag. Shop i dag!\" \/>\n<meta property=\"og:url\" content=\"https:\/\/wisperbikes.com\/dk\/shop\/transmission\/8-speed-chain\/\" \/>\n<meta property=\"og:site_name\" content=\"Wisper Bikes\" \/>\n<meta property=\"article:publisher\" content=\"https:\/\/www.facebook.com\/Amps.Bike\/\" \/>\n<meta property=\"article:modified_time\" content=\"2024-03-08T14:13:09+00:00\" \/>\n<meta property=\"og:image\" content=\"https:\/\/wisperbikes.com\/dk\/wp-content\/uploads\/2021\/02\/8-Speed-Chain-scaled.jpg\" \/>\n\t<meta property=\"og:image:width\" content=\"1920\" \/>\n\t<meta property=\"og:image:height\" content=\"2560\" \/>\n\t<meta property=\"og:image:type\" content=\"image\/jpeg\" \/>\n<meta name=\"twitter:card\" content=\"summary_large_image\" \/>\n<meta name=\"twitter:site\" content=\"@wisperebikes\" \/>\n<script type=\"application\/ld+json\" class=\"yoast-schema-graph\">{\"@context\":\"https:\/\/schema.org\",\"@graph\":[{\"@type\":\"WebPage\",\"@id\":\"https:\/\/wisperbikes.com\/dk\/shop\/transmission\/8-speed-chain\/\",\"url\":\"https:\/\/wisperbikes.com\/dk\/shop\/transmission\/8-speed-chain\/\",\"name\":\"8 Speed K\u00e6de | Transmission - Wisper Bikes\",\"isPartOf\":{\"@id\":\"https:\/\/wisperbikes.com\/dk\/#website\"},\"datePublished\":\"2021-02-15T10:11:17+00:00\",\"dateModified\":\"2024-03-08T14:13:09+00:00\",\"description\":\"Holdbar 8 Speed K\u00e6de tilg\u00e6ngelig fra den mest betroede producent af e-cykeldele og tilbeh\u00f8r, Wisper UK. Klar til levering n\u00e6ste dag. Shop i dag!\",\"breadcrumb\":{\"@id\":\"https:\/\/wisperbikes.com\/dk\/shop\/transmission\/8-speed-chain\/#breadcrumb\"},\"inLanguage\":\"da-DK\",\"potentialAction\":[{\"@type\":\"ReadAction\",\"target\":[\"https:\/\/wisperbikes.com\/dk\/shop\/transmission\/8-speed-chain\/\"]}]},{\"@type\":\"BreadcrumbList\",\"@id\":\"https:\/\/wisperbikes.com\/dk\/shop\/transmission\/8-speed-chain\/#breadcrumb\",\"itemListElement\":[{\"@type\":\"ListItem\",\"position\":1,\"name\":\"Home\",\"item\":\"https:\/\/wisperbikes.com\/dk\/\"},{\"@type\":\"ListItem\",\"position\":2,\"name\":\"Our Shop\",\"item\":\"https:\/\/wisperbikes.com\/dk\/shop\/\"},{\"@type\":\"ListItem\",\"position\":3,\"name\":\"8 Speed Chain\"}]},{\"@type\":\"WebSite\",\"@id\":\"https:\/\/wisperbikes.com\/dk\/#website\",\"url\":\"https:\/\/wisperbikes.com\/dk\/\",\"name\":\"Wisper Bikes\",\"description\":\"Electric Bikes\",\"publisher\":{\"@id\":\"https:\/\/wisperbikes.com\/dk\/#organization\"},\"potentialAction\":[{\"@type\":\"SearchAction\",\"target\":{\"@type\":\"EntryPoint\",\"urlTemplate\":\"https:\/\/wisperbikes.com\/dk\/?s={search_term_string}\"},\"query-input\":\"required name=search_term_string\"}],\"inLanguage\":\"da-DK\"},{\"@type\":\"Organization\",\"@id\":\"https:\/\/wisperbikes.com\/dk\/#organization\",\"name\":\"Wisper Electric Bikes\",\"alternateName\":\"Wisper E-Bikes\",\"url\":\"https:\/\/wisperbikes.com\/dk\/\",\"logo\":{\"@type\":\"ImageObject\",\"inLanguage\":\"da-DK\",\"@id\":\"https:\/\/wisperbikes.com\/dk\/#\/schema\/logo\/image\/\",\"url\":\"https:\/\/wisperbikes.com\/dk\/wp-content\/uploads\/2021\/06\/WISPER-Logo.png\",\"contentUrl\":\"https:\/\/wisperbikes.com\/dk\/wp-content\/uploads\/2021\/06\/WISPER-Logo.png\",\"width\":250,\"height\":65,\"caption\":\"Wisper Electric Bikes\"},\"image\":{\"@id\":\"https:\/\/wisperbikes.com\/dk\/#\/schema\/logo\/image\/\"},\"sameAs\":[\"https:\/\/www.facebook.com\/Amps.Bike\/\",\"https:\/\/twitter.com\/wisperebikes\",\"https:\/\/www.instagram.com\/wisperbikes\/\"]}]}<\/script>\n<!-- \/ Yoast SEO plugin. -->","yoast_head_json":{"title":"8 Speed K\u00e6de | Transmission - Wisper Bikes","description":"Holdbar 8 Speed K\u00e6de tilg\u00e6ngelig fra den mest betroede producent af e-cykeldele og tilbeh\u00f8r, Wisper UK. Klar til levering n\u00e6ste dag. Shop i dag!","robots":{"index":"index","follow":"follow","max-snippet":"max-snippet:-1","max-image-preview":"max-image-preview:large","max-video-preview":"max-video-preview:-1"},"canonical":"https:\/\/wisperbikes.com\/dk\/shop\/transmission\/8-speed-chain\/","og_locale":"da_DK","og_type":"article","og_title":"8 Speed K\u00e6de | Transmission - Wisper Bikes","og_description":"Holdbar 8 Speed K\u00e6de tilg\u00e6ngelig fra den mest betroede producent af e-cykeldele og tilbeh\u00f8r, Wisper UK. Klar til levering n\u00e6ste dag. Shop i dag!","og_url":"https:\/\/wisperbikes.com\/dk\/shop\/transmission\/8-speed-chain\/","og_site_name":"Wisper Bikes","article_publisher":"https:\/\/www.facebook.com\/Amps.Bike\/","article_modified_time":"2024-03-08T14:13:09+00:00","og_image":[{"width":1920,"height":2560,"url":"https:\/\/wisperbikes.com\/dk\/wp-content\/uploads\/2021\/02\/8-Speed-Chain-scaled.jpg","type":"image\/jpeg"}],"twitter_card":"summary_large_image","twitter_site":"@wisperebikes","schema":{"@context":"https:\/\/schema.org","@graph":[{"@type":"WebPage","@id":"https:\/\/wisperbikes.com\/dk\/shop\/transmission\/8-speed-chain\/","url":"https:\/\/wisperbikes.com\/dk\/shop\/transmission\/8-speed-chain\/","name":"8 Speed K\u00e6de | Transmission - Wisper Bikes","isPartOf":{"@id":"https:\/\/wisperbikes.com\/dk\/#website"},"datePublished":"2021-02-15T10:11:17+00:00","dateModified":"2024-03-08T14:13:09+00:00","description":"Holdbar 8 Speed K\u00e6de tilg\u00e6ngelig fra den mest betroede producent af e-cykeldele og tilbeh\u00f8r, Wisper UK. Klar til levering n\u00e6ste dag. Shop i dag!","breadcrumb":{"@id":"https:\/\/wisperbikes.com\/dk\/shop\/transmission\/8-speed-chain\/#breadcrumb"},"inLanguage":"da-DK","potentialAction":[{"@type":"ReadAction","target":["https:\/\/wisperbikes.com\/dk\/shop\/transmission\/8-speed-chain\/"]}]},{"@type":"BreadcrumbList","@id":"https:\/\/wisperbikes.com\/dk\/shop\/transmission\/8-speed-chain\/#breadcrumb","itemListElement":[{"@type":"ListItem","position":1,"name":"Home","item":"https:\/\/wisperbikes.com\/dk\/"},{"@type":"ListItem","position":2,"name":"Our Shop","item":"https:\/\/wisperbikes.com\/dk\/shop\/"},{"@type":"ListItem","position":3,"name":"8 Speed Chain"}]},{"@type":"WebSite","@id":"https:\/\/wisperbikes.com\/dk\/#website","url":"https:\/\/wisperbikes.com\/dk\/","name":"Wisper Bikes","description":"Electric Bikes","publisher":{"@id":"https:\/\/wisperbikes.com\/dk\/#organization"},"potentialAction":[{"@type":"SearchAction","target":{"@type":"EntryPoint","urlTemplate":"https:\/\/wisperbikes.com\/dk\/?s={search_term_string}"},"query-input":"required name=search_term_string"}],"inLanguage":"da-DK"},{"@type":"Organization","@id":"https:\/\/wisperbikes.com\/dk\/#organization","name":"Wisper Electric Bikes","alternateName":"Wisper E-Bikes","url":"https:\/\/wisperbikes.com\/dk\/","logo":{"@type":"ImageObject","inLanguage":"da-DK","@id":"https:\/\/wisperbikes.com\/dk\/#\/schema\/logo\/image\/","url":"https:\/\/wisperbikes.com\/dk\/wp-content\/uploads\/2021\/06\/WISPER-Logo.png","contentUrl":"https:\/\/wisperbikes.com\/dk\/wp-content\/uploads\/2021\/06\/WISPER-Logo.png","width":250,"height":65,"caption":"Wisper Electric Bikes"},"image":{"@id":"https:\/\/wisperbikes.com\/dk\/#\/schema\/logo\/image\/"},"sameAs":["https:\/\/www.facebook.com\/Amps.Bike\/","https:\/\/twitter.com\/wisperebikes","https:\/\/www.instagram.com\/wisperbikes\/"]}]}},"_links":{"self":[{"href":"https:\/\/wisperbikes.com\/dk\/wp-json\/wp\/v2\/product\/30048"}],"collection":[{"href":"https:\/\/wisperbikes.com\/dk\/wp-json\/wp\/v2\/product"}],"about":[{"href":"https:\/\/wisperbikes.com\/dk\/wp-json\/wp\/v2\/types\/product"}],"replies":[{"embeddable":true,"href":"https:\/\/wisperbikes.com\/dk\/wp-json\/wp\/v2\/comments?post=30048"}],"wp:featuredmedia":[{"embeddable":true,"href":"https:\/\/wisperbikes.com\/dk\/wp-json\/wp\/v2\/media\/30049"}],"wp:attachment":[{"href":"https:\/\/wisperbikes.com\/dk\/wp-json\/wp\/v2\/media?parent=30048"}],"wp:term":[{"taxonomy":"product_cat","embeddable":true,"href":"https:\/\/wisperbikes.com\/dk\/wp-json\/wp\/v2\/product_cat?post=30048"},{"taxonomy":"product_tag","embeddable":true,"href":"https:\/\/wisperbikes.com\/dk\/wp-json\/wp\/v2\/product_tag?post=30048"}],"curies":[{"name":"wp","href":"https:\/\/api.w.org\/{rel}","templated":true}]}}