{"id":30758,"date":"2021-04-30T17:31:26","date_gmt":"2021-04-30T17:31:26","guid":{"rendered":"https:\/\/wisperbikes.com\/dk\/?post_type=product&#038;p=30758"},"modified":"2023-07-21T12:26:01","modified_gmt":"2023-07-21T12:26:01","slug":"wisper-705-26","status":"publish","type":"product","link":"https:\/\/wisperbikes.com\/dk\/shop\/e-bikes\/step-through-ebikes\/wisper-705-26\/","title":{"rendered":"Wisper 705 26\u201d Step-Through eBike"},"content":{"rendered":"<p><span data-sheets-value=\"{&quot;1&quot;:2,&quot;2&quot;:&quot;&quot;}\" data-sheets-userformat=\"{&quot;2&quot;:513,&quot;3&quot;:{&quot;1&quot;:0},&quot;12&quot;:0}\"><script type=\"application\/ld+json\">\r\n{\r\n  \"@context\": \"https:\/\/schema.org\/\", \r\n  \"@type\": \"Product\", \r\n  \"name\": \"Wisper 705 26\u201d Step-Through EBike\",\r\n  \"image\": \"https:\/\/wisperbikes.com\/dk\/wp-content\/uploads\/2022\/09\/705-26-Red.jpg\",\r\n  \"description\": \"Representing excellent value for money the 705 Step-through Electric Bike is Wisper\u2019s go to bike and the perfect choice for shopping, commuting or long country rides.\r\n\r\nYou can customise your own Wisper 705 Step-Through ebike today by simply selecting from a range of battery, power unit and colour options.\",\r\n  \"brand\": {\r\n    \"@type\": \"Brand\",\r\n    \"name\": \"Wisper Electric Bikes\"\r\n  },\r\n  \"offers\": {\r\n    \"@type\": \"AggregateOffer\",\r\n    \"url\": \"https:\/\/wisperbikes.com\/dk\/shop\/e-bikes\/step-through-ebikes\/wisper-705-26\/\",\r\n    \"priceCurrency\": \"GBP\",\r\n    \"lowPrice\": \"1599\",\r\n    \"highPrice\": \"2599\"\r\n  },\r\n  \"aggregateRating\": {\r\n    \"@type\": \"AggregateRating\",\r\n    \"ratingValue\": \"5\",\r\n    \"bestRating\": \"5\",\r\n    \"worstRating\": \"1\",\r\n    \"ratingCount\": \"4\",\r\n    \"reviewCount\": \"4\"\r\n  },\r\n  \"review\": [{\r\n    \"@type\": \"Review\",\r\n    \"name\": \"Cusstomer\",\r\n    \"reviewBody\": \"We have bought two Wisper bikes one for me and one for my wife 705 and a wayfaire we are very pleased with them and can\u2019t believe how well balanced they are we can\u2019t wait to get back on them\",\r\n    \"reviewRating\": {\r\n      \"@type\": \"Rating\",\r\n      \"ratingValue\": \"5\",\r\n      \"bestRating\": \"5\",\r\n      \"worstRating\": \"1\"\r\n    },\r\n    \"datePublished\": \"2020-10-20\",\r\n    \"author\": {\"@type\": \"Person\", \"name\": \"Cusstomer\"},\r\n    \"publisher\": {\"@type\": \"Organization\", \"name\": \"Wisper Electric Bikes\"}\r\n  },{\r\n    \"@type\": \"Review\",\r\n    \"name\": \"Brightonian\",\r\n    \"reviewBody\": \"Well made but not especially \u201ccool-looking\u201d I\u2019m just getting the hang of this 705 step-through bike. It is strong and well-made, with high quality braking system, and suspension. The design indicates rectitude rather than machismo. The sudden burst of power takes a bit of getting used to \u2013 but enables me to go up hills without too much effort. It\u2019s a heavy beast to manhandle through the hall way \u2013 but it adds a new dimension to routes and distances that I would not have attempted without the electric assistance.\",\r\n    \"reviewRating\": {\r\n      \"@type\": \"Rating\",\r\n      \"ratingValue\": \"5\",\r\n      \"bestRating\": \"5\",\r\n      \"worstRating\": \"1\"\r\n    },\r\n    \"datePublished\": \"2020-12-13\",\r\n    \"author\": {\"@type\": \"Person\", \"name\": \"Brightonian\"},\r\n    \"publisher\": {\"@type\": \"Organization\", \"name\": \"Wisper Electric Bikes\"}\r\n  },{\r\n    \"@type\": \"Review\",\r\n    \"name\": \"Bernie\",\r\n    \"reviewBody\": \"My wife and I are really pleased with our Wisper bikes. I bought the Wayfarer Adventure and my wofe bought the 705 26inch step through. Both have been on over 2,000 kilometeres of riding on National Cycle Network roads and off road gravel paths and have been very powerful with ranges of 90k + per ride.Super bikes, very robust and from recent experience able to cope with extremely wet weather! Great support as well as we bought one bike from head office at Kemsing and the other from a Dartford dealer bates-ebikes.\",\r\n    \"reviewRating\": {\r\n      \"@type\": \"Rating\",\r\n      \"ratingValue\": \"5\",\r\n      \"bestRating\": \"5\",\r\n      \"worstRating\": \"1\"\r\n    },\r\n    \"datePublished\": \"2021-02-13\",\r\n    \"author\": {\"@type\": \"Person\", \"name\": \"Bernie\"},\r\n    \"publisher\": {\"@type\": \"Organization\", \"name\": \"Wisper Electric Bikes\"}\r\n  },{\r\n    \"@type\": \"Review\",\r\n    \"name\": \"Customer\",\r\n    \"reviewBody\": \"Was pleased when this bike arrived and very pleased now I have done some riding. I feel the quality is good, nothing feels cheap or weak, it is solid and very comfortable. Saddle and handlebars are easy to adjust. Its reactions are instant, & the gearing is smooth and accurate. Battery is proving very efficient and if you are still prepared to pedal and get some exercise & not call on the power continuously, then the mileage is terrific. I will add that I believe the quotes for average mileage is accurate too. Very pleased with this purchase and also think the price was on the money.\",\r\n    \"reviewRating\": {\r\n      \"@type\": \"Rating\",\r\n      \"ratingValue\": \"5\",\r\n      \"bestRating\": \"5\",\r\n      \"worstRating\": \"1\"\r\n    },\r\n    \"datePublished\": \"2022-02-22\",\r\n    \"author\": {\"@type\": \"Person\", \"name\": \"Customer\"},\r\n    \"publisher\": {\"@type\": \"Organization\", \"name\": \"Wisper Electric Bikes\"}\r\n  }]\r\n}\r\n<\/script><\/span><\/p>\n<p><span data-sheets-value=\"{&quot;1&quot;:2,&quot;2&quot;:&quot;For yderligere information om Full Throttle-muligheden, klik venligst her.&quot;}\" data-sheets-userformat=\"{&quot;2&quot;:15171,&quot;3&quot;:{&quot;1&quot;:0},&quot;4&quot;:{&quot;1&quot;:2,&quot;2&quot;:16777215},&quot;9&quot;:0,&quot;11&quot;:3,&quot;12&quot;:0,&quot;14&quot;:{&quot;1&quot;:2,&quot;2&quot;:0},&quot;15&quot;:&quot;Rubik, sans-serif&quot;,&quot;16&quot;:12}\">For yderligere information om Full Throttle-muligheden, <\/span><a class=\"underline\" href=\"https:\/\/wisperbikes.com\/dk\/full-throttle-option\/\"><span data-sheets-value=\"{&quot;1&quot;:2,&quot;2&quot;:&quot;For yderligere information om Full Throttle-muligheden, klik venligst her.&quot;}\" data-sheets-userformat=\"{&quot;2&quot;:15171,&quot;3&quot;:{&quot;1&quot;:0},&quot;4&quot;:{&quot;1&quot;:2,&quot;2&quot;:16777215},&quot;9&quot;:0,&quot;11&quot;:3,&quot;12&quot;:0,&quot;14&quot;:{&quot;1&quot;:2,&quot;2&quot;:0},&quot;15&quot;:&quot;Rubik, sans-serif&quot;,&quot;16&quot;:12}\">klik venligst her<\/span><\/a>.<\/p>\n<h3><span data-sheets-value=\"{&quot;1&quot;:2,&quot;2&quot;:&quot;Tekniske specifikationer&quot;}\" data-sheets-userformat=\"{&quot;2&quot;:15171,&quot;3&quot;:{&quot;1&quot;:0},&quot;4&quot;:{&quot;1&quot;:2,&quot;2&quot;:16777215},&quot;9&quot;:0,&quot;11&quot;:3,&quot;12&quot;:0,&quot;14&quot;:{&quot;1&quot;:2,&quot;2&quot;:0},&quot;15&quot;:&quot;Rubik, sans-serif&quot;,&quot;16&quot;:12}\">Tekniske specifikationer<\/span><\/h3>\n<h4>Motor<\/h4>\n<p><span data-sheets-value=\"{&quot;1&quot;:2,&quot;2&quot;:&quot;Wisper H\u00f8j effektivitet, 250W h\u00f8j moment b\u00f8rstel\u00f8s motor&quot;}\" data-sheets-userformat=\"{&quot;2&quot;:15171,&quot;3&quot;:{&quot;1&quot;:0},&quot;4&quot;:{&quot;1&quot;:2,&quot;2&quot;:16777215},&quot;9&quot;:0,&quot;11&quot;:3,&quot;12&quot;:0,&quot;14&quot;:{&quot;1&quot;:2,&quot;2&quot;:0},&quot;15&quot;:&quot;Rubik, sans-serif&quot;,&quot;16&quot;:12}\">Wisper H\u00f8j effektivitet, 250W h\u00f8j moment b\u00f8rstel\u00f8s motor<\/span><\/p>\n<h4><span data-sheets-value=\"{&quot;1&quot;:2,&quot;2&quot;:&quot;Litiumbatteri&quot;}\" data-sheets-userformat=\"{&quot;2&quot;:15171,&quot;3&quot;:{&quot;1&quot;:0},&quot;4&quot;:{&quot;1&quot;:2,&quot;2&quot;:16777215},&quot;9&quot;:0,&quot;11&quot;:3,&quot;12&quot;:0,&quot;14&quot;:{&quot;1&quot;:2,&quot;2&quot;:0},&quot;15&quot;:&quot;Rubik, sans-serif&quot;,&quot;16&quot;:12}\">Litiumbatteri<\/span><\/h4>\n<p><span data-sheets-value=\"{&quot;1&quot;:2,&quot;2&quot;:&quot;Medium r\u00e6kkevidde 375Wh MAX r\u00e6kkevidde 50 miles&quot;}\" data-sheets-userformat=\"{&quot;2&quot;:15171,&quot;3&quot;:{&quot;1&quot;:0},&quot;4&quot;:{&quot;1&quot;:2,&quot;2&quot;:16777215},&quot;9&quot;:0,&quot;11&quot;:3,&quot;12&quot;:0,&quot;14&quot;:{&quot;1&quot;:2,&quot;2&quot;:0},&quot;15&quot;:&quot;Rubik, sans-serif&quot;,&quot;16&quot;:12}\">Medium r\u00e6kkevidde 375Wh MAX r\u00e6kkevidde 50 miles<\/span><br \/>\n<span data-sheets-value=\"{&quot;1&quot;:2,&quot;2&quot;:&quot;Lang r\u00e6kkevidde 575Wh MAX r\u00e6kkevidde 75 miles&quot;}\" data-sheets-userformat=\"{&quot;2&quot;:15171,&quot;3&quot;:{&quot;1&quot;:0},&quot;4&quot;:{&quot;1&quot;:2,&quot;2&quot;:16777215},&quot;9&quot;:0,&quot;11&quot;:3,&quot;12&quot;:0,&quot;14&quot;:{&quot;1&quot;:2,&quot;2&quot;:0},&quot;15&quot;:&quot;Rubik, sans-serif&quot;,&quot;16&quot;:12}\">Lang r\u00e6kkevidde 575Wh MAX r\u00e6kkevidde 75 miles<\/span><br \/>\n<span data-sheets-value=\"{&quot;1&quot;:2,&quot;2&quot;:&quot;Mega r\u00e6kkevidde 700W MAX r\u00e6kkevidde 100 miles&quot;}\" data-sheets-userformat=\"{&quot;2&quot;:15171,&quot;3&quot;:{&quot;1&quot;:0},&quot;4&quot;:{&quot;1&quot;:2,&quot;2&quot;:16777215},&quot;9&quot;:0,&quot;11&quot;:3,&quot;12&quot;:0,&quot;14&quot;:{&quot;1&quot;:2,&quot;2&quot;:0},&quot;15&quot;:&quot;Rubik, sans-serif&quot;,&quot;16&quot;:12}\">Mega r\u00e6kkevidde 700W MAX r\u00e6kkevidde 100 miles<\/span><\/p>\n<p><span data-sheets-value=\"{&quot;1&quot;:2,&quot;2&quot;:&quot;*Ved at opgradere til vores h\u00f8j effektivitet Torque Power Pack kan r\u00e6kkevidden forl\u00e6nges med op til 30%&quot;}\" data-sheets-userformat=\"{&quot;2&quot;:15171,&quot;3&quot;:{&quot;1&quot;:0},&quot;4&quot;:{&quot;1&quot;:2,&quot;2&quot;:16777215},&quot;9&quot;:0,&quot;11&quot;:3,&quot;12&quot;:0,&quot;14&quot;:{&quot;1&quot;:2,&quot;2&quot;:0},&quot;15&quot;:&quot;Rubik, sans-serif&quot;,&quot;16&quot;:12}\">*Ved at opgradere til vores h\u00f8j effektivitet Torque Power Pack kan r\u00e6kkevidden forl\u00e6nges med op til 30%<\/span><\/p>\n<h4><span data-sheets-value=\"{&quot;1&quot;:2,&quot;2&quot;:&quot;Fuld gash\u00e5ndtag r\u00e6kkevidde&quot;}\" data-sheets-userformat=\"{&quot;2&quot;:15171,&quot;3&quot;:{&quot;1&quot;:0},&quot;4&quot;:{&quot;1&quot;:2,&quot;2&quot;:16777215},&quot;9&quot;:0,&quot;11&quot;:3,&quot;12&quot;:0,&quot;14&quot;:{&quot;1&quot;:2,&quot;2&quot;:0},&quot;15&quot;:&quot;Rubik, sans-serif&quot;,&quot;16&quot;:12}\">Fuld gash\u00e5ndtag r\u00e6kkevidde<\/span><\/h4>\n<p><span data-sheets-value=\"{&quot;1&quot;:2,&quot;2&quot;:&quot;At bruge din Wisper cykel p\u00e5 gash\u00e5ndtaget alene vil reducere din r\u00e6kkevidde med op til 35%, og TTP vil ikke hj\u00e6lpe med at \u00f8ge r\u00e6kkevidden, mens du bruger gash\u00e5ndtaget alene. Hvis din cykel er blevet opgraderet, s\u00e5 den fungerer p\u00e5 gash\u00e5ndtaget alene, foresl\u00e5r vi stadig, at du tr\u00e6der i pedalerne, n\u00e5r du er i stand til det. Brug funktionen gash\u00e5ndtag alene, n\u00e5r du har brug for at hvile, eller for at hj\u00e6lpe dig med at komme i gang, n\u00e5r du s\u00e6tter i gang.&quot;}\" data-sheets-userformat=\"{&quot;2&quot;:15171,&quot;3&quot;:{&quot;1&quot;:0},&quot;4&quot;:{&quot;1&quot;:2,&quot;2&quot;:16777215},&quot;9&quot;:0,&quot;11&quot;:3,&quot;12&quot;:0,&quot;14&quot;:{&quot;1&quot;:2,&quot;2&quot;:0},&quot;15&quot;:&quot;Rubik, sans-serif&quot;,&quot;16&quot;:12}\">At bruge din Wisper cykel p\u00e5 gash\u00e5ndtaget alene vil reducere din r\u00e6kkevidde med op til 35%, og TTP vil ikke hj\u00e6lpe med at \u00f8ge r\u00e6kkevidden, mens du bruger gash\u00e5ndtaget alene. Hvis din cykel er blevet opgraderet, s\u00e5 den fungerer p\u00e5 gash\u00e5ndtaget alene, foresl\u00e5r vi stadig, at du tr\u00e6der i pedalerne, n\u00e5r du er i stand til det. Brug funktionen gash\u00e5ndtag alene, n\u00e5r du har brug for at hvile, eller for at hj\u00e6lpe dig med at komme i gang, n\u00e5r du s\u00e6tter i gang.<\/span><\/p>\n<h4><span data-sheets-value=\"{&quot;1&quot;:2,&quot;2&quot;:&quot;Kontroller&quot;}\" data-sheets-userformat=\"{&quot;2&quot;:15171,&quot;3&quot;:{&quot;1&quot;:0},&quot;4&quot;:{&quot;1&quot;:2,&quot;2&quot;:16777215},&quot;9&quot;:0,&quot;11&quot;:3,&quot;12&quot;:0,&quot;14&quot;:{&quot;1&quot;:2,&quot;2&quot;:0},&quot;15&quot;:&quot;Rubik, sans-serif&quot;,&quot;16&quot;:12}\">Kontroller<\/span><\/h4>\n<p><span data-sheets-value=\"{&quot;1&quot;:2,&quot;2&quot;:&quot;Wisper Bagbelyst LCD-display&quot;}\" data-sheets-userformat=\"{&quot;2&quot;:15171,&quot;3&quot;:{&quot;1&quot;:0},&quot;4&quot;:{&quot;1&quot;:2,&quot;2&quot;:16777215},&quot;9&quot;:0,&quot;11&quot;:3,&quot;12&quot;:0,&quot;14&quot;:{&quot;1&quot;:2,&quot;2&quot;:0},&quot;15&quot;:&quot;Rubik, sans-serif&quot;,&quot;16&quot;:12}\">Wisper Bagbelyst LCD-display<\/span><\/p>\n<h4><span data-sheets-value=\"{&quot;1&quot;:2,&quot;2&quot;:&quot;Cykelv\u00e6gt&quot;}\" data-sheets-userformat=\"{&quot;2&quot;:15171,&quot;3&quot;:{&quot;1&quot;:0},&quot;4&quot;:{&quot;1&quot;:2,&quot;2&quot;:16777215},&quot;9&quot;:0,&quot;11&quot;:3,&quot;12&quot;:0,&quot;14&quot;:{&quot;1&quot;:2,&quot;2&quot;:0},&quot;15&quot;:&quot;Rubik, sans-serif&quot;,&quot;16&quot;:12}\">Cykelv\u00e6gt<\/span><\/h4>\n<p>375Wh: 23kg<br \/>\n575Wh: 24kg<br \/>\n700Wh: 24.5kg<\/p>\n<h4><span data-sheets-value=\"{&quot;1&quot;:2,&quot;2&quot;:&quot;Ramme&quot;}\" data-sheets-userformat=\"{&quot;2&quot;:15171,&quot;3&quot;:{&quot;1&quot;:0},&quot;4&quot;:{&quot;1&quot;:2,&quot;2&quot;:16777215},&quot;9&quot;:0,&quot;11&quot;:3,&quot;12&quot;:0,&quot;14&quot;:{&quot;1&quot;:2,&quot;2&quot;:0},&quot;15&quot;:&quot;Rubik, sans-serif&quot;,&quot;16&quot;:12}\">Ramme<\/span><\/h4>\n<p><span data-sheets-value=\"{&quot;1&quot;:2,&quot;2&quot;:&quot;H\u00e5ndsvetsad, 6061 Alloy T4 og T6 h\u00e6rdet&quot;}\" data-sheets-userformat=\"{&quot;2&quot;:15171,&quot;3&quot;:{&quot;1&quot;:0},&quot;4&quot;:{&quot;1&quot;:2,&quot;2&quot;:16777215},&quot;9&quot;:0,&quot;11&quot;:3,&quot;12&quot;:0,&quot;14&quot;:{&quot;1&quot;:2,&quot;2&quot;:0},&quot;15&quot;:&quot;Rubik, sans-serif&quot;,&quot;16&quot;:12}\">H\u00e5ndsvetsad, 6061 Alloy T4 og T6 h\u00e6rdet<\/span><\/p>\n<h4><span data-sheets-value=\"{&quot;1&quot;:2,&quot;2&quot;:&quot;Rammest\u00f8rrelse&quot;}\" data-sheets-userformat=\"{&quot;2&quot;:15171,&quot;3&quot;:{&quot;1&quot;:0},&quot;4&quot;:{&quot;1&quot;:2,&quot;2&quot;:16777215},&quot;9&quot;:0,&quot;11&quot;:3,&quot;12&quot;:0,&quot;14&quot;:{&quot;1&quot;:2,&quot;2&quot;:0},&quot;15&quot;:&quot;Rubik, sans-serif&quot;,&quot;16&quot;:12}\">Rammest\u00f8rrelse<\/span><\/h4>\n<p>26&#8243; Wheel: 18\u201d 46.5cm<br \/>\n24&#8243; Wheel 14.5&#8243; 36.5cm<\/p>\n<p>&nbsp;<\/p>\n<p>&nbsp;<\/p>\n<p><img decoding=\"async\" loading=\"lazy\" class=\"alignnone size-full wp-image-31586\" src=\"https:\/\/wisperbikes.com\/dk\/wp-content\/uploads\/2021\/09\/Wisper-traditional-large-step-through-torque-model-scaled.jpg\" alt=\"\" width=\"1416\" height=\"787\" \/><\/p>\n<p>&nbsp;<\/p>\n","protected":false},"excerpt":{"rendered":"<p>&nbsp;<\/p>\n<p>&nbsp;<\/p>\n","protected":false},"featured_media":39217,"comment_status":"open","ping_status":"closed","template":"","meta":[],"product_cat":[916,958,160,158],"product_tag":[],"acf":[],"yoast_head":"<!-- This site is optimized with the Yoast SEO plugin v20.13 - https:\/\/yoast.com\/wordpress\/plugins\/seo\/ -->\n<title>Wisper 705 26\u201d Step-Through eBike | Wisper elcykler<\/title>\n<meta name=\"description\" content=\"Wisper 705 Step-Through Electric Bike er den perfekte eBike til touring. Komfortabel, p\u00e5lidelig og sp\u00e6kket med fantastiske funktioner! K\u00f8b nu\" \/>\n<meta name=\"robots\" content=\"index, follow, max-snippet:-1, max-image-preview:large, max-video-preview:-1\" \/>\n<link rel=\"canonical\" href=\"https:\/\/wisperbikes.com\/dk\/shop\/e-bikes\/step-through-ebikes\/wisper-705-26\/\" \/>\n<meta property=\"og:locale\" content=\"da_DK\" \/>\n<meta property=\"og:type\" content=\"article\" \/>\n<meta property=\"og:title\" content=\"Wisper 705 26\u201d Step-Through eBike | Wisper elcykler\" \/>\n<meta property=\"og:description\" content=\"Wisper 705 Step-Through Electric Bike er den perfekte eBike til touring. Komfortabel, p\u00e5lidelig og sp\u00e6kket med fantastiske funktioner! K\u00f8b nu\" \/>\n<meta property=\"og:url\" content=\"https:\/\/wisperbikes.com\/dk\/shop\/e-bikes\/step-through-ebikes\/wisper-705-26\/\" \/>\n<meta property=\"og:site_name\" content=\"Wisper Bikes\" \/>\n<meta property=\"article:publisher\" content=\"https:\/\/www.facebook.com\/Amps.Bike\/\" \/>\n<meta property=\"article:modified_time\" content=\"2023-07-21T12:26:01+00:00\" \/>\n<meta property=\"og:image\" content=\"https:\/\/wisperbikes.com\/dk\/wp-content\/uploads\/2021\/04\/705-26-Red.webp\" \/>\n\t<meta property=\"og:image:width\" content=\"1000\" \/>\n\t<meta property=\"og:image:height\" content=\"1000\" \/>\n\t<meta property=\"og:image:type\" content=\"image\/webp\" \/>\n<meta name=\"twitter:card\" content=\"summary_large_image\" \/>\n<meta name=\"twitter:site\" content=\"@wisperebikes\" \/>\n<meta name=\"twitter:label1\" content=\"Estimeret l\u00e6setid\" \/>\n\t<meta name=\"twitter:data1\" content=\"1 minut\" \/>\n<script type=\"application\/ld+json\" class=\"yoast-schema-graph\">{\"@context\":\"https:\/\/schema.org\",\"@graph\":[{\"@type\":\"WebPage\",\"@id\":\"https:\/\/wisperbikes.com\/dk\/shop\/e-bikes\/step-through-ebikes\/wisper-705-26\/\",\"url\":\"https:\/\/wisperbikes.com\/dk\/shop\/e-bikes\/step-through-ebikes\/wisper-705-26\/\",\"name\":\"Wisper 705 26\u201d Step-Through eBike | Wisper elcykler\",\"isPartOf\":{\"@id\":\"https:\/\/wisperbikes.com\/dk\/#website\"},\"datePublished\":\"2021-04-30T17:31:26+00:00\",\"dateModified\":\"2023-07-21T12:26:01+00:00\",\"description\":\"Wisper 705 Step-Through Electric Bike er den perfekte eBike til touring. Komfortabel, p\u00e5lidelig og sp\u00e6kket med fantastiske funktioner! K\u00f8b nu\",\"breadcrumb\":{\"@id\":\"https:\/\/wisperbikes.com\/dk\/shop\/e-bikes\/step-through-ebikes\/wisper-705-26\/#breadcrumb\"},\"inLanguage\":\"da-DK\",\"potentialAction\":[{\"@type\":\"ReadAction\",\"target\":[\"https:\/\/wisperbikes.com\/dk\/shop\/e-bikes\/step-through-ebikes\/wisper-705-26\/\"]}]},{\"@type\":\"BreadcrumbList\",\"@id\":\"https:\/\/wisperbikes.com\/dk\/shop\/e-bikes\/step-through-ebikes\/wisper-705-26\/#breadcrumb\",\"itemListElement\":[{\"@type\":\"ListItem\",\"position\":1,\"name\":\"Home\",\"item\":\"https:\/\/wisperbikes.com\/dk\/\"},{\"@type\":\"ListItem\",\"position\":2,\"name\":\"Our Shop\",\"item\":\"https:\/\/wisperbikes.com\/dk\/shop\/\"},{\"@type\":\"ListItem\",\"position\":3,\"name\":\"Wisper 705 26\u201d Step-Through eBike\"}]},{\"@type\":\"WebSite\",\"@id\":\"https:\/\/wisperbikes.com\/dk\/#website\",\"url\":\"https:\/\/wisperbikes.com\/dk\/\",\"name\":\"Wisper Bikes\",\"description\":\"Electric Bikes\",\"publisher\":{\"@id\":\"https:\/\/wisperbikes.com\/dk\/#organization\"},\"potentialAction\":[{\"@type\":\"SearchAction\",\"target\":{\"@type\":\"EntryPoint\",\"urlTemplate\":\"https:\/\/wisperbikes.com\/dk\/?s={search_term_string}\"},\"query-input\":\"required name=search_term_string\"}],\"inLanguage\":\"da-DK\"},{\"@type\":\"Organization\",\"@id\":\"https:\/\/wisperbikes.com\/dk\/#organization\",\"name\":\"Wisper Electric Bikes\",\"alternateName\":\"Wisper E-Bikes\",\"url\":\"https:\/\/wisperbikes.com\/dk\/\",\"logo\":{\"@type\":\"ImageObject\",\"inLanguage\":\"da-DK\",\"@id\":\"https:\/\/wisperbikes.com\/dk\/#\/schema\/logo\/image\/\",\"url\":\"https:\/\/wisperbikes.com\/dk\/wp-content\/uploads\/2021\/06\/WISPER-Logo.png\",\"contentUrl\":\"https:\/\/wisperbikes.com\/dk\/wp-content\/uploads\/2021\/06\/WISPER-Logo.png\",\"width\":250,\"height\":65,\"caption\":\"Wisper Electric Bikes\"},\"image\":{\"@id\":\"https:\/\/wisperbikes.com\/dk\/#\/schema\/logo\/image\/\"},\"sameAs\":[\"https:\/\/www.facebook.com\/Amps.Bike\/\",\"https:\/\/twitter.com\/wisperebikes\",\"https:\/\/www.instagram.com\/wisperbikes\/\"]}]}<\/script>\n<!-- \/ Yoast SEO plugin. -->","yoast_head_json":{"title":"Wisper 705 26\u201d Step-Through eBike | Wisper elcykler","description":"Wisper 705 Step-Through Electric Bike er den perfekte eBike til touring. Komfortabel, p\u00e5lidelig og sp\u00e6kket med fantastiske funktioner! K\u00f8b nu","robots":{"index":"index","follow":"follow","max-snippet":"max-snippet:-1","max-image-preview":"max-image-preview:large","max-video-preview":"max-video-preview:-1"},"canonical":"https:\/\/wisperbikes.com\/dk\/shop\/e-bikes\/step-through-ebikes\/wisper-705-26\/","og_locale":"da_DK","og_type":"article","og_title":"Wisper 705 26\u201d Step-Through eBike | Wisper elcykler","og_description":"Wisper 705 Step-Through Electric Bike er den perfekte eBike til touring. Komfortabel, p\u00e5lidelig og sp\u00e6kket med fantastiske funktioner! K\u00f8b nu","og_url":"https:\/\/wisperbikes.com\/dk\/shop\/e-bikes\/step-through-ebikes\/wisper-705-26\/","og_site_name":"Wisper Bikes","article_publisher":"https:\/\/www.facebook.com\/Amps.Bike\/","article_modified_time":"2023-07-21T12:26:01+00:00","og_image":[{"width":1000,"height":1000,"url":"https:\/\/wisperbikes.com\/dk\/wp-content\/uploads\/2021\/04\/705-26-Red.webp","type":"image\/webp"}],"twitter_card":"summary_large_image","twitter_site":"@wisperebikes","twitter_misc":{"Estimeret l\u00e6setid":"1 minut"},"schema":{"@context":"https:\/\/schema.org","@graph":[{"@type":"WebPage","@id":"https:\/\/wisperbikes.com\/dk\/shop\/e-bikes\/step-through-ebikes\/wisper-705-26\/","url":"https:\/\/wisperbikes.com\/dk\/shop\/e-bikes\/step-through-ebikes\/wisper-705-26\/","name":"Wisper 705 26\u201d Step-Through eBike | Wisper elcykler","isPartOf":{"@id":"https:\/\/wisperbikes.com\/dk\/#website"},"datePublished":"2021-04-30T17:31:26+00:00","dateModified":"2023-07-21T12:26:01+00:00","description":"Wisper 705 Step-Through Electric Bike er den perfekte eBike til touring. Komfortabel, p\u00e5lidelig og sp\u00e6kket med fantastiske funktioner! K\u00f8b nu","breadcrumb":{"@id":"https:\/\/wisperbikes.com\/dk\/shop\/e-bikes\/step-through-ebikes\/wisper-705-26\/#breadcrumb"},"inLanguage":"da-DK","potentialAction":[{"@type":"ReadAction","target":["https:\/\/wisperbikes.com\/dk\/shop\/e-bikes\/step-through-ebikes\/wisper-705-26\/"]}]},{"@type":"BreadcrumbList","@id":"https:\/\/wisperbikes.com\/dk\/shop\/e-bikes\/step-through-ebikes\/wisper-705-26\/#breadcrumb","itemListElement":[{"@type":"ListItem","position":1,"name":"Home","item":"https:\/\/wisperbikes.com\/dk\/"},{"@type":"ListItem","position":2,"name":"Our Shop","item":"https:\/\/wisperbikes.com\/dk\/shop\/"},{"@type":"ListItem","position":3,"name":"Wisper 705 26\u201d Step-Through eBike"}]},{"@type":"WebSite","@id":"https:\/\/wisperbikes.com\/dk\/#website","url":"https:\/\/wisperbikes.com\/dk\/","name":"Wisper Bikes","description":"Electric Bikes","publisher":{"@id":"https:\/\/wisperbikes.com\/dk\/#organization"},"potentialAction":[{"@type":"SearchAction","target":{"@type":"EntryPoint","urlTemplate":"https:\/\/wisperbikes.com\/dk\/?s={search_term_string}"},"query-input":"required name=search_term_string"}],"inLanguage":"da-DK"},{"@type":"Organization","@id":"https:\/\/wisperbikes.com\/dk\/#organization","name":"Wisper Electric Bikes","alternateName":"Wisper E-Bikes","url":"https:\/\/wisperbikes.com\/dk\/","logo":{"@type":"ImageObject","inLanguage":"da-DK","@id":"https:\/\/wisperbikes.com\/dk\/#\/schema\/logo\/image\/","url":"https:\/\/wisperbikes.com\/dk\/wp-content\/uploads\/2021\/06\/WISPER-Logo.png","contentUrl":"https:\/\/wisperbikes.com\/dk\/wp-content\/uploads\/2021\/06\/WISPER-Logo.png","width":250,"height":65,"caption":"Wisper Electric Bikes"},"image":{"@id":"https:\/\/wisperbikes.com\/dk\/#\/schema\/logo\/image\/"},"sameAs":["https:\/\/www.facebook.com\/Amps.Bike\/","https:\/\/twitter.com\/wisperebikes","https:\/\/www.instagram.com\/wisperbikes\/"]}]}},"_links":{"self":[{"href":"https:\/\/wisperbikes.com\/dk\/wp-json\/wp\/v2\/product\/30758"}],"collection":[{"href":"https:\/\/wisperbikes.com\/dk\/wp-json\/wp\/v2\/product"}],"about":[{"href":"https:\/\/wisperbikes.com\/dk\/wp-json\/wp\/v2\/types\/product"}],"replies":[{"embeddable":true,"href":"https:\/\/wisperbikes.com\/dk\/wp-json\/wp\/v2\/comments?post=30758"}],"wp:featuredmedia":[{"embeddable":true,"href":"https:\/\/wisperbikes.com\/dk\/wp-json\/wp\/v2\/media\/39217"}],"wp:attachment":[{"href":"https:\/\/wisperbikes.com\/dk\/wp-json\/wp\/v2\/media?parent=30758"}],"wp:term":[{"taxonomy":"product_cat","embeddable":true,"href":"https:\/\/wisperbikes.com\/dk\/wp-json\/wp\/v2\/product_cat?post=30758"},{"taxonomy":"product_tag","embeddable":true,"href":"https:\/\/wisperbikes.com\/dk\/wp-json\/wp\/v2\/product_tag?post=30758"}],"curies":[{"name":"wp","href":"https:\/\/api.w.org\/{rel}","templated":true}]}}