{"id":33586,"date":"2022-05-25T10:34:18","date_gmt":"2022-05-25T10:34:18","guid":{"rendered":"https:\/\/wisperbikes.com\/dk\/?post_type=product&#038;p=33586"},"modified":"2024-03-13T16:54:52","modified_gmt":"2024-03-13T16:54:52","slug":"tailwind-city-low-crossbar","status":"publish","type":"product","link":"https:\/\/wisperbikes.com\/dk\/shop\/e-bikes\/step-through-ebikes\/tailwind-city-low-crossbar\/","title":{"rendered":"Tailwind City Low Crossbar"},"content":{"rendered":"<p><span data-sheets-value=\"{&quot;1&quot;:2,&quot;2&quot;:&quot;For yderligere information vedr\u00f8rende Fuld Gas Option, venligst KLIK HER.&quot;}\" data-sheets-userformat=\"{&quot;2&quot;:15171,&quot;3&quot;:{&quot;1&quot;:0},&quot;4&quot;:{&quot;1&quot;:2,&quot;2&quot;:16777215},&quot;9&quot;:0,&quot;11&quot;:3,&quot;12&quot;:0,&quot;14&quot;:{&quot;1&quot;:2,&quot;2&quot;:0},&quot;15&quot;:&quot;Rubik, sans-serif&quot;,&quot;16&quot;:12}\">For yderligere information vedr\u00f8rende Fuld Gas Option, venligst <\/span><strong><a href=\"https:\/\/wisperbikes.com\/dk\/full-throttle-option\/\"><span data-sheets-value=\"{&quot;1&quot;:2,&quot;2&quot;:&quot;For yderligere information vedr\u00f8rende Fuld Gas Option, venligst KLIK HER.&quot;}\" data-sheets-userformat=\"{&quot;2&quot;:15171,&quot;3&quot;:{&quot;1&quot;:0},&quot;4&quot;:{&quot;1&quot;:2,&quot;2&quot;:16777215},&quot;9&quot;:0,&quot;11&quot;:3,&quot;12&quot;:0,&quot;14&quot;:{&quot;1&quot;:2,&quot;2&quot;:0},&quot;15&quot;:&quot;Rubik, sans-serif&quot;,&quot;16&quot;:12}\">KLIK HER.<\/span><\/a><\/strong><\/p>\n<h2>Tekniske Specifikationer<\/h2>\n<p><span data-sheets-value=\"{&quot;1&quot;:2,&quot;2&quot;:&quot;Motor: Wisper h\u00f8j effektivitet, 250W hi moment b\u00f8rstel\u00f8s motor, let k\u00f8rbar forbi 25km\/t med n\u00e6sten ingen motor tr\u00e6k&quot;}\" data-sheets-userformat=\"{&quot;2&quot;:15171,&quot;3&quot;:{&quot;1&quot;:0},&quot;4&quot;:{&quot;1&quot;:2,&quot;2&quot;:16777215},&quot;9&quot;:0,&quot;11&quot;:3,&quot;12&quot;:0,&quot;14&quot;:{&quot;1&quot;:2,&quot;2&quot;:0},&quot;15&quot;:&quot;Rubik, sans-serif&quot;,&quot;16&quot;:12}\"><strong>Motor:<\/strong> Wisper h\u00f8j effektivitet, 250W hi moment b\u00f8rstel\u00f8s motor, let k\u00f8rbar forbi 25km\/t med n\u00e6sten ingen motor tr\u00e6k<\/span><\/p>\n<p><span data-sheets-value=\"{&quot;1&quot;:2,&quot;2&quot;:&quot;Gash\u00e5ndtag: Standard: Tommelfinger-gash\u00e5ndtag op til 6km\/t og tommelfinger-gash\u00e5ndtag op til 25km\/t n\u00e5r der tr\u00e6des i pedalerne. Fuld gash\u00e5ndtag-option tilg\u00e6ngelig.&quot;}\" data-sheets-userformat=\"{&quot;2&quot;:15171,&quot;3&quot;:{&quot;1&quot;:0},&quot;4&quot;:{&quot;1&quot;:2,&quot;2&quot;:16777215},&quot;9&quot;:0,&quot;11&quot;:3,&quot;12&quot;:0,&quot;14&quot;:{&quot;1&quot;:2,&quot;2&quot;:0},&quot;15&quot;:&quot;Rubik, sans-serif&quot;,&quot;16&quot;:12}\"><strong>Gash\u00e5ndtag:<\/strong> Standard: Tommelfinger-gash\u00e5ndtag op til 6km\/t og tommelfinger-gash\u00e5ndtag op til 25km\/t n\u00e5r der tr\u00e6des i pedalerne. Fuld gash\u00e5ndtag-option tilg\u00e6ngelig.<\/span><\/p>\n<p><strong>Gash\u00e5ndtags-r\u00e6kkevidde:<\/strong> Brug af din Wisper cykel kun p\u00e5 gash\u00e5ndtaget vil reducere din r\u00e6kkevidde med op til 30%. Hvis din cykel er opgraderet, s\u00e5 den fungerer kun p\u00e5 gash\u00e5ndtaget, anbefaler vi stadig at tr\u00e6de i pedalerne, n\u00e5r du kan. Brug gash\u00e5ndtag-funktionen kun, n\u00e5r du har brug for at hvile eller for at hj\u00e6lpe dig med at komme i gang.<\/p>\n<p><strong>Batteri:<\/strong> Lithium standard slimline 360Wh eller Lang r\u00e6kkevidde 540Wh Lithium<\/p>\n<p><strong>Max r\u00e6kkevidde 360Wh:<\/strong> 80 km<br \/>\n<strong>Max r\u00e6kkevidde 540Wh:<\/strong> 110 km<\/p>\n<p><strong>Kontroller:<\/strong> Wisper Baggrundsbelyst LCD-display med fjernbetjeninger<\/p>\n<p><strong>V\u00e6gt:<\/strong> 360Wh: 19Kg 540Wh: 20kg<\/p>\n<p><strong>Stel:<\/strong> Wisper Tailwind 6061 legering h\u00e5nd svejset, brugerdefineret butted r\u00f8r \/ konisk hovedr\u00f8r \/ BB68 \/ Intern kabelruting \/ udskiftelig h\u00e6nger<\/p>\n<p><strong>St\u00f8rrelse p\u00e5 stel:<\/strong> 19&#8243; 48cm<\/p>\n<p><strong>Farve:<\/strong> Sort eller Sten<\/p>\n<p><strong>Forstykke:<\/strong> Legering twin blade<\/p>\n<p><span data-sheets-value=\"{&quot;1&quot;:2,&quot;2&quot;:&quot;K\u00e6de-s\u00e6t: Sort legering 48T k\u00e6dering Crank l\u00e6ngde 170mm&quot;}\" data-sheets-userformat=\"{&quot;2&quot;:15171,&quot;3&quot;:{&quot;1&quot;:0},&quot;4&quot;:{&quot;1&quot;:2,&quot;2&quot;:16777215},&quot;9&quot;:0,&quot;11&quot;:3,&quot;12&quot;:0,&quot;14&quot;:{&quot;1&quot;:2,&quot;2&quot;:0},&quot;15&quot;:&quot;Rubik, sans-serif&quot;,&quot;16&quot;:12}\"><strong>K\u00e6de-s\u00e6t:<\/strong> Sort legering 48T k\u00e6dering Crank l\u00e6ngde 170mm<\/span><\/p>\n<p><span data-sheets-value=\"{&quot;1&quot;:2,&quot;2&quot;:&quot;Bagskifter: Shimano Alivio Shadow design 9-speed skifter&quot;}\" data-sheets-userformat=\"{&quot;2&quot;:15171,&quot;3&quot;:{&quot;1&quot;:0},&quot;4&quot;:{&quot;1&quot;:2,&quot;2&quot;:16777215},&quot;9&quot;:0,&quot;11&quot;:3,&quot;12&quot;:0,&quot;14&quot;:{&quot;1&quot;:2,&quot;2&quot;:0},&quot;15&quot;:&quot;Rubik, sans-serif&quot;,&quot;16&quot;:12}\"><strong>Bagskifter:<\/strong> Shimano Alivio Shadow design 9-speed skifter<\/span><\/p>\n<p><span data-sheets-value=\"{&quot;1&quot;:2,&quot;2&quot;:&quot;Shifter: Shimano Alivio 9-speed M3100 rapidfire shifter&quot;}\" data-sheets-userformat=\"{&quot;2&quot;:15171,&quot;3&quot;:{&quot;1&quot;:0},&quot;4&quot;:{&quot;1&quot;:2,&quot;2&quot;:16777215},&quot;9&quot;:0,&quot;11&quot;:3,&quot;12&quot;:0,&quot;14&quot;:{&quot;1&quot;:2,&quot;2&quot;:0},&quot;15&quot;:&quot;Rubik, sans-serif&quot;,&quot;16&quot;:12}\"><strong>Shifter:<\/strong> Shimano Alivio 9-speed M3100 rapidfire shifter<\/span><\/p>\n<p><strong>Kassette:<\/strong> Shimano CS HG400 11-34T<\/p>\n<p><strong>K\u00e6de:<\/strong> KMC X9 rust modst\u00e5 9 speed<\/p>\n<p><strong>Styrfittings:<\/strong> Legering 6061 oversized 31.8mm \/ 1 1\/8&#8243; 6\u00b0 vinkel<\/p>\n<p><strong>Styr:<\/strong> Legering 6061 Flad 9\u00b0 740mm<\/p>\n<p><strong>Sadelpind:<\/strong> Sort anodiseret legering 30.9 x 350mm<\/p>\n<p><strong>Sadel:<\/strong> Wisper Comfort<\/p>\n<p><strong>Bremser:<\/strong> Wisper Hydrauliske 180mm skive foran og 160mm skive bag<\/p>\n<p><strong>Hjul:<\/strong> Legering sort anodiseret dobbeltv\u00e6g 27.5&#8243; x 1.24&#8243; (31.4mm)<\/p>\n<p><strong>D\u00e6k:<\/strong> Kenda 27.5&#8243; 2.2 h\u00f8j punkteringsmodstand med reflektor<\/p>\n<p><strong>Max Load:<\/strong> inklusive bagage 21 Stone \/ 135kg<\/p>\n<script type=\"application\/ld+json\">\r\n{\r\n  \"@context\": \"https:\/\/schema.org\/\", \r\n  \"@type\": \"Product\", \r\n  \"name\": \"Tailwind City Low Crossbar\",\r\n  \"image\": \"https:\/\/wisperbikes.com\/dk\/wp-content\/uploads\/2022\/05\/1-City-LCB-Stone-540-2-2.jpg\",\r\n  \"description\": \"Tailwind City Low Crossbar is the perfect way to make your biking experience unique and comfortable. Features, 9-speed Shimano drivetrain for smooth and reliable shifting. The 11-34T Shimano Hyperglide cassette gives you an ideal range of gears for breezing up the steepest hills and putting the power down on the flat. The Disk brakes, which you can enjoy reliable and powerful braking from the Wisper Hydraulic disc brakes. The Wisper three-finger brake lever offers a comfortable and decisive brake lever action for all hand sizes.180mm front and 160mm rear discs provide powerful braking and smooth modulation for optimum control. The backlit LCD Display for a clear overview of all your information so you can focus on enjoying the ride! View your current speed, battery level, assistance level, average speed, trip distance and lifetime odometer, all at the touch of a button. Whether you prefer a more aggressive ride or are simply looking to cruise comfortably while gliding past traffic, Tailwind City provides a tailored set-up to meet your riding style. With the Tailwind City Low Crossbar, you'll get the most out of your Tailwind experience - no matter where your next ride takes you!\",\r\n  \"brand\": {\r\n    \"@type\": \"Brand\",\r\n    \"name\": \"Wisper Electric Bikes\"\r\n  },\r\n  \"offers\": {\r\n    \"@type\": \"AggregateOffer\",\r\n    \"url\": \"https:\/\/wisperbikes.com\/dk\/shop\/e-bikes\/step-through-ebikes\/tailwind-city-low-crossbar\/\",\r\n    \"priceCurrency\": \"GBP\",\r\n    \"lowPrice\": \"1999\",\r\n    \"highPrice\": \"2199\"\r\n  }\r\n}\r\n<\/script>\n<p>&nbsp;<\/p>\n<p>&nbsp;<\/p>\n","protected":false},"excerpt":{"rendered":"<p>&nbsp;<\/p>\n<p>&nbsp;<\/p>\n<p>&nbsp;<\/p>\n","protected":false},"featured_media":39154,"comment_status":"closed","ping_status":"closed","template":"","meta":[],"product_cat":[887,160,158],"product_tag":[],"acf":[],"yoast_head":"<!-- This site is optimized with the Yoast SEO plugin v20.13 - https:\/\/yoast.com\/wordpress\/plugins\/seo\/ -->\n<title>Tailwind City Low Crossbar e-Bike | Wisper elcykler<\/title>\n<meta name=\"description\" content=\"Low Crossbar e-Bike kombinerer stil og ydeevne perfekt. Udforsk din by med en kraftfuld motor, et langtidsholdbart batteri og en behagelig tur.\" \/>\n<meta name=\"robots\" content=\"index, follow, max-snippet:-1, max-image-preview:large, max-video-preview:-1\" \/>\n<link rel=\"canonical\" href=\"https:\/\/wisperbikes.com\/dk\/shop\/e-bikes\/step-through-ebikes\/tailwind-city-low-crossbar\/\" \/>\n<meta property=\"og:locale\" content=\"da_DK\" \/>\n<meta property=\"og:type\" content=\"article\" \/>\n<meta property=\"og:title\" content=\"Tailwind City Low Crossbar e-Bike | Wisper elcykler\" \/>\n<meta property=\"og:description\" content=\"Low Crossbar e-Bike kombinerer stil og ydeevne perfekt. Udforsk din by med en kraftfuld motor, et langtidsholdbart batteri og en behagelig tur.\" \/>\n<meta property=\"og:url\" content=\"https:\/\/wisperbikes.com\/dk\/shop\/e-bikes\/step-through-ebikes\/tailwind-city-low-crossbar\/\" \/>\n<meta property=\"og:site_name\" content=\"Wisper Bikes\" \/>\n<meta property=\"article:publisher\" content=\"https:\/\/www.facebook.com\/Amps.Bike\/\" \/>\n<meta property=\"article:modified_time\" content=\"2024-03-13T16:54:52+00:00\" \/>\n<meta property=\"og:image\" content=\"https:\/\/wisperbikes.com\/dk\/wp-content\/uploads\/2022\/05\/1-City-LCB-Stone-540-2.webp\" \/>\n\t<meta property=\"og:image:width\" content=\"1000\" \/>\n\t<meta property=\"og:image:height\" content=\"1000\" \/>\n\t<meta property=\"og:image:type\" content=\"image\/webp\" \/>\n<meta name=\"twitter:card\" content=\"summary_large_image\" \/>\n<meta name=\"twitter:site\" content=\"@wisperebikes\" \/>\n<meta name=\"twitter:label1\" content=\"Estimeret l\u00e6setid\" \/>\n\t<meta name=\"twitter:data1\" content=\"2 minutter\" \/>\n<script type=\"application\/ld+json\" class=\"yoast-schema-graph\">{\"@context\":\"https:\/\/schema.org\",\"@graph\":[{\"@type\":\"WebPage\",\"@id\":\"https:\/\/wisperbikes.com\/dk\/shop\/e-bikes\/step-through-ebikes\/tailwind-city-low-crossbar\/\",\"url\":\"https:\/\/wisperbikes.com\/dk\/shop\/e-bikes\/step-through-ebikes\/tailwind-city-low-crossbar\/\",\"name\":\"Tailwind City Low Crossbar e-Bike | Wisper elcykler\",\"isPartOf\":{\"@id\":\"https:\/\/wisperbikes.com\/dk\/#website\"},\"datePublished\":\"2022-05-25T10:34:18+00:00\",\"dateModified\":\"2024-03-13T16:54:52+00:00\",\"description\":\"Low Crossbar e-Bike kombinerer stil og ydeevne perfekt. Udforsk din by med en kraftfuld motor, et langtidsholdbart batteri og en behagelig tur.\",\"breadcrumb\":{\"@id\":\"https:\/\/wisperbikes.com\/dk\/shop\/e-bikes\/step-through-ebikes\/tailwind-city-low-crossbar\/#breadcrumb\"},\"inLanguage\":\"da-DK\",\"potentialAction\":[{\"@type\":\"ReadAction\",\"target\":[\"https:\/\/wisperbikes.com\/dk\/shop\/e-bikes\/step-through-ebikes\/tailwind-city-low-crossbar\/\"]}]},{\"@type\":\"BreadcrumbList\",\"@id\":\"https:\/\/wisperbikes.com\/dk\/shop\/e-bikes\/step-through-ebikes\/tailwind-city-low-crossbar\/#breadcrumb\",\"itemListElement\":[{\"@type\":\"ListItem\",\"position\":1,\"name\":\"Home\",\"item\":\"https:\/\/wisperbikes.com\/dk\/\"},{\"@type\":\"ListItem\",\"position\":2,\"name\":\"Our Shop\",\"item\":\"https:\/\/wisperbikes.com\/dk\/shop\/\"},{\"@type\":\"ListItem\",\"position\":3,\"name\":\"Tailwind City Low Crossbar\"}]},{\"@type\":\"WebSite\",\"@id\":\"https:\/\/wisperbikes.com\/dk\/#website\",\"url\":\"https:\/\/wisperbikes.com\/dk\/\",\"name\":\"Wisper Bikes\",\"description\":\"Electric Bikes\",\"publisher\":{\"@id\":\"https:\/\/wisperbikes.com\/dk\/#organization\"},\"potentialAction\":[{\"@type\":\"SearchAction\",\"target\":{\"@type\":\"EntryPoint\",\"urlTemplate\":\"https:\/\/wisperbikes.com\/dk\/?s={search_term_string}\"},\"query-input\":\"required name=search_term_string\"}],\"inLanguage\":\"da-DK\"},{\"@type\":\"Organization\",\"@id\":\"https:\/\/wisperbikes.com\/dk\/#organization\",\"name\":\"Wisper Electric Bikes\",\"alternateName\":\"Wisper E-Bikes\",\"url\":\"https:\/\/wisperbikes.com\/dk\/\",\"logo\":{\"@type\":\"ImageObject\",\"inLanguage\":\"da-DK\",\"@id\":\"https:\/\/wisperbikes.com\/dk\/#\/schema\/logo\/image\/\",\"url\":\"https:\/\/wisperbikes.com\/dk\/wp-content\/uploads\/2021\/06\/WISPER-Logo.png\",\"contentUrl\":\"https:\/\/wisperbikes.com\/dk\/wp-content\/uploads\/2021\/06\/WISPER-Logo.png\",\"width\":250,\"height\":65,\"caption\":\"Wisper Electric Bikes\"},\"image\":{\"@id\":\"https:\/\/wisperbikes.com\/dk\/#\/schema\/logo\/image\/\"},\"sameAs\":[\"https:\/\/www.facebook.com\/Amps.Bike\/\",\"https:\/\/twitter.com\/wisperebikes\",\"https:\/\/www.instagram.com\/wisperbikes\/\"]}]}<\/script>\n<!-- \/ Yoast SEO plugin. -->","yoast_head_json":{"title":"Tailwind City Low Crossbar e-Bike | Wisper elcykler","description":"Low Crossbar e-Bike kombinerer stil og ydeevne perfekt. Udforsk din by med en kraftfuld motor, et langtidsholdbart batteri og en behagelig tur.","robots":{"index":"index","follow":"follow","max-snippet":"max-snippet:-1","max-image-preview":"max-image-preview:large","max-video-preview":"max-video-preview:-1"},"canonical":"https:\/\/wisperbikes.com\/dk\/shop\/e-bikes\/step-through-ebikes\/tailwind-city-low-crossbar\/","og_locale":"da_DK","og_type":"article","og_title":"Tailwind City Low Crossbar e-Bike | Wisper elcykler","og_description":"Low Crossbar e-Bike kombinerer stil og ydeevne perfekt. Udforsk din by med en kraftfuld motor, et langtidsholdbart batteri og en behagelig tur.","og_url":"https:\/\/wisperbikes.com\/dk\/shop\/e-bikes\/step-through-ebikes\/tailwind-city-low-crossbar\/","og_site_name":"Wisper Bikes","article_publisher":"https:\/\/www.facebook.com\/Amps.Bike\/","article_modified_time":"2024-03-13T16:54:52+00:00","og_image":[{"width":1000,"height":1000,"url":"https:\/\/wisperbikes.com\/dk\/wp-content\/uploads\/2022\/05\/1-City-LCB-Stone-540-2.webp","type":"image\/webp"}],"twitter_card":"summary_large_image","twitter_site":"@wisperebikes","twitter_misc":{"Estimeret l\u00e6setid":"2 minutter"},"schema":{"@context":"https:\/\/schema.org","@graph":[{"@type":"WebPage","@id":"https:\/\/wisperbikes.com\/dk\/shop\/e-bikes\/step-through-ebikes\/tailwind-city-low-crossbar\/","url":"https:\/\/wisperbikes.com\/dk\/shop\/e-bikes\/step-through-ebikes\/tailwind-city-low-crossbar\/","name":"Tailwind City Low Crossbar e-Bike | Wisper elcykler","isPartOf":{"@id":"https:\/\/wisperbikes.com\/dk\/#website"},"datePublished":"2022-05-25T10:34:18+00:00","dateModified":"2024-03-13T16:54:52+00:00","description":"Low Crossbar e-Bike kombinerer stil og ydeevne perfekt. Udforsk din by med en kraftfuld motor, et langtidsholdbart batteri og en behagelig tur.","breadcrumb":{"@id":"https:\/\/wisperbikes.com\/dk\/shop\/e-bikes\/step-through-ebikes\/tailwind-city-low-crossbar\/#breadcrumb"},"inLanguage":"da-DK","potentialAction":[{"@type":"ReadAction","target":["https:\/\/wisperbikes.com\/dk\/shop\/e-bikes\/step-through-ebikes\/tailwind-city-low-crossbar\/"]}]},{"@type":"BreadcrumbList","@id":"https:\/\/wisperbikes.com\/dk\/shop\/e-bikes\/step-through-ebikes\/tailwind-city-low-crossbar\/#breadcrumb","itemListElement":[{"@type":"ListItem","position":1,"name":"Home","item":"https:\/\/wisperbikes.com\/dk\/"},{"@type":"ListItem","position":2,"name":"Our Shop","item":"https:\/\/wisperbikes.com\/dk\/shop\/"},{"@type":"ListItem","position":3,"name":"Tailwind City Low Crossbar"}]},{"@type":"WebSite","@id":"https:\/\/wisperbikes.com\/dk\/#website","url":"https:\/\/wisperbikes.com\/dk\/","name":"Wisper Bikes","description":"Electric Bikes","publisher":{"@id":"https:\/\/wisperbikes.com\/dk\/#organization"},"potentialAction":[{"@type":"SearchAction","target":{"@type":"EntryPoint","urlTemplate":"https:\/\/wisperbikes.com\/dk\/?s={search_term_string}"},"query-input":"required name=search_term_string"}],"inLanguage":"da-DK"},{"@type":"Organization","@id":"https:\/\/wisperbikes.com\/dk\/#organization","name":"Wisper Electric Bikes","alternateName":"Wisper E-Bikes","url":"https:\/\/wisperbikes.com\/dk\/","logo":{"@type":"ImageObject","inLanguage":"da-DK","@id":"https:\/\/wisperbikes.com\/dk\/#\/schema\/logo\/image\/","url":"https:\/\/wisperbikes.com\/dk\/wp-content\/uploads\/2021\/06\/WISPER-Logo.png","contentUrl":"https:\/\/wisperbikes.com\/dk\/wp-content\/uploads\/2021\/06\/WISPER-Logo.png","width":250,"height":65,"caption":"Wisper Electric Bikes"},"image":{"@id":"https:\/\/wisperbikes.com\/dk\/#\/schema\/logo\/image\/"},"sameAs":["https:\/\/www.facebook.com\/Amps.Bike\/","https:\/\/twitter.com\/wisperebikes","https:\/\/www.instagram.com\/wisperbikes\/"]}]}},"_links":{"self":[{"href":"https:\/\/wisperbikes.com\/dk\/wp-json\/wp\/v2\/product\/33586"}],"collection":[{"href":"https:\/\/wisperbikes.com\/dk\/wp-json\/wp\/v2\/product"}],"about":[{"href":"https:\/\/wisperbikes.com\/dk\/wp-json\/wp\/v2\/types\/product"}],"replies":[{"embeddable":true,"href":"https:\/\/wisperbikes.com\/dk\/wp-json\/wp\/v2\/comments?post=33586"}],"wp:featuredmedia":[{"embeddable":true,"href":"https:\/\/wisperbikes.com\/dk\/wp-json\/wp\/v2\/media\/39154"}],"wp:attachment":[{"href":"https:\/\/wisperbikes.com\/dk\/wp-json\/wp\/v2\/media?parent=33586"}],"wp:term":[{"taxonomy":"product_cat","embeddable":true,"href":"https:\/\/wisperbikes.com\/dk\/wp-json\/wp\/v2\/product_cat?post=33586"},{"taxonomy":"product_tag","embeddable":true,"href":"https:\/\/wisperbikes.com\/dk\/wp-json\/wp\/v2\/product_tag?post=33586"}],"curies":[{"name":"wp","href":"https:\/\/api.w.org\/{rel}","templated":true}]}}