{"id":17048,"date":"2020-04-12T15:30:46","date_gmt":"2020-04-12T15:30:46","guid":{"rendered":"https:\/\/dealers.wisperbikes.com\/hu\/?page_id=17048"},"modified":"2024-08-21T09:01:20","modified_gmt":"2024-08-21T09:01:20","slug":"annual-availability","status":"publish","type":"page","link":"https:\/\/wisperbikes.com\/hu\/resources\/annual-availability\/","title":{"rendered":"Annual Availability"},"content":{"rendered":"\t\t<div data-elementor-type=\"wp-page\" data-elementor-id=\"17048\" class=\"elementor elementor-17048\" data-elementor-post-type=\"page\">\n\t\t\t\t\t\t\t\t\t<section class=\"elementor-section elementor-top-section elementor-element elementor-element-bb71921 elementor-section-full_width elementor-section-stretched elementor-section-height-default elementor-section-height-default\" data-id=\"bb71921\" data-element_type=\"section\" data-settings=\"{&quot;stretch_section&quot;:&quot;section-stretched&quot;}\">\n\t\t\t\t\t\t<div class=\"elementor-container elementor-column-gap-default\">\n\t\t\t\t\t<div class=\"elementor-column elementor-col-100 elementor-top-column elementor-element elementor-element-52f8aa1\" data-id=\"52f8aa1\" data-element_type=\"column\">\n\t\t\t<div class=\"elementor-widget-wrap elementor-element-populated\">\n\t\t\t\t\t\t\t\t<section class=\"elementor-section elementor-inner-section elementor-element elementor-element-2349e3b elementor-section-boxed elementor-section-height-default elementor-section-height-default\" data-id=\"2349e3b\" data-element_type=\"section\">\n\t\t\t\t\t\t<div class=\"elementor-container elementor-column-gap-default\">\n\t\t\t\t\t<div class=\"elementor-column elementor-col-100 elementor-inner-column elementor-element elementor-element-3bc20c0\" data-id=\"3bc20c0\" data-element_type=\"column\">\n\t\t\t<div class=\"elementor-widget-wrap elementor-element-populated\">\n\t\t\t\t\t\t\t\t<div class=\"elementor-element elementor-element-68b25a0 elementor-widget elementor-widget-heading\" data-id=\"68b25a0\" data-element_type=\"widget\" data-widget_type=\"heading.default\">\n\t\t\t\t<div class=\"elementor-widget-container\">\n\t\t\t<h1 class=\"elementor-heading-title elementor-size-default\">\u00c9ves El\u00e9rhet\u0151s\u00e9g<\/h1>\t\t<\/div>\n\t\t\t\t<\/div>\n\t\t\t\t<div class=\"elementor-element elementor-element-3972163a elementor-widget elementor-widget-text-editor\" data-id=\"3972163a\" data-element_type=\"widget\" data-widget_type=\"text-editor.default\">\n\t\t\t\t<div class=\"elementor-widget-container\">\n\t\t\t\t\t\t\t<p><span data-sheets-value=\"{&quot;1&quot;:2,&quot;2&quot;:&quot;2019 elej\u00e9t\u0151l kezdve minden biciklinket Tajvanon gy\u00e1rtunk. F\u0151 havi sz\u00e1ll\u00edtm\u00e1nyaink m\u00e1jus k\u00f6zep\u00e9t\u0151l \u00e9rkeznek meg \u00e9s \u0151szig folytat\u00f3dik. Augusztus v\u00e9g\u00e9ig el\u0151fordulhat, hogy n\u00e9h\u00e1ny modelln\u00e9l \u00e9s sz\u00ednben r\u00f6vid k\u00e9s\u00e9sek lesznek.&quot;}\" data-sheets-userformat=\"{&quot;2&quot;:15171,&quot;3&quot;:{&quot;1&quot;:0},&quot;4&quot;:{&quot;1&quot;:2,&quot;2&quot;:16777215},&quot;9&quot;:0,&quot;11&quot;:3,&quot;12&quot;:0,&quot;14&quot;:{&quot;1&quot;:2,&quot;2&quot;:0},&quot;15&quot;:&quot;Rubik, sans-serif&quot;,&quot;16&quot;:12}\">2019 elej\u00e9t\u0151l kezdve minden biciklinket Tajvanon gy\u00e1rtunk. F\u0151 havi sz\u00e1ll\u00edtm\u00e1nyaink m\u00e1jus k\u00f6zep\u00e9t\u0151l \u00e9rkeznek meg \u00e9s \u0151szig folytat\u00f3dik. Augusztus v\u00e9g\u00e9ig el\u0151fordulhat, hogy n\u00e9h\u00e1ny modelln\u00e9l \u00e9s sz\u00ednben r\u00f6vid k\u00e9s\u00e9sek lesznek.<\/span><\/p><p><strong>Jelenleg nagyon magas az elad\u00e1sok sz\u00e1ma, \u00edgy n\u00e9h\u00e1ny modelln\u00e9l \u00e9s sz\u00ednben hi\u00e1ny lesz a k\u00e9szleten augusztus k\u00f6zep\u00e9ig. Szerencs\u00e9re el\u0151re l\u00e1ttuk, hogy az elad\u00e1sok sz\u00e1ma 2019 janu\u00e1rj\u00e1ban jelent\u0151sen n\u0151ni fog, ez\u00e9rt jelent\u0151sen n\u00f6velt\u00fck a termel\u00e9st a megn\u00f6vekedett kereslet kiel\u00e9g\u00edt\u00e9s\u00e9re.<\/strong><\/p><p><span data-sheets-value=\"{&quot;1&quot;:2,&quot;2&quot;:&quot;2018 augusztus\u00e1nak v\u00e9g\u00e9t\u0151l j\u00f3 k\u00e9szlet\u00fcnk lesz a k\u00f6vetkez\u0151 biciklikb\u0151l, k\u00e9rj\u00fck, hogy lehet\u0151leg min\u00e9l el\u0151bb rendeljen, hogy id\u0151ben tudjuk sz\u00e1ll\u00edtani.&quot;}\" data-sheets-userformat=\"{&quot;2&quot;:15171,&quot;3&quot;:{&quot;1&quot;:0},&quot;4&quot;:{&quot;1&quot;:2,&quot;2&quot;:16777215},&quot;9&quot;:0,&quot;11&quot;:3,&quot;12&quot;:0,&quot;14&quot;:{&quot;1&quot;:2,&quot;2&quot;:0},&quot;15&quot;:&quot;Rubik, sans-serif&quot;,&quot;16&quot;:12}\">2018 augusztus\u00e1nak v\u00e9g\u00e9t\u0151l j\u00f3 k\u00e9szlet\u00fcnk lesz a k\u00f6vetkez\u0151 biciklikb\u0151l, k\u00e9rj\u00fck, hogy lehet\u0151leg min\u00e9l el\u0151bb rendeljen, hogy id\u0151ben tudjuk sz\u00e1ll\u00edtani.<\/span><\/p><p><span data-sheets-value=\"{&quot;1&quot;:2,&quot;2&quot;:&quot;705se 26\u2033 Fekete&quot;}\" data-sheets-userformat=\"{&quot;2&quot;:15171,&quot;3&quot;:{&quot;1&quot;:0},&quot;4&quot;:{&quot;1&quot;:2,&quot;2&quot;:16777215},&quot;9&quot;:0,&quot;11&quot;:3,&quot;12&quot;:0,&quot;14&quot;:{&quot;1&quot;:2,&quot;2&quot;:0},&quot;15&quot;:&quot;Rubik, sans-serif&quot;,&quot;16&quot;:12}\">705se 26\u2033 Fekete<\/span><br \/><span data-sheets-value=\"{&quot;1&quot;:2,&quot;2&quot;:&quot;705se 24\u2033 K\u00e9k&quot;}\" data-sheets-userformat=\"{&quot;2&quot;:15171,&quot;3&quot;:{&quot;1&quot;:0},&quot;4&quot;:{&quot;1&quot;:2,&quot;2&quot;:16777215},&quot;9&quot;:0,&quot;11&quot;:3,&quot;12&quot;:0,&quot;14&quot;:{&quot;1&quot;:2,&quot;2&quot;:0},&quot;15&quot;:&quot;Rubik, sans-serif&quot;,&quot;16&quot;:12}\">705se 24\u2033 K\u00e9k<\/span><br \/><span data-sheets-value=\"{&quot;1&quot;:2,&quot;2&quot;:&quot;905se Fekete&quot;}\" data-sheets-userformat=\"{&quot;2&quot;:15171,&quot;3&quot;:{&quot;1&quot;:0},&quot;4&quot;:{&quot;1&quot;:2,&quot;2&quot;:16777215},&quot;9&quot;:0,&quot;11&quot;:3,&quot;12&quot;:0,&quot;14&quot;:{&quot;1&quot;:2,&quot;2&quot;:0},&quot;15&quot;:&quot;Rubik, sans-serif&quot;,&quot;16&quot;:12}\">905se Fekete<\/span><br \/><span data-sheets-value=\"{&quot;1&quot;:2,&quot;2&quot;:&quot;806se Fekete&quot;}\" data-sheets-userformat=\"{&quot;2&quot;:15171,&quot;3&quot;:{&quot;1&quot;:0},&quot;4&quot;:{&quot;1&quot;:2,&quot;2&quot;:16777215},&quot;9&quot;:0,&quot;11&quot;:3,&quot;12&quot;:0,&quot;14&quot;:{&quot;1&quot;:2,&quot;2&quot;:0},&quot;15&quot;:&quot;Rubik, sans-serif&quot;,&quot;16&quot;:12}\">806se Fekete<\/span><br \/><span data-sheets-value=\"{&quot;1&quot;:2,&quot;2&quot;:&quot;806se Piros&quot;}\" data-sheets-userformat=\"{&quot;2&quot;:15171,&quot;3&quot;:{&quot;1&quot;:0},&quot;4&quot;:{&quot;1&quot;:2,&quot;2&quot;:16777215},&quot;9&quot;:0,&quot;11&quot;:3,&quot;12&quot;:0,&quot;14&quot;:{&quot;1&quot;:2,&quot;2&quot;:0},&quot;15&quot;:&quot;Rubik, sans-serif&quot;,&quot;16&quot;:12}\">806se Piros<\/span><\/p><p><span data-sheets-value=\"{&quot;1&quot;:2,&quot;2&quot;:&quot;Minden m\u00e1s bicikli \u00fajra k\u00e9szleten lesz j\u00fanius k\u00f6zep\u00e9t\u0151l, nem v\u00e1runk tov\u00e1bbi hi\u00e1nyokat.&quot;}\" data-sheets-userformat=\"{&quot;2&quot;:15171,&quot;3&quot;:{&quot;1&quot;:0},&quot;4&quot;:{&quot;1&quot;:2,&quot;2&quot;:16777215},&quot;9&quot;:0,&quot;11&quot;:3,&quot;12&quot;:0,&quot;14&quot;:{&quot;1&quot;:2,&quot;2&quot;:0},&quot;15&quot;:&quot;Rubik, sans-serif&quot;,&quot;16&quot;:12}\">Minden m\u00e1s bicikli \u00fajra k\u00e9szleten lesz j\u00fanius k\u00f6zep\u00e9t\u0151l, nem v\u00e1runk tov\u00e1bbi hi\u00e1nyokat.<\/span><\/p><h5><span data-sheets-value=\"{&quot;1&quot;:2,&quot;2&quot;:&quot;Nagyon fontos v\u00e1ltoz\u00e1sok, k\u00e9rj\u00fck, vegye figyelembe\u2026&quot;}\" data-sheets-userformat=\"{&quot;2&quot;:15171,&quot;3&quot;:{&quot;1&quot;:0},&quot;4&quot;:{&quot;1&quot;:2,&quot;2&quot;:16777215},&quot;9&quot;:0,&quot;11&quot;:3,&quot;12&quot;:0,&quot;14&quot;:{&quot;1&quot;:2,&quot;2&quot;:0},&quot;15&quot;:&quot;Rubik, sans-serif&quot;,&quot;16&quot;:12}\">Nagyon fontos v\u00e1ltoz\u00e1sok, k\u00e9rj\u00fck, vegye figyelembe\u2026<\/span><\/h5><p><span data-sheets-value=\"{&quot;1&quot;:2,&quot;2&quot;:&quot;Most, hogy biciklijeinket Tajvanon gy\u00e1rtjuk, v\u00e1ltoztatnunk kell mind az SE biciklik, mind a Torque biciklik \u00e1r\u00e1ban \u00e9s m\u0171szaki adataiban a m\u00e1jusi sz\u00e1ll\u00edtm\u00e1nyt\u00f3l kezd\u0151d\u0151en.&quot;}\" data-sheets-userformat=\"{&quot;2&quot;:15171,&quot;3&quot;:{&quot;1&quot;:0},&quot;4&quot;:{&quot;1&quot;:2,&quot;2&quot;:16777215},&quot;9&quot;:0,&quot;11&quot;:3,&quot;12&quot;:0,&quot;14&quot;:{&quot;1&quot;:2,&quot;2&quot;:0},&quot;15&quot;:&quot;Rubik, sans-serif&quot;,&quot;16&quot;:12}\">Most, hogy biciklijeinket Tajvanon gy\u00e1rtjuk, v\u00e1ltoztatnunk kell mind az SE biciklik, mind a Torque biciklik \u00e1r\u00e1ban \u00e9s m\u0171szaki adataiban a m\u00e1jusi sz\u00e1ll\u00edtm\u00e1nyt\u00f3l kezd\u0151d\u0151en.<\/span><\/p><p><span data-sheets-value=\"{&quot;1&quot;:2,&quot;2&quot;:&quot;K\u00e9pek az \u00faj biciklikr\u0151l \u00e1prilis k\u00f6zep\u00e9t\u0151l lesznek el\u00e9rhet\u0151ek, \u00e9s az \u00faj SKU k\u00f3dokat \u00e1prilis v\u00e9g\u00e9ig kiadjuk.&quot;}\" data-sheets-userformat=\"{&quot;2&quot;:15171,&quot;3&quot;:{&quot;1&quot;:0},&quot;4&quot;:{&quot;1&quot;:2,&quot;2&quot;:16777215},&quot;9&quot;:0,&quot;11&quot;:3,&quot;12&quot;:0,&quot;14&quot;:{&quot;1&quot;:2,&quot;2&quot;:0},&quot;15&quot;:&quot;Rubik, sans-serif&quot;,&quot;16&quot;:12}\">K\u00e9pek az \u00faj biciklikr\u0151l \u00e1prilis k\u00f6zep\u00e9t\u0151l lesznek el\u00e9rhet\u0151ek, \u00e9s az \u00faj SKU k\u00f3dokat \u00e1prilis v\u00e9g\u00e9ig kiadjuk.<\/span><\/p><h5><span data-sheets-value=\"{&quot;1&quot;:2,&quot;2&quot;:&quot;\u00daj SE Biciklik&quot;}\" data-sheets-userformat=\"{&quot;2&quot;:15171,&quot;3&quot;:{&quot;1&quot;:0},&quot;4&quot;:{&quot;1&quot;:2,&quot;2&quot;:16777215},&quot;9&quot;:0,&quot;11&quot;:3,&quot;12&quot;:0,&quot;14&quot;:{&quot;1&quot;:2,&quot;2&quot;:0},&quot;15&quot;:&quot;Rubik, sans-serif&quot;,&quot;16&quot;:12}\">\u00daj SE Biciklik<\/span><\/h5><p><span data-sheets-value=\"{&quot;1&quot;:2,&quot;2&quot;:&quot;Elhagyjuk az SE jelz\u00e9st, \u00edgy a biciklik egyszer\u0171en csak 905, 705 \u00e9s 806 jelz\u00e9ssel lesznek ell\u00e1tva.&quot;}\" data-sheets-userformat=\"{&quot;2&quot;:15171,&quot;3&quot;:{&quot;1&quot;:0},&quot;4&quot;:{&quot;1&quot;:2,&quot;2&quot;:16777215},&quot;9&quot;:0,&quot;11&quot;:3,&quot;12&quot;:0,&quot;14&quot;:{&quot;1&quot;:2,&quot;2&quot;:0},&quot;15&quot;:&quot;Rubik, sans-serif&quot;,&quot;16&quot;:12}\">Elhagyjuk az SE jelz\u00e9st, \u00edgy a biciklik egyszer\u0171en csak 905, 705 \u00e9s 806 jelz\u00e9ssel lesznek ell\u00e1tva.<\/span><\/p><h5><span data-sheets-value=\"{&quot;1&quot;:2,&quot;2&quot;:&quot;A v\u00e1ltoz\u00e1sok a k\u00f6vetkez\u0151k:&quot;}\" data-sheets-userformat=\"{&quot;2&quot;:15171,&quot;3&quot;:{&quot;1&quot;:0},&quot;4&quot;:{&quot;1&quot;:2,&quot;2&quot;:16777215},&quot;9&quot;:0,&quot;11&quot;:3,&quot;12&quot;:0,&quot;14&quot;:{&quot;1&quot;:2,&quot;2&quot;:0},&quot;15&quot;:&quot;Rubik, sans-serif&quot;,&quot;16&quot;:12}\">A v\u00e1ltoz\u00e1sok a k\u00f6vetkez\u0151k:<\/span><\/h5><p><span data-sheets-value=\"{&quot;1&quot;:2,&quot;2&quot;:&quot;Er\u0151sebb magas nyomat\u00e9k\u00fa motor, hasonl\u00f3 teljes\u00edtm\u00e9ny\u0171, mint a jelenlegi Torque biciklik.&quot;}\" data-sheets-userformat=\"{&quot;2&quot;:15171,&quot;3&quot;:{&quot;1&quot;:0},&quot;4&quot;:{&quot;1&quot;:2,&quot;2&quot;:16777215},&quot;9&quot;:0,&quot;11&quot;:3,&quot;12&quot;:0,&quot;14&quot;:{&quot;1&quot;:2,&quot;2&quot;:0},&quot;15&quot;:&quot;Rubik, sans-serif&quot;,&quot;16&quot;:12}\">Er\u0151sebb magas nyomat\u00e9k\u00fa motor, hasonl\u00f3 teljes\u00edtm\u00e9ny\u0171, mint a jelenlegi Torque biciklik.<\/span><br \/><span data-sheets-value=\"{&quot;1&quot;:2,&quot;2&quot;:&quot;Minden 905 \u00e9s 705 bicikli alap\u00e9rtelmezetten fekete felf\u00fcggeszt\u00e9s\u0171 vill\u00e1val \u00e9rkezik.&quot;}\" data-sheets-userformat=\"{&quot;2&quot;:15171,&quot;3&quot;:{&quot;1&quot;:0},&quot;4&quot;:{&quot;1&quot;:2,&quot;2&quot;:16777215},&quot;9&quot;:0,&quot;11&quot;:3,&quot;12&quot;:0,&quot;14&quot;:{&quot;1&quot;:2,&quot;2&quot;:0},&quot;15&quot;:&quot;Rubik, sans-serif&quot;,&quot;16&quot;:12}\">Minden 905 \u00e9s 705 bicikli alap\u00e9rtelmezetten fekete felf\u00fcggeszt\u00e9s\u0171 vill\u00e1val \u00e9rkezik.<\/span><\/p><p><span data-sheets-value=\"{&quot;1&quot;:2,&quot;2&quot;:&quot;Kiskereskedelmi \u00e1r&quot;}\" data-sheets-userformat=\"{&quot;2&quot;:15171,&quot;3&quot;:{&quot;1&quot;:0},&quot;4&quot;:{&quot;1&quot;:2,&quot;2&quot;:16777215},&quot;9&quot;:0,&quot;11&quot;:3,&quot;12&quot;:0,&quot;14&quot;:{&quot;1&quot;:2,&quot;2&quot;:0},&quot;15&quot;:&quot;Rubik, sans-serif&quot;,&quot;16&quot;:12}\">Kiskereskedelmi \u00e1r<\/span><br \/><span data-sheets-value=\"{&quot;1&quot;:2,&quot;2&quot;:&quot;26\u2033 Biciklik \u00a31,399.00&quot;}\" data-sheets-userformat=\"{&quot;2&quot;:15171,&quot;3&quot;:{&quot;1&quot;:0},&quot;4&quot;:{&quot;1&quot;:2,&quot;2&quot;:16777215},&quot;9&quot;:0,&quot;11&quot;:3,&quot;12&quot;:0,&quot;14&quot;:{&quot;1&quot;:2,&quot;2&quot;:0},&quot;15&quot;:&quot;Rubik, sans-serif&quot;,&quot;16&quot;:12}\">26\u2033 Biciklik \u00a31,399.00<\/span><br \/><span data-sheets-value=\"{&quot;1&quot;:2,&quot;2&quot;:&quot;24\u2033 \u00e9s 20\u2033 Biciklik \u00a31,349.00&quot;}\" data-sheets-userformat=\"{&quot;2&quot;:15171,&quot;3&quot;:{&quot;1&quot;:0},&quot;4&quot;:{&quot;1&quot;:2,&quot;2&quot;:16777215},&quot;9&quot;:0,&quot;11&quot;:3,&quot;12&quot;:0,&quot;14&quot;:{&quot;1&quot;:2,&quot;2&quot;:0},&quot;15&quot;:&quot;Rubik, sans-serif&quot;,&quot;16&quot;:12}\">24\u2033 \u00e9s 20\u2033 Biciklik \u00a31,349.00<\/span><\/p><h5><span data-sheets-value=\"{&quot;1&quot;:2,&quot;2&quot;:&quot;\u00daj Torque Biciklik&quot;}\" data-sheets-userformat=\"{&quot;2&quot;:15171,&quot;3&quot;:{&quot;1&quot;:0},&quot;4&quot;:{&quot;1&quot;:2,&quot;2&quot;:16777215},&quot;9&quot;:0,&quot;11&quot;:3,&quot;12&quot;:0,&quot;14&quot;:{&quot;1&quot;:2,&quot;2&quot;:0},&quot;15&quot;:&quot;Rubik, sans-serif&quot;,&quot;16&quot;:12}\">\u00daj Torque Biciklik<\/span><\/h5><p><span data-sheets-value=\"{&quot;1&quot;:2,&quot;2&quot;:&quot;Az \u00faj Torque biciklikn\u00e9l f\u00e9m Torque jelz\u00e9sek lesznek a v\u00e1zra alkalmazva.&quot;}\" data-sheets-userformat=\"{&quot;2&quot;:15171,&quot;3&quot;:{&quot;1&quot;:0},&quot;4&quot;:{&quot;1&quot;:2,&quot;2&quot;:16777215},&quot;9&quot;:0,&quot;11&quot;:3,&quot;12&quot;:0,&quot;14&quot;:{&quot;1&quot;:2,&quot;2&quot;:0},&quot;15&quot;:&quot;Rubik, sans-serif&quot;,&quot;16&quot;:12}\">Az \u00faj Torque biciklikn\u00e9l f\u00e9m Torque jelz\u00e9sek lesznek a v\u00e1zra alkalmazva.<\/span><\/p><h5><span data-sheets-value=\"{&quot;1&quot;:2,&quot;2&quot;:&quot;A v\u00e1ltoz\u00e1sok a k\u00f6vetkez\u0151k:&quot;}\" data-sheets-userformat=\"{&quot;2&quot;:15171,&quot;3&quot;:{&quot;1&quot;:0},&quot;4&quot;:{&quot;1&quot;:2,&quot;2&quot;:16777215},&quot;9&quot;:0,&quot;11&quot;:3,&quot;12&quot;:0,&quot;14&quot;:{&quot;1&quot;:2,&quot;2&quot;:0},&quot;15&quot;:&quot;Rubik, sans-serif&quot;,&quot;16&quot;:12}\">A v\u00e1ltoz\u00e1sok a k\u00f6vetkez\u0151k:<\/span><\/h5><p><span data-sheets-value=\"{&quot;1&quot;:2,&quot;2&quot;:&quot;El\u00e9rhet\u0151 Piros, K\u00e9k, vagy Fekete sz\u00ednben (Elhagyjuk az ez\u00fcst\/sz\u00fcrke sz\u00ednt)&quot;}\" data-sheets-userformat=\"{&quot;2&quot;:15171,&quot;3&quot;:{&quot;1&quot;:0},&quot;4&quot;:{&quot;1&quot;:2,&quot;2&quot;:16777215},&quot;9&quot;:0,&quot;11&quot;:3,&quot;12&quot;:0,&quot;14&quot;:{&quot;1&quot;:2,&quot;2&quot;:0},&quot;15&quot;:&quot;Rubik, sans-serif&quot;,&quot;16&quot;:12}\">El\u00e9rhet\u0151 Piros, K\u00e9k, vagy Fekete sz\u00ednben (Elhagyjuk az ez\u00fcst\/sz\u00fcrke sz\u00ednt)<\/span><br \/><span data-sheets-value=\"{&quot;1&quot;:2,&quot;2&quot;:&quot;Ugyanaz az er\u0151sebb motor, mint az \u00faj SE biciklikn\u00e9l&quot;}\" data-sheets-userformat=\"{&quot;2&quot;:15171,&quot;3&quot;:{&quot;1&quot;:0},&quot;4&quot;:{&quot;1&quot;:2,&quot;2&quot;:16777215},&quot;9&quot;:0,&quot;11&quot;:3,&quot;12&quot;:0,&quot;14&quot;:{&quot;1&quot;:2,&quot;2&quot;:0},&quot;15&quot;:&quot;Rubik, sans-serif&quot;,&quot;16&quot;:12}\">Ugyanaz az er\u0151sebb motor, mint az \u00faj SE biciklikn\u00e9l<\/span><br \/><span data-sheets-value=\"{&quot;1&quot;:2,&quot;2&quot;:&quot;Sine wave vez\u00e9rl\u0151 a sim\u00e1bb, csendesebb m\u0171k\u00f6d\u00e9s\u00e9rt&quot;}\" data-sheets-userformat=\"{&quot;2&quot;:15171,&quot;3&quot;:{&quot;1&quot;:0},&quot;4&quot;:{&quot;1&quot;:2,&quot;2&quot;:16777215},&quot;9&quot;:0,&quot;11&quot;:3,&quot;12&quot;:0,&quot;14&quot;:{&quot;1&quot;:2,&quot;2&quot;:0},&quot;15&quot;:&quot;Rubik, sans-serif&quot;,&quot;16&quot;:12}\">Sine wave vez\u00e9rl\u0151 a sim\u00e1bb, csendesebb m\u0171k\u00f6d\u00e9s\u00e9rt<\/span><br \/><span data-sheets-value=\"{&quot;1&quot;:2,&quot;2&quot;:&quot;Nyomat\u00e9k \u00e9rz\u00e9kel\u0151 a BB-ben&quot;}\" data-sheets-userformat=\"{&quot;2&quot;:15171,&quot;3&quot;:{&quot;1&quot;:0},&quot;4&quot;:{&quot;1&quot;:2,&quot;2&quot;:16777215},&quot;9&quot;:0,&quot;11&quot;:3,&quot;12&quot;:0,&quot;14&quot;:{&quot;1&quot;:2,&quot;2&quot;:0},&quot;15&quot;:&quot;Rubik, sans-serif&quot;,&quot;16&quot;:12}\">Nyomat\u00e9k \u00e9rz\u00e9kel\u0151 a BB-ben<\/span><\/p><p><span data-sheets-value=\"{&quot;1&quot;:2,&quot;2&quot;:&quot;Kiskereskedelmi \u00e1r \u00a31,699.00&quot;}\" data-sheets-userformat=\"{&quot;2&quot;:15171,&quot;3&quot;:{&quot;1&quot;:0},&quot;4&quot;:{&quot;1&quot;:2,&quot;2&quot;:16777215},&quot;9&quot;:0,&quot;11&quot;:3,&quot;12&quot;:0,&quot;14&quot;:{&quot;1&quot;:2,&quot;2&quot;:0},&quot;15&quot;:&quot;Rubik, sans-serif&quot;,&quot;16&quot;:12}\">Kiskereskedelmi \u00e1r \u00a31,699.00<\/span><\/p>\t\t\t\t\t\t<\/div>\n\t\t\t\t<\/div>\n\t\t\t\t\t<\/div>\n\t\t<\/div>\n\t\t\t\t\t\t\t<\/div>\n\t\t<\/section>\n\t\t\t\t\t<\/div>\n\t\t<\/div>\n\t\t\t\t\t\t\t<\/div>\n\t\t<\/section>\n\t\t\t\t\t\t\t<\/div>\n\t\t","protected":false},"excerpt":{"rendered":"<p>\u00c9ves El\u00e9rhet\u0151s\u00e9g 2019 elej\u00e9t\u0151l kezdve minden biciklinket Tajvanon gy\u00e1rtunk. F\u0151 havi sz\u00e1ll\u00edtm\u00e1nyaink m\u00e1jus k\u00f6zep\u00e9t\u0151l \u00e9rkeznek meg \u00e9s \u0151szig folytat\u00f3dik. Augusztus v\u00e9g\u00e9ig el\u0151fordulhat, hogy n\u00e9h\u00e1ny modelln\u00e9l \u00e9s sz\u00ednben r\u00f6vid k\u00e9s\u00e9sek lesznek. Jelenleg nagyon magas az elad\u00e1sok sz\u00e1ma, \u00edgy n\u00e9h\u00e1ny modelln\u00e9l \u00e9s sz\u00ednben hi\u00e1ny lesz a k\u00e9szleten augusztus k\u00f6zep\u00e9ig. Szerencs\u00e9re el\u0151re l\u00e1ttuk, hogy az elad\u00e1sok sz\u00e1ma 2019&hellip;<\/p>\n","protected":false},"author":279,"featured_media":0,"parent":21528,"menu_order":0,"comment_status":"closed","ping_status":"closed","template":"","meta":[],"acf":[],"yoast_head":"<!-- This site is optimized with the Yoast SEO plugin v20.12 - https:\/\/yoast.com\/wordpress\/plugins\/seo\/ -->\n<title>\u00c9ves El\u00e9rhet\u0151s\u00e9g - Wisper Bikes<\/title>\n<meta name=\"description\" content=\"\u00c9ves El\u00e9rhet\u0151s\u00e9g - Wisper Bikes\" \/>\n<meta name=\"robots\" content=\"index, follow, max-snippet:-1, max-image-preview:large, max-video-preview:-1\" \/>\n<link rel=\"canonical\" href=\"https:\/\/wisperbikes.com\/hu\/resources\/annual-availability\/\" \/>\n<meta property=\"og:locale\" content=\"hu_HU\" \/>\n<meta property=\"og:type\" content=\"article\" \/>\n<meta property=\"og:title\" content=\"\u00c9ves El\u00e9rhet\u0151s\u00e9g - Wisper Bikes\" \/>\n<meta property=\"og:description\" content=\"\u00c9ves El\u00e9rhet\u0151s\u00e9g - Wisper Bikes\" \/>\n<meta property=\"og:url\" content=\"https:\/\/wisperbikes.com\/hu\/resources\/annual-availability\/\" \/>\n<meta property=\"og:site_name\" content=\"Wisper Bikes\" \/>\n<meta property=\"article:publisher\" content=\"https:\/\/www.facebook.com\/Amps.Bike\/\" \/>\n<meta property=\"article:modified_time\" content=\"2024-08-21T09:01:20+00:00\" \/>\n<meta name=\"twitter:card\" content=\"summary_large_image\" \/>\n<meta name=\"twitter:site\" content=\"@wisperebikes\" \/>\n<meta name=\"twitter:label1\" content=\"Becs\u00fclt olvas\u00e1si id\u0151\" \/>\n\t<meta name=\"twitter:data1\" content=\"2 perc\" \/>\n<script type=\"application\/ld+json\" class=\"yoast-schema-graph\">{\"@context\":\"https:\/\/schema.org\",\"@graph\":[{\"@type\":\"WebPage\",\"@id\":\"https:\/\/wisperbikes.com\/hu\/resources\/annual-availability\/\",\"url\":\"https:\/\/wisperbikes.com\/hu\/resources\/annual-availability\/\",\"name\":\"\u00c9ves El\u00e9rhet\u0151s\u00e9g - Wisper Bikes\",\"isPartOf\":{\"@id\":\"https:\/\/wisperbikes.com\/hu\/#website\"},\"datePublished\":\"2020-04-12T15:30:46+00:00\",\"dateModified\":\"2024-08-21T09:01:20+00:00\",\"description\":\"\u00c9ves El\u00e9rhet\u0151s\u00e9g - Wisper Bikes\",\"breadcrumb\":{\"@id\":\"https:\/\/wisperbikes.com\/hu\/resources\/annual-availability\/#breadcrumb\"},\"inLanguage\":\"hu\",\"potentialAction\":[{\"@type\":\"ReadAction\",\"target\":[\"https:\/\/wisperbikes.com\/hu\/resources\/annual-availability\/\"]}]},{\"@type\":\"BreadcrumbList\",\"@id\":\"https:\/\/wisperbikes.com\/hu\/resources\/annual-availability\/#breadcrumb\",\"itemListElement\":[{\"@type\":\"ListItem\",\"position\":1,\"name\":\"Home\",\"item\":\"https:\/\/wisperbikes.com\/hu\/\"},{\"@type\":\"ListItem\",\"position\":2,\"name\":\"Resources\",\"item\":\"https:\/\/wisperbikes.com\/hu\/resources\/\"},{\"@type\":\"ListItem\",\"position\":3,\"name\":\"Annual Availability\"}]},{\"@type\":\"WebSite\",\"@id\":\"https:\/\/wisperbikes.com\/hu\/#website\",\"url\":\"https:\/\/wisperbikes.com\/hu\/\",\"name\":\"Wisper Bikes\",\"description\":\"Electric Bikes\",\"publisher\":{\"@id\":\"https:\/\/wisperbikes.com\/hu\/#organization\"},\"potentialAction\":[{\"@type\":\"SearchAction\",\"target\":{\"@type\":\"EntryPoint\",\"urlTemplate\":\"https:\/\/wisperbikes.com\/hu\/?s={search_term_string}\"},\"query-input\":\"required name=search_term_string\"}],\"inLanguage\":\"hu\"},{\"@type\":\"Organization\",\"@id\":\"https:\/\/wisperbikes.com\/hu\/#organization\",\"name\":\"Wisper Electric Bikes\",\"alternateName\":\"Wisper E-Bikes\",\"url\":\"https:\/\/wisperbikes.com\/hu\/\",\"logo\":{\"@type\":\"ImageObject\",\"inLanguage\":\"hu\",\"@id\":\"https:\/\/wisperbikes.com\/hu\/#\/schema\/logo\/image\/\",\"url\":\"https:\/\/wisperbikes.com\/hu\/wp-content\/uploads\/2021\/06\/WISPER-Logo.png\",\"contentUrl\":\"https:\/\/wisperbikes.com\/hu\/wp-content\/uploads\/2021\/06\/WISPER-Logo.png\",\"width\":250,\"height\":65,\"caption\":\"Wisper Electric Bikes\"},\"image\":{\"@id\":\"https:\/\/wisperbikes.com\/hu\/#\/schema\/logo\/image\/\"},\"sameAs\":[\"https:\/\/www.facebook.com\/Amps.Bike\/\",\"https:\/\/twitter.com\/wisperebikes\",\"https:\/\/www.instagram.com\/wisperbikes\/\"]}]}<\/script>\n<!-- \/ Yoast SEO plugin. -->","yoast_head_json":{"title":"\u00c9ves El\u00e9rhet\u0151s\u00e9g - Wisper Bikes","description":"\u00c9ves El\u00e9rhet\u0151s\u00e9g - Wisper Bikes","robots":{"index":"index","follow":"follow","max-snippet":"max-snippet:-1","max-image-preview":"max-image-preview:large","max-video-preview":"max-video-preview:-1"},"canonical":"https:\/\/wisperbikes.com\/hu\/resources\/annual-availability\/","og_locale":"hu_HU","og_type":"article","og_title":"\u00c9ves El\u00e9rhet\u0151s\u00e9g - Wisper Bikes","og_description":"\u00c9ves El\u00e9rhet\u0151s\u00e9g - Wisper Bikes","og_url":"https:\/\/wisperbikes.com\/hu\/resources\/annual-availability\/","og_site_name":"Wisper Bikes","article_publisher":"https:\/\/www.facebook.com\/Amps.Bike\/","article_modified_time":"2024-08-21T09:01:20+00:00","twitter_card":"summary_large_image","twitter_site":"@wisperebikes","twitter_misc":{"Becs\u00fclt olvas\u00e1si id\u0151":"2 perc"},"schema":{"@context":"https:\/\/schema.org","@graph":[{"@type":"WebPage","@id":"https:\/\/wisperbikes.com\/hu\/resources\/annual-availability\/","url":"https:\/\/wisperbikes.com\/hu\/resources\/annual-availability\/","name":"\u00c9ves El\u00e9rhet\u0151s\u00e9g - Wisper Bikes","isPartOf":{"@id":"https:\/\/wisperbikes.com\/hu\/#website"},"datePublished":"2020-04-12T15:30:46+00:00","dateModified":"2024-08-21T09:01:20+00:00","description":"\u00c9ves El\u00e9rhet\u0151s\u00e9g - Wisper Bikes","breadcrumb":{"@id":"https:\/\/wisperbikes.com\/hu\/resources\/annual-availability\/#breadcrumb"},"inLanguage":"hu","potentialAction":[{"@type":"ReadAction","target":["https:\/\/wisperbikes.com\/hu\/resources\/annual-availability\/"]}]},{"@type":"BreadcrumbList","@id":"https:\/\/wisperbikes.com\/hu\/resources\/annual-availability\/#breadcrumb","itemListElement":[{"@type":"ListItem","position":1,"name":"Home","item":"https:\/\/wisperbikes.com\/hu\/"},{"@type":"ListItem","position":2,"name":"Resources","item":"https:\/\/wisperbikes.com\/hu\/resources\/"},{"@type":"ListItem","position":3,"name":"Annual Availability"}]},{"@type":"WebSite","@id":"https:\/\/wisperbikes.com\/hu\/#website","url":"https:\/\/wisperbikes.com\/hu\/","name":"Wisper Bikes","description":"Electric Bikes","publisher":{"@id":"https:\/\/wisperbikes.com\/hu\/#organization"},"potentialAction":[{"@type":"SearchAction","target":{"@type":"EntryPoint","urlTemplate":"https:\/\/wisperbikes.com\/hu\/?s={search_term_string}"},"query-input":"required name=search_term_string"}],"inLanguage":"hu"},{"@type":"Organization","@id":"https:\/\/wisperbikes.com\/hu\/#organization","name":"Wisper Electric Bikes","alternateName":"Wisper E-Bikes","url":"https:\/\/wisperbikes.com\/hu\/","logo":{"@type":"ImageObject","inLanguage":"hu","@id":"https:\/\/wisperbikes.com\/hu\/#\/schema\/logo\/image\/","url":"https:\/\/wisperbikes.com\/hu\/wp-content\/uploads\/2021\/06\/WISPER-Logo.png","contentUrl":"https:\/\/wisperbikes.com\/hu\/wp-content\/uploads\/2021\/06\/WISPER-Logo.png","width":250,"height":65,"caption":"Wisper Electric Bikes"},"image":{"@id":"https:\/\/wisperbikes.com\/hu\/#\/schema\/logo\/image\/"},"sameAs":["https:\/\/www.facebook.com\/Amps.Bike\/","https:\/\/twitter.com\/wisperebikes","https:\/\/www.instagram.com\/wisperbikes\/"]}]}},"_links":{"self":[{"href":"https:\/\/wisperbikes.com\/hu\/wp-json\/wp\/v2\/pages\/17048"}],"collection":[{"href":"https:\/\/wisperbikes.com\/hu\/wp-json\/wp\/v2\/pages"}],"about":[{"href":"https:\/\/wisperbikes.com\/hu\/wp-json\/wp\/v2\/types\/page"}],"author":[{"embeddable":true,"href":"https:\/\/wisperbikes.com\/hu\/wp-json\/wp\/v2\/users\/279"}],"replies":[{"embeddable":true,"href":"https:\/\/wisperbikes.com\/hu\/wp-json\/wp\/v2\/comments?post=17048"}],"version-history":[{"count":11,"href":"https:\/\/wisperbikes.com\/hu\/wp-json\/wp\/v2\/pages\/17048\/revisions"}],"predecessor-version":[{"id":41054,"href":"https:\/\/wisperbikes.com\/hu\/wp-json\/wp\/v2\/pages\/17048\/revisions\/41054"}],"up":[{"embeddable":true,"href":"https:\/\/wisperbikes.com\/hu\/wp-json\/wp\/v2\/pages\/21528"}],"wp:attachment":[{"href":"https:\/\/wisperbikes.com\/hu\/wp-json\/wp\/v2\/media?parent=17048"}],"curies":[{"name":"wp","href":"https:\/\/api.w.org\/{rel}","templated":true}]}}