{"id":19,"date":"2017-03-08T16:07:59","date_gmt":"2017-03-08T16:07:59","guid":{"rendered":"https:\/\/wisperbikes.com\/hu\/?page_id=19"},"modified":"2024-04-17T11:59:27","modified_gmt":"2024-04-17T11:59:27","slug":"dealer-locator","status":"publish","type":"page","link":"https:\/\/wisperbikes.com\/hu\/dealer-locator\/","title":{"rendered":"Dealer Locator"},"content":{"rendered":"\t\t<div data-elementor-type=\"wp-page\" data-elementor-id=\"19\" class=\"elementor elementor-19\" data-elementor-post-type=\"page\">\n\t\t\t\t\t\t\t\t\t<section class=\"elementor-section elementor-top-section elementor-element elementor-element-a90eda4 elementor-section-full_width elementor-section-stretched elementor-section-height-default elementor-section-height-default\" data-id=\"a90eda4\" data-element_type=\"section\" data-settings=\"{&quot;stretch_section&quot;:&quot;section-stretched&quot;}\">\n\t\t\t\t\t\t<div class=\"elementor-container elementor-column-gap-default\">\n\t\t\t\t\t<div class=\"elementor-column elementor-col-100 elementor-top-column elementor-element elementor-element-984146a\" data-id=\"984146a\" data-element_type=\"column\">\n\t\t\t<div class=\"elementor-widget-wrap elementor-element-populated\">\n\t\t\t\t\t\t\t\t<section class=\"elementor-section elementor-inner-section elementor-element elementor-element-0c43b3f elementor-section-boxed elementor-section-height-default elementor-section-height-default\" data-id=\"0c43b3f\" data-element_type=\"section\">\n\t\t\t\t\t\t<div class=\"elementor-container elementor-column-gap-default\">\n\t\t\t\t\t<div class=\"elementor-column elementor-col-50 elementor-inner-column elementor-element elementor-element-fbe97c0\" data-id=\"fbe97c0\" data-element_type=\"column\">\n\t\t\t<div class=\"elementor-widget-wrap elementor-element-populated\">\n\t\t\t\t\t\t\t\t<div class=\"elementor-element elementor-element-3f3255f elementor-widget elementor-widget-heading\" data-id=\"3f3255f\" data-element_type=\"widget\" data-widget_type=\"heading.default\">\n\t\t\t\t<div class=\"elementor-widget-container\">\n\t\t\t<h1 class=\"elementor-heading-title elementor-size-default\">Wisper keresked\u0151k<\/h1>\t\t<\/div>\n\t\t\t\t<\/div>\n\t\t\t\t\t<\/div>\n\t\t<\/div>\n\t\t\t\t<div class=\"elementor-column elementor-col-50 elementor-inner-column elementor-element elementor-element-a10487a\" data-id=\"a10487a\" data-element_type=\"column\">\n\t\t\t<div class=\"elementor-widget-wrap\">\n\t\t\t\t\t\t\t\t\t<\/div>\n\t\t<\/div>\n\t\t\t\t\t\t\t<\/div>\n\t\t<\/section>\n\t\t\t\t<section class=\"elementor-section elementor-inner-section elementor-element elementor-element-9641868 elementor-section-boxed elementor-section-height-default elementor-section-height-default\" data-id=\"9641868\" data-element_type=\"section\">\n\t\t\t\t\t\t<div class=\"elementor-container elementor-column-gap-default\">\n\t\t\t\t\t<div class=\"elementor-column elementor-col-100 elementor-inner-column elementor-element elementor-element-0bc7aa4\" data-id=\"0bc7aa4\" data-element_type=\"column\">\n\t\t\t<div class=\"elementor-widget-wrap elementor-element-populated\">\n\t\t\t\t\t\t\t\t<div class=\"elementor-element elementor-element-e1ba1e1 elementor-widget elementor-widget-heading\" data-id=\"e1ba1e1\" data-element_type=\"widget\" data-widget_type=\"heading.default\">\n\t\t\t\t<div class=\"elementor-widget-container\">\n\t\t\t<h3 class=\"elementor-heading-title elementor-size-default\">Fontos inform\u00e1ci\u00f3<\/h3>\t\t<\/div>\n\t\t\t\t<\/div>\n\t\t\t\t<div class=\"elementor-element elementor-element-5f2b607d elementor-widget elementor-widget-text-editor\" data-id=\"5f2b607d\" data-element_type=\"widget\" data-widget_type=\"text-editor.default\">\n\t\t\t\t<div class=\"elementor-widget-container\">\n\t\t\t\t\t\t\t<p><span data-sheets-value=\"{&quot;1&quot;:2,&quot;2&quot;:&quot;Hat\u00e1rozottan hisz\u00fcnk abban, hogy minden elektromos ker\u00e9kp\u00e1rt professzion\u00e1lis ebike sz\u00e1ll\u00edt\u00f3nak \u00e9s szervizk\u00f6zpontnak kell beszereznie \u00e9s karbantartania, aki a lehet\u0151 legk\u00e9nyelmesebb helyen tal\u00e1lhat\u00f3. \u0150k tesztvezet\u00e9st \u00e9s szak\u00e9rt\u0151i tan\u00e1csad\u00e1st k\u00edn\u00e1lnak a legjobban ig\u00e9nyeinek megfelel\u0151 ker\u00e9kp\u00e1rr\u00f3l.&quot;}\" data-sheets-userformat=\"{&quot;2&quot;:15171,&quot;3&quot;:{&quot;1&quot;:0},&quot;4&quot;:{&quot;1&quot;:2,&quot;2&quot;:16777215},&quot;9&quot;:0,&quot;11&quot;:3,&quot;12&quot;:0,&quot;14&quot;:{&quot;1&quot;:2,&quot;2&quot;:0},&quot;15&quot;:&quot;Rubik, sans-serif&quot;,&quot;16&quot;:12}\">Hat\u00e1rozottan hisz\u00fcnk abban, hogy minden elektromos ker\u00e9kp\u00e1rt professzion\u00e1lis ebike sz\u00e1ll\u00edt\u00f3nak \u00e9s szervizk\u00f6zpontnak kell beszereznie \u00e9s karbantartania, aki a lehet\u0151 legk\u00e9nyelmesebb helyen tal\u00e1lhat\u00f3. \u0150k tesztvezet\u00e9st \u00e9s szak\u00e9rt\u0151i tan\u00e1csad\u00e1st k\u00edn\u00e1lnak a legjobban ig\u00e9nyeinek megfelel\u0151 ker\u00e9kp\u00e1rr\u00f3l.<\/span><\/p><p><span data-sheets-value=\"{&quot;1&quot;:2,&quot;2&quot;:&quot;Az ebike-ok, mint minden motoriz\u00e1lt j\u00e1rm\u0171, rendszeres karbantart\u00e1st ig\u00e9nyelnek, a legjobb emberek, akik a ker\u00e9kp\u00e1rj\u00e1r\u00f3l gondoskodnak, azok, akik azt sz\u00e1ll\u00edtott\u00e1k, ha b\u00e1rmilyen probl\u00e9m\u00e1ja vagy k\u00e9rd\u00e9se van, ott vannak, hogy gondoskodjanak r\u00f3lad. Ezek miatt mi csak a j\u00f3v\u00e1hagyott keresked\u0151inken kereszt\u00fcl sz\u00e1ll\u00edtjuk a Wisper ker\u00e9kp\u00e1rokat.&quot;}\" data-sheets-userformat=\"{&quot;2&quot;:15171,&quot;3&quot;:{&quot;1&quot;:0},&quot;4&quot;:{&quot;1&quot;:2,&quot;2&quot;:16777215},&quot;9&quot;:0,&quot;11&quot;:3,&quot;12&quot;:0,&quot;14&quot;:{&quot;1&quot;:2,&quot;2&quot;:0},&quot;15&quot;:&quot;Rubik, sans-serif&quot;,&quot;16&quot;:12}\">Az ebike-ok, mint minden motoriz\u00e1lt j\u00e1rm\u0171, rendszeres karbantart\u00e1st ig\u00e9nyelnek, a legjobb emberek, akik a ker\u00e9kp\u00e1rj\u00e1r\u00f3l gondoskodnak, azok, akik azt sz\u00e1ll\u00edtott\u00e1k, ha b\u00e1rmilyen probl\u00e9m\u00e1ja vagy k\u00e9rd\u00e9se van, ott vannak, hogy gondoskodjanak r\u00f3lad. Ezek miatt mi csak a j\u00f3v\u00e1hagyott keresked\u0151inken kereszt\u00fcl sz\u00e1ll\u00edtjuk a Wisper ker\u00e9kp\u00e1rokat.<\/span><\/p>\t\t\t\t\t\t<\/div>\n\t\t\t\t<\/div>\n\t\t\t\t<div class=\"elementor-element elementor-element-0bf1b96 elementor-widget elementor-widget-text-editor\" data-id=\"0bf1b96\" data-element_type=\"widget\" data-widget_type=\"text-editor.default\">\n\t\t\t\t<div class=\"elementor-widget-container\">\n\t\t\t\t\t\t\t<p><span data-sheets-value=\"{&quot;1&quot;:2,&quot;2&quot;:&quot;Ingyenes \\&quot;biztons\u00e1gi ellen\u0151rz\u00e9s\\&quot; aj\u00e1nlatunkat csak a sz\u00e1ll\u00edt\u00f3 keresked\u0151 v\u00e9gezheti el. Ez a keresked\u0151 felel\u0151s a garanci\u00e1lis \u00fcgyek\u00e9rt, bele\u00e9rtve a munkad\u00edjat is. Ez\u00e9rt fontos, hogy amennyiben lehets\u00e9ges, Wisper ker\u00e9kp\u00e1rj\u00e1t olyan keresked\u0151t\u0151l v\u00e1s\u00e1rolja meg, aki el\u00e9rhet\u0151 az \u00d6n sz\u00e1m\u00e1ra.&quot;}\" data-sheets-userformat=\"{&quot;2&quot;:15171,&quot;3&quot;:{&quot;1&quot;:0},&quot;4&quot;:{&quot;1&quot;:2,&quot;2&quot;:16777215},&quot;9&quot;:0,&quot;11&quot;:3,&quot;12&quot;:0,&quot;14&quot;:{&quot;1&quot;:2,&quot;2&quot;:0},&quot;15&quot;:&quot;Rubik, sans-serif&quot;,&quot;16&quot;:12}\">Ingyenes &#8222;biztons\u00e1gi ellen\u0151rz\u00e9s&#8221; aj\u00e1nlatunkat csak a sz\u00e1ll\u00edt\u00f3 keresked\u0151 v\u00e9gezheti el. Ez a keresked\u0151 felel\u0151s a garanci\u00e1lis \u00fcgyek\u00e9rt, bele\u00e9rtve a munkad\u00edjat is. Ez\u00e9rt fontos, hogy amennyiben lehets\u00e9ges, Wisper ker\u00e9kp\u00e1rj\u00e1t olyan keresked\u0151t\u0151l v\u00e1s\u00e1rolja meg, aki el\u00e9rhet\u0151 az \u00d6n sz\u00e1m\u00e1ra.<\/span><\/p>\t\t\t\t\t\t<\/div>\n\t\t\t\t<\/div>\n\t\t\t\t<div class=\"elementor-element elementor-element-821b7c9 elementor-widget elementor-widget-text-editor\" data-id=\"821b7c9\" data-element_type=\"widget\" data-widget_type=\"text-editor.default\">\n\t\t\t\t<div class=\"elementor-widget-container\">\n\t\t\t\t\t\t\t<p><em>Keresked\u0151ink k\u00e9pesek szervizelni \u00e9s karbantartani a Wisper\u00e9t, biztos\u00edtva, hogy t\u00f6k\u00e9letes ker\u00e9kp\u00e1roz\u00e1si \u00e9lm\u00e9nyben legyen r\u00e9sze, \u00e9s meg\u0151rizze befektet\u00e9se \u00e9rt\u00e9k\u00e9t.<\/em><\/p>\t\t\t\t\t\t<\/div>\n\t\t\t\t<\/div>\n\t\t\t\t<div class=\"elementor-element elementor-element-51d8773 elementor-widget elementor-widget-heading\" data-id=\"51d8773\" data-element_type=\"widget\" data-widget_type=\"heading.default\">\n\t\t\t\t<div class=\"elementor-widget-container\">\n\t\t\t<h3 class=\"elementor-heading-title elementor-size-default\">Tesztvezet\u00e9s\n\n<\/h3>\t\t<\/div>\n\t\t\t\t<\/div>\n\t\t\t\t<div class=\"elementor-element elementor-element-aefe57d elementor-widget elementor-widget-text-editor\" data-id=\"aefe57d\" data-element_type=\"widget\" data-widget_type=\"text-editor.default\">\n\t\t\t\t<div class=\"elementor-widget-container\">\n\t\t\t\t\t\t\t<p><span data-sheets-value=\"{&quot;1&quot;:2,&quot;2&quot;:&quot;Szeretne egy Wisper ebike-ot ingyenes tesztvezet\u00e9sre kivinni? Ha igen, k\u00e9rj\u00fck, vegye fel a kapcsolatot a helyi Wisper keresked\u0151j\u00e9vel egy id\u0151pont egyeztet\u00e9shez. Ha b\u00e1rmilyen neh\u00e9zs\u00e9ge ad\u00f3dna a prefer\u00e1lt Wisper modellj\u00e9n t\u00f6rt\u00e9n\u0151 tesztvezet\u00e9s megszervez\u00e9s\u00e9ben, k\u00e9rj\u00fck, l\u00e9pjen kapcsolatba vel\u00fcnk k\u00f6zvetlen\u00fcl a 01732 762393-as telefonsz\u00e1mon, vagy k\u00fcldj\u00f6n e-mailt a sales@wisperbikes.com c\u00edmre seg\u00edts\u00e9g\u00e9rt.&quot;}\" data-sheets-userformat=\"{&quot;2&quot;:15171,&quot;3&quot;:{&quot;1&quot;:0},&quot;4&quot;:{&quot;1&quot;:2,&quot;2&quot;:16777215},&quot;9&quot;:0,&quot;11&quot;:3,&quot;12&quot;:0,&quot;14&quot;:{&quot;1&quot;:2,&quot;2&quot;:0},&quot;15&quot;:&quot;Rubik, sans-serif&quot;,&quot;16&quot;:12}\">Szeretne egy Wisper ebike-ot ingyenes tesztvezet\u00e9sre kivinni? Ha igen, k\u00e9rj\u00fck, vegye fel a kapcsolatot a helyi Wisper keresked\u0151j\u00e9vel egy id\u0151pont egyeztet\u00e9shez. Ha b\u00e1rmilyen neh\u00e9zs\u00e9ge ad\u00f3dna a prefer\u00e1lt Wisper modellj\u00e9n t\u00f6rt\u00e9n\u0151 tesztvezet\u00e9s megszervez\u00e9s\u00e9ben, k\u00e9rj\u00fck, l\u00e9pjen kapcsolatba vel\u00fcnk k\u00f6zvetlen\u00fcl a 01732 762393-as telefonsz\u00e1mon, vagy k\u00fcldj\u00f6n e-mailt a <a href=\"mailto:sales@wisperbikes.com\">sales@wisperbikes.com<\/a> c\u00edmre seg\u00edts\u00e9g\u00e9rt.<\/span><\/p>\t\t\t\t\t\t<\/div>\n\t\t\t\t<\/div>\n\t\t\t\t<div class=\"elementor-element elementor-element-b9173fe elementor-widget elementor-widget-text-editor\" data-id=\"b9173fe\" data-element_type=\"widget\" data-widget_type=\"text-editor.default\">\n\t\t\t\t<div class=\"elementor-widget-container\">\n\t\t\t\t\t\t\t<p><span data-sheets-value=\"{&quot;1&quot;:2,&quot;2&quot;:&quot;Hogy megtal\u00e1lja a legk\u00f6zelebbi Wisper keresked\u0151j\u00e9t, k\u00e9rj\u00fck, \u00edrja be hely\u00e9t az al\u00e1bbi keres\u0151mez\u0151be, ha nem tal\u00e1l k\u00f6zel\u00e9ben keresked\u0151t, k\u00e9rj\u00fck, h\u00edvjon minket a 01732 762393-as telefonsz\u00e1mon, vagy k\u00fcldj\u00f6n e-mailt a sales@wisperbikes.com c\u00edmre seg\u00edts\u00e9g\u00e9rt.&quot;}\" data-sheets-userformat=\"{&quot;2&quot;:15171,&quot;3&quot;:{&quot;1&quot;:0},&quot;4&quot;:{&quot;1&quot;:2,&quot;2&quot;:16777215},&quot;9&quot;:0,&quot;11&quot;:3,&quot;12&quot;:0,&quot;14&quot;:{&quot;1&quot;:2,&quot;2&quot;:0},&quot;15&quot;:&quot;Rubik, sans-serif&quot;,&quot;16&quot;:12}\">Hogy megtal\u00e1lja a legk\u00f6zelebbi Wisper keresked\u0151j\u00e9t, k\u00e9rj\u00fck, \u00edrja be hely\u00e9t az al\u00e1bbi keres\u0151mez\u0151be, ha nem tal\u00e1l k\u00f6zel\u00e9ben keresked\u0151t, k\u00e9rj\u00fck, h\u00edvjon minket a 01732 762393-as telefonsz\u00e1mon, vagy k\u00fcldj\u00f6n e-mailt a <a href=\"mailto:sales@wisperbikes.com\">sales@wisperbikes.com<\/a> c\u00edmre seg\u00edts\u00e9g\u00e9rt.<\/span><\/p>\t\t\t\t\t\t<\/div>\n\t\t\t\t<\/div>\n\t\t\t\t<div class=\"elementor-element elementor-element-1378907 elementor-widget elementor-widget-text-editor\" data-id=\"1378907\" data-element_type=\"widget\" data-widget_type=\"text-editor.default\">\n\t\t\t\t<div class=\"elementor-widget-container\">\n\t\t\t\t\t\t\t<style>\r\n\t#wpsl-stores .wpsl-store-thumb {height:45px !important; width:45px !important;}\r\n\t#wpsl-stores, #wpsl-direction-details, #wpsl-gmap {height:600px !important;}\r\n\t#wpsl-gmap .wpsl-info-window {max-width:225px !important;}\r\n\t.wpsl-input label, #wpsl-radius label, #wpsl-category label {width:120px;}\r\n\t#wpsl-search-input  {width:200px;}\r\n<\/style>\r\n<div id=\"wpsl-wrap\">\r\n\t<div class=\"wpsl-search wpsl-clearfix \">\r\n\t\t<div id=\"wpsl-search-wrap\">\r\n\t\t\t<form autocomplete=\"off\">\r\n\t\t\t<div class=\"wpsl-input\">\r\n\t\t\t\t<div><label for=\"wpsl-search-input\">Your location<\/label><\/div>\r\n\t\t\t\t<input id=\"wpsl-search-input\" type=\"text\" value=\"\" name=\"wpsl-search-input\" placeholder=\"\" aria-required=\"true\" \/>\r\n\t\t\t<\/div>\r\n\t\t\t<div class=\"wpsl-select-wrap\">\r\n\t\t\t\t<div id=\"wpsl-radius\">\r\n\t\t\t\t\t<label for=\"wpsl-radius-dropdown\">Search radius<\/label>\r\n\t\t\t\t\t<select id=\"wpsl-radius-dropdown\" class=\"wpsl-dropdown\" name=\"wpsl-radius\">\r\n\t\t\t\t\t\t<option value=\"10\">10 mi<\/option><option value=\"25\">25 mi<\/option><option selected=\"selected\" value=\"50\">50 mi<\/option>\r\n\t\t\t\t\t<\/select>\r\n\t\t\t\t<\/div>\r\n\t\t\t\t<div id=\"wpsl-results\">\r\n\t\t\t\t\t<label for=\"wpsl-results-dropdown\">Results<\/label>\r\n\t\t\t\t\t<select id=\"wpsl-results-dropdown\" class=\"wpsl-dropdown\" name=\"wpsl-results\">\r\n\t\t\t\t\t\t<option selected=\"selected\" value=\"10\">10<\/option><option value=\"20\">20<\/option>\r\n\t\t\t\t\t<\/select>\r\n\t\t\t\t<\/div>\r\n\t\t\t<\/div>\r\n\t\t\t\t<div class=\"wpsl-search-btn-wrap\"><input id=\"wpsl-search-btn\" type=\"submit\" value=\"Search\"><\/div>\r\n\t\t<\/form>\r\n\t\t<\/div>\r\n\t<\/div>\r\n\t<div id=\"wpsl-gmap\" class=\"wpsl-gmap-canvas\"><\/div>\r\n\t<div id=\"wpsl-result-list\">\r\n\t\t<div id=\"wpsl-stores\" >\r\n\t\t\t<ul><\/ul>\r\n\t\t<\/div>\r\n\t\t<div id=\"wpsl-direction-details\">\r\n\t\t\t<ul><\/ul>\r\n\t\t<\/div>\r\n\t<\/div>\r\n\t<div class=\"wpsl-provided-by\">Search provided by <a target='_blank' href='https:\/\/wpstorelocator.co'>WP Store Locator<\/a><\/div>\r\n<\/div>\r\n\t\t\t\t\t\t<\/div>\n\t\t\t\t<\/div>\n\t\t\t\t\t<\/div>\n\t\t<\/div>\n\t\t\t\t\t\t\t<\/div>\n\t\t<\/section>\n\t\t\t\t\t<\/div>\n\t\t<\/div>\n\t\t\t\t\t\t\t<\/div>\n\t\t<\/section>\n\t\t\t\t\t\t\t<\/div>\n\t\t","protected":false},"excerpt":{"rendered":"<p>Wisper keresked\u0151k Fontos inform\u00e1ci\u00f3 Hat\u00e1rozottan hisz\u00fcnk abban, hogy minden elektromos ker\u00e9kp\u00e1rt professzion\u00e1lis ebike sz\u00e1ll\u00edt\u00f3nak \u00e9s szervizk\u00f6zpontnak kell beszereznie \u00e9s karbantartania, aki a lehet\u0151 legk\u00e9nyelmesebb helyen tal\u00e1lhat\u00f3. \u0150k tesztvezet\u00e9st \u00e9s szak\u00e9rt\u0151i tan\u00e1csad\u00e1st k\u00edn\u00e1lnak a legjobban ig\u00e9nyeinek megfelel\u0151 ker\u00e9kp\u00e1rr\u00f3l. Az ebike-ok, mint minden motoriz\u00e1lt j\u00e1rm\u0171, rendszeres karbantart\u00e1st ig\u00e9nyelnek, a legjobb emberek, akik a ker\u00e9kp\u00e1rj\u00e1r\u00f3l gondoskodnak, azok, akik&hellip;<\/p>\n","protected":false},"author":279,"featured_media":0,"parent":0,"menu_order":0,"comment_status":"closed","ping_status":"closed","template":"","meta":[],"acf":[],"yoast_head":"<!-- This site is optimized with the Yoast SEO plugin v20.12 - https:\/\/yoast.com\/wordpress\/plugins\/seo\/ -->\n<title>Sigster E-Bike-keresked\u0151k | Keresse meg a legk\u00f6zelebbi<\/title>\n<meta name=\"description\" content=\"A Wisper Electric Bike el\u00e9rhet\u0151 a k\u00f6zeli e-ker\u00e9kp\u00e1r \u00fczletekb\u0151l! Szerte az Egyes\u00fclt Kir\u00e1lys\u00e1gban vannak keresked\u0151ink, haszn\u00e1lja b\u00e1tran a keresked\u0151 keres\u0151nket.\" \/>\n<meta name=\"robots\" content=\"index, follow, max-snippet:-1, max-image-preview:large, max-video-preview:-1\" \/>\n<link rel=\"canonical\" href=\"https:\/\/wisperbikes.com\/hu\/dealer-locator\/\" \/>\n<meta property=\"og:locale\" content=\"hu_HU\" \/>\n<meta property=\"og:type\" content=\"article\" \/>\n<meta property=\"og:title\" content=\"Sigster E-Bike-keresked\u0151k | Keresse meg a legk\u00f6zelebbi\" \/>\n<meta property=\"og:description\" content=\"A Wisper Electric Bike el\u00e9rhet\u0151 a k\u00f6zeli e-ker\u00e9kp\u00e1r \u00fczletekb\u0151l! Szerte az Egyes\u00fclt Kir\u00e1lys\u00e1gban vannak keresked\u0151ink, haszn\u00e1lja b\u00e1tran a keresked\u0151 keres\u0151nket.\" \/>\n<meta property=\"og:url\" content=\"https:\/\/wisperbikes.com\/hu\/dealer-locator\/\" \/>\n<meta property=\"og:site_name\" content=\"Wisper Bikes\" \/>\n<meta property=\"article:publisher\" content=\"https:\/\/www.facebook.com\/Amps.Bike\/\" \/>\n<meta property=\"article:modified_time\" content=\"2024-04-17T11:59:27+00:00\" \/>\n<meta name=\"twitter:card\" content=\"summary_large_image\" \/>\n<meta name=\"twitter:site\" content=\"@wisperebikes\" \/>\n<meta name=\"twitter:label1\" content=\"Becs\u00fclt olvas\u00e1si id\u0151\" \/>\n\t<meta name=\"twitter:data1\" content=\"2 perc\" \/>\n<script type=\"application\/ld+json\" class=\"yoast-schema-graph\">{\"@context\":\"https:\/\/schema.org\",\"@graph\":[{\"@type\":\"WebPage\",\"@id\":\"https:\/\/wisperbikes.com\/hu\/dealer-locator\/\",\"url\":\"https:\/\/wisperbikes.com\/hu\/dealer-locator\/\",\"name\":\"Sigster E-Bike-keresked\u0151k | Keresse meg a legk\u00f6zelebbi\",\"isPartOf\":{\"@id\":\"https:\/\/wisperbikes.com\/hu\/#website\"},\"datePublished\":\"2017-03-08T16:07:59+00:00\",\"dateModified\":\"2024-04-17T11:59:27+00:00\",\"description\":\"A Wisper Electric Bike el\u00e9rhet\u0151 a k\u00f6zeli e-ker\u00e9kp\u00e1r \u00fczletekb\u0151l! Szerte az Egyes\u00fclt Kir\u00e1lys\u00e1gban vannak keresked\u0151ink, haszn\u00e1lja b\u00e1tran a keresked\u0151 keres\u0151nket.\",\"breadcrumb\":{\"@id\":\"https:\/\/wisperbikes.com\/hu\/dealer-locator\/#breadcrumb\"},\"inLanguage\":\"hu\",\"potentialAction\":[{\"@type\":\"ReadAction\",\"target\":[\"https:\/\/wisperbikes.com\/hu\/dealer-locator\/\"]}]},{\"@type\":\"BreadcrumbList\",\"@id\":\"https:\/\/wisperbikes.com\/hu\/dealer-locator\/#breadcrumb\",\"itemListElement\":[{\"@type\":\"ListItem\",\"position\":1,\"name\":\"Home\",\"item\":\"https:\/\/wisperbikes.com\/hu\/\"},{\"@type\":\"ListItem\",\"position\":2,\"name\":\"Dealer Locator\"}]},{\"@type\":\"WebSite\",\"@id\":\"https:\/\/wisperbikes.com\/hu\/#website\",\"url\":\"https:\/\/wisperbikes.com\/hu\/\",\"name\":\"Wisper Bikes\",\"description\":\"Electric Bikes\",\"publisher\":{\"@id\":\"https:\/\/wisperbikes.com\/hu\/#organization\"},\"potentialAction\":[{\"@type\":\"SearchAction\",\"target\":{\"@type\":\"EntryPoint\",\"urlTemplate\":\"https:\/\/wisperbikes.com\/hu\/?s={search_term_string}\"},\"query-input\":\"required name=search_term_string\"}],\"inLanguage\":\"hu\"},{\"@type\":\"Organization\",\"@id\":\"https:\/\/wisperbikes.com\/hu\/#organization\",\"name\":\"Wisper Electric Bikes\",\"alternateName\":\"Wisper E-Bikes\",\"url\":\"https:\/\/wisperbikes.com\/hu\/\",\"logo\":{\"@type\":\"ImageObject\",\"inLanguage\":\"hu\",\"@id\":\"https:\/\/wisperbikes.com\/hu\/#\/schema\/logo\/image\/\",\"url\":\"https:\/\/wisperbikes.com\/hu\/wp-content\/uploads\/2021\/06\/WISPER-Logo.png\",\"contentUrl\":\"https:\/\/wisperbikes.com\/hu\/wp-content\/uploads\/2021\/06\/WISPER-Logo.png\",\"width\":250,\"height\":65,\"caption\":\"Wisper Electric Bikes\"},\"image\":{\"@id\":\"https:\/\/wisperbikes.com\/hu\/#\/schema\/logo\/image\/\"},\"sameAs\":[\"https:\/\/www.facebook.com\/Amps.Bike\/\",\"https:\/\/twitter.com\/wisperebikes\",\"https:\/\/www.instagram.com\/wisperbikes\/\"]}]}<\/script>\n<!-- \/ Yoast SEO plugin. -->","yoast_head_json":{"title":"Sigster E-Bike-keresked\u0151k | Keresse meg a legk\u00f6zelebbi","description":"A Wisper Electric Bike el\u00e9rhet\u0151 a k\u00f6zeli e-ker\u00e9kp\u00e1r \u00fczletekb\u0151l! Szerte az Egyes\u00fclt Kir\u00e1lys\u00e1gban vannak keresked\u0151ink, haszn\u00e1lja b\u00e1tran a keresked\u0151 keres\u0151nket.","robots":{"index":"index","follow":"follow","max-snippet":"max-snippet:-1","max-image-preview":"max-image-preview:large","max-video-preview":"max-video-preview:-1"},"canonical":"https:\/\/wisperbikes.com\/hu\/dealer-locator\/","og_locale":"hu_HU","og_type":"article","og_title":"Sigster E-Bike-keresked\u0151k | Keresse meg a legk\u00f6zelebbi","og_description":"A Wisper Electric Bike el\u00e9rhet\u0151 a k\u00f6zeli e-ker\u00e9kp\u00e1r \u00fczletekb\u0151l! Szerte az Egyes\u00fclt Kir\u00e1lys\u00e1gban vannak keresked\u0151ink, haszn\u00e1lja b\u00e1tran a keresked\u0151 keres\u0151nket.","og_url":"https:\/\/wisperbikes.com\/hu\/dealer-locator\/","og_site_name":"Wisper Bikes","article_publisher":"https:\/\/www.facebook.com\/Amps.Bike\/","article_modified_time":"2024-04-17T11:59:27+00:00","twitter_card":"summary_large_image","twitter_site":"@wisperebikes","twitter_misc":{"Becs\u00fclt olvas\u00e1si id\u0151":"2 perc"},"schema":{"@context":"https:\/\/schema.org","@graph":[{"@type":"WebPage","@id":"https:\/\/wisperbikes.com\/hu\/dealer-locator\/","url":"https:\/\/wisperbikes.com\/hu\/dealer-locator\/","name":"Sigster E-Bike-keresked\u0151k | Keresse meg a legk\u00f6zelebbi","isPartOf":{"@id":"https:\/\/wisperbikes.com\/hu\/#website"},"datePublished":"2017-03-08T16:07:59+00:00","dateModified":"2024-04-17T11:59:27+00:00","description":"A Wisper Electric Bike el\u00e9rhet\u0151 a k\u00f6zeli e-ker\u00e9kp\u00e1r \u00fczletekb\u0151l! Szerte az Egyes\u00fclt Kir\u00e1lys\u00e1gban vannak keresked\u0151ink, haszn\u00e1lja b\u00e1tran a keresked\u0151 keres\u0151nket.","breadcrumb":{"@id":"https:\/\/wisperbikes.com\/hu\/dealer-locator\/#breadcrumb"},"inLanguage":"hu","potentialAction":[{"@type":"ReadAction","target":["https:\/\/wisperbikes.com\/hu\/dealer-locator\/"]}]},{"@type":"BreadcrumbList","@id":"https:\/\/wisperbikes.com\/hu\/dealer-locator\/#breadcrumb","itemListElement":[{"@type":"ListItem","position":1,"name":"Home","item":"https:\/\/wisperbikes.com\/hu\/"},{"@type":"ListItem","position":2,"name":"Dealer Locator"}]},{"@type":"WebSite","@id":"https:\/\/wisperbikes.com\/hu\/#website","url":"https:\/\/wisperbikes.com\/hu\/","name":"Wisper Bikes","description":"Electric Bikes","publisher":{"@id":"https:\/\/wisperbikes.com\/hu\/#organization"},"potentialAction":[{"@type":"SearchAction","target":{"@type":"EntryPoint","urlTemplate":"https:\/\/wisperbikes.com\/hu\/?s={search_term_string}"},"query-input":"required name=search_term_string"}],"inLanguage":"hu"},{"@type":"Organization","@id":"https:\/\/wisperbikes.com\/hu\/#organization","name":"Wisper Electric Bikes","alternateName":"Wisper E-Bikes","url":"https:\/\/wisperbikes.com\/hu\/","logo":{"@type":"ImageObject","inLanguage":"hu","@id":"https:\/\/wisperbikes.com\/hu\/#\/schema\/logo\/image\/","url":"https:\/\/wisperbikes.com\/hu\/wp-content\/uploads\/2021\/06\/WISPER-Logo.png","contentUrl":"https:\/\/wisperbikes.com\/hu\/wp-content\/uploads\/2021\/06\/WISPER-Logo.png","width":250,"height":65,"caption":"Wisper Electric Bikes"},"image":{"@id":"https:\/\/wisperbikes.com\/hu\/#\/schema\/logo\/image\/"},"sameAs":["https:\/\/www.facebook.com\/Amps.Bike\/","https:\/\/twitter.com\/wisperebikes","https:\/\/www.instagram.com\/wisperbikes\/"]}]}},"_links":{"self":[{"href":"https:\/\/wisperbikes.com\/hu\/wp-json\/wp\/v2\/pages\/19"}],"collection":[{"href":"https:\/\/wisperbikes.com\/hu\/wp-json\/wp\/v2\/pages"}],"about":[{"href":"https:\/\/wisperbikes.com\/hu\/wp-json\/wp\/v2\/types\/page"}],"author":[{"embeddable":true,"href":"https:\/\/wisperbikes.com\/hu\/wp-json\/wp\/v2\/users\/279"}],"replies":[{"embeddable":true,"href":"https:\/\/wisperbikes.com\/hu\/wp-json\/wp\/v2\/comments?post=19"}],"version-history":[{"count":7,"href":"https:\/\/wisperbikes.com\/hu\/wp-json\/wp\/v2\/pages\/19\/revisions"}],"predecessor-version":[{"id":40987,"href":"https:\/\/wisperbikes.com\/hu\/wp-json\/wp\/v2\/pages\/19\/revisions\/40987"}],"wp:attachment":[{"href":"https:\/\/wisperbikes.com\/hu\/wp-json\/wp\/v2\/media?parent=19"}],"curies":[{"name":"wp","href":"https:\/\/api.w.org\/{rel}","templated":true}]}}