{"id":306,"date":"2017-08-13T17:06:07","date_gmt":"2017-08-13T17:06:07","guid":{"rendered":"https:\/\/wisperbikes.com\/hu\/?page_id=306"},"modified":"2024-04-15T13:40:33","modified_gmt":"2024-04-15T13:40:33","slug":"book-an-e-bike-test-ride","status":"publish","type":"page","link":"https:\/\/wisperbikes.com\/hu\/book-an-e-bike-test-ride\/","title":{"rendered":"Book A Wisper Test Ride"},"content":{"rendered":"\t\t<div data-elementor-type=\"wp-page\" data-elementor-id=\"306\" class=\"elementor elementor-306\" data-elementor-post-type=\"page\">\n\t\t\t\t\t\t\t\t\t<section class=\"elementor-section elementor-top-section elementor-element elementor-element-3405c4f elementor-section-full_width elementor-section-stretched elementor-section-height-default elementor-section-height-default\" data-id=\"3405c4f\" data-element_type=\"section\" data-settings=\"{&quot;stretch_section&quot;:&quot;section-stretched&quot;}\">\n\t\t\t\t\t\t<div class=\"elementor-container elementor-column-gap-default\">\n\t\t\t\t\t<div class=\"elementor-column elementor-col-100 elementor-top-column elementor-element elementor-element-82efc5b\" data-id=\"82efc5b\" data-element_type=\"column\">\n\t\t\t<div class=\"elementor-widget-wrap elementor-element-populated\">\n\t\t\t\t\t\t\t\t<section class=\"elementor-section elementor-inner-section elementor-element elementor-element-be135ac elementor-section-boxed elementor-section-height-default elementor-section-height-default\" data-id=\"be135ac\" data-element_type=\"section\">\n\t\t\t\t\t\t<div class=\"elementor-container elementor-column-gap-default\">\n\t\t\t\t\t<div class=\"elementor-column elementor-col-100 elementor-inner-column elementor-element elementor-element-e889fe1\" data-id=\"e889fe1\" data-element_type=\"column\">\n\t\t\t<div class=\"elementor-widget-wrap elementor-element-populated\">\n\t\t\t\t\t\t\t\t<div class=\"elementor-element elementor-element-ddea459 elementor-widget elementor-widget-heading\" data-id=\"ddea459\" data-element_type=\"widget\" data-widget_type=\"heading.default\">\n\t\t\t\t<div class=\"elementor-widget-container\">\n\t\t\t<h1 class=\"elementor-heading-title elementor-size-default\">Foglalj Wisper Tesztvezet\u00e9st<\/h1>\t\t<\/div>\n\t\t\t\t<\/div>\n\t\t\t\t<div class=\"elementor-element elementor-element-5ff77f1f elementor-widget elementor-widget-text-editor\" data-id=\"5ff77f1f\" data-element_type=\"widget\" data-widget_type=\"text-editor.default\">\n\t\t\t\t<div class=\"elementor-widget-container\">\n\t\t\t\t\t\t\t<p>Ha szeretn\u00e9d, hogy megrendezz\u00fck sz\u00e1modra a tesztvezet\u00e9si id\u0151pontot b\u00e1rmelyik biciklinkkel, k\u00e9rj\u00fck, t\u00f6ltsd ki az al\u00e1bbi \u0171rlapot, \u00e9s mi gondoskodunk a r\u00e9szletekr\u0151l.<\/p><p>Alternat\u00edv megold\u00e1sk\u00e9nt kattints az al\u00e1bbi keresked\u0151-keres\u0151 gombra, hogy megtal\u00e1ld a hozz\u00e1d legk\u00f6zelebb es\u0151 keresked\u0151t.<\/p><p>Azok sz\u00e1m\u00e1ra, akik hosszabb tesztvezet\u00e9st szeretn\u00e9nek, m\u00e1r t\u00f6bb keresked\u0151nk is k\u00edn\u00e1l Wisper bicikliket b\u00e9rl\u00e9sre, k\u00e9rj\u00fck, <a href=\"https:\/\/wisperbikes.com\/hu\/wisper-hire-locator\/\">KATTINTS IDE<\/a> a b\u00e9rl\u00e9si oldalunkhoz vezet\u0151 link\u00e9rt.<\/p>\t\t\t\t\t\t<\/div>\n\t\t\t\t<\/div>\n\t\t\t\t<div class=\"elementor-element elementor-element-06df8ca elementor-widget elementor-widget-button\" data-id=\"06df8ca\" data-element_type=\"widget\" data-widget_type=\"button.default\">\n\t\t\t\t<div class=\"elementor-widget-container\">\n\t\t\t\t\t<div class=\"elementor-button-wrapper\">\n\t\t\t<a class=\"elementor-button elementor-button-link elementor-size-sm\" href=\"\/dealer-locator\/\">\n\t\t\t\t\t\t<span class=\"elementor-button-content-wrapper\">\n\t\t\t\t\t\t<span class=\"elementor-button-text\">Click here to locate your local dealer<\/span>\n\t\t<\/span>\n\t\t\t\t\t<\/a>\n\t\t<\/div>\n\t\t\t\t<\/div>\n\t\t\t\t<\/div>\n\t\t\t\t<div class=\"elementor-element elementor-element-4c40fd0 elementor-widget elementor-widget-spacer\" data-id=\"4c40fd0\" data-element_type=\"widget\" data-widget_type=\"spacer.default\">\n\t\t\t\t<div class=\"elementor-widget-container\">\n\t\t\t\t\t<div class=\"elementor-spacer\">\n\t\t\t<div class=\"elementor-spacer-inner\"><\/div>\n\t\t<\/div>\n\t\t\t\t<\/div>\n\t\t\t\t<\/div>\n\t\t\t\t<div class=\"elementor-element elementor-element-1192d9b elementor-widget elementor-widget-formidable\" data-id=\"1192d9b\" data-element_type=\"widget\" data-widget_type=\"formidable.default\">\n\t\t\t\t<div class=\"elementor-widget-container\">\n\t\t\t<div class=\"frm_forms  with_frm_style frm_style_formidable-style\" id=\"frm_form_7_container\" >\n<form enctype=\"multipart\/form-data\" method=\"post\" class=\"frm-show-form  frm_pro_form \" id=\"form_enquireaboutthisebike\"  >\n<div class=\"frm_form_fields \">\n<fieldset>\n<legend class=\"frm_hidden\">Enquire about this eBike<\/legend>\r\n\r\n<div class=\"frm_fields_container\">\n<input type=\"hidden\" name=\"frm_action\" value=\"create\" \/>\n<input type=\"hidden\" name=\"form_id\" value=\"7\" \/>\n<input type=\"hidden\" name=\"frm_hide_fields_7\" id=\"frm_hide_fields_7\" value=\"\" \/>\n<input type=\"hidden\" name=\"form_key\" value=\"enquireaboutthisebike\" \/>\n<input type=\"hidden\" name=\"item_meta[0]\" value=\"\" \/>\n<input type=\"hidden\" id=\"frm_submit_entry_7\" name=\"frm_submit_entry_7\" value=\"b8d0665f03\" \/><input type=\"hidden\" name=\"_wp_http_referer\" value=\"\/hu\/wp-json\/wp\/v2\/pages\/306\" \/><div id=\"frm_field_101_container\" class=\"frm_form_field form-field  frm_required_field frm_top_container frm6 frm_first\">\r\n    <label for=\"field_aw6o4\" class=\"frm_primary_label\">First Name\r\n        <span class=\"frm_required\">*<\/span>\r\n    <\/label>\r\n    <input type=\"text\" id=\"field_aw6o4\" name=\"item_meta[101]\" value=\"\"  data-reqmsg=\"This field cannot be blank.\" aria-required=\"true\" data-invmsg=\"First Name is invalid\" aria-invalid=\"false\"  \/>\r\n    \r\n    \r\n<\/div>\n<div id=\"frm_field_103_container\" class=\"frm_form_field form-field  frm_required_field frm_top_container frm6\">\r\n    <label for=\"field_41ubu\" class=\"frm_primary_label\">Email Address\r\n        <span class=\"frm_required\">*<\/span>\r\n    <\/label>\r\n    <input type=\"email\" id=\"field_41ubu\" name=\"item_meta[103]\" value=\"\"  data-reqmsg=\"This field cannot be blank.\" aria-required=\"true\" data-invmsg=\"Email Address is invalid\" aria-invalid=\"false\"  \/>\r\n    \r\n    \r\n<\/div>\n<div id=\"frm_field_147_container\" class=\"frm_form_field form-field  frm_required_field frm_top_container frm12 frm_firs frm_half t\">\n    <div  id=\"field_oqrah_label\" class=\"frm_primary_label\">Product\n        <span class=\"frm_required\" aria-hidden=\"true\">*<\/span>\n    <\/div>\n    <div class=\"frm_data_container\" aria-labelledby=\"field_oqrah_label\" role=\"group\"><select name=\"item_meta[147]\" id=\"field_oqrah\"  data-reqmsg=\"This field cannot be blank.\" aria-required=\"true\" data-invmsg=\"Product is invalid\" aria-invalid=\"false\"  >\n<option  value=\"Select Bike\" data-frmprice=\"\">Select Bike<\/option><option  value=\"Wisper 705 26\u201d Step-Through eBike\" data-frmprice=\"\">Wisper 705 26\u201d Step-Through eBike<\/option><option  value=\"Wisper 905 Crossbar Electric Bicycle\" data-frmprice=\"\">Wisper 905 Crossbar Electric Bicycle<\/option><option  value=\"Wisper 705 26\u201d Step-Through eBike\" data-frmprice=\"\">Wisper 705 26\u201d Step-Through eBike<\/option><option  value=\"Wisper 705 24\u2033 Step-Through eBike\" data-frmprice=\"\">Wisper 705 24\u2033 Step-Through eBike<\/option><option  value=\"Wisper 705 24\u2033 Step-Through eBike\" data-frmprice=\"\">Wisper 705 24\u2033 Step-Through eBike<\/option><option  value=\"Wayfarer M7 Mid-Drive Step-Through\" data-frmprice=\"\">Wayfarer M7 Mid-Drive Step-Through<\/option><option  value=\"Wayfarer H7 Hub-Drive Step-Through\" data-frmprice=\"\">Wayfarer H7 Hub-Drive Step-Through<\/option><option  value=\"Wayfarer H9 Hub-Drive Crossbar\" data-frmprice=\"\">Wayfarer H9 Hub-Drive Crossbar<\/option><option  value=\"Wayfarer H9 Hub-Drive Crossbar\" data-frmprice=\"\">Wayfarer H9 Hub-Drive Crossbar<\/option><option  value=\"Wayfarer M9 Mid-Drive Crossbar\" data-frmprice=\"\">Wayfarer M9 Mid-Drive Crossbar<\/option><option  value=\"Tailwind City Low Crossbar\" data-frmprice=\"\">Tailwind City Low Crossbar<\/option><option  value=\"Tailwind City Crossbar\" data-frmprice=\"\">Tailwind City Crossbar<\/option><option  value=\"Tailwind Comfort Low Crossbar\" data-frmprice=\"\">Tailwind Comfort Low Crossbar<\/option><option  value=\"Tailwind Comfort Crossbar\" data-frmprice=\"\">Tailwind Comfort Crossbar<\/option><option  value=\"Tailwind Trail Low Crossbar\" data-frmprice=\"\">Tailwind Trail Low Crossbar<\/option><option  value=\"Tailwind Trail Crossbar\" data-frmprice=\"\">Tailwind Trail Crossbar<\/option><\/select>\n<\/div>\n    \n    \n<\/div>\n<div id=\"frm_field_104_container\" class=\"frm_form_field form-field  frm_required_field frm_top_container frm_half\">\r\n    <label for=\"field_atpuo\" class=\"frm_primary_label\">Telephone Number\r\n        <span class=\"frm_required\">*<\/span>\r\n    <\/label>\r\n    <input type=\"text\" id=\"field_atpuo\" name=\"item_meta[104]\" value=\"\"  data-reqmsg=\"This field cannot be blank.\" aria-required=\"true\" data-invmsg=\"Telephone Number is invalid\" aria-invalid=\"false\"  \/>\r\n    \r\n    \r\n<\/div>\n<div id=\"frm_field_105_container\" class=\"frm_form_field form-field  frm_required_field frm_top_container frm6 frm_first\">\r\n    <label for=\"field_vhzba\" class=\"frm_primary_label\">Town\r\n        <span class=\"frm_required\">*<\/span>\r\n    <\/label>\r\n    <input type=\"text\" id=\"field_vhzba\" name=\"item_meta[105]\" value=\"\"  data-reqmsg=\"This field cannot be blank.\" aria-required=\"true\" data-invmsg=\"Town is invalid\" aria-invalid=\"false\"  \/>\r\n    \r\n    \r\n<\/div>\n<div id=\"frm_field_106_container\" class=\"frm_form_field form-field  frm_required_field frm_top_container frm6\">\r\n    <label for=\"field_b6gsd\" class=\"frm_primary_label\">Postcode\r\n        <span class=\"frm_required\">*<\/span>\r\n    <\/label>\r\n    <input type=\"text\" id=\"field_b6gsd\" name=\"item_meta[106]\" value=\"\"  data-reqmsg=\"This field cannot be blank.\" aria-required=\"true\" data-invmsg=\"Postcode is invalid\" aria-invalid=\"false\"  \/>\r\n    \r\n    \r\n<\/div>\n<div id=\"frm_field_113_container\" class=\"frm_form_field form-field  frm_none_container\">\r\n    <label  class=\"frm_primary_label\">reCAPTCHA\r\n        <span class=\"frm_required\"><\/span>\r\n    <\/label>\r\n    <div id=\"field_ouj7u\" class=\"frm-g-recaptcha\" data-sitekey=\"6LcpZNkZAAAAAEjsf8-k29B5TOoqKddiiJNgb6t5\" data-size=\"normal\" data-theme=\"light\"><\/div>\r\n    \r\n    \r\n<\/div>\n\t<input type=\"hidden\" name=\"item_key\" value=\"\" \/>\n\t\t\t\t<div class=\"frm_verify\" aria-hidden=\"true\">\n\t\t\t\t<label for=\"frm_email_7\">\n\t\t\t\t\tIf you are human, leave this field blank.\t\t\t\t<\/label>\n\t\t\t\t<input type=\"text\" class=\"frm_verify\" id=\"frm_email_7\" name=\"frm_verify\" value=\"\"  \/>\n\t\t\t<\/div>\n\t\t<input name=\"frm_state\" type=\"hidden\" value=\"OA44cS3QqyxlPh73vXnqStKYogJ2UHqSbTaiCTHBbNE=\" \/><div class=\"frm_submit\">\r\n\r\n<button class=\"frm_button_submit frm_final_submit\" type=\"submit\"   formnovalidate=\"formnovalidate\">Submit<\/button>\r\n\r\n<\/div><\/div>\n<\/fieldset>\n<\/div>\n<\/form>\n<\/div>\n\t\t<\/div>\n\t\t\t\t<\/div>\n\t\t\t\t<div class=\"elementor-element elementor-element-461cd86 elementor-widget elementor-widget-spacer\" data-id=\"461cd86\" data-element_type=\"widget\" data-widget_type=\"spacer.default\">\n\t\t\t\t<div class=\"elementor-widget-container\">\n\t\t\t\t\t<div class=\"elementor-spacer\">\n\t\t\t<div class=\"elementor-spacer-inner\"><\/div>\n\t\t<\/div>\n\t\t\t\t<\/div>\n\t\t\t\t<\/div>\n\t\t\t\t\t<\/div>\n\t\t<\/div>\n\t\t\t\t\t\t\t<\/div>\n\t\t<\/section>\n\t\t\t\t\t<\/div>\n\t\t<\/div>\n\t\t\t\t\t\t\t<\/div>\n\t\t<\/section>\n\t\t\t\t\t\t\t<\/div>\n\t\t","protected":false},"excerpt":{"rendered":"<p>Foglalj Wisper Tesztvezet\u00e9st Ha szeretn\u00e9d, hogy megrendezz\u00fck sz\u00e1modra a tesztvezet\u00e9si id\u0151pontot b\u00e1rmelyik biciklinkkel, k\u00e9rj\u00fck, t\u00f6ltsd ki az al\u00e1bbi \u0171rlapot, \u00e9s mi gondoskodunk a r\u00e9szletekr\u0151l. Alternat\u00edv megold\u00e1sk\u00e9nt kattints az al\u00e1bbi keresked\u0151-keres\u0151 gombra, hogy megtal\u00e1ld a hozz\u00e1d legk\u00f6zelebb es\u0151 keresked\u0151t. Azok sz\u00e1m\u00e1ra, akik hosszabb tesztvezet\u00e9st szeretn\u00e9nek, m\u00e1r t\u00f6bb keresked\u0151nk is k\u00edn\u00e1l Wisper bicikliket b\u00e9rl\u00e9sre, k\u00e9rj\u00fck, KATTINTS IDE&hellip;<\/p>\n","protected":false},"author":279,"featured_media":0,"parent":0,"menu_order":0,"comment_status":"closed","ping_status":"closed","template":"","meta":[],"acf":[],"yoast_head":"<!-- This site is optimized with the Yoast SEO plugin v20.12 - https:\/\/yoast.com\/wordpress\/plugins\/seo\/ -->\n<title>Foglaljon egy Wisper Ebike Test Ride<\/title>\n<meta name=\"description\" content=\"A Wisper Ebike teszt \u00fatja lehet\u0151v\u00e9 teszi, hogy kipr\u00f3b\u00e1lhassa az egyik elektromos ker\u00e9kp\u00e1runkat. Csak l\u00e1togasson el weboldalunkra,\" \/>\n<meta name=\"robots\" content=\"index, follow, max-snippet:-1, max-image-preview:large, max-video-preview:-1\" \/>\n<link rel=\"canonical\" href=\"https:\/\/wisperbikes.com\/hu\/book-an-e-bike-test-ride\/\" \/>\n<meta property=\"og:locale\" content=\"hu_HU\" \/>\n<meta property=\"og:type\" content=\"article\" \/>\n<meta property=\"og:title\" content=\"Foglaljon egy Wisper Ebike Test Ride\" \/>\n<meta property=\"og:description\" content=\"A Wisper Ebike teszt \u00fatja lehet\u0151v\u00e9 teszi, hogy kipr\u00f3b\u00e1lhassa az egyik elektromos ker\u00e9kp\u00e1runkat. Csak l\u00e1togasson el weboldalunkra,\" \/>\n<meta property=\"og:url\" content=\"https:\/\/wisperbikes.com\/hu\/book-an-e-bike-test-ride\/\" \/>\n<meta property=\"og:site_name\" content=\"Wisper Bikes\" \/>\n<meta property=\"article:publisher\" content=\"https:\/\/www.facebook.com\/Amps.Bike\/\" \/>\n<meta property=\"article:modified_time\" content=\"2024-04-15T13:40:33+00:00\" \/>\n<meta name=\"twitter:card\" content=\"summary_large_image\" \/>\n<meta name=\"twitter:site\" content=\"@wisperebikes\" \/>\n<meta name=\"twitter:label1\" content=\"Becs\u00fclt olvas\u00e1si id\u0151\" \/>\n\t<meta name=\"twitter:data1\" content=\"1 perc\" \/>\n<script type=\"application\/ld+json\" class=\"yoast-schema-graph\">{\"@context\":\"https:\/\/schema.org\",\"@graph\":[{\"@type\":\"WebPage\",\"@id\":\"https:\/\/wisperbikes.com\/hu\/book-an-e-bike-test-ride\/\",\"url\":\"https:\/\/wisperbikes.com\/hu\/book-an-e-bike-test-ride\/\",\"name\":\"Foglaljon egy Wisper Ebike Test Ride\",\"isPartOf\":{\"@id\":\"https:\/\/wisperbikes.com\/hu\/#website\"},\"datePublished\":\"2017-08-13T17:06:07+00:00\",\"dateModified\":\"2024-04-15T13:40:33+00:00\",\"description\":\"A Wisper Ebike teszt \u00fatja lehet\u0151v\u00e9 teszi, hogy kipr\u00f3b\u00e1lhassa az egyik elektromos ker\u00e9kp\u00e1runkat. Csak l\u00e1togasson el weboldalunkra,\",\"breadcrumb\":{\"@id\":\"https:\/\/wisperbikes.com\/hu\/book-an-e-bike-test-ride\/#breadcrumb\"},\"inLanguage\":\"hu\",\"potentialAction\":[{\"@type\":\"ReadAction\",\"target\":[\"https:\/\/wisperbikes.com\/hu\/book-an-e-bike-test-ride\/\"]}]},{\"@type\":\"BreadcrumbList\",\"@id\":\"https:\/\/wisperbikes.com\/hu\/book-an-e-bike-test-ride\/#breadcrumb\",\"itemListElement\":[{\"@type\":\"ListItem\",\"position\":1,\"name\":\"Home\",\"item\":\"https:\/\/wisperbikes.com\/hu\/\"},{\"@type\":\"ListItem\",\"position\":2,\"name\":\"Book A Wisper Test Ride\"}]},{\"@type\":\"WebSite\",\"@id\":\"https:\/\/wisperbikes.com\/hu\/#website\",\"url\":\"https:\/\/wisperbikes.com\/hu\/\",\"name\":\"Wisper Bikes\",\"description\":\"Electric Bikes\",\"publisher\":{\"@id\":\"https:\/\/wisperbikes.com\/hu\/#organization\"},\"potentialAction\":[{\"@type\":\"SearchAction\",\"target\":{\"@type\":\"EntryPoint\",\"urlTemplate\":\"https:\/\/wisperbikes.com\/hu\/?s={search_term_string}\"},\"query-input\":\"required name=search_term_string\"}],\"inLanguage\":\"hu\"},{\"@type\":\"Organization\",\"@id\":\"https:\/\/wisperbikes.com\/hu\/#organization\",\"name\":\"Wisper Electric Bikes\",\"alternateName\":\"Wisper E-Bikes\",\"url\":\"https:\/\/wisperbikes.com\/hu\/\",\"logo\":{\"@type\":\"ImageObject\",\"inLanguage\":\"hu\",\"@id\":\"https:\/\/wisperbikes.com\/hu\/#\/schema\/logo\/image\/\",\"url\":\"https:\/\/wisperbikes.com\/hu\/wp-content\/uploads\/2021\/06\/WISPER-Logo.png\",\"contentUrl\":\"https:\/\/wisperbikes.com\/hu\/wp-content\/uploads\/2021\/06\/WISPER-Logo.png\",\"width\":250,\"height\":65,\"caption\":\"Wisper Electric Bikes\"},\"image\":{\"@id\":\"https:\/\/wisperbikes.com\/hu\/#\/schema\/logo\/image\/\"},\"sameAs\":[\"https:\/\/www.facebook.com\/Amps.Bike\/\",\"https:\/\/twitter.com\/wisperebikes\",\"https:\/\/www.instagram.com\/wisperbikes\/\"]}]}<\/script>\n<!-- \/ Yoast SEO plugin. -->","yoast_head_json":{"title":"Foglaljon egy Wisper Ebike Test Ride","description":"A Wisper Ebike teszt \u00fatja lehet\u0151v\u00e9 teszi, hogy kipr\u00f3b\u00e1lhassa az egyik elektromos ker\u00e9kp\u00e1runkat. Csak l\u00e1togasson el weboldalunkra,","robots":{"index":"index","follow":"follow","max-snippet":"max-snippet:-1","max-image-preview":"max-image-preview:large","max-video-preview":"max-video-preview:-1"},"canonical":"https:\/\/wisperbikes.com\/hu\/book-an-e-bike-test-ride\/","og_locale":"hu_HU","og_type":"article","og_title":"Foglaljon egy Wisper Ebike Test Ride","og_description":"A Wisper Ebike teszt \u00fatja lehet\u0151v\u00e9 teszi, hogy kipr\u00f3b\u00e1lhassa az egyik elektromos ker\u00e9kp\u00e1runkat. Csak l\u00e1togasson el weboldalunkra,","og_url":"https:\/\/wisperbikes.com\/hu\/book-an-e-bike-test-ride\/","og_site_name":"Wisper Bikes","article_publisher":"https:\/\/www.facebook.com\/Amps.Bike\/","article_modified_time":"2024-04-15T13:40:33+00:00","twitter_card":"summary_large_image","twitter_site":"@wisperebikes","twitter_misc":{"Becs\u00fclt olvas\u00e1si id\u0151":"1 perc"},"schema":{"@context":"https:\/\/schema.org","@graph":[{"@type":"WebPage","@id":"https:\/\/wisperbikes.com\/hu\/book-an-e-bike-test-ride\/","url":"https:\/\/wisperbikes.com\/hu\/book-an-e-bike-test-ride\/","name":"Foglaljon egy Wisper Ebike Test Ride","isPartOf":{"@id":"https:\/\/wisperbikes.com\/hu\/#website"},"datePublished":"2017-08-13T17:06:07+00:00","dateModified":"2024-04-15T13:40:33+00:00","description":"A Wisper Ebike teszt \u00fatja lehet\u0151v\u00e9 teszi, hogy kipr\u00f3b\u00e1lhassa az egyik elektromos ker\u00e9kp\u00e1runkat. Csak l\u00e1togasson el weboldalunkra,","breadcrumb":{"@id":"https:\/\/wisperbikes.com\/hu\/book-an-e-bike-test-ride\/#breadcrumb"},"inLanguage":"hu","potentialAction":[{"@type":"ReadAction","target":["https:\/\/wisperbikes.com\/hu\/book-an-e-bike-test-ride\/"]}]},{"@type":"BreadcrumbList","@id":"https:\/\/wisperbikes.com\/hu\/book-an-e-bike-test-ride\/#breadcrumb","itemListElement":[{"@type":"ListItem","position":1,"name":"Home","item":"https:\/\/wisperbikes.com\/hu\/"},{"@type":"ListItem","position":2,"name":"Book A Wisper Test Ride"}]},{"@type":"WebSite","@id":"https:\/\/wisperbikes.com\/hu\/#website","url":"https:\/\/wisperbikes.com\/hu\/","name":"Wisper Bikes","description":"Electric Bikes","publisher":{"@id":"https:\/\/wisperbikes.com\/hu\/#organization"},"potentialAction":[{"@type":"SearchAction","target":{"@type":"EntryPoint","urlTemplate":"https:\/\/wisperbikes.com\/hu\/?s={search_term_string}"},"query-input":"required name=search_term_string"}],"inLanguage":"hu"},{"@type":"Organization","@id":"https:\/\/wisperbikes.com\/hu\/#organization","name":"Wisper Electric Bikes","alternateName":"Wisper E-Bikes","url":"https:\/\/wisperbikes.com\/hu\/","logo":{"@type":"ImageObject","inLanguage":"hu","@id":"https:\/\/wisperbikes.com\/hu\/#\/schema\/logo\/image\/","url":"https:\/\/wisperbikes.com\/hu\/wp-content\/uploads\/2021\/06\/WISPER-Logo.png","contentUrl":"https:\/\/wisperbikes.com\/hu\/wp-content\/uploads\/2021\/06\/WISPER-Logo.png","width":250,"height":65,"caption":"Wisper Electric Bikes"},"image":{"@id":"https:\/\/wisperbikes.com\/hu\/#\/schema\/logo\/image\/"},"sameAs":["https:\/\/www.facebook.com\/Amps.Bike\/","https:\/\/twitter.com\/wisperebikes","https:\/\/www.instagram.com\/wisperbikes\/"]}]}},"_links":{"self":[{"href":"https:\/\/wisperbikes.com\/hu\/wp-json\/wp\/v2\/pages\/306"}],"collection":[{"href":"https:\/\/wisperbikes.com\/hu\/wp-json\/wp\/v2\/pages"}],"about":[{"href":"https:\/\/wisperbikes.com\/hu\/wp-json\/wp\/v2\/types\/page"}],"author":[{"embeddable":true,"href":"https:\/\/wisperbikes.com\/hu\/wp-json\/wp\/v2\/users\/279"}],"replies":[{"embeddable":true,"href":"https:\/\/wisperbikes.com\/hu\/wp-json\/wp\/v2\/comments?post=306"}],"version-history":[{"count":8,"href":"https:\/\/wisperbikes.com\/hu\/wp-json\/wp\/v2\/pages\/306\/revisions"}],"predecessor-version":[{"id":40959,"href":"https:\/\/wisperbikes.com\/hu\/wp-json\/wp\/v2\/pages\/306\/revisions\/40959"}],"wp:attachment":[{"href":"https:\/\/wisperbikes.com\/hu\/wp-json\/wp\/v2\/media?parent=306"}],"curies":[{"name":"wp","href":"https:\/\/api.w.org\/{rel}","templated":true}]}}