{"id":308,"date":"2017-12-13T17:06:24","date_gmt":"2017-12-13T17:06:24","guid":{"rendered":"https:\/\/wisperbikes.com\/hu\/?page_id=308"},"modified":"2024-04-17T12:13:35","modified_gmt":"2024-04-17T12:13:35","slug":"become-a-wisper-dealer","status":"publish","type":"page","link":"https:\/\/wisperbikes.com\/hu\/become-a-wisper-dealer\/","title":{"rendered":"Thinking of becoming a Wisper dealer?"},"content":{"rendered":"\t\t<div data-elementor-type=\"wp-page\" data-elementor-id=\"308\" class=\"elementor elementor-308\" data-elementor-post-type=\"page\">\n\t\t\t\t\t\t\t\t\t<section class=\"elementor-section elementor-top-section elementor-element elementor-element-40b363e elementor-section-full_width elementor-section-stretched elementor-section-height-default elementor-section-height-default\" data-id=\"40b363e\" data-element_type=\"section\" data-settings=\"{&quot;stretch_section&quot;:&quot;section-stretched&quot;}\">\n\t\t\t\t\t\t<div class=\"elementor-container elementor-column-gap-default\">\n\t\t\t\t\t<div class=\"elementor-column elementor-col-100 elementor-top-column elementor-element elementor-element-3382d15\" data-id=\"3382d15\" data-element_type=\"column\">\n\t\t\t<div class=\"elementor-widget-wrap elementor-element-populated\">\n\t\t\t\t\t\t\t\t<section class=\"elementor-section elementor-inner-section elementor-element elementor-element-8d7122a elementor-section-boxed elementor-section-height-default elementor-section-height-default\" data-id=\"8d7122a\" data-element_type=\"section\">\n\t\t\t\t\t\t<div class=\"elementor-container elementor-column-gap-default\">\n\t\t\t\t\t<div class=\"elementor-column elementor-col-100 elementor-inner-column elementor-element elementor-element-d0a4f3f\" data-id=\"d0a4f3f\" data-element_type=\"column\">\n\t\t\t<div class=\"elementor-widget-wrap elementor-element-populated\">\n\t\t\t\t\t\t\t\t<div class=\"elementor-element elementor-element-4923fdf elementor-widget elementor-widget-text-editor\" data-id=\"4923fdf\" data-element_type=\"widget\" data-widget_type=\"text-editor.default\">\n\t\t\t\t<div class=\"elementor-widget-container\">\n\t\t\t\t\t\t\t<p><span data-sheets-value=\"{&quot;1&quot;:2,&quot;2&quot;:&quot;Sz\u00edvesen besz\u00e9lgetn\u00e9nk professzion\u00e1lis ker\u00e9kp\u00e1rkeresked\u0151kkel \u00e9s elektromos ker\u00e9kp\u00e1r szak\u00e9rt\u0151kkel&quot;}\" data-sheets-userformat=\"{&quot;2&quot;:15171,&quot;3&quot;:{&quot;1&quot;:0},&quot;4&quot;:{&quot;1&quot;:2,&quot;2&quot;:16777215},&quot;9&quot;:0,&quot;11&quot;:3,&quot;12&quot;:0,&quot;14&quot;:{&quot;1&quot;:2,&quot;2&quot;:0},&quot;15&quot;:&quot;Rubik, sans-serif&quot;,&quot;16&quot;:12}\">Sz\u00edvesen besz\u00e9lgetn\u00e9nk professzion\u00e1lis ker\u00e9kp\u00e1rkeresked\u0151kkel \u00e9s elektromos ker\u00e9kp\u00e1r szak\u00e9rt\u0151kkel<\/span><\/p>\t\t\t\t\t\t<\/div>\n\t\t\t\t<\/div>\n\t\t\t\t<div class=\"elementor-element elementor-element-6014357 elementor-widget elementor-widget-text-editor\" data-id=\"6014357\" data-element_type=\"widget\" data-widget_type=\"text-editor.default\">\n\t\t\t\t<div class=\"elementor-widget-container\">\n\t\t\t\t\t\t\t<p><span data-sheets-value=\"{&quot;1&quot;:2,&quot;2&quot;:&quot;Az Egyes\u00fclt Kir\u00e1lys\u00e1gban \u00e9s \u00cdrorsz\u00e1gban&quot;}\" data-sheets-userformat=\"{&quot;2&quot;:15171,&quot;3&quot;:{&quot;1&quot;:0},&quot;4&quot;:{&quot;1&quot;:2,&quot;2&quot;:16777215},&quot;9&quot;:0,&quot;11&quot;:3,&quot;12&quot;:0,&quot;14&quot;:{&quot;1&quot;:2,&quot;2&quot;:0},&quot;15&quot;:&quot;Rubik, sans-serif&quot;,&quot;16&quot;:12}\">Az Egyes\u00fclt Kir\u00e1lys\u00e1gban \u00e9s \u00cdrorsz\u00e1gban<\/span><\/p>\t\t\t\t\t\t<\/div>\n\t\t\t\t<\/div>\n\t\t\t\t<div class=\"elementor-element elementor-element-777c1c2 elementor-widget elementor-widget-text-editor\" data-id=\"777c1c2\" data-element_type=\"widget\" data-widget_type=\"text-editor.default\">\n\t\t\t\t<div class=\"elementor-widget-container\">\n\t\t\t\t\t\t\t<p><span data-sheets-value=\"{&quot;1&quot;:2,&quot;2&quot;:&quot;Els\u0151 oszt\u00e1ly\u00fa \u00e9s professzion\u00e1lis ker\u00e9kp\u00e1rkeresked\u0151ket \u00e9s elektromos ker\u00e9kp\u00e1r szak\u00e9rt\u0151ket keres\u00fcnk, hogy a Wisper ker\u00e9kp\u00e1rokat b\u00e1rhol el\u00e9rhet\u0151v\u00e9 tegy\u00fck az Egyes\u00fclt Kir\u00e1lys\u00e1gban. Ha \u00e9rdekli a Wisper keresked\u0151v\u00e9 v\u00e1l\u00e1s, k\u00e9rj\u00fck, k\u00fcldj\u00f6n e-mailt az info@wisperbikes.com c\u00edmre, vagy h\u00edvja a 01732 762393-as telefonsz\u00e1mot.&quot;}\" data-sheets-userformat=\"{&quot;2&quot;:15171,&quot;3&quot;:{&quot;1&quot;:0},&quot;4&quot;:{&quot;1&quot;:2,&quot;2&quot;:16777215},&quot;9&quot;:0,&quot;11&quot;:3,&quot;12&quot;:0,&quot;14&quot;:{&quot;1&quot;:2,&quot;2&quot;:0},&quot;15&quot;:&quot;Rubik, sans-serif&quot;,&quot;16&quot;:12}\">Els\u0151 oszt\u00e1ly\u00fa \u00e9s professzion\u00e1lis ker\u00e9kp\u00e1rkeresked\u0151ket \u00e9s elektromos ker\u00e9kp\u00e1r szak\u00e9rt\u0151ket keres\u00fcnk, hogy a Wisper ker\u00e9kp\u00e1rokat b\u00e1rhol el\u00e9rhet\u0151v\u00e9 tegy\u00fck az Egyes\u00fclt Kir\u00e1lys\u00e1gban. Ha \u00e9rdekli a Wisper keresked\u0151v\u00e9 v\u00e1l\u00e1s, k\u00e9rj\u00fck, k\u00fcldj\u00f6n e-mailt az <a href=\"mailto:info@wisperbikes.com\">info@wisperbikes.com<\/a> c\u00edmre, vagy h\u00edvja a 01732 762393-as telefonsz\u00e1mot.<\/span><\/p>\t\t\t\t\t\t<\/div>\n\t\t\t\t<\/div>\n\t\t\t\t<div class=\"elementor-element elementor-element-4b2f9b0 elementor-widget elementor-widget-text-editor\" data-id=\"4b2f9b0\" data-element_type=\"widget\" data-widget_type=\"text-editor.default\">\n\t\t\t\t<div class=\"elementor-widget-container\">\n\t\t\t\t\t\t\t<p><span data-sheets-value=\"{&quot;1&quot;:2,&quot;2&quot;:&quot;Eur\u00f3pa \u00e9s a vil\u00e1g t\u00f6bbi r\u00e9sze.&quot;}\" data-sheets-userformat=\"{&quot;2&quot;:15171,&quot;3&quot;:{&quot;1&quot;:0},&quot;4&quot;:{&quot;1&quot;:2,&quot;2&quot;:16777215},&quot;9&quot;:0,&quot;11&quot;:3,&quot;12&quot;:0,&quot;14&quot;:{&quot;1&quot;:2,&quot;2&quot;:0},&quot;15&quot;:&quot;Rubik, sans-serif&quot;,&quot;16&quot;:12}\">Eur\u00f3pa \u00e9s a vil\u00e1g t\u00f6bbi r\u00e9sze.<\/span><\/p>\t\t\t\t\t\t<\/div>\n\t\t\t\t<\/div>\n\t\t\t\t<div class=\"elementor-element elementor-element-7bb23a2 elementor-widget elementor-widget-text-editor\" data-id=\"7bb23a2\" data-element_type=\"widget\" data-widget_type=\"text-editor.default\">\n\t\t\t\t<div class=\"elementor-widget-container\">\n\t\t\t\t\t\t\t<p><span data-sheets-value=\"{&quot;1&quot;:2,&quot;2&quot;:&quot;Eur\u00f3p\u00e1ban \u00e9s a vil\u00e1g t\u00f6bbi r\u00e9sz\u00e9n partnerekre van sz\u00fcks\u00e9g\u00fcnk, akik Wisper ker\u00e9kp\u00e1rokat sz\u00e1ll\u00edtanak a ker\u00e9kp\u00e1rkeresked\u0151knek saj\u00e1t orsz\u00e1gukban vagy ter\u00fclet\u00fck\u00f6n. Ha szeretne megvitatni egy hossz\u00fa t\u00e1v\u00fa partners\u00e9g kialak\u00edt\u00e1s\u00e1t az egyik legtapasztaltabb elektromos ker\u00e9kp\u00e1r c\u00e9ggel a vil\u00e1gon, k\u00e9rj\u00fck, k\u00fcldj\u00f6n e-mailt az info@wisperbikes.com c\u00edmre, vagy h\u00edvja a +44 1732 762393-as telefonsz\u00e1mot.&quot;}\" data-sheets-userformat=\"{&quot;2&quot;:15171,&quot;3&quot;:{&quot;1&quot;:0},&quot;4&quot;:{&quot;1&quot;:2,&quot;2&quot;:16777215},&quot;9&quot;:0,&quot;11&quot;:3,&quot;12&quot;:0,&quot;14&quot;:{&quot;1&quot;:2,&quot;2&quot;:0},&quot;15&quot;:&quot;Rubik, sans-serif&quot;,&quot;16&quot;:12}\">Eur\u00f3p\u00e1ban \u00e9s a vil\u00e1g t\u00f6bbi r\u00e9sz\u00e9n partnerekre van sz\u00fcks\u00e9g\u00fcnk, akik Wisper ker\u00e9kp\u00e1rokat sz\u00e1ll\u00edtanak a ker\u00e9kp\u00e1rkeresked\u0151knek saj\u00e1t orsz\u00e1gukban vagy ter\u00fclet\u00fck\u00f6n. Ha szeretne megvitatni egy hossz\u00fa t\u00e1v\u00fa partners\u00e9g kialak\u00edt\u00e1s\u00e1t az egyik legtapasztaltabb elektromos ker\u00e9kp\u00e1r c\u00e9ggel a vil\u00e1gon, k\u00e9rj\u00fck, k\u00fcldj\u00f6n e-mailt az <a href=\"mailto:info@wisperbikes.com\">info@wisperbikes.com<\/a> c\u00edmre, vagy h\u00edvja a +44 1732 762393-as telefonsz\u00e1mot.<\/span><\/p><p><span data-sheets-value=\"{&quot;1&quot;:2,&quot;2&quot;:&quot;V\u00e1rjuk jelentkez\u00e9s\u00e9t.&quot;}\" data-sheets-userformat=\"{&quot;2&quot;:15171,&quot;3&quot;:{&quot;1&quot;:0},&quot;4&quot;:{&quot;1&quot;:2,&quot;2&quot;:16777215},&quot;9&quot;:0,&quot;11&quot;:3,&quot;12&quot;:0,&quot;14&quot;:{&quot;1&quot;:2,&quot;2&quot;:0},&quot;15&quot;:&quot;Rubik, sans-serif&quot;,&quot;16&quot;:12}\">V\u00e1rjuk jelentkez\u00e9s\u00e9t.<\/span><\/p>\t\t\t\t\t\t<\/div>\n\t\t\t\t<\/div>\n\t\t\t\t\t<\/div>\n\t\t<\/div>\n\t\t\t\t\t\t\t<\/div>\n\t\t<\/section>\n\t\t\t\t\t<\/div>\n\t\t<\/div>\n\t\t\t\t\t\t\t<\/div>\n\t\t<\/section>\n\t\t\t\t\t\t\t<\/div>\n\t\t","protected":false},"excerpt":{"rendered":"<p>Sz\u00edvesen besz\u00e9lgetn\u00e9nk professzion\u00e1lis ker\u00e9kp\u00e1rkeresked\u0151kkel \u00e9s elektromos ker\u00e9kp\u00e1r szak\u00e9rt\u0151kkel Az Egyes\u00fclt Kir\u00e1lys\u00e1gban \u00e9s \u00cdrorsz\u00e1gban Els\u0151 oszt\u00e1ly\u00fa \u00e9s professzion\u00e1lis ker\u00e9kp\u00e1rkeresked\u0151ket \u00e9s elektromos ker\u00e9kp\u00e1r szak\u00e9rt\u0151ket keres\u00fcnk, hogy a Wisper ker\u00e9kp\u00e1rokat b\u00e1rhol el\u00e9rhet\u0151v\u00e9 tegy\u00fck az Egyes\u00fclt Kir\u00e1lys\u00e1gban. Ha \u00e9rdekli a Wisper keresked\u0151v\u00e9 v\u00e1l\u00e1s, k\u00e9rj\u00fck, k\u00fcldj\u00f6n e-mailt az info@wisperbikes.com c\u00edmre, vagy h\u00edvja a 01732 762393-as telefonsz\u00e1mot. Eur\u00f3pa \u00e9s a vil\u00e1g&hellip;<\/p>\n","protected":false},"author":279,"featured_media":0,"parent":0,"menu_order":0,"comment_status":"closed","ping_status":"closed","template":"","meta":[],"acf":[],"yoast_head":"<!-- This site is optimized with the Yoast SEO plugin v20.12 - https:\/\/yoast.com\/wordpress\/plugins\/seo\/ -->\n<title>Legyen Wisper Bikes keresked\u0151 | Botr\u00e1nyos elektromos ker\u00e9kp\u00e1rok<\/title>\n<meta name=\"description\" content=\"Keres\u00fcnk els\u0151 oszt\u00e1ly\u00fa, szak\u00e9rt\u0151 ker\u00e9kp\u00e1r- \u00e9s elektromos ker\u00e9kp\u00e1r-keresked\u0151ket, hogy a biciklik b\u00e1rhol el\u00e9rhet\u0151v\u00e9 v\u00e1ljanak. Jelentkezz most!\" \/>\n<meta name=\"robots\" content=\"index, follow, max-snippet:-1, max-image-preview:large, max-video-preview:-1\" \/>\n<link rel=\"canonical\" href=\"https:\/\/wisperbikes.com\/hu\/become-a-wisper-dealer\/\" \/>\n<meta property=\"og:locale\" content=\"hu_HU\" \/>\n<meta property=\"og:type\" content=\"article\" \/>\n<meta property=\"og:title\" content=\"Legyen Wisper Bikes keresked\u0151 | Botr\u00e1nyos elektromos ker\u00e9kp\u00e1rok\" \/>\n<meta property=\"og:description\" content=\"Keres\u00fcnk els\u0151 oszt\u00e1ly\u00fa, szak\u00e9rt\u0151 ker\u00e9kp\u00e1r- \u00e9s elektromos ker\u00e9kp\u00e1r-keresked\u0151ket, hogy a biciklik b\u00e1rhol el\u00e9rhet\u0151v\u00e9 v\u00e1ljanak. Jelentkezz most!\" \/>\n<meta property=\"og:url\" content=\"https:\/\/wisperbikes.com\/hu\/become-a-wisper-dealer\/\" \/>\n<meta property=\"og:site_name\" content=\"Wisper Bikes\" \/>\n<meta property=\"article:publisher\" content=\"https:\/\/www.facebook.com\/Amps.Bike\/\" \/>\n<meta property=\"article:modified_time\" content=\"2024-04-17T12:13:35+00:00\" \/>\n<meta name=\"twitter:card\" content=\"summary_large_image\" \/>\n<meta name=\"twitter:site\" content=\"@wisperebikes\" \/>\n<meta name=\"twitter:label1\" content=\"Becs\u00fclt olvas\u00e1si id\u0151\" \/>\n\t<meta name=\"twitter:data1\" content=\"1 perc\" \/>\n<script type=\"application\/ld+json\" class=\"yoast-schema-graph\">{\"@context\":\"https:\/\/schema.org\",\"@graph\":[{\"@type\":\"WebPage\",\"@id\":\"https:\/\/wisperbikes.com\/hu\/become-a-wisper-dealer\/\",\"url\":\"https:\/\/wisperbikes.com\/hu\/become-a-wisper-dealer\/\",\"name\":\"Legyen Wisper Bikes keresked\u0151 | Botr\u00e1nyos elektromos ker\u00e9kp\u00e1rok\",\"isPartOf\":{\"@id\":\"https:\/\/wisperbikes.com\/hu\/#website\"},\"datePublished\":\"2017-12-13T17:06:24+00:00\",\"dateModified\":\"2024-04-17T12:13:35+00:00\",\"description\":\"Keres\u00fcnk els\u0151 oszt\u00e1ly\u00fa, szak\u00e9rt\u0151 ker\u00e9kp\u00e1r- \u00e9s elektromos ker\u00e9kp\u00e1r-keresked\u0151ket, hogy a biciklik b\u00e1rhol el\u00e9rhet\u0151v\u00e9 v\u00e1ljanak. Jelentkezz most!\",\"breadcrumb\":{\"@id\":\"https:\/\/wisperbikes.com\/hu\/become-a-wisper-dealer\/#breadcrumb\"},\"inLanguage\":\"hu\",\"potentialAction\":[{\"@type\":\"ReadAction\",\"target\":[\"https:\/\/wisperbikes.com\/hu\/become-a-wisper-dealer\/\"]}]},{\"@type\":\"BreadcrumbList\",\"@id\":\"https:\/\/wisperbikes.com\/hu\/become-a-wisper-dealer\/#breadcrumb\",\"itemListElement\":[{\"@type\":\"ListItem\",\"position\":1,\"name\":\"Home\",\"item\":\"https:\/\/wisperbikes.com\/hu\/\"},{\"@type\":\"ListItem\",\"position\":2,\"name\":\"Thinking of becoming a Wisper dealer?\"}]},{\"@type\":\"WebSite\",\"@id\":\"https:\/\/wisperbikes.com\/hu\/#website\",\"url\":\"https:\/\/wisperbikes.com\/hu\/\",\"name\":\"Wisper Bikes\",\"description\":\"Electric Bikes\",\"publisher\":{\"@id\":\"https:\/\/wisperbikes.com\/hu\/#organization\"},\"potentialAction\":[{\"@type\":\"SearchAction\",\"target\":{\"@type\":\"EntryPoint\",\"urlTemplate\":\"https:\/\/wisperbikes.com\/hu\/?s={search_term_string}\"},\"query-input\":\"required name=search_term_string\"}],\"inLanguage\":\"hu\"},{\"@type\":\"Organization\",\"@id\":\"https:\/\/wisperbikes.com\/hu\/#organization\",\"name\":\"Wisper Electric Bikes\",\"alternateName\":\"Wisper E-Bikes\",\"url\":\"https:\/\/wisperbikes.com\/hu\/\",\"logo\":{\"@type\":\"ImageObject\",\"inLanguage\":\"hu\",\"@id\":\"https:\/\/wisperbikes.com\/hu\/#\/schema\/logo\/image\/\",\"url\":\"https:\/\/wisperbikes.com\/hu\/wp-content\/uploads\/2021\/06\/WISPER-Logo.png\",\"contentUrl\":\"https:\/\/wisperbikes.com\/hu\/wp-content\/uploads\/2021\/06\/WISPER-Logo.png\",\"width\":250,\"height\":65,\"caption\":\"Wisper Electric Bikes\"},\"image\":{\"@id\":\"https:\/\/wisperbikes.com\/hu\/#\/schema\/logo\/image\/\"},\"sameAs\":[\"https:\/\/www.facebook.com\/Amps.Bike\/\",\"https:\/\/twitter.com\/wisperebikes\",\"https:\/\/www.instagram.com\/wisperbikes\/\"]}]}<\/script>\n<!-- \/ Yoast SEO plugin. -->","yoast_head_json":{"title":"Legyen Wisper Bikes keresked\u0151 | Botr\u00e1nyos elektromos ker\u00e9kp\u00e1rok","description":"Keres\u00fcnk els\u0151 oszt\u00e1ly\u00fa, szak\u00e9rt\u0151 ker\u00e9kp\u00e1r- \u00e9s elektromos ker\u00e9kp\u00e1r-keresked\u0151ket, hogy a biciklik b\u00e1rhol el\u00e9rhet\u0151v\u00e9 v\u00e1ljanak. Jelentkezz most!","robots":{"index":"index","follow":"follow","max-snippet":"max-snippet:-1","max-image-preview":"max-image-preview:large","max-video-preview":"max-video-preview:-1"},"canonical":"https:\/\/wisperbikes.com\/hu\/become-a-wisper-dealer\/","og_locale":"hu_HU","og_type":"article","og_title":"Legyen Wisper Bikes keresked\u0151 | Botr\u00e1nyos elektromos ker\u00e9kp\u00e1rok","og_description":"Keres\u00fcnk els\u0151 oszt\u00e1ly\u00fa, szak\u00e9rt\u0151 ker\u00e9kp\u00e1r- \u00e9s elektromos ker\u00e9kp\u00e1r-keresked\u0151ket, hogy a biciklik b\u00e1rhol el\u00e9rhet\u0151v\u00e9 v\u00e1ljanak. Jelentkezz most!","og_url":"https:\/\/wisperbikes.com\/hu\/become-a-wisper-dealer\/","og_site_name":"Wisper Bikes","article_publisher":"https:\/\/www.facebook.com\/Amps.Bike\/","article_modified_time":"2024-04-17T12:13:35+00:00","twitter_card":"summary_large_image","twitter_site":"@wisperebikes","twitter_misc":{"Becs\u00fclt olvas\u00e1si id\u0151":"1 perc"},"schema":{"@context":"https:\/\/schema.org","@graph":[{"@type":"WebPage","@id":"https:\/\/wisperbikes.com\/hu\/become-a-wisper-dealer\/","url":"https:\/\/wisperbikes.com\/hu\/become-a-wisper-dealer\/","name":"Legyen Wisper Bikes keresked\u0151 | Botr\u00e1nyos elektromos ker\u00e9kp\u00e1rok","isPartOf":{"@id":"https:\/\/wisperbikes.com\/hu\/#website"},"datePublished":"2017-12-13T17:06:24+00:00","dateModified":"2024-04-17T12:13:35+00:00","description":"Keres\u00fcnk els\u0151 oszt\u00e1ly\u00fa, szak\u00e9rt\u0151 ker\u00e9kp\u00e1r- \u00e9s elektromos ker\u00e9kp\u00e1r-keresked\u0151ket, hogy a biciklik b\u00e1rhol el\u00e9rhet\u0151v\u00e9 v\u00e1ljanak. Jelentkezz most!","breadcrumb":{"@id":"https:\/\/wisperbikes.com\/hu\/become-a-wisper-dealer\/#breadcrumb"},"inLanguage":"hu","potentialAction":[{"@type":"ReadAction","target":["https:\/\/wisperbikes.com\/hu\/become-a-wisper-dealer\/"]}]},{"@type":"BreadcrumbList","@id":"https:\/\/wisperbikes.com\/hu\/become-a-wisper-dealer\/#breadcrumb","itemListElement":[{"@type":"ListItem","position":1,"name":"Home","item":"https:\/\/wisperbikes.com\/hu\/"},{"@type":"ListItem","position":2,"name":"Thinking of becoming a Wisper dealer?"}]},{"@type":"WebSite","@id":"https:\/\/wisperbikes.com\/hu\/#website","url":"https:\/\/wisperbikes.com\/hu\/","name":"Wisper Bikes","description":"Electric Bikes","publisher":{"@id":"https:\/\/wisperbikes.com\/hu\/#organization"},"potentialAction":[{"@type":"SearchAction","target":{"@type":"EntryPoint","urlTemplate":"https:\/\/wisperbikes.com\/hu\/?s={search_term_string}"},"query-input":"required name=search_term_string"}],"inLanguage":"hu"},{"@type":"Organization","@id":"https:\/\/wisperbikes.com\/hu\/#organization","name":"Wisper Electric Bikes","alternateName":"Wisper E-Bikes","url":"https:\/\/wisperbikes.com\/hu\/","logo":{"@type":"ImageObject","inLanguage":"hu","@id":"https:\/\/wisperbikes.com\/hu\/#\/schema\/logo\/image\/","url":"https:\/\/wisperbikes.com\/hu\/wp-content\/uploads\/2021\/06\/WISPER-Logo.png","contentUrl":"https:\/\/wisperbikes.com\/hu\/wp-content\/uploads\/2021\/06\/WISPER-Logo.png","width":250,"height":65,"caption":"Wisper Electric Bikes"},"image":{"@id":"https:\/\/wisperbikes.com\/hu\/#\/schema\/logo\/image\/"},"sameAs":["https:\/\/www.facebook.com\/Amps.Bike\/","https:\/\/twitter.com\/wisperebikes","https:\/\/www.instagram.com\/wisperbikes\/"]}]}},"_links":{"self":[{"href":"https:\/\/wisperbikes.com\/hu\/wp-json\/wp\/v2\/pages\/308"}],"collection":[{"href":"https:\/\/wisperbikes.com\/hu\/wp-json\/wp\/v2\/pages"}],"about":[{"href":"https:\/\/wisperbikes.com\/hu\/wp-json\/wp\/v2\/types\/page"}],"author":[{"embeddable":true,"href":"https:\/\/wisperbikes.com\/hu\/wp-json\/wp\/v2\/users\/279"}],"replies":[{"embeddable":true,"href":"https:\/\/wisperbikes.com\/hu\/wp-json\/wp\/v2\/comments?post=308"}],"version-history":[{"count":7,"href":"https:\/\/wisperbikes.com\/hu\/wp-json\/wp\/v2\/pages\/308\/revisions"}],"predecessor-version":[{"id":40990,"href":"https:\/\/wisperbikes.com\/hu\/wp-json\/wp\/v2\/pages\/308\/revisions\/40990"}],"wp:attachment":[{"href":"https:\/\/wisperbikes.com\/hu\/wp-json\/wp\/v2\/media?parent=308"}],"curies":[{"name":"wp","href":"https:\/\/api.w.org\/{rel}","templated":true}]}}