{"id":310,"date":"2017-11-13T17:06:51","date_gmt":"2017-11-13T17:06:51","guid":{"rendered":"https:\/\/wisperbikes.com\/hu\/?page_id=310"},"modified":"2024-04-22T15:26:27","modified_gmt":"2024-04-22T15:26:27","slug":"international-distributors","status":"publish","type":"page","link":"https:\/\/wisperbikes.com\/hu\/international-distributors\/","title":{"rendered":"International Distributors"},"content":{"rendered":"\t\t<div data-elementor-type=\"wp-page\" data-elementor-id=\"310\" class=\"elementor elementor-310\" data-elementor-post-type=\"page\">\n\t\t\t\t\t\t\t\t\t<section class=\"elementor-section elementor-top-section elementor-element elementor-element-2607a64 elementor-section-full_width elementor-section-stretched elementor-section-height-default elementor-section-height-default\" data-id=\"2607a64\" data-element_type=\"section\" data-settings=\"{&quot;stretch_section&quot;:&quot;section-stretched&quot;}\">\n\t\t\t\t\t\t<div class=\"elementor-container elementor-column-gap-default\">\n\t\t\t\t\t<div class=\"elementor-column elementor-col-100 elementor-top-column elementor-element elementor-element-aa412ae\" data-id=\"aa412ae\" data-element_type=\"column\">\n\t\t\t<div class=\"elementor-widget-wrap elementor-element-populated\">\n\t\t\t\t\t\t\t\t<section class=\"elementor-section elementor-inner-section elementor-element elementor-element-08d8b68 elementor-section-boxed elementor-section-height-default elementor-section-height-default\" data-id=\"08d8b68\" data-element_type=\"section\">\n\t\t\t\t\t\t<div class=\"elementor-container elementor-column-gap-default\">\n\t\t\t\t\t<div class=\"elementor-column elementor-col-100 elementor-inner-column elementor-element elementor-element-bb6ecf3\" data-id=\"bb6ecf3\" data-element_type=\"column\">\n\t\t\t<div class=\"elementor-widget-wrap elementor-element-populated\">\n\t\t\t\t\t\t\t\t<div class=\"elementor-element elementor-element-651fef4 elementor-widget elementor-widget-heading\" data-id=\"651fef4\" data-element_type=\"widget\" data-widget_type=\"heading.default\">\n\t\t\t\t<div class=\"elementor-widget-container\">\n\t\t\t<h1 class=\"elementor-heading-title elementor-size-large\">Wisper el\u00e9rhet\u0151s\u00e9g<\/h1>\t\t<\/div>\n\t\t\t\t<\/div>\n\t\t\t\t<div class=\"elementor-element elementor-element-73eb67ab elementor-widget elementor-widget-text-editor\" data-id=\"73eb67ab\" data-element_type=\"widget\" data-widget_type=\"text-editor.default\">\n\t\t\t\t<div class=\"elementor-widget-container\">\n\t\t\t\t\t\t\t<div class=\"vc_row wpb_row vc_row-fluid\">\n<div class=\"wpb_column vc_column_container vc_col-sm-12\">\n<div class=\"vc_column-inner\">\n<div class=\"wpb_wrapper\">\n<div class=\"wpb_text_column wpb_content_element lead\">\n<div class=\"wpb_wrapper\">\n<p><span data-sheets-value=\"{&quot;1&quot;:2,&quot;2&quot;:&quot;A Wisper ker\u00e9kp\u00e1rok jelenleg a k\u00f6vetkez\u0151 orsz\u00e1gokban \u00e9rhet\u0151ek el az Egyes\u00fclt Kir\u00e1lys\u00e1gon k\u00edv\u00fcl: \u00daj-Z\u00e9land, Hollandia, Magyarorsz\u00e1g, N\u00e9metorsz\u00e1g, Portug\u00e1lia \u00e9s D\u00e1nia. R\u00e9szletek\u00e9rt, k\u00e9rj\u00fck, l\u00e9pjen kapcsolatba vel\u00fcnk.&quot;}\" data-sheets-userformat=\"{&quot;2&quot;:15171,&quot;3&quot;:{&quot;1&quot;:0},&quot;4&quot;:{&quot;1&quot;:2,&quot;2&quot;:16777215},&quot;9&quot;:0,&quot;11&quot;:3,&quot;12&quot;:0,&quot;14&quot;:{&quot;1&quot;:2,&quot;2&quot;:0},&quot;15&quot;:&quot;Rubik, sans-serif&quot;,&quot;16&quot;:12}\">A Wisper ker\u00e9kp\u00e1rok jelenleg a k\u00f6vetkez\u0151 orsz\u00e1gokban \u00e9rhet\u0151ek el az Egyes\u00fclt Kir\u00e1lys\u00e1gon k\u00edv\u00fcl: \u00daj-Z\u00e9land, Hollandia, Magyarorsz\u00e1g, N\u00e9metorsz\u00e1g, Portug\u00e1lia \u00e9s D\u00e1nia. R\u00e9szletek\u00e9rt, k\u00e9rj\u00fck, l\u00e9pjen kapcsolatba vel\u00fcnk.<\/span><\/p>\n<\/div>\n<\/div>\n<\/div>\n<\/div>\n<\/div>\n<\/div>\n<div class=\"vc_row wpb_row vc_row-fluid\">\n<div class=\"wpb_column vc_column_container vc_col-sm-12\">\n<div class=\"vc_column-inner\">\n<div class=\"wpb_wrapper\">\n<div class=\"wpb_text_column wpb_content_element \">\n<div class=\"wpb_wrapper\">\n<p><span data-sheets-value=\"{&quot;1&quot;:2,&quot;2&quot;:&quot;A nemzeti oldalakhoz vezet\u0151 linkek al\u00e1bb tal\u00e1lhat\u00f3k:&quot;}\" data-sheets-userformat=\"{&quot;2&quot;:15171,&quot;3&quot;:{&quot;1&quot;:0},&quot;4&quot;:{&quot;1&quot;:2,&quot;2&quot;:16777215},&quot;9&quot;:0,&quot;11&quot;:3,&quot;12&quot;:0,&quot;14&quot;:{&quot;1&quot;:2,&quot;2&quot;:0},&quot;15&quot;:&quot;Rubik, sans-serif&quot;,&quot;16&quot;:12}\">A nemzeti oldalakhoz vezet\u0151 linkek al\u00e1bb tal\u00e1lhat\u00f3k:<\/span><\/p>\n<p>Portugal \u2013&nbsp;<a href=\"https:\/\/wisperbikes.com\/hu\/pt\/\">https:\/\/wisperbikes.com\/pt\/<\/a><\/p>\n<p>New Zealand \u2013&nbsp;<a href=\"https:\/\/wisperbikes.com\/hu\/nz\/\">https:\/\/wisperbikes.com\/nz\/<\/a><\/p>\n<p>Denmark \u2013&nbsp;<a href=\"https:\/\/wisperbikes.com\/hu\/dk\/\">https:\/\/wisperbikes.com\/dk\/<\/a><\/p>\n<p>Germany \u2013&nbsp;<a href=\"https:\/\/wisperbikes.com\/hu\/hu\/\">https:\/\/wisperbikes.com\/de\/<\/a><\/p>\n<\/div>\n<\/div>\n<\/div>\n<\/div>\n<\/div>\n<\/div>\t\t\t\t\t\t<\/div>\n\t\t\t\t<\/div>\n\t\t\t\t<div class=\"elementor-element elementor-element-f795728 elementor-widget elementor-widget-heading\" data-id=\"f795728\" data-element_type=\"widget\" data-widget_type=\"heading.default\">\n\t\t\t\t<div class=\"elementor-widget-container\">\n\t\t\t<h2 class=\"elementor-heading-title elementor-size-default\">Keres\u00fcnk disztrib\u00fatorokat<\/h2>\t\t<\/div>\n\t\t\t\t<\/div>\n\t\t\t\t<div class=\"elementor-element elementor-element-b8f19e5 elementor-widget elementor-widget-text-editor\" data-id=\"b8f19e5\" data-element_type=\"widget\" data-widget_type=\"text-editor.default\">\n\t\t\t\t<div class=\"elementor-widget-container\">\n\t\t\t\t\t\t\t<p><span data-sheets-value=\"{&quot;1&quot;:2,&quot;2&quot;:&quot;Partnereket keres\u00fcnk Eur\u00f3p\u00e1ban \u00e9s a vil\u00e1g t\u00f6bbi r\u00e9sz\u00e9n, hogy a Wisper ker\u00e9kp\u00e1rokat sz\u00e1ll\u00edts\u00e1k a ker\u00e9kp\u00e1ros kiskeresked\u0151knek az adott orsz\u00e1gban vagy ter\u00fcleten. Ha szeretne hossz\u00fa t\u00e1v\u00fa partners\u00e9get k\u00f6tni a vil\u00e1g egyik legtapasztaltabb elektromos ker\u00e9kp\u00e1r c\u00e9geivel, k\u00e9rj\u00fck, \u00edrjon David Miall-nak, vagy h\u00edvja a +44 1732 762393-as telefonsz\u00e1mot.&quot;}\" data-sheets-userformat=\"{&quot;2&quot;:15171,&quot;3&quot;:{&quot;1&quot;:0},&quot;4&quot;:{&quot;1&quot;:2,&quot;2&quot;:16777215},&quot;9&quot;:0,&quot;11&quot;:3,&quot;12&quot;:0,&quot;14&quot;:{&quot;1&quot;:2,&quot;2&quot;:0},&quot;15&quot;:&quot;Rubik, sans-serif&quot;,&quot;16&quot;:12}\">Partnereket keres\u00fcnk Eur\u00f3p\u00e1ban \u00e9s a vil\u00e1g t\u00f6bbi r\u00e9sz\u00e9n, hogy a Wisper ker\u00e9kp\u00e1rokat sz\u00e1ll\u00edts\u00e1k a ker\u00e9kp\u00e1ros kiskeresked\u0151knek az adott orsz\u00e1gban vagy ter\u00fcleten. Ha szeretne hossz\u00fa t\u00e1v\u00fa partners\u00e9get k\u00f6tni a vil\u00e1g egyik legtapasztaltabb elektromos ker\u00e9kp\u00e1r c\u00e9geivel, k\u00e9rj\u00fck, \u00edrjon <a href=\"mailto:david@amps.bike\">David Miall<\/a>-nak, vagy h\u00edvja a +44 1732 762393-as telefonsz\u00e1mot.<\/span><\/p><p><span data-sheets-value=\"{&quot;1&quot;:2,&quot;2&quot;:&quot;V\u00e1rjuk jelentkez\u00e9s\u00e9t.&quot;}\" data-sheets-userformat=\"{&quot;2&quot;:15171,&quot;3&quot;:{&quot;1&quot;:0},&quot;4&quot;:{&quot;1&quot;:2,&quot;2&quot;:16777215},&quot;9&quot;:0,&quot;11&quot;:3,&quot;12&quot;:0,&quot;14&quot;:{&quot;1&quot;:2,&quot;2&quot;:0},&quot;15&quot;:&quot;Rubik, sans-serif&quot;,&quot;16&quot;:12}\">V\u00e1rjuk jelentkez\u00e9s\u00e9t.<\/span><\/p>\t\t\t\t\t\t<\/div>\n\t\t\t\t<\/div>\n\t\t\t\t\t<\/div>\n\t\t<\/div>\n\t\t\t\t\t\t\t<\/div>\n\t\t<\/section>\n\t\t\t\t\t<\/div>\n\t\t<\/div>\n\t\t\t\t\t\t\t<\/div>\n\t\t<\/section>\n\t\t\t\t\t\t\t<\/div>\n\t\t","protected":false},"excerpt":{"rendered":"<p>Wisper el\u00e9rhet\u0151s\u00e9g A Wisper ker\u00e9kp\u00e1rok jelenleg a k\u00f6vetkez\u0151 orsz\u00e1gokban \u00e9rhet\u0151ek el az Egyes\u00fclt Kir\u00e1lys\u00e1gon k\u00edv\u00fcl: \u00daj-Z\u00e9land, Hollandia, Magyarorsz\u00e1g, N\u00e9metorsz\u00e1g, Portug\u00e1lia \u00e9s D\u00e1nia. R\u00e9szletek\u00e9rt, k\u00e9rj\u00fck, l\u00e9pjen kapcsolatba vel\u00fcnk. A nemzeti oldalakhoz vezet\u0151 linkek al\u00e1bb tal\u00e1lhat\u00f3k: Portugal \u2013&nbsp;https:\/\/wisperbikes.com\/pt\/ New Zealand \u2013&nbsp;https:\/\/wisperbikes.com\/nz\/ Denmark \u2013&nbsp;https:\/\/wisperbikes.com\/dk\/ Germany \u2013&nbsp;https:\/\/wisperbikes.com\/de\/ Keres\u00fcnk disztrib\u00fatorokat Partnereket keres\u00fcnk Eur\u00f3p\u00e1ban \u00e9s a vil\u00e1g t\u00f6bbi r\u00e9sz\u00e9n, hogy a&hellip;<\/p>\n","protected":false},"author":279,"featured_media":0,"parent":0,"menu_order":0,"comment_status":"closed","ping_status":"closed","template":"","meta":[],"acf":[],"yoast_head":"<!-- This site is optimized with the Yoast SEO plugin v20.12 - https:\/\/yoast.com\/wordpress\/plugins\/seo\/ -->\n<title>Wisper E-Bikes Nemzetk\u00f6zi Forgalmaz\u00f3k \u00e9s Egy\u00fcttm\u0171k\u00f6d\u00e9s<\/title>\n<meta name=\"description\" content=\"\u00c9rdekl\u0151dj online ma eur\u00f3pai \u00e9s glob\u00e1lis partnereknek a Wisper e-ker\u00e9kp\u00e1rok kiskeresked\u0151k r\u00e9sz\u00e9re t\u00f6rt\u00e9n\u0151 sz\u00e1ll\u00edt\u00e1s\u00e1r\u00f3l a r\u00e9gi\u00f3jukban!\" \/>\n<meta name=\"robots\" content=\"index, follow, max-snippet:-1, max-image-preview:large, max-video-preview:-1\" \/>\n<link rel=\"canonical\" href=\"https:\/\/wisperbikes.com\/hu\/international-distributors\/\" \/>\n<meta property=\"og:locale\" content=\"hu_HU\" \/>\n<meta property=\"og:type\" content=\"article\" \/>\n<meta property=\"og:title\" content=\"Wisper E-Bikes Nemzetk\u00f6zi Forgalmaz\u00f3k \u00e9s Egy\u00fcttm\u0171k\u00f6d\u00e9s\" \/>\n<meta property=\"og:description\" content=\"\u00c9rdekl\u0151dj online ma eur\u00f3pai \u00e9s glob\u00e1lis partnereknek a Wisper e-ker\u00e9kp\u00e1rok kiskeresked\u0151k r\u00e9sz\u00e9re t\u00f6rt\u00e9n\u0151 sz\u00e1ll\u00edt\u00e1s\u00e1r\u00f3l a r\u00e9gi\u00f3jukban!\" \/>\n<meta property=\"og:url\" content=\"https:\/\/wisperbikes.com\/hu\/international-distributors\/\" \/>\n<meta property=\"og:site_name\" content=\"Wisper Bikes\" \/>\n<meta property=\"article:publisher\" content=\"https:\/\/www.facebook.com\/Amps.Bike\/\" \/>\n<meta property=\"article:modified_time\" content=\"2024-04-22T15:26:27+00:00\" \/>\n<meta name=\"twitter:card\" content=\"summary_large_image\" \/>\n<meta name=\"twitter:site\" content=\"@wisperebikes\" \/>\n<meta name=\"twitter:label1\" content=\"Becs\u00fclt olvas\u00e1si id\u0151\" \/>\n\t<meta name=\"twitter:data1\" content=\"1 perc\" \/>\n<script type=\"application\/ld+json\" class=\"yoast-schema-graph\">{\"@context\":\"https:\/\/schema.org\",\"@graph\":[{\"@type\":\"WebPage\",\"@id\":\"https:\/\/wisperbikes.com\/hu\/international-distributors\/\",\"url\":\"https:\/\/wisperbikes.com\/hu\/international-distributors\/\",\"name\":\"Wisper E-Bikes Nemzetk\u00f6zi Forgalmaz\u00f3k \u00e9s Egy\u00fcttm\u0171k\u00f6d\u00e9s\",\"isPartOf\":{\"@id\":\"https:\/\/wisperbikes.com\/hu\/#website\"},\"datePublished\":\"2017-11-13T17:06:51+00:00\",\"dateModified\":\"2024-04-22T15:26:27+00:00\",\"description\":\"\u00c9rdekl\u0151dj online ma eur\u00f3pai \u00e9s glob\u00e1lis partnereknek a Wisper e-ker\u00e9kp\u00e1rok kiskeresked\u0151k r\u00e9sz\u00e9re t\u00f6rt\u00e9n\u0151 sz\u00e1ll\u00edt\u00e1s\u00e1r\u00f3l a r\u00e9gi\u00f3jukban!\",\"breadcrumb\":{\"@id\":\"https:\/\/wisperbikes.com\/hu\/international-distributors\/#breadcrumb\"},\"inLanguage\":\"hu\",\"potentialAction\":[{\"@type\":\"ReadAction\",\"target\":[\"https:\/\/wisperbikes.com\/hu\/international-distributors\/\"]}]},{\"@type\":\"BreadcrumbList\",\"@id\":\"https:\/\/wisperbikes.com\/hu\/international-distributors\/#breadcrumb\",\"itemListElement\":[{\"@type\":\"ListItem\",\"position\":1,\"name\":\"Home\",\"item\":\"https:\/\/wisperbikes.com\/hu\/\"},{\"@type\":\"ListItem\",\"position\":2,\"name\":\"International Distributors\"}]},{\"@type\":\"WebSite\",\"@id\":\"https:\/\/wisperbikes.com\/hu\/#website\",\"url\":\"https:\/\/wisperbikes.com\/hu\/\",\"name\":\"Wisper Bikes\",\"description\":\"Electric Bikes\",\"publisher\":{\"@id\":\"https:\/\/wisperbikes.com\/hu\/#organization\"},\"potentialAction\":[{\"@type\":\"SearchAction\",\"target\":{\"@type\":\"EntryPoint\",\"urlTemplate\":\"https:\/\/wisperbikes.com\/hu\/?s={search_term_string}\"},\"query-input\":\"required name=search_term_string\"}],\"inLanguage\":\"hu\"},{\"@type\":\"Organization\",\"@id\":\"https:\/\/wisperbikes.com\/hu\/#organization\",\"name\":\"Wisper Electric Bikes\",\"alternateName\":\"Wisper E-Bikes\",\"url\":\"https:\/\/wisperbikes.com\/hu\/\",\"logo\":{\"@type\":\"ImageObject\",\"inLanguage\":\"hu\",\"@id\":\"https:\/\/wisperbikes.com\/hu\/#\/schema\/logo\/image\/\",\"url\":\"https:\/\/wisperbikes.com\/hu\/wp-content\/uploads\/2021\/06\/WISPER-Logo.png\",\"contentUrl\":\"https:\/\/wisperbikes.com\/hu\/wp-content\/uploads\/2021\/06\/WISPER-Logo.png\",\"width\":250,\"height\":65,\"caption\":\"Wisper Electric Bikes\"},\"image\":{\"@id\":\"https:\/\/wisperbikes.com\/hu\/#\/schema\/logo\/image\/\"},\"sameAs\":[\"https:\/\/www.facebook.com\/Amps.Bike\/\",\"https:\/\/twitter.com\/wisperebikes\",\"https:\/\/www.instagram.com\/wisperbikes\/\"]}]}<\/script>\n<!-- \/ Yoast SEO plugin. -->","yoast_head_json":{"title":"Wisper E-Bikes Nemzetk\u00f6zi Forgalmaz\u00f3k \u00e9s Egy\u00fcttm\u0171k\u00f6d\u00e9s","description":"\u00c9rdekl\u0151dj online ma eur\u00f3pai \u00e9s glob\u00e1lis partnereknek a Wisper e-ker\u00e9kp\u00e1rok kiskeresked\u0151k r\u00e9sz\u00e9re t\u00f6rt\u00e9n\u0151 sz\u00e1ll\u00edt\u00e1s\u00e1r\u00f3l a r\u00e9gi\u00f3jukban!","robots":{"index":"index","follow":"follow","max-snippet":"max-snippet:-1","max-image-preview":"max-image-preview:large","max-video-preview":"max-video-preview:-1"},"canonical":"https:\/\/wisperbikes.com\/hu\/international-distributors\/","og_locale":"hu_HU","og_type":"article","og_title":"Wisper E-Bikes Nemzetk\u00f6zi Forgalmaz\u00f3k \u00e9s Egy\u00fcttm\u0171k\u00f6d\u00e9s","og_description":"\u00c9rdekl\u0151dj online ma eur\u00f3pai \u00e9s glob\u00e1lis partnereknek a Wisper e-ker\u00e9kp\u00e1rok kiskeresked\u0151k r\u00e9sz\u00e9re t\u00f6rt\u00e9n\u0151 sz\u00e1ll\u00edt\u00e1s\u00e1r\u00f3l a r\u00e9gi\u00f3jukban!","og_url":"https:\/\/wisperbikes.com\/hu\/international-distributors\/","og_site_name":"Wisper Bikes","article_publisher":"https:\/\/www.facebook.com\/Amps.Bike\/","article_modified_time":"2024-04-22T15:26:27+00:00","twitter_card":"summary_large_image","twitter_site":"@wisperebikes","twitter_misc":{"Becs\u00fclt olvas\u00e1si id\u0151":"1 perc"},"schema":{"@context":"https:\/\/schema.org","@graph":[{"@type":"WebPage","@id":"https:\/\/wisperbikes.com\/hu\/international-distributors\/","url":"https:\/\/wisperbikes.com\/hu\/international-distributors\/","name":"Wisper E-Bikes Nemzetk\u00f6zi Forgalmaz\u00f3k \u00e9s Egy\u00fcttm\u0171k\u00f6d\u00e9s","isPartOf":{"@id":"https:\/\/wisperbikes.com\/hu\/#website"},"datePublished":"2017-11-13T17:06:51+00:00","dateModified":"2024-04-22T15:26:27+00:00","description":"\u00c9rdekl\u0151dj online ma eur\u00f3pai \u00e9s glob\u00e1lis partnereknek a Wisper e-ker\u00e9kp\u00e1rok kiskeresked\u0151k r\u00e9sz\u00e9re t\u00f6rt\u00e9n\u0151 sz\u00e1ll\u00edt\u00e1s\u00e1r\u00f3l a r\u00e9gi\u00f3jukban!","breadcrumb":{"@id":"https:\/\/wisperbikes.com\/hu\/international-distributors\/#breadcrumb"},"inLanguage":"hu","potentialAction":[{"@type":"ReadAction","target":["https:\/\/wisperbikes.com\/hu\/international-distributors\/"]}]},{"@type":"BreadcrumbList","@id":"https:\/\/wisperbikes.com\/hu\/international-distributors\/#breadcrumb","itemListElement":[{"@type":"ListItem","position":1,"name":"Home","item":"https:\/\/wisperbikes.com\/hu\/"},{"@type":"ListItem","position":2,"name":"International Distributors"}]},{"@type":"WebSite","@id":"https:\/\/wisperbikes.com\/hu\/#website","url":"https:\/\/wisperbikes.com\/hu\/","name":"Wisper Bikes","description":"Electric Bikes","publisher":{"@id":"https:\/\/wisperbikes.com\/hu\/#organization"},"potentialAction":[{"@type":"SearchAction","target":{"@type":"EntryPoint","urlTemplate":"https:\/\/wisperbikes.com\/hu\/?s={search_term_string}"},"query-input":"required name=search_term_string"}],"inLanguage":"hu"},{"@type":"Organization","@id":"https:\/\/wisperbikes.com\/hu\/#organization","name":"Wisper Electric Bikes","alternateName":"Wisper E-Bikes","url":"https:\/\/wisperbikes.com\/hu\/","logo":{"@type":"ImageObject","inLanguage":"hu","@id":"https:\/\/wisperbikes.com\/hu\/#\/schema\/logo\/image\/","url":"https:\/\/wisperbikes.com\/hu\/wp-content\/uploads\/2021\/06\/WISPER-Logo.png","contentUrl":"https:\/\/wisperbikes.com\/hu\/wp-content\/uploads\/2021\/06\/WISPER-Logo.png","width":250,"height":65,"caption":"Wisper Electric Bikes"},"image":{"@id":"https:\/\/wisperbikes.com\/hu\/#\/schema\/logo\/image\/"},"sameAs":["https:\/\/www.facebook.com\/Amps.Bike\/","https:\/\/twitter.com\/wisperebikes","https:\/\/www.instagram.com\/wisperbikes\/"]}]}},"_links":{"self":[{"href":"https:\/\/wisperbikes.com\/hu\/wp-json\/wp\/v2\/pages\/310"}],"collection":[{"href":"https:\/\/wisperbikes.com\/hu\/wp-json\/wp\/v2\/pages"}],"about":[{"href":"https:\/\/wisperbikes.com\/hu\/wp-json\/wp\/v2\/types\/page"}],"author":[{"embeddable":true,"href":"https:\/\/wisperbikes.com\/hu\/wp-json\/wp\/v2\/users\/279"}],"replies":[{"embeddable":true,"href":"https:\/\/wisperbikes.com\/hu\/wp-json\/wp\/v2\/comments?post=310"}],"version-history":[{"count":10,"href":"https:\/\/wisperbikes.com\/hu\/wp-json\/wp\/v2\/pages\/310\/revisions"}],"predecessor-version":[{"id":41034,"href":"https:\/\/wisperbikes.com\/hu\/wp-json\/wp\/v2\/pages\/310\/revisions\/41034"}],"wp:attachment":[{"href":"https:\/\/wisperbikes.com\/hu\/wp-json\/wp\/v2\/media?parent=310"}],"curies":[{"name":"wp","href":"https:\/\/api.w.org\/{rel}","templated":true}]}}