{"id":31511,"date":"2021-07-06T14:29:32","date_gmt":"2021-07-06T14:29:32","guid":{"rendered":"https:\/\/wisperbikes.com\/hu\/?page_id=31511"},"modified":"2024-04-15T13:07:15","modified_gmt":"2024-04-15T13:07:15","slug":"ebike-blog","status":"publish","type":"page","link":"https:\/\/wisperbikes.com\/hu\/ebike-blog\/","title":{"rendered":"Ebike Blog"},"content":{"rendered":"\t\t<div data-elementor-type=\"wp-page\" data-elementor-id=\"31511\" class=\"elementor elementor-31511\" data-elementor-post-type=\"page\">\n\t\t\t\t\t\t\t\t\t<section class=\"elementor-section elementor-top-section elementor-element elementor-element-6ddf4170 elementor-section-full_width elementor-section-stretched elementor-section-height-default elementor-section-height-default\" data-id=\"6ddf4170\" data-element_type=\"section\" data-settings=\"{&quot;stretch_section&quot;:&quot;section-stretched&quot;}\">\n\t\t\t\t\t\t<div class=\"elementor-container elementor-column-gap-no\">\n\t\t\t\t\t<div class=\"elementor-column elementor-col-100 elementor-top-column elementor-element elementor-element-3872519a\" data-id=\"3872519a\" data-element_type=\"column\">\n\t\t\t<div class=\"elementor-widget-wrap elementor-element-populated\">\n\t\t\t\t\t\t\t\t<div class=\"elementor-element elementor-element-4d3fde98 elementor--h-position-left elementor--v-position-middle elementor-arrows-position-inside elementor-pagination-position-inside elementor-widget elementor-widget-slides\" data-id=\"4d3fde98\" data-element_type=\"widget\" data-settings=\"{&quot;navigation&quot;:&quot;both&quot;,&quot;autoplay&quot;:&quot;yes&quot;,&quot;pause_on_hover&quot;:&quot;yes&quot;,&quot;pause_on_interaction&quot;:&quot;yes&quot;,&quot;autoplay_speed&quot;:5000,&quot;infinite&quot;:&quot;yes&quot;,&quot;transition&quot;:&quot;slide&quot;,&quot;transition_speed&quot;:500}\" data-widget_type=\"slides.default\">\n\t\t\t\t<div class=\"elementor-widget-container\">\n\t\t\t\t\t<div class=\"elementor-swiper\">\n\t\t\t<div class=\"elementor-slides-wrapper elementor-main-swiper swiper-container\" dir=\"ltr\" data-animation=\"fadeInUp\">\n\t\t\t\t<div class=\"swiper-wrapper elementor-slides\">\n\t\t\t\t\t\t\t\t\t\t<div class=\"elementor-repeater-item-7ff3913 swiper-slide\"><div class=\"swiper-slide-bg\" role=\"img\"><\/div><div class=\"elementor-background-overlay\"><\/div><a class=\"swiper-slide-inner\" href=\"#ebike-range\"><div class=\"swiper-slide-contents\"><div class=\"elementor-slide-heading\">Wisper eBike Blog<\/div><\/div><\/a><\/div>\t\t\t\t<\/div>\n\t\t\t\t\t\t\t<\/div>\n\t\t<\/div>\n\t\t\t\t<\/div>\n\t\t\t\t<\/div>\n\t\t\t\t\t<\/div>\n\t\t<\/div>\n\t\t\t\t\t\t\t<\/div>\n\t\t<\/section>\n\t\t\t\t<section class=\"elementor-section elementor-top-section elementor-element elementor-element-f6aad6b elementor-section-full_width elementor-section-stretched elementor-section-height-default elementor-section-height-default\" data-id=\"f6aad6b\" data-element_type=\"section\" data-settings=\"{&quot;stretch_section&quot;:&quot;section-stretched&quot;}\">\n\t\t\t\t\t\t<div class=\"elementor-container elementor-column-gap-default\">\n\t\t\t\t\t<div class=\"elementor-column elementor-col-100 elementor-top-column elementor-element elementor-element-751aae1\" data-id=\"751aae1\" data-element_type=\"column\">\n\t\t\t<div class=\"elementor-widget-wrap elementor-element-populated\">\n\t\t\t\t\t\t\t\t<div class=\"elementor-element elementor-element-fb081bf elementor-widget elementor-widget-spacer\" data-id=\"fb081bf\" data-element_type=\"widget\" data-widget_type=\"spacer.default\">\n\t\t\t\t<div class=\"elementor-widget-container\">\n\t\t\t\t\t<div class=\"elementor-spacer\">\n\t\t\t<div class=\"elementor-spacer-inner\"><\/div>\n\t\t<\/div>\n\t\t\t\t<\/div>\n\t\t\t\t<\/div>\n\t\t\t\t<section class=\"elementor-section elementor-inner-section elementor-element elementor-element-a918057 elementor-section-boxed elementor-section-height-default elementor-section-height-default\" data-id=\"a918057\" data-element_type=\"section\">\n\t\t\t\t\t\t<div class=\"elementor-container elementor-column-gap-default\">\n\t\t\t\t\t<div class=\"elementor-column elementor-col-100 elementor-inner-column elementor-element elementor-element-b0b97d0\" data-id=\"b0b97d0\" data-element_type=\"column\">\n\t\t\t<div class=\"elementor-widget-wrap elementor-element-populated\">\n\t\t\t\t\t\t\t\t<div class=\"elementor-element elementor-element-1e9f62c elementor-widget elementor-widget-heading\" data-id=\"1e9f62c\" data-element_type=\"widget\" data-widget_type=\"heading.default\">\n\t\t\t\t<div class=\"elementor-widget-container\">\n\t\t\t<h1 class=\"elementor-heading-title elementor-size-large\">E-bike blogok<\/h1>\t\t<\/div>\n\t\t\t\t<\/div>\n\t\t\t\t<div class=\"elementor-element elementor-element-edc018d elementor-grid-3 elementor-grid-tablet-2 elementor-grid-mobile-1 elementor-posts--thumbnail-top elementor-widget elementor-widget-posts\" data-id=\"edc018d\" data-element_type=\"widget\" data-settings=\"{&quot;classic_columns&quot;:&quot;3&quot;,&quot;classic_columns_tablet&quot;:&quot;2&quot;,&quot;classic_columns_mobile&quot;:&quot;1&quot;,&quot;classic_row_gap&quot;:{&quot;unit&quot;:&quot;px&quot;,&quot;size&quot;:35,&quot;sizes&quot;:[]},&quot;classic_row_gap_tablet&quot;:{&quot;unit&quot;:&quot;px&quot;,&quot;size&quot;:&quot;&quot;,&quot;sizes&quot;:[]},&quot;classic_row_gap_mobile&quot;:{&quot;unit&quot;:&quot;px&quot;,&quot;size&quot;:&quot;&quot;,&quot;sizes&quot;:[]}}\" data-widget_type=\"posts.classic\">\n\t\t\t\t<div class=\"elementor-widget-container\">\n\t\t\t\t\t<div class=\"elementor-posts-container elementor-posts elementor-posts--skin-classic elementor-grid\">\n\t\t\t\t<article class=\"elementor-post elementor-grid-item post-41036 post type-post status-publish format-standard hentry category-uncategorized category-1 description-off\">\n\t\t\t\t<div class=\"elementor-post__text\">\n\t\t\t\t<h3 class=\"elementor-post__title\">\n\t\t\t<a href=\"https:\/\/wisperbikes.com\/hu\/can-technology-increase-the-rate-of-recovery-for-stolen-e-bikes\/\" >\n\t\t\t\tN\u00f6velheti-e a technol\u00f3gia az ellopott e-bike-ok visszaszerz\u00e9si ar\u00e1ny\u00e1t?\t\t\t<\/a>\n\t\t<\/h3>\n\t\t\t\t<div class=\"elementor-post__meta-data\">\n\t\t\t\t\t<span class=\"elementor-post-date\">\n\t\t\t\u00e1prilis 29, 2024\t\t<\/span>\n\t\t\t\t<\/div>\n\t\t\t\t<div class=\"elementor-post__excerpt\">\n\t\t\t<p>Az e-bike-ok k\u00fcl\u00f6n\u00f6sen egyre nagyobb c\u00e9lpontjai a tolvajoknak. Ezt a n\u00f6vekv\u0151 kereslet \u00e9s az \u00e1tlagos kiskereskedelmi \u00e1rak emelked\u00e9se \u00f6szt\u00f6nzi. 2023-ban az Egyes\u00fclt Kir\u00e1lys\u00e1gban 77 000<\/p>\n\t\t<\/div>\n\t\t\t\t<\/div>\n\t\t\t\t<\/article>\n\t\t\t\t<article class=\"elementor-post elementor-grid-item post-37832 post type-post status-publish format-standard has-post-thumbnail hentry category-e-bike-blog category-881 description-off\">\n\t\t\t\t<a class=\"elementor-post__thumbnail__link\" href=\"https:\/\/wisperbikes.com\/hu\/top-5-mental-health-benefits-of-riding-an-ebike\/\" >\n\t\t\t<div class=\"elementor-post__thumbnail\"><img decoding=\"async\" width=\"1280\" height=\"853\" src=\"https:\/\/wisperbikes.com\/hu\/wp-content\/uploads\/2022\/11\/DSC2662-1280x853-1.jpg\" class=\"attachment-full size-full wp-image-37833\" alt=\"Couple riding on a wisper bike\" loading=\"lazy\" srcset=\"https:\/\/wisperbikes.com\/hu\/wp-content\/uploads\/2022\/11\/DSC2662-1280x853-1.jpg 1280w, https:\/\/wisperbikes.com\/hu\/wp-content\/uploads\/2022\/11\/DSC2662-1280x853-1-300x200.jpg 300w, https:\/\/wisperbikes.com\/hu\/wp-content\/uploads\/2022\/11\/DSC2662-1280x853-1-1024x682.jpg 1024w, https:\/\/wisperbikes.com\/hu\/wp-content\/uploads\/2022\/11\/DSC2662-1280x853-1-768x512.jpg 768w, https:\/\/wisperbikes.com\/hu\/wp-content\/uploads\/2022\/11\/DSC2662-1280x853-1-815x543.jpg 815w\" sizes=\"(max-width: 1280px) 100vw, 1280px\" \/><\/div>\n\t\t<\/a>\n\t\t\t\t<div class=\"elementor-post__text\">\n\t\t\t\t<h3 class=\"elementor-post__title\">\n\t\t\t<a href=\"https:\/\/wisperbikes.com\/hu\/top-5-mental-health-benefits-of-riding-an-ebike\/\" >\n\t\t\t\tAz eBike-okkal val\u00f3 bicikliz\u00e9s Top 5 Ment\u00e1lis Eg\u00e9szs\u00e9g\u00fcgyi El\u0151nye\t\t\t<\/a>\n\t\t<\/h3>\n\t\t\t\t<div class=\"elementor-post__meta-data\">\n\t\t\t\t\t<span class=\"elementor-post-date\">\n\t\t\tokt\u00f3ber 10, 2022\t\t<\/span>\n\t\t\t\t<\/div>\n\t\t\t\t<div class=\"elementor-post__excerpt\">\n\t\t\t<p>J\u00f3l ismert, hogy az eBike-ok jav\u00edthatj\u00e1k fizikai eg\u00e9szs\u00e9gedet azzal, hogy rendszeres bicikliz\u00e9sre \u00e9s mozg\u00e1sra \u00f6szt\u00f6n\u00f6znek. Azonban az eBike-ok ugyanakkor jelent\u0151sen jav\u00edthatj\u00e1k a ment\u00e1lis eg\u00e9szs\u00e9gedet is.<\/p>\n\t\t<\/div>\n\t\t\t\t<\/div>\n\t\t\t\t<\/article>\n\t\t\t\t<article class=\"elementor-post elementor-grid-item post-33207 post type-post status-publish format-standard has-post-thumbnail hentry category-e-bike-blog category-news-updates category-881 category-146 description-off\">\n\t\t\t\t<a class=\"elementor-post__thumbnail__link\" href=\"https:\/\/wisperbikes.com\/hu\/ebike-myths-busted\/\" >\n\t\t\t<div class=\"elementor-post__thumbnail\"><img decoding=\"async\" width=\"2560\" height=\"1707\" src=\"https:\/\/wisperbikes.com\/hu\/wp-content\/uploads\/2022\/03\/DSC2212-scaled.jpg\" class=\"attachment-full size-full wp-image-33210\" alt=\"woman riding on a red ebike\" loading=\"lazy\" srcset=\"https:\/\/wisperbikes.com\/hu\/wp-content\/uploads\/2022\/03\/DSC2212-scaled.jpg 2560w, https:\/\/wisperbikes.com\/hu\/wp-content\/uploads\/2022\/03\/DSC2212-scaled-815x543.jpg 815w, https:\/\/wisperbikes.com\/hu\/wp-content\/uploads\/2022\/03\/DSC2212-300x200.jpg 300w, https:\/\/wisperbikes.com\/hu\/wp-content\/uploads\/2022\/03\/DSC2212-1024x683.jpg 1024w, https:\/\/wisperbikes.com\/hu\/wp-content\/uploads\/2022\/03\/DSC2212-768x512.jpg 768w, https:\/\/wisperbikes.com\/hu\/wp-content\/uploads\/2022\/03\/DSC2212-1536x1024.jpg 1536w, https:\/\/wisperbikes.com\/hu\/wp-content\/uploads\/2022\/03\/DSC2212-2048x1365.jpg 2048w, https:\/\/wisperbikes.com\/hu\/wp-content\/uploads\/2022\/03\/DSC2212-1800x1200.jpg 1800w, https:\/\/wisperbikes.com\/hu\/wp-content\/uploads\/2022\/03\/DSC2212-1280x853.jpg 1280w, https:\/\/wisperbikes.com\/hu\/wp-content\/uploads\/2022\/03\/DSC2212-1000x667.jpg 1000w, https:\/\/wisperbikes.com\/hu\/wp-content\/uploads\/2022\/03\/DSC2212-600x400.jpg 600w\" sizes=\"(max-width: 2560px) 100vw, 2560px\" \/><\/div>\n\t\t<\/a>\n\t\t\t\t<div class=\"elementor-post__text\">\n\t\t\t\t<h3 class=\"elementor-post__title\">\n\t\t\t<a href=\"https:\/\/wisperbikes.com\/hu\/ebike-myths-busted\/\" >\n\t\t\t\teBike M\u00edtoszok \u2013 Led\u00f6ntve!\t\t\t<\/a>\n\t\t<\/h3>\n\t\t\t\t<div class=\"elementor-post__meta-data\">\n\t\t\t\t\t<span class=\"elementor-post-date\">\n\t\t\tm\u00e1rcius 14, 2022\t\t<\/span>\n\t\t\t\t<\/div>\n\t\t\t\t<div class=\"elementor-post__excerpt\">\n\t\t\t<p>Az eBike-ok forradalmas\u00edtott\u00e1k a bicikliz\u00e9st, ma m\u00e1r ezrek sz\u00e1guldoznak eBike-okon az orsz\u00e1gszerte. Azonban sz\u00e1mos m\u00edtosz \u00f6vezi ezt az \u00faj technol\u00f3gi\u00e1t. A Wisper ker\u00e9kp\u00e1rok m\u00e1r 17<\/p>\n\t\t<\/div>\n\t\t\t\t<\/div>\n\t\t\t\t<\/article>\n\t\t\t\t<article class=\"elementor-post elementor-grid-item post-1333 post type-post status-publish format-standard has-post-thumbnail hentry category-e-bike-blog\">\n\t\t\t\t<a class=\"elementor-post__thumbnail__link\" href=\"https:\/\/wisperbikes.com\/hu\/bike-shop-sevenoaks\/\" >\n\t\t\t<div class=\"elementor-post__thumbnail\"><img decoding=\"async\" width=\"1024\" height=\"288\" src=\"https:\/\/wisperbikes.com\/hu\/wp-content\/uploads\/2017\/07\/bike-shop-sevenoaks-1.jpg\" class=\"attachment-full size-full wp-image-35450\" alt=\"Woman riding on a red electric bike by Wisper Bikes\" loading=\"lazy\" srcset=\"https:\/\/wisperbikes.com\/hu\/wp-content\/uploads\/2017\/07\/bike-shop-sevenoaks-1.jpg 1024w, https:\/\/wisperbikes.com\/hu\/wp-content\/uploads\/2017\/07\/bike-shop-sevenoaks-1-815x229.jpg 815w, https:\/\/wisperbikes.com\/hu\/wp-content\/uploads\/2017\/07\/bike-shop-sevenoaks-1-300x84.jpg 300w, https:\/\/wisperbikes.com\/hu\/wp-content\/uploads\/2017\/07\/bike-shop-sevenoaks-1-768x216.jpg 768w\" sizes=\"(max-width: 1024px) 100vw, 1024px\" \/><\/div>\n\t\t<\/a>\n\t\t\t\t<div class=\"elementor-post__text\">\n\t\t\t\t<h3 class=\"elementor-post__title\">\n\t\t\t<a href=\"https:\/\/wisperbikes.com\/hu\/bike-shop-sevenoaks\/\" >\n\t\t\t\tBike Shop Sevenoaks\t\t\t<\/a>\n\t\t<\/h3>\n\t\t\t\t<div class=\"elementor-post__meta-data\">\n\t\t\t\t\t<span class=\"elementor-post-date\">\n\t\t\tj\u00falius 13, 2017\t\t<\/span>\n\t\t\t\t<\/div>\n\t\t\t\t<div class=\"elementor-post__excerpt\">\n\t\t\t<p>Szeretn\u00e9l \u00faj biciklit v\u00e1s\u00e1rolni Sevenoaks legjobb ker\u00e9kp\u00e1r\u00fczlet\u00e9b\u0151l? Mi\u00e9rt ne l\u00e9pn\u00e9l kapcsolatba a Wisper Bikes-al? Mi vagyunk Sevenoaks legjobb ker\u00e9kp\u00e1r\u00fczlete, \u00e9s vev\u0151inknek a legjobb szolg\u00e1ltat\u00e1st ny\u00fajtjuk.<\/p>\n\t\t<\/div>\n\t\t\t\t<\/div>\n\t\t\t\t<\/article>\n\t\t\t\t<\/div>\n\t\t\n\t\t\t\t<\/div>\n\t\t\t\t<\/div>\n\t\t\t\t\t<\/div>\n\t\t<\/div>\n\t\t\t\t\t\t\t<\/div>\n\t\t<\/section>\n\t\t\t\t\t<\/div>\n\t\t<\/div>\n\t\t\t\t\t\t\t<\/div>\n\t\t<\/section>\n\t\t\t\t\t\t\t<\/div>\n\t\t","protected":false},"excerpt":{"rendered":"<p>Wisper eBike Blog E-bike blogok<\/p>\n","protected":false},"author":279,"featured_media":0,"parent":0,"menu_order":0,"comment_status":"closed","ping_status":"closed","template":"","meta":[],"acf":[],"yoast_head":"<!-- This site is optimized with the Yoast SEO plugin v20.12 - https:\/\/yoast.com\/wordpress\/plugins\/seo\/ -->\n<title>Legfrissebb h\u00edrek \u00e9s inform\u00e1ci\u00f3k az e-ker\u00e9kp\u00e1rokr\u00f3l<\/title>\n<meta name=\"description\" content=\"Az Ebike blogok nagyszer\u0171 m\u00f3dja annak, hogy naprak\u00e9szen maradjon az e-ker\u00e9kp\u00e1rokr\u00f3l sz\u00f3l\u00f3 legfrissebb h\u00edrekr\u0151l \u00e9s inform\u00e1ci\u00f3kr\u00f3l,\" \/>\n<meta name=\"robots\" content=\"index, follow, max-snippet:-1, max-image-preview:large, max-video-preview:-1\" \/>\n<link rel=\"canonical\" href=\"https:\/\/wisperbikes.com\/hu\/ebike-blog\/\" \/>\n<meta property=\"og:locale\" content=\"hu_HU\" \/>\n<meta property=\"og:type\" content=\"article\" \/>\n<meta property=\"og:title\" content=\"Legfrissebb h\u00edrek \u00e9s inform\u00e1ci\u00f3k az e-ker\u00e9kp\u00e1rokr\u00f3l\" \/>\n<meta property=\"og:description\" content=\"Az Ebike blogok nagyszer\u0171 m\u00f3dja annak, hogy naprak\u00e9szen maradjon az e-ker\u00e9kp\u00e1rokr\u00f3l sz\u00f3l\u00f3 legfrissebb h\u00edrekr\u0151l \u00e9s inform\u00e1ci\u00f3kr\u00f3l,\" \/>\n<meta property=\"og:url\" content=\"https:\/\/wisperbikes.com\/hu\/ebike-blog\/\" \/>\n<meta property=\"og:site_name\" content=\"Wisper Bikes\" \/>\n<meta property=\"article:publisher\" content=\"https:\/\/www.facebook.com\/Amps.Bike\/\" \/>\n<meta property=\"article:modified_time\" content=\"2024-04-15T13:07:15+00:00\" \/>\n<meta name=\"twitter:card\" content=\"summary_large_image\" \/>\n<meta name=\"twitter:site\" content=\"@wisperebikes\" \/>\n<meta name=\"twitter:label1\" content=\"Becs\u00fclt olvas\u00e1si id\u0151\" \/>\n\t<meta name=\"twitter:data1\" content=\"2 perc\" \/>\n<script type=\"application\/ld+json\" class=\"yoast-schema-graph\">{\"@context\":\"https:\/\/schema.org\",\"@graph\":[{\"@type\":\"WebPage\",\"@id\":\"https:\/\/wisperbikes.com\/hu\/ebike-blog\/\",\"url\":\"https:\/\/wisperbikes.com\/hu\/ebike-blog\/\",\"name\":\"Legfrissebb h\u00edrek \u00e9s inform\u00e1ci\u00f3k az e-ker\u00e9kp\u00e1rokr\u00f3l\",\"isPartOf\":{\"@id\":\"https:\/\/wisperbikes.com\/hu\/#website\"},\"datePublished\":\"2021-07-06T14:29:32+00:00\",\"dateModified\":\"2024-04-15T13:07:15+00:00\",\"description\":\"Az Ebike blogok nagyszer\u0171 m\u00f3dja annak, hogy naprak\u00e9szen maradjon az e-ker\u00e9kp\u00e1rokr\u00f3l sz\u00f3l\u00f3 legfrissebb h\u00edrekr\u0151l \u00e9s inform\u00e1ci\u00f3kr\u00f3l,\",\"breadcrumb\":{\"@id\":\"https:\/\/wisperbikes.com\/hu\/ebike-blog\/#breadcrumb\"},\"inLanguage\":\"hu\",\"potentialAction\":[{\"@type\":\"ReadAction\",\"target\":[\"https:\/\/wisperbikes.com\/hu\/ebike-blog\/\"]}]},{\"@type\":\"BreadcrumbList\",\"@id\":\"https:\/\/wisperbikes.com\/hu\/ebike-blog\/#breadcrumb\",\"itemListElement\":[{\"@type\":\"ListItem\",\"position\":1,\"name\":\"Home\",\"item\":\"https:\/\/wisperbikes.com\/hu\/\"},{\"@type\":\"ListItem\",\"position\":2,\"name\":\"Ebike Blog\"}]},{\"@type\":\"WebSite\",\"@id\":\"https:\/\/wisperbikes.com\/hu\/#website\",\"url\":\"https:\/\/wisperbikes.com\/hu\/\",\"name\":\"Wisper Bikes\",\"description\":\"Electric Bikes\",\"publisher\":{\"@id\":\"https:\/\/wisperbikes.com\/hu\/#organization\"},\"potentialAction\":[{\"@type\":\"SearchAction\",\"target\":{\"@type\":\"EntryPoint\",\"urlTemplate\":\"https:\/\/wisperbikes.com\/hu\/?s={search_term_string}\"},\"query-input\":\"required name=search_term_string\"}],\"inLanguage\":\"hu\"},{\"@type\":\"Organization\",\"@id\":\"https:\/\/wisperbikes.com\/hu\/#organization\",\"name\":\"Wisper Electric Bikes\",\"alternateName\":\"Wisper E-Bikes\",\"url\":\"https:\/\/wisperbikes.com\/hu\/\",\"logo\":{\"@type\":\"ImageObject\",\"inLanguage\":\"hu\",\"@id\":\"https:\/\/wisperbikes.com\/hu\/#\/schema\/logo\/image\/\",\"url\":\"https:\/\/wisperbikes.com\/hu\/wp-content\/uploads\/2021\/06\/WISPER-Logo.png\",\"contentUrl\":\"https:\/\/wisperbikes.com\/hu\/wp-content\/uploads\/2021\/06\/WISPER-Logo.png\",\"width\":250,\"height\":65,\"caption\":\"Wisper Electric Bikes\"},\"image\":{\"@id\":\"https:\/\/wisperbikes.com\/hu\/#\/schema\/logo\/image\/\"},\"sameAs\":[\"https:\/\/www.facebook.com\/Amps.Bike\/\",\"https:\/\/twitter.com\/wisperebikes\",\"https:\/\/www.instagram.com\/wisperbikes\/\"]}]}<\/script>\n<!-- \/ Yoast SEO plugin. -->","yoast_head_json":{"title":"Legfrissebb h\u00edrek \u00e9s inform\u00e1ci\u00f3k az e-ker\u00e9kp\u00e1rokr\u00f3l","description":"Az Ebike blogok nagyszer\u0171 m\u00f3dja annak, hogy naprak\u00e9szen maradjon az e-ker\u00e9kp\u00e1rokr\u00f3l sz\u00f3l\u00f3 legfrissebb h\u00edrekr\u0151l \u00e9s inform\u00e1ci\u00f3kr\u00f3l,","robots":{"index":"index","follow":"follow","max-snippet":"max-snippet:-1","max-image-preview":"max-image-preview:large","max-video-preview":"max-video-preview:-1"},"canonical":"https:\/\/wisperbikes.com\/hu\/ebike-blog\/","og_locale":"hu_HU","og_type":"article","og_title":"Legfrissebb h\u00edrek \u00e9s inform\u00e1ci\u00f3k az e-ker\u00e9kp\u00e1rokr\u00f3l","og_description":"Az Ebike blogok nagyszer\u0171 m\u00f3dja annak, hogy naprak\u00e9szen maradjon az e-ker\u00e9kp\u00e1rokr\u00f3l sz\u00f3l\u00f3 legfrissebb h\u00edrekr\u0151l \u00e9s inform\u00e1ci\u00f3kr\u00f3l,","og_url":"https:\/\/wisperbikes.com\/hu\/ebike-blog\/","og_site_name":"Wisper Bikes","article_publisher":"https:\/\/www.facebook.com\/Amps.Bike\/","article_modified_time":"2024-04-15T13:07:15+00:00","twitter_card":"summary_large_image","twitter_site":"@wisperebikes","twitter_misc":{"Becs\u00fclt olvas\u00e1si id\u0151":"2 perc"},"schema":{"@context":"https:\/\/schema.org","@graph":[{"@type":"WebPage","@id":"https:\/\/wisperbikes.com\/hu\/ebike-blog\/","url":"https:\/\/wisperbikes.com\/hu\/ebike-blog\/","name":"Legfrissebb h\u00edrek \u00e9s inform\u00e1ci\u00f3k az e-ker\u00e9kp\u00e1rokr\u00f3l","isPartOf":{"@id":"https:\/\/wisperbikes.com\/hu\/#website"},"datePublished":"2021-07-06T14:29:32+00:00","dateModified":"2024-04-15T13:07:15+00:00","description":"Az Ebike blogok nagyszer\u0171 m\u00f3dja annak, hogy naprak\u00e9szen maradjon az e-ker\u00e9kp\u00e1rokr\u00f3l sz\u00f3l\u00f3 legfrissebb h\u00edrekr\u0151l \u00e9s inform\u00e1ci\u00f3kr\u00f3l,","breadcrumb":{"@id":"https:\/\/wisperbikes.com\/hu\/ebike-blog\/#breadcrumb"},"inLanguage":"hu","potentialAction":[{"@type":"ReadAction","target":["https:\/\/wisperbikes.com\/hu\/ebike-blog\/"]}]},{"@type":"BreadcrumbList","@id":"https:\/\/wisperbikes.com\/hu\/ebike-blog\/#breadcrumb","itemListElement":[{"@type":"ListItem","position":1,"name":"Home","item":"https:\/\/wisperbikes.com\/hu\/"},{"@type":"ListItem","position":2,"name":"Ebike Blog"}]},{"@type":"WebSite","@id":"https:\/\/wisperbikes.com\/hu\/#website","url":"https:\/\/wisperbikes.com\/hu\/","name":"Wisper Bikes","description":"Electric Bikes","publisher":{"@id":"https:\/\/wisperbikes.com\/hu\/#organization"},"potentialAction":[{"@type":"SearchAction","target":{"@type":"EntryPoint","urlTemplate":"https:\/\/wisperbikes.com\/hu\/?s={search_term_string}"},"query-input":"required name=search_term_string"}],"inLanguage":"hu"},{"@type":"Organization","@id":"https:\/\/wisperbikes.com\/hu\/#organization","name":"Wisper Electric Bikes","alternateName":"Wisper E-Bikes","url":"https:\/\/wisperbikes.com\/hu\/","logo":{"@type":"ImageObject","inLanguage":"hu","@id":"https:\/\/wisperbikes.com\/hu\/#\/schema\/logo\/image\/","url":"https:\/\/wisperbikes.com\/hu\/wp-content\/uploads\/2021\/06\/WISPER-Logo.png","contentUrl":"https:\/\/wisperbikes.com\/hu\/wp-content\/uploads\/2021\/06\/WISPER-Logo.png","width":250,"height":65,"caption":"Wisper Electric Bikes"},"image":{"@id":"https:\/\/wisperbikes.com\/hu\/#\/schema\/logo\/image\/"},"sameAs":["https:\/\/www.facebook.com\/Amps.Bike\/","https:\/\/twitter.com\/wisperebikes","https:\/\/www.instagram.com\/wisperbikes\/"]}]}},"_links":{"self":[{"href":"https:\/\/wisperbikes.com\/hu\/wp-json\/wp\/v2\/pages\/31511"}],"collection":[{"href":"https:\/\/wisperbikes.com\/hu\/wp-json\/wp\/v2\/pages"}],"about":[{"href":"https:\/\/wisperbikes.com\/hu\/wp-json\/wp\/v2\/types\/page"}],"author":[{"embeddable":true,"href":"https:\/\/wisperbikes.com\/hu\/wp-json\/wp\/v2\/users\/279"}],"replies":[{"embeddable":true,"href":"https:\/\/wisperbikes.com\/hu\/wp-json\/wp\/v2\/comments?post=31511"}],"version-history":[{"count":7,"href":"https:\/\/wisperbikes.com\/hu\/wp-json\/wp\/v2\/pages\/31511\/revisions"}],"predecessor-version":[{"id":40956,"href":"https:\/\/wisperbikes.com\/hu\/wp-json\/wp\/v2\/pages\/31511\/revisions\/40956"}],"wp:attachment":[{"href":"https:\/\/wisperbikes.com\/hu\/wp-json\/wp\/v2\/media?parent=31511"}],"curies":[{"name":"wp","href":"https:\/\/api.w.org\/{rel}","templated":true}]}}