{"id":24166,"date":"2018-12-10T00:00:00","date_gmt":"2018-12-10T00:00:00","guid":{"rendered":"http:\/\/localhost\/wisper_both\/shop\/uncategorized\/road-jersey\/"},"modified":"2024-02-08T20:01:57","modified_gmt":"2024-02-08T20:01:57","slug":"road-jersey","status":"publish","type":"product","link":"https:\/\/wisperbikes.com\/hu\/shop\/accessories\/clothing\/road-jersey\/","title":{"rendered":"Road Jersey"},"content":{"rendered":"","protected":false},"excerpt":{"rendered":"<p>The L&#8217;Etape cycling range, these Jerseys use the latest material from Italy and all hand made in Europe to the highest specification. The L&#8217;Etape Range has been designed with your everyday cyclist and the smaller Race teams in mind, made from microfibre material. The material has a silver thread called Bioactive and aids the wicking properties of the jerseys, the silver thread also reacts with bacteria helping to reduce the smell of sweat.<br \/>\nSee <a style=\"text-decoration: underline;\" href=\"https:\/\/wisperbikes.com\/hu\/shop\/accessories\/clothing\/mtb-jersey\/\">MTB Long Sleeve Jersey.<\/a><\/p>\n","protected":false},"featured_media":4833,"comment_status":"closed","ping_status":"closed","template":"","meta":[],"product_cat":[168,157,240],"product_tag":[],"acf":[],"yoast_head":"<!-- This site is optimized with the Yoast SEO plugin v20.12 - https:\/\/yoast.com\/wordpress\/plugins\/seo\/ -->\n<title>Road Jersey | Ker\u00e9kp\u00e1ros mezek<\/title>\n<meta name=\"description\" content=\"A k\u00f6z\u00fati mez\u00fcnket \u00fagy tervezt\u00fck, hogy k\u00e9nyelmesek \u00e9s l\u00e9legz\u0151ek legyenek, \u00edgy m\u00e9g akkor is h\u0171v\u00f6s maradhat, ha izzad\u00e1st dolgozol. V\u00e1s\u00e1rolj most!\" \/>\n<meta name=\"robots\" content=\"index, follow, max-snippet:-1, max-image-preview:large, max-video-preview:-1\" \/>\n<link rel=\"canonical\" href=\"https:\/\/wisperbikes.com\/hu\/shop\/accessories\/clothing\/road-jersey\/\" \/>\n<meta property=\"og:locale\" content=\"hu_HU\" \/>\n<meta property=\"og:type\" content=\"article\" \/>\n<meta property=\"og:title\" content=\"Road Jersey | Ker\u00e9kp\u00e1ros mezek\" \/>\n<meta property=\"og:description\" content=\"A k\u00f6z\u00fati mez\u00fcnket \u00fagy tervezt\u00fck, hogy k\u00e9nyelmesek \u00e9s l\u00e9legz\u0151ek legyenek, \u00edgy m\u00e9g akkor is h\u0171v\u00f6s maradhat, ha izzad\u00e1st dolgozol. V\u00e1s\u00e1rolj most!\" \/>\n<meta property=\"og:url\" content=\"https:\/\/wisperbikes.com\/hu\/shop\/accessories\/clothing\/road-jersey\/\" \/>\n<meta property=\"og:site_name\" content=\"Wisper Bikes\" \/>\n<meta property=\"article:publisher\" content=\"https:\/\/www.facebook.com\/Amps.Bike\/\" \/>\n<meta property=\"article:modified_time\" content=\"2024-02-08T20:01:57+00:00\" \/>\n<meta property=\"og:image\" content=\"https:\/\/wisperbikes.com\/hu\/wp-content\/uploads\/2018\/12\/Road-Jersey.jpg\" \/>\n\t<meta property=\"og:image:width\" content=\"600\" \/>\n\t<meta property=\"og:image:height\" content=\"600\" \/>\n\t<meta property=\"og:image:type\" content=\"image\/jpeg\" \/>\n<meta name=\"twitter:card\" content=\"summary_large_image\" \/>\n<meta name=\"twitter:site\" content=\"@wisperebikes\" \/>\n<script type=\"application\/ld+json\" class=\"yoast-schema-graph\">{\"@context\":\"https:\/\/schema.org\",\"@graph\":[{\"@type\":\"WebPage\",\"@id\":\"https:\/\/wisperbikes.com\/hu\/shop\/accessories\/clothing\/road-jersey\/\",\"url\":\"https:\/\/wisperbikes.com\/hu\/shop\/accessories\/clothing\/road-jersey\/\",\"name\":\"Road Jersey | Ker\u00e9kp\u00e1ros mezek\",\"isPartOf\":{\"@id\":\"https:\/\/wisperbikes.com\/hu\/#website\"},\"datePublished\":\"2018-12-10T00:00:00+00:00\",\"dateModified\":\"2024-02-08T20:01:57+00:00\",\"description\":\"A k\u00f6z\u00fati mez\u00fcnket \u00fagy tervezt\u00fck, hogy k\u00e9nyelmesek \u00e9s l\u00e9legz\u0151ek legyenek, \u00edgy m\u00e9g akkor is h\u0171v\u00f6s maradhat, ha izzad\u00e1st dolgozol. V\u00e1s\u00e1rolj most!\",\"breadcrumb\":{\"@id\":\"https:\/\/wisperbikes.com\/hu\/shop\/accessories\/clothing\/road-jersey\/#breadcrumb\"},\"inLanguage\":\"hu\",\"potentialAction\":[{\"@type\":\"ReadAction\",\"target\":[\"https:\/\/wisperbikes.com\/hu\/shop\/accessories\/clothing\/road-jersey\/\"]}]},{\"@type\":\"BreadcrumbList\",\"@id\":\"https:\/\/wisperbikes.com\/hu\/shop\/accessories\/clothing\/road-jersey\/#breadcrumb\",\"itemListElement\":[{\"@type\":\"ListItem\",\"position\":1,\"name\":\"Home\",\"item\":\"https:\/\/wisperbikes.com\/hu\/\"},{\"@type\":\"ListItem\",\"position\":2,\"name\":\"Our Shop\",\"item\":\"https:\/\/wisperbikes.com\/hu\/shop\/\"},{\"@type\":\"ListItem\",\"position\":3,\"name\":\"Road Jersey\"}]},{\"@type\":\"WebSite\",\"@id\":\"https:\/\/wisperbikes.com\/hu\/#website\",\"url\":\"https:\/\/wisperbikes.com\/hu\/\",\"name\":\"Wisper Bikes\",\"description\":\"Electric Bikes\",\"publisher\":{\"@id\":\"https:\/\/wisperbikes.com\/hu\/#organization\"},\"potentialAction\":[{\"@type\":\"SearchAction\",\"target\":{\"@type\":\"EntryPoint\",\"urlTemplate\":\"https:\/\/wisperbikes.com\/hu\/?s={search_term_string}\"},\"query-input\":\"required name=search_term_string\"}],\"inLanguage\":\"hu\"},{\"@type\":\"Organization\",\"@id\":\"https:\/\/wisperbikes.com\/hu\/#organization\",\"name\":\"Wisper Electric Bikes\",\"alternateName\":\"Wisper E-Bikes\",\"url\":\"https:\/\/wisperbikes.com\/hu\/\",\"logo\":{\"@type\":\"ImageObject\",\"inLanguage\":\"hu\",\"@id\":\"https:\/\/wisperbikes.com\/hu\/#\/schema\/logo\/image\/\",\"url\":\"https:\/\/wisperbikes.com\/hu\/wp-content\/uploads\/2021\/06\/WISPER-Logo.png\",\"contentUrl\":\"https:\/\/wisperbikes.com\/hu\/wp-content\/uploads\/2021\/06\/WISPER-Logo.png\",\"width\":250,\"height\":65,\"caption\":\"Wisper Electric Bikes\"},\"image\":{\"@id\":\"https:\/\/wisperbikes.com\/hu\/#\/schema\/logo\/image\/\"},\"sameAs\":[\"https:\/\/www.facebook.com\/Amps.Bike\/\",\"https:\/\/twitter.com\/wisperebikes\",\"https:\/\/www.instagram.com\/wisperbikes\/\"]}]}<\/script>\n<!-- \/ Yoast SEO plugin. -->","yoast_head_json":{"title":"Road Jersey | Ker\u00e9kp\u00e1ros mezek","description":"A k\u00f6z\u00fati mez\u00fcnket \u00fagy tervezt\u00fck, hogy k\u00e9nyelmesek \u00e9s l\u00e9legz\u0151ek legyenek, \u00edgy m\u00e9g akkor is h\u0171v\u00f6s maradhat, ha izzad\u00e1st dolgozol. V\u00e1s\u00e1rolj most!","robots":{"index":"index","follow":"follow","max-snippet":"max-snippet:-1","max-image-preview":"max-image-preview:large","max-video-preview":"max-video-preview:-1"},"canonical":"https:\/\/wisperbikes.com\/hu\/shop\/accessories\/clothing\/road-jersey\/","og_locale":"hu_HU","og_type":"article","og_title":"Road Jersey | Ker\u00e9kp\u00e1ros mezek","og_description":"A k\u00f6z\u00fati mez\u00fcnket \u00fagy tervezt\u00fck, hogy k\u00e9nyelmesek \u00e9s l\u00e9legz\u0151ek legyenek, \u00edgy m\u00e9g akkor is h\u0171v\u00f6s maradhat, ha izzad\u00e1st dolgozol. V\u00e1s\u00e1rolj most!","og_url":"https:\/\/wisperbikes.com\/hu\/shop\/accessories\/clothing\/road-jersey\/","og_site_name":"Wisper Bikes","article_publisher":"https:\/\/www.facebook.com\/Amps.Bike\/","article_modified_time":"2024-02-08T20:01:57+00:00","og_image":[{"width":600,"height":600,"url":"https:\/\/wisperbikes.com\/hu\/wp-content\/uploads\/2018\/12\/Road-Jersey.jpg","type":"image\/jpeg"}],"twitter_card":"summary_large_image","twitter_site":"@wisperebikes","schema":{"@context":"https:\/\/schema.org","@graph":[{"@type":"WebPage","@id":"https:\/\/wisperbikes.com\/hu\/shop\/accessories\/clothing\/road-jersey\/","url":"https:\/\/wisperbikes.com\/hu\/shop\/accessories\/clothing\/road-jersey\/","name":"Road Jersey | Ker\u00e9kp\u00e1ros mezek","isPartOf":{"@id":"https:\/\/wisperbikes.com\/hu\/#website"},"datePublished":"2018-12-10T00:00:00+00:00","dateModified":"2024-02-08T20:01:57+00:00","description":"A k\u00f6z\u00fati mez\u00fcnket \u00fagy tervezt\u00fck, hogy k\u00e9nyelmesek \u00e9s l\u00e9legz\u0151ek legyenek, \u00edgy m\u00e9g akkor is h\u0171v\u00f6s maradhat, ha izzad\u00e1st dolgozol. V\u00e1s\u00e1rolj most!","breadcrumb":{"@id":"https:\/\/wisperbikes.com\/hu\/shop\/accessories\/clothing\/road-jersey\/#breadcrumb"},"inLanguage":"hu","potentialAction":[{"@type":"ReadAction","target":["https:\/\/wisperbikes.com\/hu\/shop\/accessories\/clothing\/road-jersey\/"]}]},{"@type":"BreadcrumbList","@id":"https:\/\/wisperbikes.com\/hu\/shop\/accessories\/clothing\/road-jersey\/#breadcrumb","itemListElement":[{"@type":"ListItem","position":1,"name":"Home","item":"https:\/\/wisperbikes.com\/hu\/"},{"@type":"ListItem","position":2,"name":"Our Shop","item":"https:\/\/wisperbikes.com\/hu\/shop\/"},{"@type":"ListItem","position":3,"name":"Road Jersey"}]},{"@type":"WebSite","@id":"https:\/\/wisperbikes.com\/hu\/#website","url":"https:\/\/wisperbikes.com\/hu\/","name":"Wisper Bikes","description":"Electric Bikes","publisher":{"@id":"https:\/\/wisperbikes.com\/hu\/#organization"},"potentialAction":[{"@type":"SearchAction","target":{"@type":"EntryPoint","urlTemplate":"https:\/\/wisperbikes.com\/hu\/?s={search_term_string}"},"query-input":"required name=search_term_string"}],"inLanguage":"hu"},{"@type":"Organization","@id":"https:\/\/wisperbikes.com\/hu\/#organization","name":"Wisper Electric Bikes","alternateName":"Wisper E-Bikes","url":"https:\/\/wisperbikes.com\/hu\/","logo":{"@type":"ImageObject","inLanguage":"hu","@id":"https:\/\/wisperbikes.com\/hu\/#\/schema\/logo\/image\/","url":"https:\/\/wisperbikes.com\/hu\/wp-content\/uploads\/2021\/06\/WISPER-Logo.png","contentUrl":"https:\/\/wisperbikes.com\/hu\/wp-content\/uploads\/2021\/06\/WISPER-Logo.png","width":250,"height":65,"caption":"Wisper Electric Bikes"},"image":{"@id":"https:\/\/wisperbikes.com\/hu\/#\/schema\/logo\/image\/"},"sameAs":["https:\/\/www.facebook.com\/Amps.Bike\/","https:\/\/twitter.com\/wisperebikes","https:\/\/www.instagram.com\/wisperbikes\/"]}]}},"_links":{"self":[{"href":"https:\/\/wisperbikes.com\/hu\/wp-json\/wp\/v2\/product\/24166"}],"collection":[{"href":"https:\/\/wisperbikes.com\/hu\/wp-json\/wp\/v2\/product"}],"about":[{"href":"https:\/\/wisperbikes.com\/hu\/wp-json\/wp\/v2\/types\/product"}],"replies":[{"embeddable":true,"href":"https:\/\/wisperbikes.com\/hu\/wp-json\/wp\/v2\/comments?post=24166"}],"wp:featuredmedia":[{"embeddable":true,"href":"https:\/\/wisperbikes.com\/hu\/wp-json\/wp\/v2\/media\/4833"}],"wp:attachment":[{"href":"https:\/\/wisperbikes.com\/hu\/wp-json\/wp\/v2\/media?parent=24166"}],"wp:term":[{"taxonomy":"product_cat","embeddable":true,"href":"https:\/\/wisperbikes.com\/hu\/wp-json\/wp\/v2\/product_cat?post=24166"},{"taxonomy":"product_tag","embeddable":true,"href":"https:\/\/wisperbikes.com\/hu\/wp-json\/wp\/v2\/product_tag?post=24166"}],"curies":[{"name":"wp","href":"https:\/\/api.w.org\/{rel}","templated":true}]}}