{"id":24169,"date":"2018-12-10T00:00:00","date_gmt":"2018-12-10T00:00:00","guid":{"rendered":"http:\/\/localhost\/wisper_both\/shop\/uncategorized\/mtb-shorts\/"},"modified":"2024-03-26T09:23:37","modified_gmt":"2024-03-26T09:23:37","slug":"mtb-shorts","status":"publish","type":"product","link":"https:\/\/wisperbikes.com\/hu\/shop\/accessories\/clothing\/mtb-shorts\/","title":{"rendered":"Mtb Shorts"},"content":{"rendered":"","protected":false},"excerpt":{"rendered":"<p>Some people say shorts are the most important piece of clothing when cycling and we have recognised this and over many years developed what we believe to be one of the best quality shorts on the market. Our shorts are packed with technology and the latest fabrics.<\/p>\n","protected":false},"featured_media":4829,"comment_status":"closed","ping_status":"closed","template":"","meta":[],"product_cat":[157],"product_tag":[],"acf":[],"yoast_head":"<!-- This site is optimized with the Yoast SEO plugin v20.12 - https:\/\/yoast.com\/wordpress\/plugins\/seo\/ -->\n<title>MTB r\u00f6vidnadr\u00e1g | Hegyi ker\u00e9kp\u00e1ros r\u00f6vidnadr\u00e1g<\/title>\n<meta name=\"description\" content=\"A leg\u00fajabb anyagok \u00e9s technol\u00f3gi\u00e1k felhaszn\u00e1l\u00e1s\u00e1val k\u00e9sz\u00fclt, hogy k\u00e9nyelmes \u00e9s eleg\u00e1ns \u00f6lt\u00f6z\u00e9ket ny\u00fajtson a legjobb ker\u00e9kp\u00e1ros teljes\u00edtm\u00e9ny \u00e9rdek\u00e9ben.\" \/>\n<meta name=\"robots\" content=\"index, follow, max-snippet:-1, max-image-preview:large, max-video-preview:-1\" \/>\n<link rel=\"canonical\" href=\"https:\/\/wisperbikes.com\/hu\/shop\/accessories\/clothing\/mtb-shorts\/\" \/>\n<meta property=\"og:locale\" content=\"hu_HU\" \/>\n<meta property=\"og:type\" content=\"article\" \/>\n<meta property=\"og:title\" content=\"MTB r\u00f6vidnadr\u00e1g | Hegyi ker\u00e9kp\u00e1ros r\u00f6vidnadr\u00e1g\" \/>\n<meta property=\"og:description\" content=\"A leg\u00fajabb anyagok \u00e9s technol\u00f3gi\u00e1k felhaszn\u00e1l\u00e1s\u00e1val k\u00e9sz\u00fclt, hogy k\u00e9nyelmes \u00e9s eleg\u00e1ns \u00f6lt\u00f6z\u00e9ket ny\u00fajtson a legjobb ker\u00e9kp\u00e1ros teljes\u00edtm\u00e9ny \u00e9rdek\u00e9ben.\" \/>\n<meta property=\"og:url\" content=\"https:\/\/wisperbikes.com\/hu\/shop\/accessories\/clothing\/mtb-shorts\/\" \/>\n<meta property=\"og:site_name\" content=\"Wisper Bikes\" \/>\n<meta property=\"article:publisher\" content=\"https:\/\/www.facebook.com\/Amps.Bike\/\" \/>\n<meta property=\"article:modified_time\" content=\"2024-03-26T09:23:37+00:00\" \/>\n<meta property=\"og:image\" content=\"https:\/\/wisperbikes.com\/hu\/wp-content\/uploads\/2018\/12\/MTB-Shorts-2.jpg\" \/>\n\t<meta property=\"og:image:width\" content=\"600\" \/>\n\t<meta property=\"og:image:height\" content=\"600\" \/>\n\t<meta property=\"og:image:type\" content=\"image\/jpeg\" \/>\n<meta name=\"twitter:card\" content=\"summary_large_image\" \/>\n<meta name=\"twitter:site\" content=\"@wisperebikes\" \/>\n<script type=\"application\/ld+json\" class=\"yoast-schema-graph\">{\"@context\":\"https:\/\/schema.org\",\"@graph\":[{\"@type\":\"WebPage\",\"@id\":\"https:\/\/wisperbikes.com\/hu\/shop\/accessories\/clothing\/mtb-shorts\/\",\"url\":\"https:\/\/wisperbikes.com\/hu\/shop\/accessories\/clothing\/mtb-shorts\/\",\"name\":\"MTB r\u00f6vidnadr\u00e1g | Hegyi ker\u00e9kp\u00e1ros r\u00f6vidnadr\u00e1g\",\"isPartOf\":{\"@id\":\"https:\/\/wisperbikes.com\/hu\/#website\"},\"datePublished\":\"2018-12-10T00:00:00+00:00\",\"dateModified\":\"2024-03-26T09:23:37+00:00\",\"description\":\"A leg\u00fajabb anyagok \u00e9s technol\u00f3gi\u00e1k felhaszn\u00e1l\u00e1s\u00e1val k\u00e9sz\u00fclt, hogy k\u00e9nyelmes \u00e9s eleg\u00e1ns \u00f6lt\u00f6z\u00e9ket ny\u00fajtson a legjobb ker\u00e9kp\u00e1ros teljes\u00edtm\u00e9ny \u00e9rdek\u00e9ben.\",\"breadcrumb\":{\"@id\":\"https:\/\/wisperbikes.com\/hu\/shop\/accessories\/clothing\/mtb-shorts\/#breadcrumb\"},\"inLanguage\":\"hu\",\"potentialAction\":[{\"@type\":\"ReadAction\",\"target\":[\"https:\/\/wisperbikes.com\/hu\/shop\/accessories\/clothing\/mtb-shorts\/\"]}]},{\"@type\":\"BreadcrumbList\",\"@id\":\"https:\/\/wisperbikes.com\/hu\/shop\/accessories\/clothing\/mtb-shorts\/#breadcrumb\",\"itemListElement\":[{\"@type\":\"ListItem\",\"position\":1,\"name\":\"Home\",\"item\":\"https:\/\/wisperbikes.com\/hu\/\"},{\"@type\":\"ListItem\",\"position\":2,\"name\":\"Our Shop\",\"item\":\"https:\/\/wisperbikes.com\/hu\/shop\/\"},{\"@type\":\"ListItem\",\"position\":3,\"name\":\"Mtb Shorts\"}]},{\"@type\":\"WebSite\",\"@id\":\"https:\/\/wisperbikes.com\/hu\/#website\",\"url\":\"https:\/\/wisperbikes.com\/hu\/\",\"name\":\"Wisper Bikes\",\"description\":\"Electric Bikes\",\"publisher\":{\"@id\":\"https:\/\/wisperbikes.com\/hu\/#organization\"},\"potentialAction\":[{\"@type\":\"SearchAction\",\"target\":{\"@type\":\"EntryPoint\",\"urlTemplate\":\"https:\/\/wisperbikes.com\/hu\/?s={search_term_string}\"},\"query-input\":\"required name=search_term_string\"}],\"inLanguage\":\"hu\"},{\"@type\":\"Organization\",\"@id\":\"https:\/\/wisperbikes.com\/hu\/#organization\",\"name\":\"Wisper Electric Bikes\",\"alternateName\":\"Wisper E-Bikes\",\"url\":\"https:\/\/wisperbikes.com\/hu\/\",\"logo\":{\"@type\":\"ImageObject\",\"inLanguage\":\"hu\",\"@id\":\"https:\/\/wisperbikes.com\/hu\/#\/schema\/logo\/image\/\",\"url\":\"https:\/\/wisperbikes.com\/hu\/wp-content\/uploads\/2021\/06\/WISPER-Logo.png\",\"contentUrl\":\"https:\/\/wisperbikes.com\/hu\/wp-content\/uploads\/2021\/06\/WISPER-Logo.png\",\"width\":250,\"height\":65,\"caption\":\"Wisper Electric Bikes\"},\"image\":{\"@id\":\"https:\/\/wisperbikes.com\/hu\/#\/schema\/logo\/image\/\"},\"sameAs\":[\"https:\/\/www.facebook.com\/Amps.Bike\/\",\"https:\/\/twitter.com\/wisperebikes\",\"https:\/\/www.instagram.com\/wisperbikes\/\"]}]}<\/script>\n<!-- \/ Yoast SEO plugin. -->","yoast_head_json":{"title":"MTB r\u00f6vidnadr\u00e1g | Hegyi ker\u00e9kp\u00e1ros r\u00f6vidnadr\u00e1g","description":"A leg\u00fajabb anyagok \u00e9s technol\u00f3gi\u00e1k felhaszn\u00e1l\u00e1s\u00e1val k\u00e9sz\u00fclt, hogy k\u00e9nyelmes \u00e9s eleg\u00e1ns \u00f6lt\u00f6z\u00e9ket ny\u00fajtson a legjobb ker\u00e9kp\u00e1ros teljes\u00edtm\u00e9ny \u00e9rdek\u00e9ben.","robots":{"index":"index","follow":"follow","max-snippet":"max-snippet:-1","max-image-preview":"max-image-preview:large","max-video-preview":"max-video-preview:-1"},"canonical":"https:\/\/wisperbikes.com\/hu\/shop\/accessories\/clothing\/mtb-shorts\/","og_locale":"hu_HU","og_type":"article","og_title":"MTB r\u00f6vidnadr\u00e1g | Hegyi ker\u00e9kp\u00e1ros r\u00f6vidnadr\u00e1g","og_description":"A leg\u00fajabb anyagok \u00e9s technol\u00f3gi\u00e1k felhaszn\u00e1l\u00e1s\u00e1val k\u00e9sz\u00fclt, hogy k\u00e9nyelmes \u00e9s eleg\u00e1ns \u00f6lt\u00f6z\u00e9ket ny\u00fajtson a legjobb ker\u00e9kp\u00e1ros teljes\u00edtm\u00e9ny \u00e9rdek\u00e9ben.","og_url":"https:\/\/wisperbikes.com\/hu\/shop\/accessories\/clothing\/mtb-shorts\/","og_site_name":"Wisper Bikes","article_publisher":"https:\/\/www.facebook.com\/Amps.Bike\/","article_modified_time":"2024-03-26T09:23:37+00:00","og_image":[{"width":600,"height":600,"url":"https:\/\/wisperbikes.com\/hu\/wp-content\/uploads\/2018\/12\/MTB-Shorts-2.jpg","type":"image\/jpeg"}],"twitter_card":"summary_large_image","twitter_site":"@wisperebikes","schema":{"@context":"https:\/\/schema.org","@graph":[{"@type":"WebPage","@id":"https:\/\/wisperbikes.com\/hu\/shop\/accessories\/clothing\/mtb-shorts\/","url":"https:\/\/wisperbikes.com\/hu\/shop\/accessories\/clothing\/mtb-shorts\/","name":"MTB r\u00f6vidnadr\u00e1g | Hegyi ker\u00e9kp\u00e1ros r\u00f6vidnadr\u00e1g","isPartOf":{"@id":"https:\/\/wisperbikes.com\/hu\/#website"},"datePublished":"2018-12-10T00:00:00+00:00","dateModified":"2024-03-26T09:23:37+00:00","description":"A leg\u00fajabb anyagok \u00e9s technol\u00f3gi\u00e1k felhaszn\u00e1l\u00e1s\u00e1val k\u00e9sz\u00fclt, hogy k\u00e9nyelmes \u00e9s eleg\u00e1ns \u00f6lt\u00f6z\u00e9ket ny\u00fajtson a legjobb ker\u00e9kp\u00e1ros teljes\u00edtm\u00e9ny \u00e9rdek\u00e9ben.","breadcrumb":{"@id":"https:\/\/wisperbikes.com\/hu\/shop\/accessories\/clothing\/mtb-shorts\/#breadcrumb"},"inLanguage":"hu","potentialAction":[{"@type":"ReadAction","target":["https:\/\/wisperbikes.com\/hu\/shop\/accessories\/clothing\/mtb-shorts\/"]}]},{"@type":"BreadcrumbList","@id":"https:\/\/wisperbikes.com\/hu\/shop\/accessories\/clothing\/mtb-shorts\/#breadcrumb","itemListElement":[{"@type":"ListItem","position":1,"name":"Home","item":"https:\/\/wisperbikes.com\/hu\/"},{"@type":"ListItem","position":2,"name":"Our Shop","item":"https:\/\/wisperbikes.com\/hu\/shop\/"},{"@type":"ListItem","position":3,"name":"Mtb Shorts"}]},{"@type":"WebSite","@id":"https:\/\/wisperbikes.com\/hu\/#website","url":"https:\/\/wisperbikes.com\/hu\/","name":"Wisper Bikes","description":"Electric Bikes","publisher":{"@id":"https:\/\/wisperbikes.com\/hu\/#organization"},"potentialAction":[{"@type":"SearchAction","target":{"@type":"EntryPoint","urlTemplate":"https:\/\/wisperbikes.com\/hu\/?s={search_term_string}"},"query-input":"required name=search_term_string"}],"inLanguage":"hu"},{"@type":"Organization","@id":"https:\/\/wisperbikes.com\/hu\/#organization","name":"Wisper Electric Bikes","alternateName":"Wisper E-Bikes","url":"https:\/\/wisperbikes.com\/hu\/","logo":{"@type":"ImageObject","inLanguage":"hu","@id":"https:\/\/wisperbikes.com\/hu\/#\/schema\/logo\/image\/","url":"https:\/\/wisperbikes.com\/hu\/wp-content\/uploads\/2021\/06\/WISPER-Logo.png","contentUrl":"https:\/\/wisperbikes.com\/hu\/wp-content\/uploads\/2021\/06\/WISPER-Logo.png","width":250,"height":65,"caption":"Wisper Electric Bikes"},"image":{"@id":"https:\/\/wisperbikes.com\/hu\/#\/schema\/logo\/image\/"},"sameAs":["https:\/\/www.facebook.com\/Amps.Bike\/","https:\/\/twitter.com\/wisperebikes","https:\/\/www.instagram.com\/wisperbikes\/"]}]}},"_links":{"self":[{"href":"https:\/\/wisperbikes.com\/hu\/wp-json\/wp\/v2\/product\/24169"}],"collection":[{"href":"https:\/\/wisperbikes.com\/hu\/wp-json\/wp\/v2\/product"}],"about":[{"href":"https:\/\/wisperbikes.com\/hu\/wp-json\/wp\/v2\/types\/product"}],"replies":[{"embeddable":true,"href":"https:\/\/wisperbikes.com\/hu\/wp-json\/wp\/v2\/comments?post=24169"}],"wp:featuredmedia":[{"embeddable":true,"href":"https:\/\/wisperbikes.com\/hu\/wp-json\/wp\/v2\/media\/4829"}],"wp:attachment":[{"href":"https:\/\/wisperbikes.com\/hu\/wp-json\/wp\/v2\/media?parent=24169"}],"wp:term":[{"taxonomy":"product_cat","embeddable":true,"href":"https:\/\/wisperbikes.com\/hu\/wp-json\/wp\/v2\/product_cat?post=24169"},{"taxonomy":"product_tag","embeddable":true,"href":"https:\/\/wisperbikes.com\/hu\/wp-json\/wp\/v2\/product_tag?post=24169"}],"curies":[{"name":"wp","href":"https:\/\/api.w.org\/{rel}","templated":true}]}}