{"id":24183,"date":"2017-10-23T00:00:00","date_gmt":"2017-10-23T00:00:00","guid":{"rendered":"http:\/\/localhost\/wisper_both\/shop\/uncategorized\/wisper-806-rear-wheel-spacers-washers\/"},"modified":"2024-03-05T10:40:54","modified_gmt":"2024-03-05T10:40:54","slug":"wisper-806-rear-wheel-spacers-washers","status":"publish","type":"product","link":"https:\/\/wisperbikes.com\/hu\/shop\/wheel\/wisper-806-rear-wheel-spacers-washers\/","title":{"rendered":"Wisper 806 Rear Wheel Spacers &#038; Washers"},"content":{"rendered":"<p>806 2015+<\/p>\n<p>SKU: PWBT32001<\/p>\n","protected":false},"excerpt":{"rendered":"<p>806 2015+ SKU: PWBT32001<\/p>\n","protected":false},"featured_media":6709,"comment_status":"closed","ping_status":"closed","template":"","meta":[],"product_cat":[202],"product_tag":[],"acf":[],"yoast_head":"<!-- This site is optimized with the Yoast SEO plugin v20.12 - https:\/\/yoast.com\/wordpress\/plugins\/seo\/ -->\n<title>Wisper 806 Espa\u00e7adores e Arruelas da Roda Traseira | Acess\u00f3rios<\/title>\n<meta name=\"description\" content=\"A Wisper e-bike-ek strapab\u00edr\u00f3, v\u00edz\u00e1ll\u00f3 h\u00e1ts\u00f3ker\u00e9k-t\u00e1vtart\u00f3kkal \u00e9s al\u00e1t\u00e9tekkel b\u00fcszk\u00e9lkednek, amelyek biztos\u00edtj\u00e1k a hossz\u00fa \u00e9lettartamot \u00e9s teljes\u00edtm\u00e9nyt.\" \/>\n<meta name=\"robots\" content=\"index, follow, max-snippet:-1, max-image-preview:large, max-video-preview:-1\" \/>\n<link rel=\"canonical\" href=\"https:\/\/wisperbikes.com\/hu\/shop\/wheel\/wisper-806-rear-wheel-spacers-washers\/\" \/>\n<meta property=\"og:locale\" content=\"hu_HU\" \/>\n<meta property=\"og:type\" content=\"article\" \/>\n<meta property=\"og:title\" content=\"Wisper 806 Espa\u00e7adores e Arruelas da Roda Traseira | Acess\u00f3rios\" \/>\n<meta property=\"og:description\" content=\"A Wisper e-bike-ek strapab\u00edr\u00f3, v\u00edz\u00e1ll\u00f3 h\u00e1ts\u00f3ker\u00e9k-t\u00e1vtart\u00f3kkal \u00e9s al\u00e1t\u00e9tekkel b\u00fcszk\u00e9lkednek, amelyek biztos\u00edtj\u00e1k a hossz\u00fa \u00e9lettartamot \u00e9s teljes\u00edtm\u00e9nyt.\" \/>\n<meta property=\"og:url\" content=\"https:\/\/wisperbikes.com\/hu\/shop\/wheel\/wisper-806-rear-wheel-spacers-washers\/\" \/>\n<meta property=\"og:site_name\" content=\"Wisper Bikes\" \/>\n<meta property=\"article:publisher\" content=\"https:\/\/www.facebook.com\/Amps.Bike\/\" \/>\n<meta property=\"article:modified_time\" content=\"2024-03-05T10:40:54+00:00\" \/>\n<meta property=\"og:image\" content=\"https:\/\/wisperbikes.com\/hu\/wp-content\/uploads\/2019\/06\/PWBT32001-WISPER-806-REAR-WHEEL-SPACERS-WASHERS-1.jpg\" \/>\n\t<meta property=\"og:image:width\" content=\"970\" \/>\n\t<meta property=\"og:image:height\" content=\"970\" \/>\n\t<meta property=\"og:image:type\" content=\"image\/jpeg\" \/>\n<meta name=\"twitter:card\" content=\"summary_large_image\" \/>\n<meta name=\"twitter:site\" content=\"@wisperebikes\" \/>\n<meta name=\"twitter:label1\" content=\"Becs\u00fclt olvas\u00e1si id\u0151\" \/>\n\t<meta name=\"twitter:data1\" content=\"1 perc\" \/>\n<script type=\"application\/ld+json\" class=\"yoast-schema-graph\">{\"@context\":\"https:\/\/schema.org\",\"@graph\":[{\"@type\":\"WebPage\",\"@id\":\"https:\/\/wisperbikes.com\/hu\/shop\/wheel\/wisper-806-rear-wheel-spacers-washers\/\",\"url\":\"https:\/\/wisperbikes.com\/hu\/shop\/wheel\/wisper-806-rear-wheel-spacers-washers\/\",\"name\":\"Wisper 806 Espa\u00e7adores e Arruelas da Roda Traseira | Acess\u00f3rios\",\"isPartOf\":{\"@id\":\"https:\/\/wisperbikes.com\/hu\/#website\"},\"datePublished\":\"2017-10-23T00:00:00+00:00\",\"dateModified\":\"2024-03-05T10:40:54+00:00\",\"description\":\"A Wisper e-bike-ek strapab\u00edr\u00f3, v\u00edz\u00e1ll\u00f3 h\u00e1ts\u00f3ker\u00e9k-t\u00e1vtart\u00f3kkal \u00e9s al\u00e1t\u00e9tekkel b\u00fcszk\u00e9lkednek, amelyek biztos\u00edtj\u00e1k a hossz\u00fa \u00e9lettartamot \u00e9s teljes\u00edtm\u00e9nyt.\",\"breadcrumb\":{\"@id\":\"https:\/\/wisperbikes.com\/hu\/shop\/wheel\/wisper-806-rear-wheel-spacers-washers\/#breadcrumb\"},\"inLanguage\":\"hu\",\"potentialAction\":[{\"@type\":\"ReadAction\",\"target\":[\"https:\/\/wisperbikes.com\/hu\/shop\/wheel\/wisper-806-rear-wheel-spacers-washers\/\"]}]},{\"@type\":\"BreadcrumbList\",\"@id\":\"https:\/\/wisperbikes.com\/hu\/shop\/wheel\/wisper-806-rear-wheel-spacers-washers\/#breadcrumb\",\"itemListElement\":[{\"@type\":\"ListItem\",\"position\":1,\"name\":\"Home\",\"item\":\"https:\/\/wisperbikes.com\/hu\/\"},{\"@type\":\"ListItem\",\"position\":2,\"name\":\"Our Shop\",\"item\":\"https:\/\/wisperbikes.com\/hu\/shop\/\"},{\"@type\":\"ListItem\",\"position\":3,\"name\":\"Wisper 806 Rear Wheel Spacers &#038; Washers\"}]},{\"@type\":\"WebSite\",\"@id\":\"https:\/\/wisperbikes.com\/hu\/#website\",\"url\":\"https:\/\/wisperbikes.com\/hu\/\",\"name\":\"Wisper Bikes\",\"description\":\"Electric Bikes\",\"publisher\":{\"@id\":\"https:\/\/wisperbikes.com\/hu\/#organization\"},\"potentialAction\":[{\"@type\":\"SearchAction\",\"target\":{\"@type\":\"EntryPoint\",\"urlTemplate\":\"https:\/\/wisperbikes.com\/hu\/?s={search_term_string}\"},\"query-input\":\"required name=search_term_string\"}],\"inLanguage\":\"hu\"},{\"@type\":\"Organization\",\"@id\":\"https:\/\/wisperbikes.com\/hu\/#organization\",\"name\":\"Wisper Electric Bikes\",\"alternateName\":\"Wisper E-Bikes\",\"url\":\"https:\/\/wisperbikes.com\/hu\/\",\"logo\":{\"@type\":\"ImageObject\",\"inLanguage\":\"hu\",\"@id\":\"https:\/\/wisperbikes.com\/hu\/#\/schema\/logo\/image\/\",\"url\":\"https:\/\/wisperbikes.com\/hu\/wp-content\/uploads\/2021\/06\/WISPER-Logo.png\",\"contentUrl\":\"https:\/\/wisperbikes.com\/hu\/wp-content\/uploads\/2021\/06\/WISPER-Logo.png\",\"width\":250,\"height\":65,\"caption\":\"Wisper Electric Bikes\"},\"image\":{\"@id\":\"https:\/\/wisperbikes.com\/hu\/#\/schema\/logo\/image\/\"},\"sameAs\":[\"https:\/\/www.facebook.com\/Amps.Bike\/\",\"https:\/\/twitter.com\/wisperebikes\",\"https:\/\/www.instagram.com\/wisperbikes\/\"]}]}<\/script>\n<!-- \/ Yoast SEO plugin. -->","yoast_head_json":{"title":"Wisper 806 Espa\u00e7adores e Arruelas da Roda Traseira | Acess\u00f3rios","description":"A Wisper e-bike-ek strapab\u00edr\u00f3, v\u00edz\u00e1ll\u00f3 h\u00e1ts\u00f3ker\u00e9k-t\u00e1vtart\u00f3kkal \u00e9s al\u00e1t\u00e9tekkel b\u00fcszk\u00e9lkednek, amelyek biztos\u00edtj\u00e1k a hossz\u00fa \u00e9lettartamot \u00e9s teljes\u00edtm\u00e9nyt.","robots":{"index":"index","follow":"follow","max-snippet":"max-snippet:-1","max-image-preview":"max-image-preview:large","max-video-preview":"max-video-preview:-1"},"canonical":"https:\/\/wisperbikes.com\/hu\/shop\/wheel\/wisper-806-rear-wheel-spacers-washers\/","og_locale":"hu_HU","og_type":"article","og_title":"Wisper 806 Espa\u00e7adores e Arruelas da Roda Traseira | Acess\u00f3rios","og_description":"A Wisper e-bike-ek strapab\u00edr\u00f3, v\u00edz\u00e1ll\u00f3 h\u00e1ts\u00f3ker\u00e9k-t\u00e1vtart\u00f3kkal \u00e9s al\u00e1t\u00e9tekkel b\u00fcszk\u00e9lkednek, amelyek biztos\u00edtj\u00e1k a hossz\u00fa \u00e9lettartamot \u00e9s teljes\u00edtm\u00e9nyt.","og_url":"https:\/\/wisperbikes.com\/hu\/shop\/wheel\/wisper-806-rear-wheel-spacers-washers\/","og_site_name":"Wisper Bikes","article_publisher":"https:\/\/www.facebook.com\/Amps.Bike\/","article_modified_time":"2024-03-05T10:40:54+00:00","og_image":[{"width":970,"height":970,"url":"https:\/\/wisperbikes.com\/hu\/wp-content\/uploads\/2019\/06\/PWBT32001-WISPER-806-REAR-WHEEL-SPACERS-WASHERS-1.jpg","type":"image\/jpeg"}],"twitter_card":"summary_large_image","twitter_site":"@wisperebikes","twitter_misc":{"Becs\u00fclt olvas\u00e1si id\u0151":"1 perc"},"schema":{"@context":"https:\/\/schema.org","@graph":[{"@type":"WebPage","@id":"https:\/\/wisperbikes.com\/hu\/shop\/wheel\/wisper-806-rear-wheel-spacers-washers\/","url":"https:\/\/wisperbikes.com\/hu\/shop\/wheel\/wisper-806-rear-wheel-spacers-washers\/","name":"Wisper 806 Espa\u00e7adores e Arruelas da Roda Traseira | Acess\u00f3rios","isPartOf":{"@id":"https:\/\/wisperbikes.com\/hu\/#website"},"datePublished":"2017-10-23T00:00:00+00:00","dateModified":"2024-03-05T10:40:54+00:00","description":"A Wisper e-bike-ek strapab\u00edr\u00f3, v\u00edz\u00e1ll\u00f3 h\u00e1ts\u00f3ker\u00e9k-t\u00e1vtart\u00f3kkal \u00e9s al\u00e1t\u00e9tekkel b\u00fcszk\u00e9lkednek, amelyek biztos\u00edtj\u00e1k a hossz\u00fa \u00e9lettartamot \u00e9s teljes\u00edtm\u00e9nyt.","breadcrumb":{"@id":"https:\/\/wisperbikes.com\/hu\/shop\/wheel\/wisper-806-rear-wheel-spacers-washers\/#breadcrumb"},"inLanguage":"hu","potentialAction":[{"@type":"ReadAction","target":["https:\/\/wisperbikes.com\/hu\/shop\/wheel\/wisper-806-rear-wheel-spacers-washers\/"]}]},{"@type":"BreadcrumbList","@id":"https:\/\/wisperbikes.com\/hu\/shop\/wheel\/wisper-806-rear-wheel-spacers-washers\/#breadcrumb","itemListElement":[{"@type":"ListItem","position":1,"name":"Home","item":"https:\/\/wisperbikes.com\/hu\/"},{"@type":"ListItem","position":2,"name":"Our Shop","item":"https:\/\/wisperbikes.com\/hu\/shop\/"},{"@type":"ListItem","position":3,"name":"Wisper 806 Rear Wheel Spacers &#038; Washers"}]},{"@type":"WebSite","@id":"https:\/\/wisperbikes.com\/hu\/#website","url":"https:\/\/wisperbikes.com\/hu\/","name":"Wisper Bikes","description":"Electric Bikes","publisher":{"@id":"https:\/\/wisperbikes.com\/hu\/#organization"},"potentialAction":[{"@type":"SearchAction","target":{"@type":"EntryPoint","urlTemplate":"https:\/\/wisperbikes.com\/hu\/?s={search_term_string}"},"query-input":"required name=search_term_string"}],"inLanguage":"hu"},{"@type":"Organization","@id":"https:\/\/wisperbikes.com\/hu\/#organization","name":"Wisper Electric Bikes","alternateName":"Wisper E-Bikes","url":"https:\/\/wisperbikes.com\/hu\/","logo":{"@type":"ImageObject","inLanguage":"hu","@id":"https:\/\/wisperbikes.com\/hu\/#\/schema\/logo\/image\/","url":"https:\/\/wisperbikes.com\/hu\/wp-content\/uploads\/2021\/06\/WISPER-Logo.png","contentUrl":"https:\/\/wisperbikes.com\/hu\/wp-content\/uploads\/2021\/06\/WISPER-Logo.png","width":250,"height":65,"caption":"Wisper Electric Bikes"},"image":{"@id":"https:\/\/wisperbikes.com\/hu\/#\/schema\/logo\/image\/"},"sameAs":["https:\/\/www.facebook.com\/Amps.Bike\/","https:\/\/twitter.com\/wisperebikes","https:\/\/www.instagram.com\/wisperbikes\/"]}]}},"_links":{"self":[{"href":"https:\/\/wisperbikes.com\/hu\/wp-json\/wp\/v2\/product\/24183"}],"collection":[{"href":"https:\/\/wisperbikes.com\/hu\/wp-json\/wp\/v2\/product"}],"about":[{"href":"https:\/\/wisperbikes.com\/hu\/wp-json\/wp\/v2\/types\/product"}],"replies":[{"embeddable":true,"href":"https:\/\/wisperbikes.com\/hu\/wp-json\/wp\/v2\/comments?post=24183"}],"wp:featuredmedia":[{"embeddable":true,"href":"https:\/\/wisperbikes.com\/hu\/wp-json\/wp\/v2\/media\/6709"}],"wp:attachment":[{"href":"https:\/\/wisperbikes.com\/hu\/wp-json\/wp\/v2\/media?parent=24183"}],"wp:term":[{"taxonomy":"product_cat","embeddable":true,"href":"https:\/\/wisperbikes.com\/hu\/wp-json\/wp\/v2\/product_cat?post=24183"},{"taxonomy":"product_tag","embeddable":true,"href":"https:\/\/wisperbikes.com\/hu\/wp-json\/wp\/v2\/product_tag?post=24183"}],"curies":[{"name":"wp","href":"https:\/\/api.w.org\/{rel}","templated":true}]}}