{"id":24189,"date":"2017-10-23T00:00:00","date_gmt":"2017-10-23T00:00:00","guid":{"rendered":"http:\/\/localhost\/wisper_both\/shop\/uncategorized\/wisper-se-front-rear-light-cables\/"},"modified":"2024-03-01T16:49:47","modified_gmt":"2024-03-01T16:49:47","slug":"wisper-se-front-rear-light-cables","status":"publish","type":"product","link":"https:\/\/wisperbikes.com\/hu\/shop\/accessories\/wisper-se-front-rear-light-cables\/","title":{"rendered":"Wisper Se Front-Rear Light Cables"},"content":{"rendered":"<p>SE RANGE<\/p>\n<p>SKU: PWB31007<\/p>\n","protected":false},"excerpt":{"rendered":"<p>SE RANGE SKU: PWB31007<\/p>\n","protected":false},"featured_media":6721,"comment_status":"closed","ping_status":"closed","template":"","meta":[],"product_cat":[168,169],"product_tag":[],"acf":[],"yoast_head":"<!-- This site is optimized with the Yoast SEO plugin v20.12 - https:\/\/yoast.com\/wordpress\/plugins\/seo\/ -->\n<title>Wisper SE Els\u0151-H\u00e1ts\u00f3 Vil\u00e1g\u00edt\u00f3k\u00e1belek | Ker\u00e9kp\u00e1r Kieg\u00e9sz\u00edt\u0151k<\/title>\n<meta name=\"description\" content=\"A Wisper SE Els\u0151-H\u00e1ts\u00f3 Vil\u00e1g\u00edt\u00f3k\u00e1bel k\u00f6nny\u0171, strapab\u00edr\u00f3 k\u00e1bel, amely k\u00f6nnyed\u00e9n visszah\u00faz\u00f3dik a ker\u00e9kp\u00e1r v\u00e1z\u00e1ba, hogy k\u00f6nny\u0171 t\u00e1rol\u00e1st biztos\u00edtson.\" \/>\n<meta name=\"robots\" content=\"index, follow, max-snippet:-1, max-image-preview:large, max-video-preview:-1\" \/>\n<link rel=\"canonical\" href=\"https:\/\/wisperbikes.com\/hu\/shop\/accessories\/wisper-se-front-rear-light-cables\/\" \/>\n<meta property=\"og:locale\" content=\"hu_HU\" \/>\n<meta property=\"og:type\" content=\"article\" \/>\n<meta property=\"og:title\" content=\"Wisper SE Els\u0151-H\u00e1ts\u00f3 Vil\u00e1g\u00edt\u00f3k\u00e1belek | Ker\u00e9kp\u00e1r Kieg\u00e9sz\u00edt\u0151k\" \/>\n<meta property=\"og:description\" content=\"A Wisper SE Els\u0151-H\u00e1ts\u00f3 Vil\u00e1g\u00edt\u00f3k\u00e1bel k\u00f6nny\u0171, strapab\u00edr\u00f3 k\u00e1bel, amely k\u00f6nnyed\u00e9n visszah\u00faz\u00f3dik a ker\u00e9kp\u00e1r v\u00e1z\u00e1ba, hogy k\u00f6nny\u0171 t\u00e1rol\u00e1st biztos\u00edtson.\" \/>\n<meta property=\"og:url\" content=\"https:\/\/wisperbikes.com\/hu\/shop\/accessories\/wisper-se-front-rear-light-cables\/\" \/>\n<meta property=\"og:site_name\" content=\"Wisper Bikes\" \/>\n<meta property=\"article:publisher\" content=\"https:\/\/www.facebook.com\/Amps.Bike\/\" \/>\n<meta property=\"article:modified_time\" content=\"2024-03-01T16:49:47+00:00\" \/>\n<meta property=\"og:image\" content=\"https:\/\/wisperbikes.com\/hu\/wp-content\/uploads\/2019\/06\/PWB31007-WISPER-SE-FRONT-REAR-LIGHT-CABLES-1.jpg\" \/>\n\t<meta property=\"og:image:width\" content=\"970\" \/>\n\t<meta property=\"og:image:height\" content=\"970\" \/>\n\t<meta property=\"og:image:type\" content=\"image\/jpeg\" \/>\n<meta name=\"twitter:card\" content=\"summary_large_image\" \/>\n<meta name=\"twitter:site\" content=\"@wisperebikes\" \/>\n<meta name=\"twitter:label1\" content=\"Becs\u00fclt olvas\u00e1si id\u0151\" \/>\n\t<meta name=\"twitter:data1\" content=\"1 perc\" \/>\n<script type=\"application\/ld+json\" class=\"yoast-schema-graph\">{\"@context\":\"https:\/\/schema.org\",\"@graph\":[{\"@type\":\"WebPage\",\"@id\":\"https:\/\/wisperbikes.com\/hu\/shop\/accessories\/wisper-se-front-rear-light-cables\/\",\"url\":\"https:\/\/wisperbikes.com\/hu\/shop\/accessories\/wisper-se-front-rear-light-cables\/\",\"name\":\"Wisper SE Els\u0151-H\u00e1ts\u00f3 Vil\u00e1g\u00edt\u00f3k\u00e1belek | Ker\u00e9kp\u00e1r Kieg\u00e9sz\u00edt\u0151k\",\"isPartOf\":{\"@id\":\"https:\/\/wisperbikes.com\/hu\/#website\"},\"datePublished\":\"2017-10-23T00:00:00+00:00\",\"dateModified\":\"2024-03-01T16:49:47+00:00\",\"description\":\"A Wisper SE Els\u0151-H\u00e1ts\u00f3 Vil\u00e1g\u00edt\u00f3k\u00e1bel k\u00f6nny\u0171, strapab\u00edr\u00f3 k\u00e1bel, amely k\u00f6nnyed\u00e9n visszah\u00faz\u00f3dik a ker\u00e9kp\u00e1r v\u00e1z\u00e1ba, hogy k\u00f6nny\u0171 t\u00e1rol\u00e1st biztos\u00edtson.\",\"breadcrumb\":{\"@id\":\"https:\/\/wisperbikes.com\/hu\/shop\/accessories\/wisper-se-front-rear-light-cables\/#breadcrumb\"},\"inLanguage\":\"hu\",\"potentialAction\":[{\"@type\":\"ReadAction\",\"target\":[\"https:\/\/wisperbikes.com\/hu\/shop\/accessories\/wisper-se-front-rear-light-cables\/\"]}]},{\"@type\":\"BreadcrumbList\",\"@id\":\"https:\/\/wisperbikes.com\/hu\/shop\/accessories\/wisper-se-front-rear-light-cables\/#breadcrumb\",\"itemListElement\":[{\"@type\":\"ListItem\",\"position\":1,\"name\":\"Home\",\"item\":\"https:\/\/wisperbikes.com\/hu\/\"},{\"@type\":\"ListItem\",\"position\":2,\"name\":\"Our Shop\",\"item\":\"https:\/\/wisperbikes.com\/hu\/shop\/\"},{\"@type\":\"ListItem\",\"position\":3,\"name\":\"Wisper Se Front-Rear Light Cables\"}]},{\"@type\":\"WebSite\",\"@id\":\"https:\/\/wisperbikes.com\/hu\/#website\",\"url\":\"https:\/\/wisperbikes.com\/hu\/\",\"name\":\"Wisper Bikes\",\"description\":\"Electric Bikes\",\"publisher\":{\"@id\":\"https:\/\/wisperbikes.com\/hu\/#organization\"},\"potentialAction\":[{\"@type\":\"SearchAction\",\"target\":{\"@type\":\"EntryPoint\",\"urlTemplate\":\"https:\/\/wisperbikes.com\/hu\/?s={search_term_string}\"},\"query-input\":\"required name=search_term_string\"}],\"inLanguage\":\"hu\"},{\"@type\":\"Organization\",\"@id\":\"https:\/\/wisperbikes.com\/hu\/#organization\",\"name\":\"Wisper Electric Bikes\",\"alternateName\":\"Wisper E-Bikes\",\"url\":\"https:\/\/wisperbikes.com\/hu\/\",\"logo\":{\"@type\":\"ImageObject\",\"inLanguage\":\"hu\",\"@id\":\"https:\/\/wisperbikes.com\/hu\/#\/schema\/logo\/image\/\",\"url\":\"https:\/\/wisperbikes.com\/hu\/wp-content\/uploads\/2021\/06\/WISPER-Logo.png\",\"contentUrl\":\"https:\/\/wisperbikes.com\/hu\/wp-content\/uploads\/2021\/06\/WISPER-Logo.png\",\"width\":250,\"height\":65,\"caption\":\"Wisper Electric Bikes\"},\"image\":{\"@id\":\"https:\/\/wisperbikes.com\/hu\/#\/schema\/logo\/image\/\"},\"sameAs\":[\"https:\/\/www.facebook.com\/Amps.Bike\/\",\"https:\/\/twitter.com\/wisperebikes\",\"https:\/\/www.instagram.com\/wisperbikes\/\"]}]}<\/script>\n<!-- \/ Yoast SEO plugin. -->","yoast_head_json":{"title":"Wisper SE Els\u0151-H\u00e1ts\u00f3 Vil\u00e1g\u00edt\u00f3k\u00e1belek | Ker\u00e9kp\u00e1r Kieg\u00e9sz\u00edt\u0151k","description":"A Wisper SE Els\u0151-H\u00e1ts\u00f3 Vil\u00e1g\u00edt\u00f3k\u00e1bel k\u00f6nny\u0171, strapab\u00edr\u00f3 k\u00e1bel, amely k\u00f6nnyed\u00e9n visszah\u00faz\u00f3dik a ker\u00e9kp\u00e1r v\u00e1z\u00e1ba, hogy k\u00f6nny\u0171 t\u00e1rol\u00e1st biztos\u00edtson.","robots":{"index":"index","follow":"follow","max-snippet":"max-snippet:-1","max-image-preview":"max-image-preview:large","max-video-preview":"max-video-preview:-1"},"canonical":"https:\/\/wisperbikes.com\/hu\/shop\/accessories\/wisper-se-front-rear-light-cables\/","og_locale":"hu_HU","og_type":"article","og_title":"Wisper SE Els\u0151-H\u00e1ts\u00f3 Vil\u00e1g\u00edt\u00f3k\u00e1belek | Ker\u00e9kp\u00e1r Kieg\u00e9sz\u00edt\u0151k","og_description":"A Wisper SE Els\u0151-H\u00e1ts\u00f3 Vil\u00e1g\u00edt\u00f3k\u00e1bel k\u00f6nny\u0171, strapab\u00edr\u00f3 k\u00e1bel, amely k\u00f6nnyed\u00e9n visszah\u00faz\u00f3dik a ker\u00e9kp\u00e1r v\u00e1z\u00e1ba, hogy k\u00f6nny\u0171 t\u00e1rol\u00e1st biztos\u00edtson.","og_url":"https:\/\/wisperbikes.com\/hu\/shop\/accessories\/wisper-se-front-rear-light-cables\/","og_site_name":"Wisper Bikes","article_publisher":"https:\/\/www.facebook.com\/Amps.Bike\/","article_modified_time":"2024-03-01T16:49:47+00:00","og_image":[{"width":970,"height":970,"url":"https:\/\/wisperbikes.com\/hu\/wp-content\/uploads\/2019\/06\/PWB31007-WISPER-SE-FRONT-REAR-LIGHT-CABLES-1.jpg","type":"image\/jpeg"}],"twitter_card":"summary_large_image","twitter_site":"@wisperebikes","twitter_misc":{"Becs\u00fclt olvas\u00e1si id\u0151":"1 perc"},"schema":{"@context":"https:\/\/schema.org","@graph":[{"@type":"WebPage","@id":"https:\/\/wisperbikes.com\/hu\/shop\/accessories\/wisper-se-front-rear-light-cables\/","url":"https:\/\/wisperbikes.com\/hu\/shop\/accessories\/wisper-se-front-rear-light-cables\/","name":"Wisper SE Els\u0151-H\u00e1ts\u00f3 Vil\u00e1g\u00edt\u00f3k\u00e1belek | Ker\u00e9kp\u00e1r Kieg\u00e9sz\u00edt\u0151k","isPartOf":{"@id":"https:\/\/wisperbikes.com\/hu\/#website"},"datePublished":"2017-10-23T00:00:00+00:00","dateModified":"2024-03-01T16:49:47+00:00","description":"A Wisper SE Els\u0151-H\u00e1ts\u00f3 Vil\u00e1g\u00edt\u00f3k\u00e1bel k\u00f6nny\u0171, strapab\u00edr\u00f3 k\u00e1bel, amely k\u00f6nnyed\u00e9n visszah\u00faz\u00f3dik a ker\u00e9kp\u00e1r v\u00e1z\u00e1ba, hogy k\u00f6nny\u0171 t\u00e1rol\u00e1st biztos\u00edtson.","breadcrumb":{"@id":"https:\/\/wisperbikes.com\/hu\/shop\/accessories\/wisper-se-front-rear-light-cables\/#breadcrumb"},"inLanguage":"hu","potentialAction":[{"@type":"ReadAction","target":["https:\/\/wisperbikes.com\/hu\/shop\/accessories\/wisper-se-front-rear-light-cables\/"]}]},{"@type":"BreadcrumbList","@id":"https:\/\/wisperbikes.com\/hu\/shop\/accessories\/wisper-se-front-rear-light-cables\/#breadcrumb","itemListElement":[{"@type":"ListItem","position":1,"name":"Home","item":"https:\/\/wisperbikes.com\/hu\/"},{"@type":"ListItem","position":2,"name":"Our Shop","item":"https:\/\/wisperbikes.com\/hu\/shop\/"},{"@type":"ListItem","position":3,"name":"Wisper Se Front-Rear Light Cables"}]},{"@type":"WebSite","@id":"https:\/\/wisperbikes.com\/hu\/#website","url":"https:\/\/wisperbikes.com\/hu\/","name":"Wisper Bikes","description":"Electric Bikes","publisher":{"@id":"https:\/\/wisperbikes.com\/hu\/#organization"},"potentialAction":[{"@type":"SearchAction","target":{"@type":"EntryPoint","urlTemplate":"https:\/\/wisperbikes.com\/hu\/?s={search_term_string}"},"query-input":"required name=search_term_string"}],"inLanguage":"hu"},{"@type":"Organization","@id":"https:\/\/wisperbikes.com\/hu\/#organization","name":"Wisper Electric Bikes","alternateName":"Wisper E-Bikes","url":"https:\/\/wisperbikes.com\/hu\/","logo":{"@type":"ImageObject","inLanguage":"hu","@id":"https:\/\/wisperbikes.com\/hu\/#\/schema\/logo\/image\/","url":"https:\/\/wisperbikes.com\/hu\/wp-content\/uploads\/2021\/06\/WISPER-Logo.png","contentUrl":"https:\/\/wisperbikes.com\/hu\/wp-content\/uploads\/2021\/06\/WISPER-Logo.png","width":250,"height":65,"caption":"Wisper Electric Bikes"},"image":{"@id":"https:\/\/wisperbikes.com\/hu\/#\/schema\/logo\/image\/"},"sameAs":["https:\/\/www.facebook.com\/Amps.Bike\/","https:\/\/twitter.com\/wisperebikes","https:\/\/www.instagram.com\/wisperbikes\/"]}]}},"_links":{"self":[{"href":"https:\/\/wisperbikes.com\/hu\/wp-json\/wp\/v2\/product\/24189"}],"collection":[{"href":"https:\/\/wisperbikes.com\/hu\/wp-json\/wp\/v2\/product"}],"about":[{"href":"https:\/\/wisperbikes.com\/hu\/wp-json\/wp\/v2\/types\/product"}],"replies":[{"embeddable":true,"href":"https:\/\/wisperbikes.com\/hu\/wp-json\/wp\/v2\/comments?post=24189"}],"wp:featuredmedia":[{"embeddable":true,"href":"https:\/\/wisperbikes.com\/hu\/wp-json\/wp\/v2\/media\/6721"}],"wp:attachment":[{"href":"https:\/\/wisperbikes.com\/hu\/wp-json\/wp\/v2\/media?parent=24189"}],"wp:term":[{"taxonomy":"product_cat","embeddable":true,"href":"https:\/\/wisperbikes.com\/hu\/wp-json\/wp\/v2\/product_cat?post=24189"},{"taxonomy":"product_tag","embeddable":true,"href":"https:\/\/wisperbikes.com\/hu\/wp-json\/wp\/v2\/product_tag?post=24189"}],"curies":[{"name":"wp","href":"https:\/\/api.w.org\/{rel}","templated":true}]}}