{"id":24297,"date":"2017-10-23T00:00:00","date_gmt":"2017-10-23T00:00:00","guid":{"rendered":"http:\/\/localhost\/wisper_both\/shop\/uncategorized\/tektro-levers-with-brake-signal-cable\/"},"modified":"2024-03-01T17:20:17","modified_gmt":"2024-03-01T17:20:17","slug":"tektro-levers-with-brake-signal-cable","status":"publish","type":"product","link":"https:\/\/wisperbikes.com\/hu\/shop\/brakes\/tektro-levers-with-brake-signal-cable\/","title":{"rendered":"Tektro Levers With Brake Signal Cable"},"content":{"rendered":"<p>SE RANGE<\/p>\n<p>SKU: PWX315602<\/p>\n","protected":false},"excerpt":{"rendered":"<p>SE RANGE SKU: PWX315602<\/p>\n","protected":false},"featured_media":6929,"comment_status":"closed","ping_status":"closed","template":"","meta":[],"product_cat":[171],"product_tag":[],"acf":[],"yoast_head":"<!-- This site is optimized with the Yoast SEO plugin v20.12 - https:\/\/yoast.com\/wordpress\/plugins\/seo\/ -->\n<title>Tektro kart\u00e1maszok f\u00e9kk\u00e1bellal | Ker\u00e9kp\u00e1r Kieg\u00e9sz\u00edt\u0151k<\/title>\n<meta name=\"description\" content=\"A Tektro karok kiv\u00e1l\u00f3 min\u0151s\u00e9g\u0171 anyagokb\u00f3l k\u00e9sz\u00fclnek, amelyek ellen\u00e1llnak az extr\u00e9m k\u00f6r\u00fclm\u00e9nyeknek \u00e9s kiv\u00e9teles teljes\u00edtm\u00e9nyt ny\u00fajtanak. V\u00e1s\u00e1roljon most!\" \/>\n<meta name=\"robots\" content=\"index, follow, max-snippet:-1, max-image-preview:large, max-video-preview:-1\" \/>\n<link rel=\"canonical\" href=\"https:\/\/wisperbikes.com\/hu\/shop\/brakes\/tektro-levers-with-brake-signal-cable\/\" \/>\n<meta property=\"og:locale\" content=\"hu_HU\" \/>\n<meta property=\"og:type\" content=\"article\" \/>\n<meta property=\"og:title\" content=\"Tektro kart\u00e1maszok f\u00e9kk\u00e1bellal | Ker\u00e9kp\u00e1r Kieg\u00e9sz\u00edt\u0151k\" \/>\n<meta property=\"og:description\" content=\"A Tektro karok kiv\u00e1l\u00f3 min\u0151s\u00e9g\u0171 anyagokb\u00f3l k\u00e9sz\u00fclnek, amelyek ellen\u00e1llnak az extr\u00e9m k\u00f6r\u00fclm\u00e9nyeknek \u00e9s kiv\u00e9teles teljes\u00edtm\u00e9nyt ny\u00fajtanak. V\u00e1s\u00e1roljon most!\" \/>\n<meta property=\"og:url\" content=\"https:\/\/wisperbikes.com\/hu\/shop\/brakes\/tektro-levers-with-brake-signal-cable\/\" \/>\n<meta property=\"og:site_name\" content=\"Wisper Bikes\" \/>\n<meta property=\"article:publisher\" content=\"https:\/\/www.facebook.com\/Amps.Bike\/\" \/>\n<meta property=\"article:modified_time\" content=\"2024-03-01T17:20:17+00:00\" \/>\n<meta property=\"og:image\" content=\"https:\/\/wisperbikes.com\/hu\/wp-content\/uploads\/2019\/06\/PWX315602-WISPER-TEKTRO-BRAKE-LEVERS-1.jpg\" \/>\n\t<meta property=\"og:image:width\" content=\"970\" \/>\n\t<meta property=\"og:image:height\" content=\"970\" \/>\n\t<meta property=\"og:image:type\" content=\"image\/jpeg\" \/>\n<meta name=\"twitter:card\" content=\"summary_large_image\" \/>\n<meta name=\"twitter:site\" content=\"@wisperebikes\" \/>\n<meta name=\"twitter:label1\" content=\"Becs\u00fclt olvas\u00e1si id\u0151\" \/>\n\t<meta name=\"twitter:data1\" content=\"1 perc\" \/>\n<script type=\"application\/ld+json\" class=\"yoast-schema-graph\">{\"@context\":\"https:\/\/schema.org\",\"@graph\":[{\"@type\":\"WebPage\",\"@id\":\"https:\/\/wisperbikes.com\/hu\/shop\/brakes\/tektro-levers-with-brake-signal-cable\/\",\"url\":\"https:\/\/wisperbikes.com\/hu\/shop\/brakes\/tektro-levers-with-brake-signal-cable\/\",\"name\":\"Tektro kart\u00e1maszok f\u00e9kk\u00e1bellal | Ker\u00e9kp\u00e1r Kieg\u00e9sz\u00edt\u0151k\",\"isPartOf\":{\"@id\":\"https:\/\/wisperbikes.com\/hu\/#website\"},\"datePublished\":\"2017-10-23T00:00:00+00:00\",\"dateModified\":\"2024-03-01T17:20:17+00:00\",\"description\":\"A Tektro karok kiv\u00e1l\u00f3 min\u0151s\u00e9g\u0171 anyagokb\u00f3l k\u00e9sz\u00fclnek, amelyek ellen\u00e1llnak az extr\u00e9m k\u00f6r\u00fclm\u00e9nyeknek \u00e9s kiv\u00e9teles teljes\u00edtm\u00e9nyt ny\u00fajtanak. V\u00e1s\u00e1roljon most!\",\"breadcrumb\":{\"@id\":\"https:\/\/wisperbikes.com\/hu\/shop\/brakes\/tektro-levers-with-brake-signal-cable\/#breadcrumb\"},\"inLanguage\":\"hu\",\"potentialAction\":[{\"@type\":\"ReadAction\",\"target\":[\"https:\/\/wisperbikes.com\/hu\/shop\/brakes\/tektro-levers-with-brake-signal-cable\/\"]}]},{\"@type\":\"BreadcrumbList\",\"@id\":\"https:\/\/wisperbikes.com\/hu\/shop\/brakes\/tektro-levers-with-brake-signal-cable\/#breadcrumb\",\"itemListElement\":[{\"@type\":\"ListItem\",\"position\":1,\"name\":\"Home\",\"item\":\"https:\/\/wisperbikes.com\/hu\/\"},{\"@type\":\"ListItem\",\"position\":2,\"name\":\"Our Shop\",\"item\":\"https:\/\/wisperbikes.com\/hu\/shop\/\"},{\"@type\":\"ListItem\",\"position\":3,\"name\":\"Tektro Levers With Brake Signal Cable\"}]},{\"@type\":\"WebSite\",\"@id\":\"https:\/\/wisperbikes.com\/hu\/#website\",\"url\":\"https:\/\/wisperbikes.com\/hu\/\",\"name\":\"Wisper Bikes\",\"description\":\"Electric Bikes\",\"publisher\":{\"@id\":\"https:\/\/wisperbikes.com\/hu\/#organization\"},\"potentialAction\":[{\"@type\":\"SearchAction\",\"target\":{\"@type\":\"EntryPoint\",\"urlTemplate\":\"https:\/\/wisperbikes.com\/hu\/?s={search_term_string}\"},\"query-input\":\"required name=search_term_string\"}],\"inLanguage\":\"hu\"},{\"@type\":\"Organization\",\"@id\":\"https:\/\/wisperbikes.com\/hu\/#organization\",\"name\":\"Wisper Electric Bikes\",\"alternateName\":\"Wisper E-Bikes\",\"url\":\"https:\/\/wisperbikes.com\/hu\/\",\"logo\":{\"@type\":\"ImageObject\",\"inLanguage\":\"hu\",\"@id\":\"https:\/\/wisperbikes.com\/hu\/#\/schema\/logo\/image\/\",\"url\":\"https:\/\/wisperbikes.com\/hu\/wp-content\/uploads\/2021\/06\/WISPER-Logo.png\",\"contentUrl\":\"https:\/\/wisperbikes.com\/hu\/wp-content\/uploads\/2021\/06\/WISPER-Logo.png\",\"width\":250,\"height\":65,\"caption\":\"Wisper Electric Bikes\"},\"image\":{\"@id\":\"https:\/\/wisperbikes.com\/hu\/#\/schema\/logo\/image\/\"},\"sameAs\":[\"https:\/\/www.facebook.com\/Amps.Bike\/\",\"https:\/\/twitter.com\/wisperebikes\",\"https:\/\/www.instagram.com\/wisperbikes\/\"]}]}<\/script>\n<!-- \/ Yoast SEO plugin. -->","yoast_head_json":{"title":"Tektro kart\u00e1maszok f\u00e9kk\u00e1bellal | Ker\u00e9kp\u00e1r Kieg\u00e9sz\u00edt\u0151k","description":"A Tektro karok kiv\u00e1l\u00f3 min\u0151s\u00e9g\u0171 anyagokb\u00f3l k\u00e9sz\u00fclnek, amelyek ellen\u00e1llnak az extr\u00e9m k\u00f6r\u00fclm\u00e9nyeknek \u00e9s kiv\u00e9teles teljes\u00edtm\u00e9nyt ny\u00fajtanak. V\u00e1s\u00e1roljon most!","robots":{"index":"index","follow":"follow","max-snippet":"max-snippet:-1","max-image-preview":"max-image-preview:large","max-video-preview":"max-video-preview:-1"},"canonical":"https:\/\/wisperbikes.com\/hu\/shop\/brakes\/tektro-levers-with-brake-signal-cable\/","og_locale":"hu_HU","og_type":"article","og_title":"Tektro kart\u00e1maszok f\u00e9kk\u00e1bellal | Ker\u00e9kp\u00e1r Kieg\u00e9sz\u00edt\u0151k","og_description":"A Tektro karok kiv\u00e1l\u00f3 min\u0151s\u00e9g\u0171 anyagokb\u00f3l k\u00e9sz\u00fclnek, amelyek ellen\u00e1llnak az extr\u00e9m k\u00f6r\u00fclm\u00e9nyeknek \u00e9s kiv\u00e9teles teljes\u00edtm\u00e9nyt ny\u00fajtanak. V\u00e1s\u00e1roljon most!","og_url":"https:\/\/wisperbikes.com\/hu\/shop\/brakes\/tektro-levers-with-brake-signal-cable\/","og_site_name":"Wisper Bikes","article_publisher":"https:\/\/www.facebook.com\/Amps.Bike\/","article_modified_time":"2024-03-01T17:20:17+00:00","og_image":[{"width":970,"height":970,"url":"https:\/\/wisperbikes.com\/hu\/wp-content\/uploads\/2019\/06\/PWX315602-WISPER-TEKTRO-BRAKE-LEVERS-1.jpg","type":"image\/jpeg"}],"twitter_card":"summary_large_image","twitter_site":"@wisperebikes","twitter_misc":{"Becs\u00fclt olvas\u00e1si id\u0151":"1 perc"},"schema":{"@context":"https:\/\/schema.org","@graph":[{"@type":"WebPage","@id":"https:\/\/wisperbikes.com\/hu\/shop\/brakes\/tektro-levers-with-brake-signal-cable\/","url":"https:\/\/wisperbikes.com\/hu\/shop\/brakes\/tektro-levers-with-brake-signal-cable\/","name":"Tektro kart\u00e1maszok f\u00e9kk\u00e1bellal | Ker\u00e9kp\u00e1r Kieg\u00e9sz\u00edt\u0151k","isPartOf":{"@id":"https:\/\/wisperbikes.com\/hu\/#website"},"datePublished":"2017-10-23T00:00:00+00:00","dateModified":"2024-03-01T17:20:17+00:00","description":"A Tektro karok kiv\u00e1l\u00f3 min\u0151s\u00e9g\u0171 anyagokb\u00f3l k\u00e9sz\u00fclnek, amelyek ellen\u00e1llnak az extr\u00e9m k\u00f6r\u00fclm\u00e9nyeknek \u00e9s kiv\u00e9teles teljes\u00edtm\u00e9nyt ny\u00fajtanak. V\u00e1s\u00e1roljon most!","breadcrumb":{"@id":"https:\/\/wisperbikes.com\/hu\/shop\/brakes\/tektro-levers-with-brake-signal-cable\/#breadcrumb"},"inLanguage":"hu","potentialAction":[{"@type":"ReadAction","target":["https:\/\/wisperbikes.com\/hu\/shop\/brakes\/tektro-levers-with-brake-signal-cable\/"]}]},{"@type":"BreadcrumbList","@id":"https:\/\/wisperbikes.com\/hu\/shop\/brakes\/tektro-levers-with-brake-signal-cable\/#breadcrumb","itemListElement":[{"@type":"ListItem","position":1,"name":"Home","item":"https:\/\/wisperbikes.com\/hu\/"},{"@type":"ListItem","position":2,"name":"Our Shop","item":"https:\/\/wisperbikes.com\/hu\/shop\/"},{"@type":"ListItem","position":3,"name":"Tektro Levers With Brake Signal Cable"}]},{"@type":"WebSite","@id":"https:\/\/wisperbikes.com\/hu\/#website","url":"https:\/\/wisperbikes.com\/hu\/","name":"Wisper Bikes","description":"Electric Bikes","publisher":{"@id":"https:\/\/wisperbikes.com\/hu\/#organization"},"potentialAction":[{"@type":"SearchAction","target":{"@type":"EntryPoint","urlTemplate":"https:\/\/wisperbikes.com\/hu\/?s={search_term_string}"},"query-input":"required name=search_term_string"}],"inLanguage":"hu"},{"@type":"Organization","@id":"https:\/\/wisperbikes.com\/hu\/#organization","name":"Wisper Electric Bikes","alternateName":"Wisper E-Bikes","url":"https:\/\/wisperbikes.com\/hu\/","logo":{"@type":"ImageObject","inLanguage":"hu","@id":"https:\/\/wisperbikes.com\/hu\/#\/schema\/logo\/image\/","url":"https:\/\/wisperbikes.com\/hu\/wp-content\/uploads\/2021\/06\/WISPER-Logo.png","contentUrl":"https:\/\/wisperbikes.com\/hu\/wp-content\/uploads\/2021\/06\/WISPER-Logo.png","width":250,"height":65,"caption":"Wisper Electric Bikes"},"image":{"@id":"https:\/\/wisperbikes.com\/hu\/#\/schema\/logo\/image\/"},"sameAs":["https:\/\/www.facebook.com\/Amps.Bike\/","https:\/\/twitter.com\/wisperebikes","https:\/\/www.instagram.com\/wisperbikes\/"]}]}},"_links":{"self":[{"href":"https:\/\/wisperbikes.com\/hu\/wp-json\/wp\/v2\/product\/24297"}],"collection":[{"href":"https:\/\/wisperbikes.com\/hu\/wp-json\/wp\/v2\/product"}],"about":[{"href":"https:\/\/wisperbikes.com\/hu\/wp-json\/wp\/v2\/types\/product"}],"replies":[{"embeddable":true,"href":"https:\/\/wisperbikes.com\/hu\/wp-json\/wp\/v2\/comments?post=24297"}],"wp:featuredmedia":[{"embeddable":true,"href":"https:\/\/wisperbikes.com\/hu\/wp-json\/wp\/v2\/media\/6929"}],"wp:attachment":[{"href":"https:\/\/wisperbikes.com\/hu\/wp-json\/wp\/v2\/media?parent=24297"}],"wp:term":[{"taxonomy":"product_cat","embeddable":true,"href":"https:\/\/wisperbikes.com\/hu\/wp-json\/wp\/v2\/product_cat?post=24297"},{"taxonomy":"product_tag","embeddable":true,"href":"https:\/\/wisperbikes.com\/hu\/wp-json\/wp\/v2\/product_tag?post=24297"}],"curies":[{"name":"wp","href":"https:\/\/api.w.org\/{rel}","templated":true}]}}