{"id":24403,"date":"2017-10-23T00:00:00","date_gmt":"2017-10-23T00:00:00","guid":{"rendered":"http:\/\/localhost\/wisper_both\/shop\/uncategorized\/shimano-deore-8-speed-shifter\/"},"modified":"2024-03-08T14:26:37","modified_gmt":"2024-03-08T14:26:37","slug":"shimano-deore-8-speed-shifter","status":"publish","type":"product","link":"https:\/\/wisperbikes.com\/hu\/shop\/transmission\/shimano-deore-8-speed-shifter\/","title":{"rendered":"Shimano Deore 8 Speed Shifter"},"content":{"rendered":"<p>TORQUE RANGE<\/p>\n<p>SKU: PWX314302A<\/p>\n","protected":false},"excerpt":{"rendered":"<p>TORQUE RANGE SKU: PWX314302A<\/p>\n","protected":false},"featured_media":7135,"comment_status":"closed","ping_status":"closed","template":"","meta":[],"product_cat":[173],"product_tag":[],"acf":[],"yoast_head":"<!-- This site is optimized with the Yoast SEO plugin v20.12 - https:\/\/yoast.com\/wordpress\/plugins\/seo\/ -->\n<title>Shimano Deore 8 Sebess\u00e9gv\u00e1lt\u00f3 | Ker\u00e9kp\u00e1r Kieg\u00e9sz\u00edt\u0151k<\/title>\n<meta name=\"description\" content=\"A Deore 8 sebess\u00e9gv\u00e1lt\u00f3 \u00e9les, prec\u00edz v\u00e1lt\u00e1st k\u00edn\u00e1l egy tart\u00f3s csomagol\u00e1sban, amely \u00e9veken \u00e1t b\u00edrja a kem\u00e9ny bicikliz\u00e9st. K\u00e9t k\u00f6nnyen el\u00e9rhet\u0151 kart jellemzi.\" \/>\n<meta name=\"robots\" content=\"index, follow, max-snippet:-1, max-image-preview:large, max-video-preview:-1\" \/>\n<link rel=\"canonical\" href=\"https:\/\/wisperbikes.com\/hu\/shop\/transmission\/shimano-deore-8-speed-shifter\/\" \/>\n<meta property=\"og:locale\" content=\"hu_HU\" \/>\n<meta property=\"og:type\" content=\"article\" \/>\n<meta property=\"og:title\" content=\"Shimano Deore 8 Sebess\u00e9gv\u00e1lt\u00f3 | Ker\u00e9kp\u00e1r Kieg\u00e9sz\u00edt\u0151k\" \/>\n<meta property=\"og:description\" content=\"A Deore 8 sebess\u00e9gv\u00e1lt\u00f3 \u00e9les, prec\u00edz v\u00e1lt\u00e1st k\u00edn\u00e1l egy tart\u00f3s csomagol\u00e1sban, amely \u00e9veken \u00e1t b\u00edrja a kem\u00e9ny bicikliz\u00e9st. K\u00e9t k\u00f6nnyen el\u00e9rhet\u0151 kart jellemzi.\" \/>\n<meta property=\"og:url\" content=\"https:\/\/wisperbikes.com\/hu\/shop\/transmission\/shimano-deore-8-speed-shifter\/\" \/>\n<meta property=\"og:site_name\" content=\"Wisper Bikes\" \/>\n<meta property=\"article:publisher\" content=\"https:\/\/www.facebook.com\/Amps.Bike\/\" \/>\n<meta property=\"article:modified_time\" content=\"2024-03-08T14:26:37+00:00\" \/>\n<meta property=\"og:image\" content=\"https:\/\/wisperbikes.com\/hu\/wp-content\/uploads\/2019\/06\/PWX314302A-WISPER-SHIMANO-DEORE-8-SPEED-SHIFTER-1.jpg\" \/>\n\t<meta property=\"og:image:width\" content=\"970\" \/>\n\t<meta property=\"og:image:height\" content=\"970\" \/>\n\t<meta property=\"og:image:type\" content=\"image\/jpeg\" \/>\n<meta name=\"twitter:card\" content=\"summary_large_image\" \/>\n<meta name=\"twitter:site\" content=\"@wisperebikes\" \/>\n<meta name=\"twitter:label1\" content=\"Becs\u00fclt olvas\u00e1si id\u0151\" \/>\n\t<meta name=\"twitter:data1\" content=\"1 perc\" \/>\n<script type=\"application\/ld+json\" class=\"yoast-schema-graph\">{\"@context\":\"https:\/\/schema.org\",\"@graph\":[{\"@type\":\"WebPage\",\"@id\":\"https:\/\/wisperbikes.com\/hu\/shop\/transmission\/shimano-deore-8-speed-shifter\/\",\"url\":\"https:\/\/wisperbikes.com\/hu\/shop\/transmission\/shimano-deore-8-speed-shifter\/\",\"name\":\"Shimano Deore 8 Sebess\u00e9gv\u00e1lt\u00f3 | Ker\u00e9kp\u00e1r Kieg\u00e9sz\u00edt\u0151k\",\"isPartOf\":{\"@id\":\"https:\/\/wisperbikes.com\/hu\/#website\"},\"datePublished\":\"2017-10-23T00:00:00+00:00\",\"dateModified\":\"2024-03-08T14:26:37+00:00\",\"description\":\"A Deore 8 sebess\u00e9gv\u00e1lt\u00f3 \u00e9les, prec\u00edz v\u00e1lt\u00e1st k\u00edn\u00e1l egy tart\u00f3s csomagol\u00e1sban, amely \u00e9veken \u00e1t b\u00edrja a kem\u00e9ny bicikliz\u00e9st. K\u00e9t k\u00f6nnyen el\u00e9rhet\u0151 kart jellemzi.\",\"breadcrumb\":{\"@id\":\"https:\/\/wisperbikes.com\/hu\/shop\/transmission\/shimano-deore-8-speed-shifter\/#breadcrumb\"},\"inLanguage\":\"hu\",\"potentialAction\":[{\"@type\":\"ReadAction\",\"target\":[\"https:\/\/wisperbikes.com\/hu\/shop\/transmission\/shimano-deore-8-speed-shifter\/\"]}]},{\"@type\":\"BreadcrumbList\",\"@id\":\"https:\/\/wisperbikes.com\/hu\/shop\/transmission\/shimano-deore-8-speed-shifter\/#breadcrumb\",\"itemListElement\":[{\"@type\":\"ListItem\",\"position\":1,\"name\":\"Home\",\"item\":\"https:\/\/wisperbikes.com\/hu\/\"},{\"@type\":\"ListItem\",\"position\":2,\"name\":\"Our Shop\",\"item\":\"https:\/\/wisperbikes.com\/hu\/shop\/\"},{\"@type\":\"ListItem\",\"position\":3,\"name\":\"Shimano Deore 8 Speed Shifter\"}]},{\"@type\":\"WebSite\",\"@id\":\"https:\/\/wisperbikes.com\/hu\/#website\",\"url\":\"https:\/\/wisperbikes.com\/hu\/\",\"name\":\"Wisper Bikes\",\"description\":\"Electric Bikes\",\"publisher\":{\"@id\":\"https:\/\/wisperbikes.com\/hu\/#organization\"},\"potentialAction\":[{\"@type\":\"SearchAction\",\"target\":{\"@type\":\"EntryPoint\",\"urlTemplate\":\"https:\/\/wisperbikes.com\/hu\/?s={search_term_string}\"},\"query-input\":\"required name=search_term_string\"}],\"inLanguage\":\"hu\"},{\"@type\":\"Organization\",\"@id\":\"https:\/\/wisperbikes.com\/hu\/#organization\",\"name\":\"Wisper Electric Bikes\",\"alternateName\":\"Wisper E-Bikes\",\"url\":\"https:\/\/wisperbikes.com\/hu\/\",\"logo\":{\"@type\":\"ImageObject\",\"inLanguage\":\"hu\",\"@id\":\"https:\/\/wisperbikes.com\/hu\/#\/schema\/logo\/image\/\",\"url\":\"https:\/\/wisperbikes.com\/hu\/wp-content\/uploads\/2021\/06\/WISPER-Logo.png\",\"contentUrl\":\"https:\/\/wisperbikes.com\/hu\/wp-content\/uploads\/2021\/06\/WISPER-Logo.png\",\"width\":250,\"height\":65,\"caption\":\"Wisper Electric Bikes\"},\"image\":{\"@id\":\"https:\/\/wisperbikes.com\/hu\/#\/schema\/logo\/image\/\"},\"sameAs\":[\"https:\/\/www.facebook.com\/Amps.Bike\/\",\"https:\/\/twitter.com\/wisperebikes\",\"https:\/\/www.instagram.com\/wisperbikes\/\"]}]}<\/script>\n<!-- \/ Yoast SEO plugin. -->","yoast_head_json":{"title":"Shimano Deore 8 Sebess\u00e9gv\u00e1lt\u00f3 | Ker\u00e9kp\u00e1r Kieg\u00e9sz\u00edt\u0151k","description":"A Deore 8 sebess\u00e9gv\u00e1lt\u00f3 \u00e9les, prec\u00edz v\u00e1lt\u00e1st k\u00edn\u00e1l egy tart\u00f3s csomagol\u00e1sban, amely \u00e9veken \u00e1t b\u00edrja a kem\u00e9ny bicikliz\u00e9st. K\u00e9t k\u00f6nnyen el\u00e9rhet\u0151 kart jellemzi.","robots":{"index":"index","follow":"follow","max-snippet":"max-snippet:-1","max-image-preview":"max-image-preview:large","max-video-preview":"max-video-preview:-1"},"canonical":"https:\/\/wisperbikes.com\/hu\/shop\/transmission\/shimano-deore-8-speed-shifter\/","og_locale":"hu_HU","og_type":"article","og_title":"Shimano Deore 8 Sebess\u00e9gv\u00e1lt\u00f3 | Ker\u00e9kp\u00e1r Kieg\u00e9sz\u00edt\u0151k","og_description":"A Deore 8 sebess\u00e9gv\u00e1lt\u00f3 \u00e9les, prec\u00edz v\u00e1lt\u00e1st k\u00edn\u00e1l egy tart\u00f3s csomagol\u00e1sban, amely \u00e9veken \u00e1t b\u00edrja a kem\u00e9ny bicikliz\u00e9st. K\u00e9t k\u00f6nnyen el\u00e9rhet\u0151 kart jellemzi.","og_url":"https:\/\/wisperbikes.com\/hu\/shop\/transmission\/shimano-deore-8-speed-shifter\/","og_site_name":"Wisper Bikes","article_publisher":"https:\/\/www.facebook.com\/Amps.Bike\/","article_modified_time":"2024-03-08T14:26:37+00:00","og_image":[{"width":970,"height":970,"url":"https:\/\/wisperbikes.com\/hu\/wp-content\/uploads\/2019\/06\/PWX314302A-WISPER-SHIMANO-DEORE-8-SPEED-SHIFTER-1.jpg","type":"image\/jpeg"}],"twitter_card":"summary_large_image","twitter_site":"@wisperebikes","twitter_misc":{"Becs\u00fclt olvas\u00e1si id\u0151":"1 perc"},"schema":{"@context":"https:\/\/schema.org","@graph":[{"@type":"WebPage","@id":"https:\/\/wisperbikes.com\/hu\/shop\/transmission\/shimano-deore-8-speed-shifter\/","url":"https:\/\/wisperbikes.com\/hu\/shop\/transmission\/shimano-deore-8-speed-shifter\/","name":"Shimano Deore 8 Sebess\u00e9gv\u00e1lt\u00f3 | Ker\u00e9kp\u00e1r Kieg\u00e9sz\u00edt\u0151k","isPartOf":{"@id":"https:\/\/wisperbikes.com\/hu\/#website"},"datePublished":"2017-10-23T00:00:00+00:00","dateModified":"2024-03-08T14:26:37+00:00","description":"A Deore 8 sebess\u00e9gv\u00e1lt\u00f3 \u00e9les, prec\u00edz v\u00e1lt\u00e1st k\u00edn\u00e1l egy tart\u00f3s csomagol\u00e1sban, amely \u00e9veken \u00e1t b\u00edrja a kem\u00e9ny bicikliz\u00e9st. K\u00e9t k\u00f6nnyen el\u00e9rhet\u0151 kart jellemzi.","breadcrumb":{"@id":"https:\/\/wisperbikes.com\/hu\/shop\/transmission\/shimano-deore-8-speed-shifter\/#breadcrumb"},"inLanguage":"hu","potentialAction":[{"@type":"ReadAction","target":["https:\/\/wisperbikes.com\/hu\/shop\/transmission\/shimano-deore-8-speed-shifter\/"]}]},{"@type":"BreadcrumbList","@id":"https:\/\/wisperbikes.com\/hu\/shop\/transmission\/shimano-deore-8-speed-shifter\/#breadcrumb","itemListElement":[{"@type":"ListItem","position":1,"name":"Home","item":"https:\/\/wisperbikes.com\/hu\/"},{"@type":"ListItem","position":2,"name":"Our Shop","item":"https:\/\/wisperbikes.com\/hu\/shop\/"},{"@type":"ListItem","position":3,"name":"Shimano Deore 8 Speed Shifter"}]},{"@type":"WebSite","@id":"https:\/\/wisperbikes.com\/hu\/#website","url":"https:\/\/wisperbikes.com\/hu\/","name":"Wisper Bikes","description":"Electric Bikes","publisher":{"@id":"https:\/\/wisperbikes.com\/hu\/#organization"},"potentialAction":[{"@type":"SearchAction","target":{"@type":"EntryPoint","urlTemplate":"https:\/\/wisperbikes.com\/hu\/?s={search_term_string}"},"query-input":"required name=search_term_string"}],"inLanguage":"hu"},{"@type":"Organization","@id":"https:\/\/wisperbikes.com\/hu\/#organization","name":"Wisper Electric Bikes","alternateName":"Wisper E-Bikes","url":"https:\/\/wisperbikes.com\/hu\/","logo":{"@type":"ImageObject","inLanguage":"hu","@id":"https:\/\/wisperbikes.com\/hu\/#\/schema\/logo\/image\/","url":"https:\/\/wisperbikes.com\/hu\/wp-content\/uploads\/2021\/06\/WISPER-Logo.png","contentUrl":"https:\/\/wisperbikes.com\/hu\/wp-content\/uploads\/2021\/06\/WISPER-Logo.png","width":250,"height":65,"caption":"Wisper Electric Bikes"},"image":{"@id":"https:\/\/wisperbikes.com\/hu\/#\/schema\/logo\/image\/"},"sameAs":["https:\/\/www.facebook.com\/Amps.Bike\/","https:\/\/twitter.com\/wisperebikes","https:\/\/www.instagram.com\/wisperbikes\/"]}]}},"_links":{"self":[{"href":"https:\/\/wisperbikes.com\/hu\/wp-json\/wp\/v2\/product\/24403"}],"collection":[{"href":"https:\/\/wisperbikes.com\/hu\/wp-json\/wp\/v2\/product"}],"about":[{"href":"https:\/\/wisperbikes.com\/hu\/wp-json\/wp\/v2\/types\/product"}],"replies":[{"embeddable":true,"href":"https:\/\/wisperbikes.com\/hu\/wp-json\/wp\/v2\/comments?post=24403"}],"wp:featuredmedia":[{"embeddable":true,"href":"https:\/\/wisperbikes.com\/hu\/wp-json\/wp\/v2\/media\/7135"}],"wp:attachment":[{"href":"https:\/\/wisperbikes.com\/hu\/wp-json\/wp\/v2\/media?parent=24403"}],"wp:term":[{"taxonomy":"product_cat","embeddable":true,"href":"https:\/\/wisperbikes.com\/hu\/wp-json\/wp\/v2\/product_cat?post=24403"},{"taxonomy":"product_tag","embeddable":true,"href":"https:\/\/wisperbikes.com\/hu\/wp-json\/wp\/v2\/product_tag?post=24403"}],"curies":[{"name":"wp","href":"https:\/\/api.w.org\/{rel}","templated":true}]}}