{"id":24457,"date":"2018-03-13T00:00:00","date_gmt":"2018-03-13T00:00:00","guid":{"rendered":"http:\/\/localhost\/wisper_both\/shop\/uncategorized\/st-12v-car-charger-36v-2a\/"},"modified":"2024-03-18T14:25:27","modified_gmt":"2024-03-18T14:25:27","slug":"st-12v-car-charger-36v-2a","status":"publish","type":"product","link":"https:\/\/wisperbikes.com\/hu\/shop\/chargers\/st-12v-car-charger-36v-2a\/","title":{"rendered":"St 12V Car Charger 36V 2A"},"content":{"rendered":"<p>ALL<\/p>\n<p>SKU: BWO21011<\/p>\n","protected":false},"excerpt":{"rendered":"<p>ALL SKU: BWO21011<\/p>\n","protected":false},"featured_media":28501,"comment_status":"closed","ping_status":"closed","template":"","meta":[],"product_cat":[174],"product_tag":[],"acf":[],"yoast_head":"<!-- This site is optimized with the Yoast SEO plugin v20.12 - https:\/\/yoast.com\/wordpress\/plugins\/seo\/ -->\n<title>ST 12 V aut\u00f3t\u00f6lt\u0151 36V 2A | Wisper Elektromos Ker\u00e9kp\u00e1rok<\/title>\n<meta name=\"description\" content=\"A Wisper elektromos ker\u00e9kp\u00e1rokn\u00e1l garant\u00e1ljuk, hogy t\u00f6lt\u0151ink magas min\u0151s\u00e9g\u0171ek \u00e9s biztons\u00e1gosak az \u00d6n \u00e9s elektromos ker\u00e9kp\u00e1rjai sz\u00e1m\u00e1ra. V\u00e1s\u00e1roljon most!\" \/>\n<meta name=\"robots\" content=\"index, nofollow, max-snippet:-1, max-image-preview:large, max-video-preview:-1\" \/>\n<link rel=\"canonical\" href=\"https:\/\/wisperbikes.com\/hu\/shop\/chargers\/st-12v-car-charger-36v-2a\/\" \/>\n<meta property=\"og:locale\" content=\"hu_HU\" \/>\n<meta property=\"og:type\" content=\"article\" \/>\n<meta property=\"og:title\" content=\"ST 12 V aut\u00f3t\u00f6lt\u0151 36V 2A | Wisper Elektromos Ker\u00e9kp\u00e1rok\" \/>\n<meta property=\"og:description\" content=\"A Wisper elektromos ker\u00e9kp\u00e1rokn\u00e1l garant\u00e1ljuk, hogy t\u00f6lt\u0151ink magas min\u0151s\u00e9g\u0171ek \u00e9s biztons\u00e1gosak az \u00d6n \u00e9s elektromos ker\u00e9kp\u00e1rjai sz\u00e1m\u00e1ra. V\u00e1s\u00e1roljon most!\" \/>\n<meta property=\"og:url\" content=\"https:\/\/wisperbikes.com\/hu\/shop\/chargers\/st-12v-car-charger-36v-2a\/\" \/>\n<meta property=\"og:site_name\" content=\"Wisper Bikes\" \/>\n<meta property=\"article:publisher\" content=\"https:\/\/www.facebook.com\/Amps.Bike\/\" \/>\n<meta property=\"article:modified_time\" content=\"2024-03-18T14:25:27+00:00\" \/>\n<meta property=\"og:image\" content=\"https:\/\/wisperbikes.com\/hu\/wp-content\/uploads\/2018\/03\/ST-12V-CAR-CHARGER-36V-2A.jpg\" \/>\n\t<meta property=\"og:image:width\" content=\"600\" \/>\n\t<meta property=\"og:image:height\" content=\"463\" \/>\n\t<meta property=\"og:image:type\" content=\"image\/jpeg\" \/>\n<meta name=\"twitter:card\" content=\"summary_large_image\" \/>\n<meta name=\"twitter:site\" content=\"@wisperebikes\" \/>\n<meta name=\"twitter:label1\" content=\"Becs\u00fclt olvas\u00e1si id\u0151\" \/>\n\t<meta name=\"twitter:data1\" content=\"1 perc\" \/>\n<script type=\"application\/ld+json\" class=\"yoast-schema-graph\">{\"@context\":\"https:\/\/schema.org\",\"@graph\":[{\"@type\":\"WebPage\",\"@id\":\"https:\/\/wisperbikes.com\/hu\/shop\/chargers\/st-12v-car-charger-36v-2a\/\",\"url\":\"https:\/\/wisperbikes.com\/hu\/shop\/chargers\/st-12v-car-charger-36v-2a\/\",\"name\":\"ST 12 V aut\u00f3t\u00f6lt\u0151 36V 2A | Wisper Elektromos Ker\u00e9kp\u00e1rok\",\"isPartOf\":{\"@id\":\"https:\/\/wisperbikes.com\/hu\/#website\"},\"datePublished\":\"2018-03-13T00:00:00+00:00\",\"dateModified\":\"2024-03-18T14:25:27+00:00\",\"description\":\"A Wisper elektromos ker\u00e9kp\u00e1rokn\u00e1l garant\u00e1ljuk, hogy t\u00f6lt\u0151ink magas min\u0151s\u00e9g\u0171ek \u00e9s biztons\u00e1gosak az \u00d6n \u00e9s elektromos ker\u00e9kp\u00e1rjai sz\u00e1m\u00e1ra. V\u00e1s\u00e1roljon most!\",\"breadcrumb\":{\"@id\":\"https:\/\/wisperbikes.com\/hu\/shop\/chargers\/st-12v-car-charger-36v-2a\/#breadcrumb\"},\"inLanguage\":\"hu\",\"potentialAction\":[{\"@type\":\"ReadAction\",\"target\":[\"https:\/\/wisperbikes.com\/hu\/shop\/chargers\/st-12v-car-charger-36v-2a\/\"]}]},{\"@type\":\"BreadcrumbList\",\"@id\":\"https:\/\/wisperbikes.com\/hu\/shop\/chargers\/st-12v-car-charger-36v-2a\/#breadcrumb\",\"itemListElement\":[{\"@type\":\"ListItem\",\"position\":1,\"name\":\"Home\",\"item\":\"https:\/\/wisperbikes.com\/hu\/\"},{\"@type\":\"ListItem\",\"position\":2,\"name\":\"Our Shop\",\"item\":\"https:\/\/wisperbikes.com\/hu\/shop\/\"},{\"@type\":\"ListItem\",\"position\":3,\"name\":\"St 12V Car Charger 36V 2A\"}]},{\"@type\":\"WebSite\",\"@id\":\"https:\/\/wisperbikes.com\/hu\/#website\",\"url\":\"https:\/\/wisperbikes.com\/hu\/\",\"name\":\"Wisper Bikes\",\"description\":\"Electric Bikes\",\"publisher\":{\"@id\":\"https:\/\/wisperbikes.com\/hu\/#organization\"},\"potentialAction\":[{\"@type\":\"SearchAction\",\"target\":{\"@type\":\"EntryPoint\",\"urlTemplate\":\"https:\/\/wisperbikes.com\/hu\/?s={search_term_string}\"},\"query-input\":\"required name=search_term_string\"}],\"inLanguage\":\"hu\"},{\"@type\":\"Organization\",\"@id\":\"https:\/\/wisperbikes.com\/hu\/#organization\",\"name\":\"Wisper Electric Bikes\",\"alternateName\":\"Wisper E-Bikes\",\"url\":\"https:\/\/wisperbikes.com\/hu\/\",\"logo\":{\"@type\":\"ImageObject\",\"inLanguage\":\"hu\",\"@id\":\"https:\/\/wisperbikes.com\/hu\/#\/schema\/logo\/image\/\",\"url\":\"https:\/\/wisperbikes.com\/hu\/wp-content\/uploads\/2021\/06\/WISPER-Logo.png\",\"contentUrl\":\"https:\/\/wisperbikes.com\/hu\/wp-content\/uploads\/2021\/06\/WISPER-Logo.png\",\"width\":250,\"height\":65,\"caption\":\"Wisper Electric Bikes\"},\"image\":{\"@id\":\"https:\/\/wisperbikes.com\/hu\/#\/schema\/logo\/image\/\"},\"sameAs\":[\"https:\/\/www.facebook.com\/Amps.Bike\/\",\"https:\/\/twitter.com\/wisperebikes\",\"https:\/\/www.instagram.com\/wisperbikes\/\"]}]}<\/script>\n<!-- \/ Yoast SEO plugin. -->","yoast_head_json":{"title":"ST 12 V aut\u00f3t\u00f6lt\u0151 36V 2A | Wisper Elektromos Ker\u00e9kp\u00e1rok","description":"A Wisper elektromos ker\u00e9kp\u00e1rokn\u00e1l garant\u00e1ljuk, hogy t\u00f6lt\u0151ink magas min\u0151s\u00e9g\u0171ek \u00e9s biztons\u00e1gosak az \u00d6n \u00e9s elektromos ker\u00e9kp\u00e1rjai sz\u00e1m\u00e1ra. V\u00e1s\u00e1roljon most!","robots":{"index":"index","follow":"nofollow","max-snippet":"max-snippet:-1","max-image-preview":"max-image-preview:large","max-video-preview":"max-video-preview:-1"},"canonical":"https:\/\/wisperbikes.com\/hu\/shop\/chargers\/st-12v-car-charger-36v-2a\/","og_locale":"hu_HU","og_type":"article","og_title":"ST 12 V aut\u00f3t\u00f6lt\u0151 36V 2A | Wisper Elektromos Ker\u00e9kp\u00e1rok","og_description":"A Wisper elektromos ker\u00e9kp\u00e1rokn\u00e1l garant\u00e1ljuk, hogy t\u00f6lt\u0151ink magas min\u0151s\u00e9g\u0171ek \u00e9s biztons\u00e1gosak az \u00d6n \u00e9s elektromos ker\u00e9kp\u00e1rjai sz\u00e1m\u00e1ra. V\u00e1s\u00e1roljon most!","og_url":"https:\/\/wisperbikes.com\/hu\/shop\/chargers\/st-12v-car-charger-36v-2a\/","og_site_name":"Wisper Bikes","article_publisher":"https:\/\/www.facebook.com\/Amps.Bike\/","article_modified_time":"2024-03-18T14:25:27+00:00","og_image":[{"width":600,"height":463,"url":"https:\/\/wisperbikes.com\/hu\/wp-content\/uploads\/2018\/03\/ST-12V-CAR-CHARGER-36V-2A.jpg","type":"image\/jpeg"}],"twitter_card":"summary_large_image","twitter_site":"@wisperebikes","twitter_misc":{"Becs\u00fclt olvas\u00e1si id\u0151":"1 perc"},"schema":{"@context":"https:\/\/schema.org","@graph":[{"@type":"WebPage","@id":"https:\/\/wisperbikes.com\/hu\/shop\/chargers\/st-12v-car-charger-36v-2a\/","url":"https:\/\/wisperbikes.com\/hu\/shop\/chargers\/st-12v-car-charger-36v-2a\/","name":"ST 12 V aut\u00f3t\u00f6lt\u0151 36V 2A | Wisper Elektromos Ker\u00e9kp\u00e1rok","isPartOf":{"@id":"https:\/\/wisperbikes.com\/hu\/#website"},"datePublished":"2018-03-13T00:00:00+00:00","dateModified":"2024-03-18T14:25:27+00:00","description":"A Wisper elektromos ker\u00e9kp\u00e1rokn\u00e1l garant\u00e1ljuk, hogy t\u00f6lt\u0151ink magas min\u0151s\u00e9g\u0171ek \u00e9s biztons\u00e1gosak az \u00d6n \u00e9s elektromos ker\u00e9kp\u00e1rjai sz\u00e1m\u00e1ra. V\u00e1s\u00e1roljon most!","breadcrumb":{"@id":"https:\/\/wisperbikes.com\/hu\/shop\/chargers\/st-12v-car-charger-36v-2a\/#breadcrumb"},"inLanguage":"hu","potentialAction":[{"@type":"ReadAction","target":["https:\/\/wisperbikes.com\/hu\/shop\/chargers\/st-12v-car-charger-36v-2a\/"]}]},{"@type":"BreadcrumbList","@id":"https:\/\/wisperbikes.com\/hu\/shop\/chargers\/st-12v-car-charger-36v-2a\/#breadcrumb","itemListElement":[{"@type":"ListItem","position":1,"name":"Home","item":"https:\/\/wisperbikes.com\/hu\/"},{"@type":"ListItem","position":2,"name":"Our Shop","item":"https:\/\/wisperbikes.com\/hu\/shop\/"},{"@type":"ListItem","position":3,"name":"St 12V Car Charger 36V 2A"}]},{"@type":"WebSite","@id":"https:\/\/wisperbikes.com\/hu\/#website","url":"https:\/\/wisperbikes.com\/hu\/","name":"Wisper Bikes","description":"Electric Bikes","publisher":{"@id":"https:\/\/wisperbikes.com\/hu\/#organization"},"potentialAction":[{"@type":"SearchAction","target":{"@type":"EntryPoint","urlTemplate":"https:\/\/wisperbikes.com\/hu\/?s={search_term_string}"},"query-input":"required name=search_term_string"}],"inLanguage":"hu"},{"@type":"Organization","@id":"https:\/\/wisperbikes.com\/hu\/#organization","name":"Wisper Electric Bikes","alternateName":"Wisper E-Bikes","url":"https:\/\/wisperbikes.com\/hu\/","logo":{"@type":"ImageObject","inLanguage":"hu","@id":"https:\/\/wisperbikes.com\/hu\/#\/schema\/logo\/image\/","url":"https:\/\/wisperbikes.com\/hu\/wp-content\/uploads\/2021\/06\/WISPER-Logo.png","contentUrl":"https:\/\/wisperbikes.com\/hu\/wp-content\/uploads\/2021\/06\/WISPER-Logo.png","width":250,"height":65,"caption":"Wisper Electric Bikes"},"image":{"@id":"https:\/\/wisperbikes.com\/hu\/#\/schema\/logo\/image\/"},"sameAs":["https:\/\/www.facebook.com\/Amps.Bike\/","https:\/\/twitter.com\/wisperebikes","https:\/\/www.instagram.com\/wisperbikes\/"]}]}},"_links":{"self":[{"href":"https:\/\/wisperbikes.com\/hu\/wp-json\/wp\/v2\/product\/24457"}],"collection":[{"href":"https:\/\/wisperbikes.com\/hu\/wp-json\/wp\/v2\/product"}],"about":[{"href":"https:\/\/wisperbikes.com\/hu\/wp-json\/wp\/v2\/types\/product"}],"replies":[{"embeddable":true,"href":"https:\/\/wisperbikes.com\/hu\/wp-json\/wp\/v2\/comments?post=24457"}],"wp:featuredmedia":[{"embeddable":true,"href":"https:\/\/wisperbikes.com\/hu\/wp-json\/wp\/v2\/media\/28501"}],"wp:attachment":[{"href":"https:\/\/wisperbikes.com\/hu\/wp-json\/wp\/v2\/media?parent=24457"}],"wp:term":[{"taxonomy":"product_cat","embeddable":true,"href":"https:\/\/wisperbikes.com\/hu\/wp-json\/wp\/v2\/product_cat?post=24457"},{"taxonomy":"product_tag","embeddable":true,"href":"https:\/\/wisperbikes.com\/hu\/wp-json\/wp\/v2\/product_tag?post=24457"}],"curies":[{"name":"wp","href":"https:\/\/api.w.org\/{rel}","templated":true}]}}