{"id":30001,"date":"2021-02-11T12:35:19","date_gmt":"2021-02-11T12:35:19","guid":{"rendered":"https:\/\/wisperbikes.com\/hu\/?post_type=product&#038;p=30001"},"modified":"2024-03-08T15:07:34","modified_gmt":"2024-03-08T15:07:34","slug":"wayfarer-rear-hub-motor","status":"publish","type":"product","link":"https:\/\/wisperbikes.com\/hu\/shop\/motors\/wayfarer-rear-hub-motor\/","title":{"rendered":"Wayfarer Rear Hub Motor"},"content":{"rendered":"","protected":false},"excerpt":{"rendered":"<p>Motor for Wayfarer Hub Drive bicycles.<\/p>\n","protected":false},"featured_media":30002,"comment_status":"closed","ping_status":"closed","template":"","meta":[],"product_cat":[963],"product_tag":[],"acf":[],"yoast_head":"<!-- This site is optimized with the Yoast SEO plugin v20.12 - https:\/\/yoast.com\/wordpress\/plugins\/seo\/ -->\n<title>Wayfarer h\u00e1ts\u00f3 agymotor | Elektronika | Wisper Bikes UK<\/title>\n<meta name=\"description\" content=\"Min\u0151s\u00e9gi motor Wayfarer agymotoros ker\u00e9kp\u00e1rokhoz, el\u00e9rhet\u0151 a megb\u00edzhat\u00f3 Wisper UK-t\u00f3l. K\u00e9sz a k\u00f6vetkez\u0151 napi sz\u00e1ll\u00edt\u00e1sra. V\u00e1s\u00e1rolj most!\" \/>\n<meta name=\"robots\" content=\"index, follow, max-snippet:-1, max-image-preview:large, max-video-preview:-1\" \/>\n<link rel=\"canonical\" href=\"https:\/\/wisperbikes.com\/hu\/shop\/motors\/wayfarer-rear-hub-motor\/\" \/>\n<meta property=\"og:locale\" content=\"hu_HU\" \/>\n<meta property=\"og:type\" content=\"article\" \/>\n<meta property=\"og:title\" content=\"Wayfarer h\u00e1ts\u00f3 agymotor | Elektronika | Wisper Bikes UK\" \/>\n<meta property=\"og:description\" content=\"Min\u0151s\u00e9gi motor Wayfarer agymotoros ker\u00e9kp\u00e1rokhoz, el\u00e9rhet\u0151 a megb\u00edzhat\u00f3 Wisper UK-t\u00f3l. K\u00e9sz a k\u00f6vetkez\u0151 napi sz\u00e1ll\u00edt\u00e1sra. V\u00e1s\u00e1rolj most!\" \/>\n<meta property=\"og:url\" content=\"https:\/\/wisperbikes.com\/hu\/shop\/motors\/wayfarer-rear-hub-motor\/\" \/>\n<meta property=\"og:site_name\" content=\"Wisper Bikes\" \/>\n<meta property=\"article:publisher\" content=\"https:\/\/www.facebook.com\/Amps.Bike\/\" \/>\n<meta property=\"article:modified_time\" content=\"2024-03-08T15:07:34+00:00\" \/>\n<meta property=\"og:image\" content=\"https:\/\/wisperbikes.com\/hu\/wp-content\/uploads\/2021\/02\/Wayfarer-Hub-Motor--scaled.jpg\" \/>\n\t<meta property=\"og:image:width\" content=\"2560\" \/>\n\t<meta property=\"og:image:height\" content=\"1920\" \/>\n\t<meta property=\"og:image:type\" content=\"image\/jpeg\" \/>\n<meta name=\"twitter:card\" content=\"summary_large_image\" \/>\n<meta name=\"twitter:site\" content=\"@wisperebikes\" \/>\n<script type=\"application\/ld+json\" class=\"yoast-schema-graph\">{\"@context\":\"https:\/\/schema.org\",\"@graph\":[{\"@type\":\"WebPage\",\"@id\":\"https:\/\/wisperbikes.com\/hu\/shop\/motors\/wayfarer-rear-hub-motor\/\",\"url\":\"https:\/\/wisperbikes.com\/hu\/shop\/motors\/wayfarer-rear-hub-motor\/\",\"name\":\"Wayfarer h\u00e1ts\u00f3 agymotor | Elektronika | Wisper Bikes UK\",\"isPartOf\":{\"@id\":\"https:\/\/wisperbikes.com\/hu\/#website\"},\"datePublished\":\"2021-02-11T12:35:19+00:00\",\"dateModified\":\"2024-03-08T15:07:34+00:00\",\"description\":\"Min\u0151s\u00e9gi motor Wayfarer agymotoros ker\u00e9kp\u00e1rokhoz, el\u00e9rhet\u0151 a megb\u00edzhat\u00f3 Wisper UK-t\u00f3l. K\u00e9sz a k\u00f6vetkez\u0151 napi sz\u00e1ll\u00edt\u00e1sra. V\u00e1s\u00e1rolj most!\",\"breadcrumb\":{\"@id\":\"https:\/\/wisperbikes.com\/hu\/shop\/motors\/wayfarer-rear-hub-motor\/#breadcrumb\"},\"inLanguage\":\"hu\",\"potentialAction\":[{\"@type\":\"ReadAction\",\"target\":[\"https:\/\/wisperbikes.com\/hu\/shop\/motors\/wayfarer-rear-hub-motor\/\"]}]},{\"@type\":\"BreadcrumbList\",\"@id\":\"https:\/\/wisperbikes.com\/hu\/shop\/motors\/wayfarer-rear-hub-motor\/#breadcrumb\",\"itemListElement\":[{\"@type\":\"ListItem\",\"position\":1,\"name\":\"Home\",\"item\":\"https:\/\/wisperbikes.com\/hu\/\"},{\"@type\":\"ListItem\",\"position\":2,\"name\":\"Our Shop\",\"item\":\"https:\/\/wisperbikes.com\/hu\/shop\/\"},{\"@type\":\"ListItem\",\"position\":3,\"name\":\"Wayfarer Rear Hub Motor\"}]},{\"@type\":\"WebSite\",\"@id\":\"https:\/\/wisperbikes.com\/hu\/#website\",\"url\":\"https:\/\/wisperbikes.com\/hu\/\",\"name\":\"Wisper Bikes\",\"description\":\"Electric Bikes\",\"publisher\":{\"@id\":\"https:\/\/wisperbikes.com\/hu\/#organization\"},\"potentialAction\":[{\"@type\":\"SearchAction\",\"target\":{\"@type\":\"EntryPoint\",\"urlTemplate\":\"https:\/\/wisperbikes.com\/hu\/?s={search_term_string}\"},\"query-input\":\"required name=search_term_string\"}],\"inLanguage\":\"hu\"},{\"@type\":\"Organization\",\"@id\":\"https:\/\/wisperbikes.com\/hu\/#organization\",\"name\":\"Wisper Electric Bikes\",\"alternateName\":\"Wisper E-Bikes\",\"url\":\"https:\/\/wisperbikes.com\/hu\/\",\"logo\":{\"@type\":\"ImageObject\",\"inLanguage\":\"hu\",\"@id\":\"https:\/\/wisperbikes.com\/hu\/#\/schema\/logo\/image\/\",\"url\":\"https:\/\/wisperbikes.com\/hu\/wp-content\/uploads\/2021\/06\/WISPER-Logo.png\",\"contentUrl\":\"https:\/\/wisperbikes.com\/hu\/wp-content\/uploads\/2021\/06\/WISPER-Logo.png\",\"width\":250,\"height\":65,\"caption\":\"Wisper Electric Bikes\"},\"image\":{\"@id\":\"https:\/\/wisperbikes.com\/hu\/#\/schema\/logo\/image\/\"},\"sameAs\":[\"https:\/\/www.facebook.com\/Amps.Bike\/\",\"https:\/\/twitter.com\/wisperebikes\",\"https:\/\/www.instagram.com\/wisperbikes\/\"]}]}<\/script>\n<!-- \/ Yoast SEO plugin. -->","yoast_head_json":{"title":"Wayfarer h\u00e1ts\u00f3 agymotor | Elektronika | Wisper Bikes UK","description":"Min\u0151s\u00e9gi motor Wayfarer agymotoros ker\u00e9kp\u00e1rokhoz, el\u00e9rhet\u0151 a megb\u00edzhat\u00f3 Wisper UK-t\u00f3l. K\u00e9sz a k\u00f6vetkez\u0151 napi sz\u00e1ll\u00edt\u00e1sra. V\u00e1s\u00e1rolj most!","robots":{"index":"index","follow":"follow","max-snippet":"max-snippet:-1","max-image-preview":"max-image-preview:large","max-video-preview":"max-video-preview:-1"},"canonical":"https:\/\/wisperbikes.com\/hu\/shop\/motors\/wayfarer-rear-hub-motor\/","og_locale":"hu_HU","og_type":"article","og_title":"Wayfarer h\u00e1ts\u00f3 agymotor | Elektronika | Wisper Bikes UK","og_description":"Min\u0151s\u00e9gi motor Wayfarer agymotoros ker\u00e9kp\u00e1rokhoz, el\u00e9rhet\u0151 a megb\u00edzhat\u00f3 Wisper UK-t\u00f3l. K\u00e9sz a k\u00f6vetkez\u0151 napi sz\u00e1ll\u00edt\u00e1sra. V\u00e1s\u00e1rolj most!","og_url":"https:\/\/wisperbikes.com\/hu\/shop\/motors\/wayfarer-rear-hub-motor\/","og_site_name":"Wisper Bikes","article_publisher":"https:\/\/www.facebook.com\/Amps.Bike\/","article_modified_time":"2024-03-08T15:07:34+00:00","og_image":[{"width":2560,"height":1920,"url":"https:\/\/wisperbikes.com\/hu\/wp-content\/uploads\/2021\/02\/Wayfarer-Hub-Motor--scaled.jpg","type":"image\/jpeg"}],"twitter_card":"summary_large_image","twitter_site":"@wisperebikes","schema":{"@context":"https:\/\/schema.org","@graph":[{"@type":"WebPage","@id":"https:\/\/wisperbikes.com\/hu\/shop\/motors\/wayfarer-rear-hub-motor\/","url":"https:\/\/wisperbikes.com\/hu\/shop\/motors\/wayfarer-rear-hub-motor\/","name":"Wayfarer h\u00e1ts\u00f3 agymotor | Elektronika | Wisper Bikes UK","isPartOf":{"@id":"https:\/\/wisperbikes.com\/hu\/#website"},"datePublished":"2021-02-11T12:35:19+00:00","dateModified":"2024-03-08T15:07:34+00:00","description":"Min\u0151s\u00e9gi motor Wayfarer agymotoros ker\u00e9kp\u00e1rokhoz, el\u00e9rhet\u0151 a megb\u00edzhat\u00f3 Wisper UK-t\u00f3l. K\u00e9sz a k\u00f6vetkez\u0151 napi sz\u00e1ll\u00edt\u00e1sra. V\u00e1s\u00e1rolj most!","breadcrumb":{"@id":"https:\/\/wisperbikes.com\/hu\/shop\/motors\/wayfarer-rear-hub-motor\/#breadcrumb"},"inLanguage":"hu","potentialAction":[{"@type":"ReadAction","target":["https:\/\/wisperbikes.com\/hu\/shop\/motors\/wayfarer-rear-hub-motor\/"]}]},{"@type":"BreadcrumbList","@id":"https:\/\/wisperbikes.com\/hu\/shop\/motors\/wayfarer-rear-hub-motor\/#breadcrumb","itemListElement":[{"@type":"ListItem","position":1,"name":"Home","item":"https:\/\/wisperbikes.com\/hu\/"},{"@type":"ListItem","position":2,"name":"Our Shop","item":"https:\/\/wisperbikes.com\/hu\/shop\/"},{"@type":"ListItem","position":3,"name":"Wayfarer Rear Hub Motor"}]},{"@type":"WebSite","@id":"https:\/\/wisperbikes.com\/hu\/#website","url":"https:\/\/wisperbikes.com\/hu\/","name":"Wisper Bikes","description":"Electric Bikes","publisher":{"@id":"https:\/\/wisperbikes.com\/hu\/#organization"},"potentialAction":[{"@type":"SearchAction","target":{"@type":"EntryPoint","urlTemplate":"https:\/\/wisperbikes.com\/hu\/?s={search_term_string}"},"query-input":"required name=search_term_string"}],"inLanguage":"hu"},{"@type":"Organization","@id":"https:\/\/wisperbikes.com\/hu\/#organization","name":"Wisper Electric Bikes","alternateName":"Wisper E-Bikes","url":"https:\/\/wisperbikes.com\/hu\/","logo":{"@type":"ImageObject","inLanguage":"hu","@id":"https:\/\/wisperbikes.com\/hu\/#\/schema\/logo\/image\/","url":"https:\/\/wisperbikes.com\/hu\/wp-content\/uploads\/2021\/06\/WISPER-Logo.png","contentUrl":"https:\/\/wisperbikes.com\/hu\/wp-content\/uploads\/2021\/06\/WISPER-Logo.png","width":250,"height":65,"caption":"Wisper Electric Bikes"},"image":{"@id":"https:\/\/wisperbikes.com\/hu\/#\/schema\/logo\/image\/"},"sameAs":["https:\/\/www.facebook.com\/Amps.Bike\/","https:\/\/twitter.com\/wisperebikes","https:\/\/www.instagram.com\/wisperbikes\/"]}]}},"_links":{"self":[{"href":"https:\/\/wisperbikes.com\/hu\/wp-json\/wp\/v2\/product\/30001"}],"collection":[{"href":"https:\/\/wisperbikes.com\/hu\/wp-json\/wp\/v2\/product"}],"about":[{"href":"https:\/\/wisperbikes.com\/hu\/wp-json\/wp\/v2\/types\/product"}],"replies":[{"embeddable":true,"href":"https:\/\/wisperbikes.com\/hu\/wp-json\/wp\/v2\/comments?post=30001"}],"wp:featuredmedia":[{"embeddable":true,"href":"https:\/\/wisperbikes.com\/hu\/wp-json\/wp\/v2\/media\/30002"}],"wp:attachment":[{"href":"https:\/\/wisperbikes.com\/hu\/wp-json\/wp\/v2\/media?parent=30001"}],"wp:term":[{"taxonomy":"product_cat","embeddable":true,"href":"https:\/\/wisperbikes.com\/hu\/wp-json\/wp\/v2\/product_cat?post=30001"},{"taxonomy":"product_tag","embeddable":true,"href":"https:\/\/wisperbikes.com\/hu\/wp-json\/wp\/v2\/product_tag?post=30001"}],"curies":[{"name":"wp","href":"https:\/\/api.w.org\/{rel}","templated":true}]}}