{"id":30758,"date":"2021-04-30T17:31:26","date_gmt":"2021-04-30T17:31:26","guid":{"rendered":"https:\/\/wisperbikes.com\/hu\/?post_type=product&#038;p=30758"},"modified":"2023-10-06T09:48:04","modified_gmt":"2023-10-06T09:48:04","slug":"wisper-705-26","status":"publish","type":"product","link":"https:\/\/wisperbikes.com\/hu\/shop\/e-bikes\/step-through-ebikes\/wisper-705-26\/","title":{"rendered":"Wisper 705 26\u201d Step-Through eBike"},"content":{"rendered":"<p><span data-sheets-value=\"{&quot;1&quot;:2,&quot;2&quot;:&quot;&quot;}\" data-sheets-userformat=\"{&quot;2&quot;:513,&quot;3&quot;:{&quot;1&quot;:0},&quot;12&quot;:0}\"><script type=\"application\/ld+json\">\r\n{\r\n  \"@context\": \"https:\/\/schema.org\/\", \r\n  \"@type\": \"Product\", \r\n  \"name\": \"Wisper 705 26\u201d Step-Through EBike\",\r\n  \"image\": \"https:\/\/wisperbikes.com\/hu\/wp-content\/uploads\/2022\/09\/705-26-Red.jpg\",\r\n  \"description\": \"Representing excellent value for money the 705 Step-through Electric Bike is Wisper\u2019s go to bike and the perfect choice for shopping, commuting or long country rides.\r\n\r\nYou can customise your own Wisper 705 Step-Through ebike today by simply selecting from a range of battery, power unit and colour options.\",\r\n  \"brand\": {\r\n    \"@type\": \"Brand\",\r\n    \"name\": \"Wisper Electric Bikes\"\r\n  },\r\n  \"offers\": {\r\n    \"@type\": \"AggregateOffer\",\r\n    \"url\": \"https:\/\/wisperbikes.com\/hu\/shop\/e-bikes\/step-through-ebikes\/wisper-705-26\/\",\r\n    \"priceCurrency\": \"GBP\",\r\n    \"lowPrice\": \"1599\",\r\n    \"highPrice\": \"2599\"\r\n  },\r\n  \"aggregateRating\": {\r\n    \"@type\": \"AggregateRating\",\r\n    \"ratingValue\": \"5\",\r\n    \"bestRating\": \"5\",\r\n    \"worstRating\": \"1\",\r\n    \"ratingCount\": \"4\",\r\n    \"reviewCount\": \"4\"\r\n  },\r\n  \"review\": [{\r\n    \"@type\": \"Review\",\r\n    \"name\": \"Cusstomer\",\r\n    \"reviewBody\": \"We have bought two Wisper bikes one for me and one for my wife 705 and a wayfaire we are very pleased with them and can\u2019t believe how well balanced they are we can\u2019t wait to get back on them\",\r\n    \"reviewRating\": {\r\n      \"@type\": \"Rating\",\r\n      \"ratingValue\": \"5\",\r\n      \"bestRating\": \"5\",\r\n      \"worstRating\": \"1\"\r\n    },\r\n    \"datePublished\": \"2020-10-20\",\r\n    \"author\": {\"@type\": \"Person\", \"name\": \"Cusstomer\"},\r\n    \"publisher\": {\"@type\": \"Organization\", \"name\": \"Wisper Electric Bikes\"}\r\n  },{\r\n    \"@type\": \"Review\",\r\n    \"name\": \"Brightonian\",\r\n    \"reviewBody\": \"Well made but not especially \u201ccool-looking\u201d I\u2019m just getting the hang of this 705 step-through bike. It is strong and well-made, with high quality braking system, and suspension. The design indicates rectitude rather than machismo. The sudden burst of power takes a bit of getting used to \u2013 but enables me to go up hills without too much effort. It\u2019s a heavy beast to manhandle through the hall way \u2013 but it adds a new dimension to routes and distances that I would not have attempted without the electric assistance.\",\r\n    \"reviewRating\": {\r\n      \"@type\": \"Rating\",\r\n      \"ratingValue\": \"5\",\r\n      \"bestRating\": \"5\",\r\n      \"worstRating\": \"1\"\r\n    },\r\n    \"datePublished\": \"2020-12-13\",\r\n    \"author\": {\"@type\": \"Person\", \"name\": \"Brightonian\"},\r\n    \"publisher\": {\"@type\": \"Organization\", \"name\": \"Wisper Electric Bikes\"}\r\n  },{\r\n    \"@type\": \"Review\",\r\n    \"name\": \"Bernie\",\r\n    \"reviewBody\": \"My wife and I are really pleased with our Wisper bikes. I bought the Wayfarer Adventure and my wofe bought the 705 26inch step through. Both have been on over 2,000 kilometeres of riding on National Cycle Network roads and off road gravel paths and have been very powerful with ranges of 90k + per ride.Super bikes, very robust and from recent experience able to cope with extremely wet weather! Great support as well as we bought one bike from head office at Kemsing and the other from a Dartford dealer bates-ebikes.\",\r\n    \"reviewRating\": {\r\n      \"@type\": \"Rating\",\r\n      \"ratingValue\": \"5\",\r\n      \"bestRating\": \"5\",\r\n      \"worstRating\": \"1\"\r\n    },\r\n    \"datePublished\": \"2021-02-13\",\r\n    \"author\": {\"@type\": \"Person\", \"name\": \"Bernie\"},\r\n    \"publisher\": {\"@type\": \"Organization\", \"name\": \"Wisper Electric Bikes\"}\r\n  },{\r\n    \"@type\": \"Review\",\r\n    \"name\": \"Customer\",\r\n    \"reviewBody\": \"Was pleased when this bike arrived and very pleased now I have done some riding. I feel the quality is good, nothing feels cheap or weak, it is solid and very comfortable. Saddle and handlebars are easy to adjust. Its reactions are instant, & the gearing is smooth and accurate. Battery is proving very efficient and if you are still prepared to pedal and get some exercise & not call on the power continuously, then the mileage is terrific. I will add that I believe the quotes for average mileage is accurate too. Very pleased with this purchase and also think the price was on the money.\",\r\n    \"reviewRating\": {\r\n      \"@type\": \"Rating\",\r\n      \"ratingValue\": \"5\",\r\n      \"bestRating\": \"5\",\r\n      \"worstRating\": \"1\"\r\n    },\r\n    \"datePublished\": \"2022-02-22\",\r\n    \"author\": {\"@type\": \"Person\", \"name\": \"Customer\"},\r\n    \"publisher\": {\"@type\": \"Organization\", \"name\": \"Wisper Electric Bikes\"}\r\n  }]\r\n}\r\n<\/script><\/span><\/p>\n<p><span data-sheets-value=\"{&quot;1&quot;:2,&quot;2&quot;:&quot;Tov\u00e1bbi inform\u00e1ci\u00f3k\u00e9rt a Full Throttle Optionr\u00f3l, k\u00e9rj\u00fck kattintson ide.&quot;}\" data-sheets-userformat=\"{&quot;2&quot;:15171,&quot;3&quot;:{&quot;1&quot;:0},&quot;4&quot;:{&quot;1&quot;:2,&quot;2&quot;:16777215},&quot;9&quot;:0,&quot;11&quot;:3,&quot;12&quot;:0,&quot;14&quot;:{&quot;1&quot;:2,&quot;2&quot;:0},&quot;15&quot;:&quot;Rubik, sans-serif&quot;,&quot;16&quot;:12}\">Tov\u00e1bbi inform\u00e1ci\u00f3k\u00e9rt a Full Throttle Optionr\u00f3l, <\/span><a class=\"underline\" href=\"https:\/\/wisperbikes.com\/hu\/full-throttle-option\/\"><span data-sheets-value=\"{&quot;1&quot;:2,&quot;2&quot;:&quot;Tov\u00e1bbi inform\u00e1ci\u00f3k\u00e9rt a Full Throttle Optionr\u00f3l, k\u00e9rj\u00fck kattintson ide.&quot;}\" data-sheets-userformat=\"{&quot;2&quot;:15171,&quot;3&quot;:{&quot;1&quot;:0},&quot;4&quot;:{&quot;1&quot;:2,&quot;2&quot;:16777215},&quot;9&quot;:0,&quot;11&quot;:3,&quot;12&quot;:0,&quot;14&quot;:{&quot;1&quot;:2,&quot;2&quot;:0},&quot;15&quot;:&quot;Rubik, sans-serif&quot;,&quot;16&quot;:12}\">k\u00e9rj\u00fck kattintson ide<\/span><\/a>.<\/p>\n<h3><span data-sheets-value=\"{&quot;1&quot;:2,&quot;2&quot;:&quot;M\u0171szaki specifik\u00e1ci\u00f3&quot;}\" data-sheets-userformat=\"{&quot;2&quot;:15171,&quot;3&quot;:{&quot;1&quot;:0},&quot;4&quot;:{&quot;1&quot;:2,&quot;2&quot;:16777215},&quot;9&quot;:0,&quot;11&quot;:3,&quot;12&quot;:0,&quot;14&quot;:{&quot;1&quot;:2,&quot;2&quot;:0},&quot;15&quot;:&quot;Rubik, sans-serif&quot;,&quot;16&quot;:12}\">M\u0171szaki specifik\u00e1ci\u00f3<\/span><\/h3>\n<h4>Motor<\/h4>\n<p><span data-sheets-value=\"{&quot;1&quot;:2,&quot;2&quot;:&quot;Wisper nagy hat\u00e9konys\u00e1g\u00fa, 250W magas nyomat\u00e9k\u00fa, kef\u00e9k n\u00e9lk\u00fcli motor&quot;}\" data-sheets-userformat=\"{&quot;2&quot;:15171,&quot;3&quot;:{&quot;1&quot;:0},&quot;4&quot;:{&quot;1&quot;:2,&quot;2&quot;:16777215},&quot;9&quot;:0,&quot;11&quot;:3,&quot;12&quot;:0,&quot;14&quot;:{&quot;1&quot;:2,&quot;2&quot;:0},&quot;15&quot;:&quot;Rubik, sans-serif&quot;,&quot;16&quot;:12}\">Wisper nagy hat\u00e9konys\u00e1g\u00fa, 250W magas nyomat\u00e9k\u00fa, kef\u00e9k n\u00e9lk\u00fcli motor<\/span><\/p>\n<h4><span data-sheets-value=\"{&quot;1&quot;:2,&quot;2&quot;:&quot;L\u00edtium Akkumul\u00e1tor&quot;}\" data-sheets-userformat=\"{&quot;2&quot;:15171,&quot;3&quot;:{&quot;1&quot;:0},&quot;4&quot;:{&quot;1&quot;:2,&quot;2&quot;:16777215},&quot;9&quot;:0,&quot;11&quot;:3,&quot;12&quot;:0,&quot;14&quot;:{&quot;1&quot;:2,&quot;2&quot;:0},&quot;15&quot;:&quot;Rubik, sans-serif&quot;,&quot;16&quot;:12}\">L\u00edtium Akkumul\u00e1tor<\/span><\/h4>\n<p><span data-sheets-value=\"{&quot;1&quot;:2,&quot;2&quot;:&quot;K\u00f6zepes hat\u00f3t\u00e1vols\u00e1g\u00fa 375Wh MAX hat\u00f3t\u00e1vols\u00e1g 80 km&quot;}\" data-sheets-userformat=\"{&quot;2&quot;:15171,&quot;3&quot;:{&quot;1&quot;:0},&quot;4&quot;:{&quot;1&quot;:2,&quot;2&quot;:16777215},&quot;9&quot;:0,&quot;11&quot;:3,&quot;12&quot;:0,&quot;14&quot;:{&quot;1&quot;:2,&quot;2&quot;:0},&quot;15&quot;:&quot;Rubik, sans-serif&quot;,&quot;16&quot;:12}\">K\u00f6zepes hat\u00f3t\u00e1vols\u00e1g\u00fa 375Wh MAX hat\u00f3t\u00e1vols\u00e1g 80 km<\/span><br \/>\n<span data-sheets-value=\"{&quot;1&quot;:2,&quot;2&quot;:&quot;Hossz\u00fa hat\u00f3t\u00e1vols\u00e1g\u00fa 575Wh MAX hat\u00f3t\u00e1vols\u00e1g 120 km&quot;}\" data-sheets-userformat=\"{&quot;2&quot;:15171,&quot;3&quot;:{&quot;1&quot;:0},&quot;4&quot;:{&quot;1&quot;:2,&quot;2&quot;:16777215},&quot;9&quot;:0,&quot;11&quot;:3,&quot;12&quot;:0,&quot;14&quot;:{&quot;1&quot;:2,&quot;2&quot;:0},&quot;15&quot;:&quot;Rubik, sans-serif&quot;,&quot;16&quot;:12}\">Hossz\u00fa hat\u00f3t\u00e1vols\u00e1g\u00fa 575Wh MAX hat\u00f3t\u00e1vols\u00e1g 120 km<\/span><br \/>\n<span data-sheets-value=\"{&quot;1&quot;:2,&quot;2&quot;:&quot;Mega hat\u00f3t\u00e1vols\u00e1g\u00fa 700Wh MAX hat\u00f3t\u00e1vols\u00e1g 160 km&quot;}\" data-sheets-userformat=\"{&quot;2&quot;:15171,&quot;3&quot;:{&quot;1&quot;:0},&quot;4&quot;:{&quot;1&quot;:2,&quot;2&quot;:16777215},&quot;9&quot;:0,&quot;11&quot;:3,&quot;12&quot;:0,&quot;14&quot;:{&quot;1&quot;:2,&quot;2&quot;:0},&quot;15&quot;:&quot;Rubik, sans-serif&quot;,&quot;16&quot;:12}\">Mega hat\u00f3t\u00e1vols\u00e1g\u00fa 700Wh MAX hat\u00f3t\u00e1vols\u00e1g 160 km<\/span><\/p>\n<p><span data-sheets-value=\"{&quot;1&quot;:2,&quot;2&quot;:&quot;*A hat\u00f3t\u00e1vols\u00e1g ak\u00e1r 30%-kal is megn\u00f6velhet\u0151 a nagy hat\u00e9konys\u00e1g\u00fa Torque Power Pack-ra val\u00f3 friss\u00edt\u00e9ssel&quot;}\" data-sheets-userformat=\"{&quot;2&quot;:15171,&quot;3&quot;:{&quot;1&quot;:0},&quot;4&quot;:{&quot;1&quot;:2,&quot;2&quot;:16777215},&quot;9&quot;:0,&quot;11&quot;:3,&quot;12&quot;:0,&quot;14&quot;:{&quot;1&quot;:2,&quot;2&quot;:0},&quot;15&quot;:&quot;Rubik, sans-serif&quot;,&quot;16&quot;:12}\">*A hat\u00f3t\u00e1vols\u00e1g ak\u00e1r 30%-kal is megn\u00f6velhet\u0151 a nagy hat\u00e9konys\u00e1g\u00fa Torque Power Pack-ra val\u00f3 friss\u00edt\u00e9ssel<\/span><\/p>\n<h4><span data-sheets-value=\"{&quot;1&quot;:2,&quot;2&quot;:&quot;Teljes G\u00e1zhat\u00f3t\u00e1vols\u00e1g&quot;}\" data-sheets-userformat=\"{&quot;2&quot;:15171,&quot;3&quot;:{&quot;1&quot;:0},&quot;4&quot;:{&quot;1&quot;:2,&quot;2&quot;:16777215},&quot;9&quot;:0,&quot;11&quot;:3,&quot;12&quot;:0,&quot;14&quot;:{&quot;1&quot;:2,&quot;2&quot;:0},&quot;15&quot;:&quot;Rubik, sans-serif&quot;,&quot;16&quot;:12}\">Teljes G\u00e1zhat\u00f3t\u00e1vols\u00e1g<\/span><\/h4>\n<p><span data-sheets-value=\"{&quot;1&quot;:2,&quot;2&quot;:&quot;Ha a Wisper ker\u00e9kp\u00e1rj\u00e1t csak g\u00e1zkarral haszn\u00e1lja, a hat\u00f3t\u00e1vols\u00e1g ak\u00e1r 35%-kal is cs\u00f6kkenhet, \u00e9s a TTP nem seg\u00edt n\u00f6velni a hat\u00f3t\u00e1vols\u00e1got, am\u00edg csak a g\u00e1zkart haszn\u00e1lja. Ha a ker\u00e9kp\u00e1rj\u00e1t \u00fagy friss\u00edtett\u00e9k, hogy csak a g\u00e1zkarral m\u0171k\u00f6dik, m\u00e9g mindig azt javasoljuk, hogy ped\u00e1lozzon, amikor csak tud. A g\u00e1zkar funkci\u00f3t csak akkor haszn\u00e1lja, ha pihenni szeretne, vagy seg\u00edts\u00e9gre van sz\u00fcks\u00e9ge az elindul\u00e1shoz.&quot;}\" data-sheets-userformat=\"{&quot;2&quot;:15171,&quot;3&quot;:{&quot;1&quot;:0},&quot;4&quot;:{&quot;1&quot;:2,&quot;2&quot;:16777215},&quot;9&quot;:0,&quot;11&quot;:3,&quot;12&quot;:0,&quot;14&quot;:{&quot;1&quot;:2,&quot;2&quot;:0},&quot;15&quot;:&quot;Rubik, sans-serif&quot;,&quot;16&quot;:12}\">Ha a Wisper ker\u00e9kp\u00e1rj\u00e1t csak g\u00e1zkarral haszn\u00e1lja, a hat\u00f3t\u00e1vols\u00e1g ak\u00e1r 35%-kal is cs\u00f6kkenhet, \u00e9s a TTP nem seg\u00edt n\u00f6velni a hat\u00f3t\u00e1vols\u00e1got, am\u00edg csak a g\u00e1zkart haszn\u00e1lja. Ha a ker\u00e9kp\u00e1rj\u00e1t \u00fagy friss\u00edtett\u00e9k, hogy csak a g\u00e1zkarral m\u0171k\u00f6dik, m\u00e9g mindig azt javasoljuk, hogy ped\u00e1lozzon, amikor csak tud. A g\u00e1zkar funkci\u00f3t csak akkor haszn\u00e1lja, ha pihenni szeretne, vagy seg\u00edts\u00e9gre van sz\u00fcks\u00e9ge az elindul\u00e1shoz.<\/span><\/p>\n<h4><span data-sheets-value=\"{&quot;1&quot;:2,&quot;2&quot;:&quot;Vez\u00e9rl\u0151k&quot;}\" data-sheets-userformat=\"{&quot;2&quot;:15171,&quot;3&quot;:{&quot;1&quot;:0},&quot;4&quot;:{&quot;1&quot;:2,&quot;2&quot;:16777215},&quot;9&quot;:0,&quot;11&quot;:3,&quot;12&quot;:0,&quot;14&quot;:{&quot;1&quot;:2,&quot;2&quot;:0},&quot;15&quot;:&quot;Rubik, sans-serif&quot;,&quot;16&quot;:12}\">Vez\u00e9rl\u0151k<\/span><\/h4>\n<p><span data-sheets-value=\"{&quot;1&quot;:2,&quot;2&quot;:&quot;H\u00e1tt\u00e9rvil\u00e1g\u00edt\u00e1s\u00fa Wisper LCD kijelz\u0151&quot;}\" data-sheets-userformat=\"{&quot;2&quot;:15171,&quot;3&quot;:{&quot;1&quot;:0},&quot;4&quot;:{&quot;1&quot;:2,&quot;2&quot;:16777215},&quot;9&quot;:0,&quot;11&quot;:3,&quot;12&quot;:0,&quot;14&quot;:{&quot;1&quot;:2,&quot;2&quot;:0},&quot;15&quot;:&quot;Rubik, sans-serif&quot;,&quot;16&quot;:12}\">H\u00e1tt\u00e9rvil\u00e1g\u00edt\u00e1s\u00fa Wisper LCD kijelz\u0151<\/span><\/p>\n<h4><span data-sheets-value=\"{&quot;1&quot;:2,&quot;2&quot;:&quot;Ker\u00e9kp\u00e1r s\u00falya&quot;}\" data-sheets-userformat=\"{&quot;2&quot;:15171,&quot;3&quot;:{&quot;1&quot;:0},&quot;4&quot;:{&quot;1&quot;:2,&quot;2&quot;:16777215},&quot;9&quot;:0,&quot;11&quot;:3,&quot;12&quot;:0,&quot;14&quot;:{&quot;1&quot;:2,&quot;2&quot;:0},&quot;15&quot;:&quot;Rubik, sans-serif&quot;,&quot;16&quot;:12}\">Ker\u00e9kp\u00e1r s\u00falya<\/span><\/h4>\n<p>375Wh: 23kg<br \/>\n575Wh: 24kg<br \/>\n700Wh: 24.5kg<\/p>\n<h4><span data-sheets-value=\"{&quot;1&quot;:2,&quot;2&quot;:&quot;V\u00e1z&quot;}\" data-sheets-userformat=\"{&quot;2&quot;:15171,&quot;3&quot;:{&quot;1&quot;:0},&quot;4&quot;:{&quot;1&quot;:2,&quot;2&quot;:16777215},&quot;9&quot;:0,&quot;11&quot;:3,&quot;12&quot;:0,&quot;14&quot;:{&quot;1&quot;:2,&quot;2&quot;:0},&quot;15&quot;:&quot;Rubik, sans-serif&quot;,&quot;16&quot;:12}\">V\u00e1z<\/span><\/h4>\n<p><span data-sheets-value=\"{&quot;1&quot;:2,&quot;2&quot;:&quot;K\u00e9zzel hegesztett, 6061-es \u00f6tv\u00f6zet\u0171, T4 \u00e9s T6 h\u0151kezelt&quot;}\" data-sheets-userformat=\"{&quot;2&quot;:15171,&quot;3&quot;:{&quot;1&quot;:0},&quot;4&quot;:{&quot;1&quot;:2,&quot;2&quot;:16777215},&quot;9&quot;:0,&quot;11&quot;:3,&quot;12&quot;:0,&quot;14&quot;:{&quot;1&quot;:2,&quot;2&quot;:0},&quot;15&quot;:&quot;Rubik, sans-serif&quot;,&quot;16&quot;:12}\">K\u00e9zzel hegesztett, 6061-es \u00f6tv\u00f6zet\u0171, T4 \u00e9s T6 h\u0151kezelt<\/span><\/p>\n<h4><span data-sheets-value=\"{&quot;1&quot;:2,&quot;2&quot;:&quot;V\u00e1zm\u00e9ret&quot;}\" data-sheets-userformat=\"{&quot;2&quot;:15171,&quot;3&quot;:{&quot;1&quot;:0},&quot;4&quot;:{&quot;1&quot;:2,&quot;2&quot;:16777215},&quot;9&quot;:0,&quot;11&quot;:3,&quot;12&quot;:0,&quot;14&quot;:{&quot;1&quot;:2,&quot;2&quot;:0},&quot;15&quot;:&quot;Rubik, sans-serif&quot;,&quot;16&quot;:12}\">V\u00e1zm\u00e9ret<\/span><\/h4>\n<p><span data-sheets-value=\"{&quot;1&quot;:2,&quot;2&quot;:&quot;26\u2033 Ker\u00e9k: 46,5 cm (18\u201d)&quot;}\" data-sheets-userformat=\"{&quot;2&quot;:15171,&quot;3&quot;:{&quot;1&quot;:0},&quot;4&quot;:{&quot;1&quot;:2,&quot;2&quot;:16777215},&quot;9&quot;:0,&quot;11&quot;:3,&quot;12&quot;:0,&quot;14&quot;:{&quot;1&quot;:2,&quot;2&quot;:0},&quot;15&quot;:&quot;Rubik, sans-serif&quot;,&quot;16&quot;:12}\">26\u2033 Ker\u00e9k: 46,5 cm (18\u201d)<\/span><br \/>\n<span data-sheets-value=\"{&quot;1&quot;:2,&quot;2&quot;:&quot;24\u2033 Ker\u00e9k: 36,5 cm (14,5\u201d)&quot;}\" data-sheets-userformat=\"{&quot;2&quot;:15171,&quot;3&quot;:{&quot;1&quot;:0},&quot;4&quot;:{&quot;1&quot;:2,&quot;2&quot;:16777215},&quot;9&quot;:0,&quot;11&quot;:3,&quot;12&quot;:0,&quot;14&quot;:{&quot;1&quot;:2,&quot;2&quot;:0},&quot;15&quot;:&quot;Rubik, sans-serif&quot;,&quot;16&quot;:12}\">24\u2033 Ker\u00e9k: 36.5 cm (14.5\u201d)<\/span><\/p>\n<p>&nbsp;<\/p>\n<p>&nbsp;<\/p>\n<p><img decoding=\"async\" loading=\"lazy\" class=\"alignnone size-full wp-image-31586\" src=\"https:\/\/wisperbikes.com\/hu\/wp-content\/uploads\/2021\/09\/Wisper-traditional-large-step-through-torque-model-scaled.jpg\" alt=\"\" width=\"1416\" height=\"787\" \/><\/p>\n<p>&nbsp;<\/p>\n","protected":false},"excerpt":{"rendered":"<p>&nbsp;<\/p>\n<p>&nbsp;<\/p>\n","protected":false},"featured_media":39217,"comment_status":"open","ping_status":"closed","template":"","meta":[],"product_cat":[916,958,160,158],"product_tag":[],"acf":[],"yoast_head":"<!-- This site is optimized with the Yoast SEO plugin v20.12 - https:\/\/yoast.com\/wordpress\/plugins\/seo\/ -->\n<title>Wisper 705 26\u201d Step-Through eBike | Wisper elektromos ker\u00e9kp\u00e1rok<\/title>\n<meta name=\"description\" content=\"A Wisper 705 Step-Through elektromos ker\u00e9kp\u00e1r a t\u00f6k\u00e9letes eBike t\u00far\u00e1z\u00e1shoz. K\u00e9nyelmes, megb\u00edzhat\u00f3 \u00e9s remek funkci\u00f3kkal teli! V\u00e1s\u00e1rolj most\" \/>\n<meta name=\"robots\" content=\"index, follow, max-snippet:-1, max-image-preview:large, max-video-preview:-1\" \/>\n<link rel=\"canonical\" href=\"https:\/\/wisperbikes.com\/hu\/shop\/e-bikes\/step-through-ebikes\/wisper-705-26\/\" \/>\n<meta property=\"og:locale\" content=\"hu_HU\" \/>\n<meta property=\"og:type\" content=\"article\" \/>\n<meta property=\"og:title\" content=\"Wisper 705 26\u201d Step-Through eBike | Wisper elektromos ker\u00e9kp\u00e1rok\" \/>\n<meta property=\"og:description\" content=\"A Wisper 705 Step-Through elektromos ker\u00e9kp\u00e1r a t\u00f6k\u00e9letes eBike t\u00far\u00e1z\u00e1shoz. K\u00e9nyelmes, megb\u00edzhat\u00f3 \u00e9s remek funkci\u00f3kkal teli! V\u00e1s\u00e1rolj most\" \/>\n<meta property=\"og:url\" content=\"https:\/\/wisperbikes.com\/hu\/shop\/e-bikes\/step-through-ebikes\/wisper-705-26\/\" \/>\n<meta property=\"og:site_name\" content=\"Wisper Bikes\" \/>\n<meta property=\"article:publisher\" content=\"https:\/\/www.facebook.com\/Amps.Bike\/\" \/>\n<meta property=\"article:modified_time\" content=\"2023-10-06T09:48:04+00:00\" \/>\n<meta property=\"og:image\" content=\"https:\/\/wisperbikes.com\/hu\/wp-content\/uploads\/2021\/04\/705-26-Red.webp\" \/>\n\t<meta property=\"og:image:width\" content=\"1000\" \/>\n\t<meta property=\"og:image:height\" content=\"1000\" \/>\n\t<meta property=\"og:image:type\" content=\"image\/webp\" \/>\n<meta name=\"twitter:card\" content=\"summary_large_image\" \/>\n<meta name=\"twitter:site\" content=\"@wisperebikes\" \/>\n<meta name=\"twitter:label1\" content=\"Becs\u00fclt olvas\u00e1si id\u0151\" \/>\n\t<meta name=\"twitter:data1\" content=\"1 perc\" \/>\n<script type=\"application\/ld+json\" class=\"yoast-schema-graph\">{\"@context\":\"https:\/\/schema.org\",\"@graph\":[{\"@type\":\"WebPage\",\"@id\":\"https:\/\/wisperbikes.com\/hu\/shop\/e-bikes\/step-through-ebikes\/wisper-705-26\/\",\"url\":\"https:\/\/wisperbikes.com\/hu\/shop\/e-bikes\/step-through-ebikes\/wisper-705-26\/\",\"name\":\"Wisper 705 26\u201d Step-Through eBike | Wisper elektromos ker\u00e9kp\u00e1rok\",\"isPartOf\":{\"@id\":\"https:\/\/wisperbikes.com\/hu\/#website\"},\"datePublished\":\"2021-04-30T17:31:26+00:00\",\"dateModified\":\"2023-10-06T09:48:04+00:00\",\"description\":\"A Wisper 705 Step-Through elektromos ker\u00e9kp\u00e1r a t\u00f6k\u00e9letes eBike t\u00far\u00e1z\u00e1shoz. K\u00e9nyelmes, megb\u00edzhat\u00f3 \u00e9s remek funkci\u00f3kkal teli! V\u00e1s\u00e1rolj most\",\"breadcrumb\":{\"@id\":\"https:\/\/wisperbikes.com\/hu\/shop\/e-bikes\/step-through-ebikes\/wisper-705-26\/#breadcrumb\"},\"inLanguage\":\"hu\",\"potentialAction\":[{\"@type\":\"ReadAction\",\"target\":[\"https:\/\/wisperbikes.com\/hu\/shop\/e-bikes\/step-through-ebikes\/wisper-705-26\/\"]}]},{\"@type\":\"BreadcrumbList\",\"@id\":\"https:\/\/wisperbikes.com\/hu\/shop\/e-bikes\/step-through-ebikes\/wisper-705-26\/#breadcrumb\",\"itemListElement\":[{\"@type\":\"ListItem\",\"position\":1,\"name\":\"Home\",\"item\":\"https:\/\/wisperbikes.com\/hu\/\"},{\"@type\":\"ListItem\",\"position\":2,\"name\":\"Our Shop\",\"item\":\"https:\/\/wisperbikes.com\/hu\/shop\/\"},{\"@type\":\"ListItem\",\"position\":3,\"name\":\"Wisper 705 26\u201d Step-Through eBike\"}]},{\"@type\":\"WebSite\",\"@id\":\"https:\/\/wisperbikes.com\/hu\/#website\",\"url\":\"https:\/\/wisperbikes.com\/hu\/\",\"name\":\"Wisper Bikes\",\"description\":\"Electric Bikes\",\"publisher\":{\"@id\":\"https:\/\/wisperbikes.com\/hu\/#organization\"},\"potentialAction\":[{\"@type\":\"SearchAction\",\"target\":{\"@type\":\"EntryPoint\",\"urlTemplate\":\"https:\/\/wisperbikes.com\/hu\/?s={search_term_string}\"},\"query-input\":\"required name=search_term_string\"}],\"inLanguage\":\"hu\"},{\"@type\":\"Organization\",\"@id\":\"https:\/\/wisperbikes.com\/hu\/#organization\",\"name\":\"Wisper Electric Bikes\",\"alternateName\":\"Wisper E-Bikes\",\"url\":\"https:\/\/wisperbikes.com\/hu\/\",\"logo\":{\"@type\":\"ImageObject\",\"inLanguage\":\"hu\",\"@id\":\"https:\/\/wisperbikes.com\/hu\/#\/schema\/logo\/image\/\",\"url\":\"https:\/\/wisperbikes.com\/hu\/wp-content\/uploads\/2021\/06\/WISPER-Logo.png\",\"contentUrl\":\"https:\/\/wisperbikes.com\/hu\/wp-content\/uploads\/2021\/06\/WISPER-Logo.png\",\"width\":250,\"height\":65,\"caption\":\"Wisper Electric Bikes\"},\"image\":{\"@id\":\"https:\/\/wisperbikes.com\/hu\/#\/schema\/logo\/image\/\"},\"sameAs\":[\"https:\/\/www.facebook.com\/Amps.Bike\/\",\"https:\/\/twitter.com\/wisperebikes\",\"https:\/\/www.instagram.com\/wisperbikes\/\"]}]}<\/script>\n<!-- \/ Yoast SEO plugin. -->","yoast_head_json":{"title":"Wisper 705 26\u201d Step-Through eBike | Wisper elektromos ker\u00e9kp\u00e1rok","description":"A Wisper 705 Step-Through elektromos ker\u00e9kp\u00e1r a t\u00f6k\u00e9letes eBike t\u00far\u00e1z\u00e1shoz. K\u00e9nyelmes, megb\u00edzhat\u00f3 \u00e9s remek funkci\u00f3kkal teli! V\u00e1s\u00e1rolj most","robots":{"index":"index","follow":"follow","max-snippet":"max-snippet:-1","max-image-preview":"max-image-preview:large","max-video-preview":"max-video-preview:-1"},"canonical":"https:\/\/wisperbikes.com\/hu\/shop\/e-bikes\/step-through-ebikes\/wisper-705-26\/","og_locale":"hu_HU","og_type":"article","og_title":"Wisper 705 26\u201d Step-Through eBike | Wisper elektromos ker\u00e9kp\u00e1rok","og_description":"A Wisper 705 Step-Through elektromos ker\u00e9kp\u00e1r a t\u00f6k\u00e9letes eBike t\u00far\u00e1z\u00e1shoz. K\u00e9nyelmes, megb\u00edzhat\u00f3 \u00e9s remek funkci\u00f3kkal teli! V\u00e1s\u00e1rolj most","og_url":"https:\/\/wisperbikes.com\/hu\/shop\/e-bikes\/step-through-ebikes\/wisper-705-26\/","og_site_name":"Wisper Bikes","article_publisher":"https:\/\/www.facebook.com\/Amps.Bike\/","article_modified_time":"2023-10-06T09:48:04+00:00","og_image":[{"width":1000,"height":1000,"url":"https:\/\/wisperbikes.com\/hu\/wp-content\/uploads\/2021\/04\/705-26-Red.webp","type":"image\/webp"}],"twitter_card":"summary_large_image","twitter_site":"@wisperebikes","twitter_misc":{"Becs\u00fclt olvas\u00e1si id\u0151":"1 perc"},"schema":{"@context":"https:\/\/schema.org","@graph":[{"@type":"WebPage","@id":"https:\/\/wisperbikes.com\/hu\/shop\/e-bikes\/step-through-ebikes\/wisper-705-26\/","url":"https:\/\/wisperbikes.com\/hu\/shop\/e-bikes\/step-through-ebikes\/wisper-705-26\/","name":"Wisper 705 26\u201d Step-Through eBike | Wisper elektromos ker\u00e9kp\u00e1rok","isPartOf":{"@id":"https:\/\/wisperbikes.com\/hu\/#website"},"datePublished":"2021-04-30T17:31:26+00:00","dateModified":"2023-10-06T09:48:04+00:00","description":"A Wisper 705 Step-Through elektromos ker\u00e9kp\u00e1r a t\u00f6k\u00e9letes eBike t\u00far\u00e1z\u00e1shoz. K\u00e9nyelmes, megb\u00edzhat\u00f3 \u00e9s remek funkci\u00f3kkal teli! V\u00e1s\u00e1rolj most","breadcrumb":{"@id":"https:\/\/wisperbikes.com\/hu\/shop\/e-bikes\/step-through-ebikes\/wisper-705-26\/#breadcrumb"},"inLanguage":"hu","potentialAction":[{"@type":"ReadAction","target":["https:\/\/wisperbikes.com\/hu\/shop\/e-bikes\/step-through-ebikes\/wisper-705-26\/"]}]},{"@type":"BreadcrumbList","@id":"https:\/\/wisperbikes.com\/hu\/shop\/e-bikes\/step-through-ebikes\/wisper-705-26\/#breadcrumb","itemListElement":[{"@type":"ListItem","position":1,"name":"Home","item":"https:\/\/wisperbikes.com\/hu\/"},{"@type":"ListItem","position":2,"name":"Our Shop","item":"https:\/\/wisperbikes.com\/hu\/shop\/"},{"@type":"ListItem","position":3,"name":"Wisper 705 26\u201d Step-Through eBike"}]},{"@type":"WebSite","@id":"https:\/\/wisperbikes.com\/hu\/#website","url":"https:\/\/wisperbikes.com\/hu\/","name":"Wisper Bikes","description":"Electric Bikes","publisher":{"@id":"https:\/\/wisperbikes.com\/hu\/#organization"},"potentialAction":[{"@type":"SearchAction","target":{"@type":"EntryPoint","urlTemplate":"https:\/\/wisperbikes.com\/hu\/?s={search_term_string}"},"query-input":"required name=search_term_string"}],"inLanguage":"hu"},{"@type":"Organization","@id":"https:\/\/wisperbikes.com\/hu\/#organization","name":"Wisper Electric Bikes","alternateName":"Wisper E-Bikes","url":"https:\/\/wisperbikes.com\/hu\/","logo":{"@type":"ImageObject","inLanguage":"hu","@id":"https:\/\/wisperbikes.com\/hu\/#\/schema\/logo\/image\/","url":"https:\/\/wisperbikes.com\/hu\/wp-content\/uploads\/2021\/06\/WISPER-Logo.png","contentUrl":"https:\/\/wisperbikes.com\/hu\/wp-content\/uploads\/2021\/06\/WISPER-Logo.png","width":250,"height":65,"caption":"Wisper Electric Bikes"},"image":{"@id":"https:\/\/wisperbikes.com\/hu\/#\/schema\/logo\/image\/"},"sameAs":["https:\/\/www.facebook.com\/Amps.Bike\/","https:\/\/twitter.com\/wisperebikes","https:\/\/www.instagram.com\/wisperbikes\/"]}]}},"_links":{"self":[{"href":"https:\/\/wisperbikes.com\/hu\/wp-json\/wp\/v2\/product\/30758"}],"collection":[{"href":"https:\/\/wisperbikes.com\/hu\/wp-json\/wp\/v2\/product"}],"about":[{"href":"https:\/\/wisperbikes.com\/hu\/wp-json\/wp\/v2\/types\/product"}],"replies":[{"embeddable":true,"href":"https:\/\/wisperbikes.com\/hu\/wp-json\/wp\/v2\/comments?post=30758"}],"wp:featuredmedia":[{"embeddable":true,"href":"https:\/\/wisperbikes.com\/hu\/wp-json\/wp\/v2\/media\/39217"}],"wp:attachment":[{"href":"https:\/\/wisperbikes.com\/hu\/wp-json\/wp\/v2\/media?parent=30758"}],"wp:term":[{"taxonomy":"product_cat","embeddable":true,"href":"https:\/\/wisperbikes.com\/hu\/wp-json\/wp\/v2\/product_cat?post=30758"},{"taxonomy":"product_tag","embeddable":true,"href":"https:\/\/wisperbikes.com\/hu\/wp-json\/wp\/v2\/product_tag?post=30758"}],"curies":[{"name":"wp","href":"https:\/\/api.w.org\/{rel}","templated":true}]}}