{"id":38341,"date":"2022-12-05T13:11:02","date_gmt":"2022-12-05T13:11:02","guid":{"rendered":"https:\/\/wisperbikes.com\/hu\/?post_type=product&#038;p=38341"},"modified":"2024-03-08T09:25:45","modified_gmt":"2024-03-08T09:25:45","slug":"wayfarer-hub-drive-controller-akm-motor","status":"publish","type":"product","link":"https:\/\/wisperbikes.com\/hu\/shop\/electronic\/wayfarer-hub-drive-controller-akm-motor\/","title":{"rendered":"Wayfarer Hub Drive Controller &#8211; AKM Motor"},"content":{"rendered":"<p>SKU: ZP32006<\/p>\n","protected":false},"excerpt":{"rendered":"<p>SKU: ZP32006<\/p>\n","protected":false},"featured_media":39665,"comment_status":"closed","ping_status":"closed","template":"","meta":[],"product_cat":[169],"product_tag":[],"acf":[],"yoast_head":"<!-- This site is optimized with the Yoast SEO plugin v20.12 - https:\/\/yoast.com\/wordpress\/plugins\/seo\/ -->\n<title>Wayfarer Hub Drive vez\u00e9rl\u0151 - AKM motor - Wisper Bikes<\/title>\n<meta name=\"description\" content=\"V\u00e1s\u00e1roljon strapab\u00edr\u00f3 Wayfarer Hub Drive vez\u00e9rl\u0151 - AKM motort e-ker\u00e9kp\u00e1rj\u00e1hoz. A k\u00e1bel elengedhetetlen a megfelel\u0151 m\u0171k\u00f6d\u00e9shez.\" \/>\n<meta name=\"robots\" content=\"index, follow, max-snippet:-1, max-image-preview:large, max-video-preview:-1\" \/>\n<link rel=\"canonical\" href=\"https:\/\/wisperbikes.com\/hu\/shop\/electronic\/wayfarer-hub-drive-controller-akm-motor\/\" \/>\n<meta property=\"og:locale\" content=\"hu_HU\" \/>\n<meta property=\"og:type\" content=\"article\" \/>\n<meta property=\"og:title\" content=\"Wayfarer Hub Drive vez\u00e9rl\u0151 - AKM motor - Wisper Bikes\" \/>\n<meta property=\"og:description\" content=\"V\u00e1s\u00e1roljon strapab\u00edr\u00f3 Wayfarer Hub Drive vez\u00e9rl\u0151 - AKM motort e-ker\u00e9kp\u00e1rj\u00e1hoz. A k\u00e1bel elengedhetetlen a megfelel\u0151 m\u0171k\u00f6d\u00e9shez.\" \/>\n<meta property=\"og:url\" content=\"https:\/\/wisperbikes.com\/hu\/shop\/electronic\/wayfarer-hub-drive-controller-akm-motor\/\" \/>\n<meta property=\"og:site_name\" content=\"Wisper Bikes\" \/>\n<meta property=\"article:publisher\" content=\"https:\/\/www.facebook.com\/Amps.Bike\/\" \/>\n<meta property=\"article:modified_time\" content=\"2024-03-08T09:25:45+00:00\" \/>\n<meta property=\"og:image\" content=\"https:\/\/wisperbikes.com\/hu\/wp-content\/uploads\/2022\/12\/Wayfarer-AKM-Top.png\" \/>\n\t<meta property=\"og:image:width\" content=\"2976\" \/>\n\t<meta property=\"og:image:height\" content=\"2976\" \/>\n\t<meta property=\"og:image:type\" content=\"image\/png\" \/>\n<meta name=\"twitter:card\" content=\"summary_large_image\" \/>\n<meta name=\"twitter:site\" content=\"@wisperebikes\" \/>\n<meta name=\"twitter:label1\" content=\"Becs\u00fclt olvas\u00e1si id\u0151\" \/>\n\t<meta name=\"twitter:data1\" content=\"1 perc\" \/>\n<script type=\"application\/ld+json\" class=\"yoast-schema-graph\">{\"@context\":\"https:\/\/schema.org\",\"@graph\":[{\"@type\":\"WebPage\",\"@id\":\"https:\/\/wisperbikes.com\/hu\/shop\/electronic\/wayfarer-hub-drive-controller-akm-motor\/\",\"url\":\"https:\/\/wisperbikes.com\/hu\/shop\/electronic\/wayfarer-hub-drive-controller-akm-motor\/\",\"name\":\"Wayfarer Hub Drive vez\u00e9rl\u0151 - AKM motor - Wisper Bikes\",\"isPartOf\":{\"@id\":\"https:\/\/wisperbikes.com\/hu\/#website\"},\"datePublished\":\"2022-12-05T13:11:02+00:00\",\"dateModified\":\"2024-03-08T09:25:45+00:00\",\"description\":\"V\u00e1s\u00e1roljon strapab\u00edr\u00f3 Wayfarer Hub Drive vez\u00e9rl\u0151 - AKM motort e-ker\u00e9kp\u00e1rj\u00e1hoz. A k\u00e1bel elengedhetetlen a megfelel\u0151 m\u0171k\u00f6d\u00e9shez.\",\"breadcrumb\":{\"@id\":\"https:\/\/wisperbikes.com\/hu\/shop\/electronic\/wayfarer-hub-drive-controller-akm-motor\/#breadcrumb\"},\"inLanguage\":\"hu\",\"potentialAction\":[{\"@type\":\"ReadAction\",\"target\":[\"https:\/\/wisperbikes.com\/hu\/shop\/electronic\/wayfarer-hub-drive-controller-akm-motor\/\"]}]},{\"@type\":\"BreadcrumbList\",\"@id\":\"https:\/\/wisperbikes.com\/hu\/shop\/electronic\/wayfarer-hub-drive-controller-akm-motor\/#breadcrumb\",\"itemListElement\":[{\"@type\":\"ListItem\",\"position\":1,\"name\":\"Home\",\"item\":\"https:\/\/wisperbikes.com\/hu\/\"},{\"@type\":\"ListItem\",\"position\":2,\"name\":\"Our Shop\",\"item\":\"https:\/\/wisperbikes.com\/hu\/shop\/\"},{\"@type\":\"ListItem\",\"position\":3,\"name\":\"Wayfarer Hub Drive Controller &#8211; AKM Motor\"}]},{\"@type\":\"WebSite\",\"@id\":\"https:\/\/wisperbikes.com\/hu\/#website\",\"url\":\"https:\/\/wisperbikes.com\/hu\/\",\"name\":\"Wisper Bikes\",\"description\":\"Electric Bikes\",\"publisher\":{\"@id\":\"https:\/\/wisperbikes.com\/hu\/#organization\"},\"potentialAction\":[{\"@type\":\"SearchAction\",\"target\":{\"@type\":\"EntryPoint\",\"urlTemplate\":\"https:\/\/wisperbikes.com\/hu\/?s={search_term_string}\"},\"query-input\":\"required name=search_term_string\"}],\"inLanguage\":\"hu\"},{\"@type\":\"Organization\",\"@id\":\"https:\/\/wisperbikes.com\/hu\/#organization\",\"name\":\"Wisper Electric Bikes\",\"alternateName\":\"Wisper E-Bikes\",\"url\":\"https:\/\/wisperbikes.com\/hu\/\",\"logo\":{\"@type\":\"ImageObject\",\"inLanguage\":\"hu\",\"@id\":\"https:\/\/wisperbikes.com\/hu\/#\/schema\/logo\/image\/\",\"url\":\"https:\/\/wisperbikes.com\/hu\/wp-content\/uploads\/2021\/06\/WISPER-Logo.png\",\"contentUrl\":\"https:\/\/wisperbikes.com\/hu\/wp-content\/uploads\/2021\/06\/WISPER-Logo.png\",\"width\":250,\"height\":65,\"caption\":\"Wisper Electric Bikes\"},\"image\":{\"@id\":\"https:\/\/wisperbikes.com\/hu\/#\/schema\/logo\/image\/\"},\"sameAs\":[\"https:\/\/www.facebook.com\/Amps.Bike\/\",\"https:\/\/twitter.com\/wisperebikes\",\"https:\/\/www.instagram.com\/wisperbikes\/\"]}]}<\/script>\n<!-- \/ Yoast SEO plugin. -->","yoast_head_json":{"title":"Wayfarer Hub Drive vez\u00e9rl\u0151 - AKM motor - Wisper Bikes","description":"V\u00e1s\u00e1roljon strapab\u00edr\u00f3 Wayfarer Hub Drive vez\u00e9rl\u0151 - AKM motort e-ker\u00e9kp\u00e1rj\u00e1hoz. A k\u00e1bel elengedhetetlen a megfelel\u0151 m\u0171k\u00f6d\u00e9shez.","robots":{"index":"index","follow":"follow","max-snippet":"max-snippet:-1","max-image-preview":"max-image-preview:large","max-video-preview":"max-video-preview:-1"},"canonical":"https:\/\/wisperbikes.com\/hu\/shop\/electronic\/wayfarer-hub-drive-controller-akm-motor\/","og_locale":"hu_HU","og_type":"article","og_title":"Wayfarer Hub Drive vez\u00e9rl\u0151 - AKM motor - Wisper Bikes","og_description":"V\u00e1s\u00e1roljon strapab\u00edr\u00f3 Wayfarer Hub Drive vez\u00e9rl\u0151 - AKM motort e-ker\u00e9kp\u00e1rj\u00e1hoz. A k\u00e1bel elengedhetetlen a megfelel\u0151 m\u0171k\u00f6d\u00e9shez.","og_url":"https:\/\/wisperbikes.com\/hu\/shop\/electronic\/wayfarer-hub-drive-controller-akm-motor\/","og_site_name":"Wisper Bikes","article_publisher":"https:\/\/www.facebook.com\/Amps.Bike\/","article_modified_time":"2024-03-08T09:25:45+00:00","og_image":[{"width":2976,"height":2976,"url":"https:\/\/wisperbikes.com\/hu\/wp-content\/uploads\/2022\/12\/Wayfarer-AKM-Top.png","type":"image\/png"}],"twitter_card":"summary_large_image","twitter_site":"@wisperebikes","twitter_misc":{"Becs\u00fclt olvas\u00e1si id\u0151":"1 perc"},"schema":{"@context":"https:\/\/schema.org","@graph":[{"@type":"WebPage","@id":"https:\/\/wisperbikes.com\/hu\/shop\/electronic\/wayfarer-hub-drive-controller-akm-motor\/","url":"https:\/\/wisperbikes.com\/hu\/shop\/electronic\/wayfarer-hub-drive-controller-akm-motor\/","name":"Wayfarer Hub Drive vez\u00e9rl\u0151 - AKM motor - Wisper Bikes","isPartOf":{"@id":"https:\/\/wisperbikes.com\/hu\/#website"},"datePublished":"2022-12-05T13:11:02+00:00","dateModified":"2024-03-08T09:25:45+00:00","description":"V\u00e1s\u00e1roljon strapab\u00edr\u00f3 Wayfarer Hub Drive vez\u00e9rl\u0151 - AKM motort e-ker\u00e9kp\u00e1rj\u00e1hoz. A k\u00e1bel elengedhetetlen a megfelel\u0151 m\u0171k\u00f6d\u00e9shez.","breadcrumb":{"@id":"https:\/\/wisperbikes.com\/hu\/shop\/electronic\/wayfarer-hub-drive-controller-akm-motor\/#breadcrumb"},"inLanguage":"hu","potentialAction":[{"@type":"ReadAction","target":["https:\/\/wisperbikes.com\/hu\/shop\/electronic\/wayfarer-hub-drive-controller-akm-motor\/"]}]},{"@type":"BreadcrumbList","@id":"https:\/\/wisperbikes.com\/hu\/shop\/electronic\/wayfarer-hub-drive-controller-akm-motor\/#breadcrumb","itemListElement":[{"@type":"ListItem","position":1,"name":"Home","item":"https:\/\/wisperbikes.com\/hu\/"},{"@type":"ListItem","position":2,"name":"Our Shop","item":"https:\/\/wisperbikes.com\/hu\/shop\/"},{"@type":"ListItem","position":3,"name":"Wayfarer Hub Drive Controller &#8211; AKM Motor"}]},{"@type":"WebSite","@id":"https:\/\/wisperbikes.com\/hu\/#website","url":"https:\/\/wisperbikes.com\/hu\/","name":"Wisper Bikes","description":"Electric Bikes","publisher":{"@id":"https:\/\/wisperbikes.com\/hu\/#organization"},"potentialAction":[{"@type":"SearchAction","target":{"@type":"EntryPoint","urlTemplate":"https:\/\/wisperbikes.com\/hu\/?s={search_term_string}"},"query-input":"required name=search_term_string"}],"inLanguage":"hu"},{"@type":"Organization","@id":"https:\/\/wisperbikes.com\/hu\/#organization","name":"Wisper Electric Bikes","alternateName":"Wisper E-Bikes","url":"https:\/\/wisperbikes.com\/hu\/","logo":{"@type":"ImageObject","inLanguage":"hu","@id":"https:\/\/wisperbikes.com\/hu\/#\/schema\/logo\/image\/","url":"https:\/\/wisperbikes.com\/hu\/wp-content\/uploads\/2021\/06\/WISPER-Logo.png","contentUrl":"https:\/\/wisperbikes.com\/hu\/wp-content\/uploads\/2021\/06\/WISPER-Logo.png","width":250,"height":65,"caption":"Wisper Electric Bikes"},"image":{"@id":"https:\/\/wisperbikes.com\/hu\/#\/schema\/logo\/image\/"},"sameAs":["https:\/\/www.facebook.com\/Amps.Bike\/","https:\/\/twitter.com\/wisperebikes","https:\/\/www.instagram.com\/wisperbikes\/"]}]}},"_links":{"self":[{"href":"https:\/\/wisperbikes.com\/hu\/wp-json\/wp\/v2\/product\/38341"}],"collection":[{"href":"https:\/\/wisperbikes.com\/hu\/wp-json\/wp\/v2\/product"}],"about":[{"href":"https:\/\/wisperbikes.com\/hu\/wp-json\/wp\/v2\/types\/product"}],"replies":[{"embeddable":true,"href":"https:\/\/wisperbikes.com\/hu\/wp-json\/wp\/v2\/comments?post=38341"}],"wp:featuredmedia":[{"embeddable":true,"href":"https:\/\/wisperbikes.com\/hu\/wp-json\/wp\/v2\/media\/39665"}],"wp:attachment":[{"href":"https:\/\/wisperbikes.com\/hu\/wp-json\/wp\/v2\/media?parent=38341"}],"wp:term":[{"taxonomy":"product_cat","embeddable":true,"href":"https:\/\/wisperbikes.com\/hu\/wp-json\/wp\/v2\/product_cat?post=38341"},{"taxonomy":"product_tag","embeddable":true,"href":"https:\/\/wisperbikes.com\/hu\/wp-json\/wp\/v2\/product_tag?post=38341"}],"curies":[{"name":"wp","href":"https:\/\/api.w.org\/{rel}","templated":true}]}}